{"id":11067,"date":"2017-09-04T18:53:04","date_gmt":"2017-09-04T18:53:04","guid":{"rendered":"https:\/\/cytologystuff1.wpengine.com\/gyn-atlas-table-of-contents\/endometrial-adenocarcinoma\/"},"modified":"2017-11-15T10:28:54","modified_gmt":"2017-11-15T10:28:54","slug":"endometrial-adenocarcinoma","status":"publish","type":"page","link":"https:\/\/cytologystuff.com\/nl\/gyn-atlas-table-of-contents\/endometrial-adenocarcinoma\/","title":{"rendered":"ABNORMALITEITEN EPITHEELCELLEN"},"content":{"rendered":"<p>[vc_row 0=&#8221;&#8221;][vc_column 0=&#8221;&#8221; offset=&#8221;vc_hidden-lg vc_hidden-md&#8221;][vc_raw_html 0=&#8221;&#8221;]PGNlbnRlcj48YSBjbGFzcz0ic2hpZnRuYXYtdG9nZ2xlIHNoaWZ0bmF2LXRvZ2dsZS1idXR0b24iIGRhdGEtc2hpZnRuYXYtdGFyZ2V0PSJzaGlmdG5hdi1tYWluIj48aSBjbGFzcz0iZmEgZmEtYmFycyI+PC9pPiBUYWJsZSBvZiBDb250ZW50cyA8L2E+PC9jZW50ZXI+[\/vc_raw_html][\/vc_column][\/vc_row][vc_row][vc_column][vc_custom_heading text=&#8221;ABNORMALITEITEN EPITHEELCELLEN&#8221; font_container=&#8221;tag:h1|text_align:center&#8221; use_theme_fonts=&#8221;yes&#8221;][\/vc_column][\/vc_row][vc_row][vc_column width=&#8221;2\/3&#8243;][vc_column_text]<\/p>\n<p class=\"subhead\">ABNORMALITEITEN EPITHEELCELLEN<\/p>\n<p>         <strong>ENDOMETRIAAL ADENOCARCINOOM <\/strong><br \/>\n\t\t<em>Luis A. Diaz-Rosario, MD<\/em><\/p>\n<p>Endometriaal adenocarcinoom is de meest voorkomende gyneacologische maligniteit en is verantwoordelijk voor meer dan tweederde van de gevallen van corpus uteri kanker. Klinisch gezien wordt dit verdeeld in twee soorten. Type I, die 2\/3 van endometriale adenocarcinomen vertegenwoordigt, ontstaat doorgaans bij pre-menopauzale of peri-menopauzale vrouwen met een klinische voorgeschiedenis van endogene of exogene hyperoestrogene status. Deze ontwikkelen zich doorgaans via een neoplastisch proces, dat varieert van hyperplasie tot goed gedifferentieerd invasief adenocarcinoom, en zijn doorgaans ontvankelijk voor hormoontherapie, met een betere prognose dan de maligniteiten van Type II. Type II, die 1\/3 van de endometriale adenocarcinomen vertegenwoordigt, treft doorgaans post-menopauzale vrouwen, houdt geen verband met hyperoestrogene status en presenteert vaak als slecht gedifferentieerde neoplasma&#8217;s. Sommige vrouwen met goed of slecht gedifferentieerd adenocarcinoom van het endometrium, kunnen gediagnoseerd worden als er cellen zijn verzameld uit de cervix voor een onderzoek met een pap-uitstrijkje. Net als bij de conventionele Pap-uitstrijk, hangt de cytologische presentatie van endometriaal adenocarcinoom op ThinPrep<sup>\u00ae<\/sup> Pap test objectglaasjes, grotendeel af van de mate en type van het neoplasma. Omdat endometriale laesies niet rechtstreeks worden bemonsterd voor een Pap-test, zullen hooggradige neoplasma&#8217;s meer cellen afschilferen en zullen ze duidelijker zijn. De uniforme verdeling en vloeibare fixatie van celmonsters in de ThinPrep<sup>\u00ae<\/sup> Pap Test, kunnen van dienst zijn bij de opsporing van goed gedifferentieerde laesies, die doorgaans voorkomen met een laag aantal normale cellen, en vroege, subtiele celveranderingen. <\/p>\n<p>De voorgeschiedenis van de pati\u00ebnt, ook belangrijk in alle andere aspecten van cytologie, is extreem belangrijk als we te maken hebben met endometriale cellen in de Pap-test. De leeftijd van de pati\u00ebnt en de voorgeschiedenis kunnen een grote rol spelen in het stellen van de diagnose van een benigne, atypische en openlijk maligne endometriale cellen. Goed gedifferentieerd endometriaal adenocarcinoom kan cytologisch gezien moeilijk te onderscheiden zijn van benigne endometrium en endometriale hyperplasie en verdere onderzoeken en publicaties zouden nuttig kunnen zijn om deze criteria verder te defini\u00ebren. <\/p>\n<p>De mate van atypie in endometriaal adenocarcinoom neemt toe met het tumorstadium. De cellen kunnen vari\u00ebren van benigne uiterlijk tot openlijk maligne en voor doeleinden van klassieke criteria, zullen wij de openlijk maligne kenmerken beschrijven die moeten worden gebruikt als basisrichtlijn voor cytologisch gebruik. <\/p>\n<p>Cytologisch gezien, vertonen Type I neoplasma&#8217;s atypische\/maligne endometriale cellen op een achtergrond met toegenomen rijpingsindex. Type II neoplasma&#8217;s daarentegen, vertonen zich doorgaans tegen een atrofische achtergrond. Op thinPrep monsters zullen deze endometriale cellen goed gepreserveerd worden en kunnen verschijnen in 3-dimensionale opeengepakte groepen van verschillende grootten, als ook in kleine platte lagen die een paar cellen bevatten. De cellen lijken doorgaans groter dan hun normale tegenhanger en de groepen hebben gladde, soms geschulpte grenzen, wat ze een papillaire configuratie geeft. Het cytoplasma is fijn tot discreet gevacuoliseerd en een paar grotere vacuolen kunnen worden waargenomen, terwijl zij de kern naar een kant van de cel samendrukken. terwijl ze soms ook polymorfonucleaire celinsnoering vertonen. Kerneigenschappen vari\u00ebren, afhankelijk van het stadium van de tumor. In het algemeen is het zo dat zodra de tumor minder gedifferentieerd wordt, de kernen de neiging hebben ronder te worden, met een gekoppelde geleidelijke toename van het kernoppervlak (\u00b5m2), grootte en aantal nucleoli, onregelmatigheden in de verdeling en grofheid van chromatine en verdikking van de celkernmembranen. <\/p>\n<p style=\"padding-left:7px\"><a href=\"javascript:void(0)\"  style=\"width:350px;display:block\"><img loading=\"lazy\" decoding=\"async\" src=\"\/images\/button27h.gif\" id=\"selfAssessImg\" width=\"350\" height=\"40\"><\/a><\/p>\n<p><a name=\"assess\"><\/a><br \/>\n<strong>De cytologische criteria voor endometriaal adenocarcinoom op de ThinPrep<sup>\u00ae<\/sup> Pap-test zijn als volgt: <\/strong> <\/p>\n<div class=\"highslide-gallery\">\n<strong>Herinnering: U kunt op elke willekeurige afbeelding van een objectglaasje klikken<br \/>\nin de Atlas voor een uitvergroot beeld.<\/strong><\/p>\n<div class=\"chartColumnCell\">\n\t\t\t  <a href=\"\/gallery\/images_large\/slide0194.jpg\" class=\"highslide\" onclick=\"return hs.expand(this)\"><br \/>\n\t<img decoding=\"async\" src=\"\/gallery\/images\/slide0194.jpg\" alt=\"Image 1\" border=\"0\" title=\"Click to enlarge\"><\/a><\/p>\n<div class=\"highslide-caption\">\n\t<strong>Endometriaal adenocarcinoom<br \/>\n<\/strong><br \/>\nCellen liggen hoofdzakelijk in goed gepreserveerde 3-dimensionale groepen van verschillende grootten, en vertonen anisonucleose en kernoverlapping (opeenstapeling), losse cellen kunnen aanwezig zijn.<br \/>\n60x\n<\/div><\/div>\n<div class=\"chartColumnShortCell\">\n\t<strong>Endometriaal adenocarcinoom<br \/>\n<\/strong><br \/>\nCellen liggen hoofdzakelijk in goed gepreserveerde 3-dimensionale groepen van verschillende grootten, en vertonen anisonucleose en kernoverlapping (opeenstapeling), losse cellen kunnen aanwezig zijn.<br \/>\n60x\n<\/div>\n<div class=\"newRow\"><\/div>\n<div class=\"chartColumnCell\">\n<a href=\"\/gallery\/images_large\/slide0195.jpg\" class=\"highslide\" onclick=\"return hs.expand(this)\"><br \/>\n\t<img decoding=\"async\" src=\"\/gallery\/images\/slide0195.jpg\" alt=\"Image 2\" border=\"0\" title=\"Click to enlarge\"><\/a><\/p>\n<div class=\"highslide-caption\">\n\t<strong>Endometriaal adenocarcinoom<br \/>\n<\/strong><br \/>\nCytoplasma is fijn tot discreet gevacuoliseerd met frequente grote vacuolen.<br \/>\n60x<\/div>\n<\/div>\n<div class=\"chartColumnShortCell\">\n\t\t<strong>Endometriaal adenocarcinoom<br \/>\n<\/strong><br \/>\nCytoplasma is fijn tot discreet gevacuoliseerd met frequente grote vacuolen.<br \/>\n60x<\/div>\n<\/div>\n<div class=\"newRow\"><\/div>\n<div class=\"chartColumnCell\">\n<a href=\"\/gallery\/images_large\/slide0196.jpg\" class=\"highslide\" onclick=\"return hs.expand(this)\"><br \/>\n\t<img decoding=\"async\" src=\"\/gallery\/images\/slide0196.jpg\" alt=\"Image 3\" border=\"0\" title=\"Click to enlarge\"><\/a><\/p>\n<div class=\"highslide-caption\">\n\t<strong>Endometriaal adenocarcinoom<br \/>\n<\/strong><br \/>\nPolymorfonucleaire cellen kunnen in het cytoplasma ingesnoerd worden.<br \/>\n60x<\/div>\n<\/div>\n<div class=\"chartColumnShortCell\">\n \t\t<strong>Endometriaal adenocarcinoom<br \/>\n<\/strong><br \/>\nPolymorfonucleaire cellen kunnen in het cytoplasma ingesnoerd worden.<br \/>\n60x<\/div>\n<div class=\"newRow\"><\/div>\n<div class=\"chartColumnCell\">\n<a href=\"\/gallery\/images_large\/slide0197.jpg\" class=\"highslide\" onclick=\"return hs.expand(this)\"><br \/>\n\t<img decoding=\"async\" src=\"\/gallery\/images\/slide0197.jpg\" alt=\"Image 4\" border=\"0\" title=\"Click to enlarge\"><\/a><\/p>\n<div class=\"highslide-caption\">\n\t<strong>Endometriaal adenocarcinoom<br \/>\n<\/strong><br \/>\nDe gehele celgrootte is doorgaans groter dan de normale tegenhanger.<br \/>\n60x<\/div>\n<\/div>\n<div class=\"chartColumnShortCell\">\n\t<strong>Endometriaal adenocarcinoom<br \/>\n<\/strong><br \/>\nDe gehele celgrootte is doorgaans groter dan de normale tegenhanger.<br \/>\n60x<\/div>\n<div class=\"newRow\"><\/div>\n<div class=\"chartColumnCell\">\n<a href=\"\/gallery\/images_large\/slide0198.jpg\" class=\"highslide\" onclick=\"return hs.expand(this)\"><br \/>\n\t<img decoding=\"async\" src=\"\/gallery\/images\/slide0198.jpg\" alt=\"Image 5\" border=\"0\" title=\"Click to enlarge\"><\/a><\/p>\n<div class=\"highslide-caption\">\n\t<strong>Endometriaal adenocarcinoom<br \/>\n<\/strong><br \/>\nKernen worden ronder in vergelijking met de normale kern.<br \/>\n60x<\/div>\n<\/div>\n<div class=\"chartColumnShortCell\">\n \t<strong>Endometriaal adenocarcinoom<br \/>\n<\/strong><br \/>\nKernen worden ronder in vergelijking met de normale kern.<br \/>\n60x<\/div>\n<div class=\"newRow\"><\/div>\n<div class=\"chartColumnCell\">\n<a href=\"\/gallery\/images_large\/slide0199.jpg\" class=\"highslide\" onclick=\"return hs.expand(this)\"><br \/>\n\t<img decoding=\"async\" src=\"\/gallery\/images\/slide0199.jpg\" alt=\"Image 6\" border=\"0\" title=\"Click to enlarge\"><\/a><\/p>\n<div class=\"highslide-caption\">\n\t<strong>Endometriaal adenocarcinoom<\/strong><br \/>\nCelkernmembranen kunnen verdikt zijn.<br \/>\n60x<\/div>\n<\/div>\n<div class=\"chartColumnShortCell\">\n \t<strong>Endometriaal adenocarcinoom<br \/>\n<\/strong><br \/>\nCelkernmembranen kunnen verdikt zijn.<br \/>\n60x<\/div>\n<div class=\"newRow\"><\/div>\n<div class=\"chartColumnCell\">\n<a href=\"\/gallery\/images_large\/slide0200.jpg\" class=\"highslide\" onclick=\"return hs.expand(this)\"><br \/>\n\t<img decoding=\"async\" src=\"\/gallery\/images\/slide0200.jpg\" alt=\"Image 7\" border=\"0\" title=\"Click to enlarge\"><\/a><\/p>\n<div class=\"highslide-caption\">\n\t<strong>Endometriaal adenocarcinoom<br \/>\n<\/strong><br \/>\nChromatine kan klonterig en onregelmatig verdeeld zijn.<br \/>\n60x<\/div>\n<\/div>\n<div class=\"chartColumnShortCell\">\n\t<strong>Endometriaal adenocarcinoom<br \/>\n<\/strong><br \/>\nChromatine kan klonterig en onregelmatig verdeeld zijn.<br \/>\n60x<\/div>\n<div class=\"newRow\"><\/div>\n<div class=\"chartColumnCell\">\n<a href=\"\/gallery\/images_large\/slide0201.jpg\" class=\"highslide\" onclick=\"return hs.expand(this)\"><br \/>\n\t<img decoding=\"async\" src=\"\/gallery\/images\/slide0201.jpg\" alt=\"Image 3\" border=\"0\" title=\"Click to enlarge\"><\/a><\/p>\n<div class=\"highslide-caption\">\n\t<strong>Endometriaal adenocarcinoom<br \/>\n<\/strong><br \/>\nNucleoli zijn gebruikelijk en vari\u00ebren in frequentie, grootte en aantal.<br \/>\n60x<\/div>\n<\/div>\n<div class=\"chartColumnShortCell\">\n \t<strong>Endometriaal adenocarcinoom<\/strong><br \/>\nNucleoli zijn gebruikelijk en vari\u00ebren in frequentie, grootte en aantal.<br \/>\n60x<\/div>\n<div class=\"newRow\"><\/div>\n<p>De contextuele aanwijzingen die gevonden worden in de achtergrond van deze laesies, blijven behouden als de ThinPrep<sup>\u00ae<\/sup>  Pap Test gebruikt wordt. Tumordiathese die doorgaans wordt aangetroffen in de vorm van een waterige diathese op de conventionele Pap-uitstrijk, vertoont een granulair, klonterig materiaal op de ThinPrep<sup>\u00ae<\/sup>  Pap-test, en stoort daarbij niet de cellulaire details.  <\/p>\n<div class=\"newRow\"><\/div>\n<div class=\"chartColumnCell\">\n<a href=\"\/gallery\/images_large\/slide0202.jpg\" class=\"highslide\" onclick=\"return hs.expand(this)\"><br \/>\n\t<img decoding=\"async\" src=\"\/gallery\/images\/slide0202.jpg\" alt=\"Image 8\" border=\"0\" title=\"Click to enlarge\"><\/a><\/p>\n<div class=\"highslide-caption\">\n\t<strong>Endometriaal adenocarcinoom<br \/>\n<\/strong><br \/>\nTumordiathese en losse maligne cellen kunnen worden opgemerkt.<br \/>\n60x<\/div>\n<\/div>\n<div class=\"chartColumnShortCell\">\n \t<strong>Endometriaal adenocarcinoom<br \/>\n<\/strong><br \/>\nTumordiathese en losse maligne cellen kunnen worden opgemerkt.<br \/>\n60x<\/div>\n<div class=\"newRow\"><\/div>\n<div class=\"chartColumnCell\">\n<a href=\"\/gallery\/images_large\/slide0206.jpg\" class=\"highslide\" onclick=\"return hs.expand(this)\"><br \/>\n\t<img decoding=\"async\" src=\"\/gallery\/images\/slide0206.jpg\" alt=\"Image 9\" border=\"0\" title=\"Click to enlarge\"><\/a><\/p>\n<div class=\"highslide-caption\">\n <strong>Endocervical adenocarcinoma<\/strong><br \/>\nEen cluster van endometriaal adenocarcinoom, wordt vergezeld door tumordiathese.<br \/>\n60x<\/div>\n<\/div>\n<div class=\"chartColumnShortCell\">\n \t<strong>Endocervical adenocarcinoma<\/strong><br \/>\nEen cluster van endometriaal adenocarcinoom, wordt vergezeld door tumordiathese.<br \/>\n60x<\/div>\n<div class=\"newRow\"><\/div>\n<p class=\"subhead\">LOOK-ALIKES<\/p>\n<p>Endometriaal adenocarcinoom heeft een aantal Look alikes, hoewel de leeftijd en de voorgeschiedenis van de pati\u00ebnt van nut kunnen zijn bij de differenti\u00eble diagnose. Endometriaal adenocarcinoom, met name het endometrio\u00efde type, kan lijken op endocervicaal adenocarcinoom. Het kan eerder lagen vormen dan een algehele papillaire presentatie. Endometrio\u00efde adenocarcinoom kan moeilijk te onderscheiden zijn, als het primair voor de uterus is en naar beneden groeit richting de cervix of vice versa. <\/p>\n<p>Het kleincellige of plaveiselcelcarcinoom is een andere potenti\u00eble Look alike voor endometriaal adenocarcinoom, met name door hun kleine celomvang en gebrek aan cytoplasma. <\/p>\n<p>Let op Endometriale cellen van hyperplasie of atypische hyperplasie kunnen opgespoord worden en kunnen moeilijk te differenti\u00ebren zijn van een neoplasma. (zie hoodstuk over AGUS) <\/p>\n<table class=\"chart\">\n<tbody>\n<tr class=\"chart\">\n<td width=\"152\"><\/td>\n<td width=\"136\" class=\"heading\">\tENDOMETRIAAL ADENOCARCINOOM\t <\/td>\n<td width=\"136\" class=\"heading\">ENDOCERVICAAL ADENOCARCINOOM\t  <\/td>\n<td width=\"88\" class=\"heading\">\tKLEINCELLIG PLAVEISELCELCARCINOOM\t<\/td>\n<\/tr>\n<tr>\n<td class=\"chart\">Weefselpresentatie<\/td>\n<td class=\"chart\">Kleine, losse clusters, celballen (3-dimensionale clusters), en grote lagen in slecht gedifferentieerde tumoren.\n<\/td>\n<td class=\"chart\">Weinig losse cellen, rozetten en tweedimensionale lagen en clusters met goed afgebakende grenzen (geschulpte randen)\t <\/td>\n<td class=\"chart\">Losse cellen en aggregaten of syncytiaal-achtige rangschikkingen worden waargenomen. Weefselpresentatie is meer plat dan geclusterd.\t<\/td>\n<\/tr>\n<tr class=\"chart\">\n<td class=\"chart\">Cytoplasma<\/td>\n<td class=\"chart\">Fijn tot discreet gevacuoliseerd, met enige grote vacuolen, N\/C-ratio 2:1, tot zeer weinig cytoplasma\t<\/td>\n<td class=\"chart\">Fijn gevacuoliseerd met incidentele losse discrete vacuole, N\/C-ratio 2:1\t  <\/td>\n<td class=\"chart\">Cytoplasma is weinig en fijn gevacuoliseerd of delicaat.\t<\/td>\n<\/tr>\n<tr>\n<td class=\"chart\">Kern<\/td>\n<td class=\"chart\">Licht vergroot tot vergroot (iets groter dan intermediaire celkern), predominant rond tot ovaal\t<\/td>\n<td class=\"chart\">Vergroot (3-4 keer groter dan intermediaire celkern), rond tot ovaal\t<\/td>\n<td class=\"chart\">Kernen zijn doorgaans rond tot ovaal en nemen tot 95% van het cytoplasma in beslag. Er kunnen pyknotische vormen worden aangetroffen\t<\/td>\n<\/tr>\n<tr class=\"chart\">\n<td class=\"chart\">Kernmembraan\t<\/td>\n<td class=\"chart\">Glad, verdikt\t<\/td>\n<td class=\"chart\"> Glad tot onregelmatig (golvend), verdikt\t<\/td>\n<td class=\"chart\">De kernmembranen zijn glad tot onregelmatig en zijn verdikt\t<\/td>\n<\/tr>\n<tr>\n<td class=\"chart\">Chromatine <\/td>\n<td class=\"chart\">Grof, ongelijkmatig verdeeld met grote lege plekken in het parachromatine, lichte hyperchromasie.\t<\/td>\n<td class=\"chart\">Grof, granulair en hyperchromatisch (onopvallend grijs chromatine)\t<\/td>\n<td class=\"chart\">Grof en hyperchromatisch, hoewel sommige fijnkorrelig kunnen lijken en gelijkmatig verdeeld.\t<\/td>\n<\/tr>\n<tr class=\"chart\">\n<td class=\"chart\">Nucleoli <\/td>\n<td class=\"chart\">Los tot multipel, regulier, niet in elke cel\t<\/td>\n<td class=\"chart\"> Veel, prominent, glad onregelmatig, los tot multipel\t<\/td>\n<td class=\"chart\">Nucleoli zijn vaal aanwezig en zijn klein en soms multipel\t<\/td>\n<\/tr>\n<\/tbody>\n<\/table>\n<div class=\"chartColumnCell\">\n<a href=\"\/gallery\/images_large\/slide0203.jpg\" class=\"highslide\" onclick=\"return hs.expand(this)\"><br \/>\n\t<img decoding=\"async\" src=\"\/gallery\/images\/slide0203.jpg\" alt=\"Image 10\" border=\"0\" title=\"Click to enlarge\"><\/a><\/p>\n<div class=\"highslide-caption\">\n\t<strong>Look alike<\/strong><br \/>\nEndometriaal adenocarcinoom<br \/>\n60x<\/div>\n<\/div>\n<div class=\"chartColumnShortCell\">\n <strong>Look alike<\/strong><br \/>\nEndometriaal adenocarcinoom<br \/>\n60x<\/div>\n<div class=\"newRow\"><\/div>\n<div class=\"chartColumnCell\">\n<a href=\"\/gallery\/images_large\/slide0204.jpg\" class=\"highslide\" onclick=\"return hs.expand(this)\"><br \/>\n\t<img decoding=\"async\" src=\"\/gallery\/images\/slide0204.jpg\" alt=\"Image 11\" border=\"0\" title=\"Click to enlarge\"><\/a><\/p>\n<div class=\"highslide-caption\">\n\t<strong>Look alike<\/strong><br \/>\nEndometriaal adenocarcinoom<br \/>\n60x<\/div>\n<\/div>\n<div class=\"chartColumnShortCell\">\n \t<strong>Look alike<\/strong><br \/>\nEndometriaal adenocarcinoom<br \/>\n60x<\/div>\n<div class=\"newRow\"><\/div>\n<div class=\"chartColumnCell\">\n<a href=\"\/gallery\/images_large\/slide0205.jpg\" class=\"highslide\" onclick=\"return hs.expand(this)\"><br \/>\n\t<img decoding=\"async\" src=\"\/gallery\/images\/slide0205.jpg\" alt=\"Image 12\" border=\"0\" title=\"Click to enlarge\"><\/a><\/p>\n<div class=\"highslide-caption\">\n\t<strong>Look alike<\/strong><br \/>\nKleincellig carcinoom<br \/>\n60x<\/div>\n<\/div>\n<div class=\"chartColumnShortCell\">\n \t<strong>Look alike<\/strong><br \/>\nKleincellig carcinoom<br \/>\n60x<\/div>\n<div class=\"newRow\"><\/div>\n<p> <a name=\"readings\"><\/a><strong>AANBEVOLEN LITERATUUR:<\/strong><\/p>\n<ol class=\"normal\">\n<li>DeMay RM: The Art &amp; Science of Cytopathology. Chicago, IL. ASCP Press, 1996, pp 122-127.\n  <\/li>\n<li>Guidos BJ et al: Detection of Endometriaal adenocarcinoom with the ThinPrep Pap test. Acta Cytol 1999; 43(5): 903.\n  <\/li>\n<li>Johnson JE et al: Endocervical glandular neoplasia and its mimics in ThinPrep Pap tests. A descriptive study. Acta Cytol 1999;43(3):369-75.\n<\/li>\n<li>Papillo J et al: Increased specificity in the detection of glandular lesions: Decreased false positive AGUS with ThinPrep Pap tests. Acta Cytol 1999; 43(5): 902.  <\/li>\n<li>Tao L-C: Cytopathology of the Endometrium Direct Intrauterine Sampling. Chicago, IL. ASCP Press, 1993, pp 71-107.  <\/li>\n<\/ol>\n<p><a href=\"#top\">Terug naar begin<\/a><\/p>\n<p>[\/vc_column_text][vc_column_text el_class=&#8221;back-to-top&#8221;]<strong><a href=\"#main\">Back to Top<\/a><\/strong>[\/vc_column_text][\/vc_column][vc_column width=&#8221;1\/3&#8243; offset=&#8221;vc_hidden-sm vc_hidden-xs&#8221;][vc_widget_sidebar sidebar_id=&#8221;consulting-right-sidebar&#8221;][\/vc_column][\/vc_row]<\/p>\n","protected":false},"excerpt":{"rendered":"<p>[vc_row 0=&#8221;&#8221;][vc_column 0=&#8221;&#8221; offset=&#8221;vc_hidden-lg vc_hidden-md&#8221;][vc_raw_html 0=&#8221;&#8221;]PGNlbnRlcj48YSBjbGFzcz0ic2hpZnRuYXYtdG9nZ2xlIHNoaWZ0bmF2LXRvZ2dsZS1idXR0b24iIGRhdGEtc2hpZnRuYXYtdGFyZ2V0PSJzaGlmdG5hdi1tYWluIj48aSBjbGFzcz0iZmEgZmEtYmFycyI+PC9pPiBUYWJsZSBvZiBDb250ZW50cyA8L2E+PC9jZW50ZXI+[\/vc_raw_html][\/vc_column][\/vc_row][vc_row][vc_column][vc_custom_heading text=&#8221;ABNORMALITEITEN EPITHEELCELLEN&#8221; font_container=&#8221;tag:h1|text_align:center&#8221; use_theme_fonts=&#8221;yes&#8221;][\/vc_column][\/vc_row][vc_row][vc_column width=&#8221;2\/3&#8243;][vc_column_text] ABNORMALITEITEN EPITHEELCELLEN ENDOMETRIAAL ADENOCARCINOOM Luis A. Diaz-Rosario, MD Endometriaal adenocarcinoom is de meest voorkomende gyneacologische maligniteit en is verantwoordelijk voor meer dan tweederde van de gevallen van corpus uteri kanker. Klinisch gezien wordt dit verdeeld in twee soorten. Type I, die 2\/3 van endometriale<\/p>\n","protected":false},"author":7,"featured_media":0,"parent":1887,"menu_order":0,"comment_status":"closed","ping_status":"closed","template":"","meta":{"ngg_post_thumbnail":0,"footnotes":""},"class_list":["post-11067","page","type-page","status-publish","hentry"],"_links":{"self":[{"href":"https:\/\/cytologystuff.com\/nl\/wp-json\/wp\/v2\/pages\/11067","targetHints":{"allow":["GET"]}}],"collection":[{"href":"https:\/\/cytologystuff.com\/nl\/wp-json\/wp\/v2\/pages"}],"about":[{"href":"https:\/\/cytologystuff.com\/nl\/wp-json\/wp\/v2\/types\/page"}],"author":[{"embeddable":true,"href":"https:\/\/cytologystuff.com\/nl\/wp-json\/wp\/v2\/users\/7"}],"replies":[{"embeddable":true,"href":"https:\/\/cytologystuff.com\/nl\/wp-json\/wp\/v2\/comments?post=11067"}],"version-history":[{"count":0,"href":"https:\/\/cytologystuff.com\/nl\/wp-json\/wp\/v2\/pages\/11067\/revisions"}],"up":[{"embeddable":true,"href":"https:\/\/cytologystuff.com\/nl\/wp-json\/wp\/v2\/pages\/1887"}],"wp:attachment":[{"href":"https:\/\/cytologystuff.com\/nl\/wp-json\/wp\/v2\/media?parent=11067"}],"curies":[{"name":"wp","href":"https:\/\/api.w.org\/{rel}","templated":true}]}}