{"id":2107,"date":"2017-08-01T12:40:56","date_gmt":"2017-08-01T12:40:56","guid":{"rendered":"http:\/\/cytologystuff1.wpengine.com\/1587-2\/non-gyn-atlas\/respiratory-cytology-introduction\/"},"modified":"2017-11-17T06:58:34","modified_gmt":"2017-11-17T06:58:34","slug":"respiratory-cytology-introduction","status":"publish","type":"page","link":"https:\/\/cytologystuff.com\/it\/1587-2\/non-gyn-atlas\/respiratory-cytology-introduction\/","title":{"rendered":"Citologia Respiratoria"},"content":{"rendered":"<p>[vc_row 0=&#8221;&#8221;][vc_column 0=&#8221;&#8221; offset=&#8221;vc_hidden-lg vc_hidden-md&#8221;][vc_raw_html 0=&#8221;&#8221;]PGNlbnRlcj48YSBjbGFzcz0ic2hpZnRuYXYtdG9nZ2xlIHNoaWZ0bmF2LXRvZ2dsZS1idXR0b24iIGRhdGEtc2hpZnRuYXYtdGFyZ2V0PSJzaGlmdG5hdi1tYWluIj48aSBjbGFzcz0iZmEgZmEtYmFycyI+PC9pPiBUYWJsZSBvZiBDb250ZW50cyA8L2E+PC9jZW50ZXI+[\/vc_raw_html][\/vc_column][\/vc_row][vc_row][vc_column][vc_custom_heading text=&#8221;Citologia Respiratoria&#8221; font_container=&#8221;tag:h1|text_align:center&#8221; use_theme_fonts=&#8221;yes&#8221;][\/vc_column][\/vc_row][vc_row el_id=&#8221;acknowledgements&#8221;][vc_column width=&#8221;2\/3&#8243;][vc_column_text]<\/p>\n<div id=>\n<p class=\"subhead\" id=\"acknowledgements\">INTRODUZIONE <\/p>\n<p>    La diagnosi di cancro ai polmoni tramite metodi citologici riveste un interesse storico perch\u00e9 \u00e8 stata una delle prime dimostrazioni che \u00e8 possibile diagnosticare i tumori maligni grazie all&#8217;esame di cellule sfaldate. Nel 1845 Donne e Walsh hanno osservato individualmente che nell&#8217;escreato dei pazienti comparivano cellule respiratorie sfaldate. I primi gruppi di pazienti per cui l&#8217;esame dell&#8217;escreato ha portato a una diagnosi di cancro ai polmoni sono stati studiati da Hamplen nel 1919. In 13 casi su 25 \u00e8 stato possibile formulare una diagnosi corretta. Dopo anni di stasi, la citologia polmonare ha conosciuto un periodo di rapido sviluppo negli anni &#8217;70 e &#8217;80, quando l&#8217;aspirazione con ago sottile \u00e8 divenuta una valida alternativa alla biopsia del polmone a cielo aperto o alla biopsia transbronchiale per la formulazione della diagnosi di tumori maligni e malattie infettive e infiammatorie dei polmoni. In quegli anni la tecnologia utilizzata per gli esami radiologici ha evidenziato progressi evidenti, consentendo la riproduzione di immagini di piccole lesioni e la biopsia guidata, oltre a notevoli miglioramenti nella progettazione dei broncoscopi. <\/p>\n<p>    Negli ultimi 40 anni, l&#8217;importanza della citologia respiratoria per la formulazione di diagnosi di malattie infettive e infiammatorie \u00e8 divenuta sempre pi\u00f9 evidente. Una prova se ne \u00e8 avuta negli anni &#8217;80 con il comparire della Sindrome da Immunodeficienza Acquisita (AIDS) e l&#8217;uso della chemioterapia immunosoppressiva ad alti dosaggi. I pazienti erano soggetti a infezioni, determinate ad esempio dal Pneumocystis carinii e da specie di Aspergillus, che possono essere facilmente diagnosticati grazie all&#8217;esame di un campione respiratorio.<\/p>\n<p><strong>Tecniche di campionamento<\/strong><br \/>\n\u00c8 possibile ottenere il materiale cellulare necessario per formulare una diagnosi di cancro ai polmoni utilizzando una delle cinque tecniche elencate di seguito. La tecnica pi\u00f9 vecchia e utilizzata \u00e8 la raccolta dell&#8217;escreato che dipende dallo sfaldamento spontaneo delle cellule. Vi sono poi le tecniche broncoscopiche che includono lavaggio bronchiale, brushing bronchiale e lavaggio broncoalveolare. Infine, \u00e8 possibile utilizzare tecniche di aspirazione con ago attraverso il torace sotto guida radiografica o durante una broncoscopia.  <\/p>\n<p>              Non vi \u00e8 una tecnica necessariamente migliore di un&#8217;altra. La scelta della tecnica per la raccolta delle cellule \u00e8 determinata dalle preferenze del medico, dallo stato del paziente, dalla posizione della lesione e da altri fattori. Se da un lato vi \u00e8 una somiglianza sostanziale nella morfologia delle cellule ottenute con le varie tecniche, dall&#8217;altro vi sono differenze significative per quanto riguarda la conservazione delle cellule e l&#8217;elaborazione dei campioni. Un esempio \u00e8 la diversa sensibilit\u00e0 nell&#8217;individuazione del cancro ai polmoni se si utilizza uno striscio fresco dell&#8217;escreato o un escreato fissato e miscelato. Gli artefatti dovuti alla miscelazione meccanica del campione diminuiscono la sensibilit\u00e0 dell&#8217;analisi per l&#8217;individuazione di malattie quali il carcinoma indifferenziato a piccole cellule e l&#8217;adenocarcinoma. La miscelazione meccanica disgrega i frammenti di cellule e priva le cellule dei vacuoli contenenti mucina, rendendo estremamente pi\u00f9 difficile la formulazione di una diagnosi di adenocarcinoma. Il fissaggio ha conseguenze sul diametro nucleare e sulla qualit\u00e0 della colorazione della cromatina nucleare. Ad esempio, nei campioni raccolti con la tecnica del brushing o dell&#8217;aspirazione con ago i nuclei di un carcinoma a piccole cellule sono pi\u00f9 grandi e vescicolari rispetto ai campioni dell&#8217;escreato. Per la raccolta e l&#8217;elaborazione dei campioni si utilizzano sempre pi\u00f9 spesso i metodi basati sul liquido. Tali metodi originano artefatti univoci che devono essere interpretati dal citologo che formula la diagnosi.  <\/p>\n<p>       <strong>  Sensibilit\u00e0 e specificit\u00e0 della citologia respiratoria per la diagnosi di cancro<\/strong><br \/>\nIl cancro ai polmoni \u00e8 una delle malattie pi\u00f9 diffuse negli Stati Uniti e nel mondo. Solo negli Stati Uniti, vi sono 45 milioni di fumatori e altrettanti ex fumatori a rischio. La corretta individuazione della malattia nella sua fase iniziale rappresenta l&#8217;elemento essenziale della lotta per la diminuzione della mortalit\u00e0. Se la citologia polmonare viene utilizzata a scopo diagnostico, \u00e8 necessario comprenderne appieno la precisione a livello di sensibilit\u00e0 e specificit\u00e0. Il termine &#8220;sensibilit\u00e0&#8221; descrive la frequenza con cui un metodo citologico consente di identificare con precisione un cancro ai polmoni in un paziente realmente affetto da tumore. In linea di massima, \u00e8 possibile formulare una diagnosi citologica incontestabile di cancro per il 50% dei campioni di escreato e il 65% dei brushing bronchiali, dei lavaggi o dei brushing. L&#8217;aspirazione con ago sottile, in particolare se guidata grazie alla tomografia computerizzata, consente di raggiungere livelli di sensibilit\u00e0 vicini al 90%. L&#8217;analisi pi\u00f9 completa sull&#8217;aspirazione polmonare con ago sottile \u00e8 stata inserita nel programma Q-probe per l&#8217;accertamento della qualit\u00e0 del College of American Pathologists. Questo studio ha raccolto dati relativi a 13.094 aspirati polmonari con ago sottile presso 436 diversi istituti e ha evidenziato una sensibilit\u00e0 della procedura di aspirazione con ago sottile pari all&#8217;89%, una specificit\u00e0 del 96%, un valore predittivo positivo del 99% e un valore predittivo negativo del 70%. L&#8217;incidenza di falsi positivi \u00e8 dello 0,8%, mentre quella di falsi negativi dell&#8217;8%. Il verificarsi di falsi negativi preoccupa in modo particolare i patologi, perch\u00e9 l&#8217;assenza di cellule anormali pu\u00f2 essere dovuta a un errore di campionamento (non vengono raccolte cellule anormali) o a errori di interpretazione (le cellule anormali presenti sul vetrino non vengono identificate correttamente). <\/p>\n<p>         Studi comparativi hanno dimostrato la sensibilit\u00e0 relativa del lavaggio\/brushing bronchiale con biopsia bronchiale. Naryshkin et al hanno descritto 224 casi in cui il 75% \u00e8 completamente correlato. Nei restanti casi, biopsia e citologia hanno consentito la diagnosi in proporzioni relativamente simili e gli autori hanno concluso che una diagnosi specifica viene spesso formulata grazie alla combinazione delle due pratiche, piuttosto che a una sola. La specificit\u00e0 prende in considerazione due elementi principali: la frequenza con cui una malattia maligna diagnosticata a un paziente \u00e8 realmente presente e l&#8217;affidabilit\u00e0 della citologia nel predire i classici tipi istologici di malignit\u00e0. Per evitare diagnosi di falsi positivi, \u00e8 necessario considerare le caratteristiche morfologiche nucleari che solitamente preannunciano un tumore maligno. In gruppi numerosi di pazienti, l&#8217;incidenza registrata di falsi positivi riconducibili a forme atipiche di metaplasia e ad alterazioni reattive e riparatrici si attesta tra lo 0% e il 2%.     <\/p>\n<p>         Un aspetto critico della specificit\u00e0 concerne la correlazione tra diversi tipi di campioni del tratto respiratorio. \u00c8 possibile tracciare confronti tra escreato, campioni citologici bronchiali, aspirazione con ago sottile e materiale istologico. In un approfondito studio eseguito da Johnston, la previsione del tipo istologico di cancro primario ai polmoni grazie all&#8217;analisi dell&#8217;escreato e del materiale bronchiale \u00e8 stato confrontato con la diagnosi istologica. La percentuale di corrispondenza \u00e8 stata dell&#8217;85% per il carcinoma a cellule squamose, del 79% per l&#8217;adenocarcinoma, del 30% per il carcinoma adenosquamoso, del 30% per il carcinoma a grandi cellule e del 93% per il carcinoma a piccole cellule. Come affermato in precedenza, il campionamento variabile di diverse aree del tumore giustifica in gran parte la scarsa correlazione tra le diagnosi citologiche e istologiche. Fortunatamente il tasso di correlazione tra la diagnosi istologica e citologica del carcinoma indifferenziato a piccole cellule \u00e8 relativamente alto, il che costituisce un fattore importante nella scelta della terapia.<\/p>\n<p><strong>Citologia del tratto respiratorio normale<\/strong><br \/>\nIl tratto respiratorio comunica con l&#8217;ambiente esterno tramite l&#8217;orofaringe. Di conseguenza, in un campione respiratorio \u00e8 possibile individuare una vasta gamma di elementi estranei (ad esempio polline, corpi ferruginosi) e contaminanti orali (ad esempio Candida, attinomiceti).   <\/p>\n<p> In genere, le cellule rilevate nel campione respiratorio comprendono cellule epiteliali ciliate e non ciliate in colonna, macrofagi, cellule epiteliali provenienti dai bronchioli terminali e cellule infiammatorie. Il numero e la proporzione delle cellule varia in base al tipo di campione e di malattia presente.  <\/p>\n<p>                Le cellule epiteliali possono mostrare alterazioni reattive significative in seguito a lesioni dovute a infezioni, radiazioni o chemioterapia. La citomegalia, l&#8217;aumento del nucleo e le alterazioni della cromatina devono quindi essere interpretati tenendo ben presente l&#8217;anamnesi dei pazienti. <\/p>\n<p>            <strong> Infezioni del tratto respiratorio<\/strong><br \/>\nIl tratto respiratorio pu\u00f2 subire attacchi da ogni tipo di organismo, ma l&#8217;esame citologico deve concentrarsi su quelli che causano alterazioni citomorfologiche (ad esempio inclusioni virali) o che possono essere riconosciuti visivamente (ad esempio ife micotiche). Le microfotografie contenute in questa sezione mostrano i tipi di organismi pi\u00f9 diffusi. Tra le infezioni virali, \u00e8 possibile citare l&#8217;Herpes simplex e il Citomegalovirus, che provocano inclusioni intranucleari caratteristiche e, solo nel secondo caso, inclusioni intracitoplasmatiche. <\/p>\n<p>                 <em>Le infezioni micotiche identificate di solito grazie all&#8217;esame citologico comprendono specie di Aspergillus , specie di Candida, Cryptococcus neoformans, Histoplasma capsulatum, Mucormicosi e Blastomyces dermatitidis.<\/em>  <\/p>\n<p>      <strong> Principali caratteristiche morfologiche del cancro ai polmoni<\/strong><br \/>\nI confini che consentono di distinguere le caratteristiche morfologiche dei principali tipi di cancro ai polmoni sono spesso incerti perch\u00e9 non \u00e8 raro incontrare tipi combinati di tumori e, di conseguenza, problemi diagnostici. Ad esempio, si \u00e8 osservato che il carcinoma non a piccole cellule \u00e8 associato al 5-10% dei casi di carcinoma a piccole cellule. Il componente non a piccole cellule pu\u00f2 essere un carcinoma a cellule squamose, un adenocarcinoma o un carcinoma a grandi cellule, presente singolarmente o in combinazione con altri tumori.  <\/p>\n<p>         <em><strong>Carcinoma a cellule squamose<\/strong><\/em><br \/>\nLe cellule del carcinoma a cellule squamose sono solitamente disposte in foglietti coesivi o si trovano singolarmente nello sfondo di una necrosi. Possono assumere varie forme e dimensioni. Le cellule possono essere piccole e discheratotiche, poco pi\u00f9 grandi delle cellule metaplastiche o possono superare di gran lunga il diametro di una cellula epiteliale bronchiale normale. Le cellule tumorali di alcuni tipi cheratinizzanti di cancro ai polmoni danno vita a forme piuttosto bizzarre, come quella di un girino o di una perla di cheratina. <\/p>\n<p>Le caratteristiche del citoplasma vengono analizzate per determinare la presenza di una differenziazione squamosa. Si tratta del bordo aguzzo, della colorazione arancione o decisamente basofila della cheratina del citoplasma e dei filamenti di cheratina che circondano il diametro esterno della cellula. <\/p>\n<p>Le caratteristiche nucleari consentono di determinare la malignit\u00e0 della cellula. Il nucleo aumenta di dimensioni e pu\u00f2 presentare solchi profondi, angolazioni pronunciate o fenditure. L&#8217;involucro nucleare ha uno spessore irregolare. La cromatina pu\u00f2 essere aggregata in modo irregolare o essere talmente densa da provocare l&#8217;opacit\u00e0 del nucleo. Se presenti, i nucleoli sono in genere multipli e di forma irregolare.<\/p>\n<p>\u00c8 possibile che condizioni benigne abbiano tratti in comune con le caratteristiche del carcinoma polmonare a cellule squamose. Se l&#8217;epitelio metaplastico \u00e8 irritato a causa di chemioterapia, radioterapia o condizioni infiammatorie (ad esempio infezione da Aspergillus o infarto polmonare), le cellule metaplastiche possono assomigliare a cellule neoplastiche. Pu\u00f2 essere estremamente difficile distinguere il carcinoma a cellule squamose scarsamente differenziate da altri tumori scarsamente differenziati, sia nei polmoni che in altre regioni metastatiche.<\/p>\n<p><em><strong>Adenocarcinoma<br \/>\n<\/strong><\/em><br \/>\nIn genere, gli adenocarcinomi si sviluppano nelle aree periferiche dei polmoni. Si tratta di una malattia che risveglia un notevole interesse perch\u00e9 al giorno d&#8217;oggi costituisce il secondo tipo di tumore pi\u00f9 diffuso tra le donne. Il tipo morfologico di adenocarcinoma pi\u00f9 comune \u00e8 l&#8217;adenocarcinoma acinare. Questo tipo di tumore provoca la formazione di strutture ghiandolari che, in base al grado di differenziazione, danno origine a elementi tridimensionali con un lumen ghiandolare centrale. Nei tumori scarsamente differenziati, questo elemento pu\u00f2 essere assente e la diagnosi viene determinata dalle caratteristiche del citoplasma. Gli adenocarcinomi sono caratterizzati da un&#8217;abbondanza di citoplasma, che pu\u00f2 presentarsi vacuolato o contenere &#8220;bolle&#8221;. Il bordo del citoplasma \u00e8 definito meno nettamente rispetto al carcinoma a cellule squamose a causa della presenza pi\u00f9 scarsa di cheratina. <\/p>\n<p>I nuclei dell&#8217;adenocarcinoma sono solitamente rotondi e relativamente uniformi nella dimensione e nella forma se paragonati a quelli del carcinoma a cellule squamose. La cromatina \u00e8 vescicolare e i nucleoli, se presenti, sono in genere posizionati al centro del nucleo. <\/p>\n<p>L&#8217;adenocarcinoma pu\u00f2 avere origine nell&#8217;epitelio bronchiolare terminale. Questo tumore, detto anche carcinoma delle cellule bronchioloalveolari, presenta caratteristiche cliniche e morfologiche particolari.<\/p>\n<p>Da un punto di vista morfologico, le cellule presentano un&#8217;uniformit\u00e0 evidente. Le cellule tondeggianti, che raggiungono all&#8217;incirca la dimensione di un macrofago polmonare, sono disposte come i petali di un fiore. La cromatina nucleare \u00e8 sbiadita, quasi trasparente, e le cellule rivelano un nucleolo prominente e rotondo posizionato al centro. Un infarto polmonare pu\u00f2 causare alterazioni reattive nelle cellule bronchiolari terminali, che possono dare adito a interpretazioni errate di carcinomi bronchioloalveolari.<\/p>\n<p><em><strong>Carcinoma indifferenziato a grandi cellule<\/strong><\/em><br \/>\nLe cellule del carcinoma indifferenziato a grandi cellule non presentano le caratteristiche di differenziazione squamosa o ghiandolare e sono &#8220;grandi&#8221;. Appaiono spesso giganti, pleomorfe e presentano indubbie caratteristiche nucleari maligne. Possono essere multinucleate, con cromatina aggregata a grana grossa e macronucleoli. Poich\u00e9 le cellule singole prevalgono, \u00e8 possibile formulare una diagnosi differenziale di altri tumori maligni, come il melanoma e il linfoma a grandi cellule.<\/p>\n<p><em><strong>Carcinoma indifferenziato a piccole cellule <\/strong><\/em><br \/>\nIl diametro delle cellule del carcinoma indifferenziato a piccole cellule supera di circa 1 1\/2-2 volte quello di un linfocita piccolo. Le cellule piccole sono tondeggianti o a forma di carota. Con un ingrandimento minimo, le cellule rivelano l&#8217;assenza di citoplasma, ma aumentando la potenza \u00e8 possibile distinguere un sottile bordo di citoplasma nelle cellule ben conservate. Le cellule possono presentarsi singolarmente, in disposizioni lineari all&#8217;interno del muco respiratorio, o in aggregati scarsamente coesivi. Una caratteristica essenziale \u00e8 il ripiegamento delle cellule tumorali su loro stesse, come conseguenza della rapida crescita del tumore nello spazio contenuto della sottomucosa. Altre caratteristiche diagnostiche importanti per il citologo sono la presenza della caratteristica cromatina &#8220;sale e pepe&#8221;, di necrosi delle singole cellule tumorali all&#8217;interno degli aggregati di cellule e di un citoplasma sottile. Il carcinoma a piccole cellule comprende anche casi in cui la dimensione delle cellule \u00e8 maggiore (diametro che supera di circa 3 volte quello di un linfocita). Si tratta dei casi classificati come sottotipi intermedi del carcinoma a piccole cellule dall&#8217;Organizzazione Mondiale per la Sanit\u00e0 nel 1981. Uno dei casi pi\u00f9 controversi \u00e8 il cosiddetto carcinoma neuroendocrino a grandi cellule, che presenta notevoli somiglianze con il carcinoma a grandi cellule. <\/p>\n<p>La diagnosi differenziale del carcinoma a piccole cellule comprende iperplasia delle cellule di riserva, muco inspessito, linfociti e altri tumori a piccole cellule. Il problema pi\u00f9 diffuso in assoluto \u00e8 l&#8217;iperplasia delle cellule di riserva. Le cellule di riserva sono solitamente posizionate lungo la membrana basale dell&#8217;epitelio, dove fungono da &#8220;progenitori&#8221; delle cellule epiteliali bronchiali. L&#8217;irritazione delle vie respiratorie comporta una proliferazione di tali cellule. \u00c8 possibile identificare correttamente le cellule di riserva grazie alla presenza di alcune caratteristiche. Hanno all&#8217;incirca la dimensione di un piccolo linfocita con cromatina densa senza l&#8217;aspetto &#8220;sale e pepe&#8221; e micronucleoli del carcinoma a piccole cellule. Le cellule di riserva sono in genere solidamente aggregate e mantengono i contorni cellulari senza presentare il caratteristico ripiegamento nucleare del carcinoma a piccole cellule. <\/p>\n<p><a class=\"back\" href=\"#\">Torna a inizio pagina<\/a><\/p>\n<\/div>\n<p>[\/vc_column_text][vc_column_text el_class=&#8221;back-to-top&#8221;]<strong><a href=\"#main\">Back to Top<\/a><\/strong>[\/vc_column_text][\/vc_column][vc_column width=&#8221;1\/3&#8243; offset=&#8221;vc_hidden-sm vc_hidden-xs&#8221;][vc_widget_sidebar sidebar_id=&#8221;consulting-right-sidebar&#8221;][\/vc_column][\/vc_row]<\/p>\n","protected":false},"excerpt":{"rendered":"<p>[vc_row 0=&#8221;&#8221;][vc_column 0=&#8221;&#8221; offset=&#8221;vc_hidden-lg vc_hidden-md&#8221;][vc_raw_html 0=&#8221;&#8221;]PGNlbnRlcj48YSBjbGFzcz0ic2hpZnRuYXYtdG9nZ2xlIHNoaWZ0bmF2LXRvZ2dsZS1idXR0b24iIGRhdGEtc2hpZnRuYXYtdGFyZ2V0PSJzaGlmdG5hdi1tYWluIj48aSBjbGFzcz0iZmEgZmEtYmFycyI+PC9pPiBUYWJsZSBvZiBDb250ZW50cyA8L2E+PC9jZW50ZXI+[\/vc_raw_html][\/vc_column][\/vc_row][vc_row][vc_column][vc_custom_heading text=&#8221;Citologia Respiratoria&#8221; font_container=&#8221;tag:h1|text_align:center&#8221; use_theme_fonts=&#8221;yes&#8221;][\/vc_column][\/vc_row][vc_row el_id=&#8221;acknowledgements&#8221;][vc_column width=&#8221;2\/3&#8243;][vc_column_text] INTRODUZIONE La diagnosi di cancro ai polmoni tramite metodi citologici riveste un interesse storico perch\u00e9 \u00e8 stata una delle prime dimostrazioni che \u00e8 possibile diagnosticare i tumori maligni grazie all&#8217;esame di cellule sfaldate. Nel 1845 Donne e Walsh hanno osservato individualmente che nell&#8217;escreato<\/p>\n","protected":false},"author":7,"featured_media":0,"parent":1951,"menu_order":0,"comment_status":"closed","ping_status":"closed","template":"","meta":{"ngg_post_thumbnail":0,"footnotes":""},"class_list":["post-2107","page","type-page","status-publish","hentry"],"_links":{"self":[{"href":"https:\/\/cytologystuff.com\/it\/wp-json\/wp\/v2\/pages\/2107","targetHints":{"allow":["GET"]}}],"collection":[{"href":"https:\/\/cytologystuff.com\/it\/wp-json\/wp\/v2\/pages"}],"about":[{"href":"https:\/\/cytologystuff.com\/it\/wp-json\/wp\/v2\/types\/page"}],"author":[{"embeddable":true,"href":"https:\/\/cytologystuff.com\/it\/wp-json\/wp\/v2\/users\/7"}],"replies":[{"embeddable":true,"href":"https:\/\/cytologystuff.com\/it\/wp-json\/wp\/v2\/comments?post=2107"}],"version-history":[{"count":0,"href":"https:\/\/cytologystuff.com\/it\/wp-json\/wp\/v2\/pages\/2107\/revisions"}],"up":[{"embeddable":true,"href":"https:\/\/cytologystuff.com\/it\/wp-json\/wp\/v2\/pages\/1951"}],"wp:attachment":[{"href":"https:\/\/cytologystuff.com\/it\/wp-json\/wp\/v2\/media?parent=2107"}],"curies":[{"name":"wp","href":"https:\/\/api.w.org\/{rel}","templated":true}]}}