{"id":1924,"date":"2017-07-31T17:49:22","date_gmt":"2017-07-31T17:49:22","guid":{"rendered":"http:\/\/cytologystuff1.wpengine.com\/1587-2\/gyn-atlas-table-of-contents\/low-grade-squamous-intraepithelial-lesion\/"},"modified":"2017-11-15T06:53:26","modified_gmt":"2017-11-15T06:53:26","slug":"low-grade-squamous-intraepithelial-lesion","status":"publish","type":"page","link":"https:\/\/cytologystuff.com\/it\/1587-2\/gyn-atlas-table-of-contents\/low-grade-squamous-intraepithelial-lesion\/","title":{"rendered":"LESIONE INTRAEPITELIALE SQUAMOSA DI BASSO GRADO (LSIL)"},"content":{"rendered":"<p>[vc_row 0=&#8221;&#8221;][vc_column 0=&#8221;&#8221; offset=&#8221;vc_hidden-lg vc_hidden-md&#8221;][vc_raw_html 0=&#8221;&#8221;]PGNlbnRlcj48YSBjbGFzcz0ic2hpZnRuYXYtdG9nZ2xlIHNoaWZ0bmF2LXRvZ2dsZS1idXR0b24iIGRhdGEtc2hpZnRuYXYtdGFyZ2V0PSJzaGlmdG5hdi1tYWluIj48aSBjbGFzcz0iZmEgZmEtYmFycyI+PC9pPiBUYWJsZSBvZiBDb250ZW50cyA8L2E+PC9jZW50ZXI+[\/vc_raw_html][\/vc_column][\/vc_row][vc_row][vc_column][vc_custom_heading text=&#8221;LESIONE INTRAEPITELIALE SQUAMOSA DI BASSO GRADO (LSIL) &#8221; font_container=&#8221;tag:h1|text_align:center&#8221; use_theme_fonts=&#8221;yes&#8221;][\/vc_column][\/vc_row][vc_row el_id=&#8221;acknowledgements&#8221;][vc_column width=&#8221;2\/3&#8243;][vc_column_text]<br \/>\n<strong>LESIONE INTRAEPITELIALE SQUAMOSA DI BASSO GRADO (LSIL) <\/strong><br \/><em>Diane D. Davey, medico<br \/>\n<\/em> <\/p>\n<p>     La displasia squamosa \u00e8 caratterizzata dalla presenza di almeno alcune caratteristiche della squamosit\u00e0 nel citoplasma delle cellule anormali. (Bibliografia consigliata 1) Il grado di displasia corrisponde alla maturit\u00e0 delle cellule in questione. Ad esempio, nel caso di una lieve displasia le cellule assomigliano a cellule superficiali e intermedie metaplastiche mature, mentre un epitelio con displasia pi\u00f9 grave presenta cellule riconducibili a un epitelio normale meno maturo, come cellule parabasali o metaplastiche immature. Con l&#8217;affermarsi del &#8220;Bethesda System for Classification of Cervical Vaginal Diagnoses&#8221;, l&#8217;uso del termine &#8220;displasia&#8221; \u00e8 considerevolmente diminuito a favore delle espressioni &#8220;lesioni intraepiteliali squamose di basso grado (LSIL)&#8221; o &#8220;lesioni intraepiteliali squamose di alto grado (HSIL)&#8221;. In questo atlante viene utilizzata la terminologia del Bethesda System. <\/p>\n<p>    La morfologia delle LSIL (comprese le alterazioni associate all&#8217;HPV) nel vetrino ThinPrep \u00e8 praticamente identica a quella delle LSIL osservate nello striscio tradizionale. Questa somiglianza \u00e8 in parte dovuta alla capacit\u00e0 della cellula squamosa matura di mantenere la propria integrit\u00e0 nonostante un fissaggio inadeguato o un artefatto dovuto allo striscio tradizionale. Questo fenomeno \u00e8 reso possibile dalla durezza della cellula a causa della cheratizzazione del citoplasma. <\/p>\n<p>Grazie alla loro morfologia, le cellule provenienti da lesioni di basso grado sono le pi\u00f9 facilmente localizzate e riconosciute tra le anomalie intraepiteliali. Se confrontati, i nuclei delle LSIL sono i pi\u00f9 grandi e presentano un rapporto N\/C inferiore rispetto a una HSIL o a un carcinoma. Queste cellule sono caratterizzate da un&#8217;atipia nucleare pi\u00f9 marcata rispetto all&#8217;ASCUS, che si palesa con una dimensione maggiore dei nuclei e un&#8217;irregolarit\u00e0 della cromatina e dell&#8217;involucro nucleare. Pu\u00f2 accadere che i nuclei non abbiano il grado di ipercromasia degli strisci tradizionali, ma rimangono comunque ipercromatici rispetto alle cellule normali che li circondano. Le alterazioni associate all&#8217;HPV (ad esempio le cavitazioni del citoplasma) sono pi\u00f9 prominenti a causa del fissaggio ad umido e della tecnica di trasferimento, che elimina la distorsione cellulare provocata dal metodo dello striscio tradizionale. Il metodo ThinPrep consente di meglio conservare queste alterazioni cellulari per distinguere pi\u00f9 facilmente le vere cavitazioni citoplasmatiche da HPV, i vacuoli benigni\/degenerativi e\/o le cellule squamose glicogenate. <\/p>\n<p style=\"padding-left:7px\"><a href=\"javascript:void(0)\" style=\"width:350px;display:block\"><img loading=\"lazy\" decoding=\"async\" src=\"\/images\/button27h.gif\" id=\"selfAssessImg\" width=\"350\" height=\"40\"><\/a><\/p>\n<div class=\"highslide-gallery\">\n<strong>Ricorda: Puoi cliccare su qualsiasi immagine per ingrandire l&#8217;immagine.<\/strong><\/p>\n<div class=\"chartColumnCell\">\n  <a href=\"\/gallery\/images_large\/slide0039.jpg\" class=\"highslide\" onclick=\"return hs.expand(this)\" name=\"pap\"><br \/>\n\t<img decoding=\"async\" src=\"\/gallery\/images\/slide0039.jpg\" alt=\"Image 1\" border=\"0\" title=\"Click to enlarge\"><\/a><\/p>\n<div class=\"highslide-caption\">\n<strong>Striscio tradizionale<\/strong><br \/>\nLSIL\n<\/div>\n<\/div>\n<div class=\"chartColumnShortCell\">\n        \t<strong>Striscio tradizionale<\/strong><br \/>\nLSIL\n<\/div>\n<div class=\"newRow\"><\/div>\n<div class=\"chartColumnCell\">\n<a href=\"\/gallery\/images_large\/slide0040.jpg\" class=\"highslide\" onclick=\"return hs.expand(this)\"><br \/>\n\t<img decoding=\"async\" src=\"\/gallery\/images\/slide0040.jpg\" alt=\"Image 2\" border=\"0\" title=\"Click to enlarge\"><\/a><\/p>\n<div class=\"highslide-caption\">\n<strong>ThinPrep Pap Test<\/strong><br \/>\nLSIL<\/div>\n<\/div>\n<div class=\"chartColumnShortCell\">\n      <strong>ThinPrep Pap Test<\/strong><br \/>\nLSIL\n<\/div>\n<div class=\"newRow\"><\/div>\n<div class=\"chartColumnCell\">\n<a href=\"\/gallery\/images_large\/slide0041.jpg\" class=\"highslide\" onclick=\"return hs.expand(this)\"><br \/>\n\t<img decoding=\"async\" src=\"\/gallery\/images\/slide0041.jpg\" alt=\"Image 3\" border=\"0\" title=\"Click to enlarge\"><\/a><\/p>\n<div class=\"highslide-caption\">\n\t<strong>Biopsia<\/strong><br \/>\nCIN1<br \/>\nStessa paziente, campione diviso\n<\/div>\n<\/div>\n<div class=\"chartColumnShortCell\">\n        \t<strong>Biopsia<\/strong><br \/>\nCIN1<br \/>\nStessa paziente, campione diviso\n<\/div>\n<div class=\"newRow\"><\/div>\n<div class=\"chartColumnCell\">\n<a href=\"\/gallery\/images_large\/slide0042.jpg\" class=\"highslide\" onclick=\"return hs.expand(this)\"><br \/>\n\t<img decoding=\"async\" src=\"\/gallery\/images\/slide0042.jpg\" alt=\"Image 4\" border=\"0\" title=\"Click to enlarge\"><\/a><\/p>\n<div class=\"highslide-caption\">\n\t<strong>LSIL<\/strong><br \/>\nLe cellule hanno bordi citoplasmatici distinti che indicano la loro natura squamosa e metaplastica matura.<br \/> 60X\n<\/div>\n<\/div>\n<div class=\"chartColumnShortCell\">\n        \t<strong>LSIL<\/strong><br \/>\nLe cellule hanno bordi citoplasmatici distinti che indicano la loro natura squamosa e metaplastica matura.<br \/>60X<\/div>\n<div class=\"newRow\"><\/div>\n<div class=\"chartColumnCell\">\n<a href=\"\/gallery\/images_large\/slide0043.jpg\" class=\"highslide\" onclick=\"return hs.expand(this)\"><br \/>\n\t<img decoding=\"async\" src=\"\/gallery\/images\/slide0043.jpg\" alt=\"Image 5\" border=\"0\" title=\"Click to enlarge\"><\/a><\/p>\n<div class=\"highslide-caption\">\n\t<strong>LSIL<\/strong><br \/>\nLe cellule si presentano in prevalenza singolarmente, con disposizioni in foglietti piatti o simili a un acciottolato.<br \/> 60X\n<\/div>\n<\/div>\n<div class=\"chartColumnShortCell\">\n        \t<strong>LSIL<\/strong><br \/>\nLe cellule si presentano in prevalenza singolarmente, con disposizioni in foglietti piatti o simili a un acciottolato.<br \/>\n<br \/>60X<\/div>\n<div class=\"newRow\"><\/div>\n<div class=\"chartColumnCell\">\n<a href=\"\/gallery\/images_large\/slide0044.jpg\" class=\"highslide\" onclick=\"return hs.expand(this)\"><br \/>\n\t<img decoding=\"async\" src=\"\/gallery\/images\/slide0044.jpg\" alt=\"Image 6\" border=\"0\" title=\"Click to enlarge\"><\/a><\/p>\n<div class=\"highslide-caption\">\n\t<strong>LSIL<\/strong><br \/>\nI nuclei sono 3-4 volte pi\u00f9 grandi rispetto alla dimensione del nucleo di una cellula intermedia normale.<br \/> 60X<\/p>\n<\/div>\n<\/div>\n<div class=\"chartColumnShortCell\">\n        \t<strong>LSIL<\/strong><br \/>\nI nuclei sono 3-4 volte pi\u00f9 grandi rispetto alla dimensione del nucleo di una cellula intermedia normale.<br \/> 60X\n<\/div>\n<div class=\"newRow\"><\/div>\n<div class=\"chartColumnCell\">\n<a href=\"\/gallery\/images_large\/slide0045.jpg\" class=\"highslide\" onclick=\"return hs.expand(this)\"><br \/>\n\t<img decoding=\"async\" src=\"\/gallery\/images\/slide0045.jpg\" alt=\"Image 7\" border=\"0\" title=\"Click to enlarge\"><\/a><\/p>\n<div class=\"highslide-caption\">\n\t<strong>LSIL<\/strong><br \/>\nI nuclei variano leggermente nella dimensione e nella forma.<br \/> 60X\n<\/div>\n<\/div>\n<div class=\"chartColumnShortCell\">\n        \t<strong>LSIL<\/strong><br \/>\nI nuclei variano leggermente nella dimensione e nella forma.<br \/>60X\n<\/div>\n<div class=\"newRow\"><\/div>\n<div class=\"chartColumnCell\">\n<a href=\"\/gallery\/images_large\/slide0046.jpg\" class=\"highslide\" onclick=\"return hs.expand(this)\"><br \/>\n\t<img decoding=\"async\" src=\"\/gallery\/images\/slide0046.jpg\" alt=\"Image 8\" border=\"0\" title=\"Click to enlarge\"><\/a><\/p>\n<div class=\"highslide-caption\">\n\t<strong>LSIL<\/strong><br \/>\nIn presenza dell&#8217;HPV, sono evidenti binucleazione o multinucleazione.<br \/> 60X\n<\/div>\n<\/div>\n<div class=\"chartColumnShortCell\">\n        \t<strong>LSIL<\/strong><br \/>\nIn presenza dell&#8217;HPV, sono evidenti binucleazione o multinucleazione.<br \/>60X<\/div>\n<div class=\"newRow\"><\/div>\n<div class=\"chartColumnCell\">\n<a href=\"\/gallery\/images_large\/slide0047.jpg\" class=\"highslide\" onclick=\"return hs.expand(this)\"><br \/>\n\t<img decoding=\"async\" src=\"\/gallery\/images\/slide0047.jpg\" alt=\"Image 9\" border=\"0\" title=\"Click to enlarge\"><\/a><\/p>\n<div class=\"highslide-caption\">\n<strong>LSIL<\/strong><br \/>\nI nuclei presentano membrane regolari o leggermente irregolari.<br \/> 60X\n<\/div>\n<\/div>\n<div class=\"chartColumnShortCell\">\n        <strong>LSIL<\/strong><br \/>\nI nuclei presentano membrane regolari o leggermente irregolari.<br \/> 60X\n<\/div>\n<div class=\"newRow\"><\/div>\n<div class=\"chartColumnCell\">\n<a href=\"\/gallery\/images_large\/slide0031.jpg\" class=\"highslide\" onclick=\"return hs.expand(this)\"><br \/>\n\t<img decoding=\"async\" src=\"\/gallery\/images\/slide0031.jpg\" alt=\"Image 10\" border=\"0\" title=\"Click to enlarge\"><\/a><\/p>\n<div class=\"highslide-caption\">\n<strong>LSIL<\/strong><br \/>\nLa cromatina \u00e8 a grana pi\u00f9 grossa, ma \u00e8 distribuita uniformemente. Pu\u00f2 sembrare degenerata<br \/>\no &#8220;macchiata&#8221; se gli effetti citopatici da HPV sono evidenti.<br \/> 60X\n<\/div>\n<\/div>\n<div class=\"chartColumnShortCell\">\n        <strong>LSIL<\/strong><br \/>\nLa cromatina \u00e8 a grana pi\u00f9 grossa, ma \u00e8 distribuita uniformemente. Pu\u00f2 sembrare degenerata<br \/>\no &#8220;macchiata&#8221; se gli effetti citopatici da HPV sono evidenti.<br \/>60X\n<\/div>\n<div class=\"newRow\"><\/div>\n<div class=\"chartColumnCell\">\n<a href=\"\/gallery\/images_large\/slide0032.jpg\" class=\"highslide\" onclick=\"return hs.expand(this)\"><br \/>\n\t<img decoding=\"async\" src=\"\/gallery\/images\/slide0032.jpg\" alt=\"Image 11\" border=\"0\" title=\"Click to enlarge\"><\/a><\/p>\n<div class=\"highslide-caption\">\n<strong>LSIL<\/strong><br \/>\n\u00c8 presente una lieve ipercromasia.<br \/> 60X\n<\/div>\n<\/div>\n<div class=\"chartColumnShortCell\">\n        <strong>LSIL<\/strong><br \/>\n\u00c8 presente una lieve ipercromasia.<br \/> 60X\n<\/div>\n<div class=\"newRow\"><\/div>\n<div class=\"chartColumnCell\">\n<a href=\"\/gallery\/images_large\/slide0033.jpg\" class=\"highslide\" onclick=\"return hs.expand(this)\"><br \/>\n\t<img decoding=\"async\" src=\"\/gallery\/images\/slide0033.jpg\" alt=\"Image 12\" border=\"0\" title=\"Click to enlarge\"><\/a><\/p>\n<div class=\"highslide-caption\">\n<strong>LSIL<\/strong><br \/>\nPer formulare una diagnosi di LSIL con alterazioni citopatiche da HPV, le cellule squamose devono presentare cavitazioni citoplasmiche chiare e ben definite con un bordo denso di<br \/>\ncitoplasma, oltre a essere conformi ai criteri sopra citati.<br \/> 60X\n<\/div>\n<\/div>\n<div class=\"chartColumnShortCell\">\n        <strong>LSIL<\/strong><br \/>\nPer formulare una diagnosi di LSIL con alterazioni citopatiche da HPV, le cellule squamose devono presentare cavitazioni citoplasmiche chiare e ben definite con un bordo denso di<br \/>\ncitoplasma, oltre a essere conformi ai criteri sopra citati.<br \/>60X\n<\/div>\n<div class=\"newRow\"><\/div>\n<div class=\"chartColumnCell\">\n<a href=\"\/gallery\/images_large\/slide0034.jpg\" class=\"highslide\" onclick=\"return hs.expand(this)\"><br \/>\n\t<img decoding=\"async\" src=\"\/gallery\/images\/slide0034.jpg\" alt=\"Image 13\" border=\"0\" title=\"Click to enlarge\"><\/a><\/p>\n<div class=\"highslide-caption\">\n<strong>Glicogeno<\/strong><br \/>\nSe il campione non rientra nei criteri sopra citati, gli aloni o i vacuoli perinucleari grandi non implicano l&#8217;appartenenza a questa categoria.<br \/> 40X\n<\/div>\n<\/div>\n<div class=\"chartColumnShortCell\">\n        <strong>Glicogeno<\/strong><br \/>\n Se il campione non rientra nei criteri sopra citati, gli aloni o i vacuoli perinucleari grandi non implicano l&#8217;appartenenza a questa categoria.<br \/> 40X\n<\/div>\n<\/div>\n<div class=\"newRow\"><\/div>\n<p><a name=\"assess\"><\/a><br \/>\nPoich\u00e9 si tratta di cellule squamose mature, mantengono la forma poligonale e, nella maggior parte dei casi, anche la dimensione normale. I nuclei sono almeno 3-4 volte pi\u00f9 grandi rispetto alla normale dimensione del nucleo di una cellula intermedia, ma se sono evidenti alterazioni da HPV le cellule possono apparire pi\u00f9 piccole (quasi paracheratotiche) e anche i nuclei possono essere pi\u00f9 ridotti e picnotici con binucleazione e\/o multinucleazione. Questi nuclei picnotici presentano anche caratteristiche anormali come ipercromasia, dimensioni maggiori rispetto a quelle di una cellula squamosa superficiale normale e una leggera variazione nella dimensione e nella forma. \u00c8 importante sottolineare che un&#8217;interpretazione LSIL\/HPV deriva dalla presenza di cavitazioni citoplasmiche ben definite associate alla morfologia nucleare anormale descritta in precedenza. <\/p>\n<p>Alcuni casi di SIL presentano una mescolanza di cellule LSIL e HSIL. In un simile contesto, l&#8217;anomalia pi\u00f9 grave ha la priorit\u00e0 quando si interpreta il ThinPrep Pap Test. Di tanto in tanto, \u00e8 difficile distinguere una LSIL da una HSIL. Le caratteristiche che suggeriscono la presenza di una HSIL includono un rapporto N\/C alto, citoplasmi immaturi e anomalie nucleari pi\u00f9 marcate. In rari casi, non \u00e8 possibile classificare la SIL a causa dell&#8217;insufficienza di cellule anormali o di criteri intermedi precisi. In questi casi, la probabilit\u00e0 che si verifichino evoluzioni \u00e8 pi\u00f9 elevata ed \u00e8 quindi opportuno utilizzare la terminologia &#8220;SIL, impossibile determinare il grado&#8221; o un&#8217;espressione simile. Sebbene le analisi delle biopsie di controllo delle LSIL TP evidenzino pi\u00f9 frequentemente alterazioni di biopsie di basso grado, circa il 15-20% dei casi di LSIL sono seguiti da biopsie di alto grado. <\/p>\n<div class=\"highslide-gallery\">\n<strong>Ricorda: Puoi cliccare su qualsiasi immagine per ingrandire l&#8217;immagine.<\/strong><\/p>\n<div class=\"chartColumnCell\">\n<a href=\"\/gallery\/images_large\/slide0035.jpg\" class=\"highslide\" onclick=\"return hs.expand(this)\"><br \/>\n\t<img decoding=\"async\" src=\"\/gallery\/images\/slide0035.jpg\" alt=\"Image 14\" border=\"0\" title=\"Click to enlarge\"><\/a><\/p>\n<div class=\"highslide-caption\">\n<strong>LSIL<\/strong><br \/>\nUna LSIL associata a un organismo (in questo caso Candida) \u00e8 ancora facilmente identificabile nel ThinPrep Pap Test.<br \/> 60X\n<\/div>\n<\/div>\n<div class=\"chartColumnShortCell\">\n        <strong>LSIL<\/strong><br \/>\nUna LSIL associata a un organismo (in questo caso Candida) \u00e8 ancora facilmente identificabile nel ThinPrep Pap Test.<br \/>60X\n<\/div>\n<\/div>\n<div class=\"newRow\"><\/div>\n<p class=\"subhead\">ELEMENTI IDENTICI (diagnosi differenziale):  <\/p>\n<p>Come si pu\u00f2 facilmente immaginare, le LSIL sono caratterizzate da alcuni elementi identici principali, anche se sono in qualche modo pi\u00f9 facilmente distinguibili grazie al fissaggio immediato del ThinPrep<sup>\u00ae<\/sup> Pap Test, che consente una migliore visualizzazione delle cellule e delle loro caratteristiche. Per informazioni sui criteri differenziali e sulle immagini relative a LSIL e ASCUS, consultare il capitolo dedicato all&#8217;ASCUS. <\/p>\n<table class=\"chart\">\n<tbody>\n<tr class=\"chart\">\n<td width=\"152\"><\/td>\n<td width=\"136\" class=\"heading\">REAZIONE <br \/>(organismo o infiammazione)<\/td>\n<td width=\"88\" class=\"heading\">RIPARAZIONE <br \/>(tipica)<\/td>\n<td width=\"88\" class=\"heading\">LSIL<br \/>(HPV)<\/td>\n<\/tr>\n<tr>\n<td class=\"chart\">Presentazione delle cellule<\/td>\n<td class=\"chart\">Singole o in foglietti<\/td>\n<td class=\"chart\">Foglietti piatti e gruppi <\/td>\n<td class=\"chart\">Singole o in foglietti<\/td>\n<\/tr>\n<tr class=\"chart\">\n<td class=\"chart\">Tipo di cellule<\/td>\n<td class=\"chart\">Tutti i tipi interessati<\/td>\n<td class=\"chart\">Cellule endocervicali\/metaplastiche <\/td>\n<td class=\"chart\">Cellule squamose mature<\/td>\n<\/tr>\n<tr>\n<td class=\"chart\">Nuclei<\/td>\n<td class=\"chart\">Pi\u00f9 grandi di 1,5 volte<\/p>\n<hr>\n<p>Pu\u00f2 essere presente binucleazione\/ multinucleazione <\/p>\n<hr>\n<p>Membrane nucleari regolari<\/td>\n<td class=\"chart\"> Allargamento variabile, da leggero a consistente <\/p>\n<hr>\n<p>Pu\u00f2 essere presente binucleazione\/ multinucleazione<\/p>\n<hr>\n<p>Membrane nucleari regolari<\/td>\n<td class=\"chart\">Pi\u00f9 grandi di 3-4 volte<\/p>\n<hr>\n<p>Pu\u00f2 essere presente binucleazione\/ multinucleazione con HPV<\/p>\n<hr>\n<p>Membrane nucleari regolari o leggermente irregolari<\/td>\n<\/tr>\n<tr class=\"chart\">\n<td class=\"chart\">Cromatina<\/td>\n<td class=\"chart\">Leggermente granulare e distribuita uniformemente<\/p>\n<hr>\n<p>Ipercromasia non evidente<\/td>\n<td class=\"chart\">Leggermente granulare e distribuita uniformemente<\/p>\n<hr>\n<p>Ipercromasia non evidente<\/td>\n<td class=\"chart\">Leggermente o vistosamente granulare, distribuita uniformemente<\/p>\n<hr>\n<p>Leggera ipercromasia<\/td>\n<\/tr>\n<tr>\n<td class=\"chart\">Nucleoli<\/td>\n<td class=\"chart\">Piccoli e spesso multipli, uniformi <\/td>\n<td class=\"chart\">Piccoli o evidenti, spesso multipli<\/td>\n<td class=\"chart\">Appena visibili o assenti<\/td>\n<\/tr>\n<tr class=\"chart\">\n<td class=\"chart\">Presentazione dei citoplasmi<\/td>\n<td class=\"chart\">Aloni perinucleari spesso presenti, vacuoli piccoli e multipli evidenti a causa della degenerazione<\/td>\n<td class=\"chart\">Citoplasma vacuolato con presentazione della coltura dei tessuti disgiunta<\/td>\n<td class=\"chart\">Forma compatta e poligonale con o senza cavitazione da HPV chiara e ben definita e un bordo denso di citoplasma <\/td>\n<\/tr>\n<\/tbody>\n<\/table>\n<div class=\"highslide-gallery\">\n<strong>Ricorda: Puoi cliccare su qualsiasi immagine per ingrandire l&#8217;immagine.<\/strong><\/p>\n<div class=\"chartColumnCell\">\n <a href=\"\/gallery\/images_large\/slide0036.jpg\" class=\"highslide\" onclick=\"return hs.expand(this)\"><br \/>\n\t<img decoding=\"async\" src=\"\/gallery\/images\/slide0036.jpg\" alt=\"Image 15\" border=\"0\" title=\"Click to enlarge\"><\/a><\/p>\n<div class=\"highslide-caption\">\n<strong>Identico<\/strong><br \/>\nReazione<br \/> 60X\n<\/div>\n<\/div>\n<div class=\"chartColumnShortCell\">\n        <strong>Identico<\/strong><br \/>\nReazione<br \/> 60X<\/div>\n<div class=\"newRow\"><\/div>\n<div class=\"chartColumnCell\">\n<a href=\"\/gallery\/images_large\/slide0037.jpg\" class=\"highslide\" onclick=\"return hs.expand(this)\"><br \/>\n\t<img decoding=\"async\" src=\"\/gallery\/images\/slide0037.jpg\" alt=\"Image 16\" border=\"0\" title=\"Click to enlarge\"><\/a><\/p>\n<div class=\"highslide-caption\">\n\t<strong>Identico<\/strong><br \/>\nRiparazione<br \/> 60x\n<\/div>\n<\/div>\n<div class=\"chartColumnShortCell\">\n        \t<strong>Identico<\/strong><br \/>\nRiparazione<br \/> 60x\n<\/div>\n<div class=\"newRow\"><\/div>\n<div class=\"chartColumnCell\">\n<a href=\"\/gallery\/images_large\/slide0038.jpg\" class=\"highslide\" onclick=\"return hs.expand(this)\"><br \/>\n\t<img decoding=\"async\" src=\"\/gallery\/images\/slide0038.jpg\" alt=\"Image 17\" border=\"0\" title=\"Click to enlarge\"><\/a><\/p>\n<div class=\"highslide-caption\">\n\t<strong>Identico<\/strong><br \/>\nLSIL\/HPV<br \/> 60X\n<\/div>\n<\/div>\n<div class=\"chartColumnShortCell\">\n        \t<strong>Identico<\/strong><br \/>\nLSIL\/HPV <br \/>60X\n<\/div>\n<\/div>\n<div class=\"newRow\"><\/div>\n<p><a name=\"readings\"><\/a><strong>BIBLIOGRAFIA CONSIGLIATA:<\/strong><\/p>\n<ol class=\"normal\">\n<li>Austin RM: Follow-up of Abnormal Gynecologic Cytology. A College of American Patholgists Q-Probes Study of 16,312 Cases from 306 Laboratories. Arch Pathol Lab Med 2000;124(8):1113-4\n <\/li>\n<li>Carpenter AB, Davey D: ThinPrep Pap Test: performance and biopsy follow-up in a university hospital. Cancer 1999;41:39-44.\n <\/li>\n<li>DeMay RM: The Art and Science of Cytopathology. Chicago: ASCP Press; 1996\n  <\/li>\n<li>Diaz-Rosario LA et al: Performance of a fluid-based, thin-layer Papanicolaou smear method in the clinical setting of an independent laboratory and an outpatient screening population in New England. Arch Pathol Lab Med 1999; Sep 123(9):817-21.\n<\/li>\n<li>Grace, A, et al: Comparative study: Conventional cervical and ThinPrep Pap Tests in a routine clinical setting. Cytopathol 2002;13:200-05.\n <\/li>\n<li>Guidos BJ, Selvaggi SM: Use of the ThinPrep Pap Test inclinical practice. Diagn Cytopathol 1999;20:70-73.\n<\/li>\n<li>Lee KR et al: Comparison of conventional Papanicolaou smears and a fluid-based, thin-layer system for cervical cancer screening. Obstet Gynecol 1997;90:278-284.\n<\/li>\n<li>Luthra, UH, et al: Performance of monolayered cervical smears in a gynecology outpatient setting in Kuwait. Acta Cytol 2001; 46(2):303-10.\n<\/li>\n<li>Weintraub J, Morabia A: Efficacy of a liquid-based thin layer method for cervical cancer screening in a population with a low incidence of cervical cancer. Diagn Cytopathol 2000 Jan;22(1):52-9.\n <\/li>\n<\/ol>\n<p><a href=\"#top\">Torna a inizio pagina<\/a><\/p>\n<p>[\/vc_column_text][vc_column_text css=&#8221;.vc_custom_1500390293825{margin-top: 30px !important;}&#8221; el_class=&#8221;back-to-top&#8221;]<strong><a href=\"#main\">Back to Top<\/a><\/strong>[\/vc_column_text][\/vc_column][vc_column width=&#8221;1\/3&#8243; offset=&#8221;vc_hidden-sm vc_hidden-xs&#8221;][vc_widget_sidebar sidebar_id=&#8221;consulting-right-sidebar&#8221;][\/vc_column][\/vc_row]<\/p>\n","protected":false},"excerpt":{"rendered":"<p>[vc_row 0=&#8221;&#8221;][vc_column 0=&#8221;&#8221; offset=&#8221;vc_hidden-lg vc_hidden-md&#8221;][vc_raw_html 0=&#8221;&#8221;]PGNlbnRlcj48YSBjbGFzcz0ic2hpZnRuYXYtdG9nZ2xlIHNoaWZ0bmF2LXRvZ2dsZS1idXR0b24iIGRhdGEtc2hpZnRuYXYtdGFyZ2V0PSJzaGlmdG5hdi1tYWluIj48aSBjbGFzcz0iZmEgZmEtYmFycyI+PC9pPiBUYWJsZSBvZiBDb250ZW50cyA8L2E+PC9jZW50ZXI+[\/vc_raw_html][\/vc_column][\/vc_row][vc_row][vc_column][vc_custom_heading text=&#8221;LESIONE INTRAEPITELIALE SQUAMOSA DI BASSO GRADO (LSIL) &#8221; font_container=&#8221;tag:h1|text_align:center&#8221; use_theme_fonts=&#8221;yes&#8221;][\/vc_column][\/vc_row][vc_row el_id=&#8221;acknowledgements&#8221;][vc_column width=&#8221;2\/3&#8243;][vc_column_text] LESIONE INTRAEPITELIALE SQUAMOSA DI BASSO GRADO (LSIL) Diane D. Davey, medico La displasia squamosa \u00e8 caratterizzata dalla presenza di almeno alcune caratteristiche della squamosit\u00e0 nel citoplasma delle cellule anormali. (Bibliografia consigliata 1) Il grado di displasia corrisponde<\/p>\n","protected":false},"author":7,"featured_media":0,"parent":1890,"menu_order":0,"comment_status":"closed","ping_status":"closed","template":"","meta":{"ngg_post_thumbnail":0,"footnotes":""},"class_list":["post-1924","page","type-page","status-publish","hentry"],"_links":{"self":[{"href":"https:\/\/cytologystuff.com\/it\/wp-json\/wp\/v2\/pages\/1924","targetHints":{"allow":["GET"]}}],"collection":[{"href":"https:\/\/cytologystuff.com\/it\/wp-json\/wp\/v2\/pages"}],"about":[{"href":"https:\/\/cytologystuff.com\/it\/wp-json\/wp\/v2\/types\/page"}],"author":[{"embeddable":true,"href":"https:\/\/cytologystuff.com\/it\/wp-json\/wp\/v2\/users\/7"}],"replies":[{"embeddable":true,"href":"https:\/\/cytologystuff.com\/it\/wp-json\/wp\/v2\/comments?post=1924"}],"version-history":[{"count":0,"href":"https:\/\/cytologystuff.com\/it\/wp-json\/wp\/v2\/pages\/1924\/revisions"}],"up":[{"embeddable":true,"href":"https:\/\/cytologystuff.com\/it\/wp-json\/wp\/v2\/pages\/1890"}],"wp:attachment":[{"href":"https:\/\/cytologystuff.com\/it\/wp-json\/wp\/v2\/media?parent=1924"}],"curies":[{"name":"wp","href":"https:\/\/api.w.org\/{rel}","templated":true}]}}