{"id":1897,"date":"2017-07-31T17:55:11","date_gmt":"2017-07-31T17:55:11","guid":{"rendered":"http:\/\/cytologystuff1.wpengine.com\/1587-2\/gyn-atlas-table-of-contents\/endocervical-adenocarcinoma\/"},"modified":"2017-11-15T10:16:28","modified_gmt":"2017-11-15T10:16:28","slug":"endocervical-adenocarcinoma","status":"publish","type":"page","link":"https:\/\/cytologystuff.com\/it\/1587-2\/gyn-atlas-table-of-contents\/endocervical-adenocarcinoma\/","title":{"rendered":"ANOMALIE DELLE CELLULE EPITELIALI"},"content":{"rendered":"<p>[vc_row 0=&#8221;&#8221;][vc_column 0=&#8221;&#8221; offset=&#8221;vc_hidden-lg vc_hidden-md&#8221;][vc_raw_html 0=&#8221;&#8221;]PGNlbnRlcj48YSBjbGFzcz0ic2hpZnRuYXYtdG9nZ2xlIHNoaWZ0bmF2LXRvZ2dsZS1idXR0b24iIGRhdGEtc2hpZnRuYXYtdGFyZ2V0PSJzaGlmdG5hdi1tYWluIj48aSBjbGFzcz0iZmEgZmEtYmFycyI+PC9pPiBUYWJsZSBvZiBDb250ZW50cyA8L2E+PC9jZW50ZXI+[\/vc_raw_html][\/vc_column][\/vc_row][vc_row][vc_column][vc_custom_heading text=&#8221;ANOMALIE DELLE CELLULE EPITELIALI&#8221; font_container=&#8221;tag:h1|text_align:center&#8221; use_theme_fonts=&#8221;yes&#8221;][\/vc_column][\/vc_row][vc_row el_id=&#8221;acknowledgements&#8221;][vc_column width=&#8221;2\/3&#8243;][vc_column_text]<\/p>\n<p class=\"subhead\"> ANOMALIE DELLE CELLULE EPITELIALI<\/p>\n<p>         <strong>  ADENOCARCINOMA ENDOCERVICALE: <\/strong><br \/>\n\t\t <em>  Raheela Ashfaq, medico <\/em><\/p>\n<p> Le cellule dell&#8217;adenocarcinoma endocervicale osservabili nel ThinPrep<sup>\u00ae<\/sup> Pap Test sono ben conservate e mantengono le classiche strutture ghiandolari e le disposizioni riscontrabili con altri metodi di raccolta in fase liquida, come nel caso dell&#8217;adenocarcinoma nei campioni non ginecologici dei fluidi corporei. La diagnosi di adenocarcinoma ha acquisito una sempre maggiore importanza negli ultimi anni, a causa dell&#8217;aumento assoluto e relativo dell&#8217;incidenza di questa malattia. Purtroppo, si tratta di una diagnosi spesso difficile da formulare analizzando i campioni convenzionali della cervice, perch\u00e9 il campionamento del canale endocervicale \u00e8 spesso incompleto o non \u00e8 possibile conservare adeguatamente il materiale ghiandolare. <\/p>\n<p> La diagnosi corretta dell&#8217;adenocarcinoma endocervicale dipende in larga misura dal grado della lesione invasiva e dalla presenza o assenza di una diatesi tumorale. Pu\u00f2 essere estremamente complesso distinguere lesioni ben differenziate da lesioni in situ e spesso la diagnosi definitiva \u00e8 determinata dallla biopsia chirurgica. Grazie alle tecniche di fissaggio rapido utilizzate dal ThinPrep Pap Test, l&#8217;attenzione non deve essere concentrata unicamente sull&#8217;architettura dei tessuti, ma anche sulle caratteristiche dei nuclei. Criteri come le irregolarit\u00e0 della membrana nucleare e i pattern della cromatina sono essenziali per consentire al citologo di distinguere le lesioni ghiandolari neoplastiche da un processo riparativo benigno. L&#8217;assenza di essiccamento all&#8217;aria comporta una visualizzazione pi\u00f9 chiara delle caratteristiche nucleari ed elimina la colorazione &#8220;a macchie&#8221; della cromatina rendendo la formulazione della diagnosi meno difficoltosa. \t<\/p>\n<p> Come avviene per altri elementi diagnostici, l&#8217;AIS pu\u00f2 essere associato a una serie di patologie ghiandolari. La ricerca dell\u2019 aspetto pi\u00f9 grave della lesione \u00e8 fondamentale nella corretta correlazione della biopsia. \t<\/p>\n<p> La formulazione di una diagnosi accurata di adenocarcinoma endocervicale \u00e8 pi\u00f9 semplice se \u00e8 stato eseguito un campionamento corretto della lesione, che consente di analizzare vari lembi e gruppi di cellule atipiche con l&#8217;ingrandimento utilizzato per lo screening. Si osserva la presenza di lembi e gruppi bidimensionali, tali gruppi iniziano a riunirsi e a mostrare una minore differenziazione ghiandolare rispetto all&#8217;AIS, si osservano formazioni a nastro, pseudostratificazione e affollameneto. Gli aggregati tridimensionali possono presentare &#8220;dentellature&#8221; sui bordi , il nucleo protrude nel citoplasma e e si possono notare fenomeni di engulfment (non si tratta di una caratteristica esclusiva delle lesioni endocervicali o endometriali).  <\/p>\n<p> La morfologia nucleare dell&#8217;adenocarcinoma endocervicale varia in base alla differenziazione della lesione. I nuclei ben differenziati mostrano una cromatina finemente granulata, ipercromica e uniformemente distribuita e assomigliano ai nuclei dell&#8217;AIS. Con l&#8217;evoluzione della lesione, i nuclei diventano sempre pi\u00f9 atipici. Aumentano di grandezza e occupano almeno 2\/3 del citoplasma. La cromatina diventa a grana pi\u00f9 grossa e spesso si distribuisce in modo irregolare con chiarificazione della paracromatina. Sono presenti anche irregolarit\u00e0 della membrana nucleare, anche se tendono a essere ondulate e omogenee senza le &#8221; dentellature &#8221; e i &#8220;buchi&#8221; delle lesioni squamose. Possono essere presenti macronucleoli con forma irregolare. \u00c8 possibile rilevare diatesi tumorale necrotica e\/o sangue che, in associazione con le caratteristiche cellulari, facilita la formulazione di una diagnosi di lesione invasiva. <\/p>\n<p style=\"padding-left:7px\"><a href=\"javascript:void(0)\"  style=\"width:350px;display:block\"><img loading=\"lazy\" decoding=\"async\" src=\"\/images\/button27h.gif\" id=\"selfAssessImg\" width=\"350\" height=\"40\"><\/a><\/p>\n<p><a name=\"assess\"><\/a><br \/>\n<strong> I criteri citologici relativi all&#8217;adenocarcinoma endocervicale sono i seguenti: <\/strong>  <\/p>\n<div class=\"highslide-gallery\">\n<strong>Ricorda: Puoi cliccare su qualsiasi immagine per ingrandire l&#8217;immagine.<\/strong><\/p>\n<div class=\"chartColumnCell\">\n\t\t\t  <a href=\"\/gallery\/images_large\/slide0077.jpg\" class=\"highslide\" onclick=\"return hs.expand(this)\"><br \/>\n\t<img decoding=\"async\" src=\"\/gallery\/images\/slide0077.jpg\" alt=\"Image 1\" border=\"0\" title=\"Click to enlarge\"><\/a><\/p>\n<div class=\"highslide-caption\">\n\t<strong>Adenocarcinoma endocervicale<\/strong><br \/>\n Le cellule si presentano spesso in aggregati tridimensionali, in lembi bidimensionali o singolarmente.60x\n<\/div><\/div>\n<div class=\"chartColumnShortCell\">\n\t\t\t\t\t\t<strong>Adenocarcinoma endocervicale<\/strong><br \/>\n Le cellule si presentano spesso in aggregati tridimensionali, in lembi bidimensionali o singolarmente.60x\n\t\t\t\t\t<\/div>\n<div class=\"newRow\"><\/div>\n<div class=\"chartColumnCell\">\n<a href=\"\/gallery\/images_large\/slide0078.jpg\" class=\"highslide\" onclick=\"return hs.expand(this)\"><br \/>\n\t<img decoding=\"async\" src=\"\/gallery\/images\/slide0078.jpg\" alt=\"Image 2\" border=\"0\" title=\"Click to enlarge\"><\/a><\/p>\n<div class=\"highslide-caption\">\n\t<strong>Adenocarcinoma endocervicale<\/strong><br \/>\n Nell&#8217;adenocarcinoma il citoplasma pu\u00f2 essere finemente vacuolato con vacuoli multipli separati e bordi cellulari distinti.60x<\/div>\n<\/div>\n<div class=\"chartColumnShortCell\">\n\t<strong>Adenocarcinoma endocervicale<\/strong><br \/>\n Nell&#8217;adenocarcinoma il citoplasma pu\u00f2 essere finemente vacuolato con vacuoli multipli separati e bordi cellulari distinti.60x<\/div>\n<\/div>\n<div class=\"newRow\"><\/div>\n<div class=\"chartColumnCell\">\n<a href=\"\/gallery\/images_large\/slide0079.jpg\" class=\"highslide\" onclick=\"return hs.expand(this)\"><br \/>\n\t<img decoding=\"async\" src=\"\/gallery\/images\/slide0079.jpg\" alt=\"Image 3\" border=\"0\" title=\"Click to enlarge\"><\/a><\/p>\n<div class=\"highslide-caption\">\n\t<strong>Adenocarcinoma endocervicale<\/strong><br \/>\n Nella soluzione PreservCyt i gruppi di cellule ghiandolari posono mostrare dentellature intorno ai bordi del gruppo. Si possono osservare bordi citoplasmatici omogenei intorno al gruppo di cellule.40x<\/div>\n<\/div>\n<div class=\"chartColumnShortCell\">\n \t<strong>Adenocarcinoma endocervicale<\/strong><br \/>\n Nella soluzione PreservCyt i gruppi di cellule ghiandolari posono mostrare dentellature intorno ai bordi del gruppo. Si possono osservare bordi citoplasmatici omogenei intorno al gruppo di cellule.40x<\/div>\n<div class=\"newRow\"><\/div>\n<div class=\"chartColumnCell\">\n<a href=\"\/gallery\/images_large\/slide0080.jpg\" class=\"highslide\" onclick=\"return hs.expand(this)\"><br \/>\n\t<img decoding=\"async\" src=\"\/gallery\/images\/slide0080.jpg\" alt=\"Image 4\" border=\"0\" title=\"Click to enlarge\"><\/a><\/p>\n<div class=\"highslide-caption\">\n\t<strong>Adenocarcinoma endocervicale<\/strong><br \/>\n Sia nell&#8217;adenocarcinoma endocervicale che nell&#8217;adenocarcinoma endometriale \u00e8 possibile riscontrare engulfment.60x<\/div>\n<\/div>\n<div class=\"chartColumnShortCell\">\n \t<strong>Adenocarcinoma endocervicale<\/strong><br \/>\n Sia nell&#8217;adenocarcinoma endocervicale che nell&#8217;adenocarcinoma endometriale \u00e8 possibile riscontrare engulfment.60x<\/div>\n<div class=\"newRow\"><\/div>\n<div class=\"chartColumnCell\">\n<a href=\"\/gallery\/images_large\/slide0081.jpg\" class=\"highslide\" onclick=\"return hs.expand(this)\"><br \/>\n\t<img decoding=\"async\" src=\"\/gallery\/images\/slide0081.jpg\" alt=\"Image 5\" border=\"0\" title=\"Click to enlarge\"><\/a><\/p>\n<div class=\"highslide-caption\">\n\t<strong>Adenocarcinoma endocervicale<\/strong><br \/>\n I nuclei sono ingranditi e occupano spesso pi\u00f9 di 2\/3 del citoplasma rimanendo spesso tondi o ovali con membrane nucleari ondulate.60x<\/div>\n<\/div>\n<div class=\"chartColumnShortCell\">\n \t<strong>Adenocarcinoma endocervicale<\/strong><br \/>\n I nuclei sono ingranditi e occupano spesso pi\u00f9 di 2\/3 del citoplasma rimanendo spesso tondi o ovali con membrane nucleari ondulate.60x<\/div>\n<div class=\"newRow\"><\/div>\n<div class=\"chartColumnCell\">\n<a href=\"\/gallery\/images_large\/slide0082.jpg\" class=\"highslide\" onclick=\"return hs.expand(this)\"><br \/>\n\t<img decoding=\"async\" src=\"\/gallery\/images\/slide0082.jpg\" alt=\"Image 6\" border=\"0\" title=\"Click to enlarge\"><\/a><\/p>\n<div class=\"highslide-caption\">\n\t<strong>Adenocarcinoma endocervicale<\/strong><br \/>\n Le membrane nucleari sono diventate pi\u00f9 spesse e le irregolarit\u00e0 delle membrane nucleari si manifestano come ondulazioni anzich\u00e9 &#8220;a morso di topo&#8221; come quelle osservate nelle lesioni squamose.40x<\/div>\n<\/div>\n<div class=\"chartColumnShortCell\">\n \t<strong>Adenocarcinoma endocervicale<\/strong><br \/>\n Le membrane nucleari sono diventate pi\u00f9 spesse e le irregolarit\u00e0 delle membrane nucleari si manifestano come ondulazioni anzich\u00e9 &#8220;a morso di topo&#8221; come quelle osservate nelle lesioni squamose.40x<\/div>\n<div class=\"newRow\"><\/div>\n<div class=\"chartColumnCell\">\n<a href=\"\/gallery\/images_large\/slide0083.jpg\" class=\"highslide\" onclick=\"return hs.expand(this)\"><br \/>\n\t<img decoding=\"async\" src=\"\/gallery\/images\/slide0083.jpg\" alt=\"Image 7\" border=\"0\" title=\"Click to enlarge\"><\/a><\/p>\n<div class=\"highslide-caption\">\n\t<strong>Adenocarcinoma endocervicale<\/strong><br \/>\n I pattern cromatinici variano da finemente a vistosamente granulare e possono apparire distribuiti uniformemente anche se a grana grossa e aggregati. I nuclei appaiono ipercromici e mostrano una maggiore profondit\u00e0 di fuoco rispetto all&#8217;elemento normale.60x<\/div>\n<\/div>\n<div class=\"chartColumnShortCell\">\n \t<strong>Adenocarcinoma endocervicale<\/strong><br \/>\n I pattern cromatinici variano da finemente a vistosamente granulare e possono apparire distribuiti uniformemente anche se a grana grossa e aggregati. I nuclei appaiono ipercromici e mostrano una maggiore profondit\u00e0 di fuoco rispetto all&#8217;elemento normale.60x<\/div>\n<div class=\"newRow\"><\/div>\n<div class=\"chartColumnCell\">\n<a href=\"\/gallery\/images_large\/slide0084.jpg\" class=\"highslide\" onclick=\"return hs.expand(this)\"><br \/>\n\t<img decoding=\"async\" src=\"\/gallery\/images\/slide0084.jpg\" alt=\"Image 8\" border=\"0\" title=\"Click to enlarge\"><\/a><\/p>\n<div class=\"highslide-caption\">\n\t<strong>Adenocarcinoma endocervicale<\/strong><br \/>\nPu\u00f2 essere evidente la chiarificazone della paracromatina, mentre i nuclei mostrano una maggiore profondit\u00e0 di fuoco rispetto ai nuclei del componente endocervicale normale.60x<\/div>\n<\/div>\n<div class=\"chartColumnShortCell\">\n \t<strong>Adenocarcinoma endocervicale<\/strong><br \/>\nPu\u00f2 essere evidente la chiarificazone della paracromatina, mentre i nuclei mostrano una maggiore profondit\u00e0 di fuoco rispetto ai nuclei del componente endocervicale normale.60x<\/div>\n<div class=\"newRow\"><\/div>\n<div class=\"chartColumnCell\">\n<a href=\"\/gallery\/images_large\/slide0085.jpg\" class=\"highslide\" onclick=\"return hs.expand(this)\"><br \/>\n\t<img decoding=\"async\" src=\"\/gallery\/images\/slide0085.jpg\" alt=\"Image 9\" border=\"0\" title=\"Click to enlarge\"><\/a><\/p>\n<div class=\"highslide-caption\">\n\t<strong>Adenocarcinoma endocervicale<\/strong><br \/>\n Se presenti, i nucleoli sono prominenti e spesso multipli e irregolari.60x<\/div>\n<\/div>\n<div class=\"chartColumnShortCell\">\n \t<strong>Adenocarcinoma endocervicale<\/strong><br \/>\n Se presenti, i nucleoli sono prominenti e spesso multipli e irregolari.60x<\/div>\n<div class=\"newRow\"><\/div>\n<div class=\"chartColumnCell\">\n<a href=\"\/gallery\/images_large\/slide0072.jpg\" class=\"highslide\" onclick=\"return hs.expand(this)\"><br \/>\n\t<img decoding=\"async\" src=\"\/gallery\/images\/slide0072.jpg\" alt=\"Image 10\" border=\"0\" title=\"Click to enlarge\"><\/a><\/p>\n<div class=\"highslide-caption\">\n\t<strong>Adenocarcinoma endocervicale<\/strong><br \/>\n Pu\u00f2 essere presente diatesi tumorale che appare sotto forma di &#8220;l fondo spoco&#8221; con una densit\u00e0 o una disposizione di detriti al centro e un aspetto sfilacciato o staccato ai bordi del gruppo.60x<\/div>\n<\/div>\n<div class=\"chartColumnShortCell\">\n \t<strong>Adenocarcinoma endocervicale<\/strong><br \/>\n Pu\u00f2 essere presente diatesi tumorale che appare sotto forma di &#8220;l fondo spoco&#8221; con una densit\u00e0 o una disposizione di detriti al centro e un aspetto sfilacciato o staccato ai bordi del gruppo.60x<\/div>\n<div class=\"newRow\"><\/div>\n<div class=\"chartColumnCell\">\n<a href=\"\/gallery\/images_large\/slide0071.jpg\" class=\"highslide\" onclick=\"return hs.expand(this)\"><br \/>\n\t<img decoding=\"async\" src=\"\/gallery\/images\/slide0071.jpg\" alt=\"Image 11\" border=\"0\" title=\"Click to enlarge\"><\/a><\/p>\n<div class=\"highslide-caption\">\n\t<strong>Adenocarcinoma endocervicale<\/strong><br \/>\n Le cellule dell&#8217;adenocarcinoma endocervicale possono essere associate a globuli rossi &#8220;fantasma&#8221;.60x<\/div>\n<\/div>\n<div class=\"chartColumnShortCell\">\n \t<strong>Adenocarcinoma endocervicale<\/strong><br \/>\n Le cellule dell&#8217;adenocarcinoma endocervicale possono essere associate a globuli rossi &#8220;fantasma&#8221;.60x<\/div>\n<div class=\"newRow\"><\/div>\n<p class=\"subhead\"> ASPETTI SIMILI*:<\/p>\n<table class=\"chart\">\n<tbody>\n<tr class=\"chart\">\n<td width=\"152\"><\/td>\n<td width=\"136\" class=\"heading\">ADENO-<br \/>\nCARCINOMA<br \/>\nENDOCERVICALE<\/td>\n<td width=\"88\" class=\"heading\">ADENO-<br \/>\nCARCINOMA-<br \/>\nIN SITU<\/td>\n<td width=\"88\" class=\"heading\">\tRIPARAZIONE<br \/>\nENDOCERVICALE <\/td>\n<td width=\"88\" class=\"heading\">CARCINOMA A CELLULE SQUAMOSE (CHE COINVOLGE LE GHIANDOLE)<\/td>\n<\/tr>\n<tr>\n<td class=\"chart\">Presentazione<br \/>\ndei tessuti<\/td>\n<td class=\"chart\">Alcune cellule singole e lembi e aggregati bidimensionali con bordi dei gruppi ben definiti (bordi con dentellature)<\/td>\n<td class=\"chart\">\tNastri di epitelio ghiandolare con pseudo-<br \/>\nstrati-ficazione, &#8220;aspetto piumato&#8221;, rosette e alcune cellule singole<\/td>\n<td class=\"chart\">\tLembi piatti di epitelio <\/td>\n<td class=\"chart\">Componente squamoso definitivo, foglietti di epitelio scarsamente definito con citoplasma schiumoso e nessuna differ-enziazione ghiandolare definitiva<\/td>\n<\/tr>\n<tr class=\"chart\">\n<td class=\"chart\">Citoplasma<\/td>\n<td class=\"chart\">\tFinermente vacuolato con<br \/>\nvacuoli distinti multipli predominanti, rapporto N\/C 2:1 <\/td>\n<td class=\"chart\">\tVacuolato, mantiene l\u2019aspetto colonnare, rapporto N\/C aumentato <\/td>\n<td class=\"chart\">\tAbbondante, aspetto di &#8220;coltura dei tessuti&#8221;, rapporto N\/C basso <\/td>\n<td class=\"chart\">\t\tFinemente vacuolato, nessun vacuolo distinto, citoplasma non ben definito nei bordi dei gruppi (aspetto sfilacciato)<\/td>\n<\/tr>\n<tr>\n<td class=\"chart\">Nucleo<\/td>\n<td class=\"chart\">\tPi\u00f9 grande, tondo o ovale<\/td>\n<td class=\"chart\">\tPi\u00f9 grande, ovale o allungato <\/td>\n<td class=\"chart\">\tDi dimensioni variabili all&#8217;interno del gruppo, tondo<\/td>\n<td class=\"chart\">Variabile, tondo o ovale<\/td>\n<\/tr>\n<tr class=\"chart\">\n<td class=\"chart\">Membrana nucleare <\/td>\n<td class=\"chart\">\tRegolare o irregolare (ondu-<br \/>\nlata), inspessita <\/td>\n<td class=\"chart\">Regolare o leggermente irregolare <\/td>\n<td class=\"chart\">\tRegolare <\/td>\n<td class=\"chart\">\t\tRegolare o irregolare (&#8220;morsicature&#8221; e &#8220;buchi&#8221;)<\/td>\n<\/tr>\n<tr>\n<td class=\"chart\">Cromatina <\/td>\n<td class=\"chart\">\tGrossolana, irregolarmente distribuita,chiarificazione della paracromatina, maggiore profondit\u00e0 di fuoco <\/td>\n<td class=\"chart\">Finemente granulare, distribuita uniformemente,<br \/>\nipocromica, mancanza di profondit\u00e0 di fuoco <\/td>\n<td class=\"chart\">\tLeggermente o vistosamente granulare, distribuita uniformemente, ipocromatica, fuoco piatto<\/td>\n<td class=\"chart\">\tLeggermente granulare, distribuita uniformemente, maggiore profondit\u00e0 di fuoco<\/td>\n<\/tr>\n<tr class=\"chart\">\n<td class=\"chart\">Nucleoli <\/td>\n<td class=\"chart\">\tGrandi, prominenti, regolari o irregolari, singoli o multipli <\/td>\n<td class=\"chart\">\tIndistinti o modesti nelle dimensioni e regolari <\/td>\n<td class=\"chart\">Piccoli, talvolta multipli, in ogni nucleo <\/td>\n<td class=\"chart\">\tAssenti o rari, piccoli<\/td>\n<\/tr>\n<\/tbody>\n<\/table>\n<p>\n * Il lettore deve essere consapevole del fatto che i criteri sopra menzionati riguardano l&#8217;aspetto classico di ogni elemento diagnostico e che i criteri di tali elementi possono intersecarsi in vari modi rendendo estremamente difficile la formulazione di una diagnosi definitiva. Questi criteri devono essere utilizzati come linee guida di riferimento per consentire all&#8217;operatore di prendere in considerazione una vasta gamma di aspetti epiteliali e di soglie diagnostiche.<\/p>\n<div class=\"chartColumnCell\">\n<a href=\"\/gallery\/images_large\/slide0073.jpg\" class=\"highslide\" onclick=\"return hs.expand(this)\"><br \/>\n\t<img decoding=\"async\" src=\"\/gallery\/images\/slide0073.jpg\" alt=\"Image 12\" border=\"0\" title=\"Click to enlarge\"><\/a><\/p>\n<div class=\"highslide-caption\">\n\t<strong> Aspetto simile<\/strong><br \/>\nAdenocarcinoma endocervicale 40x<\/div>\n<\/div>\n<div class=\"chartColumnShortCell\">\n \t\t<strong> Aspetto simile<\/strong><br \/>\nAdenocarcinoma endocervicale<br \/>\n40x<\/div>\n<div class=\"newRow\"><\/div>\n<div class=\"chartColumnCell\">\n<a href=\"\/gallery\/images_large\/slide0074.jpg\" class=\"highslide\" onclick=\"return hs.expand(this)\"><br \/>\n\t<img decoding=\"async\" src=\"\/gallery\/images\/slide0074.jpg\" alt=\"Image 13\" border=\"0\" title=\"Click to enlarge\"><\/a><\/p>\n<div class=\"highslide-caption\">\n\t<strong> Aspetto simile<\/strong><br \/>\nAdenocarcinoma in situ 60x<\/div>\n<\/div>\n<div class=\"chartColumnShortCell\">\n \t<strong> Aspetto simile<\/strong><br \/>\nAdenocarcinoma in situ<br \/>\n60x<\/div>\n<div class=\"newRow\"><\/div>\n<div class=\"chartColumnCell\">\n<a href=\"\/gallery\/images_large\/slide0075.jpg\" class=\"highslide\" onclick=\"return hs.expand(this)\"><br \/>\n\t<img decoding=\"async\" src=\"\/gallery\/images\/slide0075.jpg\" alt=\"Image 14\" border=\"0\" title=\"Click to enlarge\"><\/a><\/p>\n<div class=\"highslide-caption\">\n\t<strong> Aspetto simile<\/strong><br \/>\n Riparazione endocervicale 40x<\/div>\n<\/div>\n<div class=\"chartColumnShortCell\">\n \t<strong> Aspetto simile<\/strong><br \/>\n Riparazione endocervicale 40x<\/div>\n<div class=\"newRow\"><\/div>\n<div class=\"chartColumnCell\">\n<a href=\"\/gallery\/images_large\/slide0076.jpg\" class=\"highslide\" onclick=\"return hs.expand(this)\"><br \/>\n\t<img decoding=\"async\" src=\"\/gallery\/images\/slide0076.jpg\" alt=\"Image 15\" border=\"0\" title=\"Click to enlarge\"><\/a><\/p>\n<div class=\"highslide-caption\">\n\t<strong> Aspetto simile<\/strong><br \/>\n Carcinoma a cellule squamose con coinvolgimento del colletto ghiandolare 60x<\/div>\n<\/div>\n<div class=\"chartColumnShortCell\">\n \t<strong> Aspetto simile<\/strong><br \/>\n Carcinoma a cellule squamose con coinvolgimento del colletto ghiandolare 60x<\/div>\n<div class=\"newRow\"><\/div>\n<p> <a name=\"readings\"><\/a><strong> BIBLIOGRAFIA CONSIGLIATA: <\/strong><\/p>\n<ol class=\"normal\">\n<li>Ashfaq R et al: ThinPrep Pap Test accuracy for glandular disease. Acta Cytol 1999;43: 81-85.   <\/li>\n<li>Bai H et al: ThinPrep<sup>\u00ae<\/sup> Pap Test promotes detection of glandular lesions of the endocervix. Diag Cytopathol 2000; 23 (1): 19-22.   <\/li>\n<li>Johnson JE and Rahemtulla A: Endocervical glandular neoplasia and its mimics in ThinPrep Pap Tests. A descriptive study. Acta Cytol 1999; 43(3): 369-75. <\/li>\n<li>Roberts JM et al: Comparison of ThinPrep and Pap Smear in relation to prediction of Adenocarcinoma In Situ. Acta Cytol 1999 Jan-Feb:43(1):74-802\n <\/li>\n<li>Smith HO et al: The rising incidence of adenocarcinoma relative to squamous cell carcinoma of the uterine cervix in the United States &#8211; A 24-year population-based study. Gynecol Onc 2000; 78, 97-105\n <\/li>\n<\/ol>\n<p><a href=\"#top\">Torna a inizio pagina<\/a><\/p>\n<p>[\/vc_column_text][vc_column_text css=&#8221;.vc_custom_1500390293825{margin-top: 30px !important;}&#8221; el_class=&#8221;back-to-top&#8221;]<strong><a href=\"#main\">Back to Top<\/a><\/strong>[\/vc_column_text][\/vc_column][vc_column width=&#8221;1\/3&#8243; offset=&#8221;vc_hidden-sm vc_hidden-xs&#8221;][vc_widget_sidebar sidebar_id=&#8221;consulting-right-sidebar&#8221;][\/vc_column][\/vc_row]<\/p>\n","protected":false},"excerpt":{"rendered":"<p>[vc_row 0=&#8221;&#8221;][vc_column 0=&#8221;&#8221; offset=&#8221;vc_hidden-lg vc_hidden-md&#8221;][vc_raw_html 0=&#8221;&#8221;]PGNlbnRlcj48YSBjbGFzcz0ic2hpZnRuYXYtdG9nZ2xlIHNoaWZ0bmF2LXRvZ2dsZS1idXR0b24iIGRhdGEtc2hpZnRuYXYtdGFyZ2V0PSJzaGlmdG5hdi1tYWluIj48aSBjbGFzcz0iZmEgZmEtYmFycyI+PC9pPiBUYWJsZSBvZiBDb250ZW50cyA8L2E+PC9jZW50ZXI+[\/vc_raw_html][\/vc_column][\/vc_row][vc_row][vc_column][vc_custom_heading text=&#8221;ANOMALIE DELLE CELLULE EPITELIALI&#8221; font_container=&#8221;tag:h1|text_align:center&#8221; use_theme_fonts=&#8221;yes&#8221;][\/vc_column][\/vc_row][vc_row el_id=&#8221;acknowledgements&#8221;][vc_column width=&#8221;2\/3&#8243;][vc_column_text] ANOMALIE DELLE CELLULE EPITELIALI ADENOCARCINOMA ENDOCERVICALE: Raheela Ashfaq, medico Le cellule dell&#8217;adenocarcinoma endocervicale osservabili nel ThinPrep\u00ae Pap Test sono ben conservate e mantengono le classiche strutture ghiandolari e le disposizioni riscontrabili con altri metodi di raccolta in fase liquida, come nel<\/p>\n","protected":false},"author":7,"featured_media":0,"parent":1890,"menu_order":0,"comment_status":"closed","ping_status":"closed","template":"","meta":{"ngg_post_thumbnail":0,"footnotes":""},"class_list":["post-1897","page","type-page","status-publish","hentry"],"_links":{"self":[{"href":"https:\/\/cytologystuff.com\/it\/wp-json\/wp\/v2\/pages\/1897","targetHints":{"allow":["GET"]}}],"collection":[{"href":"https:\/\/cytologystuff.com\/it\/wp-json\/wp\/v2\/pages"}],"about":[{"href":"https:\/\/cytologystuff.com\/it\/wp-json\/wp\/v2\/types\/page"}],"author":[{"embeddable":true,"href":"https:\/\/cytologystuff.com\/it\/wp-json\/wp\/v2\/users\/7"}],"replies":[{"embeddable":true,"href":"https:\/\/cytologystuff.com\/it\/wp-json\/wp\/v2\/comments?post=1897"}],"version-history":[{"count":0,"href":"https:\/\/cytologystuff.com\/it\/wp-json\/wp\/v2\/pages\/1897\/revisions"}],"up":[{"embeddable":true,"href":"https:\/\/cytologystuff.com\/it\/wp-json\/wp\/v2\/pages\/1890"}],"wp:attachment":[{"href":"https:\/\/cytologystuff.com\/it\/wp-json\/wp\/v2\/media?parent=1897"}],"curies":[{"name":"wp","href":"https:\/\/api.w.org\/{rel}","templated":true}]}}