{"id":2161,"date":"2017-08-01T13:07:26","date_gmt":"2017-08-01T13:07:26","guid":{"rendered":"http:\/\/cytologystuff1.wpengine.com\/non-gyn-atlas\/urinary-tract-cytology-low-grade-urothelial-carcinoma\/"},"modified":"2017-11-22T07:37:15","modified_gmt":"2017-11-22T07:37:15","slug":"urinary-tract-cytology-low-grade-urothelial-carcinoma","status":"publish","type":"page","link":"https:\/\/cytologystuff.com\/fr\/non-gyn-atlas\/urinary-tract-cytology-low-grade-urothelial-carcinoma\/","title":{"rendered":"Cytologie de l&#8217;appareil urinaire"},"content":{"rendered":"<p>[vc_row 0=&#8221;&#8221;][vc_column 0=&#8221;&#8221; offset=&#8221;vc_hidden-lg vc_hidden-md&#8221;][vc_raw_html 0=&#8221;&#8221;]PGNlbnRlcj48YSBjbGFzcz0ic2hpZnRuYXYtdG9nZ2xlIHNoaWZ0bmF2LXRvZ2dsZS1idXR0b24iIGRhdGEtc2hpZnRuYXYtdGFyZ2V0PSJzaGlmdG5hdi1tYWluIj48aSBjbGFzcz0iZmEgZmEtYmFycyI+PC9pPiBUYWJsZSBvZiBDb250ZW50cyA8L2E+PC9jZW50ZXI+[\/vc_raw_html][\/vc_column][\/vc_row][vc_row][vc_column][vc_custom_heading text=&#8221;Cytologie de l&#8217;appareil urinaire&#8221; font_container=&#8221;tag:h1|text_align:center&#8221; use_theme_fonts=&#8221;yes&#8221;][\/vc_column][\/vc_row][vc_row][vc_column width=&#8221;2\/3&#8243;][vc_column_text]<\/p>\n<div id=>\n<p class=\"subhead\">CARCINOME UROTH\u00c9LIAL DE BAS GRADE <\/p>\n<p style=\"padding-left:7px\"><a href=\"javascript:void(0)\"  style=\"width:350px;display:block\"><img loading=\"lazy\" decoding=\"async\" src=\"\/images\/button27h.gif\" id=\"selfAssessImg\" width=\"350\" height=\"40\"><\/a><\/p>\n<div class=\"highslide-gallery\">\n<strong>Rappel : Vous pouvez cliquer sur une image<br \/>\nde l&#8217;Atlas pour la voir dans un format plus grand.<\/strong><\/p>\n<div class=\"chartColumnCell\">\n<a href=\"\/gallery\/images_large\/slide0725.jpg\" class=\"highslide\" onclick=\"return hs.expand(this)\"><br \/>\n\t<img decoding=\"async\" src=\"\/gallery\/images\/slide0725.jpg\" alt=\"Image 2\" title=\"Click to enlarge\" border=\"0\"><\/a><\/p>\n<div class=\"highslide-caption\">\n<strong>Figure 43<\/strong><br \/>\n<br \/>\nMiction, carcinome uroth\u00e9lial de bas grade<br \/>\nCette affection se caract\u00e9rise par une augmentation des groupes de cellules.<br \/>\n20x <\/div>\n<\/div>\n<div class=\"chartColumnLongCell\">\n        <strong>Figure 43<br \/>\n        <\/strong><br \/>\nMiction, carcinome uroth\u00e9lial de bas grade<br \/>\nCette affection se caract\u00e9rise par une augmentation des groupes de cellules.<br \/>\n20x <\/div>\n<div class=\"newRow\"><\/div>\n<div class=\"chartColumnCell\">\n<a href=\"\/gallery\/images_large\/slide0726.jpg\" class=\"highslide\" onclick=\"return hs.expand(this)\"><br \/>\n\t<img decoding=\"async\" src=\"\/gallery\/images\/slide0726.jpg\" alt=\"Image 3\" title=\"Click to enlarge\" border=\"0\"><\/a><\/p>\n<div class=\"highslide-caption\">\n<strong>Figure 44<\/strong><br \/>\n<br \/>\nMiction, carcinome uroth\u00e9lial de bas grade<br \/>\nDans cette affection, les groupes peuvent \u00eatre ou non papillaires.<br \/>\n40x <\/div>\n<\/div>\n<div class=\"chartColumnLongCell\">\n<strong>Figure 44<br \/>\n<\/strong><br \/>\nMiction, carcinome uroth\u00e9lial de bas grade<br \/>\nDans cette affection, les groupes peuvent \u00eatre ou non papillaires.<br \/>\n40x<\/div>\n<div class=\"newRow\"><\/div>\n<div class=\"chartColumnCell\">\n<a href=\"\/gallery\/images_large\/slide0727.jpg\" class=\"highslide\" onclick=\"return hs.expand(this)\"><br \/>\n\t<img decoding=\"async\" src=\"\/gallery\/images\/slide0727.jpg\" alt=\"Image 3\" title=\"Click to enlarge\" border=\"0\"><\/a><\/p>\n<div class=\"highslide-caption\">\n<strong>Figure 45<br \/>\n<\/strong><br \/>\nMiction, carcinome uroth\u00e9lial de bas grade<br \/>\nDans cette affection, les cellules si\u00e9geant dans les groupes pr\u00e9sentent un rapport N\/C \u00e9lev\u00e9.<br \/>\n60x <\/div>\n<\/div>\n<div class=\"chartColumnLongCell\">\n<strong>Figure 45<br \/>\n<\/strong><br \/>\nMiction, carcinome uroth\u00e9lial de bas grade<br \/>\nDans cette affection, les cellules si\u00e9geant dans les groupes pr\u00e9sentent un rapport N\/C \u00e9lev\u00e9.<br \/>\n60x <\/div>\n<div class=\"newRow\"><\/div>\n<div class=\"chartColumnCell\">\n<a href=\"\/gallery\/images_large\/slide0728.jpg\" class=\"highslide\" onclick=\"return hs.expand(this)\" name=\"pap\"><br \/>\n\t<img decoding=\"async\" src=\"\/gallery\/images\/slide0728.jpg\" alt=\"Image 2\" title=\"Click to enlarge\" border=\"0\"><\/a><\/p>\n<div class=\"highslide-caption\">\n<strong>Figure 46<\/strong><br \/>\n<br \/>\nMiction, carcinome uroth\u00e9lial de bas grade<br \/>\nDans cette affection, les noyaux sortent parfois du cytoplasme.<br \/>\n40x<\/div>\n<\/div>\n<div class=\"chartColumnLongCell\">\n        <strong>Figure 46<br \/>\n        <\/strong><br \/>\nMiction, carcinome uroth\u00e9lial de bas grade<br \/>\nDans cette affection, les noyaux sortent parfois du cytoplasme.<br \/>\n40x <\/div>\n<div class=\"newRow\"><\/div>\n<div class=\"chartColumnCell\">\n<a href=\"\/gallery\/images_large\/slide0729.jpg\" class=\"highslide\" onclick=\"return hs.expand(this)\"><br \/>\n\t<img decoding=\"async\" src=\"\/gallery\/images\/slide0729.jpg\" alt=\"Image 3\" title=\"Click to enlarge\" border=\"0\"><\/a><\/p>\n<div class=\"highslide-caption\">\n<strong>Figure 47<\/strong><br \/>\n<br \/>\nUrine de la vessie, carcinome uroth\u00e9lial de bas grade<br \/>\nGroupe l\u00e2che de cellules comparable \u00e0 des cellules uroth\u00e9liales r\u00e9actionnelles.<br \/>\n20x<\/div>\n<\/div>\n<div class=\"chartColumnLongCell\">\n<strong>Figure 47<br \/>\n<\/strong><br \/>\nUrine de la vessie, carcinome uroth\u00e9lial de bas grade<br \/>\nGroupe l\u00e2che de cellules comparable \u00e0 des cellules uroth\u00e9liales r\u00e9actionnelles.<br \/>\n20x\n<\/div>\n<div class=\"newRow\"><\/div>\n<div class=\"chartColumnCell\">\n<a href=\"\/gallery\/images_large\/slide0730.jpg\" class=\"highslide\" onclick=\"return hs.expand(this)\" name=\"pap\"><br \/>\n\t<img decoding=\"async\" src=\"\/gallery\/images\/slide0730.jpg\" alt=\"Image 2\" title=\"Click to enlarge\" border=\"0\"><\/a><\/p>\n<div class=\"highslide-caption\">\n<strong>Figure 48<\/strong><br \/>\n<br \/>\nUrine de la vessie, carcinome uroth\u00e9lial de bas grade<br \/>\nDans cette affection, les noyaux sont irr\u00e9guliers et peuvent sembler avoir des entailles ou des fentes.<br \/>\n40x<\/div>\n<\/div>\n<div class=\"chartColumnLongCell\">\n        <strong>Figure 48<br \/>\n        <\/strong><br \/>\nUrine de la vessie, carcinome uroth\u00e9lial de bas grade<br \/>\nDans cette affection, les noyaux sont irr\u00e9guliers et peuvent sembler avoir des entailles ou des fentes.<br \/>\n40x <\/div>\n<div class=\"newRow\"><\/div>\n<div class=\"chartColumnCell\">\n<a href=\"\/gallery\/images_large\/slide0731.jpg\" class=\"highslide\" onclick=\"return hs.expand(this)\"><br \/>\n\t<img decoding=\"async\" src=\"\/gallery\/images\/slide0731.jpg\" alt=\"Image 3\" title=\"Click to enlarge\" border=\"0\"><\/a><\/p>\n<div class=\"highslide-caption\">\n<strong>Figure 49<\/strong><br \/>\n<br \/>\nUrine obtenue par cytoscopie, carcinome de bas grade <br \/>\nComparer les cellules uroth\u00e9liales normales de droite avec le groupe encombr\u00e9 de gauche.<br \/>\n40x <\/div>\n<\/div>\n<div class=\"chartColumnLongCell\">\n<strong>Figure 49<br \/>\n<\/strong><br \/>\nUrine obtenue par cytoscopie, carcinome de bas grade <br \/>\nComparer les cellules uroth\u00e9liales normales de droite avec le groupe encombr\u00e9 de gauche.<br \/>\n40x <\/div>\n<div class=\"newRow\"><\/div>\n<div class=\"chartColumnCell\">\n<a href=\"\/gallery\/images_large\/slide0732.jpg\" class=\"highslide\" onclick=\"return hs.expand(this)\"><br \/>\n\t<img decoding=\"async\" src=\"\/gallery\/images\/slide0732.jpg\" alt=\"Image 3\" title=\"Click to enlarge\" border=\"0\"><\/a><\/p>\n<div class=\"highslide-caption\">\n<strong>Figure 50<\/strong><br \/>\n<br \/>\nMiction, carcinome uroth\u00e9lial de bas grade <br \/>\nDans cette affection, les cellules peuvent si\u00e9ger dans de petits groupes ou \u00eatre isol\u00e9es.<br \/>\n20x<\/div>\n<\/div>\n<div class=\"chartColumnLongCell\">\n<strong>Figure 50<br \/>\n<\/strong><br \/>\nMiction, carcinome uroth\u00e9lial de bas grade <br \/>\nDans cette affection, les cellules peuvent si\u00e9ger dans de petits groupes ou \u00eatre isol\u00e9es.<br \/>\n20x<\/div>\n<div class=\"newRow\"><\/div>\n<div class=\"chartColumnCell\">\n<a href=\"\/gallery\/images_large\/slide0733.jpg\" class=\"highslide\" onclick=\"return hs.expand(this)\"><br \/>\n\t<img decoding=\"async\" src=\"\/gallery\/images\/slide0733.jpg\" alt=\"Image 3\" title=\"Click to enlarge\" border=\"0\"><\/a><\/p>\n<div class=\"highslide-caption\">\n<strong>Figure 51<\/strong><br \/>\n<br \/>\nUrine, carcinome uroth\u00e9lial de bas grade <br \/>\nDans cette affection, les noyaux sont g\u00e9n\u00e9ralement peu distincts ou absents.<br \/>\n40x <\/div>\n<\/div>\n<div class=\"chartColumnLongCell\">\n<strong>Figure 51<br \/>\n<\/strong><br \/>\nUrine, carcinome uroth\u00e9lial de bas grade <br \/>\nDans cette affection, les noyaux sont g\u00e9n\u00e9ralement peu distincts ou absents.<br \/>\n40x <\/div>\n<div class=\"newRow\"><\/div>\n<div class=\"chartColumnCell\">\n<a href=\"\/gallery\/images_large\/slide0734.jpg\" class=\"highslide\" onclick=\"return hs.expand(this)\" name=\"pap\"><br \/>\n\t<img decoding=\"async\" src=\"\/gallery\/images\/slide0734.jpg\" alt=\"Image 2\" title=\"Click to enlarge\" border=\"0\"><\/a><\/p>\n<div class=\"highslide-caption\">\n<strong>Figure 52<\/strong><br \/>\n<br \/>\nMiction, carcinome uroth\u00e9lial de bas grade<br \/>\nDans cette affection, la chromatine est g\u00e9n\u00e9ralement granulaire et r\u00e9partie de fa\u00e7on homog\u00e8ne.<br \/>\n60x  <\/div>\n<\/div>\n<div class=\"chartColumnLongCell\">\n        <strong>Figure 52<br \/>\n        <\/strong><br \/>\nMiction, carcinome uroth\u00e9lial de bas grade<br \/>\nDans cette affection, la chromatine est g\u00e9n\u00e9ralement granulaire et r\u00e9partie de fa\u00e7on homog\u00e8ne.<br \/>\n60x <\/div>\n<div class=\"newRow\"><\/div>\n<div class=\"chartColumnCell\">\n<a href=\"\/gallery\/images_large\/slide0735.jpg\" class=\"highslide\" onclick=\"return hs.expand(this)\"><br \/>\n\t<img decoding=\"async\" src=\"\/gallery\/images\/slide0735.jpg\" alt=\"Image 3\" title=\"Click to enlarge\" border=\"0\"><\/a><\/p>\n<div class=\"highslide-caption\">\n<strong>Figure 53<\/strong><br \/>\n<br \/>\nUrine, carcinome uroth\u00e9lial in situ<br \/>\nLes crit\u00e8res cytologiques de cette affection sont similaires \u00e0 ceux du carcinome uroth\u00e9lial de haut grade.<br \/>\n60x<\/div>\n<\/div>\n<div class=\"chartColumnLongCell\">\n<strong>Figure 53<br \/>\n<\/strong><br \/>\nUrine, carcinome uroth\u00e9lial in situ<br \/>\nLes crit\u00e8res cytologiques de cette affection sont similaires \u00e0 ceux du carcinome uroth\u00e9lial de haut grade.<br \/>\n60x<\/div>\n<div class=\"newRow\"><\/div>\n<div class=\"chartColumnCell\">\n<a href=\"\/gallery\/images_large\/slide0736.jpg\" class=\"highslide\" onclick=\"return hs.expand(this)\"><br \/>\n\t<img decoding=\"async\" src=\"\/gallery\/images\/slide0736.jpg\" alt=\"Image 3\" title=\"Click to enlarge\" border=\"0\"><\/a><\/p>\n<div class=\"highslide-caption\">\n<strong>Figure 54<\/strong><br \/>\n<br \/>\nUrine, carcinome uroth\u00e9lial in situ<br \/>\nLa pr\u00e9sence de cellules tumorales associ\u00e9es \u00e0 une diath\u00e8se peut constituer un signe d&#8217;invasion, mais il faut savoir que la seule cytologie ne permet pas de rendre un diagnostic sans \u00e9quivoque de CIS ou d&#8217;invasion.<br \/>\n40x <\/div>\n<\/div>\n<div class=\"chartColumnLongCell\">\n<strong>Figure 54<br \/>\n<\/strong><br \/>\nUrine, carcinome uroth\u00e9lial in situ<br \/>\nLa pr\u00e9sence de cellules tumorales associ\u00e9es \u00e0 une diath\u00e8se peut constituer un signe d&#8217;invasion, mais il faut savoir que la seule cytologie ne permet pas de rendre un diagnostic sans \u00e9quivoque de CIS ou d&#8217;invasion.<br \/>\n40x<\/div>\n<\/div>\n<div class=\"newRow\"><\/div>\n<p><a class=\"back\" href=\"#\">Retour au d\u00e9but<\/a><\/p>\n<p><a href=\"nongyn_atlas.htm\"> Retour \u00e0 la table des mati\u00e8res<\/a><\/p>\n<\/div>\n<p>[\/vc_column_text][\/vc_column][vc_column width=&#8221;1\/3&#8243; offset=&#8221;vc_hidden-sm vc_hidden-xs&#8221;][vc_widget_sidebar sidebar_id=&#8221;consulting-right-sidebar&#8221;][\/vc_column][\/vc_row]<\/p>\n","protected":false},"excerpt":{"rendered":"<p>[vc_row 0=&#8221;&#8221;][vc_column 0=&#8221;&#8221; offset=&#8221;vc_hidden-lg vc_hidden-md&#8221;][vc_raw_html 0=&#8221;&#8221;]PGNlbnRlcj48YSBjbGFzcz0ic2hpZnRuYXYtdG9nZ2xlIHNoaWZ0bmF2LXRvZ2dsZS1idXR0b24iIGRhdGEtc2hpZnRuYXYtdGFyZ2V0PSJzaGlmdG5hdi1tYWluIj48aSBjbGFzcz0iZmEgZmEtYmFycyI+PC9pPiBUYWJsZSBvZiBDb250ZW50cyA8L2E+PC9jZW50ZXI+[\/vc_raw_html][\/vc_column][\/vc_row][vc_row][vc_column][vc_custom_heading text=&#8221;Cytologie de l&#8217;appareil urinaire&#8221; font_container=&#8221;tag:h1|text_align:center&#8221; use_theme_fonts=&#8221;yes&#8221;][\/vc_column][\/vc_row][vc_row][vc_column width=&#8221;2\/3&#8243;][vc_column_text] CARCINOME UROTH\u00c9LIAL DE BAS GRADE Rappel : Vous pouvez cliquer sur une image de l&#8217;Atlas pour la voir dans un format plus grand. Figure 43 Miction, carcinome uroth\u00e9lial de bas grade Cette affection se caract\u00e9rise par une augmentation des groupes de cellules.<\/p>\n","protected":false},"author":7,"featured_media":0,"parent":1949,"menu_order":0,"comment_status":"closed","ping_status":"closed","template":"","meta":{"ngg_post_thumbnail":0,"footnotes":""},"class_list":["post-2161","page","type-page","status-publish","hentry"],"_links":{"self":[{"href":"https:\/\/cytologystuff.com\/fr\/wp-json\/wp\/v2\/pages\/2161","targetHints":{"allow":["GET"]}}],"collection":[{"href":"https:\/\/cytologystuff.com\/fr\/wp-json\/wp\/v2\/pages"}],"about":[{"href":"https:\/\/cytologystuff.com\/fr\/wp-json\/wp\/v2\/types\/page"}],"author":[{"embeddable":true,"href":"https:\/\/cytologystuff.com\/fr\/wp-json\/wp\/v2\/users\/7"}],"replies":[{"embeddable":true,"href":"https:\/\/cytologystuff.com\/fr\/wp-json\/wp\/v2\/comments?post=2161"}],"version-history":[{"count":0,"href":"https:\/\/cytologystuff.com\/fr\/wp-json\/wp\/v2\/pages\/2161\/revisions"}],"up":[{"embeddable":true,"href":"https:\/\/cytologystuff.com\/fr\/wp-json\/wp\/v2\/pages\/1949"}],"wp:attachment":[{"href":"https:\/\/cytologystuff.com\/fr\/wp-json\/wp\/v2\/media?parent=2161"}],"curies":[{"name":"wp","href":"https:\/\/api.w.org\/{rel}","templated":true}]}}