{"id":2133,"date":"2017-08-01T12:50:03","date_gmt":"2017-08-01T12:50:03","guid":{"rendered":"http:\/\/cytologystuff1.wpengine.com\/non-gyn-atlas\/respiratory-cytology-small-cell-undifferentiated-carcinoma\/"},"modified":"2017-11-21T11:05:04","modified_gmt":"2017-11-21T11:05:04","slug":"respiratory-cytology-small-cell-undifferentiated-carcinoma","status":"publish","type":"page","link":"https:\/\/cytologystuff.com\/fr\/non-gyn-atlas\/respiratory-cytology-small-cell-undifferentiated-carcinoma\/","title":{"rendered":"Cytologie respiratoire"},"content":{"rendered":"<p>[vc_row 0=&#8221;&#8221;][vc_column 0=&#8221;&#8221; offset=&#8221;vc_hidden-lg vc_hidden-md&#8221;][vc_raw_html 0=&#8221;&#8221;]PGNlbnRlcj48YSBjbGFzcz0ic2hpZnRuYXYtdG9nZ2xlIHNoaWZ0bmF2LXRvZ2dsZS1idXR0b24iIGRhdGEtc2hpZnRuYXYtdGFyZ2V0PSJzaGlmdG5hdi1tYWluIj48aSBjbGFzcz0iZmEgZmEtYmFycyI+PC9pPiBUYWJsZSBvZiBDb250ZW50cyA8L2E+PC9jZW50ZXI+[\/vc_raw_html][\/vc_column][\/vc_row][vc_row][vc_column][vc_custom_heading text=&#8221;Cytologie respiratoire&#8221; font_container=&#8221;tag:h1|text_align:center&#8221; use_theme_fonts=&#8221;yes&#8221;][\/vc_column][\/vc_row][vc_row][vc_column width=&#8221;2\/3&#8243;][vc_column_text]<\/p>\n<div id=>\n<p class=\"subhead\" id=\"acknowledgements\">CARCINOME INDIFF\u00c9RENCI\u00c9 \u00c0 PETITES CELLULES <\/p>\n<p style=\"padding-left:7px\"><a href=\"javascript:void(0)\"  style=\"width:350px;display:block\"><img loading=\"lazy\" decoding=\"async\" src=\"\/images\/button27h.gif\" id=\"selfAssessImg\" width=\"350\" height=\"40\"><\/a><\/p>\n<div class=\"highslide-gallery\">\n<strong>Rappel : Vous pouvez cliquer sur une image<br \/>\nde l&#8217;Atlas pour la voir dans un format plus grand.<\/strong><\/p>\n<div class=\"chartColumnCell\">\n<a href=\"\/gallery\/images_large\/slide0655.jpg\" class=\"highslide\" onclick=\"return hs.expand(this)\" name=\"pap\"><br \/>\n\t<img decoding=\"async\" src=\"\/gallery\/images\/slide0655.jpg\" alt=\"Image 2\" border=\"0\" title=\"Click to enlarge\"><\/a><\/p>\n<div class=\"highslide-caption\">\n<strong>Figure 142<\/strong><br \/>\n<br \/>\nExpectorations<br \/>\nCarcinome indiff\u00e9renci\u00e9 \u00e0 petites cellules. Comparer la taille des cellules malignes \u00e0 celle des cellules malpighiennes superficielles.<br \/>\n20x  <\/div>\n<\/div>\n<div class=\"chartColumnLongCell\">\n        <strong>Figure 142<br \/>\n        <\/strong><br \/>\nExpectorations<br \/>\nCarcinome indiff\u00e9renci\u00e9 \u00e0 petites cellules. Comparer la taille des cellules malignes \u00e0 celle des cellules malpighiennes superficielles.<br \/>\n20x <\/div>\n<div class=\"newRow\"><\/div>\n<div class=\"chartColumnCell\">\n<a href=\"\/gallery\/images_large\/slide0656.jpg\" class=\"highslide\" onclick=\"return hs.expand(this)\"><br \/>\n\t<img decoding=\"async\" src=\"\/gallery\/images\/slide0656.jpg\" alt=\"Image 3\" border=\"0\" title=\"Click to enlarge\"><\/a><\/p>\n<div class=\"highslide-caption\">\n<strong>Figure 143<\/strong><br \/>\n<br \/>\nExpectorations<br \/>\nColoration nucl\u00e9aire fonc\u00e9e \u00e0 p\u00e2le refl\u00e9tant respectivement une pycnose et une n\u00e9crose cellulaire.<br \/>\n40x<\/div>\n<\/div>\n<div class=\"chartColumnLongCell\">\n \t<strong>Figure 143<br \/>\n \t<\/strong><br \/>\n Expectorations<br \/>\nColoration nucl\u00e9aire fonc\u00e9e \u00e0 p\u00e2le refl\u00e9tant respectivement une pycnose et une n\u00e9crose cellulaire.<br \/>\n40x<\/div>\n<div class=\"newRow\"><\/div>\n<div class=\"chartColumnCell\">\n<a href=\"\/gallery\/images_large\/slide0657.jpg\" class=\"highslide\" onclick=\"return hs.expand(this)\"><br \/>\n\t<img decoding=\"async\" src=\"\/gallery\/images\/slide0657.jpg\" alt=\"Image 3\" border=\"0\" title=\"Click to enlarge\"><\/a><\/p>\n<div class=\"highslide-caption\">\n<strong>Figure 144<br \/>\n<\/strong><br \/>\nExpectorations<br \/>\nFort grossissement montrant une pycnose nucl\u00e9aire dans un cas de carcinome indiff\u00e9renci\u00e9 \u00e0 petites cellules.<br \/>\n60x  <\/div>\n<\/div>\n<div class=\"chartColumnLongCell\">\n<strong>Figure 144<br \/>\n<\/strong><br \/>\nExpectorations<br \/>\nFort grossissement montrant une pycnose nucl\u00e9aire dans un cas de carcinome indiff\u00e9renci\u00e9 \u00e0 petites cellules.<br \/>\n60x <\/div>\n<div class=\"newRow\"><\/div>\n<div class=\"chartColumnCell\">\n<a href=\"\/gallery\/images_large\/slide0658.jpg\" class=\"highslide\" onclick=\"return hs.expand(this)\" name=\"pap\"><br \/>\n\t<img decoding=\"async\" src=\"\/gallery\/images\/slide0658.jpg\" alt=\"Image 2\" border=\"0\" title=\"Click to enlarge\"><\/a><\/p>\n<div class=\"highslide-caption\">\n<strong>Figure 145<\/strong><br \/>\n<br \/>\nExpectorations<br \/>\nMoulage des noyaux les uns autour des autres, crit\u00e8re du carcinome indiff\u00e9renci\u00e9 \u00e0 petites cellules, au centre de ce groupe.<br \/>\n60x<\/div>\n<\/div>\n<div class=\"chartColumnLongCell\">\n        <strong>Figure 145<br \/>\n        <\/strong><br \/>\nExpectorations<br \/>\nMoulage des noyaux les uns autour des autres, crit\u00e8re du carcinome indiff\u00e9renci\u00e9 \u00e0 petites cellules, au centre de ce groupe.<br \/>\n60x<\/div>\n<div class=\"newRow\"><\/div>\n<div class=\"chartColumnCell\">\n<a href=\"\/gallery\/images_large\/slide0659.jpg\" class=\"highslide\" onclick=\"return hs.expand(this)\"><br \/>\n\t<img decoding=\"async\" src=\"\/gallery\/images\/slide0659.jpg\" alt=\"Image 3\" border=\"0\" title=\"Click to enlarge\"><\/a><\/p>\n<div class=\"highslide-caption\">\n<strong>Figure 146<\/strong><br \/>\n<br \/>\nExpectorations<br \/>\nPycnose nucl\u00e9aire plus fr\u00e9quente dans les \u00e9chantillons d&#8217;expectorations du carcinome indiff\u00e9renci\u00e9 \u00e0 petites cellules que dans les \u00e9chantillons pr\u00e9lev\u00e9s directement.<br \/>\n60x <\/div>\n<\/div>\n<div class=\"chartColumnLongCell\">\n \t<strong>Figure 146<br \/>\n \t<\/strong><br \/>\nExpectorations<br \/>\nPycnose nucl\u00e9aire plus fr\u00e9quente dans les \u00e9chantillons d&#8217;expectorations du carcinome indiff\u00e9renci\u00e9 \u00e0 petites cellules que dans les \u00e9chantillons pr\u00e9lev\u00e9s directement.<br \/>\n60x\n<\/div>\n<div class=\"newRow\"><\/div>\n<div class=\"chartColumnCell\">\n<a href=\"\/gallery\/images_large\/slide0660.jpg\" class=\"highslide\" onclick=\"return hs.expand(this)\" name=\"pap\"><br \/>\n\t<img decoding=\"async\" src=\"\/gallery\/images\/slide0660.jpg\" alt=\"Image 2\" border=\"0\" title=\"Click to enlarge\"><\/a><\/p>\n<div class=\"highslide-caption\">\n<strong>Figure 147<\/strong><br \/>\n<br \/>\nExpectorations<br \/>\nConfiguration lin\u00e9aire des cellules tumorales du carcinome indiff\u00e9renci\u00e9 \u00e0 petites cellules.<br \/>\n60x <\/div>\n<\/div>\n<div class=\"chartColumnLongCell\">\n        <strong>Figure 147<br \/>\n        <\/strong><br \/>\nExpectorations<br \/>\nConfiguration lin\u00e9aire des cellules tumorales du carcinome indiff\u00e9renci\u00e9 \u00e0 petites cellules.<br \/>\n60x <\/div>\n<div class=\"newRow\"><\/div>\n<div class=\"chartColumnCell\">\n<a href=\"\/gallery\/images_large\/slide0661.jpg\" class=\"highslide\" onclick=\"return hs.expand(this)\"><br \/>\n\t<img decoding=\"async\" src=\"\/gallery\/images\/slide0661.jpg\" alt=\"Image 3\" border=\"0\" title=\"Click to enlarge\"><\/a><\/p>\n<div class=\"highslide-caption\">\n<strong>Figure 148<\/strong><br \/>\n<br \/>\nAiguille de Wang<br \/>\nDans cet \u00e9chantillon recueilli par biopsie \u00e0 aiguille transbronchique, les noyaux sont mieux pr\u00e9serv\u00e9s et le moulage nucl\u00e9aire moins important.<br \/>\n40x <\/div>\n<\/div>\n<div class=\"chartColumnLongCell\">\n \t<strong>Figure 148<br \/>\n \t<\/strong>        \t\tAiguille de Wang<br \/>\nDans cet \u00e9chantillon recueilli par biopsie \u00e0 aiguille transbronchique, les noyaux sont mieux pr\u00e9serv\u00e9s et le moulage nucl\u00e9aire moins important.<br \/>\n40x <\/div>\n<div class=\"newRow\"><\/div>\n<div class=\"chartColumnCell\">\n<a href=\"\/gallery\/images_large\/slide0662.jpg\" class=\"highslide\" onclick=\"return hs.expand(this)\"><br \/>\n\t<img decoding=\"async\" src=\"\/gallery\/images\/slide0662.jpg\" alt=\"Image 3\" border=\"0\" title=\"Click to enlarge\"><\/a><\/p>\n<div class=\"highslide-caption\">\n<strong>Figure 149<\/strong><br \/>\n<br \/>\nAiguille de Wang<br \/>\nNoter la chromatine d\u00e9licate de ce carcinome indiff\u00e9renci\u00e9 \u00e0 petites cellules recueilli par cytoponction \u00e0 l&#8217;aiguille. Absence de nucl\u00e9oles.<br \/>\n60x  <\/div>\n<\/div>\n<div class=\"chartColumnLongCell\">\n \t<strong>Figure 149<br \/>\n \t<\/strong>        \t\tAiguille de Wang<br \/>\nNoter la chromatine d\u00e9licate de ce carcinome indiff\u00e9renci\u00e9 \u00e0 petites cellules recueilli par cytoponction \u00e0 l&#8217;aiguille. Absence de nucl\u00e9oles.<br \/>\n60x <\/div>\n<div class=\"newRow\"><\/div>\n<div class=\"chartColumnCell\">\n<a href=\"\/gallery\/images_large\/slide0663.jpg\" class=\"highslide\" onclick=\"return hs.expand(this)\"><br \/>\n\t<img decoding=\"async\" src=\"\/gallery\/images\/slide0663.jpg\" alt=\"Image 3\" border=\"0\" title=\"Click to enlarge\"><\/a><\/p>\n<div class=\"highslide-caption\">\n<strong>Figure 150<\/strong><br \/>\n<br \/>\nAiguille de Wang<br \/>\nLes cellules du carcinome indiff\u00e9renci\u00e9 \u00e0 petites cellules peuvent \u00eatre arrondies, en forme de carotte ou de pyramide.<br \/>\n60x<\/div>\n<\/div>\n<div class=\"chartColumnLongCell\">\n \t<strong>Figure 150<br \/>\n \t<\/strong>        \t\tAiguille de Wang<br \/>\nLes cellules du carcinome indiff\u00e9renci\u00e9 \u00e0 petites cellules peuvent \u00eatre arrondies, en forme de carotte ou de pyramide.<br \/>\n60x  <\/div>\n<div class=\"newRow\"><\/div>\n<div class=\"chartColumnCell\">\n<a href=\"\/gallery\/images_large\/slide0664.jpg\" class=\"highslide\" onclick=\"return hs.expand(this)\" name=\"pap\"><br \/>\n\t<img decoding=\"async\" src=\"\/gallery\/images\/slide0664.jpg\" alt=\"Image 2\" border=\"0\" title=\"Click to enlarge\"><\/a><\/p>\n<div class=\"highslide-caption\">\n<strong>Figure 151<\/strong><br \/>\n<br \/>\nBrossage bronchique<br \/>\nCarcinome indiff\u00e9renci\u00e9 \u00e0 grandes cellules. Cellules si\u00e9geant dans des groupes serr\u00e9s.<br \/>\n40x  <\/div>\n<\/div>\n<div class=\"chartColumnLongCell\">\n        <strong>Figure 151<br \/>\n        <\/strong><br \/>\nBrossage bronchique<br \/>\nCarcinome indiff\u00e9renci\u00e9 \u00e0 grandes cellules. Cellules si\u00e9geant dans des groupes serr\u00e9s.<br \/>\n40x <\/div>\n<div class=\"newRow\"><\/div>\n<div class=\"chartColumnCell\">\n<a href=\"\/gallery\/images_large\/slide0665.jpg\" class=\"highslide\" onclick=\"return hs.expand(this)\"><br \/>\n\t<img decoding=\"async\" src=\"\/gallery\/images\/slide0665.jpg\" alt=\"Image 3\" border=\"0\" title=\"Click to enlarge\"><\/a><\/p>\n<div class=\"highslide-caption\">\n<strong>Figure 152<\/strong><br \/>\n<br \/>\nBrossage bronchique<br \/>\nUn plus fort grossissement montre le moulage nucl\u00e9aire et la n\u00e9crose de cellules individuelles.<br \/>\n60x  <\/div>\n<\/div>\n<div class=\"chartColumnLongCell\">\n \t<strong>Figure 152<br \/>\n \t<\/strong><br \/>\nBrossage bronchique<br \/>\nUn plus fort grossissement montre le moulage nucl\u00e9aire et la n\u00e9crose de cellules individuelles.<br \/>\n60x   <\/div>\n<div class=\"newRow\"><\/div>\n<div class=\"chartColumnCell\">\n<a href=\"\/gallery\/images_large\/slide0666.jpg\" class=\"highslide\" onclick=\"return hs.expand(this)\"><br \/>\n\t<img decoding=\"async\" src=\"\/gallery\/images\/slide0666.jpg\" alt=\"Image 3\" border=\"0\" title=\"Click to enlarge\"><\/a><\/p>\n<div class=\"highslide-caption\">\n<strong>Figure 153<\/strong><br \/>\n<br \/>\nLavage bronchiolo-alv\u00e9olaire<br \/>\nType de cellules interm\u00e9diaires du carcinome indiff\u00e9renci\u00e9 \u00e0 petites cellules \u00e0 diam\u00e8tre l\u00e9g\u00e8rement plus grand.<br \/>\n20x  <\/div>\n<\/div>\n<div class=\"chartColumnLongCell\">\n \t<strong>Figure 153<br \/>\n \t<\/strong><br \/>\nLavage bronchiolo-alv\u00e9olaire<br \/>\nType de cellules interm\u00e9diaires du carcinome indiff\u00e9renci\u00e9 \u00e0 petites cellules \u00e0 diam\u00e8tre l\u00e9g\u00e8rement plus grand.<br \/>\n20x <\/div>\n<div class=\"newRow\"><\/div>\n<div class=\"chartColumnCell\">\n<a href=\"\/gallery\/images_large\/slide0667.jpg\" class=\"highslide\" onclick=\"return hs.expand(this)\"><br \/>\n\t<img decoding=\"async\" src=\"\/gallery\/images\/slide0667.jpg\" alt=\"Image 3\" border=\"0\" title=\"Click to enlarge\"><\/a><\/p>\n<div class=\"highslide-caption\">\n<strong>Figure 154<\/strong><br \/>\n<br \/>\nLavage bronchiolo-alv\u00e9olaire<br \/>\nCarcinome indiff\u00e9renci\u00e9 \u00e0 grandes cellules, type de cellules interm\u00e9diaires. Comparer la taille des cellules malignes \u00e0 celle des cellules \u00e9pith\u00e9liales bronchiques prismatiques contigu\u00ebs.<br \/>\n60x <\/div>\n<\/div>\n<div class=\"chartColumnLongCell\">\n \t<strong>Figure 154<br \/>\n \t<\/strong><br \/>\nLavage bronchiolo-alv\u00e9olaire<br \/>\nCarcinome indiff\u00e9renci\u00e9 \u00e0 grandes cellules, type de cellules interm\u00e9diaires. Comparer la taille des cellules malignes \u00e0 celle des cellules \u00e9pith\u00e9liales bronchiques prismatiques contigu\u00ebs.<br \/>\n60x<\/div>\n<\/div>\n<div class=\"newRow\"><\/div>\n<p><a class=\"back\" href=\"#\">Retour au d\u00e9but<\/a><\/p>\n<p><a href=\"nongyn_atlas.htm\"> Retour \u00e0 la table des mati\u00e8res<\/a><\/p>\n<\/div>\n<p>[\/vc_column_text][vc_column_text el_class=&#8221;back-to-top&#8221;]<strong><a href=\"#main\">Back to Top<\/a><\/strong>[\/vc_column_text][\/vc_column][vc_column width=&#8221;1\/3&#8243; offset=&#8221;vc_hidden-sm vc_hidden-xs&#8221;][vc_widget_sidebar sidebar_id=&#8221;consulting-right-sidebar&#8221;][\/vc_column][\/vc_row]<\/p>\n","protected":false},"excerpt":{"rendered":"<p>[vc_row 0=&#8221;&#8221;][vc_column 0=&#8221;&#8221; offset=&#8221;vc_hidden-lg vc_hidden-md&#8221;][vc_raw_html 0=&#8221;&#8221;]PGNlbnRlcj48YSBjbGFzcz0ic2hpZnRuYXYtdG9nZ2xlIHNoaWZ0bmF2LXRvZ2dsZS1idXR0b24iIGRhdGEtc2hpZnRuYXYtdGFyZ2V0PSJzaGlmdG5hdi1tYWluIj48aSBjbGFzcz0iZmEgZmEtYmFycyI+PC9pPiBUYWJsZSBvZiBDb250ZW50cyA8L2E+PC9jZW50ZXI+[\/vc_raw_html][\/vc_column][\/vc_row][vc_row][vc_column][vc_custom_heading text=&#8221;Cytologie respiratoire&#8221; font_container=&#8221;tag:h1|text_align:center&#8221; use_theme_fonts=&#8221;yes&#8221;][\/vc_column][\/vc_row][vc_row][vc_column width=&#8221;2\/3&#8243;][vc_column_text] CARCINOME INDIFF\u00c9RENCI\u00c9 \u00c0 PETITES CELLULES Rappel : Vous pouvez cliquer sur une image de l&#8217;Atlas pour la voir dans un format plus grand. Figure 142 Expectorations Carcinome indiff\u00e9renci\u00e9 \u00e0 petites cellules. Comparer la taille des cellules malignes \u00e0 celle des cellules malpighiennes superficielles. 20x<\/p>\n","protected":false},"author":7,"featured_media":0,"parent":1949,"menu_order":0,"comment_status":"closed","ping_status":"closed","template":"","meta":{"ngg_post_thumbnail":0,"footnotes":""},"class_list":["post-2133","page","type-page","status-publish","hentry"],"_links":{"self":[{"href":"https:\/\/cytologystuff.com\/fr\/wp-json\/wp\/v2\/pages\/2133","targetHints":{"allow":["GET"]}}],"collection":[{"href":"https:\/\/cytologystuff.com\/fr\/wp-json\/wp\/v2\/pages"}],"about":[{"href":"https:\/\/cytologystuff.com\/fr\/wp-json\/wp\/v2\/types\/page"}],"author":[{"embeddable":true,"href":"https:\/\/cytologystuff.com\/fr\/wp-json\/wp\/v2\/users\/7"}],"replies":[{"embeddable":true,"href":"https:\/\/cytologystuff.com\/fr\/wp-json\/wp\/v2\/comments?post=2133"}],"version-history":[{"count":0,"href":"https:\/\/cytologystuff.com\/fr\/wp-json\/wp\/v2\/pages\/2133\/revisions"}],"up":[{"embeddable":true,"href":"https:\/\/cytologystuff.com\/fr\/wp-json\/wp\/v2\/pages\/1949"}],"wp:attachment":[{"href":"https:\/\/cytologystuff.com\/fr\/wp-json\/wp\/v2\/media?parent=2133"}],"curies":[{"name":"wp","href":"https:\/\/api.w.org\/{rel}","templated":true}]}}