{"id":2119,"date":"2017-08-01T12:43:59","date_gmt":"2017-08-01T12:43:59","guid":{"rendered":"http:\/\/cytologystuff1.wpengine.com\/non-gyn-atlas\/respiratory-cytology-normal\/"},"modified":"2017-11-17T07:10:36","modified_gmt":"2017-11-17T07:10:36","slug":"respiratory-cytology-normal","status":"publish","type":"page","link":"https:\/\/cytologystuff.com\/fr\/non-gyn-atlas\/respiratory-cytology-normal\/","title":{"rendered":"Cytologie respiratoire"},"content":{"rendered":"<p>[vc_row 0=&#8221;&#8221;][vc_column 0=&#8221;&#8221; offset=&#8221;vc_hidden-lg vc_hidden-md&#8221;][vc_raw_html 0=&#8221;&#8221;]PGNlbnRlcj48YSBjbGFzcz0ic2hpZnRuYXYtdG9nZ2xlIHNoaWZ0bmF2LXRvZ2dsZS1idXR0b24iIGRhdGEtc2hpZnRuYXYtdGFyZ2V0PSJzaGlmdG5hdi1tYWluIj48aSBjbGFzcz0iZmEgZmEtYmFycyI+PC9pPiBUYWJsZSBvZiBDb250ZW50cyA8L2E+PC9jZW50ZXI+[\/vc_raw_html][\/vc_column][\/vc_row][vc_row][vc_column][vc_custom_heading text=&#8221;Cytologie respiratoire&#8221; font_container=&#8221;tag:h1|text_align:center&#8221; use_theme_fonts=&#8221;yes&#8221;][\/vc_column][\/vc_row][vc_row][vc_column width=&#8221;2\/3&#8243;][vc_column_text]<\/p>\n<div id=>\n<p class=\"subhead\" id=\"acknowledgements\">CYTOLOGIE NORMALE<\/p>\n<p style=\"padding-left:7px\"><a href=\"javascript:void(0)\"  style=\"width:350px;display:block\"><img loading=\"lazy\" decoding=\"async\" src=\"\/images\/button27h.gif\" id=\"selfAssessImg\" width=\"350\" height=\"40\"><\/a><\/p>\n<div class=\"highslide-gallery\">\n<strong>Rappel : Vous pouvez cliquer sur une image<br \/>\nde l&#8217;Atlas pour la voir dans un format plus grand.<\/strong><\/p>\n<div class=\"chartColumnCell\">\n<a href=\"\/gallery\/images_large\/slide0514.jpg\" class=\"highslide\" onclick=\"return hs.expand(this)\" name=\"pap\"><br \/>\n\t<img decoding=\"async\" src=\"\/gallery\/images\/slide0514.jpg\" alt=\"Image 2\" border=\"0\" title=\"Click to enlarge\"><\/a><\/p>\n<div class=\"highslide-caption\">\n<strong>Figure 1<\/strong><br \/>\n<br \/>Lavage bronchiolo-alv\u00e9olaire<br \/>\nFaible grossissement montrant un m\u00e9lange de cellules \u00e9pith\u00e9liales et de macrophages.<br \/>\n20x<\/div>\n<\/div>\n<div class=\"chartColumnShortCell\">\n        \t<strong>Figure 1<br \/>\n        \t<\/strong>Lavage bronchiolo-alv\u00e9olaire<br \/>\nFaible grossissement montrant un m\u00e9lange de cellules \u00e9pith\u00e9liales et de macrophages.<br \/>\n20x <\/div>\n<div class=\"newRow\"><\/div>\n<div class=\"chartColumnCell\">\n<a href=\"\/gallery\/images_large\/slide0515.jpg\" class=\"highslide\" onclick=\"return hs.expand(this)\"><br \/>\n\t<img decoding=\"async\" src=\"\/gallery\/images\/slide0515.jpg\" alt=\"Image 3\" border=\"0\" title=\"Click to enlarge\"><\/a><\/p>\n<div class=\"highslide-caption\">\n<strong>Figure 2<\/strong><br \/>\n<br \/>Lavage bronchiolo-alv\u00e9olaire<br \/>\nMacrophages et cellules \u00e9pith\u00e9liales bronchiques \u00e9ventuellement multinucl\u00e9\u00e9es.<br \/>\n40x <\/div>\n<\/div>\n<div class=\"chartColumnShortCell\">\n \t\t<strong>Figure 2<br \/>\n \t\t<\/strong>        \t\tLavage bronchiolo-alv\u00e9olaire<br \/>\n        <br \/>\nMacrophages et cellules \u00e9pith\u00e9liales bronchiques \u00e9ventuellement multinucl\u00e9\u00e9es.<br \/>\n40x <\/div>\n<div class=\"newRow\"><\/div>\n<div class=\"chartColumnCell\">\n<a href=\"\/gallery\/images_large\/slide0516.jpg\" class=\"highslide\" onclick=\"return hs.expand(this)\"><br \/>\n\t<img decoding=\"async\" src=\"\/gallery\/images\/slide0516.jpg\" alt=\"Image 3\" border=\"0\" title=\"Click to enlarge\"><\/a><\/p>\n<div class=\"highslide-caption\">\n<strong>Figure 3<br \/><\/strong><br \/>\nLavage bronchiolo-alv\u00e9olaire<br \/>\nFort grossissement d&#8217;une cellule \u00e9pith\u00e9liale bronchique multinucl\u00e9\u00e9e. Noter la bandelette obturante supportant les cils.<br \/>\n60x <\/div>\n<\/div>\n<div class=\"chartColumnShortCell\">\n<strong>Figure 3<br \/>\n<\/strong><br \/>\nLavage bronchiolo-alv\u00e9olaire<br \/>\nFort grossissement d&#8217;une cellule \u00e9pith\u00e9liale bronchique multinucl\u00e9\u00e9e. Noter la bandelette obturante supportant les cils.<br \/>\n60x <\/div>\n<div class=\"newRow\"><\/div>\n<div class=\"chartColumnCell\">\n<a href=\"\/gallery\/images_large\/slide0517.jpg\" class=\"highslide\" onclick=\"return hs.expand(this)\" name=\"pap\"><br \/>\n\t<img decoding=\"async\" src=\"\/gallery\/images\/slide0517.jpg\" alt=\"Image 2\" border=\"0\" title=\"Click to enlarge\"><\/a><\/p>\n<div class=\"highslide-caption\">\n<strong>Figure 4<\/strong><br \/>\n<br \/>Lavage bronchiolo-alv\u00e9olaire<br \/>\nUn groupe de cellules \u00e9pith\u00e9liales bronchiques b\u00e9nignes peut avoir une large profondeur de champ.<br \/>\n40x <\/div>\n<\/div>\n<div class=\"chartColumnShortCell\">\n        \t<strong>Figure 4<br \/>\n        \t<\/strong>Lavage bronchiolo-alv\u00e9olaire<br \/>\nUn groupe de cellules \u00e9pith\u00e9liales bronchiques b\u00e9nignes peut avoir une large profondeur de champ.<br \/>\n40x<\/div>\n<div class=\"newRow\"><\/div>\n<div class=\"chartColumnCell\">\n<a href=\"\/gallery\/images_large\/slide0518.jpg\" class=\"highslide\" onclick=\"return hs.expand(this)\"><br \/>\n\t<img decoding=\"async\" src=\"\/gallery\/images\/slide0518.jpg\" alt=\"Image 3\" border=\"0\" title=\"Click to enlarge\"><\/a><\/p>\n<div class=\"highslide-caption\">\n<strong>Figure 5<\/strong><br \/>\n<br \/>Lavage bronchiolo-alv\u00e9olaire<br \/>\nCellules malpighiennes orales fr\u00e9quentes dans les \u00e9chantillons respiratoires.<br \/>\n20x<\/div>\n<\/div>\n<div class=\"chartColumnShortCell\">\n \t\t<strong>Figure 5<br \/>\n \t\t<\/strong>        \t\tLavage bronchiolo-alv\u00e9olaire<br \/>\n        <br \/>\nCellules malpighiennes orales fr\u00e9quentes dans les \u00e9chantillons respiratoires.<br \/>\n20x <\/div>\n<div class=\"newRow\"><\/div>\n<div class=\"chartColumnCell\">\n<a href=\"\/gallery\/images_large\/slide0519.jpg\" class=\"highslide\" onclick=\"return hs.expand(this)\" name=\"pap\"><br \/>\n\t<img decoding=\"async\" src=\"\/gallery\/images\/slide0519.jpg\" alt=\"Image 2\" border=\"0\" title=\"Click to enlarge\"><\/a><\/p>\n<div class=\"highslide-caption\">\n<strong>Figure 6<\/strong><br \/>\n<br \/>Lavage bronchiolo-alv\u00e9olaire<br \/>\nForme prismatique des cellules \u00e9pith\u00e9liales bronchiques, noyaux \u00e0 orientation basale dans le groupe de droite. Cellules de taille extr\u00eamement variable.<br \/>\n60x<\/div>\n<\/div>\n<div class=\"chartColumnLongCell\">\n        \t<strong>Figure 6<br \/>\n        \t<\/strong><br \/>\n            Lavage bronchiolo-alv\u00e9olaire<br \/>\n            <br \/>\nForme prismatique des cellules \u00e9pith\u00e9liales bronchiques, noyaux \u00e0 orientation basale dans le groupe de droite. Cellules de taille extr\u00eamement variable.<br \/>\n60x<\/div>\n<div class=\"newRow\"><\/div>\n<div class=\"chartColumnCell\">\n<a href=\"\/gallery\/images_large\/slide0520.jpg\" class=\"highslide\" onclick=\"return hs.expand(this)\"><br \/>\n\t<img decoding=\"async\" src=\"\/gallery\/images\/slide0520.jpg\" alt=\"Image 3\" border=\"0\" title=\"Click to enlarge\"><\/a><\/p>\n<div class=\"highslide-caption\">\n<strong>Figure 7<\/strong><br \/>\nBrossage bronchique<br \/>\nFaible grossissement illustrant de nombreux groupes cellulaires recueillis par brossage.<br \/>\n10x<\/div>\n<\/div>\n<div class=\"chartColumnShortCell\">\n \t\t<strong>Figure 7<br \/>\n \t\t<\/strong>        \t\tBrossage bronchique<br \/>\n        <br \/>\nFaible grossissement illustrant de nombreux groupes cellulaires recueillis par brossage.<br \/>\n10x <\/div>\n<div class=\"newRow\"><\/div>\n<div class=\"chartColumnCell\">\n<a href=\"\/gallery\/images_large\/slide0521.jpg\" class=\"highslide\" onclick=\"return hs.expand(this)\"><br \/>\n\t<img decoding=\"async\" src=\"\/gallery\/images\/slide0521.jpg\" alt=\"Image 3\" border=\"0\" title=\"Click to enlarge\"><\/a><\/p>\n<div class=\"highslide-caption\">\n<strong>Figure 8<\/strong><br \/>\n<br \/>Brossage bronchique<br \/>\nLes cellules sont nombreuses, mais elles conservent des caract\u00e9ristiques cytologiques b\u00e9nignes<br \/>\n60x<\/div>\n<\/div>\n<div class=\"chartColumnShortCell\">\n \t\t<strong>Figure 8<br \/>\n \t\t<\/strong>        \t\tBrossage bronchique<br \/>\nLes cellules sont nombreuses, mais elles conservent des caract\u00e9ristiques cytologiques b\u00e9nignes<br \/>\n60x <\/div>\n<div class=\"newRow\"><\/div>\n<div class=\"chartColumnCell\">\n<a href=\"\/gallery\/images_large\/slide0522.jpg\" class=\"highslide\" onclick=\"return hs.expand(this)\"><br \/>\n\t<img decoding=\"async\" src=\"\/gallery\/images\/slide0522.jpg\" alt=\"Image 3\" border=\"0\" title=\"Click to enlarge\"><\/a><\/p>\n<div class=\"highslide-caption\">\n<strong>Figure 9<\/strong><br \/>\n<br \/>Brossage bronchique<br \/>\nGroupe de cellules \u00e9pith\u00e9liales bronchiques avec cils, caract\u00e9ristique d&#8217;un \u00e9pith\u00e9lium bronchique b\u00e9nin.<br \/>\n40x  <\/div>\n<\/div>\n<div class=\"chartColumnShortCell\">\n \t\t<strong>Figure 9<br \/>\n \t\t<\/strong>        \t\tBrossage bronchique<br \/>\n        <br \/>\nGroupe de cellules \u00e9pith\u00e9liales bronchiques avec cils, caract\u00e9ristique d&#8217;un \u00e9pith\u00e9lium bronchique b\u00e9nin.<br \/>\n40x <\/div>\n<div class=\"newRow\"><\/div>\n<div class=\"chartColumnCell\">\n<a href=\"\/gallery\/images_large\/slide0523.jpg\" class=\"highslide\" onclick=\"return hs.expand(this)\" name=\"pap\"><br \/>\n\t<img decoding=\"async\" src=\"\/gallery\/images\/slide0523.jpg\" alt=\"Image 2\" border=\"0\" title=\"Click to enlarge\"><\/a><\/p>\n<div class=\"highslide-caption\">\n<strong>Figure 10<\/strong><br \/>\n<br \/>Brossage bronchique<br \/>\nMacrophage charg\u00e9 de carbone isol\u00e9 \u00e0 c\u00f4t\u00e9 de cellules \u00e9pith\u00e9liales.<br \/>\n60x <\/div>\n<\/div>\n<div class=\"chartColumnShortCell\">\n        \t<strong>Figure 10<br \/>\n        \t<\/strong><br \/>\n            Brossage bronchique<br \/>\n            <br \/>\nMacrophage charg\u00e9 de carbone isol\u00e9 \u00e0 c\u00f4t\u00e9 de cellules \u00e9pith\u00e9liales.<br \/>\n60x <\/div>\n<div class=\"newRow\"><\/div>\n<div class=\"chartColumnCell\">\n<a href=\"\/gallery\/images_large\/slide0524.jpg\" class=\"highslide\" onclick=\"return hs.expand(this)\"><br \/>\n\t<img decoding=\"async\" src=\"\/gallery\/images\/slide0524.jpg\" alt=\"Image 3\" border=\"0\" title=\"Click to enlarge\"><\/a><\/p>\n<div class=\"highslide-caption\">\n<strong>Figure 11<\/strong><br \/>\n<br \/>Lavage bronchique<br \/>\nFaible grossissement montrant des macrophages et un groupe de cellules \u00e9pith\u00e9liales bronchiques b\u00e9nignes.<br \/>\n20x <\/div>\n<\/div>\n<div class=\"chartColumnShortCell\">\n \t\t<strong>Figure 11<br \/>\n \t\t<\/strong>        \t\tLavage bronchique<br \/>\nFaible grossissement montrant des macrophages et un groupe de cellules \u00e9pith\u00e9liales bronchiques b\u00e9nignes.<br \/>\n20x <\/div>\n<div class=\"newRow\"><\/div>\n<div class=\"chartColumnCell\">\n<a href=\"\/gallery\/images_large\/slide0525.jpg\" class=\"highslide\" onclick=\"return hs.expand(this)\"><br \/>\n\t<img decoding=\"async\" src=\"\/gallery\/images\/slide0525.jpg\" alt=\"Image 3\" border=\"0\" title=\"Click to enlarge\"><\/a><\/p>\n<div class=\"highslide-caption\">\n<strong>Figure 12<br \/><\/strong><br \/>\nLavage bronchique<br \/>\nComparer la taille du groupe de cellules avec les macrophages et les cellules \u00e9pith\u00e9liales isol\u00e9es contigus.<br \/>\n40x <\/div>\n<\/div>\n<div class=\"chartColumnShortCell\">\n<strong>Figure 12<br \/>\n<\/strong><br \/>\nLavage bronchique<br \/>\n<br \/>\nComparer la taille du groupe de cellules avec les macrophages et les cellules \u00e9pith\u00e9liales isol\u00e9es contigus.<br \/>\n40x <\/div>\n<div class=\"newRow\"><\/div>\n<div class=\"chartColumnCell\">\n<a href=\"\/gallery\/images_large\/slide0526.jpg\" class=\"highslide\" onclick=\"return hs.expand(this)\" name=\"pap\"><br \/>\n\t<img decoding=\"async\" src=\"\/gallery\/images\/slide0526.jpg\" alt=\"Image 2\" border=\"0\" title=\"Click to enlarge\"><\/a><\/p>\n<div class=\"highslide-caption\">\n<strong>Figure 13<\/strong><br \/>\n<br \/>Lavage bronchique<br \/>\n\u00c0 fort grossissement, les cellules du groupe pr\u00e9sentent une forme prismatique.<br \/>\n60x <\/div>\n<\/div>\n<div class=\"chartColumnShortCell\">\n        \t<strong>Figure 13<br \/>\n        \t<\/strong>Lavage bronchique<br \/>\n\u00c0 fort grossissement, les cellules du groupe pr\u00e9sentent une forme prismatique.<br \/>\n60x <\/div>\n<div class=\"newRow\"><\/div>\n<div class=\"chartColumnCell\">\n<a href=\"\/gallery\/images_large\/slide0527.jpg\" class=\"highslide\" onclick=\"return hs.expand(this)\"><br \/>\n\t<img decoding=\"async\" src=\"\/gallery\/images\/slide0527.jpg\" alt=\"Image 3\" border=\"0\" title=\"Click to enlarge\"><\/a><\/p>\n<div class=\"highslide-caption\">\n<strong>Figure 14<\/strong><br \/>\n<br \/>Lavage bronchique<br \/>\nIl peut s&#8217;av\u00e9rer difficile de d\u00e9finir toutes les cellules, mais celles situ\u00e9es \u00e0 la p\u00e9riph\u00e9rie du groupe pr\u00e9sentent des caract\u00e9ristiques nucl\u00e9aires b\u00e9nignes.<br \/>\n40x<\/div>\n<\/div>\n<div class=\"chartColumnShortCell\">\n \t\t<strong>Figure 14<br \/>\n \t\t<\/strong>        \t\tLavage bronchique<br \/>\nIl peut s&#8217;av\u00e9rer difficile de d\u00e9finir toutes les cellules, mais celles situ\u00e9es \u00e0 la p\u00e9riph\u00e9rie du groupe pr\u00e9sentent des caract\u00e9ristiques nucl\u00e9aires b\u00e9nignes.<br \/>\n40x <\/div>\n<div class=\"newRow\"><\/div>\n<div class=\"chartColumnCell\">\n<a href=\"\/gallery\/images_large\/slide0528.jpg\" class=\"highslide\" onclick=\"return hs.expand(this)\"><br \/>\n\t<img decoding=\"async\" src=\"\/gallery\/images\/slide0528.jpg\" alt=\"Image 3\" border=\"0\" title=\"Click to enlarge\"><\/a><\/p>\n<div class=\"highslide-caption\">\n<strong>Figure 15<br \/>\n<\/strong>Lavage bronchique<br \/>\nUn groupe de cellules \u00e9pith\u00e9liales bronchiques peut imiter un ad\u00e9nocarcinome. En revanche, les cils projet\u00e9s depuis la p\u00e9riph\u00e9rie cellulaire sont un signe de leur nature b\u00e9nigne.<br \/>\n40x <\/div>\n<\/div>\n<div class=\"chartColumnLongCell\">\n<strong>Figure 15<br \/>\n<\/strong><br \/>\nLavage bronchique<br \/>\n<br \/>\nUn groupe de cellules \u00e9pith\u00e9liales bronchiques peut imiter un ad\u00e9nocarcinome. En revanche, les cils projet\u00e9s depuis la p\u00e9riph\u00e9rie cellulaire sont un signe de leur nature b\u00e9nigne.<br \/>\n40x <\/div>\n<div class=\"newRow\"><\/div>\n<div class=\"chartColumnCell\">\n<a href=\"\/gallery\/images_large\/slide0529.jpg\" class=\"highslide\" onclick=\"return hs.expand(this)\" name=\"pap\"><br \/>\n\t<img decoding=\"async\" src=\"\/gallery\/images\/slide0529.jpg\" alt=\"Image 2\" border=\"0\" title=\"Click to enlarge\"><\/a><\/p>\n<div class=\"highslide-caption\">\n<strong>Figure 16<\/strong><br \/>\n<br \/>Lavage bronchique<br \/>\nFaible grossissement montrant des cellules \u00e9pith\u00e9liales respiratoires dans un fond d&#8217;inflammation.<br \/>\n20x <\/div>\n<\/div>\n<div class=\"chartColumnShortCell\">\n        \t<strong>Figure 16<br \/>\n        \t<\/strong><br \/>\n            Lavage bronchique<br \/>\n            <br \/>\nFaible grossissement montrant des cellules \u00e9pith\u00e9liales respiratoires dans un fond d&#8217;inflammation.<br \/>\n20x<\/div>\n<div class=\"newRow\"><\/div>\n<div class=\"chartColumnCell\">\n<a href=\"\/gallery\/images_large\/slide0530.jpg\" class=\"highslide\" onclick=\"return hs.expand(this)\"><br \/>\n\t<img decoding=\"async\" src=\"\/gallery\/images\/slide0530.jpg\" alt=\"Image 3\" border=\"0\" title=\"Click to enlarge\"><\/a><\/p>\n<div class=\"highslide-caption\">\n<strong>Figure 17<\/strong><br \/>\n<br \/>Lavage bronchique<br \/>\nPolynucl\u00e9aires neutrophiles avec macrophages et autre mat\u00e9riel dans le fond, ce qui peut repr\u00e9senter une infection, une inflammation chronique ou d&#8217;autres l\u00e9sions pulmonaires.<br \/>\n40x<\/div>\n<\/div>\n<div class=\"chartColumnLongCell\">\n \t\t<strong>Figure 17<br \/>\n \t\t<\/strong>        \t\tLavage bronchique<br \/>\n        <br \/>\nPolynucl\u00e9aires neutrophiles avec macrophages et autre mat\u00e9riel dans le fond, ce qui peut repr\u00e9senter une infection, une inflammation chronique ou d&#8217;autres l\u00e9sions pulmonaires.<br \/>\n40x <\/div>\n<div class=\"newRow\"><\/div>\n<div class=\"chartColumnCell\">\n<a href=\"\/gallery\/images_large\/slide0531.jpg\" class=\"highslide\" onclick=\"return hs.expand(this)\" name=\"pap\"><br \/>\n\t<img decoding=\"async\" src=\"\/gallery\/images\/slide0531.jpg\" alt=\"Image 2\" border=\"0\" title=\"Click to enlarge\"><\/a><\/p>\n<div class=\"highslide-caption\">\n<strong>Figure 18<\/strong><br \/>\n<br \/>Lavage bronchique<br \/>\nGroupe compos\u00e9 de cellules \u00e9pith\u00e9liales bronchiques et de cellules m\u00e9taplasiques.<br \/>\n60x<\/div>\n<\/div>\n<div class=\"chartColumnShortCell\">\n        \t<strong>Figure 18<br \/>\n        \t<\/strong><br \/>\n Lavage bronchique<br \/>\n <br \/>\nGroupe compos\u00e9 de cellules \u00e9pith\u00e9liales bronchiques et de cellules m\u00e9taplasiques.<br \/>\n60x<\/div>\n<div class=\"newRow\"><\/div>\n<div class=\"chartColumnCell\">\n<a href=\"\/gallery\/images_large\/slide0532.jpg\" class=\"highslide\" onclick=\"return hs.expand(this)\"><br \/>\n\t<img decoding=\"async\" src=\"\/gallery\/images\/slide0532.jpg\" alt=\"Image 3\" border=\"0\" title=\"Click to enlarge\"><\/a><\/p>\n<div class=\"highslide-caption\">\n<strong>Figure 19<\/strong><br \/>\n<br \/>Lavage bronchique<br \/>\nLes bact\u00e9ries de la cavit\u00e9 orale contaminent fr\u00e9quemment l&#8217;\u00e9chantillon respiratoire. Elles recouvrent g\u00e9n\u00e9ralement les cellules malpighiennes orales superficielles.<br \/>\n60x<\/div>\n<\/div>\n<div class=\"chartColumnShortCell\">\n \t\t<strong>Figure 19<br \/>\n \t\t<\/strong>        \t\tLavage bronchique<br \/>\n        <br \/>\nLes bact\u00e9ries de la cavit\u00e9 orale contaminent fr\u00e9quemment l&#8217;\u00e9chantillon respiratoire. Elles recouvrent g\u00e9n\u00e9ralement les cellules malpighiennes orales superficielles.<br \/>\n60x <\/div>\n<div class=\"newRow\"><\/div>\n<div class=\"chartColumnCell\">\n<a href=\"\/gallery\/images_large\/slide0533.jpg\" class=\"highslide\" onclick=\"return hs.expand(this)\" name=\"pap\"><br \/>\n\t<img decoding=\"async\" src=\"\/gallery\/images\/slide0533.jpg\" alt=\"Image 2\" border=\"0\" title=\"Click to enlarge\"><\/a><\/p>\n<div class=\"highslide-caption\">\n<strong>Figure 20<\/strong><br \/>\n<br \/>Expectorations<br \/>\nDans certains \u00e9chantillons, les cellules \u00e9pith\u00e9liales bronchiques peuvent \u00eatre hyperchromatiques ou pycnotiques.<br \/>\n60X<\/div>\n<\/div>\n<div class=\"chartColumnShortCell\">\n        \t<strong>Figure 20<br \/>\n        \t<\/strong><br \/>\nExpectorations<br \/>\nDans certains \u00e9chantillons, les cellules \u00e9pith\u00e9liales bronchiques peuvent \u00eatre hyperchromatiques ou pycnotiques.<br \/>\n60X<\/div>\n<div class=\"newRow\"><\/div>\n<div class=\"chartColumnCell\">\n<a href=\"\/gallery\/images_large\/slide0534.jpg\" class=\"highslide\" onclick=\"return hs.expand(this)\"><br \/>\n\t<img decoding=\"async\" src=\"\/gallery\/images\/slide0534.jpg\" alt=\"Image 3\" border=\"0\" title=\"Click to enlarge\"><\/a><\/p>\n<div class=\"highslide-caption\">\n<strong>Figure 21<\/strong><br \/>\n<br \/>\nExpectorations<br \/>\nFort grossissement montrant des cellules \u00e9pith\u00e9liales bronchiques avec noyaux pycnotiques.<br \/>\n60X <\/div>\n<\/div>\n<div class=\"chartColumnShortCell\">\n \t\t<strong>Figure 21<br \/>\n \t\t<\/strong>        \t\tExpectorations<br \/>\nFort grossissement montrant des cellules \u00e9pith\u00e9liales bronchiques avec noyaux pycnotiques.<br \/>\n60X <\/div>\n<\/div>\n<div class=\"newRow\"><\/div>\n<p><a class=\"back\" href=\"#\">Retour au d\u00e9but<\/a><\/p>\n<p><a href=\"nongyn_atlas.htm\"> Retour \u00e0 la table des mati\u00e8res<\/a><\/p>\n<\/div>\n<p>[\/vc_column_text][\/vc_column][vc_column width=&#8221;1\/3&#8243; offset=&#8221;vc_hidden-sm vc_hidden-xs&#8221;][vc_widget_sidebar sidebar_id=&#8221;consulting-right-sidebar&#8221;][\/vc_column][\/vc_row]<\/p>\n","protected":false},"excerpt":{"rendered":"<p>[vc_row 0=&#8221;&#8221;][vc_column 0=&#8221;&#8221; offset=&#8221;vc_hidden-lg vc_hidden-md&#8221;][vc_raw_html 0=&#8221;&#8221;]PGNlbnRlcj48YSBjbGFzcz0ic2hpZnRuYXYtdG9nZ2xlIHNoaWZ0bmF2LXRvZ2dsZS1idXR0b24iIGRhdGEtc2hpZnRuYXYtdGFyZ2V0PSJzaGlmdG5hdi1tYWluIj48aSBjbGFzcz0iZmEgZmEtYmFycyI+PC9pPiBUYWJsZSBvZiBDb250ZW50cyA8L2E+PC9jZW50ZXI+[\/vc_raw_html][\/vc_column][\/vc_row][vc_row][vc_column][vc_custom_heading text=&#8221;Cytologie respiratoire&#8221; font_container=&#8221;tag:h1|text_align:center&#8221; use_theme_fonts=&#8221;yes&#8221;][\/vc_column][\/vc_row][vc_row][vc_column width=&#8221;2\/3&#8243;][vc_column_text] CYTOLOGIE NORMALE Rappel : Vous pouvez cliquer sur une image de l&#8217;Atlas pour la voir dans un format plus grand. Figure 1 Lavage bronchiolo-alv\u00e9olaire Faible grossissement montrant un m\u00e9lange de cellules \u00e9pith\u00e9liales et de macrophages. 20x Figure 1 Lavage bronchiolo-alv\u00e9olaire Faible grossissement montrant un<\/p>\n","protected":false},"author":7,"featured_media":0,"parent":1949,"menu_order":0,"comment_status":"closed","ping_status":"closed","template":"","meta":{"ngg_post_thumbnail":0,"footnotes":""},"class_list":["post-2119","page","type-page","status-publish","hentry"],"_links":{"self":[{"href":"https:\/\/cytologystuff.com\/fr\/wp-json\/wp\/v2\/pages\/2119","targetHints":{"allow":["GET"]}}],"collection":[{"href":"https:\/\/cytologystuff.com\/fr\/wp-json\/wp\/v2\/pages"}],"about":[{"href":"https:\/\/cytologystuff.com\/fr\/wp-json\/wp\/v2\/types\/page"}],"author":[{"embeddable":true,"href":"https:\/\/cytologystuff.com\/fr\/wp-json\/wp\/v2\/users\/7"}],"replies":[{"embeddable":true,"href":"https:\/\/cytologystuff.com\/fr\/wp-json\/wp\/v2\/comments?post=2119"}],"version-history":[{"count":0,"href":"https:\/\/cytologystuff.com\/fr\/wp-json\/wp\/v2\/pages\/2119\/revisions"}],"up":[{"embeddable":true,"href":"https:\/\/cytologystuff.com\/fr\/wp-json\/wp\/v2\/pages\/1949"}],"wp:attachment":[{"href":"https:\/\/cytologystuff.com\/fr\/wp-json\/wp\/v2\/media?parent=2119"}],"curies":[{"name":"wp","href":"https:\/\/api.w.org\/{rel}","templated":true}]}}