{"id":2112,"date":"2017-08-01T12:47:57","date_gmt":"2017-08-01T12:47:57","guid":{"rendered":"http:\/\/cytologystuff1.wpengine.com\/non-gyn-atlas\/respiratory-cytology-large-cell-undifferentiated-carcinoma\/"},"modified":"2017-11-21T07:34:14","modified_gmt":"2017-11-21T07:34:14","slug":"respiratory-cytology-large-cell-undifferentiated-carcinoma","status":"publish","type":"page","link":"https:\/\/cytologystuff.com\/fr\/non-gyn-atlas\/respiratory-cytology-large-cell-undifferentiated-carcinoma\/","title":{"rendered":"Cytologie respiratoire"},"content":{"rendered":"<p>[vc_row 0=&#8221;&#8221;][vc_column 0=&#8221;&#8221; offset=&#8221;vc_hidden-lg vc_hidden-md&#8221;][vc_raw_html 0=&#8221;&#8221;]PGNlbnRlcj48YSBjbGFzcz0ic2hpZnRuYXYtdG9nZ2xlIHNoaWZ0bmF2LXRvZ2dsZS1idXR0b24iIGRhdGEtc2hpZnRuYXYtdGFyZ2V0PSJzaGlmdG5hdi1tYWluIj48aSBjbGFzcz0iZmEgZmEtYmFycyI+PC9pPiBUYWJsZSBvZiBDb250ZW50cyA8L2E+PC9jZW50ZXI+[\/vc_raw_html][\/vc_column][\/vc_row][vc_row][vc_column][vc_custom_heading text=&#8221;Cytologie respiratoire&#8221; font_container=&#8221;tag:h1|text_align:center&#8221; use_theme_fonts=&#8221;yes&#8221;][\/vc_column][\/vc_row][vc_row][vc_column width=&#8221;2\/3&#8243;][vc_column_text]<\/p>\n<div id=>\n<p class=\"subhead\" id=\"acknowledgements\">CARCINOME INDIFF\u00c9RENCI\u00c9 \u00c0 GRANDES CELLULES <\/p>\n<p style=\"padding-left:7px\"><a href=\"javascript:void(0)\"  style=\"width:350px;display:block\"><img loading=\"lazy\" decoding=\"async\" src=\"\/images\/button27h.gif\" id=\"selfAssessImg\" width=\"350\" height=\"40\"><\/a><\/p>\n<div class=\"highslide-gallery\">\n<strong>Rappel : Vous pouvez cliquer sur une image<br \/>\nde l&#8217;Atlas pour la voir dans un format plus grand.<\/strong><\/p>\n<div class=\"chartColumnCell\">\n<a href=\"\/gallery\/images_large\/slide0644.jpg\" class=\"highslide\" onclick=\"return hs.expand(this)\" name=\"pap\"><br \/>\n\t<img decoding=\"async\" src=\"\/gallery\/images\/slide0644.jpg\" alt=\"Image 2\" border=\"0\" title=\"Click to enlarge\"><\/a><\/p>\n<div class=\"highslide-caption\">\n<strong>Figure 131<\/strong><br \/>\n<br \/>\nBrossage bronchique<br \/>\nFaible grossissement montrant un groupe de cellules issu d&#8217;un carcinome indiff\u00e9renci\u00e9 \u00e0 grandes cellules.<br \/>\n20x <\/div>\n<\/div>\n<div class=\"chartColumnLongCell\">\n<strong>Figure 131<br \/>\n<\/strong><br \/>\nBrossage bronchique<br \/>\nFaible grossissement montrant un groupe de cellules issu d&#8217;un carcinome indiff\u00e9renci\u00e9 \u00e0 grandes cellules.<br \/>\n20x<\/div>\n<div class=\"newRow\"><\/div>\n<div class=\"chartColumnCell\">\n<a href=\"\/gallery\/images_large\/slide0645.jpg\" class=\"highslide\" onclick=\"return hs.expand(this)\"><br \/>\n\t<img decoding=\"async\" src=\"\/gallery\/images\/slide0645.jpg\" alt=\"Image 3\" border=\"0\" title=\"Click to enlarge\"><\/a><\/p>\n<div class=\"highslide-caption\">\n<strong>Figure 132<\/strong><br \/>\n<br \/>\nBrossage bronchique<br \/>\nLes cellules du carcinome indiff\u00e9renci\u00e9 \u00e0 grandes cellules manquent de coh\u00e9rence. Comparer la taille des cellules malignes \u00e0 l&#8217;\u00e9pith\u00e9lium bronchique normal contigu.<br \/>\n40x<\/div>\n<\/div>\n<div class=\"chartColumnLongCell\">\n \t<strong>Figure 132<br \/>\n \t<\/strong><br \/>\n Brossage bronchique<br \/>\nLes cellules du carcinome indiff\u00e9renci\u00e9 \u00e0 grandes cellules manquent de coh\u00e9rence. Comparer la taille des cellules malignes \u00e0 l&#8217;\u00e9pith\u00e9lium bronchique normal contigu.<br \/>\n40x<\/div>\n<div class=\"newRow\"><\/div>\n<div class=\"chartColumnCell\">\n<a href=\"\/gallery\/images_large\/slide0646.jpg\" class=\"highslide\" onclick=\"return hs.expand(this)\"><br \/>\n\t<img decoding=\"async\" src=\"\/gallery\/images\/slide0646.jpg\" alt=\"Image 3\" border=\"0\" title=\"Click to enlarge\"><\/a><\/p>\n<div class=\"highslide-caption\">\n<strong>Figure 133<br \/>\n<\/strong><br \/>\nBrossage bronchique<br \/>\nPar d\u00e9finition, le carcinome indiff\u00e9renci\u00e9 \u00e0 grandes cellules manque de diff\u00e9renciation malpighienne ou glandulaire. N\u00e9anmoins, la plupart des ad\u00e9nocarcinomes sont mal diff\u00e9renci\u00e9s \u00e0 un niveau ultra-structurel.<br \/>\n60x <\/div>\n<\/div>\n<div class=\"chartColumnLongCell\">\n<strong>Figure 133<br \/>\n<\/strong><br \/>\nBrossage bronchique<br \/>\nPar d\u00e9finition, le carcinome indiff\u00e9renci\u00e9 \u00e0 grandes cellules manque de diff\u00e9renciation malpighienne ou glandulaire. N\u00e9anmoins, la plupart des ad\u00e9nocarcinomes sont mal diff\u00e9renci\u00e9s \u00e0 un niveau ultra-structurel.<br \/>\n60x <\/div>\n<div class=\"newRow\"><\/div>\n<div class=\"chartColumnCell\">\n<a href=\"\/gallery\/images_large\/slide0647.jpg\" class=\"highslide\" onclick=\"return hs.expand(this)\" name=\"pap\"><br \/>\n\t<img decoding=\"async\" src=\"\/gallery\/images\/slide0647.jpg\" alt=\"Image 2\" border=\"0\" title=\"Click to enlarge\"><\/a><\/p>\n<div class=\"highslide-caption\">\n<strong>Figure 134<\/strong><br \/>\n<br \/>\nBrossage bronchique<br \/>\nUn carcinome indiff\u00e9renci\u00e9 \u00e0 grandes cellules recueilli par brossage bronchique.<br \/>\n40x<\/div>\n<\/div>\n<div class=\"chartColumnLongCell\">\n<strong>Figure 134<br \/>\n<\/strong><br \/>\nBrossage bronchique<br \/>\nUn carcinome indiff\u00e9renci\u00e9 \u00e0 grandes cellules recueilli par brossage bronchique.<br \/>\n40x<\/div>\n<div class=\"newRow\"><\/div>\n<div class=\"chartColumnCell\">\n<a href=\"\/gallery\/images_large\/slide0648.jpg\" class=\"highslide\" onclick=\"return hs.expand(this)\"><br \/>\n\t<img decoding=\"async\" src=\"\/gallery\/images\/slide0648.jpg\" alt=\"Image 3\" border=\"0\" title=\"Click to enlarge\"><\/a><\/p>\n<div class=\"highslide-caption\">\n<strong>Figure 135<\/strong><br \/>\n<br \/>\nBrossage bronchique<br \/>\nPlus fort grossissement d&#8217;un carcinome indiff\u00e9renci\u00e9 \u00e0 grandes cellules.<br \/>\n60x <\/div>\n<\/div>\n<div class=\"chartColumnShortCell\">\n \t<strong>Figure 135<br \/>\n \t<\/strong>        \t\tBrossage bronchique<br \/>\nPlus fort grossissement d&#8217;un carcinome indiff\u00e9renci\u00e9 \u00e0 grandes cellules.<br \/>\n60x\n<\/div>\n<div class=\"newRow\"><\/div>\n<div class=\"chartColumnCell\">\n<a href=\"\/gallery\/images_large\/slide0649.jpg\" class=\"highslide\" onclick=\"return hs.expand(this)\" name=\"pap\"><br \/>\n\t<img decoding=\"async\" src=\"\/gallery\/images\/slide0649.jpg\" alt=\"Image 2\" border=\"0\" title=\"Click to enlarge\"><\/a><\/p>\n<div class=\"highslide-caption\">\n<strong>Figure 136<\/strong><br \/>\n<br \/>\nBrossage bronchique <br \/>\nCarcinome indiff\u00e9renci\u00e9 \u00e0 grandes cellules.<br \/>\n20x<\/div>\n<\/div>\n<div class=\"chartColumnLongCell\">\n<strong>Figure 136<br \/>\n<\/strong><br \/>\nBrossage bronchique <br \/>\nCarcinome indiff\u00e9renci\u00e9 \u00e0 grandes cellules.<br \/>\n20x<\/div>\n<div class=\"newRow\"><\/div>\n<div class=\"chartColumnCell\">\n<a href=\"\/gallery\/images_large\/slide0650.jpg\" class=\"highslide\" onclick=\"return hs.expand(this)\"><br \/>\n\t<img decoding=\"async\" src=\"\/gallery\/images\/slide0650.jpg\" alt=\"Image 3\" border=\"0\" title=\"Click to enlarge\"><\/a><\/p>\n<div class=\"highslide-caption\">\n<strong>Figure 137<\/strong><br \/>\n<br \/>\nLavage bronchique<br \/>\nGroupe de cellules tumorales touchant une bande d&#8217;\u00e9pith\u00e9lium bronchique normal. Comparer les tailles nucl\u00e9aires.<br \/>\n40x <\/div>\n<\/div>\n<div class=\"chartColumnLongCell\">\n \t<strong>Figure 137<br \/>\n \t<\/strong>        \t\tLavage bronchique<br \/>\nGroupe de cellules tumorales touchant une bande d&#8217;\u00e9pith\u00e9lium bronchique normal. Comparer les tailles nucl\u00e9aires.<br \/>\n40x <\/div>\n<div class=\"newRow\"><\/div>\n<div class=\"chartColumnCell\">\n<a href=\"\/gallery\/images_large\/slide0651.jpg\" class=\"highslide\" onclick=\"return hs.expand(this)\"><br \/>\n\t<img decoding=\"async\" src=\"\/gallery\/images\/slide0651.jpg\" alt=\"Image 3\" border=\"0\" title=\"Click to enlarge\"><\/a><\/p>\n<div class=\"highslide-caption\">\n<strong>Figure 138<\/strong><br \/>\n<br \/>\nLavage bronchique<br \/>\nPr\u00e9sence de nombreux nucl\u00e9oles dans le carcinome indiff\u00e9renci\u00e9 \u00e0 grandes cellules.<br \/>\n60x <\/div>\n<\/div>\n<div class=\"chartColumnLongCell\">\n \t<strong>Figure 138<br \/>\n \t<\/strong>        \t\tLavage bronchique<br \/>\nPr\u00e9sence de nombreux nucl\u00e9oles dans le carcinome indiff\u00e9renci\u00e9 \u00e0 grandes cellules.<br \/>\n60x <\/div>\n<div class=\"newRow\"><\/div>\n<div class=\"chartColumnCell\">\n<a href=\"\/gallery\/images_large\/slide0652.jpg\" class=\"highslide\" onclick=\"return hs.expand(this)\"><br \/>\n\t<img decoding=\"async\" src=\"\/gallery\/images\/slide0652.jpg\" alt=\"Image 3\" border=\"0\" title=\"Click to enlarge\"><\/a><\/p>\n<div class=\"highslide-caption\">\n<strong>Figure 139<\/strong><br \/>\n<br \/>\nLavage bronchique<br \/>\nFaible grossissement d&#8217;un carcinome indiff\u00e9renci\u00e9 \u00e0 grandes cellules.<br \/>\n20x <\/div>\n<\/div>\n<div class=\"chartColumnLongCell\">\n \t<strong>Figure 139<br \/>\n \t<\/strong>        \t\tLavage bronchique<br \/>\nFaible grossissement d&#8217;un carcinome indiff\u00e9renci\u00e9 \u00e0 grandes cellules.<br \/>\n20x  <\/div>\n<div class=\"newRow\"><\/div>\n<div class=\"chartColumnCell\">\n<a href=\"\/gallery\/images_large\/slide0653.jpg\" class=\"highslide\" onclick=\"return hs.expand(this)\" name=\"pap\"><br \/>\n\t<img decoding=\"async\" src=\"\/gallery\/images\/slide0653.jpg\" alt=\"Image 2\" border=\"0\" title=\"Click to enlarge\"><\/a><\/p>\n<div class=\"highslide-caption\">\n<strong>Figure 140<\/strong><br \/>\n<br \/>\nLavage bronchique<br \/>\nFort grossissement ne montrant aucune diff\u00e9renciation malpighienne ou glandulaire significative.<br \/>\n40x  <\/div>\n<\/div>\n<div class=\"chartColumnLongCell\">\n<strong>Figure 140<br \/>\n<\/strong><br \/>\nLavage bronchique<br \/>\nFort grossissement ne montrant aucune diff\u00e9renciation malpighienne ou glandulaire significative.<br \/>\n40x <\/div>\n<div class=\"newRow\"><\/div>\n<div class=\"chartColumnCell\">\n<a href=\"\/gallery\/images_large\/slide0654.jpg\" class=\"highslide\" onclick=\"return hs.expand(this)\"><br \/>\n\t<img decoding=\"async\" src=\"\/gallery\/images\/slide0654.jpg\" alt=\"Image 3\" border=\"0\" title=\"Click to enlarge\"><\/a><\/p>\n<div class=\"highslide-caption\">\n<strong>Figure 141<\/strong><br \/>\n<br \/>\nLavage bronchique<br \/>\nAd\u00e9nocarcinome indiff\u00e9renci\u00e9 \u00e0 grandes cellules.<br \/>\n60x   <\/div>\n<\/div>\n<div class=\"chartColumnShortCell\">\n \t<strong>Figure 141<br \/>\n \t<\/strong><br \/>\nLavage bronchique<br \/>\nAd\u00e9nocarcinome indiff\u00e9renci\u00e9 \u00e0 grandes cellules.<br \/>\n60x  <\/div>\n<\/div>\n<div class=\"newRow\"><\/div>\n<p><a class=\"back\" href=\"#\">Retour au d\u00e9but<\/a><\/p>\n<p><a href=\"nongyn_atlas.htm\"> Retour \u00e0 la table des mati\u00e8res<\/a><\/p>\n<\/div>\n<p>[\/vc_column_text][\/vc_column][vc_column width=&#8221;1\/3&#8243; offset=&#8221;vc_hidden-sm vc_hidden-xs&#8221;][vc_widget_sidebar sidebar_id=&#8221;consulting-right-sidebar&#8221;][\/vc_column][\/vc_row]<\/p>\n","protected":false},"excerpt":{"rendered":"<p>[vc_row 0=&#8221;&#8221;][vc_column 0=&#8221;&#8221; offset=&#8221;vc_hidden-lg vc_hidden-md&#8221;][vc_raw_html 0=&#8221;&#8221;]PGNlbnRlcj48YSBjbGFzcz0ic2hpZnRuYXYtdG9nZ2xlIHNoaWZ0bmF2LXRvZ2dsZS1idXR0b24iIGRhdGEtc2hpZnRuYXYtdGFyZ2V0PSJzaGlmdG5hdi1tYWluIj48aSBjbGFzcz0iZmEgZmEtYmFycyI+PC9pPiBUYWJsZSBvZiBDb250ZW50cyA8L2E+PC9jZW50ZXI+[\/vc_raw_html][\/vc_column][\/vc_row][vc_row][vc_column][vc_custom_heading text=&#8221;Cytologie respiratoire&#8221; font_container=&#8221;tag:h1|text_align:center&#8221; use_theme_fonts=&#8221;yes&#8221;][\/vc_column][\/vc_row][vc_row][vc_column width=&#8221;2\/3&#8243;][vc_column_text] CARCINOME INDIFF\u00c9RENCI\u00c9 \u00c0 GRANDES CELLULES Rappel : Vous pouvez cliquer sur une image de l&#8217;Atlas pour la voir dans un format plus grand. Figure 131 Brossage bronchique Faible grossissement montrant un groupe de cellules issu d&#8217;un carcinome indiff\u00e9renci\u00e9 \u00e0 grandes cellules. 20x Figure 131<\/p>\n","protected":false},"author":7,"featured_media":0,"parent":1949,"menu_order":0,"comment_status":"closed","ping_status":"closed","template":"","meta":{"ngg_post_thumbnail":0,"footnotes":""},"class_list":["post-2112","page","type-page","status-publish","hentry"],"_links":{"self":[{"href":"https:\/\/cytologystuff.com\/fr\/wp-json\/wp\/v2\/pages\/2112","targetHints":{"allow":["GET"]}}],"collection":[{"href":"https:\/\/cytologystuff.com\/fr\/wp-json\/wp\/v2\/pages"}],"about":[{"href":"https:\/\/cytologystuff.com\/fr\/wp-json\/wp\/v2\/types\/page"}],"author":[{"embeddable":true,"href":"https:\/\/cytologystuff.com\/fr\/wp-json\/wp\/v2\/users\/7"}],"replies":[{"embeddable":true,"href":"https:\/\/cytologystuff.com\/fr\/wp-json\/wp\/v2\/comments?post=2112"}],"version-history":[{"count":0,"href":"https:\/\/cytologystuff.com\/fr\/wp-json\/wp\/v2\/pages\/2112\/revisions"}],"up":[{"embeddable":true,"href":"https:\/\/cytologystuff.com\/fr\/wp-json\/wp\/v2\/pages\/1949"}],"wp:attachment":[{"href":"https:\/\/cytologystuff.com\/fr\/wp-json\/wp\/v2\/media?parent=2112"}],"curies":[{"name":"wp","href":"https:\/\/api.w.org\/{rel}","templated":true}]}}