{"id":2077,"date":"2017-07-31T19:31:02","date_gmt":"2017-07-31T19:31:02","guid":{"rendered":"http:\/\/cytologystuff1.wpengine.com\/non-gyn-atlas\/negative-washes\/"},"modified":"2017-11-16T07:43:03","modified_gmt":"2017-11-16T07:43:03","slug":"negative-washes","status":"publish","type":"page","link":"https:\/\/cytologystuff.com\/fr\/non-gyn-atlas\/negative-washes\/","title":{"rendered":"Cytologie des effusions de la cavit\u00e9 pleurale, p\u00e9ricardique et p\u00e9riton\u00e9ale"},"content":{"rendered":"<p>[vc_row 0=&#8221;&#8221;][vc_column 0=&#8221;&#8221; offset=&#8221;vc_hidden-lg vc_hidden-md&#8221;][vc_raw_html 0=&#8221;&#8221;]PGNlbnRlcj48YSBjbGFzcz0ic2hpZnRuYXYtdG9nZ2xlIHNoaWZ0bmF2LXRvZ2dsZS1idXR0b24iIGRhdGEtc2hpZnRuYXYtdGFyZ2V0PSJzaGlmdG5hdi1tYWluIj48aSBjbGFzcz0iZmEgZmEtYmFycyI+PC9pPiBUYWJsZSBvZiBDb250ZW50cyA8L2E+PC9jZW50ZXI+[\/vc_raw_html][\/vc_column][\/vc_row][vc_row][vc_column][vc_custom_heading text=&#8221;Cytologie des effusions de la cavit\u00e9 pleurale, p\u00e9ricardique et p\u00e9riton\u00e9ale&#8221; font_container=&#8221;tag:h1|text_align:center&#8221; use_theme_fonts=&#8221;yes&#8221;][\/vc_column][\/vc_row][vc_row el_id=&#8221;acknowledgements&#8221;][vc_column width=&#8221;2\/3&#8243;][vc_column_text]<\/p>\n<div id=>\n<p class=\"subhead\">LAVAGES N\u00c9GATIFS <\/p>\n<p style=\"padding-left:7px\"><a href=\"javascript:void(0)\"  style=\"width:350px;display:block\"><img loading=\"lazy\" decoding=\"async\" src=\"\/images\/button27h.gif\" id=\"selfAssessImg\" width=\"350\" height=\"40\"><\/a><\/p>\n<div class=\"highslide-gallery\">\n<strong>Rappel : Vous pouvez cliquer sur une image<br \/>\nde l&#8217;Atlas pour la voir dans un format plus grand.<\/strong><\/p>\n<div class=\"chartColumnCell\">\n<a href=\"\/gallery\/images_large\/slide0413.jpg\" class=\"highslide\" onclick=\"return hs.expand(this)\" name=\"pap\"><br \/>\n\t<img decoding=\"async\" src=\"\/gallery\/images\/slide0413.jpg\" alt=\"Image 2\" border=\"0\" title=\"Click to enlarge\"><\/a><\/p>\n<div class=\"highslide-caption\">\n        <strong>Figure 13<\/strong><br \/>\n       <br \/>\n  Lavage p\u00e9riton\u00e9al :  B\u00e9nin. 20X <\/div>\n<\/div>\n<div class=\"chartColumnShortCell\">\n        \t<strong>Figure 13<br \/>\n        \t<\/strong>Lavage p\u00e9riton\u00e9al :<br \/>\nB\u00e9nin.<br \/>\n20X  <\/div>\n<div class=\"newRow\"><\/div>\n<p>Le chirurgien a recours \u00e0 une irrigation ou\u00e0 un barbotage pour recueillir les cellules \u00e0 analyser. Les cellules m\u00e9soth\u00e9liales pelviennes peuvent si\u00e9ger dans de larges amas plats. Lorsque ces amas se plient, le chevauchement des cellules est \u00e9vident.La disposition et l&#8217;aspect uniformes de ces cellules m\u00e9soth\u00e9liales montrent clairement leur nature b\u00e9nigne.<\/p>\n<p><\/p>\n<div class=\"chartColumnCell\">\n<a href=\"\/gallery\/images_large\/slide0414.jpg\" class=\"highslide\" onclick=\"return hs.expand(this)\"><br \/>\n\t<img decoding=\"async\" src=\"\/gallery\/images\/slide0414.jpg\" alt=\"Image 3\" border=\"0\" title=\"Click to enlarge\"><\/a><\/p>\n<div class=\"highslide-caption\">\n<strong>Figure 14<\/strong><br \/>\n<br \/> Lavage p\u00e9riton\u00e9al :  Cellules m\u00e9soth\u00e9liales b\u00e9nignes si\u00e9geant dans un groupe.<br \/>\n40X <\/div>\n<\/div>\n<div class=\"chartColumnShortCell\">\n \t\t<strong>Figure 14<br \/>\n \t\t<\/strong>        \t\tLavage p\u00e9riton\u00e9al :<br \/>\nCellules m\u00e9soth\u00e9liales b\u00e9nignes si\u00e9geant dans un groupe.<br \/>\n40X\n<\/div>\n<div class=\"newRow\"><\/div>\n<p>Les cellules m\u00e9soth\u00e9liales b\u00e9nignes provenant d&#8217;un lavage p\u00e9riton\u00e9al peuvent \u00e9galement sembler rassembl\u00e9es dans un groupe davantage tridimensionnel avec un certain chevauchement. Un examen approfondi r\u00e9v\u00e8le des cellules uniformes avec caract\u00e9ristiques nucl\u00e9aires b\u00e9nignes.\n<\/p>\n<div class=\"chartColumnCell\">\n<a href=\"\/gallery\/images_large\/slide0415.jpg\" class=\"highslide\" onclick=\"return hs.expand(this)\"><br \/>\n\t<img decoding=\"async\" src=\"\/gallery\/images\/slide0415.jpg\" alt=\"Image 3\" border=\"0\" title=\"Click to enlarge\"><\/a><\/p>\n<div class=\"highslide-caption\">\n<strong>Figure 15<\/strong><br \/>\nLavage p\u00e9riton\u00e9al : Cellules m\u00e9soth\u00e9liales r\u00e9actionnelles.<br \/>\n40X<\/div>\n<\/div>\n<div class=\"chartColumnShortCell\">\n<strong>Figure 15<br \/>\n<\/strong><br \/>\nLavage p\u00e9riton\u00e9al :<br \/>\nCellules m\u00e9soth\u00e9liales r\u00e9actionnelles.<br \/>\n40X\n<\/div>\n<div class=\"newRow\"><\/div>\n<p>Groupe de cellules m\u00e9soth\u00e9liales b\u00e9nignes pr\u00e9sentant un certain chevauchement. Ces amas de cellules pr\u00e9sentent une bordure festonn\u00e9e, par opposition \u00e0 la bordure lisse g\u00e9n\u00e9ralement observ\u00e9e dans l&#8217;ad\u00e9nocarcinome.<\/p>\n<div class=\"chartColumnCell\">\n<a href=\"\/gallery\/images_large\/slide0416.jpg\" class=\"highslide\" onclick=\"return hs.expand(this)\" name=\"pap\"><br \/>\n\t<img decoding=\"async\" src=\"\/gallery\/images\/slide0416.jpg\" alt=\"Image 2\" border=\"0\" title=\"Click to enlarge\"><\/a><\/p>\n<div class=\"highslide-caption\">\n<strong>Figure 16<\/strong> <br \/>\nLavage pelvien :Cellules m\u00e9soth\u00e9liales b\u00e9nignes.<br \/>\n20X <\/div>\n<\/div>\n<div class=\"chartColumnShortCell\">\n        \t<strong>Figure 16<br \/>\n        \t<\/strong>Lavage pelvien :<br \/>\nCellules m\u00e9soth\u00e9liales b\u00e9nignes.<br \/>\n20X   <\/div>\n<div class=\"newRow\"><\/div>\n<p>Amas plat de cellules m\u00e9soth\u00e9liales r\u00e9guli\u00e8rement espac\u00e9es dispos\u00e9es en nid d&#8217;abeille.<\/p>\n<p><\/p>\n<div class=\"chartColumnCell\">\n<a href=\"\/gallery\/images_large\/slide0417.jpg\" class=\"highslide\" onclick=\"return hs.expand(this)\"><br \/>\n\t<img decoding=\"async\" src=\"\/gallery\/images\/slide0417.jpg\" alt=\"Image 3\" border=\"0\" title=\"Click to enlarge\"><\/a><\/p>\n<div class=\"highslide-caption\">\n<strong>Figure 17<\/strong><br \/>\n<br \/>\nLavage pelvien :Cellules m\u00e9soth\u00e9liales b\u00e9nignes.  40X <\/div>\n<\/div>\n<div class=\"chartColumnShortCell\">\n \t\t<strong>Figure 17<br \/>\n \t\t<\/strong>        \t\tLavage pelvien :<br \/>\nCellules m\u00e9soth\u00e9liales b\u00e9nignes.<br \/>\n40X\n<\/div>\n<div class=\"newRow\"><\/div>\n<div class=\"chartColumnCell\">\n<a href=\"\/gallery\/images_large\/slide0418.jpg\" class=\"highslide\" onclick=\"return hs.expand(this)\" name=\"pap\"><br \/>\n\t<img decoding=\"async\" src=\"\/gallery\/images\/slide0418.jpg\" alt=\"Image 2\" border=\"0\" title=\"Click to enlarge\"><\/a><\/p>\n<div class=\"highslide-caption\">\n<strong>Figure 18<\/strong><br \/>\n<br \/>\nLavage pelvien : Cellules m\u00e9soth\u00e9liales b\u00e9nignes.<br \/>\n20X <\/div>\n<\/div>\n<div class=\"chartColumnShortCell\">\n        \t<strong>Figure 18<br \/>\n        \t<\/strong>Lavage pelvien :<br \/>\nCellules m\u00e9soth\u00e9liales b\u00e9nignes.<br \/>\n20X <\/div>\n<div class=\"newRow\"><\/div>\n<p>  <strong>Les figures 17 et 18<\/strong> illustrent de grands amas de cellules m\u00e9soth\u00e9liales. Les noyaux sont v\u00e9siculaires et uniformes, avec nucl\u00e9oles petits ou discrets. <\/p>\n<div class=\"chartColumnCell\">\n<a href=\"\/gallery\/images_large\/slide0419.jpg\" class=\"highslide\" onclick=\"return hs.expand(this)\"><br \/>\n\t<img decoding=\"async\" src=\"\/gallery\/images\/slide0419.jpg\" alt=\"Image 3\" border=\"0\" title=\"Click to enlarge\"><\/a><\/p>\n<div class=\"highslide-caption\">\n<strong>Figure 19<\/strong><br \/>\n<br \/>\nLavage pelvien : N\u00e9gatif.  40X <\/div>\n<\/div>\n<div class=\"chartColumnShortCell\">\n \t\t<strong>Figure 19<br \/>\n \t\t<\/strong>        \t\tLavage pelvien :<br \/>\nN\u00e9gatif.<br \/>\n40X\n<\/div>\n<div class=\"newRow\"><\/div>\n<p> Les cellules m\u00e9soth\u00e9liales peuvent \u00e9galement avoir un aspect cubo\u00efde avec un cytoplasme plus concentr\u00e9. \u00c0 nouveau, noter l&#8217;amas coh\u00e9sif de cellules avec uniformit\u00e9 des noyaux. <\/p>\n<div class=\"chartColumnCell\">\n<a href=\"\/gallery\/images_large\/slide0420.jpg\" class=\"highslide\" onclick=\"return hs.expand(this)\"><br \/>\n\t<img decoding=\"async\" src=\"\/gallery\/images\/slide0420.jpg\" alt=\"Image 3\" border=\"0\" title=\"Click to enlarge\"><\/a><\/p>\n<div class=\"highslide-caption\">\n<strong>Figure 20<\/strong><br \/>\n<br \/>\nLavage p\u00e9riton\u00e9al : Artefacts.<br \/>\n20X <\/div>\n<\/div>\n<div class=\"chartColumnShortCell\">\n \t\t<strong>Figure 20<br \/>\n \t\t<\/strong>        \t\tLavage p\u00e9riton\u00e9al :<br \/>\nArtefacts.<br \/>\n20X\n<\/div>\n<div class=\"newRow\"><\/div>\n<p>Pr\u00e9sence possible de cholest\u00e9rol et d&#8217;autres types de cristaux dans les lavages p\u00e9riton\u00e9aux et les liquides provenant d&#8217;autres sites.<\/p>\n<p> <\/p>\n<div class=\"chartColumnCell\">\n<a href=\"\/gallery\/images_large\/slide0421.jpg\" class=\"highslide\" onclick=\"return hs.expand(this)\"><br \/>\n\t<img decoding=\"async\" src=\"\/gallery\/images\/slide0421.jpg\" alt=\"Image 3\" border=\"0\" title=\"Click to enlarge\"><\/a><\/p>\n<div class=\"highslide-caption\">\n<strong>Figure 21<\/strong><br \/>\n<br \/>\nLavage p\u00e9riton\u00e9al : Artefacts. 60X <\/div>\n<\/div>\n<div class=\"chartColumnShortCell\">\n \t\t<strong>Figure 21<br \/>\n \t\t<\/strong>        \t\tLavage p\u00e9riton\u00e9al :<br \/>\nArtefacts.<br \/>\n60X\n<\/div>\n<\/div>\n<div class=\"newRow\"><\/div>\n<p>       Les cellules m\u00e9soth\u00e9liales r\u00e9actionnelles contenant des granules d&#8217;amidon sont caract\u00e9ristiques d&#8217;une contamination par la poudre des gants utilis\u00e9s lors d&#8217;une laparotomie pr\u00e9c\u00e9dente. Ces granules peuvent \u00e9galement contaminer le pr\u00e9l\u00e8vement via les gants du technicien qui traite l&#8217;\u00e9chantillon.   <\/p>\n<p><a class=\"back\" href=\"#\">Retour au d\u00e9but<\/a><\/p>\n<p><a href=\"nongyn_atlas.htm\">Retour \u00e0 la table des mati\u00e8res<\/a><\/p>\n<\/div>\n<p>[\/vc_column_text][vc_column_text css=&#8221;.vc_custom_1500390293825{margin-top: 30px !important;}&#8221; el_class=&#8221;back-to-top&#8221;]<strong><a href=\"#main\">Back to Top<\/a><\/strong>[\/vc_column_text][\/vc_column][vc_column width=&#8221;1\/3&#8243; offset=&#8221;vc_hidden-sm vc_hidden-xs&#8221;][vc_widget_sidebar sidebar_id=&#8221;consulting-right-sidebar&#8221;][\/vc_column][\/vc_row]<\/p>\n","protected":false},"excerpt":{"rendered":"<p>[vc_row 0=&#8221;&#8221;][vc_column 0=&#8221;&#8221; offset=&#8221;vc_hidden-lg vc_hidden-md&#8221;][vc_raw_html 0=&#8221;&#8221;]PGNlbnRlcj48YSBjbGFzcz0ic2hpZnRuYXYtdG9nZ2xlIHNoaWZ0bmF2LXRvZ2dsZS1idXR0b24iIGRhdGEtc2hpZnRuYXYtdGFyZ2V0PSJzaGlmdG5hdi1tYWluIj48aSBjbGFzcz0iZmEgZmEtYmFycyI+PC9pPiBUYWJsZSBvZiBDb250ZW50cyA8L2E+PC9jZW50ZXI+[\/vc_raw_html][\/vc_column][\/vc_row][vc_row][vc_column][vc_custom_heading text=&#8221;Cytologie des effusions de la cavit\u00e9 pleurale, p\u00e9ricardique et p\u00e9riton\u00e9ale&#8221; font_container=&#8221;tag:h1|text_align:center&#8221; use_theme_fonts=&#8221;yes&#8221;][\/vc_column][\/vc_row][vc_row el_id=&#8221;acknowledgements&#8221;][vc_column width=&#8221;2\/3&#8243;][vc_column_text] LAVAGES N\u00c9GATIFS Rappel : Vous pouvez cliquer sur une image de l&#8217;Atlas pour la voir dans un format plus grand. Figure 13 Lavage p\u00e9riton\u00e9al : B\u00e9nin. 20X Figure 13 Lavage p\u00e9riton\u00e9al : B\u00e9nin. 20X Le<\/p>\n","protected":false},"author":7,"featured_media":0,"parent":1949,"menu_order":0,"comment_status":"closed","ping_status":"closed","template":"","meta":{"ngg_post_thumbnail":0,"footnotes":""},"class_list":["post-2077","page","type-page","status-publish","hentry"],"_links":{"self":[{"href":"https:\/\/cytologystuff.com\/fr\/wp-json\/wp\/v2\/pages\/2077","targetHints":{"allow":["GET"]}}],"collection":[{"href":"https:\/\/cytologystuff.com\/fr\/wp-json\/wp\/v2\/pages"}],"about":[{"href":"https:\/\/cytologystuff.com\/fr\/wp-json\/wp\/v2\/types\/page"}],"author":[{"embeddable":true,"href":"https:\/\/cytologystuff.com\/fr\/wp-json\/wp\/v2\/users\/7"}],"replies":[{"embeddable":true,"href":"https:\/\/cytologystuff.com\/fr\/wp-json\/wp\/v2\/comments?post=2077"}],"version-history":[{"count":0,"href":"https:\/\/cytologystuff.com\/fr\/wp-json\/wp\/v2\/pages\/2077\/revisions"}],"up":[{"embeddable":true,"href":"https:\/\/cytologystuff.com\/fr\/wp-json\/wp\/v2\/pages\/1949"}],"wp:attachment":[{"href":"https:\/\/cytologystuff.com\/fr\/wp-json\/wp\/v2\/media?parent=2077"}],"curies":[{"name":"wp","href":"https:\/\/api.w.org\/{rel}","templated":true}]}}