{"id":2070,"date":"2017-07-31T19:28:38","date_gmt":"2017-07-31T19:28:38","guid":{"rendered":"http:\/\/cytologystuff1.wpengine.com\/non-gyn-atlas\/negative-effusions\/"},"modified":"2017-11-16T07:00:12","modified_gmt":"2017-11-16T07:00:12","slug":"negative-effusions","status":"publish","type":"page","link":"https:\/\/cytologystuff.com\/fr\/non-gyn-atlas\/negative-effusions\/","title":{"rendered":"Cytologie des effusions de la cavit\u00e9 pleurale, p\u00e9ricardique et p\u00e9riton\u00e9ale"},"content":{"rendered":"<p>[vc_row 0=&#8221;&#8221;][vc_column 0=&#8221;&#8221; offset=&#8221;vc_hidden-lg vc_hidden-md&#8221;][vc_raw_html 0=&#8221;&#8221;]PGNlbnRlcj48YSBjbGFzcz0ic2hpZnRuYXYtdG9nZ2xlIHNoaWZ0bmF2LXRvZ2dsZS1idXR0b24iIGRhdGEtc2hpZnRuYXYtdGFyZ2V0PSJzaGlmdG5hdi1tYWluIj48aSBjbGFzcz0iZmEgZmEtYmFycyI+PC9pPiBUYWJsZSBvZiBDb250ZW50cyA8L2E+PC9jZW50ZXI+[\/vc_raw_html][\/vc_column][\/vc_row][vc_row][vc_column][vc_custom_heading text=&#8221;Cytologie des effusions de la cavit\u00e9 pleurale, p\u00e9ricardique et p\u00e9riton\u00e9ale&#8221; font_container=&#8221;tag:h1|text_align:center&#8221; use_theme_fonts=&#8221;yes&#8221;][\/vc_column][\/vc_row][vc_row el_id=&#8221;acknowledgements&#8221;][vc_column width=&#8221;2\/3&#8243;][vc_column_text]<\/p>\n<div id=\"\">\n<p class=\"subhead\">\u00c9PANCHEMENTS N\u00c9GATIFS<\/p>\n<p style=\"padding-left: 7px;\"><a style=\"width: 350px; display: block;\"><img loading=\"lazy\" decoding=\"async\" id=\"selfAssessImg\" src=\"\/images\/button27h.gif\" width=\"350\" height=\"40\" \/><\/a><\/p>\n<div class=\"highslide-gallery\"><strong>Rappel : Vous pouvez cliquer sur une image<br \/>\nde l&#8217;Atlas pour la voir dans un format plus grand.<\/strong><\/p>\n<div class=\"chartColumnCell\"><a class=\"highslide\" href=\"\/gallery\/images_large\/slide0401.jpg\" name=\"pap\"><br \/>\n<img decoding=\"async\" title=\"Click to enlarge\" src=\"\/gallery\/images\/slide0401.jpg\" alt=\"Image 2\" border=\"0\" \/><\/a><\/p>\n<div class=\"highslide-caption\"><strong>Figure 1<\/strong><\/p>\n<p>\u00c9panchement pleural :<br \/>\nCellules m\u00e9soth\u00e9liales b\u00e9nignes<br \/>\n20X<\/p><\/div>\n<\/div>\n<div class=\"chartColumnShortCell\"><strong>Figure 1<br \/>\n<\/strong>\u00c9panchement pleural :<br \/>\nCellules m\u00e9soth\u00e9liales b\u00e9nignes<br \/>\n20X<\/div>\n<div class=\"newRow\"><\/div>\n<div class=\"chartColumnCell\"><a class=\"highslide\" href=\"\/gallery\/images_large\/slide0402.jpg\"><br \/>\n<img decoding=\"async\" title=\"Click to enlarge\" src=\"\/gallery\/images\/slide0402.jpg\" alt=\"Image 3\" border=\"0\" \/><\/a><\/p>\n<div class=\"highslide-caption\"><strong>Figure 2<\/strong><\/p>\n<p>\u00c9panchement pleural :<br \/>\nCellules m\u00e9soth\u00e9liales b\u00e9nignes<br \/>\n40X<\/p><\/div>\n<\/div>\n<div class=\"chartColumnShortCell\"><strong>Figure 2<br \/>\n<\/strong>\u00c9panchement pleural :<br \/>\nCellules m\u00e9soth\u00e9liales b\u00e9nignes<br \/>\n40X<\/div>\n<div class=\"newRow\"><\/div>\n<div class=\"chartColumnCell\"><a class=\"highslide\" href=\"\/gallery\/images_large\/slide0403.jpg\"><br \/>\n<img decoding=\"async\" title=\"Click to enlarge\" src=\"\/gallery\/images\/slide0403.jpg\" alt=\"Image 3\" border=\"0\" \/><\/a><\/p>\n<div class=\"highslide-caption\"><strong>Figure 3<br \/>\n<\/strong>\u00c9panchement pleural :<br \/>\nCellules m\u00e9soth\u00e9liales b\u00e9nignes<br \/>\n60X<\/div>\n<\/div>\n<div class=\"chartColumnShortCell\"><strong>Figure 3<br \/>\n<\/strong><br \/>\n\u00c9panchement pleural :<br \/>\nCellules m\u00e9soth\u00e9liales b\u00e9nignes<br \/>\n60X<\/div>\n<div class=\"newRow\"><\/div>\n<p><strong>Figures 1 \u00e0 3 &#8211; \u00c9panchement pleural : Cellules m\u00e9soth\u00e9liales b\u00e9nignes.<\/strong><br \/>\nAmas de cellules m\u00e9soth\u00e9liales b\u00e9nignes (contenant souvent moins de 12 cellules, mais parfois compos\u00e9s de plus de 50 cellules). Sur ces microphotographies, la dispersion r\u00e9guli\u00e8re de cellules uniformes, avec noyaux r\u00e9guliers, membranes nucl\u00e9aires d\u00e9licates et petits nucl\u00e9oles ronds indiquent la nature b\u00e9nigne de ces cellules.<\/p>\n<div class=\"chartColumnCell\"><a class=\"highslide\" href=\"\/gallery\/images_large\/slide0404.jpg\" name=\"pap\"><br \/>\n<img decoding=\"async\" title=\"Click to enlarge\" src=\"\/gallery\/images\/slide0404.jpg\" alt=\"Image 2\" border=\"0\" \/><\/a><\/p>\n<div class=\"highslide-caption\"><strong>Figure 4<\/strong><\/p>\n<p>\u00c9panchement pleural :<br \/>\nCellules m\u00e9soth\u00e9liales r\u00e9actionnelles.<br \/>\n60X<\/p><\/div>\n<\/div>\n<div class=\"chartColumnShortCell\"><strong>Figure 4<br \/>\n<\/strong>\u00c9panchement pleural :<br \/>\nCellules m\u00e9soth\u00e9liales r\u00e9actionnelles.<br \/>\n60X<\/div>\n<div class=\"newRow\"><\/div>\n<div class=\"chartColumnCell\"><a class=\"highslide\" href=\"\/gallery\/images_large\/slide0405.jpg\"><br \/>\n<img decoding=\"async\" title=\"Click to enlarge\" src=\"\/gallery\/images\/slide0405.jpg\" alt=\"Image 3\" border=\"0\" \/><\/a><\/p>\n<div class=\"highslide-caption\"><strong>Figure 5<\/strong><\/p>\n<p>\u00c9panchement pleural :<br \/>\nCellules m\u00e9soth\u00e9liales r\u00e9actionnelles.<br \/>\n60x<\/p><\/div>\n<\/div>\n<div class=\"chartColumnShortCell\"><strong>Figure 5<br \/>\n<\/strong>\u00c9panchement pleural :<br \/>\nCellules m\u00e9soth\u00e9liales r\u00e9actionnelles.<br \/>\n60x<\/div>\n<div class=\"newRow\"><\/div>\n<p><strong>Figures 4 et 5 : \u00c9panchement pleural : Cellules m\u00e9soth\u00e9liales r\u00e9actionnelles.<\/strong><br \/>\nEn cas d&#8217;inflammation, le nombre de cellules m\u00e9soth\u00e9liales augmente, leur taille est tr\u00e8s variable et elles peuvent \u00eatre multinucl\u00e9\u00e9es. Le diagnostic implique (1) l&#8217;application de crit\u00e8res individuels de b\u00e9nignit\u00e9 et (2) l&#8217;\u00e9tablissement de la pr\u00e9sence d&#8217;un continuum ininterrompu de tailles (de petite \u00e0 tr\u00e8s grande). Noter les noyaux augment\u00e9s en taille, petits nucl\u00e9oles multiples et espaces entre les cellules contigu\u00ebs (appel\u00e9s &#8220;fen\u00eatres&#8221;). Pr\u00e9sence de cellules inflammatoires dans le fond.<\/p>\n<div class=\"chartColumnCell\"><a class=\"highslide\" href=\"\/gallery\/images_large\/slide0406.jpg\" name=\"pap\"><br \/>\n<img decoding=\"async\" title=\"Click to enlarge\" src=\"\/gallery\/images\/slide0406.jpg\" alt=\"Image 2\" border=\"0\" \/><\/a><\/p>\n<div class=\"highslide-caption\"><strong>Figure 6<\/strong><\/p>\n<p>\u00c9panchement p\u00e9riton\u00e9al :<br \/>\nCellules m\u00e9soth\u00e9liales r\u00e9actionnelles.<br \/>\n60X<\/p><\/div>\n<\/div>\n<div class=\"chartColumnShortCell\"><strong>Figure 6<br \/>\n<\/strong>\u00c9panchement p\u00e9riton\u00e9al :<br \/>\nCellules m\u00e9soth\u00e9liales r\u00e9actionnelles.<br \/>\n60X<\/div>\n<div class=\"newRow\"><\/div>\n<p>A l&#8217;instar des \u00e9panchements pleuraux, les cellules m\u00e9soth\u00e9liales des \u00e9panchements p\u00e9riton\u00e9aux peuvent avoir des dimensions extr\u00eamement variables. Elles peuvent \u00e9galement \u00eatre m\u00e9lang\u00e9es \u00e0 des cellules inflammatoires et des histiocytes.<\/p>\n<div class=\"chartColumnCell\"><a class=\"highslide\" href=\"\/gallery\/images_large\/slide0407.jpg\"><br \/>\n<img decoding=\"async\" title=\"Click to enlarge\" src=\"\/gallery\/images\/slide0407.jpg\" alt=\"Image 3\" border=\"0\" \/><\/a><\/p>\n<div class=\"highslide-caption\"><strong>Figure 7<\/strong><\/p>\n<p>\u00c9panchement p\u00e9riton\u00e9al :<br \/>\nB\u00e9nin.<br \/>\n60X<\/p><\/div>\n<\/div>\n<div class=\"chartColumnShortCell\"><strong>Figure 7<br \/>\n<\/strong>\u00c9panchement p\u00e9riton\u00e9al :<br \/>\nB\u00e9nin.<br \/>\n60X<\/div>\n<div class=\"newRow\"><\/div>\n<p>Coh\u00e9sion mod\u00e9r\u00e9e dans cet amas de cellules m\u00e9soth\u00e9liales. Noyaux uniformes, membranes nucl\u00e9aires fines et d\u00e9licates, petits nucl\u00e9oles ronds et uniformes.<\/p>\n<div class=\"chartColumnCell\"><a class=\"highslide\" href=\"\/gallery\/images_large\/slide0408.jpg\"><br \/>\n<img decoding=\"async\" title=\"Click to enlarge\" src=\"\/gallery\/images\/slide0408.jpg\" alt=\"Image 3\" border=\"0\" \/><\/a><\/p>\n<div class=\"highslide-caption\"><strong>Figure 8<\/strong><\/p>\n<p>\u00c9panchement p\u00e9riton\u00e9al :<br \/>\nCellules m\u00e9soth\u00e9liales r\u00e9actionnelles.<br \/>\n60X<\/p><\/div>\n<\/div>\n<div class=\"chartColumnShortCell\"><strong>Figure 8<br \/>\n<\/strong> \u00c9panchement p\u00e9riton\u00e9al :<br \/>\nCellules m\u00e9soth\u00e9liales r\u00e9actionnelles.<br \/>\n60X<\/div>\n<div class=\"newRow\"><\/div>\n<p>\u00c9panchement p\u00e9riton\u00e9al dont le ph\u00e9nom\u00e8ne r\u00e9actionnel est une anisocytose cellulaire mod\u00e9r\u00e9e.<\/p>\n<div class=\"chartColumnCell\"><a class=\"highslide\" href=\"\/gallery\/images_large\/slide0409.jpg\"><br \/>\n<img decoding=\"async\" title=\"Click to enlarge\" src=\"\/gallery\/images\/slide0409.jpg\" alt=\"Image 3\" border=\"0\" \/><\/a><\/p>\n<div class=\"highslide-caption\"><strong>Figure 9<\/strong><\/p>\n<p>\u00c9panchement pleural :<br \/>\nArtefacts.<br \/>\n20X<\/p><\/div>\n<\/div>\n<div class=\"chartColumnShortCell\"><strong>Figure 9<br \/>\n<\/strong>\u00c9panchement pleural :<br \/>\nArtefacts.<br \/>\n20X<\/div>\n<div class=\"newRow\"><\/div>\n<p>Des fibres provenant des instruments utilis\u00e9s pour le pr\u00e9l\u00e8vement ou le traitement des \u00e9chantillons peuvent \u00eatre observ\u00e9es dans les liquides d&#8217;\u00e9panchements (quelle que soit leur origine).<\/p>\n<div class=\"chartColumnCell\"><a class=\"highslide\" href=\"\/gallery\/images_large\/slide0410.jpg\" name=\"pap\"><br \/>\n<img decoding=\"async\" title=\"Click to enlarge\" src=\"\/gallery\/images\/slide0410.jpg\" alt=\"Image 2\" border=\"0\" \/><\/a><\/p>\n<div class=\"highslide-caption\"><strong>Figure 10<\/strong><\/p>\n<p>\u00c9panchement p\u00e9ricardique :<br \/>\nCellules m\u00e9soth\u00e9liales b\u00e9nignes.<br \/>\n20X<\/p><\/div>\n<\/div>\n<div class=\"chartColumnShortCell\"><strong>Figure 10<br \/>\n<\/strong>\u00c9panchement p\u00e9ricardique :<br \/>\nCellules m\u00e9soth\u00e9liales b\u00e9nignes.<br \/>\n20X<\/div>\n<div class=\"newRow\"><\/div>\n<div class=\"chartColumnCell\"><a class=\"highslide\" href=\"\/gallery\/images_large\/slide0411.jpg\"><br \/>\n<img decoding=\"async\" title=\"Click to enlarge\" src=\"\/gallery\/images\/slide0411.jpg\" alt=\"Image 3\" border=\"0\" \/><\/a><\/p>\n<div class=\"highslide-caption\"><strong>Figure 11<\/strong><\/p>\n<p>\u00c9panchement p\u00e9ricardique :<br \/>\nCellules m\u00e9soth\u00e9liales b\u00e9nignes.<br \/>\n40X<\/p><\/div>\n<\/div>\n<div class=\"chartColumnShortCell\"><strong>Figure 11<br \/>\n<\/strong><br \/>\n\u00c9panchement p\u00e9ricardique :<br \/>\nCellules m\u00e9soth\u00e9liales b\u00e9nignes.<br \/>\n40X<\/div>\n<div class=\"newRow\"><\/div>\n<div class=\"chartColumnCell\"><a class=\"highslide\" href=\"\/gallery\/images_large\/slide0412.jpg\"><br \/>\n<img decoding=\"async\" title=\"Click to enlarge\" src=\"\/gallery\/images\/slide0412.jpg\" alt=\"Image 3\" border=\"0\" \/><\/a><\/p>\n<div class=\"highslide-caption\"><strong>Figure 12<br \/>\n<\/strong>\u00c9panchement p\u00e9ricardique :<br \/>\nCellules m\u00e9soth\u00e9liales b\u00e9nignes.<br \/>\n60X<\/div>\n<\/div>\n<div class=\"chartColumnShortCell\"><strong>Figure 12<br \/>\n<\/strong><br \/>\n\u00c9panchement p\u00e9ricardique :<br \/>\nCellules m\u00e9soth\u00e9liales b\u00e9nignes.<br \/>\n60X<\/div>\n<\/div>\n<div class=\"newRow\"><\/div>\n<p><strong> Figures 10 \u00e0 12 : \u00c9panchement p\u00e9ricardique. Cellules m\u00e9soth\u00e9liales b\u00e9nignes.<\/strong><br \/>\nP\u00e9ricardiocent\u00e8se avec amas de cellules m\u00e9soth\u00e9liales b\u00e9nignes similaires \u00e0 ceux observ\u00e9s dans des liquides d&#8217;\u00e9panchements provenant d&#8217;autres cavit\u00e9s. \u00c9tiologie des \u00e9panchements p\u00e9ricardiques le plus souvent infectieuse (virale), auto-immune, inflammatoire (infarctus du myocarde) ou r\u00e9actionnelle (ur\u00e9mie). Possibilit\u00e9 d&#8217;invasion tumorale (en particulier pulmonaire) du p\u00e9ricarde.<\/p>\n<p><a class=\"back\" href=\"#\">Retour au d\u00e9but<\/a><\/p>\n<p><a href=\"nongyn_atlas.htm\">Retour \u00e0 la table des mati\u00e8res<\/a><\/p>\n<\/div>\n<p>[\/vc_column_text][vc_column_text css=&#8221;.vc_custom_1500390293825{margin-top: 30px !important;}&#8221; el_class=&#8221;back-to-top&#8221;]<strong><a href=\"#main\">Back to Top<\/a><\/strong>[\/vc_column_text][\/vc_column][vc_column width=&#8221;1\/3&#8243; offset=&#8221;vc_hidden-sm vc_hidden-xs&#8221;][vc_widget_sidebar sidebar_id=&#8221;consulting-right-sidebar&#8221;][\/vc_column][\/vc_row]<\/p>\n","protected":false},"excerpt":{"rendered":"<p>[vc_row 0=&#8221;&#8221;][vc_column 0=&#8221;&#8221; offset=&#8221;vc_hidden-lg vc_hidden-md&#8221;][vc_raw_html 0=&#8221;&#8221;]PGNlbnRlcj48YSBjbGFzcz0ic2hpZnRuYXYtdG9nZ2xlIHNoaWZ0bmF2LXRvZ2dsZS1idXR0b24iIGRhdGEtc2hpZnRuYXYtdGFyZ2V0PSJzaGlmdG5hdi1tYWluIj48aSBjbGFzcz0iZmEgZmEtYmFycyI+PC9pPiBUYWJsZSBvZiBDb250ZW50cyA8L2E+PC9jZW50ZXI+[\/vc_raw_html][\/vc_column][\/vc_row][vc_row][vc_column][vc_custom_heading text=&#8221;Cytologie des effusions de la cavit\u00e9 pleurale, p\u00e9ricardique et p\u00e9riton\u00e9ale&#8221; font_container=&#8221;tag:h1|text_align:center&#8221; use_theme_fonts=&#8221;yes&#8221;][\/vc_column][\/vc_row][vc_row el_id=&#8221;acknowledgements&#8221;][vc_column width=&#8221;2\/3&#8243;][vc_column_text] \u00c9PANCHEMENTS N\u00c9GATIFS Rappel : Vous pouvez cliquer sur une image de l&#8217;Atlas pour la voir dans un format plus grand. Figure 1 \u00c9panchement pleural : Cellules m\u00e9soth\u00e9liales b\u00e9nignes 20X Figure 1 \u00c9panchement pleural : Cellules<\/p>\n","protected":false},"author":7,"featured_media":0,"parent":1949,"menu_order":0,"comment_status":"closed","ping_status":"closed","template":"","meta":{"ngg_post_thumbnail":0,"footnotes":""},"class_list":["post-2070","page","type-page","status-publish","hentry"],"_links":{"self":[{"href":"https:\/\/cytologystuff.com\/fr\/wp-json\/wp\/v2\/pages\/2070","targetHints":{"allow":["GET"]}}],"collection":[{"href":"https:\/\/cytologystuff.com\/fr\/wp-json\/wp\/v2\/pages"}],"about":[{"href":"https:\/\/cytologystuff.com\/fr\/wp-json\/wp\/v2\/types\/page"}],"author":[{"embeddable":true,"href":"https:\/\/cytologystuff.com\/fr\/wp-json\/wp\/v2\/users\/7"}],"replies":[{"embeddable":true,"href":"https:\/\/cytologystuff.com\/fr\/wp-json\/wp\/v2\/comments?post=2070"}],"version-history":[{"count":0,"href":"https:\/\/cytologystuff.com\/fr\/wp-json\/wp\/v2\/pages\/2070\/revisions"}],"up":[{"embeddable":true,"href":"https:\/\/cytologystuff.com\/fr\/wp-json\/wp\/v2\/pages\/1949"}],"wp:attachment":[{"href":"https:\/\/cytologystuff.com\/fr\/wp-json\/wp\/v2\/media?parent=2070"}],"curies":[{"name":"wp","href":"https:\/\/api.w.org\/{rel}","templated":true}]}}