{"id":1993,"date":"2017-07-31T20:04:59","date_gmt":"2017-07-31T20:04:59","guid":{"rendered":"http:\/\/cytologystuff1.wpengine.com\/non-gyn-atlas\/effusions-metastatic-lung-cancer\/"},"modified":"2017-11-17T06:06:07","modified_gmt":"2017-11-17T06:06:07","slug":"effusions-metastatic-lung-cancer","status":"publish","type":"page","link":"https:\/\/cytologystuff.com\/fr\/non-gyn-atlas\/effusions-metastatic-lung-cancer\/","title":{"rendered":"Cytologie des effusions de la cavit\u00e9 pleurale, p\u00e9ricardique et p\u00e9riton\u00e9ale"},"content":{"rendered":"<p>[vc_row 0=&#8221;&#8221;][vc_column 0=&#8221;&#8221; offset=&#8221;vc_hidden-lg vc_hidden-md&#8221;][vc_raw_html 0=&#8221;&#8221;]PGNlbnRlcj48YSBjbGFzcz0ic2hpZnRuYXYtdG9nZ2xlIHNoaWZ0bmF2LXRvZ2dsZS1idXR0b24iIGRhdGEtc2hpZnRuYXYtdGFyZ2V0PSJzaGlmdG5hdi1tYWluIj48aSBjbGFzcz0iZmEgZmEtYmFycyI+PC9pPiBUYWJsZSBvZiBDb250ZW50cyA8L2E+PC9jZW50ZXI+[\/vc_raw_html][\/vc_column][\/vc_row][vc_row][vc_column][vc_custom_heading text=&#8221;Cytologie des effusions de la cavit\u00e9 pleurale, p\u00e9ricardique et p\u00e9riton\u00e9ale&#8221; font_container=&#8221;tag:h1|text_align:center&#8221; use_theme_fonts=&#8221;yes&#8221;][\/vc_column][\/vc_row][vc_row el_id=&#8221;acknowledgements&#8221;][vc_column width=&#8221;2\/3&#8243;][vc_column_text]<\/p>\n<div id=>\n<p class=\"subhead\">\u00c9PANCHEMENTS \u2013 CANCER M\u00c9TASTATIQUE DU POUMON <\/p>\n<p style=\"padding-left:7px\"><a href=\"javascript:void(0)\"  style=\"width:350px;display:block\"><img loading=\"lazy\" decoding=\"async\" src=\"\/images\/button27h.gif\" id=\"selfAssessImg\" width=\"350\" height=\"40\"><\/a><\/p>\n<div class=\"highslide-gallery\">\n<strong>Rappel : Vous pouvez cliquer sur une image<br \/>\nde l&#8217;Atlas pour la voir dans un format plus grand.<\/strong><\/p>\n<div class=\"chartColumnCell\">\n<a href=\"\/gallery\/images_large\/slide0480.jpg\" class=\"highslide\" onclick=\"return hs.expand(this)\" name=\"pap\"><br \/>\n\t<img decoding=\"async\" src=\"\/gallery\/images\/slide0480.jpg\" alt=\"Image 2\" border=\"0\" title=\"Click to enlarge\"><\/a><\/p>\n<div class=\"highslide-caption\">\n<strong>Figure 80<\/strong><br \/>\n<br \/>\u00c9panchement pleural:<br \/>\nAd\u00e9nocarcinome, origine pulmonaire.<br \/>\n20x <\/div>\n<\/div>\n<div class=\"chartColumnShortCell\">\n        \t<strong>Figure 80<br \/>\n        \t<\/strong><br \/>\n\u00c9panchement pleural:<br \/>\nAd\u00e9nocarcinome, origine pulmonaire.<br \/>\n20x <\/div>\n<div class=\"newRow\"><\/div>\n<div class=\"chartColumnCell\">\n<a href=\"\/gallery\/images_large\/slide0481.jpg\" class=\"highslide\" onclick=\"return hs.expand(this)\"><br \/>\n\t<img decoding=\"async\" src=\"\/gallery\/images\/slide0481.jpg\" alt=\"Image 3\" border=\"0\" title=\"Click to enlarge\"><\/a><\/p>\n<div class=\"highslide-caption\">\n<strong>Figure 81<\/strong><br \/>\n<br \/> \u00c9panchement pleural:<br \/>\nAd\u00e9nocarcinome, origine pulmonaire.<br \/>\n20x <\/div>\n<\/div>\n<div class=\"chartColumnShortCell\">\n \t\t<strong>Figure 81<br \/>\n \t\t<\/strong>        \t\t\u00c9panchement pleural:<br \/>\nAd\u00e9nocarcinome, origine pulmonaire.<br \/>\n20x\n<\/div>\n<div class=\"newRow\"><\/div>\n<div class=\"chartColumnCell\">\n<a href=\"\/gallery\/images_large\/slide0482.jpg\" class=\"highslide\" onclick=\"return hs.expand(this)\"><br \/>\n\t<img decoding=\"async\" src=\"\/gallery\/images\/slide0482.jpg\" alt=\"Image 3\" border=\"0\" title=\"Click to enlarge\"><\/a><\/p>\n<div class=\"highslide-caption\">\n<strong>Figure 82<\/strong><br \/>\n\u00c9panchement pleural:<br \/>\nAd\u00e9nocarcinome, origine pulmonaire.<br \/>\n60x<\/div>\n<\/div>\n<div class=\"chartColumnLongCell\">\n<strong>Figure 82<br \/>\n<\/strong><br \/>\n\u00c9panchement pleural:<br \/>\nAd\u00e9nocarcinome, origine pulmonaire.<br \/>\n60x\n<\/div>\n<div class=\"newRow\"><\/div>\n<p><strong> Figures 80 \u00e0 82: \u00c9panchement pleural: Ad\u00e9nocarcinome, origine pulmonaire. <\/strong><br \/>\nMicrophotographies illustrant un ad\u00e9nocarcinome (souvent facile \u00e0 distinguer du m\u00e9soth\u00e9liome). Le recours \u00e0 une technologie sophistiqu\u00e9e (microscope \u00e9lectronique, immunohistochimie, etc.) peut parfois faciliter la d\u00e9finition du site primitif. Les ant\u00e9c\u00e9dents de tumeur maligne du patient sont essentiels pour identifier les m\u00e9tastases.<\/p>\n<div class=\"chartColumnCell\">\n<a href=\"\/gallery\/images_large\/slide0483.jpg\" class=\"highslide\" onclick=\"return hs.expand(this)\" name=\"pap\"><br \/>\n\t<img decoding=\"async\" src=\"\/gallery\/images\/slide0483.jpg\" alt=\"Image 2\" border=\"0\" title=\"Click to enlarge\"><\/a><\/p>\n<div class=\"highslide-caption\">\n<strong>Figure 83<\/strong><br \/>\n<br \/>\u00c9panchement pleural:<br \/>\nAd\u00e9nocarcinome mod\u00e9r\u00e9ment indiff\u00e9renci\u00e9, origine pulmonaire.<br \/>\n20x <\/div>\n<\/div>\n<div class=\"chartColumnShortCell\">\n        \t<strong>Figure 83<br \/>\n        \t<\/strong><br \/>\n\u00c9panchement pleural:<br \/>\nAd\u00e9nocarcinome mod\u00e9r\u00e9ment indiff\u00e9renci\u00e9, origine pulmonaire.<br \/>\n20x <\/div>\n<div class=\"newRow\"><\/div>\n<div class=\"chartColumnCell\">\n<a href=\"\/gallery\/images_large\/slide0484.jpg\" class=\"highslide\" onclick=\"return hs.expand(this)\"><br \/>\n\t<img decoding=\"async\" src=\"\/gallery\/images\/slide0484.jpg\" alt=\"Image 3\" border=\"0\" title=\"Click to enlarge\"><\/a><\/p>\n<div class=\"highslide-caption\">\n<strong>Figure 84<\/strong><br \/>\n<br \/> \u00c9panchement pleural:<br \/>\nAd\u00e9nocarcinome mod\u00e9r\u00e9ment indiff\u00e9renci\u00e9, origine pulmonaire.<br \/>\n60x  <\/div>\n<\/div>\n<div class=\"chartColumnLongCell\">\n \t\t<strong>Figure 84<br \/>\n \t\t<\/strong><br \/>\n\u00c9panchement pleural:<br \/>\nAd\u00e9nocarcinome mod\u00e9r\u00e9ment indiff\u00e9renci\u00e9, origine pulmonaire.<br \/>\n60x\n<\/div>\n<div class=\"newRow\"><\/div>\n<p><strong>Figures 83 et 84: \u00c9panchement pleural, ad\u00e9nocarcinome mod\u00e9r\u00e9ment indiff\u00e9renci\u00e9, origine pulmonaire.<\/strong><\/p>\n<p>Noter la disposition glandulaire papillaire des cellules tumorales, les nucl\u00e9oles pro\u00e9minents, la vacuolisation et les figures de mitose. Dans certains cas, il est impossible de les distinguer d&#8217;autres sources d&#8217;ad\u00e9nocarcinome.<\/p>\n<div class=\"chartColumnCell\">\n<a href=\"\/gallery\/images_large\/slide0485.jpg\" class=\"highslide\" onclick=\"return hs.expand(this)\"><br \/>\n\t<img decoding=\"async\" src=\"\/gallery\/images\/slide0485.jpg\" alt=\"Image 3\" border=\"0\" title=\"Click to enlarge\"><\/a><\/p>\n<div class=\"highslide-caption\">\n<strong>Figure 85<\/strong><br \/>\n<br \/>\u00c9panchement p\u00e9riton\u00e9al:<br \/>\nAd\u00e9nocarcinome, origine pulmonaire.<br \/>\n20x<\/div>\n<\/div>\n<div class=\"chartColumnShortCell\">\n \t\t<strong>Figure 85<br \/>\n \t\t<\/strong><br \/>\n\u00c9panchement p\u00e9riton\u00e9al:<br \/>\nAd\u00e9nocarcinome, origine pulmonaire.<br \/>\n20x\n<\/div>\n<div class=\"newRow\"><\/div>\n<div class=\"chartColumnCell\">\n<a href=\"\/gallery\/images_large\/slide0486.jpg\" class=\"highslide\" onclick=\"return hs.expand(this)\"><br \/>\n\t<img decoding=\"async\" src=\"\/gallery\/images\/slide0486.jpg\" alt=\"Image 3\" border=\"0\" title=\"Click to enlarge\"><\/a><\/p>\n<div class=\"highslide-caption\">\n<strong>Figure 86<\/strong><br \/>\n<br \/>\u00c9panchement p\u00e9riton\u00e9al:<br \/>\nAd\u00e9nocarcinome, origine pulmonaire.<br \/>\n60x<\/div>\n<\/div>\n<div class=\"chartColumnShortCell\">\n \t\t<strong>Figure 86<br \/>\n \t\t<\/strong><br \/>\n\u00c9panchement p\u00e9riton\u00e9al:<br \/>\nAd\u00e9nocarcinome, origine pulmonaire.<br \/>\n60x\n<\/div>\n<div class=\"newRow\"><\/div>\n<div class=\"chartColumnCell\">\n<a href=\"\/gallery\/images_large\/slide0487.jpg\" class=\"highslide\" onclick=\"return hs.expand(this)\"><br \/>\n\t<img decoding=\"async\" src=\"\/gallery\/images\/slide0487.jpg\" alt=\"Image 3\" border=\"0\" title=\"Click to enlarge\"><\/a><\/p>\n<div class=\"highslide-caption\">\n<strong>Figure 87<\/strong><br \/>\n<br \/>\u00c9panchement p\u00e9riton\u00e9al:<br \/>\nAd\u00e9nocarcinome, origine pulmonaire.<br \/>\n60x <\/div>\n<\/div>\n<div class=\"chartColumnShortCell\">\n \t\t<strong>Figure 87<br \/>\n \t\t<\/strong><br \/>\n\u00c9panchement p\u00e9riton\u00e9al:<br \/>\nAd\u00e9nocarcinome, origine pulmonaire.<br \/>\n60x\n<\/div>\n<div class=\"newRow\"><\/div>\n<p><strong>Figures 85 \u00e0 87: \u00c9panchement p\u00e9riton\u00e9al: Ad\u00e9nocarcinome, origine pulmonaire. <\/strong><br \/>\nGroupes de cellules pr\u00e9sentant les caract\u00e9ristiques classiques d&#8217;un ad\u00e9nocarcinome. On a finalement d\u00e9termin\u00e9 que ces cellules provenaient d&#8217;un cancer broncho-pulmonaire.<\/p>\n<p>Dans de rares cas, le carcinome indiff\u00e9renci\u00e9 \u00e0 petites cellules est une cause d&#8217;\u00e9panchement pleural malin. Les cellules tumorales petites et noires doivent \u00eatre diff\u00e9renci\u00e9es des cellules lympho\u00efdes. Parmi les caract\u00e9ristiques de ce carcinome, on trouve le moulage nucl\u00e9aire et la n\u00e9crose de cellules individuelles. La coloration immunohistochimique des cytoblocs peut s&#8217;av\u00e9rer n\u00e9cessaire pour confirmer le diagnostic.<\/p>\n<div class=\"chartColumnCell\">\n<a href=\"\/gallery\/images_large\/slide0488.jpg\" class=\"highslide\" onclick=\"return hs.expand(this)\" name=\"pap\"><br \/>\n\t<img decoding=\"async\" src=\"\/gallery\/images\/slide0488.jpg\" alt=\"Image 2\" border=\"0\" title=\"Click to enlarge\"><\/a><\/p>\n<div class=\"highslide-caption\">\n<strong>Figure 88<\/strong><br \/>\n<br \/>\u00c9panchement pleural:<br \/>\nCarcinome indiff\u00e9renci\u00e9 \u00e0 petites cellules, origine pulmonaire. Noter les petits groupes de cellules m\u00e9soth\u00e9liales b\u00e9nignes et les trois cellules plus grandes du carcinome indiff\u00e9renci\u00e9 \u00e0 petites cellules sur le bord d&#8217;un des groupes.<br \/>\n60x <\/div>\n<\/div>\n<div class=\"chartColumnLongCell\">\n        \t<strong>Figure 88<br \/>\n        \t<\/strong><br \/>\n\u00c9panchement pleural:<br \/>\nCarcinome indiff\u00e9renci\u00e9 \u00e0 petites cellules, origine pulmonaire. Noter les petits groupes de cellules m\u00e9soth\u00e9liales b\u00e9nignes et les trois cellules plus grandes du carcinome indiff\u00e9renci\u00e9 \u00e0 petites cellules sur le bord d&#8217;un des groupes.<br \/>\n60x <\/div>\n<div class=\"newRow\"><\/div>\n<div class=\"chartColumnCell\">\n<a href=\"\/gallery\/images_large\/slide0489.jpg\" class=\"highslide\" onclick=\"return hs.expand(this)\"><br \/>\n\t<img decoding=\"async\" src=\"\/gallery\/images\/slide0489.jpg\" alt=\"Image 3\" border=\"0\" title=\"Click to enlarge\"><\/a><\/p>\n<div class=\"highslide-caption\">\n<strong>Figure 89<\/strong><br \/>\n<br \/>\u00c9panchement pleural:<br \/>\nCarcinome indiff\u00e9renci\u00e9 \u00e0 petites cellules, origine pulmonaire. Noyaux avec petits nucl\u00e9oles, chromatine souvent &#8220;poivre et sel&#8221;, cytoplasme peu abondant.<br \/>\n60x  <\/div>\n<\/div>\n<div class=\"chartColumnLongCell\">\n \t\t<strong>Figure 89<br \/>\n \t\t<\/strong><br \/>\n\u00c9panchement pleural:<br \/>\nCarcinome indiff\u00e9renci\u00e9 \u00e0 petites cellules, origine pulmonaire. Noyaux avec petits nucl\u00e9oles, chromatine souvent &#8220;poivre et sel&#8221;, cytoplasme peu abondant.<br \/>\n60x\n<\/div>\n<div class=\"newRow\"><\/div>\n<div class=\"chartColumnCell\">\n<a href=\"\/gallery\/images_large\/slide0490.jpg\" class=\"highslide\" onclick=\"return hs.expand(this)\" name=\"pap\"><br \/>\n\t<img decoding=\"async\" src=\"\/gallery\/images\/slide0490.jpg\" alt=\"Image 2\" border=\"0\" title=\"Click to enlarge\"><\/a><\/p>\n<div class=\"highslide-caption\">\n<strong>Figure 90<\/strong><br \/>\n<br \/> \u00c9panchement pleural:<br \/>\nCarcinome indiff\u00e9renci\u00e9 \u00e0 petites cellules, origine pulmonaire. Les cellules du carcinome indiff\u00e9renci\u00e9 \u00e0 petites cellules manquent de coh\u00e9rence et peuvent \u00eatre isol\u00e9es. Noter le fond n\u00e9crotique.<br \/>\n60x <\/div>\n<\/div>\n<div class=\"chartColumnLongCell\">\n        \t<strong>Figure 90<br \/>\n        \t<\/strong><br \/>\n\u00c9panchement pleural:<br \/>\nCarcinome indiff\u00e9renci\u00e9 \u00e0 petites cellules, origine pulmonaire. Les cellules du carcinome indiff\u00e9renci\u00e9 \u00e0 petites cellules manquent de coh\u00e9rence et peuvent \u00eatre isol\u00e9es. Noter le fond n\u00e9crotique.<br \/>\n60x <\/div>\n<div class=\"newRow\"><\/div>\n<div class=\"chartColumnCell\">\n<a href=\"\/gallery\/images_large\/slide0491.jpg\" class=\"highslide\" onclick=\"return hs.expand(this)\"><br \/>\n\t<img decoding=\"async\" src=\"\/gallery\/images\/slide0491.jpg\" alt=\"Image 3\" border=\"0\" title=\"Click to enlarge\"><\/a><\/p>\n<div class=\"highslide-caption\">\n<strong>Figure 91<\/strong><br \/>\n<br \/>\u00c9panchement pleural:<br \/>\nCarcinome indiff\u00e9renci\u00e9 \u00e0 petites cellules, origine pulmonaire.<br \/>\n20x <\/div>\n<\/div>\n<div class=\"chartColumnShortCell\">\n \t\t<strong>Figure 91<br \/>\n \t\t<\/strong><br \/>\n\u00c9panchement pleural:<br \/>\nCarcinome indiff\u00e9renci\u00e9 \u00e0 petites cellules, origine pulmonaire.<br \/>\n20x\n<\/div>\n<div class=\"newRow\"><\/div>\n<div class=\"chartColumnCell\">\n<a href=\"\/gallery\/images_large\/slide0492.jpg\" class=\"highslide\" onclick=\"return hs.expand(this)\"><br \/>\n\t<img decoding=\"async\" src=\"\/gallery\/images\/slide0492.jpg\" alt=\"Image 3\" border=\"0\" title=\"Click to enlarge\"><\/a><\/p>\n<div class=\"highslide-caption\">\n<strong>Figure 92<\/strong><br \/>\n<br \/>\u00c9panchement pleural:<br \/>\nCarcinome indiff\u00e9renci\u00e9 \u00e0 petites cellules, origine pulmonaire.<br \/>\n40x<\/div>\n<\/div>\n<div class=\"chartColumnShortCell\">\n \t\t<strong>Figure 92<br \/>\n \t\t<\/strong><br \/>\n\u00c9panchement pleural:<br \/>\nCarcinome indiff\u00e9renci\u00e9 \u00e0 petites cellules, origine pulmonaire.<br \/>\n40x\n<\/div>\n<\/div>\n<div class=\"newRow\"><\/div>\n<p><strong>Figures 91 et 92: \u00c9panchement pleural:Carcinome indiff\u00e9renci\u00e9 \u00e0 petites cellules, origine pulmonaire.<\/strong><br \/>\nPetites cellules fonc\u00e9es du carcinome indiff\u00e9renci\u00e9 \u00e0 petites cellules sous forme isol\u00e9e et dans de petits groupes. Noter le moulage nucl\u00e9aire. <\/p>\n<p><a class=\"back\" href=\"#\">Retour au d\u00e9but<\/a><\/p>\n<p><a href=\"nongyn_atlas.htm\"> Retour \u00e0 la table des mati\u00e8res<\/a><\/p>\n<\/div>\n<p>[\/vc_column_text][vc_column_text el_class=&#8221;back-to-top&#8221;]<strong><a href=\"#main\">Back to Top<\/a><\/strong>[\/vc_column_text][\/vc_column][vc_column width=&#8221;1\/3&#8243; offset=&#8221;vc_hidden-sm vc_hidden-xs&#8221;][vc_widget_sidebar sidebar_id=&#8221;consulting-right-sidebar&#8221;][\/vc_column][\/vc_row]<\/p>\n","protected":false},"excerpt":{"rendered":"<p>[vc_row 0=&#8221;&#8221;][vc_column 0=&#8221;&#8221; offset=&#8221;vc_hidden-lg vc_hidden-md&#8221;][vc_raw_html 0=&#8221;&#8221;]PGNlbnRlcj48YSBjbGFzcz0ic2hpZnRuYXYtdG9nZ2xlIHNoaWZ0bmF2LXRvZ2dsZS1idXR0b24iIGRhdGEtc2hpZnRuYXYtdGFyZ2V0PSJzaGlmdG5hdi1tYWluIj48aSBjbGFzcz0iZmEgZmEtYmFycyI+PC9pPiBUYWJsZSBvZiBDb250ZW50cyA8L2E+PC9jZW50ZXI+[\/vc_raw_html][\/vc_column][\/vc_row][vc_row][vc_column][vc_custom_heading text=&#8221;Cytologie des effusions de la cavit\u00e9 pleurale, p\u00e9ricardique et p\u00e9riton\u00e9ale&#8221; font_container=&#8221;tag:h1|text_align:center&#8221; use_theme_fonts=&#8221;yes&#8221;][\/vc_column][\/vc_row][vc_row el_id=&#8221;acknowledgements&#8221;][vc_column width=&#8221;2\/3&#8243;][vc_column_text] \u00c9PANCHEMENTS \u2013 CANCER M\u00c9TASTATIQUE DU POUMON Rappel : Vous pouvez cliquer sur une image de l&#8217;Atlas pour la voir dans un format plus grand. Figure 80 \u00c9panchement pleural: Ad\u00e9nocarcinome, origine pulmonaire. 20x Figure 80 \u00c9panchement<\/p>\n","protected":false},"author":7,"featured_media":0,"parent":1949,"menu_order":0,"comment_status":"closed","ping_status":"closed","template":"","meta":{"ngg_post_thumbnail":0,"footnotes":""},"class_list":["post-1993","page","type-page","status-publish","hentry"],"_links":{"self":[{"href":"https:\/\/cytologystuff.com\/fr\/wp-json\/wp\/v2\/pages\/1993","targetHints":{"allow":["GET"]}}],"collection":[{"href":"https:\/\/cytologystuff.com\/fr\/wp-json\/wp\/v2\/pages"}],"about":[{"href":"https:\/\/cytologystuff.com\/fr\/wp-json\/wp\/v2\/types\/page"}],"author":[{"embeddable":true,"href":"https:\/\/cytologystuff.com\/fr\/wp-json\/wp\/v2\/users\/7"}],"replies":[{"embeddable":true,"href":"https:\/\/cytologystuff.com\/fr\/wp-json\/wp\/v2\/comments?post=1993"}],"version-history":[{"count":0,"href":"https:\/\/cytologystuff.com\/fr\/wp-json\/wp\/v2\/pages\/1993\/revisions"}],"up":[{"embeddable":true,"href":"https:\/\/cytologystuff.com\/fr\/wp-json\/wp\/v2\/pages\/1949"}],"wp:attachment":[{"href":"https:\/\/cytologystuff.com\/fr\/wp-json\/wp\/v2\/media?parent=1993"}],"curies":[{"name":"wp","href":"https:\/\/api.w.org\/{rel}","templated":true}]}}