{"id":1949,"date":"2017-07-31T18:05:19","date_gmt":"2017-07-31T18:05:19","guid":{"rendered":"http:\/\/cytologystuff1.wpengine.com\/non-gyn-atlas\/"},"modified":"2018-01-06T11:38:36","modified_gmt":"2018-01-06T11:38:36","slug":"non-gyn-atlas","status":"publish","type":"page","link":"https:\/\/cytologystuff.com\/fr\/non-gyn-atlas\/","title":{"rendered":"Non-GYN Atlas"},"content":{"rendered":"<p>[vc_row][vc_column][vc_custom_heading text=&#8221;Sommaire de l&#8217;Atlas NON GYN&#8221; font_container=&#8221;tag:h1|text_align:center&#8221; use_theme_fonts=&#8221;yes&#8221;][\/vc_column][\/vc_row][vc_row css=&#8221;.vc_custom_1501004719015{margin-bottom: 25px !important;}&#8221;][vc_column width=&#8221;2\/3&#8243;][vc_tta_accordion color=&#8221;sky&#8221; active_section=&#8221;1&#8243; collapsible_all=&#8221;true&#8221;][vc_tta_section title=&#8221;CYTOLOGIE DES LIQUIDES D&#8217;\u00c9PANCHEMENTS Richard A. Smith, MD, PhD, MBA&#8221; tab_id=&#8221;1501003616475-03cd55e8-b4047dbd-fde9&#8243;][vc_row_inner 0=&#8221;&#8221;][vc_column_inner 0=&#8221;&#8221;][vc_column_text 0=&#8221;&#8221;]<\/p>\n<ul>\n<li><span style=\"font-size: 14pt;\"> <a href=\"https:\/\/cytologystuff.com\/zh-hans\/non-gyn-atlas\/cytology-of-pleural-pericardial-and-peritoneal-cavity-effusions-introduction\/\">Introduction<\/a><\/span><\/li>\n<li><span style=\"font-size: 14pt;\"> <a href=\"https:\/\/cytologystuff.com\/zh-hans\/non-gyn-atlas\/negative-effusions\/\">\u00c9panchements n\u00e9gatifs<\/a><\/span><\/li>\n<li><span style=\"font-size: 14pt;\"><a href=\"https:\/\/cytologystuff.com\/zh-hans\/non-gyn-atlas\/negative-washes\/\">Lavages n\u00e9gatifs<\/a><\/span><\/li>\n<li><span style=\"font-size: 14pt;\"><a href=\"https:\/\/cytologystuff.com\/zh-hans\/non-gyn-atlas\/effusions-mesothelioma\/\">\u00c9panchements &#8211; M\u00e9soth\u00e9liome<\/a><\/span><\/li>\n<li><span style=\"font-size: 14pt;\"> <a href=\"https:\/\/cytologystuff.com\/zh-hans\/non-gyn-atlas\/effusions-hematologic-malignancies\/\">\u00c9panchements \u2013 H\u00e9mopathies malignes<\/a><\/span><\/li>\n<li><span style=\"font-size: 14pt;\"><a href=\"https:\/\/cytologystuff.com\/zh-hans\/non-gyn-atlas\/effusions-and-washes-ovarian-adenocarcinoma\/\">\u00c9panchements et lavages \u2013 Ad\u00e9nocarcinome ovarien<\/a><\/span><\/li>\n<li><span style=\"font-size: 14pt;\"><a href=\"https:\/\/cytologystuff.com\/zh-hans\/non-gyn-atlas\/effusions-and-washes-other-gynecologic-metastases\/\">\u00c9panchements et lavages \u2013 Autres m\u00e9tastases gyn\u00e9cologiques<\/a><\/span><\/li>\n<li><span style=\"font-size: 14pt;\"><a href=\"https:\/\/cytologystuff.com\/zh-hans\/non-gyn-atlas\/effusions-metastatic-breast-cancer\/\">\u00c9panchements \u2013 Cancer m\u00e9tastatique du sein<\/a><\/span><\/li>\n<li><span style=\"font-size: 14pt;\"><a href=\"https:\/\/cytologystuff.com\/zh-hans\/non-gyn-atlas\/effusions-metastatic-lung-cancer\/\">\u00c9panchements \u2013 Cancer m\u00e9tastatique du poumon<\/a><\/span><\/li>\n<li><span style=\"font-size: 14pt;\"><a href=\"https:\/\/cytologystuff.com\/zh-hans\/non-gyn-atlas\/effusions-metastatic-lung-cancer\/\">\u00c9panchements \u2013 Tumeur maligne gastro-intestinale m\u00e9tastatique<\/a><\/span><\/li>\n<\/ul>\n<p>[\/vc_column_text][\/vc_column_inner][\/vc_row_inner][\/vc_tta_section][vc_tta_section title=&#8221;CYTOLOGIE RESPIRATOIRE James Linder, MD&#8221; tab_id=&#8221;1501004541917-ea783388-80547dbd-fde9&#8243;][vc_row_inner 0=&#8221;&#8221;][vc_column_inner 0=&#8221;&#8221;][vc_column_text 0=&#8221;&#8221;]<\/p>\n<ul>\n<li><span style=\"font-size: 14pt;\"><a href=\"https:\/\/cytologystuff.com\/zh-hans\/non-gyn-atlas\/respiratory-cytology-introduction\/\">Introduction<\/a><\/span><\/li>\n<li><span style=\"font-size: 14pt;\"><a href=\"https:\/\/cytologystuff.com\/zh-hans\/non-gyn-atlas\/respiratory-cytology-normal\/\">Cytologie normale<\/a><\/span><\/li>\n<li><span style=\"font-size: 14pt;\"><a href=\"https:\/\/cytologystuff.com\/zh-hans\/non-gyn-atlas\/respiratory-cytology-reactive-inflammatory\/\">R\u00e9action inflammatoire<\/a><\/span><\/li>\n<li><span style=\"font-size: 14pt;\"><a href=\"https:\/\/cytologystuff.com\/zh-hans\/non-gyn-atlas\/respiratory-cytology-squamous-cell-carcinoma\/\">Carcinome des cellules malpighiennes<\/a><\/span><\/li>\n<li><span style=\"font-size: 14pt;\"><a href=\"https:\/\/cytologystuff.com\/zh-hans\/non-gyn-atlas\/respiratory-cytology-adenocarcinoma\/\">Ad\u00e9nocarcinome<\/a><\/span><\/li>\n<li><span style=\"font-size: 14pt;\"><a href=\"https:\/\/cytologystuff.com\/zh-hans\/non-gyn-atlas\/respiratory-cytology-large-cell-undifferentiated-carcinoma\/\">Carcinome indiff\u00e9renci\u00e9 \u00e0 grandes cellules<\/a><\/span><\/li>\n<li><span style=\"font-size: 14pt;\"><span style=\"font-size: 14pt;\"><a href=\"https:\/\/cytologystuff.com\/zh-hans\/non-gyn-atlas\/respiratory-cytology-small-cell-undifferentiated-carcinoma\/\">Carcinome indiff\u00e9renci\u00e9 \u00e0 petites cellules<\/a><\/span><\/span><\/li>\n<li><span style=\"font-size: 14pt;\"><a href=\"https:\/\/cytologystuff.com\/zh-hans\/non-gyn-atlas\/respiratory-cytology-dr-jim-linders-bonus\/\">Bonus du Dr. Jim Linder : Autres &#8220;cas&#8221; respiratoires<\/a><\/span><\/li>\n<\/ul>\n<p>[\/vc_column_text][\/vc_column_inner][\/vc_row_inner][\/vc_tta_section][vc_tta_section title=&#8221;CYTOLOGIE URINAIRE Raheela Ashfaq, MD&#8221; tab_id=&#8221;1501004546764-461e918e-6b7e7dbd-fde9&#8243;][vc_row_inner 0=&#8221;&#8221;][vc_column_inner 0=&#8221;&#8221;][vc_column_text 0=&#8221;&#8221;]<\/p>\n<ul>\n<li><span style=\"font-size: 14pt;\"><a href=\"https:\/\/cytologystuff.com\/zh-hans\/non-gyn-atlas\/urinary-tract-cytology-introduction\/\">Introduction<\/a><\/span><\/li>\n<li><span style=\"font-size: 14pt;\"><a href=\"https:\/\/cytologystuff.com\/zh-hans\/non-gyn-atlas\/urinary-tract-cytology-normal-elements\/\">El\u00e9ments normaux<\/a><\/span><\/li>\n<li><span style=\"font-size: 14pt;\"><a href=\"https:\/\/cytologystuff.com\/zh-hans\/non-gyn-atlas\/urinary-tract-cytology-high-grade-urothelial-carcinoma\/\">Carcinomes uroth\u00e9liaux de haut grade<\/a><\/span><\/li>\n<li><span style=\"font-size: 14pt;\"><a href=\"https:\/\/cytologystuff.com\/zh-hans\/non-gyn-atlas\/urinary-tract-cytology-low-grade-urothelial-carcinoma\/\">Carcinomes uroth\u00e9liaux de bas grade<\/a><\/span><\/li>\n<li><span style=\"font-size: 14pt;\"><a href=\"https:\/\/cytologystuff.com\/zh-hans\/non-gyn-atlas\/urinary-tract-cytology-other-types-of-malignancies\/\">Autres types de tumeurs malignes<\/a><\/span><\/li>\n<\/ul>\n<p>[\/vc_column_text][\/vc_column_inner][\/vc_row_inner][\/vc_tta_section][vc_tta_section title=&#8221;CYTOLOGIE GASTRO-INTESTINALE Latha Pisharodi, MD&#8221; tab_id=&#8221;1501004767867-781d9e8e-c76f7dbd-fde9&#8243;][vc_row_inner 0=&#8221;&#8221;][vc_column_inner 0=&#8221;&#8221;][vc_column_text 0=&#8221;&#8221;]<\/p>\n<ul>\n<li><span style=\"font-size: 14pt;\"><a href=\"https:\/\/cytologystuff.com\/zh-hans\/non-gyn-atlas\/gastrointestinal-cytology-introduction\/\">ntroduction<\/a><\/span><\/li>\n<li><span style=\"font-size: 14pt;\"><a href=\"https:\/\/cytologystuff.com\/zh-hans\/non-gyn-atlas\/gastrointestinal-cytology-introduction\/#esophageal\">Brossages \u0153sophagiens<\/a><\/span><\/li>\n<li><span style=\"font-size: 14pt;\"><a href=\"https:\/\/cytologystuff.com\/zh-hans\/non-gyn-atlas\/gastrointestinal-cytology-introduction\/#gastric\">Brossages gastriques<\/a><\/span><\/li>\n<li><span style=\"font-size: 14pt;\"><a href=\"https:\/\/cytologystuff.com\/zh-hans\/non-gyn-atlas\/gastrointestinal-cytology-introduction\/\">Brossages coliques<\/a><\/span><\/li>\n<li><span style=\"font-size: 14pt;\"><a href=\"https:\/\/cytologystuff.com\/zh-hans\/non-gyn-atlas\/gastrointestinal-cytology-introduction\/#pancreatic\">Brossages de canal pancr\u00e9atique<\/a><\/span><\/li>\n<li><span style=\"font-size: 14pt;\"><a href=\"https:\/\/cytologystuff.com\/zh-hans\/non-gyn-atlas\/gastrointestinal-cytology-introduction\/#bile\">Brossages et lavages du canal biliaire<\/a><\/span><\/li>\n<li><span style=\"font-size: 14pt;\"><a href=\"https:\/\/cytologystuff.com\/zh-hans\/non-gyn-atlas\/gastrointestinal-cytology-introduction\/#anal\">Brossages anaux<\/a><\/span><\/li>\n<\/ul>\n<p>[\/vc_column_text][\/vc_column_inner][\/vc_row_inner][\/vc_tta_section][vc_tta_section title=&#8221;CYTOPONCTION \u00c0 L&#8217;AIGUILLE FINE&#8221; tab_id=&#8221;1501004823867-5082e279-bedb7dbd-fde9&#8243;][vc_row_inner 0=&#8221;&#8221;][vc_column_inner 0=&#8221;&#8221;][vc_column_text 0=&#8221;&#8221;]<\/p>\n<ul>\n<li><span style=\"font-size: 14pt;\"><a href=\"https:\/\/cytologystuff.com\/zh-hans\/non-gyn-atlas\/fine-needle-aspiration-cytology-introduction\/\">Introduction David B. Kaminsky, MD, FIA<\/a><\/span><\/li>\n<li><span style=\"font-size: 14pt;\"><a href=\"https:\/\/cytologystuff.com\/zh-hans\/non-gyn-atlas\/fine-needle-aspiration-cytology-head-neck-and-lymph-nodes\/\">T\u00eate, cou et ganglions lymphatiques Stan A. Lightfoot, MD<\/a><\/span><\/li>\n<li><span style=\"font-size: 14pt;\"><a href=\"https:\/\/cytologystuff.com\/zh-hans\/non-gyn-atlas\/fine-needle-aspiration-cytology-thyroid\/\">Thyro\u00efde Helen H. Wang, MD, DrPH<\/a><\/span><\/li>\n<li><span style=\"font-size: 14pt;\"><a href=\"https:\/\/cytologystuff.com\/zh-hans\/non-gyn-atlas\/fine-needle-aspiration-cytology-pulmonary\/\">Poumon Rana S. Hoda MD, FIAC<\/a><\/span><\/li>\n<li><span style=\"font-size: 14pt;\"><a href=\"https:\/\/cytologystuff.com\/zh-hans\/non-gyn-atlas\/fine-needle-aspiration-cytology-breast\/\">Sein Grace T. McKee, MD<\/a><\/span><\/li>\n<li><span style=\"font-size: 14pt;\"><a href=\"https:\/\/cytologystuff.com\/zh-hans\/non-gyn-atlas\/fine-needle-aspiration-cytology-liver-and-pancreas\/\">Foie et pancr\u00e9as Jan F. Silverman, MD and Telma C. Pereira, MD<\/a><\/span><\/li>\n<li><span style=\"font-size: 14pt;\"><a href=\"https:\/\/cytologystuff.com\/zh-hans\/non-gyn-atlas\/fine-needle-aspiration-cytology-other-body-sites\/\">Autres foyers Michele M. Weir, MD, FRCP<\/a><\/span><\/li>\n<\/ul>\n<p>[\/vc_column_text][\/vc_column_inner][\/vc_row_inner][\/vc_tta_section][vc_tta_section title=&#8221;REMERCIEMENTS&#8221; tab_id=&#8221;1501004896680-5e59a104-22657dbd-fde9&#8243;][vc_row_inner 0=&#8221;&#8221;][vc_column_inner 0=&#8221;&#8221;][vc_column_text 0=&#8221;&#8221;]<\/p>\n<ul>\n<li><span style=\"font-size: 14pt;\"><a href=\"https:\/\/cytologystuff.com\/zh-hans\/non-gyn-atlas\/non-gyn-atlas-acknowledgements\/\">Un grand merci aux diff\u00e9rents collaborateurs Eileen B. Ludlow, BS, CT(ASCP)<\/a><\/span><\/li>\n<\/ul>\n<p>[\/vc_column_text][\/vc_column_inner][\/vc_row_inner][\/vc_tta_section][\/vc_tta_accordion][\/vc_column][vc_column width=&#8221;1\/3&#8243;][vc_single_image image=&#8221;11009&#8243; img_size=&#8221;full&#8221;][\/vc_column][\/vc_row]<\/p>\n","protected":false},"excerpt":{"rendered":"<p>[vc_row][vc_column][vc_custom_heading text=&#8221;Sommaire de l&#8217;Atlas NON GYN&#8221; font_container=&#8221;tag:h1|text_align:center&#8221; use_theme_fonts=&#8221;yes&#8221;][\/vc_column][\/vc_row][vc_row css=&#8221;.vc_custom_1501004719015{margin-bottom: 25px !important;}&#8221;][vc_column width=&#8221;2\/3&#8243;][vc_tta_accordion color=&#8221;sky&#8221; active_section=&#8221;1&#8243; collapsible_all=&#8221;true&#8221;][vc_tta_section title=&#8221;CYTOLOGIE DES LIQUIDES D&#8217;\u00c9PANCHEMENTS Richard A. Smith, MD, PhD, MBA&#8221; tab_id=&#8221;1501003616475-03cd55e8-b4047dbd-fde9&#8243;][vc_row_inner 0=&#8221;&#8221;][vc_column_inner 0=&#8221;&#8221;][vc_column_text 0=&#8221;&#8221;] Introduction \u00c9panchements n\u00e9gatifs Lavages n\u00e9gatifs \u00c9panchements &#8211; M\u00e9soth\u00e9liome \u00c9panchements \u2013 H\u00e9mopathies malignes \u00c9panchements et lavages \u2013 Ad\u00e9nocarcinome ovarien \u00c9panchements et lavages \u2013 Autres m\u00e9tastases gyn\u00e9cologiques \u00c9panchements<\/p>\n","protected":false},"author":7,"featured_media":0,"parent":0,"menu_order":0,"comment_status":"closed","ping_status":"closed","template":"","meta":{"ngg_post_thumbnail":0,"footnotes":""},"class_list":["post-1949","page","type-page","status-publish","hentry"],"_links":{"self":[{"href":"https:\/\/cytologystuff.com\/fr\/wp-json\/wp\/v2\/pages\/1949","targetHints":{"allow":["GET"]}}],"collection":[{"href":"https:\/\/cytologystuff.com\/fr\/wp-json\/wp\/v2\/pages"}],"about":[{"href":"https:\/\/cytologystuff.com\/fr\/wp-json\/wp\/v2\/types\/page"}],"author":[{"embeddable":true,"href":"https:\/\/cytologystuff.com\/fr\/wp-json\/wp\/v2\/users\/7"}],"replies":[{"embeddable":true,"href":"https:\/\/cytologystuff.com\/fr\/wp-json\/wp\/v2\/comments?post=1949"}],"version-history":[{"count":0,"href":"https:\/\/cytologystuff.com\/fr\/wp-json\/wp\/v2\/pages\/1949\/revisions"}],"wp:attachment":[{"href":"https:\/\/cytologystuff.com\/fr\/wp-json\/wp\/v2\/media?parent=1949"}],"curies":[{"name":"wp","href":"https:\/\/api.w.org\/{rel}","templated":true}]}}