{"id":1895,"date":"2017-07-31T17:55:11","date_gmt":"2017-07-31T17:55:11","guid":{"rendered":"http:\/\/cytologystuff1.wpengine.com\/gyn-atlas-table-of-contents\/endocervical-adenocarcinoma\/"},"modified":"2017-11-15T10:11:39","modified_gmt":"2017-11-15T10:11:39","slug":"endocervical-adenocarcinoma","status":"publish","type":"page","link":"https:\/\/cytologystuff.com\/fr\/gyn-atlas-table-of-contents\/endocervical-adenocarcinoma\/","title":{"rendered":"ANOMALIES CELLULAIRES \u00c9PITH\u00c9LIALES"},"content":{"rendered":"<p>[vc_row 0=&#8221;&#8221;][vc_column 0=&#8221;&#8221; offset=&#8221;vc_hidden-lg vc_hidden-md&#8221;][vc_raw_html 0=&#8221;&#8221;]PGNlbnRlcj48YSBjbGFzcz0ic2hpZnRuYXYtdG9nZ2xlIHNoaWZ0bmF2LXRvZ2dsZS1idXR0b24iIGRhdGEtc2hpZnRuYXYtdGFyZ2V0PSJzaGlmdG5hdi1tYWluIj48aSBjbGFzcz0iZmEgZmEtYmFycyI+PC9pPiBUYWJsZSBvZiBDb250ZW50cyA8L2E+PC9jZW50ZXI+[\/vc_raw_html][\/vc_column][\/vc_row][vc_row][vc_column][vc_custom_heading text=&#8221;ANOMALIES CELLULAIRES \u00c9PITH\u00c9LIALES&#8221; font_container=&#8221;tag:h1|text_align:center&#8221; use_theme_fonts=&#8221;yes&#8221;][\/vc_column][\/vc_row][vc_row el_id=&#8221;acknowledgements&#8221;][vc_column width=&#8221;2\/3&#8243;][vc_column_text]<\/p>\n<p class=\"subhead\">ANOMALIES CELLULAIRES \u00c9PITH\u00c9LIALES<\/p>\n<p>         <strong>AD\u00c9NOCARCINOME ENDOCERVICAL : <\/strong><br \/>\n\t\t <em>Raheela Ashfaq, MD<\/em><\/p>\n<p>Sur un frottis ThinPrep<sup>\u00ae<\/sup>, les cellules d&#8217;un ad\u00e9nocarcinome endocervical sont bien pr\u00e9serv\u00e9es et conservent les structures et dispositions glandulaires classiques observ\u00e9es dans d&#8217;autres m\u00e9thodes de recueil en milieu liquide, \u00e0 savoir l&#8217;ad\u00e9carcinome pr\u00e9sent dans des \u00e9chantillons non gyn\u00e9cologiques. En raison de l&#8217;augmentation relative et absolue de son incidence, un nombre plus important de diagnostics d&#8217;ad\u00e9nocarcinome a r\u00e9cemment \u00e9t\u00e9 \u00e9tabli. Malheureusement, l&#8217;\u00e9chantillon incomplet du canal endocervical ou la mauvaise conservation du mat\u00e9riel glandulaire des pr\u00e9l\u00e8vements conventionnels du col de l&#8217;ut\u00e9rus rend souvent ce diagnostic difficile \u00e0 \u00e9tablir.   <\/p>\n<p>    Un diagnostic correct d&#8217;ad\u00e9nocarcinome endocervical d\u00e9pend beaucoup du grade de la l\u00e9sion invasive, ainsi que de la pr\u00e9sence ou de l&#8217;absence d&#8217;une diath\u00e8se tumorale. Dans la mesure o\u00f9 des l\u00e9sions bien diff\u00e9renci\u00e9es peuvent \u00eatre confondues avec des l\u00e9sions in situ, une biopsie chirurgicale est souvent n\u00e9cessaire pour \u00e9tablir un diagnostic d\u00e9finitif. En raison des techniques de fixation rapides employ\u00e9es avec la m\u00e9thode ThinPrep, l&#8217;attention ne doit pas porter sur la seule architecture tissulaire, mais \u00e9galement sur les caract\u00e9ristiques nucl\u00e9aires. Des crit\u00e8res comme l&#8217;irr\u00e9gularit\u00e9 des membranes nucl\u00e9aires et l&#8217;aspect de la chromatine sont importantes pour permettre au cytologiste de distinguer des l\u00e9sions glandulaires n\u00e9oplasiques d&#8217;un processus b\u00e9nin de r\u00e9paration. L&#8217;absence de s\u00e9chage \u00e0 l&#8217;air se traduit par une identification plus nette des caract\u00e9ristiques nucl\u00e9aires et \u00e9limine la coloration &#8220;sale&#8221; de la chromatine, facilitant ainsi le diagnostic.  <\/p>\n<p>    Comme pour d&#8217;autres entit\u00e9s diagnostiques, diverses affections glandulaires peuvent accompagner l&#8217;ad\u00e9nocarcinome sous forme d&#8217;AIS. Il est important de continuer \u00e0 rechercher la pr\u00e9sentation la plus grave de la l\u00e9sion en \u00e9tablissant une corr\u00e9lation avec une biopsie. <\/p>\n<p> Un pr\u00e9l\u00e8vement correct de la l\u00e9sion facilite l&#8217;\u00e9tablissement d&#8217;un diagnostic pr\u00e9cis d&#8217;ad\u00e9nocarcinome endocervical, car des nombreux amas et groupes de cellules atypiques peuvent ainsi \u00eatre visualis\u00e9s au grossissement de d\u00e9pistage. On note la pr\u00e9sence du crit\u00e8re classique d&#8217;amas et groupes 2D. Ces groupes commencent en outre \u00e0 se rassembler et affichent une diff\u00e9renciation glandulaire inf\u00e9rieure \u00e0 celle observ\u00e9e dans l&#8217;AIS sous la forme de bandes, d&#8217;une pseudostratification et d&#8217;un encombrement. La bordure des groupes 3D peut para\u00eetre festonn\u00e9e et le noyau peut sembler sortir du cytoplasme. En outre, on peut observer une leucophagocytose (cette caract\u00e9ristique n&#8217;est pas exclusivement associ\u00e9e aux l\u00e9sions endocervicales ou endom\u00e9triales).  <\/p>\n<p>  La morphologie nucl\u00e9aire de l&#8217;ad\u00e9nocarcinome endocervical varie avec la diff\u00e9renciation de la l\u00e9sion. Les noyaux bien diff\u00e9renci\u00e9s pr\u00e9sentent une chromatine finement granulaire, hyperchromatique et r\u00e9partie de fa\u00e7on homog\u00e8ne et ressemblent beaucoup \u00e0 ceux de l&#8217;AIS. Lorsque la l\u00e9sion progresse, ils paraissent de plus en plus atypiques. Leur taille augmente et ils prennent 2\/3 ou plus du cytoplasme. La chromatine devient davantage grossi\u00e8re et, souvent, r\u00e9partie de fa\u00e7on irr\u00e9guli\u00e8re avec \u00e9limination de la parachromatine. On note \u00e9galement la pr\u00e9sence de membranes nucl\u00e9aires irr\u00e9guli\u00e8res, m\u00eame si elles ont davantage tendance \u00e0 onduler et \u00e0 \u00eatre lisses qu&#8217;\u00e0 afficher les &#8220;morsures&#8221; et &#8220;mottes de terre&#8221; des l\u00e9sions malpighiennes. Des macronucl\u00e9oles peuvent \u00eatre pr\u00e9sents et irr\u00e9guliers dans leur pr\u00e9sentation. Enfin, la pr\u00e9sence \u00e9ventuelle de diath\u00e8se tumorale n\u00e9crotique et\/ou de sang associ\u00e9e aux crit\u00e8res cellulaires permet d&#8217;\u00e9tablir un diagnostic de l\u00e9sion invasive. <\/p>\n<p style=\"padding-left:7px\"><a href=\"javascript:void(0)\"  style=\"width:350px;display:block\"><img loading=\"lazy\" decoding=\"async\" src=\"\/images\/button27h.gif\" id=\"selfAssessImg\" width=\"350\" height=\"40\"><\/a><\/p>\n<p><a name=\"assess\"><\/a><br \/>\n<strong> Les crit\u00e8res cytologiques suivants permettent d&#8217;\u00e9tablir un diagnostic d&#8217;ad\u00e9nocarcinome endocervical :<\/strong>  <\/p>\n<div class=\"highslide-gallery\">\n<strong>Rappel : Vous pouvez cliquer sur une image<br \/>\nde l&#8217;Atlas pour la voir dans un format plus grand.<\/strong><\/p>\n<div class=\"chartColumnCell\">\n\t\t\t  <a href=\"\/gallery\/images_large\/slide0077.jpg\" class=\"highslide\" onclick=\"return hs.expand(this)\"><br \/>\n\t<img decoding=\"async\" src=\"\/gallery\/images\/slide0077.jpg\" alt=\"Image 1\" border=\"0\" title=\"Click to enlarge\"><\/a><\/p>\n<div class=\"highslide-caption\">\n\t<strong>Ad\u00e9nocarcinome endocervical<\/strong><br \/>\nCellules pr\u00e9sentes dans des groupes en 3D, des groupes en 2D et isol\u00e9es.. 60x\n<\/div><\/div>\n<div class=\"chartColumnShortCell\">\n\t\t\t\t\t\t<strong>Ad\u00e9nocarcinome endocervical<\/strong><br \/>\nCellules pr\u00e9sentes dans des groupes en 3D, des groupes en 2D et isol\u00e9es..<br \/>\n60x\n\t\t\t\t\t<\/div>\n<div class=\"newRow\"><\/div>\n<div class=\"chartColumnCell\">\n<a href=\"\/gallery\/images_large\/slide0078.jpg\" class=\"highslide\" onclick=\"return hs.expand(this)\"><br \/>\n\t<img decoding=\"async\" src=\"\/gallery\/images\/slide0078.jpg\" alt=\"Image 2\" border=\"0\" title=\"Click to enlarge\"><\/a><\/p>\n<div class=\"highslide-caption\">\n\t<strong>Ad\u00e9nocarcinome endocervical<\/strong><br \/>\nLe cytoplasme peut \u00eatre finement vacuolis\u00e9 avec plusieurs vacuoles discr\u00e8tes et des bordures cellulaires nettes. 60x<\/div>\n<\/div>\n<div class=\"chartColumnShortCell\">\n\t<strong>Ad\u00e9nocarcinome endocervical<\/strong><br \/>\nLe cytoplasme peut \u00eatre finement vacuolis\u00e9 avec plusieurs vacuoles discr\u00e8tes et des bordures cellulaires nettes.<br \/>\n60x<\/div>\n<\/div>\n<div class=\"newRow\"><\/div>\n<div class=\"chartColumnCell\">\n<a href=\"\/gallery\/images_large\/slide0079.jpg\" class=\"highslide\" onclick=\"return hs.expand(this)\"><br \/>\n\t<img decoding=\"async\" src=\"\/gallery\/images\/slide0079.jpg\" alt=\"Image 3\" border=\"0\" title=\"Click to enlarge\"><\/a><\/p>\n<div class=\"highslide-caption\">\n\t<strong>Ad\u00e9nocarcinome endocervical<\/strong><br \/>\nGroupes de cellules glandulaires rassembl\u00e9s dans la solution PreservCyt et dont le bord peut \u00eatre festonn\u00e9. A noter, les bordures cytoplasmiques lisses nettes.<br \/>\n40x<\/div>\n<\/div>\n<div class=\"chartColumnShortCell\">\n \t<strong>Ad\u00e9nocarcinome endocervical<\/strong><br \/>\nGroupes de cellules glandulaires rassembl\u00e9s dans la solution PreservCyt et dont le bord peut \u00eatre festonn\u00e9. A noter, les bordures cytoplasmiques lisses nettes.<br \/>\n40x<\/div>\n<div class=\"newRow\"><\/div>\n<div class=\"chartColumnCell\">\n<a href=\"\/gallery\/images_large\/slide0080.jpg\" class=\"highslide\" onclick=\"return hs.expand(this)\"><br \/>\n\t<img decoding=\"async\" src=\"\/gallery\/images\/slide0080.jpg\" alt=\"Image 4\" border=\"0\" title=\"Click to enlarge\"><\/a><\/p>\n<div class=\"highslide-caption\">\n\t<strong>Ad\u00e9nocarcinome endocervical<\/strong><br \/>\nLeucophagocytose observ\u00e9e dans l&#8217;ad\u00e9nocarcinome endocervical et endom\u00e9trial. 60x<\/div>\n<\/div>\n<div class=\"chartColumnShortCell\">\n \t<strong>Ad\u00e9nocarcinome endocervical<\/strong><br \/>\nLeucophagocytose observ\u00e9e dans l&#8217;ad\u00e9nocarcinome endocervical et endom\u00e9trial.<br \/>\n60x<\/div>\n<div class=\"newRow\"><\/div>\n<div class=\"chartColumnCell\">\n<a href=\"\/gallery\/images_large\/slide0081.jpg\" class=\"highslide\" onclick=\"return hs.expand(this)\"><br \/>\n\t<img decoding=\"async\" src=\"\/gallery\/images\/slide0081.jpg\" alt=\"Image 5\" border=\"0\" title=\"Click to enlarge\"><\/a><\/p>\n<div class=\"highslide-caption\">\n\t<strong>Ad\u00e9nocarcinome endocervical<\/strong><br \/>\nNoyaux dont la taille a augment\u00e9, occupant souvent plus de 2\/3 du cytoplasme et g\u00e9n\u00e9ralement ronds \u00e0 ovales avec membranes nucl\u00e9aires ondulantes. 60x<\/div>\n<\/div>\n<div class=\"chartColumnShortCell\">\n \t<strong>Ad\u00e9nocarcinome endocervical<\/strong><br \/>\nNoyaux dont la taille a augment\u00e9, occupant souvent plus de 2\/3 du cytoplasme et g\u00e9n\u00e9ralement ronds \u00e0 ovales avec membranes nucl\u00e9aires ondulantes.<br \/>\n60x<\/div>\n<div class=\"newRow\"><\/div>\n<div class=\"chartColumnCell\">\n<a href=\"\/gallery\/images_large\/slide0082.jpg\" class=\"highslide\" onclick=\"return hs.expand(this)\"><br \/>\n\t<img decoding=\"async\" src=\"\/gallery\/images\/slide0082.jpg\" alt=\"Image 6\" border=\"0\" title=\"Click to enlarge\"><\/a><\/p>\n<div class=\"highslide-caption\">\n\t<strong>Ad\u00e9nocarcinome endocervical<\/strong><br \/>\nMembranes nucl\u00e9aires \u00e9paissies, irr\u00e9guli\u00e8res et ondulantes (absence des \u201cmorsures\u201d observ\u00e9es dans les l\u00e9sions malpighiennes). 40x<\/div>\n<\/div>\n<div class=\"chartColumnShortCell\">\n \t<strong>Ad\u00e9nocarcinome endocervical<\/strong><br \/>\nMembranes nucl\u00e9aires \u00e9paissies, irr\u00e9guli\u00e8res et ondulantes (absence des \u201cmorsures\u201d observ\u00e9es dans les l\u00e9sions malpighiennes).<br \/>\n40x<\/div>\n<div class=\"newRow\"><\/div>\n<div class=\"chartColumnCell\">\n<a href=\"\/gallery\/images_large\/slide0083.jpg\" class=\"highslide\" onclick=\"return hs.expand(this)\"><br \/>\n\t<img decoding=\"async\" src=\"\/gallery\/images\/slide0083.jpg\" alt=\"Image 7\" border=\"0\" title=\"Click to enlarge\"><\/a><\/p>\n<div class=\"highslide-caption\">\n\t<strong>Ad\u00e9nocarcinome endocervical<\/strong><br \/>\nChromatine finement \u00e0 grossi\u00e8rement granulaire et pouvant sembler r\u00e9partie de fa\u00e7on homog\u00e8ne bien que grossi\u00e8re et en motte. Noyaux hyperchromatiques et pr\u00e9sentant une profondeur de champ sup\u00e9rieure \u00e0 l&#8217;entit\u00e9 normale. 60x<\/div>\n<\/div>\n<div class=\"chartColumnShortCell\">\n \t<strong>Ad\u00e9nocarcinome endocervical<\/strong><br \/>\nChromatine finement \u00e0 grossi\u00e8rement granulaire et pouvant sembler r\u00e9partie de fa\u00e7on homog\u00e8ne bien que grossi\u00e8re et en motte. Noyaux hyperchromatiques et pr\u00e9sentant une profondeur de champ sup\u00e9rieure \u00e0 l&#8217;entit\u00e9 normale.<br \/>\n60x<\/div>\n<div class=\"newRow\"><\/div>\n<div class=\"chartColumnCell\">\n<a href=\"\/gallery\/images_large\/slide0084.jpg\" class=\"highslide\" onclick=\"return hs.expand(this)\"><br \/>\n\t<img decoding=\"async\" src=\"\/gallery\/images\/slide0084.jpg\" alt=\"Image 8\" border=\"0\" title=\"Click to enlarge\"><\/a><\/p>\n<div class=\"highslide-caption\">\n\t<strong>Ad\u00e9nocarcinome endocervical<\/strong><br \/>\n\u00c9limination \u00e9vidente de la parachromatine avec noyaux pr\u00e9sentant une profondeur de champ sup\u00e9rieure \u00e0 ceux des cellules endocervicales normales. 60x<\/div>\n<\/div>\n<div class=\"chartColumnShortCell\">\n \t<strong>Ad\u00e9nocarcinome endocervical<\/strong><br \/>\n\u00c9limination \u00e9vidente de la parachromatine avec noyaux pr\u00e9sentant une profondeur de champ sup\u00e9rieure \u00e0 ceux des cellules endocervicales normales.<br \/>\n60x<\/div>\n<div class=\"newRow\"><\/div>\n<div class=\"chartColumnCell\">\n<a href=\"\/gallery\/images_large\/slide0085.jpg\" class=\"highslide\" onclick=\"return hs.expand(this)\"><br \/>\n\t<img decoding=\"async\" src=\"\/gallery\/images\/slide0085.jpg\" alt=\"Image 9\" border=\"0\" title=\"Click to enlarge\"><\/a><\/p>\n<div class=\"highslide-caption\">\n\t<strong>Ad\u00e9nocarcinome endocervical<\/strong><br \/>\nLorsqu&#8217;ils sont pr\u00e9sents, les nucl\u00e9oles sont pro\u00e9minents et souvent multiples et irr\u00e9guliers. 60x<\/div>\n<\/div>\n<div class=\"chartColumnShortCell\">\n \t<strong>Ad\u00e9nocarcinome endocervical<\/strong><br \/>\nLorsqu&#8217;ils sont pr\u00e9sents, les nucl\u00e9oles sont pro\u00e9minents et souvent multiples et irr\u00e9guliers.<br \/>\n60x<\/div>\n<div class=\"newRow\"><\/div>\n<div class=\"chartColumnCell\">\n<a href=\"\/gallery\/images_large\/slide0072.jpg\" class=\"highslide\" onclick=\"return hs.expand(this)\"><br \/>\n\t<img decoding=\"async\" src=\"\/gallery\/images\/slide0072.jpg\" alt=\"Image 10\" border=\"0\" title=\"Click to enlarge\"><\/a><\/p>\n<div class=\"highslide-caption\">\n\t<strong>Ad\u00e9nocarcinome endocervical<\/strong><br \/>\nDiath\u00e8se tumorale paraissant \u201ctiss\u00e9e\u201d avec pr\u00e9sentation dense ou lin\u00e9aire de d\u00e9bris au centre et mat\u00e9riel \u00e0 l&#8217;aspect effiloch\u00e9 ou arrach\u00e9 autour des bords du groupe. 60x<\/div>\n<\/div>\n<div class=\"chartColumnShortCell\">\n \t<strong>Ad\u00e9nocarcinome endocervical<\/strong><br \/>\nDiath\u00e8se tumorale paraissant \u201ctiss\u00e9e\u201d avec pr\u00e9sentation dense ou lin\u00e9aire de d\u00e9bris au centre et mat\u00e9riel \u00e0 l&#8217;aspect effiloch\u00e9 ou arrach\u00e9 autour des bords du groupe.<br \/>\n60x<\/div>\n<div class=\"newRow\"><\/div>\n<div class=\"chartColumnCell\">\n<a href=\"\/gallery\/images_large\/slide0071.jpg\" class=\"highslide\" onclick=\"return hs.expand(this)\"><br \/>\n\t<img decoding=\"async\" src=\"\/gallery\/images\/slide0071.jpg\" alt=\"Image 11\" border=\"0\" title=\"Click to enlarge\"><\/a><\/p>\n<div class=\"highslide-caption\">\n\t<strong>Ad\u00e9nocarcinome endocervical<\/strong><br \/>\nCellules accompagn\u00e9es d&#8217;h\u00e9maties fant\u00f4mes.60x<\/div>\n<\/div>\n<div class=\"chartColumnShortCell\">\n \t<strong>Ad\u00e9nocarcinome endocervical<\/strong><br \/>\nCellules accompagn\u00e9es d&#8217;h\u00e9maties fant\u00f4mes.<br \/>\n60x<\/div>\n<div class=\"newRow\"><\/div>\n<p class=\"subhead\">Entit\u00e9s semblables* :<\/p>\n<table class=\"chart\">\n<tbody>\n<tr class=\"chart\">\n<td width=\"152\"><\/td>\n<td width=\"136\" class=\"heading\">\tCarcinome endocervical<\/td>\n<td width=\"88\" class=\"heading\">\tAd\u00e9nocarcinome in situ <\/td>\n<td width=\"88\" class=\"heading\">\tR\u00e9paration endocervicale <\/td>\n<td width=\"88\" class=\"heading\">Carcinome \u00e9pidermo\u00efde (impliquant les glandes)<\/td>\n<\/tr>\n<tr>\n<td class=\"chart\">Pr\u00e9sentation tissulaire<\/td>\n<td class=\"chart\">Quelques cellules isol\u00e9es et amas\/groupes 2D avec bordures bien d\u00e9finies (festonn\u00e9es)<\/td>\n<td class=\"chart\">Bandes d&#8217;\u00e9pith\u00e9lium glandulaire avec pseudostratification, bordures en &#8220;plume&#8221;, rosettes, quelques cellules isol\u00e9es<\/td>\n<td class=\"chart\">Groupes plats d&#8217;\u00e9pith\u00e9lium <\/td>\n<td class=\"chart\">Composant malpighien d\u00e9finitif, amas d&#8217;\u00e9pith\u00e9lium mal d\u00e9fini avec cytoplasme mousseux et absence de diff\u00e9renciation glandulaire<\/td>\n<\/tr>\n<tr class=\"chart\">\n<td class=\"chart\">Cytoplasme<\/td>\n<td class=\"chart\">\tFinement vacuolis\u00e9 avec vacuoles discr\u00e8tes multiples pr\u00e9dominantes, rapport N\/C 2:1  <\/td>\n<td class=\"chart\">Vacuolis\u00e9, certaine diff\u00e9renciation des cellules prismatiques conserv\u00e9e, augmentation du rapport N\/C  <\/td>\n<td class=\"chart\">Abondant, aspect de &#8220;culture tissulaire&#8221;, rapport N\/C faible <\/td>\n<td class=\"chart\">\tFinement vacuolis\u00e9, absence de vacuoles discr\u00e8tes, cytoplasme mal d\u00e9fini aux bords du groupe (aspect effiloch\u00e9)<\/td>\n<\/tr>\n<tr>\n<td class=\"chart\">Noyau<\/td>\n<td class=\"chart\">Augmentation de la taille, rond \u00e0 ovale <\/td>\n<td class=\"chart\">Augmentation de la taille, ovale \u00e0 allong\u00e9 <\/td>\n<td class=\"chart\">De taille variable dans un m\u00eame groupe, rond <\/td>\n<td class=\"chart\">Variable, rond \u00e0 ovale<\/td>\n<\/tr>\n<tr class=\"chart\">\n<td class=\"chart\">Membrane nucl\u00e9aire<\/td>\n<td class=\"chart\">\tLisse \u00e0 irr\u00e9guli\u00e8re (ondulante), \u00e9paissie<\/td>\n<td class=\"chart\">\tLisse \u00e0 l\u00e9g\u00e8rement irr\u00e9guli\u00e8re  <\/td>\n<td class=\"chart\">\tLisse <\/td>\n<td class=\"chart\">Lisse \u00e0 irr\u00e9guli\u00e8re (morsures et mottes de terre)<\/td>\n<\/tr>\n<tr>\n<td class=\"chart\">Chromatine <\/td>\n<td class=\"chart\">\tGrossi\u00e8re, r\u00e9partition non homog\u00e8ne, \u00e9limination de la parachromatine, augmentation de la profondeur de champ<\/td>\n<td class=\"chart\">Finement granulaire, r\u00e9partition homog\u00e8ne, hyperchromatique, augmentation de la profondeur de champ  <\/td>\n<td class=\"chart\">\tFinement \u00e0 grossi\u00e8rement granulaire, r\u00e9partition homog\u00e8ne, hyperchromatique, absence de profondeur de champ<\/td>\n<td class=\"chart\">Finement granulaire, r\u00e9partition homog\u00e8ne, augmentation de la profondeur de champ<\/td>\n<\/tr>\n<tr class=\"chart\">\n<td class=\"chart\">Nucl\u00e9oles <\/td>\n<td class=\"chart\">Larges, pro\u00e9minents, lisses \u00e0 irr\u00e9guliers, isol\u00e9s \u00e0 multiples <\/td>\n<td class=\"chart\">Indistincts pouvant atteindre une taille mod\u00e9r\u00e9e et \u00eatre r\u00e9guliers  <\/td>\n<td class=\"chart\">\tPetits, parfois multiples, pr\u00e9sents dans tous les noyaux<\/td>\n<td class=\"chart\">Absents \u00e0 occasionnels, petits<\/td>\n<\/tr>\n<\/tbody>\n<\/table>\n<p>\n*  Les crit\u00e8res ci-dessus concernent l&#8217;aspect classique de chaque entit\u00e9 diagnostique. N\u00e9anmoins, ces entit\u00e9s peuvent se chevaucher, ce qui complique l&#8217;\u00e9tablissement d&#8217;un diagnostic d\u00e9finitif. Ces crit\u00e8res ne constituent par cons\u00e9quent qu&#8217;une base \u00e0 adapter aux divers aspects \u00e9pith\u00e9liaux et seuils diagnostiques.<\/p>\n<div class=\"chartColumnCell\">\n<a href=\"\/gallery\/images_large\/slide0073.jpg\" class=\"highslide\" onclick=\"return hs.expand(this)\"><br \/>\n\t<img decoding=\"async\" src=\"\/gallery\/images\/slide0073.jpg\" alt=\"Image 12\" border=\"0\" title=\"Click to enlarge\"><\/a><\/p>\n<div class=\"highslide-caption\">\n\t<strong>Entit\u00e9 semblable<\/strong><br \/>\nAd\u00e9nocarcinome endocervical 40x<\/div>\n<\/div>\n<div class=\"chartColumnShortCell\">\n \t\t<strong>Entit\u00e9 semblable<\/strong><br \/>\nAd\u00e9nocarcinome endocervical<br \/>\n40x<\/div>\n<div class=\"newRow\"><\/div>\n<div class=\"chartColumnCell\">\n<a href=\"\/gallery\/images_large\/slide0074.jpg\" class=\"highslide\" onclick=\"return hs.expand(this)\"><br \/>\n\t<img decoding=\"async\" src=\"\/gallery\/images\/slide0074.jpg\" alt=\"Image 13\" border=\"0\" title=\"Click to enlarge\"><\/a><\/p>\n<div class=\"highslide-caption\">\n\t<strong>Entit\u00e9 semblable<\/strong><br \/>\nAd\u00e9nocarcinome in situ 60x<\/div>\n<\/div>\n<div class=\"chartColumnShortCell\">\n \t<strong>Entit\u00e9 semblable<\/strong><br \/>\nAd\u00e9nocarcinome in situ<br \/>\n60x<\/div>\n<div class=\"newRow\"><\/div>\n<div class=\"chartColumnCell\">\n<a href=\"\/gallery\/images_large\/slide0075.jpg\" class=\"highslide\" onclick=\"return hs.expand(this)\"><br \/>\n\t<img decoding=\"async\" src=\"\/gallery\/images\/slide0075.jpg\" alt=\"Image 14\" border=\"0\" title=\"Click to enlarge\"><\/a><\/p>\n<div class=\"highslide-caption\">\n\t<strong>Entit\u00e9 semblable<\/strong><br \/>\nR\u00e9paration endocervicale 40x<\/div>\n<\/div>\n<div class=\"chartColumnShortCell\">\n \t<strong>Entit\u00e9 semblable<\/strong><br \/>\nR\u00e9paration endocervicale<br \/>\n40x<\/div>\n<div class=\"newRow\"><\/div>\n<div class=\"chartColumnCell\">\n<a href=\"\/gallery\/images_large\/slide0076.jpg\" class=\"highslide\" onclick=\"return hs.expand(this)\"><br \/>\n\t<img decoding=\"async\" src=\"\/gallery\/images\/slide0076.jpg\" alt=\"Image 15\" border=\"0\" title=\"Click to enlarge\"><\/a><\/p>\n<div class=\"highslide-caption\">\n\t<strong>Entit\u00e9 semblable<\/strong><br \/>\nCarcinome \u00e9pidermo\u00efde impliquant le collet glandulaire 60x<\/div>\n<\/div>\n<div class=\"chartColumnShortCell\">\n \t<strong>Entit\u00e9 semblable<\/strong><br \/>\nCarcinome \u00e9pidermo\u00efde impliquant le collet glandulaire<br \/>\n60x<\/div>\n<div class=\"newRow\"><\/div>\n<p> <a name=\"readings\"><\/a><strong>SUGGESTIONS DE LECTURES :<\/strong><\/p>\n<ol class=\"normal\">\n<li>Ashfaq R et al: ThinPrep Pap Test accuracy for glandular disease. Acta Cytol 1999;43: 81-85.   <\/li>\n<li>Bai H et al: ThinPrep<sup>\u00ae<\/sup> Pap Test promotes detection of glandular lesions of the endocervix. Diag Cytopathol 2000; 23 (1): 19-22.   <\/li>\n<li>Johnson JE and Rahemtulla A: Endocervical glandular neoplasia and its mimics in ThinPrep Pap Tests. A descriptive study. Acta Cytol 1999; 43(3): 369-75. <\/li>\n<li>Roberts JM et al: Comparison of ThinPrep and Pap Smear in relation to prediction of Adenocarcinoma In Situ. Acta Cytol 1999 Jan-Feb:43(1):74-802\n <\/li>\n<li>Smith HO et al: The rising incidence of adenocarcinoma relative to squamous cell carcinoma of the uterine cervix in the United States &#8211; A 24-year population-based study. Gynecol Onc 2000; 78, 97-105\n <\/li>\n<\/ol>\n<p><a href=\"#top\">Retour au d\u00e9but<\/a><\/p>\n<p>[\/vc_column_text][vc_column_text css=&#8221;.vc_custom_1500390293825{margin-top: 30px !important;}&#8221; el_class=&#8221;back-to-top&#8221;]<strong><a href=\"#main\">Back to Top<\/a><\/strong>[\/vc_column_text][\/vc_column][vc_column width=&#8221;1\/3&#8243; offset=&#8221;vc_hidden-sm vc_hidden-xs&#8221;][vc_widget_sidebar sidebar_id=&#8221;consulting-right-sidebar&#8221;][\/vc_column][\/vc_row]<\/p>\n","protected":false},"excerpt":{"rendered":"<p>[vc_row 0=&#8221;&#8221;][vc_column 0=&#8221;&#8221; offset=&#8221;vc_hidden-lg vc_hidden-md&#8221;][vc_raw_html 0=&#8221;&#8221;]PGNlbnRlcj48YSBjbGFzcz0ic2hpZnRuYXYtdG9nZ2xlIHNoaWZ0bmF2LXRvZ2dsZS1idXR0b24iIGRhdGEtc2hpZnRuYXYtdGFyZ2V0PSJzaGlmdG5hdi1tYWluIj48aSBjbGFzcz0iZmEgZmEtYmFycyI+PC9pPiBUYWJsZSBvZiBDb250ZW50cyA8L2E+PC9jZW50ZXI+[\/vc_raw_html][\/vc_column][\/vc_row][vc_row][vc_column][vc_custom_heading text=&#8221;ANOMALIES CELLULAIRES \u00c9PITH\u00c9LIALES&#8221; font_container=&#8221;tag:h1|text_align:center&#8221; use_theme_fonts=&#8221;yes&#8221;][\/vc_column][\/vc_row][vc_row el_id=&#8221;acknowledgements&#8221;][vc_column width=&#8221;2\/3&#8243;][vc_column_text] ANOMALIES CELLULAIRES \u00c9PITH\u00c9LIALES AD\u00c9NOCARCINOME ENDOCERVICAL : Raheela Ashfaq, MD Sur un frottis ThinPrep\u00ae, les cellules d&#8217;un ad\u00e9nocarcinome endocervical sont bien pr\u00e9serv\u00e9es et conservent les structures et dispositions glandulaires classiques observ\u00e9es dans d&#8217;autres m\u00e9thodes de recueil en milieu liquide, \u00e0 savoir l&#8217;ad\u00e9carcinome pr\u00e9sent<\/p>\n","protected":false},"author":7,"featured_media":0,"parent":1888,"menu_order":0,"comment_status":"closed","ping_status":"closed","template":"","meta":{"ngg_post_thumbnail":0,"footnotes":""},"class_list":["post-1895","page","type-page","status-publish","hentry"],"_links":{"self":[{"href":"https:\/\/cytologystuff.com\/fr\/wp-json\/wp\/v2\/pages\/1895","targetHints":{"allow":["GET"]}}],"collection":[{"href":"https:\/\/cytologystuff.com\/fr\/wp-json\/wp\/v2\/pages"}],"about":[{"href":"https:\/\/cytologystuff.com\/fr\/wp-json\/wp\/v2\/types\/page"}],"author":[{"embeddable":true,"href":"https:\/\/cytologystuff.com\/fr\/wp-json\/wp\/v2\/users\/7"}],"replies":[{"embeddable":true,"href":"https:\/\/cytologystuff.com\/fr\/wp-json\/wp\/v2\/comments?post=1895"}],"version-history":[{"count":0,"href":"https:\/\/cytologystuff.com\/fr\/wp-json\/wp\/v2\/pages\/1895\/revisions"}],"up":[{"embeddable":true,"href":"https:\/\/cytologystuff.com\/fr\/wp-json\/wp\/v2\/pages\/1888"}],"wp:attachment":[{"href":"https:\/\/cytologystuff.com\/fr\/wp-json\/wp\/v2\/media?parent=1895"}],"curies":[{"name":"wp","href":"https:\/\/api.w.org\/{rel}","templated":true}]}}