{"id":1846,"date":"2017-07-31T17:48:13","date_gmt":"2017-07-31T17:48:13","guid":{"rendered":"http:\/\/cytologystuff1.wpengine.com\/atypical-squamous-cells\/"},"modified":"2017-11-14T12:47:55","modified_gmt":"2017-11-14T12:47:55","slug":"atypical-squamous-cells","status":"publish","type":"page","link":"https:\/\/cytologystuff.com\/fr\/gyn-atlas-table-of-contents\/atypical-squamous-cells\/","title":{"rendered":"CELLULES MALPIGHIENNES"},"content":{"rendered":"<p>[vc_row 0=&#8221;&#8221;][vc_column 0=&#8221;&#8221; offset=&#8221;vc_hidden-lg vc_hidden-md&#8221;][vc_raw_html 0=&#8221;&#8221;]PGNlbnRlcj48YSBjbGFzcz0ic2hpZnRuYXYtdG9nZ2xlIHNoaWZ0bmF2LXRvZ2dsZS1idXR0b24iIGRhdGEtc2hpZnRuYXYtdGFyZ2V0PSJzaGlmdG5hdi1tYWluIj48aSBjbGFzcz0iZmEgZmEtYmFycyI+PC9pPiBUYWJsZSBvZiBDb250ZW50cyA8L2E+PC9jZW50ZXI+[\/vc_raw_html][\/vc_column][\/vc_row][vc_row][vc_column][vc_custom_heading text=&#8221;CELLULES MALPIGHIENNES&#8221; font_container=&#8221;tag:h1|text_align:center&#8221; use_theme_fonts=&#8221;yes&#8221;][\/vc_column][\/vc_row][vc_row el_id=&#8221;acknowledgements&#8221;][vc_column width=&#8221;2\/3&#8243;][vc_column_text]<\/p>\n<p class=\"subhead\">CELLULES MALPIGHIENNES<\/p>\n<p><strong>ATYPIES CELLULAIRES MALPIGHIENNES<\/strong><br \/>\n<em>Richard A. Smith, MD, PhD<\/em><\/p>\n<p>Aucune autre cat\u00e9gorie diagnostique ne fait l&#8217;objet d&#8217;autant de d\u00e9bats que les atypies cellulaires malpighiennes (ASC). De nouveaux termes sont apparus dans la classification r\u00e9vis\u00e9e du syst\u00e8me Bethesda (TBS) en 2001 : TBS indique que la cat\u00e9gorie ASC concerne les anomalies malpighiennes plus marqu\u00e9es que celles attribuables \u00e0 des ph\u00e9nom\u00e8nes r\u00e9actionnels, mais qui ne r\u00e9pondent ni qualitativement ni quantitativement aux crit\u00e8res diagnostiques de l\u00e9sion malpighienne intra-\u00e9pith\u00e9liale de haut ou bas grade. En outre, le terme TBS souligne qu&#8217;il est important de rajouter au diagnostic l&#8217;indication &#8220;de signification ind\u00e9termin\u00e9e&#8221; (ASC-US) ou &#8220;n&#8217;excluant pas les HSIL&#8221; (ASC-H)<\/p>\n<p>La classification appropri\u00e9e des ASC repr\u00e9sente un d\u00e9fi pour le cytotechnologiste et le pathologiste, tout comme la r\u00e9daction d&#8217;un chapitre d\u00e9crivant les crit\u00e8res morphologiques des ASC, en raison de la subjectivit\u00e9 de cette interpr\u00e9tation. Depuis l&#8217;adoption de la cat\u00e9gorie TBS, les professionnels qui interpr\u00e8tent les frottis conventionnels ont peut-\u00eatre utilis\u00e9 cette cat\u00e9gorie comme &#8220;fourre-tout&#8221; pour les frottis complexes.<\/p>\n<p>Les artefacts inh\u00e9rents aux frottis conventionnels (s\u00e9chage \u00e0 l&#8217;air, cellules partiellement masqu\u00e9es, etc.) peuvent donner lieu \u00e0 un diagnostic d&#8217;ASC. Le degr\u00e9 d&#8217;atypie apparente dans les cellules r\u00e9actionnelles peut \u00e9galement \u00eatre exag\u00e9r\u00e9 par le s\u00e9chage \u00e0 l&#8217;air ou l&#8217;\u00e9talement sur lame. La visualisation des d\u00e9tails nucl\u00e9aires des cellules en question et l&#8217;\u00e9tablissement d&#8217;un diagnostic d\u00e9finitif sont limit\u00e9s par les artefacts ainsi produits.<\/p>\n<p>La fixation liquide imm\u00e9diate employ\u00e9e dans le proc\u00e9d\u00e9 ThinPrep peut permettre au pathologiste et au cytotechnologiste de s&#8217;\u00e9loigner de la cat\u00e9gorie ASC &#8220;fourre-tout&#8221; et de mieux diff\u00e9rencier les changements cellulaires dus \u00e0 un ph\u00e9nom\u00e8ne r\u00e9actionnel, les atypies malpighiennes d\u00e9finitives et les l\u00e9sions dysplasiques. Cela ne signifie pas que l&#8217;adoption de la m\u00e9thode ThinPrep \u00e9limine les mauvaises interpr\u00e9tations d&#8217;ASC, mais elle permet aux laboratoires d&#8217;affiner leurs crit\u00e8res morphologiques en \u00e9liminant certains cas d&#8217;ASC associ\u00e9s \u00e0 une mauvaise pr\u00e9paration et de mieux identifier les cas d&#8217;anomalies.<\/p>\n<p style=\"padding-left: 7px;\"><a style=\"width: 350px; display: block;\"><img loading=\"lazy\" decoding=\"async\" id=\"selfAssessImg\" src=\"\/images\/button27h.gif\" width=\"350\" height=\"40\" \/><\/a><\/p>\n<div class=\"highslide-gallery\"><strong>Rappel : Vous pouvez cliquer sur une image<br \/>\nde l&#8217;Atlas pour la voir dans un format plus grand.<\/strong><\/p>\n<div class=\"chartColumnCell\"><a class=\"highslide\" href=\"\/gallery\/images_large\/slide0014.jpg\" name=\"pap\"><br \/>\n<img decoding=\"async\" title=\"Click to enlarge\" src=\"\/gallery\/images\/slide0014.jpg\" alt=\"Image 2\" border=\"0\" \/><\/a><\/p>\n<div class=\"highslide-caption\"><strong>Frottis conventionnel<\/strong><br \/>\nASC-US<\/div>\n<\/div>\n<div class=\"chartColumnShortCell\"><strong>Frottis conventionnel<\/strong><br \/>\nASC-US<\/div>\n<div class=\"newRow\"><\/div>\n<div class=\"chartColumnCell\"><a class=\"highslide\" href=\"\/gallery\/images_large\/slide0030.jpg\"><br \/>\n<img decoding=\"async\" title=\"Click to enlarge\" src=\"\/gallery\/images\/slide0030.jpg\" alt=\"Image 3\" border=\"0\" \/><\/a><\/p>\n<div class=\"highslide-caption\"><strong>Frottis ThinPrep<\/strong><br \/>\nASC-US<br \/>\nPr\u00e9l\u00e8vement partag\u00e9 de la m\u00eame patiente<\/div>\n<\/div>\n<div class=\"chartColumnShortCell\"><strong>Frottis ThinPrep<\/strong><br \/>\nASC-US<br \/>\nPr\u00e9l\u00e8vement partag\u00e9 de la m\u00eame patiente<\/div>\n<\/div>\n<div class=\"newRow\"><\/div>\n<p><a name=\"assess\"><\/a><br \/>\nL&#8217;utilisation des frottis ThinPrep<sup>\u00ae<\/sup> r\u00e9duit les artefacts g\u00eanants inh\u00e9rents \u00e0 l&#8217;\u00e9talement sur lame et \u00e0 la fixation liquide. Le noyau peut ainsi \u00eatre correctement visualis\u00e9, ce qui facilite l&#8217;\u00e9tablissement d&#8217;un diagnostic plus d\u00e9finitif. Les cellules \u00e9pith\u00e9liales g\u00e9n\u00e9ralement int\u00e9gr\u00e9es \u00e0 la cat\u00e9gorie ASC sont les cellules malpighiennes matures et m\u00e9taplasiques pr\u00e9sentant des changements minimes et ne r\u00e9pondant pas aux crit\u00e8res diagnostiques de LSIL ou HSIL. La taille nucl\u00e9aire est l\u00e9g\u00e8rement augment\u00e9e par rapport \u00e0 celle des cellules normales. Les noyaux peuvent pr\u00e9senter de l\u00e9g\u00e8res anomalies de la membrane nucl\u00e9aire mais sont souvent lisses. Pour ce qui est du composant m\u00e9taplasique, il faut s&#8217;assurer que les irr\u00e9gularit\u00e9s ne sont pas dues \u00e0 une(des) vacuole(s) poussant le noyau dans la forme aberrante. La chromatine est finement granulaire et r\u00e9partie de fa\u00e7on homog\u00e8ne. Les chromocentres ou nucl\u00e9oles sont g\u00e9n\u00e9ralement discrets ou absents, sauf si un processus r\u00e9actionnel se produit parall\u00e8lement \u00e0 l&#8217;atypie, auquel cas le diagnostic diff\u00e9rentiel de r\u00e9action doit \u00eatre pris en compte avec la pr\u00e9sence ou l&#8217;absence des autres crit\u00e8res.<\/p>\n<p>Qu&#8217;il s&#8217;agisse de lames conventionnelles ou ThinPrep<sup>\u00ae<\/sup>, plusieurs changements cellulaires diff\u00e9rents peuvent donner lieu \u00e0 une interpr\u00e9tation d&#8217;ASC : atypie malpighienne, m\u00e9taplasie malpighienne atypique, parak\u00e9ratose atypique, etc. Les crit\u00e8res suivants permettent d&#8217;\u00e9tablir un diagnostic d&#8217;ASC \u00e0 partir de lames ThinPrep :<\/p>\n<div class=\"highslide-gallery\"><strong>Rappel : Vous pouvez cliquer sur une image<br \/>\nde l&#8217;Atlas pour la voir dans un format plus grand.<\/strong><\/p>\n<div class=\"chartColumnCell\"><a class=\"highslide\" href=\"\/gallery\/images_large\/slide0192.jpg\" name=\"asc\"><br \/>\n<img decoding=\"async\" title=\"Click to enlarge\" src=\"\/gallery\/images\/slide0192.jpg\" alt=\"Image 1\" border=\"0\" \/><\/a><\/p>\n<div class=\"highslide-caption\"><strong>ASC-US<\/strong><br \/>\nCellules principalement pr\u00e9sentes sous forme isol\u00e9e et dans quelques groupes. 40X<\/div>\n<\/div>\n<div class=\"chartColumnShortCell\"><strong>ASC-US<\/strong><br \/>\nCellules principalement pr\u00e9sentes sous forme isol\u00e9e et dans quelques groupes. 40X<\/div>\n<div class=\"newRow\"><\/div>\n<div class=\"chartColumnCell\"><a class=\"highslide\" href=\"\/gallery\/images_large\/slide0022.jpg\"><br \/>\n<img decoding=\"async\" title=\"Click to enlarge\" src=\"\/gallery\/images\/slide0022.jpg\" alt=\"Image 2\" border=\"0\" \/><\/a><\/p>\n<div class=\"highslide-caption\"><strong>ASC-US<\/strong><br \/>\nNoyaux 2,5 \u00e0 3 fois la taille d&#8217;un noyau de cellule interm\u00e9diaire normale ou 1,5 \u00e0 2 fois la taille d&#8217;un noyau<br \/>\nde cellule m\u00e9taplasique normale. 40X<\/div>\n<\/div>\n<div class=\"chartColumnShortCell\"><strong>ASC-US<\/strong><br \/>\nNoyaux 2,5 \u00e0 3 fois la taille d&#8217;un noyau de cellule interm\u00e9diaire normale ou 1,5 \u00e0 2 fois la taille d&#8217;un noyau<br \/>\nde cellule m\u00e9taplasique normale. 40X<\/div>\n<div class=\"newRow\"><\/div>\n<div class=\"chartColumnCell\"><a class=\"highslide\" href=\"\/gallery\/images_large\/slide0023.jpg\"><br \/>\n<img decoding=\"async\" title=\"Click to enlarge\" src=\"\/gallery\/images\/slide0023.jpg\" alt=\"Image 3\" border=\"0\" \/><\/a><\/p>\n<div class=\"highslide-caption\"><strong>ASC-US<\/strong><br \/>\nL\u00e9g\u00e8re augmentation du rapport nucl\u00e9o\/cytoplasmique. 40X<\/div>\n<\/div>\n<div class=\"chartColumnShortCell\"><strong>ASC-US<\/strong><br \/>\nL\u00e9g\u00e8re augmentation du rapport nucl\u00e9o\/cytoplasmique. 40X<\/div>\n<div class=\"newRow\"><\/div>\n<div class=\"chartColumnCell\"><a class=\"highslide\" href=\"\/gallery\/images_large\/slide0024.jpg\"><br \/>\n<img decoding=\"async\" title=\"Click to enlarge\" src=\"\/gallery\/images\/slide0024.jpg\" alt=\"Image 4\" border=\"0\" \/><\/a><\/p>\n<div class=\"highslide-caption\"><strong>ASC-US<\/strong><br \/>\nMembranes nucl\u00e9aires lisses \u00e0 l\u00e9g\u00e8rement irr\u00e9guli\u00e8res. 60X<\/div>\n<\/div>\n<div class=\"chartColumnShortCell\"><strong>ASC-US<\/strong><br \/>\nMembranes nucl\u00e9aires lisses \u00e0 l\u00e9g\u00e8rement irr\u00e9guli\u00e8res. 60X<\/div>\n<div class=\"newRow\"><\/div>\n<div class=\"chartColumnCell\"><a class=\"highslide\" href=\"\/gallery\/images_large\/slide0025.jpg\" name=\"asc2\"><br \/>\n<img decoding=\"async\" title=\"Click to enlarge\" src=\"\/gallery\/images\/slide0025.jpg\" alt=\"Image 5\" border=\"0\" \/><\/a><\/p>\n<div class=\"highslide-caption\"><strong>ASC-US<\/strong><br \/>\nChromatine finement granulaire et r\u00e9partie de fa\u00e7on homog\u00e8ne. 60X<\/div>\n<\/div>\n<div class=\"chartColumnShortCell\"><strong>ASC-US<\/strong><br \/>\nChromatine finement granulaire et r\u00e9partie de fa\u00e7on homog\u00e8ne. 60X<\/div>\n<div class=\"newRow\"><\/div>\n<div class=\"chartColumnCell\"><a class=\"highslide\" href=\"\/gallery\/images_large\/slide0026.jpg\"><br \/>\n<img decoding=\"async\" title=\"Click to enlarge\" src=\"\/gallery\/images\/slide0026.jpg\" alt=\"Image 6\" border=\"0\" \/><\/a><\/p>\n<div class=\"highslide-caption\"><strong>ASC-US<\/strong><br \/>\nHyperchromasie nucl\u00e9aire absente \u00e0 l\u00e9g\u00e8re. 40X<\/div>\n<\/div>\n<div class=\"chartColumnShortCell\"><strong>ASC-US<\/strong><br \/>\nHyperchromasie nucl\u00e9aire absente \u00e0 l\u00e9g\u00e8re. 40X<\/div>\n<div class=\"newRow\"><\/div>\n<div class=\"chartColumnCell\"><a class=\"highslide\" href=\"\/gallery\/images_large\/slide0027.jpg\"><br \/>\n<img decoding=\"async\" title=\"Click to enlarge\" src=\"\/gallery\/images\/slide0027.jpg\" alt=\"Image 7\" border=\"0\" \/><\/a><\/p>\n<div class=\"highslide-caption\"><strong>ASC-US<\/strong><br \/>\nNucl\u00e9oles\/chromocentres discrets ou absents.<br \/>\n40X<\/div>\n<\/div>\n<div class=\"chartColumnShortCell\"><strong>ASC-US<\/strong><br \/>\nNucl\u00e9oles\/chromocentres discrets ou absents.<br \/>\n40X<\/div>\n<div class=\"newRow\"><\/div>\n<div class=\"chartColumnCell\"><a class=\"highslide\" href=\"\/gallery\/images_large\/slide0028.jpg\"><br \/>\n<img decoding=\"async\" title=\"Click to enlarge\" src=\"\/gallery\/images\/slide0028.jpg\" alt=\"Image 8\" border=\"0\" \/><\/a><\/p>\n<div class=\"highslide-caption\"><strong>ASC-US<\/strong><br \/>\nEffet cytopathog\u00e8ne du HPV et\/ou binucl\u00e9ation pouvant sugg\u00e9rer des changements dus au HPV, aucun diagnostic de LSIL. 60X<\/div>\n<\/div>\n<div class=\"chartColumnShortCell\"><strong>ASC-US<\/strong><br \/>\nEffet cytopathog\u00e8ne du HPV et\/ou binucl\u00e9ation pouvant sugg\u00e9rer des changements dus au HPV, aucun diagnostic de LSIL.<br \/>\n60X<\/div>\n<div class=\"newRow\"><\/div>\n<div class=\"chartColumnCell\"><a class=\"highslide\" href=\"\/gallery\/images_large\/slide0029.jpg\"><br \/>\n<img decoding=\"async\" title=\"Click to enlarge\" src=\"\/gallery\/images\/slide0029.jpg\" alt=\"Image 9\" border=\"0\" \/><\/a><\/p>\n<div class=\"highslide-caption\"><strong>ASC-US<\/strong><br \/>\nBinucl\u00e9ation accompagnant le HPV ; peut \u00e9galement \u00eatre due \u00e0 un processus r\u00e9actionnel. 20X<\/div>\n<\/div>\n<div class=\"chartColumnShortCell\"><strong>ASC-US<\/strong><br \/>\nBinucl\u00e9ation accompagnant le HPV ; peut \u00e9galement \u00eatre due \u00e0 un processus r\u00e9actionnel. 20X<\/div>\n<div class=\"newRow\"><\/div>\n<div class=\"chartColumnCell\"><a class=\"highslide\" href=\"\/gallery\/images_large\/slide0015.jpg\"><br \/>\n<img decoding=\"async\" title=\"Click to enlarge\" src=\"\/gallery\/images\/slide0015.jpg\" alt=\"Image 10\" border=\"0\" \/><\/a><\/p>\n<div class=\"highslide-caption\"><strong>ASC-US<\/strong><br \/>\nPr\u00e9sence \u00e9ventuelle de parak\u00e9ratose atypique avec pl\u00e9omorphisme cellulaire minime, l\u00e9g\u00e8re augmentation de la taille nucl\u00e9aire et<br \/>\nchromatine v\u00e9siculaire. 40X<\/div>\n<\/div>\n<div class=\"chartColumnShortCell\"><strong>ASC-US<\/strong><br \/>\nPr\u00e9sence \u00e9ventuelle de parak\u00e9ratose atypique avec pl\u00e9omorphisme cellulaire minime, l\u00e9g\u00e8re augmentation de la taille nucl\u00e9aire et<br \/>\nchromatine v\u00e9siculaire. 40X<\/div>\n<div class=\"newRow\"><\/div>\n<div class=\"chartColumnCell\"><a class=\"highslide\" href=\"\/gallery\/images_large\/slide0016.jpg\"><br \/>\n<img decoding=\"async\" title=\"Click to enlarge\" src=\"\/gallery\/images\/slide0016.jpg\" alt=\"Image 11\" border=\"0\" \/><\/a><\/p>\n<div class=\"highslide-caption\"><strong>ASC-H<\/strong><br \/>\nAtypies cellulaires m\u00e9taplasiques avec l\u00e9g\u00e8re augmentation du rapport N\/C, membranes nucl\u00e9aires l\u00e9g\u00e8rement irr\u00e9guli\u00e8res, l\u00e9g\u00e8re hyperchromasie et Trichomonas. La biopsie a r\u00e9v\u00e9l\u00e9 une m\u00e9taplasie malpighienne atypique. 60x<\/div>\n<\/div>\n<div class=\"chartColumnShortCell\"><strong>ASC-H<\/strong><br \/>\nAtypies cellulaires m\u00e9taplasiques avec l\u00e9g\u00e8re augmentation du rapport N\/C, membranes nucl\u00e9aires l\u00e9g\u00e8rement irr\u00e9guli\u00e8res, l\u00e9g\u00e8re hyperchromasie et Trichomonas. La biopsie a r\u00e9v\u00e9l\u00e9 une m\u00e9taplasie malpighienne atypique. 60x<\/div>\n<div class=\"newRow\"><\/div>\n<div class=\"chartColumnCell\"><a class=\"highslide\" href=\"\/gallery\/images_large\/slide0017.jpg\"><br \/>\n<img decoding=\"async\" title=\"Click to enlarge\" src=\"\/gallery\/images\/slide0017.jpg\" alt=\"Image 12\" border=\"0\" \/><\/a><\/p>\n<div class=\"highslide-caption\"><strong>ASC-H<\/strong><br \/>\nAtypies cellulaires m\u00e9taplasiques avec l\u00e9g\u00e8re augmentation du rapport N\/C, hyperchromasie et membranes nucl\u00e9aires l\u00e9g\u00e8rement irr\u00e9guli\u00e8res. La biopsie a r\u00e9v\u00e9l\u00e9 une dysplasie mod\u00e9r\u00e9e (CIN II) et une inflammation chronique aigu\u00eb. 60x<\/div>\n<\/div>\n<div class=\"chartColumnShortCell\"><strong>ASC-H<\/strong><br \/>\nAtypies cellulaires m\u00e9taplasiques avec l\u00e9g\u00e8re augmentation du rapport N\/C, hyperchromasie et membranes nucl\u00e9aires l\u00e9g\u00e8rement irr\u00e9guli\u00e8res. La biopsie a r\u00e9v\u00e9l\u00e9 une dysplasie mod\u00e9r\u00e9e (CIN II) et une inflammation chronique aigu\u00eb. 60x<\/div>\n<\/div>\n<div class=\"newRow\"><\/div>\n<p class=\"subhead\">ENTIT\u00c9S SEMBLABLES :<\/p>\n<table class=\"chart\">\n<tbody>\n<tr class=\"chart\">\n<td width=\"152\"><\/td>\n<td class=\"heading\" width=\"136\">R\u00c9ACTIONNELLES<\/td>\n<td class=\"heading\" width=\"88\">ASC-US<\/td>\n<td class=\"heading\" width=\"88\">LSIL<\/td>\n<\/tr>\n<tr>\n<td class=\"chart\">Noyau<\/td>\n<td class=\"chart\">Taille augment\u00e9e 1,5 \u00e0 2 fois, plat<\/td>\n<td class=\"chart\">Taille augment\u00e9e 2 \u00e0 3 fois, plat \u00e0 profondeur de champ minimale<\/td>\n<td class=\"chart\">Taille augment\u00e9e 3 \u00e0 4 fois, l\u00e9g\u00e8re profondeur de champ<\/td>\n<\/tr>\n<tr class=\"chart\">\n<td class=\"chart\">Membrane nucl\u00e9aire<\/td>\n<td class=\"chart\">Lisse<\/td>\n<td class=\"chart\">Lisse \u00e0 l\u00e9g\u00e8rement irr\u00e9guli\u00e8re<\/td>\n<td class=\"chart\">Lisse \u00e0 l\u00e9g\u00e8rement irr\u00e9guli\u00e8re<\/td>\n<\/tr>\n<tr>\n<td class=\"chart\">Chromatine<\/td>\n<td class=\"chart\">Finement granulaire, r\u00e9partie de fa\u00e7on homog\u00e8ne<\/td>\n<td class=\"chart\">Finement granulaire, r\u00e9partie de fa\u00e7on homog\u00e8ne<\/td>\n<td class=\"chart\">L\u00e9g\u00e8rement plus granulaire, r\u00e9partie de fa\u00e7on homog\u00e8ne<\/td>\n<\/tr>\n<tr class=\"chart\">\n<td class=\"chart\">Nucl\u00e9oles\/Chromocentres<\/td>\n<td class=\"chart\">Petits \u00e0 bien visibles, parfois multiples<\/td>\n<td class=\"chart\">Discrets ou absents<\/td>\n<td class=\"chart\">Absents<\/td>\n<\/tr>\n<tr>\n<td class=\"chart\">Caract\u00e9ristiques cytoplasmiques<\/td>\n<td class=\"chart\">Pr\u00e9sence de halos p\u00e9rinucl\u00e9aires<\/td>\n<td class=\"chart\">Cavitations contestables<\/td>\n<td class=\"chart\">Cavitations associ\u00e9es au HPV<\/td>\n<\/tr>\n<tr class=\"chart\">\n<td class=\"chart\">Bichromasie<\/td>\n<td class=\"chart\">Pr\u00e9sence \u00e9ventuelle<\/td>\n<td class=\"chart\">Absence<\/td>\n<td class=\"chart\">Absence<\/td>\n<\/tr>\n<\/tbody>\n<\/table>\n<p>Les images ci-dessous repr\u00e9sentent des \u00e9chantillons ThinPrep<sup>\u00ae<\/sup> pouvant \u00eatre raisonnablement interpr\u00e9t\u00e9s comme des changements dus \u00e0 un ph\u00e9nom\u00e8ne r\u00e9actionnel, une ASC-US et une LSIL.<\/p>\n<div class=\"highslide-gallery\"><strong>Rappel : Vous pouvez cliquer sur une image<br \/>\nde l&#8217;Atlas pour la voir dans un format plus grand.<\/strong><\/p>\n<div class=\"chartColumnCell\"><a class=\"highslide\" href=\"\/gallery\/images_large\/slide0018.jpg\"><br \/>\n<img decoding=\"async\" title=\"Click to enlarge\" src=\"\/gallery\/images\/slide0018.jpg\" alt=\"Image 13\" border=\"0\" \/><\/a><\/p>\n<div class=\"highslide-caption\"><strong>Entit\u00e9 semblable :<\/strong><br \/>\nPh\u00e9nom\u00e8ne r\u00e9actionnel (Absence de l\u00e9sion intra-\u00e9pith\u00e9liale ou de malignit\u00e9) 20x<\/div>\n<\/div>\n<div class=\"chartColumnShortCell\"><strong>Entit\u00e9 semblable :<\/strong><br \/>\nPh\u00e9nom\u00e8ne r\u00e9actionnel (Absence de l\u00e9sion intra-\u00e9pith\u00e9liale ou de malignit\u00e9) 20x<\/div>\n<div class=\"newRow\"><\/div>\n<div class=\"chartColumnCell\"><a class=\"highslide\" href=\"\/gallery\/images_large\/slide0019.jpg\"><br \/>\n<img decoding=\"async\" title=\"Click to enlarge\" src=\"\/gallery\/images\/slide0019.jpg\" alt=\"Image 14\" border=\"0\" \/><\/a><\/p>\n<div class=\"highslide-caption\"><strong>Entit\u00e9 semblable :<\/strong><br \/>\nASC-US 60x<\/div>\n<\/div>\n<div class=\"chartColumnShortCell\"><strong>Entit\u00e9 semblable :<\/strong><br \/>\nASC-US 60x<\/div>\n<div class=\"newRow\"><\/div>\n<div class=\"chartColumnCell\"><a class=\"highslide\" href=\"\/gallery\/images_large\/slide0020.jpg\"><br \/>\n<img decoding=\"async\" title=\"Click to enlarge\" src=\"\/gallery\/images\/slide0020.jpg\" alt=\"Image 15\" border=\"0\" \/><\/a><\/p>\n<div class=\"highslide-caption\"><strong>Entit\u00e9 semblable :<\/strong><br \/>\nLSIL 40x<\/div>\n<\/div>\n<div class=\"chartColumnShortCell\"><strong>Entit\u00e9 semblable :<\/strong><br \/>\nLSIL 40x<\/div>\n<\/div>\n<div class=\"newRow\"><\/div>\n<p>Comme je l&#8217;ai d\u00e9j\u00e0 mentionn\u00e9, l&#8217;adoption de la m\u00e9thode ThinPrep<sup>\u00ae<\/sup> n&#8217;\u00e9limine pas la cat\u00e9gorie ASC. En fait, la meilleure conservation cellulaire induite par la fixation en milieu liquide peut se traduire par une sur-interpr\u00e9tation de la taille nucl\u00e9aire et de la chromatine comme \u00e9tant associ\u00e9es \u00e0 une ASC si l&#8217;on ne conna\u00eet pas les cons\u00e9quences de cette fixation discut\u00e9es dans l&#8217;introduction de la section \u00c9valuation microscopique des lames ThinPrep. Il peut arriver que les laboratoires constatent, pendant une p\u00e9riode de transition suivant l&#8217;adoption de la m\u00e9thode ThinPrep, une augmentation de l&#8217;utilisation de la cat\u00e9gorie ASC. Avec l&#8217;exp\u00e9rience, le taux d&#8217;ASC chute en de\u00e7\u00e0 des chiffres obtenus avec les frottis conventionnels.<\/p>\n<p>Tant qu&#8217;elle reste une cat\u00e9gorie TBS, l&#8217;ASC sera utilis\u00e9e par les pathologistes en raison de la subjectivit\u00e9 inh\u00e9rente au diagnostic humain et de l&#8217;interpr\u00e9tation variable des crit\u00e8res. La nature biologique du virus du papillome humain (HPV) est \u00e9galement importante car elle provoque des perturbations morphologiques dans les cellules pr\u00e9sentant une l\u00e9sion inf\u00e9rieure \u00e0 LSIL. Les changements morphologiques provoqu\u00e9s par le HPV sont discut\u00e9s plus en d\u00e9tail dans la section sur les l\u00e9sions malpighiennes intra-\u00e9pith\u00e9liales de bas grade. Le r\u00f4le de ce virus comme cause d&#8217;ASC a permis de d\u00e9terminer le risque relatif des changements dus aux ASC en identifiant des types de virus \u00e0 fort (ou faible) risque \u00e0 l&#8217;aide de tests annexes du mat\u00e9riel dans le flacon ThinPrep.<\/p>\n<p><a name=\"readings\"><\/a><strong>SUGGESTIONS DE LECTURES :<\/strong><\/p>\n<ol class=\"normal\">\n<li>Crum CP et al: Subclassifying atypical squamous cells in ThinPrep cervical cytology correlates with detection of high-risk human papillomavirus DNA. Am J Clin Pathol 1999; 112:384-90<\/li>\n<li>Dziura B et al: Improved ASCUS diagnosis: Clinical and financial implications for follow-up care. Ob, Gyn. News 1999; 1:12-13<\/li>\n<li>Ferenczy et al: Diagnostic performance of Hybrid Capture human papilloma virus deoxyribonucleic acid assay combined with liquid-based cytologic study. Am J Obstet Gynecol 1996;175(3 pt.1): 951-6.<\/li>\n<li>Ferris et al for the Atypical Squamous Cells of Undetermined Significance\/Low-Grade Squamous Intraepithelial Lesions Triage Study (ALTS) group: Cervicography for triage of women with mildly abnormal cervical cytology results. Am J Obstet Gynecol 2001;185(4):939-43.<\/li>\n<li>Hong et al: Comparative analysis of a liquid based Pap test and concurrent HPV DNA assay of residual samples. ACTA Cytol 2002;46(5):828-34.<\/li>\n<li>Lin WM et al: Molecular Papanicolaou tests in the twenty-first century: Molecular analyses with fluid-based Papanicolaou technology. Am J Obstet Gynecol 2000; 39-45<\/li>\n<li>Manos MM et al: Identifying women with cervical neoplasia: Using human papillomavirus DNA testing for equivocal Papanicolaou results. JAMA 1999; 281:1605-10<\/li>\n<li>Papillo J et al: Evaluation of the ThinPrep Pap Test in clinical practice: a seven-month 16,314 case experience in northern Vermont. Acta Cytologica 1998; 42:204-208<\/li>\n<li>Quddus et al: Atypical squamous metaplastic cells: Reproducibility, outcome, and diagnostic features on ThinPrep Pap Test. Cancer (Cancer Pathol) 2001:93:16-22.<\/li>\n<li>Quddus et al: Utility of HPV DNA detection in thin-layer, liquid-based tests with atypical squamous metaplasia. ACTA Cytol 2002;46(5):808-12.<\/li>\n<li>Sherman et al: Cervical specimens collected in liquid buffer are suitable for both cytologic screening and ancillary human papillomavirus testing. Cancer 1997;81:89-97.<\/li>\n<li>Sherman et al: Performance of liquid based , thin-layer cervical cytology: Correlation with reference diagnosis and human papilloma virus testing. Mod Pathol 1998;11:837-843.<\/li>\n<li>Wright et al for the ASCCP-sponsored Consensus Conference: 2001 consensus guidelines for the management of women with cervical cytologic abnormalities. JAMA 2002;287(16):2120-29.<\/li>\n<\/ol>\n<p><a href=\"#top\">Retour au d\u00e9but<\/a>[\/vc_column_text][vc_column_text css=&#8221;.vc_custom_1500390293825{margin-top: 30px !important;}&#8221; el_class=&#8221;back-to-top&#8221;]<strong><a href=\"#main\">Back to Top<\/a><\/strong>[\/vc_column_text][\/vc_column][vc_column width=&#8221;1\/3&#8243; offset=&#8221;vc_hidden-sm vc_hidden-xs&#8221;][vc_widget_sidebar sidebar_id=&#8221;consulting-right-sidebar&#8221;][\/vc_column][\/vc_row]<\/p>\n","protected":false},"excerpt":{"rendered":"<p>[vc_row 0=&#8221;&#8221;][vc_column 0=&#8221;&#8221; offset=&#8221;vc_hidden-lg vc_hidden-md&#8221;][vc_raw_html 0=&#8221;&#8221;]PGNlbnRlcj48YSBjbGFzcz0ic2hpZnRuYXYtdG9nZ2xlIHNoaWZ0bmF2LXRvZ2dsZS1idXR0b24iIGRhdGEtc2hpZnRuYXYtdGFyZ2V0PSJzaGlmdG5hdi1tYWluIj48aSBjbGFzcz0iZmEgZmEtYmFycyI+PC9pPiBUYWJsZSBvZiBDb250ZW50cyA8L2E+PC9jZW50ZXI+[\/vc_raw_html][\/vc_column][\/vc_row][vc_row][vc_column][vc_custom_heading text=&#8221;CELLULES MALPIGHIENNES&#8221; font_container=&#8221;tag:h1|text_align:center&#8221; use_theme_fonts=&#8221;yes&#8221;][\/vc_column][\/vc_row][vc_row el_id=&#8221;acknowledgements&#8221;][vc_column width=&#8221;2\/3&#8243;][vc_column_text] CELLULES MALPIGHIENNES ATYPIES CELLULAIRES MALPIGHIENNES Richard A. Smith, MD, PhD Aucune autre cat\u00e9gorie diagnostique ne fait l&#8217;objet d&#8217;autant de d\u00e9bats que les atypies cellulaires malpighiennes (ASC). De nouveaux termes sont apparus dans la classification r\u00e9vis\u00e9e du syst\u00e8me Bethesda (TBS) en 2001 : TBS<\/p>\n","protected":false},"author":7,"featured_media":0,"parent":1888,"menu_order":0,"comment_status":"closed","ping_status":"closed","template":"","meta":{"ngg_post_thumbnail":0,"footnotes":""},"class_list":["post-1846","page","type-page","status-publish","hentry"],"_links":{"self":[{"href":"https:\/\/cytologystuff.com\/fr\/wp-json\/wp\/v2\/pages\/1846","targetHints":{"allow":["GET"]}}],"collection":[{"href":"https:\/\/cytologystuff.com\/fr\/wp-json\/wp\/v2\/pages"}],"about":[{"href":"https:\/\/cytologystuff.com\/fr\/wp-json\/wp\/v2\/types\/page"}],"author":[{"embeddable":true,"href":"https:\/\/cytologystuff.com\/fr\/wp-json\/wp\/v2\/users\/7"}],"replies":[{"embeddable":true,"href":"https:\/\/cytologystuff.com\/fr\/wp-json\/wp\/v2\/comments?post=1846"}],"version-history":[{"count":0,"href":"https:\/\/cytologystuff.com\/fr\/wp-json\/wp\/v2\/pages\/1846\/revisions"}],"up":[{"embeddable":true,"href":"https:\/\/cytologystuff.com\/fr\/wp-json\/wp\/v2\/pages\/1888"}],"wp:attachment":[{"href":"https:\/\/cytologystuff.com\/fr\/wp-json\/wp\/v2\/media?parent=1846"}],"curies":[{"name":"wp","href":"https:\/\/api.w.org\/{rel}","templated":true}]}}