{"id":11332,"date":"2017-08-16T14:03:30","date_gmt":"2017-08-16T14:03:30","guid":{"rendered":"https:\/\/cytologystuff1.wpengine.com\/endocervical-adenocarcinoma\/"},"modified":"2018-01-12T11:10:14","modified_gmt":"2018-01-12T11:10:14","slug":"endocervical-adenocarcinoma","status":"publish","type":"page","link":"https:\/\/cytologystuff.com\/fr\/endocervical-adenocarcinoma\/","title":{"rendered":"Ad\u00e9nocarcinome endocervical"},"content":{"rendered":"<p>[vc_row][vc_column][vc_custom_heading text=&#8221;L\u00e9sions glandulaires &#8211; Ad\u00e9nocarcinome endocervical&#8221; font_container=&#8221;tag:h2|text_align:center&#8221; use_theme_fonts=&#8221;yes&#8221;][\/vc_column][\/vc_row][vc_row][vc_column width=&#8221;2\/3&#8243;][vc_column_text]<\/p>\n<p class=\"subhead\">Ad\u00e9nocarcinome endocervical<\/p>\n<div class=\"chartColumn\">\n<p><strong>Rappel : Vous pouvez cliquer sur une image<br \/>\nde la section pour la voir dans un format plus grand.<\/strong><\/p>\n<p class=\"header3\">Crit\u00e8res<\/p>\n<p><strong> Pr\u00e9sentation tissulaire<br \/>\n<\/strong><\/p>\n<ul class=\"normal\">\n<li>Quelques cellules isol\u00e9es et amas\/groupes 2D<\/li>\n<li>Bordures bien d\u00e9finies (festonn\u00e9es)<\/li>\n<\/ul>\n<div class=\"chartColumnCell\">\n<p><a class=\"highslide\" href=\"\/gallery\/images_large\/slide0077.jpg\"><br \/>\n<img decoding=\"async\" title=\"Click to enlarge\" src=\"\/gallery\/images\/slide0077.jpg\" alt=\"Image 2\" border=\"0\" \/><\/a><\/p>\n<div class=\"highslide-caption\"><strong>Ad\u00e9nocarcinome endocervical<\/strong><br \/>\nCellules pr\u00e9sentes dans des groupes en 3D, des groupes en 2D et isol\u00e9es. 60x<\/div>\n<\/div>\n<div class=\"newRow\"><\/div>\n<div class=\"chartColumnCell\">\n<p><a class=\"highslide\" href=\"\/gallery\/images_large\/slide0079.jpg\"><br \/>\n<img decoding=\"async\" title=\"Click to enlarge\" src=\"\/gallery\/images\/slide0079.jpg\" alt=\"Image 3\" border=\"0\" \/><\/a><\/p>\n<div class=\"highslide-caption\"><strong>Ad\u00e9nocarcinome endocervical<\/strong><br \/>\nGroupes de cellules glandulaires rassembl\u00e9s dans la solution PreservCyt et dont le bord peut \u00eatre festonn\u00e9. A noter, les bordures Cytoplasme iques lisses nettes. 40x<\/div>\n<\/div>\n<div class=\"newRow\"><\/div>\n<p><strong> Cytoplasme<br \/>\n<\/strong><\/p>\n<ul class=\"normal\">\n<li>Finement vacuolis\u00e9<\/li>\n<li>Avec vacuoles discr\u00e8tes multiples pr\u00e9dominantes<\/li>\n<\/ul>\n<div class=\"chartColumnCell\">\n<p><a class=\"highslide\" href=\"\/gallery\/images_large\/slide0078.jpg\"><br \/>\n<img decoding=\"async\" title=\"Click to enlarge\" src=\"\/gallery\/images\/slide0078.jpg\" alt=\"Image 3\" border=\"0\" \/><\/a><\/p>\n<div class=\"highslide-caption\"><strong>Ad\u00e9nocarcinome endocervical<\/strong><br \/>\nLe cytoplasme peut \u00eatre finement vacuolis\u00e9 avec plusieurs vacuoles discr\u00e8tes et des bordures cellulaires nettes. 60x<\/div>\n<\/div>\n<div class=\"newRow\"><\/div>\n<p><strong> Rapport N\/C<br \/>\n<\/strong><\/p>\n<ul class=\"normal\">\n<li>Rapport N\/C 2:1<\/li>\n<\/ul>\n<div class=\"chartColumnCell\">\n<p><a class=\"highslide\" href=\"\/gallery\/images_large\/slide0081.jpg\"><br \/>\n<img decoding=\"async\" title=\"Click to enlarge\" src=\"\/gallery\/images\/slide0081.jpg\" alt=\"Image 2\" border=\"0\" \/><\/a><\/p>\n<div class=\"highslide-caption\"><strong>Ad\u00e9nocarcinome endocervical<\/strong><br \/>\nNoyaux dont la taille a augment\u00e9, occupant souvent plus de 2\/3 du cytoplasme et g\u00e9n\u00e9ralement ronds \u00e0 ovales avec membranes nucl\u00e9aires ondulantes. 60x<\/div>\n<\/div>\n<div class=\"newRow\"><\/div>\n<p><strong>Noyau<br \/>\n<\/strong><\/p>\n<ul class=\"normal\">\n<li>Augmentation de la taille, rond \u00e0 ovale<\/li>\n<\/ul>\n<div class=\"chartColumnCell\">\n<p><a class=\"highslide\" href=\"\/gallery\/images_large\/slide0073.jpg\"><br \/>\n<img decoding=\"async\" title=\"Click to enlarge\" src=\"\/gallery\/images\/slide0073.jpg\" alt=\"Image 3\" border=\"0\" \/><\/a><\/p>\n<div class=\"highslide-caption\"><strong>Ad\u00e9nocarcinome endocervical<\/strong><br \/>\nAd\u00e9nocarcinome endocervical &#8211; 40x<\/div>\n<\/div>\n<div class=\"newRow\"><\/div>\n<p><strong> Membrane nucl\u00e9aire<br \/>\n<\/strong><\/p>\n<ul class=\"normal\">\n<li>Lisse \u00e0 irr\u00e9guli\u00e8re (ondulante)<\/li>\n<li>\u00c9paissie<\/li>\n<\/ul>\n<div class=\"chartColumnCell\">\n<p><a class=\"highslide\" href=\"\/gallery\/images_large\/slide0082.jpg\"><br \/>\n<img decoding=\"async\" title=\"Click to enlarge\" src=\"\/gallery\/images\/slide0082.jpg\" alt=\"Image 2\" border=\"0\" \/><\/a><\/p>\n<div class=\"highslide-caption\"><strong>Ad\u00e9nocarcinome endocervical<\/strong><br \/>\nMembranes nucl\u00e9aires \u00e9paissies, irr\u00e9guli\u00e8res et ondulantes (absence des \u201cmorsures\u201d observ\u00e9es dans les l\u00e9sions malpighiennes). 40x<\/div>\n<\/div>\n<div class=\"newRow\"><\/div>\n<p><strong> Chromatine<br \/>\n<\/strong><\/p>\n<ul class=\"normal\">\n<li>Grossi\u00e8re, r\u00e9partition non homog\u00e8ne<\/li>\n<li>\u00c9limination de la parachromatine<\/li>\n<li>Augmentation de la profondeur de champ<\/li>\n<\/ul>\n<div class=\"chartColumnCell\">\n<p><a class=\"highslide\" href=\"\/gallery\/images_large\/slide0083.jpg\"><br \/>\n<img decoding=\"async\" title=\"Click to enlarge\" src=\"\/gallery\/images\/slide0083.jpg\" alt=\"Image 3\" border=\"0\" \/><\/a><\/p>\n<div class=\"highslide-caption\"><strong>Ad\u00e9nocarcinome endocervical<\/strong><br \/>\nChromatine finement \u00e0 grossi\u00e8rement granulaire et pouvant sembler r\u00e9partie de fa\u00e7on homog\u00e8ne bien que grossi\u00e8re et en motte. Noyaux hyperchromatiques et pr\u00e9sentant une profondeur de champ sup\u00e9rieure \u00e0 l&#8217;entit\u00e9 normale. 60x<\/div>\n<\/div>\n<div class=\"newRow\"><\/div>\n<div class=\"chartColumnCell\">\n<p><a class=\"highslide\" href=\"\/gallery\/images_large\/slide0084.jpg\"><br \/>\n<img decoding=\"async\" title=\"Click to enlarge\" src=\"\/gallery\/images\/slide0084.jpg\" alt=\"Image 3\" border=\"0\" \/><\/a><\/p>\n<div class=\"highslide-caption\"><strong>Ad\u00e9nocarcinome endocervical<\/strong><br \/>\n\u00c9limination \u00e9vidente de la parachromatine avec noyaux pr\u00e9sentant une profondeur de champ sup\u00e9rieure \u00e0 ceux des cellules endocervicales normales. 60x<\/div>\n<\/div>\n<div class=\"newRow\"><\/div>\n<p><strong>Nucl\u00e9oles <\/strong><\/p>\n<ul class=\"normal\">\n<li>Larges, pro\u00e9minents<\/li>\n<li>Lisses \u00e0 irr\u00e9guliers<\/li>\n<li>Isol\u00e9s \u00e0 multiples<\/li>\n<\/ul>\n<div class=\"chartColumnCell\">\n<p><a class=\"highslide\" href=\"\/gallery\/images_large\/slide0085.jpg\"><br \/>\n<img decoding=\"async\" title=\"Click to enlarge\" src=\"\/gallery\/images\/slide0085.jpg\" alt=\"Image 3\" border=\"0\" \/><\/a><\/p>\n<div class=\"highslide-caption\"><strong>Ad\u00e9nocarcinome endocervical<br \/>\n<\/strong> Lorsqu&#8217;ils sont pr\u00e9sents, les nucl\u00e9oles sont pro\u00e9minents et souvent multiples et irr\u00e9guliers. 60x<\/div>\n<\/div>\n<div class=\"newRow\"><\/div>\n<div class=\"chartColumnCell\">\n<p><a class=\"highslide\" href=\"\/gallery\/images_large\/slide0073.jpg\"><br \/>\n<img decoding=\"async\" title=\"Click to enlarge\" src=\"\/gallery\/images\/slide0073.jpg\" alt=\"Image 3\" border=\"0\" \/><\/a><\/p>\n<div class=\"highslide-caption\"><strong>Ad\u00e9nocarcinome endocervical<\/strong><br \/>\nAd\u00e9nocarcinome endocervical &#8211; 40x<\/div>\n<\/div>\n<div class=\"newRow\"><\/div>\n<p id=\"look\" class=\"subhead\">Entit\u00e9s semblables d&#8217;ad\u00e9nocarcinome endocervical<\/p>\n<p class=\"header3\">Atypies cellulaires endocervicales en faveur d&#8217;une n\u00e9oplasie ou d&#8217;un AIS :<\/p>\n<p><strong> Type de cellules <\/strong>Endocervicales<br \/>\n<strong> Pr\u00e9sentation tissulaire <\/strong><\/p>\n<ul class=\"normal\">\n<li>Bandes de tissu avec encombrement nucl\u00e9aire<\/li>\n<li>Stratification<\/li>\n<li>Forme de plume<\/li>\n<\/ul>\n<div class=\"chartColumnCell\">\n<p><a class=\"highslide\" href=\"\/gallery\/images_large\/slide0089.jpg\"><br \/>\n<img decoding=\"async\" title=\"Click to enlarge\" src=\"\/gallery\/images\/slide0089.jpg\" alt=\"Image 3\" border=\"0\" \/><\/a><\/p>\n<div class=\"highslide-caption\"><strong>Entit\u00e9s semblables d&#8217;ad\u00e9nocarcinome endocervical<br \/>\n<\/strong> Cellules endocervicales se pr\u00e9sentant dans une bande avec encombrement nucl\u00e9aire prononc\u00e9.<br \/>\nBiopsie &#8211; AIS &#8211; 60x<\/div>\n<\/div>\n<div class=\"newRow\"><\/div>\n<div class=\"chartColumnCell\">\n<p><a class=\"highslide\" href=\"\/gallery\/images_large\/slide0091.jpg\"><br \/>\n<img decoding=\"async\" title=\"Click to enlarge\" src=\"\/gallery\/images\/slide0091.jpg\" alt=\"Image 3\" border=\"0\" \/><\/a><\/p>\n<div class=\"highslide-caption\"><strong>Entit\u00e9s semblables d&#8217;ad\u00e9nocarcinome endocervical<\/strong><br \/>\nBande de cellules endocervicales, pseudostratification et cytoplasme finement vacuolis\u00e9 avec bordures cytoplasmiques peu distinctes. Architecture rompue bien que les cellules tentent de conserver une configuration glandulaire. Noter l&#8217;augmentation du rapport N\/C et la pr\u00e9sence variable de nucl\u00e9oles. Biopsie &#8211; AIS &#8211; 60x<\/div>\n<\/div>\n<div class=\"newRow\"><\/div>\n<div class=\"chartColumnCell\">\n<p><a class=\"highslide\" href=\"\/gallery\/images_large\/slide0090.jpg\"><br \/>\n<img decoding=\"async\" title=\"Click to enlarge\" src=\"\/gallery\/images\/slide0090.jpg\" alt=\"Image 3\" border=\"0\" \/><\/a><\/p>\n<div class=\"highslide-caption\"><strong>Entit\u00e9s semblables d&#8217;ad\u00e9nocarcinome endocervical<\/strong><br \/>\nCellules endocervicales se pr\u00e9sentant dans une pseudo-rosette avec forme de &#8220;plume&#8221; et \u00e9longation nucl\u00e9aire due \u00e0 l&#8217;encombrement. Biopsie &#8211; AIS &#8211; 60x<\/div>\n<\/div>\n<div class=\"newRow\"><\/div>\n<p><strong> Caract\u00e9ristiques uniques<br \/>\n<\/strong><\/p>\n<ul class=\"normal\">\n<li>Encombrement nucl\u00e9aire<\/li>\n<li>Stratification<\/li>\n<li>Absence de cil ou de bandelette obturante<\/li>\n<\/ul>\n<div class=\"chartColumnCell\">\n<p><a class=\"highslide\" href=\"\/gallery\/images_large\/slide0093.jpg\"><br \/>\n<img decoding=\"async\" title=\"Click to enlarge\" src=\"\/gallery\/images\/slide0093.jpg\" alt=\"Image 3\" border=\"0\" \/><\/a><\/p>\n<div class=\"highslide-caption\"><strong>Entit\u00e9s semblables d&#8217;ad\u00e9nocarcinome endocervical<\/strong><br \/>\n\u00c9longation nucl\u00e9aire \u00e9vidente dans ce groupe de cellules endocervicales atypiques. Perte de polarit\u00e9 nucl\u00e9aire, destruction de l&#8217;architecture normale, encombrement nucl\u00e9aire et &#8220;moulage&#8221; des noyaux. \u00c0 certains endroits, les membranes nucl\u00e9aires plates se poussent entre elles (signe de v\u00e9ritable encombrement). Biopsie &#8211; AIS 60x<\/div>\n<\/div>\n<div class=\"newRow\"><\/div>\n<div class=\"chartColumnCell\">\n<p><a class=\"highslide\" href=\"\/gallery\/images_large\/slide0100.jpg\"><br \/>\n<img decoding=\"async\" title=\"Click to enlarge\" src=\"\/gallery\/images\/slide0100.jpg\" alt=\"Image 3\" border=\"0\" \/><\/a><\/p>\n<div class=\"highslide-caption\"><strong>Entit\u00e9s semblables d&#8217;ad\u00e9nocarcinome endocervical<\/strong><br \/>\nAIS &#8211; Groupe stratifi\u00e9 et encombr\u00e9 de cellules glandulaires issu d&#8217;un cas d&#8217;AIS. \u00c0 noter, les noyaux basaux empil\u00e9s depuis la couche inf\u00e9rieur de l&#8217;\u00e9pith\u00e9lium. &#8211; 60x<\/div>\n<\/div>\n<div class=\"newRow\"><\/div>\n<p class=\"header3\">R\u00e9paration endocervicale :<\/p>\n<p><strong> Type de cellules <\/strong>Endocervicales<br \/>\n<strong> Pr\u00e9sentation tissulaire <\/strong><\/p>\n<ul class=\"normal\">\n<li>Amas l\u00e2che plat<\/li>\n<\/ul>\n<div class=\"chartColumnCell\">\n<p><a class=\"highslide\" href=\"\/gallery\/images_large\/slide0096.jpg\" name=\"pap\"><br \/>\n<img decoding=\"async\" title=\"Click to enlarge\" src=\"\/gallery\/images\/slide0096.jpg\" alt=\"Image 2\" border=\"0\" \/><\/a><\/p>\n<div class=\"highslide-caption\"><strong>Entit\u00e9s semblables d&#8217;ad\u00e9nocarcinome endocervical<\/strong><br \/>\nR\u00e9paration &#8211; Amas plat de cellules r\u00e9paratrices. Tous les noyaux se trouvent dans le m\u00eame plan et ne pr\u00e9sentent pas l&#8217;encombrement nucl\u00e9aire caract\u00e9ristique de l&#8217;AIS. Noyaux uniform\u00e9ment espac\u00e9s et ronds \u00e0 ovales plut\u00f4t qu&#8217;allong\u00e9s. &#8211; 40x<\/div>\n<\/div>\n<div class=\"newRow\"><\/div>\n<div class=\"chartColumnCell\">\n<p><a class=\"highslide\" href=\"\/gallery\/images_large\/slide0075.jpg\"><br \/>\n<img decoding=\"async\" title=\"Click to enlarge\" src=\"\/gallery\/images\/slide0075.jpg\" alt=\"Image 2\" border=\"0\" \/><\/a><\/p>\n<div class=\"highslide-caption\"><strong>Entit\u00e9s semblables d&#8217;ad\u00e9nocarcinome endocervical<\/strong><br \/>\nR\u00e9paration endocervicale &#8211; 40x<\/div>\n<\/div>\n<div class=\"newRow\"><\/div>\n<p><strong> Caract\u00e9ristiques uniques <\/strong><\/p>\n<ul class=\"normal\">\n<li>Aspect tissulaire en &#8220;banc de poissons<\/li>\n<li>Faible rapport N\/C<\/li>\n<li>Nucl\u00e9oles pro\u00e9minents<\/li>\n<\/ul>\n<div class=\"chartColumnCell\">\n<p><a class=\"highslide\" href=\"\/gallery\/images_large\/slide0173.jpg\"><br \/>\n<img decoding=\"async\" title=\"Click to enlarge\" src=\"\/gallery\/images\/slide0173.jpg\" alt=\"Image 3\" border=\"0\" \/><\/a><\/p>\n<div class=\"highslide-caption\"><strong>Entit\u00e9s semblables d&#8217;ad\u00e9nocarcinome endocervical<\/strong><br \/>\nLa r\u00e9paration pr\u00e9sente souvent une architecture en &#8220;banc de poissons&#8221;. La polarit\u00e9 est conserv\u00e9e et le rapport N\/C des cellules se trouve dans la plage normale. 40X<\/div>\n<\/div>\n<div class=\"newRow\"><\/div>\n<div class=\"chartColumnCell\">\n<p><a class=\"highslide\" href=\"\/gallery\/images_large\/slide0181.jpg\"><br \/>\n<img decoding=\"async\" title=\"Click to enlarge\" src=\"\/gallery\/images\/slide0181.jpg\" alt=\"Image 3\" border=\"0\" \/><\/a><\/p>\n<div class=\"highslide-caption\"><strong>Entit\u00e9s semblables d&#8217;ad\u00e9nocarcinome endocervical<\/strong><br \/>\nContours nucl\u00e9aires lisses et polarit\u00e9 conserv\u00e9e dans le groupe. 60x<\/div>\n<\/div>\n<div class=\"newRow\"><\/div>\n<div class=\"chartColumnCell\">\n<p><a class=\"highslide\" href=\"\/gallery\/images_large\/slide0180.jpg\"><br \/>\n<img decoding=\"async\" title=\"Click to enlarge\" src=\"\/gallery\/images\/slide0180.jpg\" alt=\"Image 3\" border=\"0\" \/><\/a><\/p>\n<div class=\"highslide-caption\"><strong>Entit\u00e9s semblables d&#8217;ad\u00e9nocarcinome endocervical<\/strong><br \/>\nPr\u00e9sence de nucl\u00e9oles pro\u00e9minents, parfois multiples. 40x<\/div>\n<\/div>\n<div class=\"newRow\"><\/div>\n<div class=\"chartColumnCell\">\n<p><a class=\"highslide\" href=\"\/gallery\/images_large\/slide0182.jpg\"><br \/>\n<img decoding=\"async\" title=\"Click to enlarge\" src=\"\/gallery\/images\/slide0182.jpg\" alt=\"Image 3\" border=\"0\" \/><\/a><\/p>\n<div class=\"highslide-caption\"><strong>Entit\u00e9s semblables d&#8217;ad\u00e9nocarcinome endocervical<\/strong><br \/>\nPr\u00e9sence \u00e9ventuelle de mitose et de macronucl\u00e9oles. 60x<\/div>\n<\/div>\n<div class=\"newRow\"><\/div>\n<p class=\"header3\">SCC non k\u00e9ratinisante :<\/p>\n<p><strong> Pr\u00e9sentation tissulaire<br \/>\n<\/strong><\/p>\n<ul class=\"normal\">\n<li>En majorit\u00e9 syncytium<\/li>\n<li>Cellules isol\u00e9es dispers\u00e9es<\/li>\n<\/ul>\n<div class=\"chartColumnCell\">\n<p><a class=\"highslide\" href=\"\/gallery\/images_large\/slide0064.jpg\"><br \/>\n<img decoding=\"async\" title=\"Click to enlarge\" src=\"\/gallery\/images\/slide0064.jpg\" alt=\"Image 3\" border=\"0\" \/><\/a><\/p>\n<div class=\"highslide-caption\"><strong>Entit\u00e9s semblables d&#8217;ad\u00e9nocarcinome endocervical<br \/>\n<\/strong><br \/>\nCellules se pr\u00e9sentant sous la forme de syncytium, de petits groupes manquant de coh\u00e9sion et isol\u00e9es. 40x<\/div>\n<\/div>\n<div class=\"newRow\"><\/div>\n<div class=\"chartColumnCell\">\n<p><a class=\"highslide\" href=\"\/gallery\/images_large\/slide0056.jpg\"><br \/>\n<img decoding=\"async\" title=\"Click to enlarge\" src=\"\/gallery\/images\/slide0056.jpg\" alt=\"Image 2\" border=\"0\" \/><\/a><\/p>\n<div class=\"highslide-caption\"><strong>Entit\u00e9s semblables d&#8217;ad\u00e9nocarcinome endocervical<br \/>\n<\/strong><br \/>\nGroupe de cellules malpighiennes malignes pr\u00e9sentant un manque de coh\u00e9sion. A noter, les vacuoles pouvant compliquer le diagnostic. 40x<\/div>\n<\/div>\n<div class=\"newRow\"><\/div>\n<p><strong> Cytoplasme<br \/>\n<\/strong><\/p>\n<ul class=\"normal\">\n<li>Vacuolis\u00e9<\/li>\n<li>Cyanophile<\/li>\n<\/ul>\n<div class=\"chartColumnCell\">\n<p><a class=\"highslide\" href=\"\/gallery\/images_large\/slide0065.jpg\"><br \/>\n<img decoding=\"async\" title=\"Click to enlarge\" src=\"\/gallery\/images\/slide0065.jpg\" alt=\"Image 3\" border=\"0\" \/><\/a><\/p>\n<div class=\"highslide-caption\">\n<p><strong>Entit\u00e9s semblables d&#8217;ad\u00e9nocarcinome endocervical<\/strong><\/p>\n<p>Cytoplasme cyanopile pouvant sembler extr\u00eamement vacuolis\u00e9. 40x<\/p>\n<\/div>\n<\/div>\n<div class=\"newRow\"><\/div>\n<p><strong> Membrane nucl\u00e9aire<br \/>\n<\/strong><\/p>\n<ul class=\"normal\">\n<li>Irr\u00e9gularit\u00e9s saillantes<\/li>\n<\/ul>\n<div class=\"chartColumnCell\">\n<p><a class=\"highslide\" href=\"\/gallery\/images_large\/slide0076.jpg\"><br \/>\n<img decoding=\"async\" title=\"Click to enlarge\" src=\"\/gallery\/images\/slide0076.jpg\" alt=\"Image 3\" border=\"0\" \/><\/a><\/p>\n<div class=\"highslide-caption\"><strong>Entit\u00e9s semblables d&#8217;ad\u00e9nocarcinome endocervical<br \/>\n<\/strong><br \/>\nSCC impliquant le collet glandulaire &#8211; 60x<\/div>\n<\/div>\n<div class=\"newRow\"><\/div>\n<p><strong>Chromatine<br \/>\n<\/strong><\/p>\n<ul class=\"normal\">\n<li>Grossi\u00e8re et r\u00e9partie de fa\u00e7on non homog\u00e8ne, avec \u00e9limination distincte de la parachromatine<\/li>\n<\/ul>\n<div class=\"chartColumnCell\">\n<p><a class=\"highslide\" href=\"\/gallery\/images_large\/slide0067.jpg\"><br \/>\n<img decoding=\"async\" title=\"Click to enlarge\" src=\"\/gallery\/images\/slide0067.jpg\" alt=\"Image 2\" border=\"0\" \/><\/a><\/p>\n<div class=\"highslide-caption\">\n<p><strong>Entit\u00e9s semblables d&#8217;ad\u00e9nocarcinome endocervical<\/strong><\/p>\n<p>Chromatine grossi\u00e8re et r\u00e9partie de fa\u00e7on non homog\u00e8ne (\u00e9limination de la parachromatine). 60x<\/p>\n<\/div>\n<\/div>\n<div class=\"newRow\"><\/div>\n<p><strong> Nucl\u00e9oles<br \/>\n<\/strong><\/p>\n<ul class=\"normal\">\n<li>Macronucl\u00e9oles pro\u00e9minents<\/li>\n<\/ul>\n<div class=\"chartColumnCell\">\n<p><a class=\"highslide\" href=\"\/gallery\/images_large\/slide0068.jpg\"><br \/>\n<img decoding=\"async\" title=\"Click to enlarge\" src=\"\/gallery\/images\/slide0068.jpg\" alt=\"Image 2\" border=\"0\" \/><\/a><\/p>\n<div class=\"highslide-caption\">\n<p><strong>Entit\u00e9s semblables d&#8217;ad\u00e9nocarcinome endocervical<\/strong><\/p>\n<p>Macronucl\u00e9oles \u00e9ventuellement pr\u00e9sents. 60x<\/p>\n<\/div>\n<\/div>\n<\/div>\n<div class=\"newRow\"><\/div>\n<p><a class=\"back\" href=\"#\">Retour au d\u00e9but<\/a>[\/vc_column_text][\/vc_column][vc_column width=&#8221;1\/3&#8243;][vc_widget_sidebar sidebar_id=&#8221;consulting-right-sidebar2&#8243;][\/vc_column][\/vc_row]<\/p>\n","protected":false},"excerpt":{"rendered":"<p>[vc_row][vc_column][vc_custom_heading text=&#8221;L\u00e9sions glandulaires &#8211; Ad\u00e9nocarcinome endocervical&#8221; font_container=&#8221;tag:h2|text_align:center&#8221; use_theme_fonts=&#8221;yes&#8221;][\/vc_column][\/vc_row][vc_row][vc_column width=&#8221;2\/3&#8243;][vc_column_text] Ad\u00e9nocarcinome endocervical Rappel : Vous pouvez cliquer sur une image de la section pour la voir dans un format plus grand. Crit\u00e8res Pr\u00e9sentation tissulaire Quelques cellules isol\u00e9es et amas\/groupes 2D Bordures bien d\u00e9finies (festonn\u00e9es) Ad\u00e9nocarcinome endocervical Cellules pr\u00e9sentes dans des groupes en 3D, des groupes en<\/p>\n","protected":false},"author":7,"featured_media":0,"parent":0,"menu_order":0,"comment_status":"closed","ping_status":"closed","template":"","meta":{"ngg_post_thumbnail":0,"footnotes":""},"class_list":["post-11332","page","type-page","status-publish","hentry"],"_links":{"self":[{"href":"https:\/\/cytologystuff.com\/fr\/wp-json\/wp\/v2\/pages\/11332","targetHints":{"allow":["GET"]}}],"collection":[{"href":"https:\/\/cytologystuff.com\/fr\/wp-json\/wp\/v2\/pages"}],"about":[{"href":"https:\/\/cytologystuff.com\/fr\/wp-json\/wp\/v2\/types\/page"}],"author":[{"embeddable":true,"href":"https:\/\/cytologystuff.com\/fr\/wp-json\/wp\/v2\/users\/7"}],"replies":[{"embeddable":true,"href":"https:\/\/cytologystuff.com\/fr\/wp-json\/wp\/v2\/comments?post=11332"}],"version-history":[{"count":0,"href":"https:\/\/cytologystuff.com\/fr\/wp-json\/wp\/v2\/pages\/11332\/revisions"}],"wp:attachment":[{"href":"https:\/\/cytologystuff.com\/fr\/wp-json\/wp\/v2\/media?parent=11332"}],"curies":[{"name":"wp","href":"https:\/\/api.w.org\/{rel}","templated":true}]}}