{"id":11225,"date":"2017-11-18T13:08:20","date_gmt":"2017-11-18T13:08:20","guid":{"rendered":"https:\/\/cytologystuff1.wpengine.com\/glandular-table-of-contents\/"},"modified":"2018-01-12T11:27:29","modified_gmt":"2018-01-12T11:27:29","slug":"glandular-table-of-contents","status":"publish","type":"page","link":"https:\/\/cytologystuff.com\/fr\/glandular-table-of-contents\/","title":{"rendered":"L\u00e9sions glandulaires"},"content":{"rendered":"<p>[vc_row][vc_column][vc_custom_heading text=&#8221;L\u00e9sions glandulaires&#8221; font_container=&#8221;tag:h2|text_align:center&#8221; use_theme_fonts=&#8221;yes&#8221;][\/vc_column][\/vc_row][vc_row][vc_column width=&#8221;2\/3&#8243;][vc_column_text]<\/p>\n<div>\n<h1 class=\"headline\">Sommaire de la section sur les l\u00e9sions glandulaires<\/h1>\n<p><img loading=\"lazy\" decoding=\"async\" src=\"\/images\/page4.jpg\" width=\"400\" height=\"320\" align=\"middle\" \/><\/p>\n<div class=\"newRow\"><\/div>\n<p class=\"em\">Note: Cliquez sur une image pour acc\u00e9der au d\u00e9but de la section concern\u00e9e ou sur un lien soulign\u00e9 pour acc\u00e9der \u00e0 la sous-section correspondante&#8230;<\/p>\n<div class=\"chartColumnHeader\"><span class=\"subhead\"><strong>L\u00e9sions glandulaires<\/strong> <\/span><\/div>\n<div class=\"newRow\"><\/div>\n<div class=\"chartColumnShort\"><a href=\"https:\/\/cytologystuff.com\/suggested-readings\/\"><img loading=\"lazy\" decoding=\"async\" class=\"atlas alignnone\" src=\"\/images\/gl1.jpg\" alt=\"\" width=\"120\" height=\"80\" \/><\/a><\/div>\n<div class=\"chartColumn\">\n<p>Plusieurs publications \u00e9valu\u00e9es par des pairs font \u00e9tat d&#8217;une meilleure d\u00e9tection des pathologies glandulaires avec le syst\u00e8me ThinPrep\u00ae par rapport aux frottis conventionnels. Ces r\u00e9sultats concordent avec une confirmation plus fr\u00e9quente de l\u00e9sions glandulaires anormales avec une biopsie qu&#8217;en cytologie conventionnelle.<\/p>\n<p><a href=\"https:\/\/cytologystuff.com\/suggested-readings\/#readings\">Suggestions de lectures<\/a><\/p>\n<\/div>\n<div class=\"newRow\"><\/div>\n<div class=\"chartColumnHeader\"><span class=\"subhead\"><strong>Atypies cellulaires endocervicales (sans autre pr\u00e9cision)<\/strong><\/span><\/div>\n<div class=\"newRow\"><\/div>\n<div class=\"chartColumnShort\"><a href=\"https:\/\/cytologystuff.com\/learn\/atypical-endocervical-cells-nos\/\"><img loading=\"lazy\" decoding=\"async\" class=\"atlas alignnone\" src=\"\/images\/gl2.jpg\" alt=\"\" width=\"120\" height=\"80\" \/><\/a><\/div>\n<div class=\"chartColumn\">\n<ul class=\"normal\">\n<li><a href=\"https:\/\/cytologystuff.com\/learn\/atypical-endocervical-cells-nos\/\"><br \/>\nCrit\u00e8res<\/a><\/li>\n<li><a href=\"https:\/\/cytologystuff.com\/learn\/atypical-endocervical-cells-nos\/#look\">Entit\u00e9s semblables<\/a><\/li>\n<\/ul>\n<\/div>\n<div class=\"newRow\"><\/div>\n<div class=\"chartColumnHeader\"><span class=\"subhead\"><strong>Ad\u00e9nocarcinome endocervical In Situ<\/strong><\/span><\/div>\n<div class=\"newRow\"><\/div>\n<div class=\"chartColumnShort\"><a href=\"https:\/\/cytologystuff.com\/learn\/endocervical-adenocarcinoma-in-situ\/\"><img loading=\"lazy\" decoding=\"async\" class=\"atlas alignnone\" src=\"\/images\/gl3.jpg\" alt=\"\" width=\"120\" height=\"80\" \/><\/a><\/div>\n<div class=\"chartColumn\">\n<ul class=\"normal\">\n<li><a href=\"https:\/\/cytologystuff.com\/learn\/endocervical-adenocarcinoma-in-situ\/\"><br \/>\nCrit\u00e8res<\/a><\/li>\n<li><a href=\"https:\/\/cytologystuff.com\/learn\/endocervical-adenocarcinoma-in-situ\/#look\">Entit\u00e9s semblables<\/a><\/li>\n<\/ul>\n<\/div>\n<div class=\"newRow\"><\/div>\n<div class=\"chartColumnHeader\"><span class=\"subhead\"><strong>Ad\u00e9nocarcinome endocervical<\/strong> <\/span><\/div>\n<div class=\"newRow\"><\/div>\n<div class=\"chartColumnShort\"><a href=\"https:\/\/cytologystuff.com\/learn\/endocervical-adenocarcinoma\/\"><img loading=\"lazy\" decoding=\"async\" class=\"atlas alignnone\" src=\"\/images\/gl4.jpg\" alt=\"\" width=\"120\" height=\"80\" \/><\/a><\/div>\n<div class=\"chartColumn\">\n<ul class=\"normal\">\n<li style=\"list-style-type: none;\">\n<ul class=\"normal\">\n<li><a href=\"https:\/\/cytologystuff.com\/learn\/endocervical-adenocarcinoma\/\"><br \/>\nCrit\u00e8res<\/a><\/li>\n<li><a href=\"https:\/\/cytologystuff.com\/learn\/endocervical-adenocarcinoma\/#look\">Entit\u00e9s semblables<\/a><\/li>\n<\/ul>\n<\/li>\n<\/ul>\n<\/div>\n<div class=\"newRow\"><\/div>\n<div class=\"chartColumnHeader\"><span class=\"subhead\"><strong>Archive des cas GYN glandulaires<\/strong> <\/span><\/div>\n<div class=\"newRow\"><\/div>\n<div class=\"chartColumnShort\"><a href=\"section751.html\"><img loading=\"lazy\" decoding=\"async\" class=\"atlas\" src=\"\/images\/gl5.jpg\" width=\"120\" height=\"80\" \/><\/a><\/div>\n<div class=\"chartColumn\">\n<ul class=\"normal\">\n<li><a href=\"section751.html\"><br \/>\nDiagnostic ind\u00e9termin\u00e9 Cas n\u00b04<\/a><\/li>\n<li><a href=\"\/pdfs\/85963001a.pdf\" target=\"_blank\" rel=\"noopener\">Pr\u00e9sentation de cas \u2013 Juillet 2002<\/a><\/li>\n<\/ul>\n<\/div>\n<div class=\"newRow\"><\/div>\n<div class=\"chartColumnHeader\"><span class=\"subhead\"><strong>Atelier morphologique virtuel<\/strong> <\/span><\/div>\n<div class=\"newRow\"><\/div>\n<div class=\"chartColumnShort\"><a href=\"http:\/\/icvdm.vo.llnwd.net\/o10\/hologic\/html5\/french\/fr_detecting_cervical_rev2\/index.htm\" target=\"_blank\" rel=\"noopener\"><img loading=\"lazy\" decoding=\"async\" class=\"atlas alignnone\" src=\"\/images\/gl6.jpg\" alt=\"\" width=\"120\" height=\"80\" \/><\/a><\/div>\n<div class=\"chartColumn\">\n<ul class=\"normal\">\n<li><a href=\"http:\/\/icvdm.vo.llnwd.net\/o10\/hologic\/html5\/french\/fr_detecting_cervical_rev2\/index.htm\" target=\"_blank\" rel=\"noopener\"><br \/>\nAtelier morphologique virtuel<\/a><\/li>\n<\/ul>\n<\/div>\n<div class=\"newRow\"><\/div>\n<p><a class=\"back\" href=\"#\">Retour au d\u00e9but<\/a><\/p>\n<\/div>\n<p>[\/vc_column_text][vc_column_text el_class=&#8221;back-to-top&#8221;]<strong><a href=\"#main\">Back to Top<\/a><\/strong>[\/vc_column_text][\/vc_column][vc_column width=&#8221;1\/3&#8243;][vc_widget_sidebar sidebar_id=&#8221;consulting-right-sidebar2&#8243;][\/vc_column][\/vc_row]<\/p>\n","protected":false},"excerpt":{"rendered":"<p>[vc_row][vc_column][vc_custom_heading text=&#8221;L\u00e9sions glandulaires&#8221; font_container=&#8221;tag:h2|text_align:center&#8221; use_theme_fonts=&#8221;yes&#8221;][\/vc_column][\/vc_row][vc_row][vc_column width=&#8221;2\/3&#8243;][vc_column_text] Sommaire de la section sur les l\u00e9sions glandulaires Note: Cliquez sur une image pour acc\u00e9der au d\u00e9but de la section concern\u00e9e ou sur un lien soulign\u00e9 pour acc\u00e9der \u00e0 la sous-section correspondante&#8230; L\u00e9sions glandulaires Plusieurs publications \u00e9valu\u00e9es par des pairs font \u00e9tat d&#8217;une meilleure d\u00e9tection des pathologies glandulaires avec<\/p>\n","protected":false},"author":2,"featured_media":0,"parent":0,"menu_order":0,"comment_status":"closed","ping_status":"closed","template":"","meta":{"ngg_post_thumbnail":0,"footnotes":""},"class_list":["post-11225","page","type-page","status-publish","hentry"],"_links":{"self":[{"href":"https:\/\/cytologystuff.com\/fr\/wp-json\/wp\/v2\/pages\/11225","targetHints":{"allow":["GET"]}}],"collection":[{"href":"https:\/\/cytologystuff.com\/fr\/wp-json\/wp\/v2\/pages"}],"about":[{"href":"https:\/\/cytologystuff.com\/fr\/wp-json\/wp\/v2\/types\/page"}],"author":[{"embeddable":true,"href":"https:\/\/cytologystuff.com\/fr\/wp-json\/wp\/v2\/users\/2"}],"replies":[{"embeddable":true,"href":"https:\/\/cytologystuff.com\/fr\/wp-json\/wp\/v2\/comments?post=11225"}],"version-history":[{"count":0,"href":"https:\/\/cytologystuff.com\/fr\/wp-json\/wp\/v2\/pages\/11225\/revisions"}],"wp:attachment":[{"href":"https:\/\/cytologystuff.com\/fr\/wp-json\/wp\/v2\/media?parent=11225"}],"curies":[{"name":"wp","href":"https:\/\/api.w.org\/{rel}","templated":true}]}}