{"id":11207,"date":"2017-08-16T14:02:32","date_gmt":"2017-08-16T14:02:32","guid":{"rendered":"https:\/\/cytologystuff1.wpengine.com\/atypical-endocervical-cells-nos\/"},"modified":"2017-11-30T05:55:21","modified_gmt":"2017-11-30T05:55:21","slug":"atypical-endocervical-cells-nos","status":"publish","type":"page","link":"https:\/\/cytologystuff.com\/fr\/atypical-endocervical-cells-nos\/","title":{"rendered":"L\u00e9sions glandulaires"},"content":{"rendered":"<p>[vc_row][vc_column][vc_custom_heading text=&#8221;L\u00e9sions glandulaires&#8221; font_container=&#8221;tag:h2|text_align:center&#8221; use_theme_fonts=&#8221;yes&#8221;][\/vc_column][\/vc_row][vc_row][vc_column width=&#8221;3\/4&#8243;][vc_column_text]<\/p>\n<div id=\"\">\n<p class=\"subhead\">Atypies cellulaires endocervicales<\/p>\n<div class=\"chartColumn\"><strong>Rappel : Vous pouvez cliquer sur une image<br \/>\nde la section pour la voir dans un format plus grand.<\/strong><\/p>\n<p class=\"header3\"><strong>Crit\u00e8res<\/strong><\/p>\n<p><strong> Pr\u00e9sentation tissulaire<br \/>\n<\/strong><\/p>\n<ul class=\"normal\">\n<li>Amas plats<\/li>\n<li>Bien organis\u00e9s<\/li>\n<li>Architecture en &#8220;banc de poissons&#8221;<\/li>\n<\/ul>\n<p>&nbsp;<\/p>\n<div class=\"chartColumnCell\"><a class=\"highslide\" href=\"\/gallery\/images_large\/slide1355.jpg\"><br \/>\n<img decoding=\"async\" title=\"Click to enlarge\" src=\"\/gallery\/images\/slide1355.jpg\" alt=\"Image 2\" border=\"0\" \/><\/a><\/p>\n<div class=\"highslide-caption\"><strong>Atypies cellulaires endocervicales<\/strong><br \/>\nAmas plat bien organis\u00e9 de cellules glandulaires pr\u00e9sentant une architecture en &#8220;banc de poissons&#8221;.<br \/>\nBiopsie\u00a0: d\u00e9cidualisation-20x<\/div>\n<\/div>\n<div class=\"newRow\"><\/div>\n<p><strong>Cytoplasme<br \/>\n<\/strong><\/p>\n<ul class=\"normal\">\n<li>Abondant<\/li>\n<li>Aspect de &#8220;culture tissulaire&#8221;<\/li>\n<\/ul>\n<p>&nbsp;<\/p>\n<div class=\"chartColumnCell\"><a class=\"highslide\" href=\"\/gallery\/images_large\/slide0107.jpg\"><br \/>\n<img decoding=\"async\" title=\"Click to enlarge\" src=\"\/gallery\/images\/slide0107.jpg\" alt=\"Image 3\" border=\"0\" \/><\/a><\/p>\n<div class=\"highslide-caption\"><strong>Atypies cellulaires endocervicales<\/strong><br \/>\nAmas de cellules endocervicales avec architecture l\u00e9g\u00e8rement d\u00e9sordonn\u00e9e, l\u00e9g\u00e8re profondeur de champ dans le groupe, cytoplasme abondant, chromatine terne uniforme et nucl\u00e9oles pro\u00e9minents dans chaque noyau. La profondeur de champ du groupe et l&#8217;architecture l\u00e9g\u00e8rement d\u00e9sordonn\u00e9e permettent de rendre un diagnostic d&#8217;atypie. Biopsie \u2013 Atypie inflammatoire &#8211; 60X<\/div>\n<\/div>\n<div class=\"newRow\"><\/div>\n<p><strong> Rapport N\/C<br \/>\n<\/strong><\/p>\n<ul class=\"normal\">\n<li>Faible<\/li>\n<\/ul>\n<p>&nbsp;<\/p>\n<div class=\"chartColumnCell\"><a class=\"highslide\" href=\"\/gallery\/images_large\/slide1356.jpg\"><br \/>\n<img decoding=\"async\" title=\"Click to enlarge\" src=\"\/gallery\/images\/slide1356.jpg\" alt=\"Image 3\" border=\"0\" \/><\/a><\/p>\n<div class=\"highslide-caption\"><strong>Atypies cellulaires endocervicales<\/strong><br \/>\nCellules atypiques avec cytoplasme abondant conservant un faible rapport N\/C. Biopsie\u00a0: polype endocervical &#8211; 60x<\/div>\n<\/div>\n<div class=\"newRow\"><\/div>\n<p><strong>Noyau<br \/>\n<\/strong><\/p>\n<ul class=\"normal\">\n<li>Ovale \u00e0 rond<\/li>\n<\/ul>\n<p>&nbsp;<\/p>\n<div class=\"chartColumnCell\"><a class=\"highslide\" href=\"\/gallery\/images_large\/slide0108.jpg\"><br \/>\n<img decoding=\"async\" title=\"Click to enlarge\" src=\"\/gallery\/images\/slide0108.jpg\" alt=\"Image 2\" border=\"0\" \/><\/a><\/p>\n<div class=\"highslide-caption\"><strong>Atypies cellulaires endocervicales<\/strong><br \/>\n\u00c9chantillon contenant un groupe (3D) de cellules endocervicales avec architecture l\u00e9g\u00e8rement d\u00e9sordonn\u00e9e. Noyaux de taille similaire et membranes nucl\u00e9aires lisses \u00e0 l\u00e9g\u00e8rement irr\u00e9guli\u00e8res.<br \/>\nBiopsie \u2013 Inflammation chronique &#8211; 60x<\/div>\n<\/div>\n<div class=\"newRow\"><\/div>\n<p><strong> Membrane nucl\u00e9aire <\/strong><\/p>\n<ul class=\"normal\">\n<li>Lisse<\/li>\n<li>L\u00e9g\u00e8res irr\u00e9gularit\u00e9s possibles<\/li>\n<li>\u00c9ventuellement l\u00e9g\u00e8rement \u00e9paissie<\/li>\n<\/ul>\n<p>&nbsp;<\/p>\n<div class=\"chartColumnCell\"><a class=\"highslide\" href=\"\/gallery\/images_large\/slide1357.jpg\"><br \/>\n<img decoding=\"async\" title=\"Click to enlarge\" src=\"\/gallery\/images\/slide1357.jpg\" alt=\"Image 3\" border=\"0\" \/><\/a><\/p>\n<div class=\"highslide-caption\"><strong>Atypies cellulaires endocervicales<\/strong><br \/>\nDans ce groupe, les noyaux affichent des membranes nucl\u00e9aires l\u00e9g\u00e8rement irr\u00e9guli\u00e8res et \u00e9paissies.<br \/>\nBiopsie\u00a0: d\u00e9cidualisation- 40x<\/div>\n<\/div>\n<div class=\"newRow\"><\/div>\n<p><strong> Chromatine<br \/>\n<\/strong><\/p>\n<ul class=\"normal\">\n<li>Granulaire<\/li>\n<li>R\u00e9partie de fa\u00e7on homog\u00e8ne<\/li>\n<li>Uniform\u00e9ment hypochromatique<\/li>\n<\/ul>\n<p>&nbsp;<\/p>\n<div class=\"chartColumnCell\"><a class=\"highslide\" href=\"\/gallery\/images_large\/slide0109.jpg\" name=\"pap\"><br \/>\n<img decoding=\"async\" title=\"Click to enlarge\" src=\"\/gallery\/images\/slide0109.jpg\" alt=\"Image 2\" border=\"0\" \/><\/a><\/p>\n<div class=\"highslide-caption\"><strong>Atypies cellulaires endocervicales<\/strong><br \/>\nGroupement l\u00e2che de cellules endocervicales affichant une apparente perte de polarit\u00e9. Noyaux ronds \u00e0 ovales avec membranes nucl\u00e9aires l\u00e9g\u00e8rement irr\u00e9guli\u00e8res et l\u00e9ger encombrement. Chromatine granulaire mais r\u00e9partie de fa\u00e7on homog\u00e8ne et pr\u00e9sence de nucl\u00e9oles pro\u00e9minents. Biopsie \u2013 Inflammation chronique &#8211; 60x<\/div>\n<\/div>\n<div class=\"newRow\"><\/div>\n<p><strong> Nucl\u00e9oles<br \/>\n<\/strong><\/p>\n<ul class=\"normal\">\n<li>Dans chaque noyau<\/li>\n<li>Isol\u00e9s \u00e0 multiples<\/li>\n<li>Petits \u00e0 moyens<\/li>\n<\/ul>\n<p>&nbsp;<\/p>\n<div class=\"chartColumnCell\"><a class=\"highslide\" href=\"\/gallery\/images_large\/slide1358.jpg\"><br \/>\n<img decoding=\"async\" title=\"Click to enlarge\" src=\"\/gallery\/images\/slide1358.jpg\" alt=\"Image 3\" border=\"0\" \/><\/a><\/p>\n<div class=\"highslide-caption\"><strong>Atypies cellulaires endocervicales<\/strong><br \/>\nNoyaux contenant des nucl\u00e9oles isol\u00e9s \u00e0 multiples et petits \u00e0 mod\u00e9r\u00e9s en taille.<br \/>\nBiopsie\u00a0: d\u00e9cidualisation &#8211; 60x<\/p>\n<\/div>\n<\/div>\n<div class=\"newRow\"><\/div>\n<p id=\"look\" class=\"subhead\">Entit\u00e9s semblables d&#8217;atypies cellulaires endocervicales (sans autre pr\u00e9cision)<\/p>\n<p class=\"header3\">R\u00e9paration endocervicale :<\/p>\n<p><strong> Type de cellules:<\/strong> Endocervicales<\/p>\n<p><strong> Pr\u00e9sentation tissulaire<br \/>\n<\/strong><\/p>\n<ul class=\"normal\">\n<li>Amas l\u00e2che plat<\/li>\n<\/ul>\n<p>&nbsp;<\/p>\n<div class=\"chartColumnCell\"><a class=\"highslide\" href=\"\/gallery\/images_large\/slide0096.jpg\"><br \/>\n<img decoding=\"async\" title=\"Click to enlarge\" src=\"\/gallery\/images\/slide0096.jpg\" alt=\"Image 3\" border=\"0\" \/><\/a><\/p>\n<div class=\"highslide-caption\"><strong>Entit\u00e9s semblables d&#8217;atypies cellulaires endocervicales (sans autre pr\u00e9cision)<\/strong><br \/>\nR\u00e9paration &#8211; Amas plat de cellules r\u00e9paratrices. Tous les noyaux se trouvent dans le m\u00eame plan et ne pr\u00e9sentent pas l&#8217;encombrement nucl\u00e9aire caract\u00e9ristique de l&#8217;AIS. Noyaux uniform\u00e9ment espac\u00e9s et ronds \u00e0 ovales plut\u00f4t qu&#8217;allong\u00e9s. &#8211; 40x<\/div>\n<\/div>\n<div class=\"newRow\"><\/div>\n<div class=\"chartColumnCell\"><a class=\"highslide\" href=\"\/gallery\/images_large\/slide0075.jpg\"><br \/>\n<img decoding=\"async\" title=\"Click to enlarge\" src=\"\/gallery\/images\/slide0075.jpg\" alt=\"Image 3\" border=\"0\" \/><\/a><\/p>\n<div class=\"highslide-caption\"><strong>Entit\u00e9s semblables d&#8217;atypies cellulaires endocervicales (sans autre pr\u00e9cision)<\/strong><br \/>\nR\u00e9paration endocervicale 40x<\/div>\n<\/div>\n<div class=\"newRow\"><\/div>\n<p><strong> Caract\u00e9ristiques uniques<br \/>\n<\/strong><\/p>\n<ul class=\"normal\">\n<li>Aspect tissulaire en &#8220;banc de poissons<\/li>\n<li>Faible rapport N\/C<\/li>\n<li>Nucl\u00e9oles pro\u00e9minents<\/li>\n<\/ul>\n<p>&nbsp;<\/p>\n<div class=\"chartColumnCell\"><a class=\"highslide\" href=\"\/gallery\/images_large\/slide0173.jpg\"><br \/>\n<img decoding=\"async\" title=\"Click to enlarge\" src=\"\/gallery\/images\/slide0173.jpg\" alt=\"Image 3\" border=\"0\" \/><\/a><\/p>\n<div class=\"highslide-caption\"><strong>Entit\u00e9s semblables d&#8217;atypies cellulaires endocervicales (sans autre pr\u00e9cision)<\/strong><br \/>\nLa r\u00e9paration pr\u00e9sente souvent une architecture en &#8220;banc de poissons&#8221;. La polarit\u00e9 est conserv\u00e9e et le rapport N\/C des cellules se trouve dans la plage normale. 40X<\/div>\n<\/div>\n<div class=\"newRow\"><\/div>\n<div class=\"chartColumnCell\"><a class=\"highslide\" href=\"\/gallery\/images_large\/slide0181.jpg\"><br \/>\n<img decoding=\"async\" title=\"Click to enlarge\" src=\"\/gallery\/images\/slide0181.jpg\" alt=\"Image 3\" border=\"0\" \/><\/a><\/p>\n<div class=\"highslide-caption\"><strong>Entit\u00e9s semblables d&#8217;atypies cellulaires endocervicales (sans autre pr\u00e9cision)<\/strong><br \/>\nContours nucl\u00e9aires lisses et polarit\u00e9 conserv\u00e9e dans le groupe. 60x<\/div>\n<\/div>\n<div class=\"newRow\"><\/div>\n<div class=\"chartColumnCell\"><a class=\"highslide\" href=\"\/gallery\/images_large\/slide0180.jpg\"><br \/>\n<img decoding=\"async\" title=\"Click to enlarge\" src=\"\/gallery\/images\/slide0180.jpg\" alt=\"Image 3\" border=\"0\" \/><\/a><\/p>\n<div class=\"highslide-caption\"><strong>Entit\u00e9s semblables d&#8217;atypies cellulaires endocervicales (sans autre pr\u00e9cision)<\/strong><br \/>\nPr\u00e9sence de nucl\u00e9oles pro\u00e9minents, parfois multiples. 40x<\/div>\n<\/div>\n<div class=\"newRow\"><\/div>\n<div class=\"chartColumnCell\"><a class=\"highslide\" href=\"\/gallery\/images_large\/slide0182.jpg\"><br \/>\n<img decoding=\"async\" title=\"Click to enlarge\" src=\"\/gallery\/images\/slide0182.jpg\" alt=\"Image 3\" border=\"0\" \/><\/a><\/p>\n<div class=\"highslide-caption\"><strong>Entit\u00e9s semblables d&#8217;atypies cellulaires endocervicales (sans autre pr\u00e9cision)<\/strong><br \/>\nPr\u00e9sence \u00e9ventuelle de mitose et de macronucl\u00e9oles. 60x<\/div>\n<\/div>\n<div class=\"newRow\"><\/div>\n<p class=\"header3\">M\u00e9taplasie tubaire :<\/p>\n<p><strong> Type de cellules <\/strong>Petites cellules glandulaires cubiques de type trompe de Fallope<\/p>\n<p><strong> Pr\u00e9sentation tissulaire <\/strong><\/p>\n<ul class=\"normal\">\n<li>Pr\u00e9sentation encombr\u00e9e en nid d&#8217;abeille<\/li>\n<\/ul>\n<p>&nbsp;<\/p>\n<div class=\"chartColumnCell\"><a class=\"highslide\" href=\"\/gallery\/images_large\/slide0097.jpg\" name=\"pap\"><br \/>\n<img decoding=\"async\" title=\"Click to enlarge\" src=\"\/gallery\/images\/slide0097.jpg\" alt=\"Image 2\" border=\"0\" \/><\/a><\/p>\n<div class=\"highslide-caption\"><strong>Entit\u00e9s semblables d&#8217;atypies cellulaires endocervicales (sans autre pr\u00e9cision)<\/strong><br \/>\nLa m\u00e9taplasie tubaire peut imiter de pr\u00e8s l&#8217;AIS, mais un examen approfondi montre que les anomalies (par ex., encombrement, \u00e9longation nucl\u00e9aire, membranes nucl\u00e9aires irr\u00e9guli\u00e8res et fragments tissulaires anormaux) sont moins graves. La pr\u00e9sence de cils et\/ou de bandelettes obturantes confirme l&#8217;aspect b\u00e9nin. &#8211; 60X<\/div>\n<\/div>\n<div class=\"newRow\"><\/div>\n<div class=\"chartColumnCell\"><a class=\"highslide\" href=\"\/gallery\/images_large\/slide1173.jpg\"><br \/>\n<img decoding=\"async\" title=\"Click to enlarge\" src=\"\/gallery\/images\/slide1173.jpg\" alt=\"Image 2\" border=\"0\" \/><\/a><\/p>\n<div class=\"highslide-caption\"><strong>Entit\u00e9s semblables d&#8217;atypies cellulaires endocervicales (sans autre pr\u00e9cision)<\/strong><br \/>\nCellules glandulaires encombr\u00e9es avec noyaux augment\u00e9s en taille. Un examen plus approfondi r\u00e9v\u00e8le une chromatine r\u00e9partie de fa\u00e7on homog\u00e8ne. 40x<\/div>\n<\/div>\n<div class=\"newRow\"><\/div>\n<p><strong> Caract\u00e9ristiques uniques <\/strong><\/p>\n<ul class=\"normal\">\n<li>Bandelettes obturantes et cils<\/li>\n<\/ul>\n<p>&nbsp;<\/p>\n<div class=\"chartColumnCell\"><a class=\"highslide\" href=\"\/gallery\/images_large\/slide0149.jpg\"><br \/>\n<img decoding=\"async\" title=\"Click to enlarge\" src=\"\/gallery\/images\/slide0149.jpg\" alt=\"Image 3\" border=\"0\" \/><\/a><\/p>\n<div class=\"highslide-caption\"><strong>Entit\u00e9s semblables d&#8217;atypies cellulaires endocervicales (sans autre pr\u00e9cision)<\/strong><br \/>\nBande de cellules prismatiques \u00e0 noyau hyperchromatique encombr\u00e9. Une observation rapproch\u00e9e r\u00e9v\u00e8le des vacuoles cytoplasmiques et des cils distincts pouvant repr\u00e9senter une m\u00e9taplasie tubaire. 60X<\/div>\n<\/div>\n<div class=\"newRow\"><\/div>\n<div class=\"chartColumnCell\"><a class=\"highslide\" href=\"\/gallery\/images_large\/slide1172.jpg\"><br \/>\n<img decoding=\"async\" title=\"Click to enlarge\" src=\"\/gallery\/images\/slide1172.jpg\" alt=\"Image 3\" border=\"0\" \/><\/a><\/p>\n<div class=\"highslide-caption\"><strong>Entit\u00e9s semblables d&#8217;atypies cellulaires endocervicales (sans autre pr\u00e9cision)<\/strong><br \/>\nCette vue \u00e0 plus fort grossissement que la premi\u00e8re image (20x) met en \u00e9vidence une rang\u00e9e distincte de cils. 60x<\/div>\n<\/div>\n<div class=\"newRow\"><\/div>\n<p class=\"header3\">Segment ut\u00e9rin inf\u00e9rieur :<\/p>\n<p><strong> Type de cellules <\/strong> Endom\u00e9triales<\/p>\n<p><strong> Pr\u00e9sentation tissulaire<br \/>\n<\/strong><\/p>\n<ul class=\"normal\">\n<li>Pr\u00e9sentation en nid d&#8217;abeille avec noyaux superpos\u00e9s, souvent en gros amas<\/li>\n<\/ul>\n<p>&nbsp;<\/p>\n<div class=\"chartColumnCell\"><a class=\"highslide\" href=\"\/gallery\/images_large\/slide0150.jpg\"><br \/>\n<img decoding=\"async\" title=\"Click to enlarge\" src=\"\/gallery\/images\/slide0150.jpg\" alt=\"Image 3\" border=\"0\" \/><\/a><\/p>\n<div class=\"highslide-caption\"><strong>Entit\u00e9s semblables d&#8217;atypies cellulaires endocervicales (sans autre pr\u00e9cision)<br \/>\n<\/strong><br \/>\nFragment de cellules provenant du segment ut\u00e9rin inf\u00e9rieur, repli\u00e9 sur lui-m\u00eame et donnant un aspect tridimensionnel. 20X<\/div>\n<\/div>\n<div class=\"newRow\"><\/div>\n<div class=\"chartColumnCell\"><a class=\"highslide\" href=\"\/gallery\/images_large\/slide0170.jpg\"><br \/>\n<img decoding=\"async\" title=\"Click to enlarge\" src=\"\/gallery\/images\/slide0170.jpg\" alt=\"Image 2\" border=\"0\" \/><\/a><\/p>\n<div class=\"highslide-caption\"><strong>Entit\u00e9s semblables d&#8217;atypies cellulaires endocervicales (sans autre pr\u00e9cision)<br \/>\n<\/strong><br \/>\nSegment ut\u00e9rin inf\u00e9rieur &#8211; 40X<\/div>\n<\/div>\n<div class=\"newRow\"><\/div>\n<div class=\"chartColumnCell\"><a class=\"highslide\" href=\"\/gallery\/images_large\/slide0171.jpg\"><br \/>\n<img decoding=\"async\" title=\"Click to enlarge\" src=\"\/gallery\/images\/slide0171.jpg\" alt=\"Image 3\" border=\"0\" \/><\/a><\/p>\n<div class=\"highslide-caption\"><strong>Entit\u00e9s semblables d&#8217;atypies cellulaires endocervicales (sans autre pr\u00e9cision)<\/strong><\/p>\n<p>Le segment ut\u00e9rin inf\u00e9rieur peut pr\u00e9senter des nucl\u00e9oles pro\u00e9minents. 40X<\/p><\/div>\n<\/div>\n<div class=\"newRow\"><\/div>\n<p><strong> Caract\u00e9ristiques uniques<br \/>\n<\/strong><\/p>\n<ul class=\"normal\">\n<li>Cellules tr\u00e8s petites avec cytoplasme peu abondant et aspect uniforme<\/li>\n<\/ul>\n<p>&nbsp;<\/p>\n<div class=\"chartColumnCell\"><a class=\"highslide\" href=\"\/gallery\/images_large\/slide0099.jpg\"><br \/>\n<img decoding=\"async\" title=\"Click to enlarge\" src=\"\/gallery\/images\/slide0099.jpg\" alt=\"Image 3\" border=\"0\" \/><\/a><\/p>\n<div class=\"highslide-caption\"><strong>Entit\u00e9s semblables d&#8217;atypies cellulaires endocervicales (sans autre pr\u00e9cision)<br \/>\n<\/strong><br \/>\nFragment tissulaire de segment ut\u00e9rin inf\u00e9rieur compos\u00e9 de petites cellules cubiques, noyaux uniformes, chromatine terne. \u00c0 faible grossissement, les cellules paraissent encombr\u00e9es, mais un examen plus approfondi montre qu&#8217;elles forment simplement un amas. La coh\u00e9sion et l&#8217;uniformit\u00e9 des fragments observ\u00e9s \u00e0 faible grossissement, ainsi que la pr\u00e9sence g\u00e9n\u00e9rale d&#8217;un composant stromal, permettent d&#8217;\u00e9tablir un diagnostic. &#8211; 20x<\/div>\n<\/div>\n<div class=\"newRow\"><\/div>\n<p class=\"header3\">Atypies cellulaires endocervicales en faveur d&#8217;une n\u00e9oplasie ou d&#8217;un AIS :<\/p>\n<p><strong> Type de cellules <\/strong> Endocervicales<\/p>\n<p><strong> Pr\u00e9sentation tissulaire<br \/>\n<\/strong><\/p>\n<ul class=\"normal\">\n<li>Bandes de tissu avec encombrement nucl\u00e9aire<\/li>\n<li>Stratification<\/li>\n<li>Forme de plume<\/li>\n<\/ul>\n<p>&nbsp;<\/p>\n<div class=\"chartColumnCell\"><a class=\"highslide\" href=\"\/gallery\/images_large\/slide0089.jpg\"><br \/>\n<img decoding=\"async\" title=\"Click to enlarge\" src=\"\/gallery\/images\/slide0089.jpg\" alt=\"Image 2\" border=\"0\" \/><\/a><\/p>\n<div class=\"highslide-caption\"><strong>Entit\u00e9s semblables d&#8217;atypies cellulaires endocervicales (sans autre pr\u00e9cision)<\/strong><\/p>\n<p>Cellules endocervicales se pr\u00e9sentant dans une bande avec encombrement nucl\u00e9aire prononc\u00e9. &#8211; Biopsie &#8211; AIS &#8211; 60x<\/p><\/div>\n<\/div>\n<div class=\"newRow\"><\/div>\n<div class=\"chartColumnCell\"><a class=\"highslide\" href=\"\/gallery\/images_large\/slide0091.jpg\"><br \/>\n<img decoding=\"async\" title=\"Click to enlarge\" src=\"\/gallery\/images\/slide0091.jpg\" alt=\"Image 2\" border=\"0\" \/><\/a><\/p>\n<div class=\"highslide-caption\"><strong>Entit\u00e9s semblables d&#8217;atypies cellulaires endocervicales (sans autre pr\u00e9cision)<\/strong><\/p>\n<p>Bande de cellules endocervicales, pseudostratification et cytoplasme finement vacuolis\u00e9 avec bordures cytoplasmiques peu distinctes. Architecture rompue bien que les cellules tentent de conserver une configuration glandulaire. Noter l&#8217;augmentation du rapport N\/C et la pr\u00e9sence variable de nucl\u00e9oles. Biopsie &#8211; AIS &#8211; 60x<\/p><\/div>\n<\/div>\n<div class=\"newRow\"><\/div>\n<div class=\"chartColumnCell\"><a class=\"highslide\" href=\"\/gallery\/images_large\/slide0090.jpg\"><br \/>\n<img decoding=\"async\" title=\"Click to enlarge\" src=\"\/gallery\/images\/slide0090.jpg\" alt=\"Image 2\" border=\"0\" \/><\/a><\/p>\n<div class=\"highslide-caption\"><strong>Entit\u00e9s semblables d&#8217;atypies cellulaires endocervicales (sans autre pr\u00e9cision)<\/strong><\/p>\n<p>Cellules endocervicales se pr\u00e9sentant dans une pseudo-rosette avec forme de &#8220;plume&#8221; et \u00e9longation nucl\u00e9aire due \u00e0 l&#8217;encombrement. Biopsie &#8211; AIS &#8211; 60x<\/p><\/div>\n<\/div>\n<div class=\"newRow\"><\/div>\n<p><strong> Caract\u00e9ristiques uniques<br \/>\n<\/strong><\/p>\n<ul class=\"normal\">\n<li>Encombrement nucl\u00e9aire<\/li>\n<li>Stratification<\/li>\n<li>Absence de cil ou de bandelette obturante<\/li>\n<\/ul>\n<p>&nbsp;<\/p>\n<div class=\"chartColumnCell\"><a class=\"highslide\" href=\"\/gallery\/images_large\/slide0093.jpg\"><br \/>\n<img decoding=\"async\" title=\"Click to enlarge\" src=\"\/gallery\/images\/slide0093.jpg\" alt=\"Image 2\" border=\"0\" \/><\/a><\/p>\n<div class=\"highslide-caption\"><strong>Entit\u00e9s semblables d&#8217;atypies cellulaires endocervicales (sans autre pr\u00e9cision)<\/strong><\/p>\n<p>\u00c9longation nucl\u00e9aire \u00e9vidente dans ce groupe de cellules endocervicales atypiques. Perte de polarit\u00e9 nucl\u00e9aire, destruction de l&#8217;architecture normale, encombrement nucl\u00e9aire et &#8220;moulage&#8221; des noyaux. \u00c0 certains endroits, les membranes nucl\u00e9aires plates se poussent entre elles (signe de v\u00e9ritable encombrement). Biopsie &#8211; AIS 60x<\/p><\/div>\n<\/div>\n<div class=\"newRow\"><\/div>\n<div class=\"chartColumnCell\"><a class=\"highslide\" href=\"\/gallery\/images_large\/slide0100.jpg\"><br \/>\n<img decoding=\"async\" title=\"Click to enlarge\" src=\"\/gallery\/images\/slide0100.jpg\" alt=\"Image 2\" border=\"0\" \/><\/a><\/p>\n<div class=\"highslide-caption\"><strong>Entit\u00e9s semblables d&#8217;atypies cellulaires endocervicales (sans autre pr\u00e9cision)<\/strong><\/p>\n<p>AIS &#8211; Groupe stratifi\u00e9 et encombr\u00e9 de cellules glandulaires issu d&#8217;un cas d&#8217;AIS. \u00c0 noter, les noyaux basaux empil\u00e9s depuis la couche inf\u00e9rieur de l&#8217;\u00e9pith\u00e9lium. &#8211; 60x<\/p><\/div>\n<\/div>\n<\/div>\n<div class=\"newRow\"><\/div>\n<p><a class=\"back\" href=\"#\">Retour au d\u00e9but<\/a><\/p>\n<\/div>\n<p>[\/vc_column_text][vc_column_text el_class=&#8221;back-to-top&#8221;]<strong><a href=\"#main\">Back to Top<\/a><\/strong>[\/vc_column_text][\/vc_column][vc_column width=&#8221;1\/4&#8243;][vc_widget_sidebar sidebar_id=&#8221;consulting-right-sidebar2&#8243;][\/vc_column][\/vc_row]<\/p>\n","protected":false},"excerpt":{"rendered":"<p>[vc_row][vc_column][vc_custom_heading text=&#8221;L\u00e9sions glandulaires&#8221; font_container=&#8221;tag:h2|text_align:center&#8221; use_theme_fonts=&#8221;yes&#8221;][\/vc_column][\/vc_row][vc_row][vc_column width=&#8221;3\/4&#8243;][vc_column_text] Atypies cellulaires endocervicales Rappel : Vous pouvez cliquer sur une image de la section pour la voir dans un format plus grand. Crit\u00e8res Pr\u00e9sentation tissulaire Amas plats Bien organis\u00e9s Architecture en &#8220;banc de poissons&#8221; &nbsp; Atypies cellulaires endocervicales Amas plat bien organis\u00e9 de cellules glandulaires pr\u00e9sentant une architecture en<\/p>\n","protected":false},"author":7,"featured_media":0,"parent":0,"menu_order":0,"comment_status":"closed","ping_status":"closed","template":"","meta":{"ngg_post_thumbnail":0,"footnotes":""},"class_list":["post-11207","page","type-page","status-publish","hentry"],"_links":{"self":[{"href":"https:\/\/cytologystuff.com\/fr\/wp-json\/wp\/v2\/pages\/11207","targetHints":{"allow":["GET"]}}],"collection":[{"href":"https:\/\/cytologystuff.com\/fr\/wp-json\/wp\/v2\/pages"}],"about":[{"href":"https:\/\/cytologystuff.com\/fr\/wp-json\/wp\/v2\/types\/page"}],"author":[{"embeddable":true,"href":"https:\/\/cytologystuff.com\/fr\/wp-json\/wp\/v2\/users\/7"}],"replies":[{"embeddable":true,"href":"https:\/\/cytologystuff.com\/fr\/wp-json\/wp\/v2\/comments?post=11207"}],"version-history":[{"count":0,"href":"https:\/\/cytologystuff.com\/fr\/wp-json\/wp\/v2\/pages\/11207\/revisions"}],"wp:attachment":[{"href":"https:\/\/cytologystuff.com\/fr\/wp-json\/wp\/v2\/media?parent=11207"}],"curies":[{"name":"wp","href":"https:\/\/api.w.org\/{rel}","templated":true}]}}