{"id":2165,"date":"2017-08-01T13:07:26","date_gmt":"2017-08-01T13:07:26","guid":{"rendered":"http:\/\/cytologystuff1.wpengine.com\/non-gyn-atlas\/urinary-tract-cytology-low-grade-urothelial-carcinoma\/"},"modified":"2017-11-22T09:14:35","modified_gmt":"2017-11-22T09:14:35","slug":"urinary-tract-cytology-low-grade-urothelial-carcinoma","status":"publish","type":"page","link":"https:\/\/cytologystuff.com\/es\/non-gyn-atlas\/urinary-tract-cytology-low-grade-urothelial-carcinoma\/","title":{"rendered":"Citolog\u00eda del Tracto Urinario"},"content":{"rendered":"<p>[vc_row 0=&#8221;&#8221;][vc_column 0=&#8221;&#8221; offset=&#8221;vc_hidden-lg vc_hidden-md&#8221;][vc_raw_html 0=&#8221;&#8221;]PGNlbnRlcj48YSBjbGFzcz0ic2hpZnRuYXYtdG9nZ2xlIHNoaWZ0bmF2LXRvZ2dsZS1idXR0b24iIGRhdGEtc2hpZnRuYXYtdGFyZ2V0PSJzaGlmdG5hdi1tYWluIj48aSBjbGFzcz0iZmEgZmEtYmFycyI+PC9pPiBUYWJsZSBvZiBDb250ZW50cyA8L2E+PC9jZW50ZXI+[\/vc_raw_html][\/vc_column][\/vc_row][vc_row][vc_column][vc_custom_heading text=&#8221;Citolog\u00eda del Tracto Urinario&#8221; font_container=&#8221;tag:h1|text_align:center&#8221; use_theme_fonts=&#8221;yes&#8221;][\/vc_column][\/vc_row][vc_row][vc_column width=&#8221;2\/3&#8243;][vc_column_text]<\/p>\n<div id=>\n<p class=\"subhead\">CARCINOMA UROTELIAL DE BAJO GRADO Y CARCINOMA IN SITU <\/p>\n<p style=\"padding-left:7px\"><a href=\"javascript:void(0)\"  style=\"width:300px;display:block\"><img loading=\"lazy\" decoding=\"async\" src=\"\/images\/button27h.gif\" id=\"selfAssessImg\" width=\"400\" height=\"40\"><\/a><\/p>\n<div class=\"highslide-gallery\">\n<strong>Nota: Puede clicar en cualquier imagen del<br \/>\nAtlas para ver la imagen aumentada<\/strong><\/p>\n<div class=\"chartColumnCell\">\n<a href=\"\/gallery\/images_large\/slide0725.jpg\" class=\"highslide\" onclick=\"return hs.expand(this)\"><br \/>\n\t<img decoding=\"async\" src=\"\/gallery\/images\/slide0725.jpg\" alt=\"Image 2\" title=\"Click to enlarge\" border=\"0\"><\/a><\/p>\n<div class=\"highslide-caption\">\n<strong>Figura 43<\/strong><br \/>\n<br \/>\nOrina espont\u00e1nea<br \/>\nEl carcinoma urotelial de bajo grado se caracteriza por grupos aumentados de c\u00e9lulas 20x <\/div>\n<\/div>\n<div class=\"chartColumnLongCell\">\n        <strong>Figura 43<br \/>\n        <\/strong><br \/>\nOrina espont\u00e1nea<br \/>\nEl carcinoma urotelial de bajo grado se caracteriza por grupos aumentados de c\u00e9lulas<br \/>\n20x <\/div>\n<div class=\"newRow\"><\/div>\n<div class=\"chartColumnCell\">\n<a href=\"\/gallery\/images_large\/slide0726.jpg\" class=\"highslide\" onclick=\"return hs.expand(this)\"><br \/>\n\t<img decoding=\"async\" src=\"\/gallery\/images\/slide0726.jpg\" alt=\"Image 3\" title=\"Click to enlarge\" border=\"0\"><\/a><\/p>\n<div class=\"highslide-caption\">\n<strong>Figura 44<\/strong><br \/>\n<br \/>\nOrina espont\u00e1nea, carcinoma de bajo grado <br \/>\nLos grupos en un carcinoma urotelial de bajo grado puede o no ser papilar.  40x <\/div>\n<\/div>\n<div class=\"chartColumnLongCell\">\n<strong>Figura 44<br \/>\n<\/strong><br \/>\nOrina espont\u00e1nea, carcinoma de bajo grado <br \/>\nLos grupos en un carcinoma urotelial de bajo grado puede o no ser papilar.<br \/>\n40x<\/div>\n<div class=\"newRow\"><\/div>\n<div class=\"chartColumnCell\">\n<a href=\"\/gallery\/images_large\/slide0727.jpg\" class=\"highslide\" onclick=\"return hs.expand(this)\"><br \/>\n\t<img decoding=\"async\" src=\"\/gallery\/images\/slide0727.jpg\" alt=\"Image 3\" title=\"Click to enlarge\" border=\"0\"><\/a><\/p>\n<div class=\"highslide-caption\">\n<strong>Figura 45<br \/>\n<\/strong><br \/>\nOrina espont\u00e1nea, carcinoma de bajo grado <br \/>\nLas c\u00e9lulas en los grupos de un carcinoma urotelial de bajo grado tienen relaciones N\/C elevados. 60x <\/div>\n<\/div>\n<div class=\"chartColumnLongCell\">\n<strong>Figura 45<br \/>\n<\/strong><br \/>\nOrina espont\u00e1nea, carcinoma de bajo grado <br \/>\nLas c\u00e9lulas en los grupos de un carcinoma urotelial de bajo grado tienen relaciones N\/C elevados.<br \/>\n60x <\/div>\n<div class=\"newRow\"><\/div>\n<div class=\"chartColumnCell\">\n<a href=\"\/gallery\/images_large\/slide0728.jpg\" class=\"highslide\" onclick=\"return hs.expand(this)\" name=\"pap\"><br \/>\n\t<img decoding=\"async\" src=\"\/gallery\/images\/slide0728.jpg\" alt=\"Image 2\" title=\"Click to enlarge\" border=\"0\"><\/a><\/p>\n<div class=\"highslide-caption\">\n<strong>Figura 46<\/strong><br \/>\n<br \/>\nOrina espont\u00e1nea, carcinoma de bajo grado <br \/>\nLos n\u00facleos en un carcinoma urotelial de bajo grado sobresalen del citoplasma. 40x<\/div>\n<\/div>\n<div class=\"chartColumnLongCell\">\n        <strong>Figura 46<br \/>\n        <\/strong><br \/>\nOrina espont\u00e1nea, carcinoma de bajo grado <br \/>\nLos n\u00facleos en un carcinoma urotelial de bajo grado sobresalen del citoplasma.<br \/>\n40x <\/div>\n<div class=\"newRow\"><\/div>\n<div class=\"chartColumnCell\">\n<a href=\"\/gallery\/images_large\/slide0729.jpg\" class=\"highslide\" onclick=\"return hs.expand(this)\"><br \/>\n\t<img decoding=\"async\" src=\"\/gallery\/images\/slide0729.jpg\" alt=\"Image 3\" title=\"Click to enlarge\" border=\"0\"><\/a><\/p>\n<div class=\"highslide-caption\">\n<strong>Figura 47<\/strong><br \/>\n<br \/>\nOrina vesical, carcinoma de bajo grado<br \/>\nUn grupo suelto de c\u00e9lulas de carcinoma urotelial de bajo grado se puede comparar a las c\u00e9lulas uroteliales reactivas.  20x<\/div>\n<\/div>\n<div class=\"chartColumnLongCell\">\n<strong>Figura 47<br \/>\n<\/strong><br \/>\nOrina vesical, carcinoma de bajo grado<br \/>\nUn grupo suelto de c\u00e9lulas de carcinoma urotelial de bajo grado se puede comparar a las c\u00e9lulas uroteliales reactivas.  20x\n<\/div>\n<div class=\"newRow\"><\/div>\n<div class=\"chartColumnCell\">\n<a href=\"\/gallery\/images_large\/slide0730.jpg\" class=\"highslide\" onclick=\"return hs.expand(this)\" name=\"pap\"><br \/>\n\t<img decoding=\"async\" src=\"\/gallery\/images\/slide0730.jpg\" alt=\"Image 2\" title=\"Click to enlarge\" border=\"0\"><\/a><\/p>\n<div class=\"highslide-caption\">\n<strong>Figura 48<\/strong><br \/>\n<br \/>\nOrina vesical, carcinoma de bajo grado<br \/>\nLos n\u00facleos de un carcinoma urotelial de bajo grado son irregulares y pueden parecer tener hendiduras y surcos. 40x<\/div>\n<\/div>\n<div class=\"chartColumnLongCell\">\n        <strong>Figura 48<br \/>\n        <\/strong><br \/>\nOrina vesical, carcinoma de bajo grado<br \/>\nLos n\u00facleos de un carcinoma urotelial de bajo grado son irregulares y pueden parecer tener hendiduras y surcos.<br \/>\n40x <\/div>\n<div class=\"newRow\"><\/div>\n<div class=\"chartColumnCell\">\n<a href=\"\/gallery\/images_large\/slide0731.jpg\" class=\"highslide\" onclick=\"return hs.expand(this)\"><br \/>\n\t<img decoding=\"async\" src=\"\/gallery\/images\/slide0731.jpg\" alt=\"Image 3\" title=\"Click to enlarge\" border=\"0\"><\/a><\/p>\n<div class=\"highslide-caption\">\n<strong>Figura 49<\/strong><br \/>\n<br \/>\nOrina de cistoscopia, carcinoma urotelial de bajo grado<br \/>\nComparar el grupo urotelial normal de la derecha con el grupo apelotonado de la izquierda .  40x <\/div>\n<\/div>\n<div class=\"chartColumnLongCell\">\n<strong>Figura 49<br \/>\n<\/strong><br \/>\nOrina de cistoscopia, carcinoma urotelial de bajo grado<br \/>\nComparar el grupo urotelial normal de la derecha con el grupo apelotonado de la izquierda .<br \/>\n40x <\/div>\n<div class=\"newRow\"><\/div>\n<div class=\"chartColumnCell\">\n<a href=\"\/gallery\/images_large\/slide0732.jpg\" class=\"highslide\" onclick=\"return hs.expand(this)\"><br \/>\n\t<img decoding=\"async\" src=\"\/gallery\/images\/slide0732.jpg\" alt=\"Image 3\" title=\"Click to enlarge\" border=\"0\"><\/a><\/p>\n<div class=\"highslide-caption\">\n<strong>Figura 50<\/strong><br \/>\n<br \/>\nOrina, Carcinoma de bajo grado<br \/>\nLas c\u00e9lulas del carcinoma urotelial de bajo grado pueden estar en peque\u00f1os grupos con algunas c\u00e9lulas sueltas.  20x<\/div>\n<\/div>\n<div class=\"chartColumnLongCell\">\n<strong>Figura 50<br \/>\n<\/strong><br \/>\nOrina, Carcinoma de bajo grado<br \/>\nLas c\u00e9lulas del carcinoma urotelial de bajo grado pueden estar en peque\u00f1os grupos con algunas c\u00e9lulas sueltas.<br \/>\n20x<\/div>\n<div class=\"newRow\"><\/div>\n<div class=\"chartColumnCell\">\n<a href=\"\/gallery\/images_large\/slide0733.jpg\" class=\"highslide\" onclick=\"return hs.expand(this)\"><br \/>\n\t<img decoding=\"async\" src=\"\/gallery\/images\/slide0733.jpg\" alt=\"Image 3\" title=\"Click to enlarge\" border=\"0\"><\/a><\/p>\n<div class=\"highslide-caption\">\n<strong>Figura 51<\/strong><br \/>\n<br \/>\nOrina, carcinoma de bajo grado<br \/>\nLos nucleolos son normalmente confusos o ausentes en un carcinoma urotelial de bajo grado. 40x <\/div>\n<\/div>\n<div class=\"chartColumnLongCell\">\n<strong>Figura 51<br \/>\n<\/strong><br \/>\nOrina, carcinoma de bajo grado<br \/>\nLos nucleolos son normalmente confusos o ausentes en un carcinoma urotelial de bajo grado.<br \/>\n40x <\/div>\n<div class=\"newRow\"><\/div>\n<div class=\"chartColumnCell\">\n<a href=\"\/gallery\/images_large\/slide0734.jpg\" class=\"highslide\" onclick=\"return hs.expand(this)\" name=\"pap\"><br \/>\n\t<img decoding=\"async\" src=\"\/gallery\/images\/slide0734.jpg\" alt=\"Image 2\" title=\"Click to enlarge\" border=\"0\"><\/a><\/p>\n<div class=\"highslide-caption\">\n<strong>Figura 52<\/strong><br \/>\n<br \/>\nOrina espont\u00e1nea. Carcinoma de bajo grado <br \/>\nLa cromatina en un carcinoma urotelial de bajo grado es normalmente granular y homog\u00e9neamente distribuida.  60x  <\/div>\n<\/div>\n<div class=\"chartColumnLongCell\">\n        <strong>Figura 52<br \/>\n        <\/strong><br \/>\nOrina espont\u00e1nea. Carcinoma de bajo grado<br \/>\n<br \/>\nLa cromatina en un carcinoma urotelial de bajo grado es normalmente granular y homog\u00e9neamente distribuida.<br \/>\n60x <\/div>\n<div class=\"newRow\"><\/div>\n<div class=\"chartColumnCell\">\n<a href=\"\/gallery\/images_large\/slide0735.jpg\" class=\"highslide\" onclick=\"return hs.expand(this)\"><br \/>\n\t<img decoding=\"async\" src=\"\/gallery\/images\/slide0735.jpg\" alt=\"Image 3\" title=\"Click to enlarge\" border=\"0\"><\/a><\/p>\n<div class=\"highslide-caption\">\n<strong>Figura 53<\/strong><br \/>\n<br \/>\nOrina, carcinoma urotelial in situ <br \/>\nLas caracter\u00edsticas citol\u00f3gicas del carcinoma in situ son similares a las de un carcinoma urotelial de alto grado .  60x<\/div>\n<\/div>\n<div class=\"chartColumnLongCell\">\n<strong>Figura 53<br \/>\n<\/strong><br \/>\nOrina, carcinoma urotelial in situ <br \/>\nLas caracter\u00edsticas citol\u00f3gicas del carcinoma in situ son similares a las de un carcinoma urotelial de alto grado .<br \/>\n60x<\/div>\n<div class=\"newRow\"><\/div>\n<div class=\"chartColumnCell\">\n<a href=\"\/gallery\/images_large\/slide0736.jpg\" class=\"highslide\" onclick=\"return hs.expand(this)\"><br \/>\n\t<img decoding=\"async\" src=\"\/gallery\/images\/slide0736.jpg\" alt=\"Image 3\" title=\"Click to enlarge\" border=\"0\"><\/a><\/p>\n<div class=\"highslide-caption\">\n<strong>Figura 54<\/strong><br \/>\n<br \/>\nOrina, carcinoma urotelial in situ<br \/>\nSe puede sospechar invasi\u00f3n cuando las c\u00e9lulas tumorales est\u00e1n asociados a di\u00e1tesis, pero un diagn\u00f3stico inequ\u00edvoco de CIS frente a invasor no se puede dar s\u00f3lo por citolog\u00eda.<br \/>\n40x <\/div>\n<\/div>\n<div class=\"chartColumnLongCell\">\n<strong>Figura 54<br \/>\n<\/strong><br \/>\nOrina, carcinoma urotelial in situ<br \/>\nSe puede sospechar invasi\u00f3n cuando las c\u00e9lulas tumorales est\u00e1n asociados a di\u00e1tesis, pero un diagn\u00f3stico inequ\u00edvoco de CIS frente a invasor no se puede dar s\u00f3lo por citolog\u00eda.<br \/>\n40x<\/div><\/div>\n<div class=\"newRow\"><\/div>\n<p><a class=\"back\" href=\"#\">Volver arriba<\/a><\/p>\n<p><a href=\"nongyn_atlas.htm\">Volver a la Tabla de Contenidos<\/a><\/p>\n<\/div>\n<p>[\/vc_column_text][\/vc_column][vc_column width=&#8221;1\/3&#8243; offset=&#8221;vc_hidden-sm vc_hidden-xs&#8221;][vc_widget_sidebar sidebar_id=&#8221;consulting-right-sidebar&#8221;][\/vc_column][\/vc_row]<\/p>\n","protected":false},"excerpt":{"rendered":"<p>[vc_row 0=&#8221;&#8221;][vc_column 0=&#8221;&#8221; offset=&#8221;vc_hidden-lg vc_hidden-md&#8221;][vc_raw_html 0=&#8221;&#8221;]PGNlbnRlcj48YSBjbGFzcz0ic2hpZnRuYXYtdG9nZ2xlIHNoaWZ0bmF2LXRvZ2dsZS1idXR0b24iIGRhdGEtc2hpZnRuYXYtdGFyZ2V0PSJzaGlmdG5hdi1tYWluIj48aSBjbGFzcz0iZmEgZmEtYmFycyI+PC9pPiBUYWJsZSBvZiBDb250ZW50cyA8L2E+PC9jZW50ZXI+[\/vc_raw_html][\/vc_column][\/vc_row][vc_row][vc_column][vc_custom_heading text=&#8221;Citolog\u00eda del Tracto Urinario&#8221; font_container=&#8221;tag:h1|text_align:center&#8221; use_theme_fonts=&#8221;yes&#8221;][\/vc_column][\/vc_row][vc_row][vc_column width=&#8221;2\/3&#8243;][vc_column_text] CARCINOMA UROTELIAL DE BAJO GRADO Y CARCINOMA IN SITU Nota: Puede clicar en cualquier imagen del Atlas para ver la imagen aumentada Figura 43 Orina espont\u00e1nea El carcinoma urotelial de bajo grado se caracteriza por grupos aumentados de c\u00e9lulas 20x Figura 43<\/p>\n","protected":false},"author":7,"featured_media":0,"parent":1953,"menu_order":0,"comment_status":"closed","ping_status":"closed","template":"","meta":{"ngg_post_thumbnail":0,"footnotes":""},"class_list":["post-2165","page","type-page","status-publish","hentry"],"_links":{"self":[{"href":"https:\/\/cytologystuff.com\/es\/wp-json\/wp\/v2\/pages\/2165","targetHints":{"allow":["GET"]}}],"collection":[{"href":"https:\/\/cytologystuff.com\/es\/wp-json\/wp\/v2\/pages"}],"about":[{"href":"https:\/\/cytologystuff.com\/es\/wp-json\/wp\/v2\/types\/page"}],"author":[{"embeddable":true,"href":"https:\/\/cytologystuff.com\/es\/wp-json\/wp\/v2\/users\/7"}],"replies":[{"embeddable":true,"href":"https:\/\/cytologystuff.com\/es\/wp-json\/wp\/v2\/comments?post=2165"}],"version-history":[{"count":0,"href":"https:\/\/cytologystuff.com\/es\/wp-json\/wp\/v2\/pages\/2165\/revisions"}],"up":[{"embeddable":true,"href":"https:\/\/cytologystuff.com\/es\/wp-json\/wp\/v2\/pages\/1953"}],"wp:attachment":[{"href":"https:\/\/cytologystuff.com\/es\/wp-json\/wp\/v2\/media?parent=2165"}],"curies":[{"name":"wp","href":"https:\/\/api.w.org\/{rel}","templated":true}]}}