{"id":2116,"date":"2017-08-01T12:47:57","date_gmt":"2017-08-01T12:47:57","guid":{"rendered":"http:\/\/cytologystuff1.wpengine.com\/non-gyn-atlas\/respiratory-cytology-large-cell-undifferentiated-carcinoma\/"},"modified":"2017-11-21T07:46:36","modified_gmt":"2017-11-21T07:46:36","slug":"respiratory-cytology-large-cell-undifferentiated-carcinoma","status":"publish","type":"page","link":"https:\/\/cytologystuff.com\/es\/non-gyn-atlas\/respiratory-cytology-large-cell-undifferentiated-carcinoma\/","title":{"rendered":"Citolog\u00eda Respiratoria"},"content":{"rendered":"<p>[vc_row 0=&#8221;&#8221;][vc_column 0=&#8221;&#8221; offset=&#8221;vc_hidden-lg vc_hidden-md&#8221;][vc_raw_html 0=&#8221;&#8221;]PGNlbnRlcj48YSBjbGFzcz0ic2hpZnRuYXYtdG9nZ2xlIHNoaWZ0bmF2LXRvZ2dsZS1idXR0b24iIGRhdGEtc2hpZnRuYXYtdGFyZ2V0PSJzaGlmdG5hdi1tYWluIj48aSBjbGFzcz0iZmEgZmEtYmFycyI+PC9pPiBUYWJsZSBvZiBDb250ZW50cyA8L2E+PC9jZW50ZXI+[\/vc_raw_html][\/vc_column][\/vc_row][vc_row][vc_column][vc_custom_heading text=&#8221;Citolog\u00eda Respiratoria&#8221; font_container=&#8221;tag:h1|text_align:center&#8221; use_theme_fonts=&#8221;yes&#8221;][\/vc_column][\/vc_row][vc_row][vc_column width=&#8221;2\/3&#8243;][vc_column_text]<\/p>\n<div id=>\n<p class=\"subhead\" id=\"acknowledgements\">CARCINOMA INDIFERENCIADO DE C\u00c9LULA GRANDE\n <\/p>\n<p style=\"padding-left:7px\"><a href=\"javascript:void(0)\"  style=\"width:300px;display:block\"><img loading=\"lazy\" decoding=\"async\" src=\"\/images\/button27h.gif\" id=\"selfAssessImg\" width=\"400\" height=\"40\"><\/a><\/p>\n<div class=\"highslide-gallery\">\n<strong>Nota: Puede clicar en cualquier imagen del<br \/>\nAtlas para ver la imagen aumentada<\/strong><\/p>\n<div class=\"chartColumnCell\">\n<a href=\"\/gallery\/images_large\/slide0644.jpg\" class=\"highslide\" onclick=\"return hs.expand(this)\" name=\"pap\"><br \/>\n\t<img decoding=\"async\" src=\"\/gallery\/images\/slide0644.jpg\" alt=\"Image 2\" border=\"0\" title=\"Click to enlarge\"><\/a><\/p>\n<div class=\"highslide-caption\">\n<strong>Figura 131<\/strong><br \/>\n<br \/>\nCepillado bronquial <br \/>\nA bajo aumento se muestra un gran grupo de carcinoma indiferenciado de c\u00e9lula grande. 20x <\/div>\n<\/div>\n<div class=\"chartColumnLongCell\">\n<strong>Figura 131<br \/>\n<\/strong><br \/>\nCepillado bronquial <br \/>\nA bajo aumento se muestra un gran grupo de carcinoma indiferenciado de c\u00e9lula grande.<br \/>\n20x<\/div>\n<div class=\"newRow\"><\/div>\n<div class=\"chartColumnCell\">\n<a href=\"\/gallery\/images_large\/slide0645.jpg\" class=\"highslide\" onclick=\"return hs.expand(this)\"><br \/>\n\t<img decoding=\"async\" src=\"\/gallery\/images\/slide0645.jpg\" alt=\"Image 3\" border=\"0\" title=\"Click to enlarge\"><\/a><\/p>\n<div class=\"highslide-caption\">\n<strong>Figura 132<\/strong><br \/>\n<br \/>\nCepillado bronquial <br \/>\nLas c\u00e9lulas de un carcinoma indiferenciado de c\u00e9lula grande son poco cohesivas. Comparar el tama\u00f1o de las c\u00e9lulas malignas con el epitelio bronquial normal adyacente. 40x<\/div>\n<\/div>\n<div class=\"chartColumnLongCell\">\n \t<strong>Figura 132<br \/>\n \t<\/strong><br \/>\n Cepillado bronquial <br \/>\nLas c\u00e9lulas de un carcinoma indiferenciado de c\u00e9lula grande son poco cohesivas. Comparar el tama\u00f1o de las c\u00e9lulas malignas con el epitelio bronquial normal adyacente.<br \/>\n40x<\/div>\n<div class=\"newRow\"><\/div>\n<div class=\"chartColumnCell\">\n<a href=\"\/gallery\/images_large\/slide0646.jpg\" class=\"highslide\" onclick=\"return hs.expand(this)\"><br \/>\n\t<img decoding=\"async\" src=\"\/gallery\/images\/slide0646.jpg\" alt=\"Image 3\" border=\"0\" title=\"Click to enlarge\"><\/a><\/p>\n<div class=\"highslide-caption\">\n<strong>Figura 133<br \/>\n<\/strong><br \/>\nCepillado bronquial <br \/>\nPor definici\u00f3n el carcinoma de c\u00e9lula grande carece tanto de diferenciaci\u00f3n escamosa como glandular. La mayor\u00eda, sin embargo, son adenocarcinomas pobremente diferenciados en un nivel ultraestructural.  60x <\/div>\n<\/div>\n<div class=\"chartColumnLongCell\">\n<strong>Figura 133<br \/>\n<\/strong><br \/>\nCepillado bronquial <br \/>\nPor definici\u00f3n el carcinoma de c\u00e9lula grande carece tanto de diferenciaci\u00f3n escamosa como glandular. La mayor\u00eda, sin embargo, son adenocarcinomas pobremente diferenciados en un nivel ultraestructural.<br \/>\n60x <\/div>\n<div class=\"newRow\"><\/div>\n<div class=\"chartColumnCell\">\n<a href=\"\/gallery\/images_large\/slide0647.jpg\" class=\"highslide\" onclick=\"return hs.expand(this)\" name=\"pap\"><br \/>\n\t<img decoding=\"async\" src=\"\/gallery\/images\/slide0647.jpg\" alt=\"Image 2\" border=\"0\" title=\"Click to enlarge\"><\/a><\/p>\n<div class=\"highslide-caption\">\n<strong>Figura 134<\/strong><br \/>\n<br \/>\nCepillado bronquial <br \/>\nUn carcinoma indiferenciado de c\u00e9lula peque\u00f1a recogido por cepillado bronquial.  40x<\/div>\n<\/div>\n<div class=\"chartColumnLongCell\">\n<strong>Figura 134<br \/>\n<\/strong><br \/>\nCepillado bronquial <br \/>\nUn carcinoma indiferenciado de c\u00e9lula peque\u00f1a recogido por cepillado bronquial.<br \/>\n40x<\/div>\n<div class=\"newRow\"><\/div>\n<div class=\"chartColumnCell\">\n<a href=\"\/gallery\/images_large\/slide0648.jpg\" class=\"highslide\" onclick=\"return hs.expand(this)\"><br \/>\n\t<img decoding=\"async\" src=\"\/gallery\/images\/slide0648.jpg\" alt=\"Image 3\" border=\"0\" title=\"Click to enlarge\"><\/a><\/p>\n<div class=\"highslide-caption\">\n<strong>Figura 135<\/strong><br \/>\n<br \/>\nCepillado bronquial <br \/>\nA mayor aumento un carcinoma indiferenciado de c\u00e9lula grande.  60x <\/div>\n<\/div>\n<div class=\"chartColumnShortCell\">\n \t<strong>Figura 135<br \/>\n \t<\/strong>        \t\tCepillado bronquial <br \/>\nA mayor aumento un carcinoma indiferenciado de c\u00e9lula grande.<br \/>\n60x\n<\/div>\n<div class=\"newRow\"><\/div>\n<div class=\"chartColumnCell\">\n<a href=\"\/gallery\/images_large\/slide0649.jpg\" class=\"highslide\" onclick=\"return hs.expand(this)\" name=\"pap\"><br \/>\n\t<img decoding=\"async\" src=\"\/gallery\/images\/slide0649.jpg\" alt=\"Image 2\" border=\"0\" title=\"Click to enlarge\"><\/a><\/p>\n<div class=\"highslide-caption\">\n<strong>Figura 136<\/strong><br \/>\n<br \/>\nLavado bronquial<br \/>\nUn lavado bronquial que contiene un carcinoma indiferenciado de c\u00e9lula grande . 20x<\/div>\n<\/div>\n<div class=\"chartColumnLongCell\">\n<strong>Figura 136<br \/>\n<\/strong><br \/>\nLavado bronquial<br \/>\nUn lavado bronquial que contiene un carcinoma indiferenciado de c\u00e9lula grande .<br \/>\n20x<\/div>\n<div class=\"newRow\"><\/div>\n<div class=\"chartColumnCell\">\n<a href=\"\/gallery\/images_large\/slide0650.jpg\" class=\"highslide\" onclick=\"return hs.expand(this)\"><br \/>\n\t<img decoding=\"async\" src=\"\/gallery\/images\/slide0650.jpg\" alt=\"Image 3\" border=\"0\" title=\"Click to enlarge\"><\/a><\/p>\n<div class=\"highslide-caption\">\n<strong>Figura 137<\/strong><br \/>\n<br \/>\nLavado bronquial<br \/>\nGrupo de c\u00e9lulas tumorales junto a epitelio bronquial normal. Comparar los tama\u00f1os nucleares. 40x <\/div>\n<\/div>\n<div class=\"chartColumnLongCell\">\n \t<strong>Figura 137<br \/>\n \t<\/strong>        \t\tLavado bronquial<br \/>\nGrupo de c\u00e9lulas tumorales junto a epitelio bronquial normal. Comparar los tama\u00f1os nucleares.<br \/>\n40x <\/div>\n<div class=\"newRow\"><\/div>\n<div class=\"chartColumnCell\">\n<a href=\"\/gallery\/images_large\/slide0651.jpg\" class=\"highslide\" onclick=\"return hs.expand(this)\"><br \/>\n\t<img decoding=\"async\" src=\"\/gallery\/images\/slide0651.jpg\" alt=\"Image 3\" border=\"0\" title=\"Click to enlarge\"><\/a><\/p>\n<div class=\"highslide-caption\">\n<strong>Figura 138<\/strong><br \/>\n<br \/>\nLavado bronquial<br \/>\nEn un carcinoma indiferenciado de c\u00e9lula grande aparecen numerosos nucleolos.  60x <\/div>\n<\/div>\n<div class=\"chartColumnLongCell\">\n \t<strong>Figura 138<br \/>\n \t<\/strong>        \t\tLavado bronquial<br \/>\nEn un carcinoma indiferenciado de c\u00e9lula grande aparecen numerosos nucleolos.<br \/>\n60x <\/div>\n<div class=\"newRow\"><\/div>\n<div class=\"chartColumnCell\">\n<a href=\"\/gallery\/images_large\/slide0652.jpg\" class=\"highslide\" onclick=\"return hs.expand(this)\"><br \/>\n\t<img decoding=\"async\" src=\"\/gallery\/images\/slide0652.jpg\" alt=\"Image 3\" border=\"0\" title=\"Click to enlarge\"><\/a><\/p>\n<div class=\"highslide-caption\">\n<strong>Figura 139<\/strong><br \/>\n<br \/>\nLavado bronquial<br \/>\nCarcinoma indiferenciado de c\u00e9lula grande a poco aumento.<br \/>\n\t20x <\/div>\n<\/div>\n<div class=\"chartColumnLongCell\">\n \t<strong>Figura 139<br \/>\n \t<\/strong>        \t\tLavado bronquial<br \/>\nCarcinoma indiferenciado de c\u00e9lula grande a poco aumento.<\/p>\n<p>20x  <\/p><\/div>\n<div class=\"newRow\"><\/div>\n<div class=\"chartColumnCell\">\n<a href=\"\/gallery\/images_large\/slide0653.jpg\" class=\"highslide\" onclick=\"return hs.expand(this)\" name=\"pap\"><br \/>\n\t<img decoding=\"async\" src=\"\/gallery\/images\/slide0653.jpg\" alt=\"Image 2\" border=\"0\" title=\"Click to enlarge\"><\/a><\/p>\n<div class=\"highslide-caption\">\n<strong>Figura 140<\/strong><br \/>\n<br \/>\nLavado bronquial<br \/>\nA gran aumento se observa que no hay diferenciaci\u00f3n escamosa o glandular significativa 40x  <\/div>\n<\/div>\n<div class=\"chartColumnLongCell\">\n<strong>Figura 140<br \/>\n<\/strong><br \/>\nLavado bronquial<br \/>\nA gran aumento se observa que no hay diferenciaci\u00f3n escamosa o glandular significativa  40x <\/div>\n<div class=\"newRow\"><\/div>\n<div class=\"chartColumnCell\">\n<a href=\"\/gallery\/images_large\/slide0654.jpg\" class=\"highslide\" onclick=\"return hs.expand(this)\"><br \/>\n\t<img decoding=\"async\" src=\"\/gallery\/images\/slide0654.jpg\" alt=\"Image 3\" border=\"0\" title=\"Click to enlarge\"><\/a><\/p>\n<div class=\"highslide-caption\">\n<strong>Figura 141<\/strong><br \/>\n<br \/>\nLavado bronquial<br \/>\nAdenocarcinoma indiferenciado de c\u00e9lula grande.  60x   <\/div>\n<\/div>\n<div class=\"chartColumnShortCell\">\n \t<strong>Figura 141<br \/>\n \t<\/strong><br \/>\nLavado bronquial<br \/>\nAdenocarcinoma indiferenciado de c\u00e9lula grande.<br \/>\n60x  <\/div>\n<\/div>\n<div class=\"newRow\"><\/div>\n<p><a class=\"back\" href=\"#\">Volver arriba<\/a><\/p>\n<p><a href=\"nongyn_atlas.htm\">Volver a la Tabla de Contenidos<\/a><\/p>\n<\/div>\n<p>[\/vc_column_text][\/vc_column][vc_column width=&#8221;1\/3&#8243; offset=&#8221;vc_hidden-sm vc_hidden-xs&#8221;][vc_widget_sidebar sidebar_id=&#8221;consulting-right-sidebar&#8221;][\/vc_column][\/vc_row]<\/p>\n","protected":false},"excerpt":{"rendered":"<p>[vc_row 0=&#8221;&#8221;][vc_column 0=&#8221;&#8221; offset=&#8221;vc_hidden-lg vc_hidden-md&#8221;][vc_raw_html 0=&#8221;&#8221;]PGNlbnRlcj48YSBjbGFzcz0ic2hpZnRuYXYtdG9nZ2xlIHNoaWZ0bmF2LXRvZ2dsZS1idXR0b24iIGRhdGEtc2hpZnRuYXYtdGFyZ2V0PSJzaGlmdG5hdi1tYWluIj48aSBjbGFzcz0iZmEgZmEtYmFycyI+PC9pPiBUYWJsZSBvZiBDb250ZW50cyA8L2E+PC9jZW50ZXI+[\/vc_raw_html][\/vc_column][\/vc_row][vc_row][vc_column][vc_custom_heading text=&#8221;Citolog\u00eda Respiratoria&#8221; font_container=&#8221;tag:h1|text_align:center&#8221; use_theme_fonts=&#8221;yes&#8221;][\/vc_column][\/vc_row][vc_row][vc_column width=&#8221;2\/3&#8243;][vc_column_text] CARCINOMA INDIFERENCIADO DE C\u00c9LULA GRANDE Nota: Puede clicar en cualquier imagen del Atlas para ver la imagen aumentada Figura 131 Cepillado bronquial A bajo aumento se muestra un gran grupo de carcinoma indiferenciado de c\u00e9lula grande. 20x Figura 131 Cepillado bronquial A bajo aumento<\/p>\n","protected":false},"author":7,"featured_media":0,"parent":1953,"menu_order":0,"comment_status":"closed","ping_status":"closed","template":"","meta":{"ngg_post_thumbnail":0,"footnotes":""},"class_list":["post-2116","page","type-page","status-publish","hentry"],"_links":{"self":[{"href":"https:\/\/cytologystuff.com\/es\/wp-json\/wp\/v2\/pages\/2116","targetHints":{"allow":["GET"]}}],"collection":[{"href":"https:\/\/cytologystuff.com\/es\/wp-json\/wp\/v2\/pages"}],"about":[{"href":"https:\/\/cytologystuff.com\/es\/wp-json\/wp\/v2\/types\/page"}],"author":[{"embeddable":true,"href":"https:\/\/cytologystuff.com\/es\/wp-json\/wp\/v2\/users\/7"}],"replies":[{"embeddable":true,"href":"https:\/\/cytologystuff.com\/es\/wp-json\/wp\/v2\/comments?post=2116"}],"version-history":[{"count":0,"href":"https:\/\/cytologystuff.com\/es\/wp-json\/wp\/v2\/pages\/2116\/revisions"}],"up":[{"embeddable":true,"href":"https:\/\/cytologystuff.com\/es\/wp-json\/wp\/v2\/pages\/1953"}],"wp:attachment":[{"href":"https:\/\/cytologystuff.com\/es\/wp-json\/wp\/v2\/media?parent=2116"}],"curies":[{"name":"wp","href":"https:\/\/api.w.org\/{rel}","templated":true}]}}