{"id":2088,"date":"2017-08-01T13:34:33","date_gmt":"2017-08-01T13:34:33","guid":{"rendered":"http:\/\/cytologystuff1.wpengine.com\/non-gyn-atlas\/non-gyn-atlas-acknowledgements\/"},"modified":"2017-11-22T10:15:21","modified_gmt":"2017-11-22T10:15:21","slug":"non-gyn-atlas-acknowledgements","status":"publish","type":"page","link":"https:\/\/cytologystuff.com\/es\/non-gyn-atlas\/non-gyn-atlas-acknowledgements\/","title":{"rendered":"Reconocimientos"},"content":{"rendered":"<p>[vc_row 0=&#8221;&#8221;][vc_column 0=&#8221;&#8221; offset=&#8221;vc_hidden-lg vc_hidden-md&#8221;][vc_raw_html 0=&#8221;&#8221;]PGNlbnRlcj48YSBjbGFzcz0ic2hpZnRuYXYtdG9nZ2xlIHNoaWZ0bmF2LXRvZ2dsZS1idXR0b24iIGRhdGEtc2hpZnRuYXYtdGFyZ2V0PSJzaGlmdG5hdi1tYWluIj48aSBjbGFzcz0iZmEgZmEtYmFycyI+PC9pPiBUYWJsZSBvZiBDb250ZW50cyA8L2E+PC9jZW50ZXI+[\/vc_raw_html][\/vc_column][\/vc_row][vc_row][vc_column][vc_custom_heading text=&#8221;Reconocimientos&#8221; font_container=&#8221;tag:h1|text_align:center&#8221; use_theme_fonts=&#8221;yes&#8221;][\/vc_column][\/vc_row][vc_row][vc_column width=&#8221;2\/3&#8243;][vc_column_text]<\/p>\n<div id=>\n<p class=\"subhead\" id=\"acknowledgements\">Reconocimientos<\/p>\n<p>         <em>Eileen B. Ludlow, BS, SCT(ASCP)<br \/>\n<\/em><\/p>\n<div id=\"contentImg\">\n  <img loading=\"lazy\" decoding=\"async\" src=\"\/images\/stripe.jpg\" width=\"150\" height=\"1120\">\n  <\/div>\n<p>  Este atlas es la culminaci\u00f3n de muchos esfuerzos. El proyecto comenz\u00f3 con nuestro deseo de poner de relieve la citolog\u00eda no ginecol\u00f3gica ThinPrep<sup>\u00ae<\/sup> y la extensa colecci\u00f3n de muestras que hemos ido adquiriendo con los a\u00f1os procedentes de numerosas fuentes generosas.<\/p>\n<p>La mayor parte de las fotograf\u00edas inclu\u00eddas en este atlas han sido tomadas por <strong>Charlotte L. Brahm, CT(ASCP)<\/strong>, que ha trabajado sin descanso con todos los autores para asegurarse de que dispon\u00edan de los materiales adecuados y para gestionar este proyecto con \u00e9xito.<\/p>\n<p>Estamos muy agradecidos a todos los autores especializados y expertos invitados que han puesto sus conocimientos a nuestro servicio por sus contribuciones. Sin sus conocimientos y su tiempo, este proyecto no habr\u00eda sido posible. <\/p>\n<p><em><strong>Colaboradores:<\/strong><\/em><\/p>\n<p><strong>Dr. Raheela Ashfaq  <\/strong><br \/>\nProfesor del Departamento de Patolog\u00eda, University of Texas, Southwestern Medical Center y Director del Laboratorio de Citopatolog\u00eda y Oncodiagn\u00f3stico, Parkland Health and Hospital, Dallas, TX <\/p>\n<p><strong>Dr. Rana S. Hoda, FIAC<\/strong><br \/>\nProfesor Asociado de Patolog\u00eda y Director de Citopatolog\u00eda, Medical University of South Carolina, Charleston, SC <\/p>\n<p><strong>Dr. David B. Kaminsky, FIAC<\/strong><br \/>\nDirector de Citopatolog\u00eda, Pathology Inc., Palm Springs, CA <\/p>\n<p><strong>Dr. Stan A. Lightfoot <\/strong><br \/>\nProfesor Asociado de Patolog\u00eda, Oklahoma University Health Science Center, Oklahoma City, OK <\/p>\n<p><strong>Dr. James Linder<\/strong><br \/>\nM\u00e9dico Jefe y Vicepresidente Senior, Hologic, Inc., Marlborough, MA, Profesor de Patolog\u00eda y Microbiolog\u00eda, University of Nebraska Medical Center, Omaha, NE <\/p>\n<p><strong>Dra. Grace T. McKee  <\/strong><br \/>\nAntiguo Pat\u00f3logo Asociado del Massachusetts General Hospital y Profesor Asociado de la Harvard Medical School, Boston, MA <\/p>\n<p><strong>Dra. Telma C. Pereira <\/strong><br \/>\nBecaria de Citopatolog\u00eda del Departamento de Patolog\u00eda y Medicina de Laboratorio, Allegheny General Hospital, Pittsburgh, PA <\/p>\n<p><strong><\/p>\n<p>Dr. Latha Pisharodi<\/strong><br \/>\nDirector de Citopatolog\u00eda, Women &amp; Infant&#8217;s Hospital y Rhode Island Hospital, Profesor Asociado de Patolog\u00eda, Brown University, Providence, RI <\/p>\n<p><strong>Dr. Jan F. Silverman <\/strong><br \/>\nChairman y Director de Patolog\u00eda Anat\u00f3mica, Departamento de Patolog\u00eda y Medicina de Laboratorio, Allegheny General Hospital, Profesor de Patolog\u00eda y Medicina de Laboratorio, Drexel University College of Medicine, Pittsburgh, PA <\/p>\n<p><strong>Dr. Richard A. Smith, PhD, MBA<\/strong><br \/>\nJefe de Patolog\u00eda, Sturdy Memorial Hospital, Attleboro, MA<\/p>\n<p><strong>Dra. Helen H. Wang, DrPH<\/strong><br \/>\nDirector de Citopatolog\u00eda, Beth Israel Deaconess Medical Center, Profesor Asociado de Patolog\u00eda, Harvard Medical School, Boston, MA <\/p>\n<p><strong>Dra. Michele M. Weir, FRCP<\/strong><br \/>\nPat\u00f3logo, London Health Sciences Centre y Profesor Ayudante, University of Western Ontario, London, Ontario, Canad\u00e1 <\/p>\n<p><a class=\"back\" href=\"#\">Volver arriba<\/a><\/p>\n<p><a href=\"nongyn_atlas.htm\">Volver a la Tabla de Contenidos<\/a><\/p>\n<\/div>\n<p>[\/vc_column_text][\/vc_column][vc_column width=&#8221;1\/3&#8243; offset=&#8221;vc_hidden-sm vc_hidden-xs&#8221;][vc_widget_sidebar sidebar_id=&#8221;consulting-right-sidebar&#8221;][\/vc_column][\/vc_row]<\/p>\n","protected":false},"excerpt":{"rendered":"<p>[vc_row 0=&#8221;&#8221;][vc_column 0=&#8221;&#8221; offset=&#8221;vc_hidden-lg vc_hidden-md&#8221;][vc_raw_html 0=&#8221;&#8221;]PGNlbnRlcj48YSBjbGFzcz0ic2hpZnRuYXYtdG9nZ2xlIHNoaWZ0bmF2LXRvZ2dsZS1idXR0b24iIGRhdGEtc2hpZnRuYXYtdGFyZ2V0PSJzaGlmdG5hdi1tYWluIj48aSBjbGFzcz0iZmEgZmEtYmFycyI+PC9pPiBUYWJsZSBvZiBDb250ZW50cyA8L2E+PC9jZW50ZXI+[\/vc_raw_html][\/vc_column][\/vc_row][vc_row][vc_column][vc_custom_heading text=&#8221;Reconocimientos&#8221; font_container=&#8221;tag:h1|text_align:center&#8221; use_theme_fonts=&#8221;yes&#8221;][\/vc_column][\/vc_row][vc_row][vc_column width=&#8221;2\/3&#8243;][vc_column_text] Reconocimientos Eileen B. Ludlow, BS, SCT(ASCP) Este atlas es la culminaci\u00f3n de muchos esfuerzos. El proyecto comenz\u00f3 con nuestro deseo de poner de relieve la citolog\u00eda no ginecol\u00f3gica ThinPrep\u00ae y la extensa colecci\u00f3n de muestras que hemos ido adquiriendo con los a\u00f1os procedentes de numerosas<\/p>\n","protected":false},"author":7,"featured_media":0,"parent":1953,"menu_order":0,"comment_status":"closed","ping_status":"closed","template":"","meta":{"ngg_post_thumbnail":0,"footnotes":""},"class_list":["post-2088","page","type-page","status-publish","hentry"],"_links":{"self":[{"href":"https:\/\/cytologystuff.com\/es\/wp-json\/wp\/v2\/pages\/2088","targetHints":{"allow":["GET"]}}],"collection":[{"href":"https:\/\/cytologystuff.com\/es\/wp-json\/wp\/v2\/pages"}],"about":[{"href":"https:\/\/cytologystuff.com\/es\/wp-json\/wp\/v2\/types\/page"}],"author":[{"embeddable":true,"href":"https:\/\/cytologystuff.com\/es\/wp-json\/wp\/v2\/users\/7"}],"replies":[{"embeddable":true,"href":"https:\/\/cytologystuff.com\/es\/wp-json\/wp\/v2\/comments?post=2088"}],"version-history":[{"count":0,"href":"https:\/\/cytologystuff.com\/es\/wp-json\/wp\/v2\/pages\/2088\/revisions"}],"up":[{"embeddable":true,"href":"https:\/\/cytologystuff.com\/es\/wp-json\/wp\/v2\/pages\/1953"}],"wp:attachment":[{"href":"https:\/\/cytologystuff.com\/es\/wp-json\/wp\/v2\/media?parent=2088"}],"curies":[{"name":"wp","href":"https:\/\/api.w.org\/{rel}","templated":true}]}}