{"id":1997,"date":"2017-07-31T20:04:59","date_gmt":"2017-07-31T20:04:59","guid":{"rendered":"http:\/\/cytologystuff1.wpengine.com\/non-gyn-atlas\/effusions-metastatic-lung-cancer\/"},"modified":"2017-11-17T06:25:20","modified_gmt":"2017-11-17T06:25:20","slug":"effusions-metastatic-lung-cancer","status":"publish","type":"page","link":"https:\/\/cytologystuff.com\/es\/non-gyn-atlas\/effusions-metastatic-lung-cancer\/","title":{"rendered":"Citolog\u00eda de los Derrames de las Cavides Pleural, Peric\u00e1rdica y Peritoneal"},"content":{"rendered":"<p>[vc_row 0=&#8221;&#8221;][vc_column 0=&#8221;&#8221; offset=&#8221;vc_hidden-lg vc_hidden-md&#8221;][vc_raw_html 0=&#8221;&#8221;]PGNlbnRlcj48YSBjbGFzcz0ic2hpZnRuYXYtdG9nZ2xlIHNoaWZ0bmF2LXRvZ2dsZS1idXR0b24iIGRhdGEtc2hpZnRuYXYtdGFyZ2V0PSJzaGlmdG5hdi1tYWluIj48aSBjbGFzcz0iZmEgZmEtYmFycyI+PC9pPiBUYWJsZSBvZiBDb250ZW50cyA8L2E+PC9jZW50ZXI+[\/vc_raw_html][\/vc_column][\/vc_row][vc_row][vc_column][vc_custom_heading text=&#8221;Citolog\u00eda de los Derrames de las Cavides Pleural, Peric\u00e1rdica y Peritoneal&#8221; font_container=&#8221;tag:h1|text_align:center&#8221; use_theme_fonts=&#8221;yes&#8221;][\/vc_column][\/vc_row][vc_row el_id=&#8221;acknowledgements&#8221;][vc_column width=&#8221;2\/3&#8243;][vc_column_text]<\/p>\n<div id=>\n<p class=\"subhead\">DERRAMES \u2013 C\u00c1NCER METAST\u00c1SICO DE PULM\u00d3N  <\/p>\n<p style=\"padding-left:7px\"><a href=\"javascript:void(0)\"  style=\"width:300px;display:block\"><img loading=\"lazy\" decoding=\"async\" src=\"\/images\/button27h.gif\" id=\"selfAssessImg\" width=\"400\" height=\"40\"><\/a><\/p>\n<div class=\"highslide-gallery\">\n<strong>Nota: Puede clicar en cualquier imagen del<br \/>\nAtlas para ver la imagen aumentada<\/strong><\/p>\n<div class=\"chartColumnCell\">\n<a href=\"\/gallery\/images_large\/slide0480.jpg\" class=\"highslide\" onclick=\"return hs.expand(this)\" name=\"pap\"><br \/>\n\t<img decoding=\"async\" src=\"\/gallery\/images\/slide0480.jpg\" alt=\"Image 2\" border=\"0\" title=\"Click to enlarge\"><\/a><\/p>\n<div class=\"highslide-caption\">\n<strong>Figura 80<\/strong><br \/>\n<br \/>Derrame pleural: Adenocarcinoma, originario de pulm\u00f3n.  20x <\/div>\n<\/div>\n<div class=\"chartColumnShortCell\">\n        \t<strong>Figura 80<br \/>\n        \t<\/strong><br \/>\nDerrame pleural:<br \/>\n<br \/>\nAdenocarcinoma, originario de pulm\u00f3n.<br \/>\n20x <\/div>\n<div class=\"newRow\"><\/div>\n<div class=\"chartColumnCell\">\n<a href=\"\/gallery\/images_large\/slide0481.jpg\" class=\"highslide\" onclick=\"return hs.expand(this)\"><br \/>\n\t<img decoding=\"async\" src=\"\/gallery\/images\/slide0481.jpg\" alt=\"Image 3\" border=\"0\" title=\"Click to enlarge\"><\/a><\/p>\n<div class=\"highslide-caption\">\n<strong>Figura 81<\/strong><br \/>\n<br \/> Derrame pleural: Adenocarcinoma, originario de pulm\u00f3n.  20x <\/div>\n<\/div>\n<div class=\"chartColumnShortCell\">\n \t\t<strong>Figura 81<br \/>\n \t\t<\/strong> Derrame pleural:<br \/>\nAdenocarcinoma, originario de pulm\u00f3n.<br \/>\n20x\n<\/div>\n<div class=\"newRow\"><\/div>\n<div class=\"chartColumnCell\">\n<a href=\"\/gallery\/images_large\/slide0482.jpg\" class=\"highslide\" onclick=\"return hs.expand(this)\"><br \/>\n\t<img decoding=\"async\" src=\"\/gallery\/images\/slide0482.jpg\" alt=\"Image 3\" border=\"0\" title=\"Click to enlarge\"><\/a><\/p>\n<div class=\"highslide-caption\">\n<strong>Figura 82<\/strong><br \/>\nDerrame pleural: Adenocarcinoma, originario de pulm\u00f3n.  60x<\/div>\n<\/div>\n<div class=\"chartColumnLongCell\">\n<strong>Figura 82<br \/>\n<\/strong><br \/>\nDerrame pleural:<br \/>\nAdenocarcinoma, originario de pulm\u00f3n.<br \/>\n60x\n<\/div>\n<div class=\"newRow\"><\/div>\n<p><strong> Figuras 80-82: Derrame pleural: Adenocarcinoma, originario de pulm\u00f3n.<\/strong><br \/>\nLas fotomicrograf\u00edas muestran un adenocarcinoma. A menudo es f\u00e1cil distinguir un adenocarcinoma de un mesotelioma. A veces puede ayudar la tecnolog\u00eda m\u00e1s sofisticada como la microscop\u00eda electr\u00f3nica y la inmunohistoqu\u00edmica para definir mejor el lugar primario. Conocer la historia de la enfermedad del paciente es siempre la clave para identificar la met\u00e1stasis. <\/p>\n<div class=\"chartColumnCell\">\n<a href=\"\/gallery\/images_large\/slide0483.jpg\" class=\"highslide\" onclick=\"return hs.expand(this)\" name=\"pap\"><br \/>\n\t<img decoding=\"async\" src=\"\/gallery\/images\/slide0483.jpg\" alt=\"Image 2\" border=\"0\" title=\"Click to enlarge\"><\/a><\/p>\n<div class=\"highslide-caption\">\n<strong>Figura 83<\/strong><br \/>\n<br \/>Derrame pleural: Adenocarcinoma moderadamente diferenciado, originario de pulm\u00f3n. 20x <\/div>\n<\/div>\n<div class=\"chartColumnShortCell\">\n        \t<strong>Figura 83<br \/>\n        \t<\/strong><br \/>\nDerrame pleural:<br \/>\n<br \/>\nAdenocarcinoma moderadamente diferenciado, originario de pulm\u00f3n.<br \/>\n20x <\/div>\n<div class=\"newRow\"><\/div>\n<div class=\"chartColumnCell\">\n<a href=\"\/gallery\/images_large\/slide0484.jpg\" class=\"highslide\" onclick=\"return hs.expand(this)\"><br \/>\n\t<img decoding=\"async\" src=\"\/gallery\/images\/slide0484.jpg\" alt=\"Image 3\" border=\"0\" title=\"Click to enlarge\"><\/a><\/p>\n<div class=\"highslide-caption\">\n<strong>Figura 84<\/strong><br \/>\n<br \/> Derrame pleural: Adenocarcinoma moderadamente diferenciado, originario de pulm\u00f3n.  60x  <\/div>\n<\/div>\n<div class=\"chartColumnLongCell\">\n \t\t<strong>Figura 84<br \/>\n \t\t<\/strong><br \/>\nDerrame pleural: <br \/>\nAdenocarcinoma moderadamente diferenciado, originario de pulm\u00f3n.<br \/>\n60x\n<\/div>\n<div class=\"newRow\"><\/div>\n<p><strong>Figuras 83-84: Derrame pleural, adenocarcinoma moderadamente diferenciado, originario de pulm\u00f3n.<\/strong><br \/>\nObservar los agrupamientos glandulares papilares de las c\u00e9lulas tumorales, nucleolos prominentes, vacuolizaci\u00f3n y figuras mit\u00f3ticas. Puede ser imposible diferenciar de otros or\u00edgenes de adenocarcinoma . <\/p>\n<div class=\"chartColumnCell\">\n<a href=\"\/gallery\/images_large\/slide0485.jpg\" class=\"highslide\" onclick=\"return hs.expand(this)\"><br \/>\n\t<img decoding=\"async\" src=\"\/gallery\/images\/slide0485.jpg\" alt=\"Image 3\" border=\"0\" title=\"Click to enlarge\"><\/a><\/p>\n<div class=\"highslide-caption\">\n<strong>Figura 85<\/strong><br \/>\n<br \/>Peritoneal effusion: Adenocarcinoma , originario de pulm\u00f3n.<br \/>\n20x \t <\/div>\n<\/div>\n<div class=\"chartColumnShortCell\">\n \t\t<strong>Figura 85<br \/>\n \t\t<\/strong><br \/>\nPeritoneal effusion:<br \/>\n<br \/>\nAdenocarcinoma , originario de pulm\u00f3n.<br \/>\n20x\n<\/div>\n<div class=\"newRow\"><\/div>\n<div class=\"chartColumnCell\">\n<a href=\"\/gallery\/images_large\/slide0486.jpg\" class=\"highslide\" onclick=\"return hs.expand(this)\"><br \/>\n\t<img decoding=\"async\" src=\"\/gallery\/images\/slide0486.jpg\" alt=\"Image 3\" border=\"0\" title=\"Click to enlarge\"><\/a><\/p>\n<div class=\"highslide-caption\">\n<strong>Figura 86<\/strong><br \/>\n<br \/>Peritoneal effusion: Adenocarcinoma , originario de pulm\u00f3n.<br \/>\n20x \t <\/div>\n<\/div>\n<div class=\"chartColumnShortCell\">\n \t\t<strong>Figura 86<br \/>\n \t\t<\/strong><br \/>\nPeritoneal effusion:<br \/>\n<br \/>\nAdenocarcinoma , originario de pulm\u00f3n.<br \/>\n20x<\/div>\n<div class=\"newRow\"><\/div>\n<div class=\"chartColumnCell\">\n<a href=\"\/gallery\/images_large\/slide0487.jpg\" class=\"highslide\" onclick=\"return hs.expand(this)\"><br \/>\n\t<img decoding=\"async\" src=\"\/gallery\/images\/slide0487.jpg\" alt=\"Image 3\" border=\"0\" title=\"Click to enlarge\"><\/a><\/p>\n<div class=\"highslide-caption\">\n<strong>Figura 87<\/strong><br \/>\n<br \/>Peritoneal effusion: Adenocarcinoma , originario de pulm\u00f3n.<br \/>\n20x \t  <\/div>\n<\/div>\n<div class=\"chartColumnShortCell\">\n \t\t<strong>Figura 87<br \/>\n \t\t<\/strong><br \/>\nPeritoneal effusion:<br \/>\n<br \/>\nAdenocarcinoma , originario de pulm\u00f3n.<br \/>\n20x<\/div>\n<div class=\"newRow\"><\/div>\n<p><strong>Figuras 85-87: Derrame peritoneal: Adenocarcinoma, originario de pulm\u00f3n.<\/strong><br \/>\nGrupos de c\u00e9lulas con las caracter\u00edsticas cl\u00e1sicas de un adenocarcinoma. Estas c\u00e9lulas al final se determin\u00f3 que eran derivadas de un carcinoma broncog\u00e9nico.<\/p>\n<p>Carcinoma indiferenciado de c\u00e9lula peque\u00f1a es una causa poco com\u00fan de derrame pleural maligno. Las c\u00e9lulas tumorales son peque\u00f1as e hipercrom\u00e1ticas, y deben ser diferenciadas de las c\u00e9lulas linfoides. Las caracter\u00edsticas de un carcinoma indiferenciado de c\u00e9lula peque\u00f1a incluyen amoldamiento nuclear y necrosis celular. Para confirmar el diagn\u00f3stico pueden ser necesarias tinciones de inmunohistoqu\u00edmica sobre bloque celular . <\/p>\n<div class=\"chartColumnCell\">\n<a href=\"\/gallery\/images_large\/slide0488.jpg\" class=\"highslide\" onclick=\"return hs.expand(this)\" name=\"pap\"><br \/>\n\t<img decoding=\"async\" src=\"\/gallery\/images\/slide0488.jpg\" alt=\"Image 2\" border=\"0\" title=\"Click to enlarge\"><\/a><\/p>\n<div class=\"highslide-caption\">\n<strong>Figura 88<\/strong><br \/>\n<br \/>Carcinoma indiferenciado de c\u00e9lula peque\u00f1a, originario de pulm\u00f3n. Observar los peque\u00f1os grupos de c\u00e9lulas mesoteliales benignas y tres c\u00e9lulas m\u00e1s grandes del adenocarcinoma indiferenciado de c\u00e9lula peque\u00f1a en el borde de uno de los grupos.  60x <\/div>\n<\/div>\n<div class=\"chartColumnLongCell\">\n        \t<strong>Figura 88<br \/>\n        \t<\/strong><br \/>\nDerrame pleural:<br \/>\nCarcinoma indiferenciado de c\u00e9lula peque\u00f1a, originario de pulm\u00f3n. Observar los peque\u00f1os grupos de c\u00e9lulas mesoteliales benignas y tres c\u00e9lulas m\u00e1s grandes del adenocarcinoma indiferenciado de c\u00e9lula peque\u00f1a en el borde de uno de los grupos.<br \/>\n60x <\/div>\n<div class=\"newRow\"><\/div>\n<div class=\"chartColumnCell\">\n<a href=\"\/gallery\/images_large\/slide0489.jpg\" class=\"highslide\" onclick=\"return hs.expand(this)\"><br \/>\n\t<img decoding=\"async\" src=\"\/gallery\/images\/slide0489.jpg\" alt=\"Image 3\" border=\"0\" title=\"Click to enlarge\"><\/a><\/p>\n<div class=\"highslide-caption\">\n<strong>Figura 89<\/strong><br \/>\n<br \/>Derrame pleural: Carcinoma indiferenciado de c\u00e9lula peque\u00f1a, originario de pulm\u00f3n. Los n\u00facleos tienen nucleolos peque\u00f1os y frecuentemente la cromatina en sal y pimienta. El citoplasma es escaso. 60x  <\/div>\n<\/div>\n<div class=\"chartColumnLongCell\">\n \t\t<strong>Figura 89<br \/>\n \t\t<\/strong><br \/>\nDerrame pleural:<br \/>\n<br \/>\nCarcinoma indiferenciado de c\u00e9lula peque\u00f1a, originario de pulm\u00f3n. Los n\u00facleos tienen nucleolos peque\u00f1os y frecuentemente la cromatina en sal y pimienta. El citoplasma es escaso.<br \/>\n60x\n<\/div>\n<div class=\"newRow\"><\/div>\n<div class=\"chartColumnCell\">\n<a href=\"\/gallery\/images_large\/slide0490.jpg\" class=\"highslide\" onclick=\"return hs.expand(this)\" name=\"pap\"><br \/>\n\t<img decoding=\"async\" src=\"\/gallery\/images\/slide0490.jpg\" alt=\"Image 2\" border=\"0\" title=\"Click to enlarge\"><\/a><\/p>\n<div class=\"highslide-caption\">\n<strong>Figura 90<\/strong><br \/>\n<br \/> Derrame pleural: <br \/>Carcinoma indiferenciado de c\u00e9lula peque\u00f1a, originario de pulm\u00f3n. Las c\u00e9lulas de un carcinoma indiferenciado de c\u00e9lula peque\u00f1a est\u00e1n desenganchadas y pueden aparecer sueltas. Observar el fondo necr\u00f3tico. 60x <\/div>\n<\/div>\n<div class=\"chartColumnLongCell\">\n        \t<strong>Figura 90<br \/>\n        \t<\/strong><br \/>\nDerrame pleural: <br \/>\nCarcinoma indiferenciado de c\u00e9lula peque\u00f1a, originario de pulm\u00f3n. Las c\u00e9lulas de un carcinoma indiferenciado de c\u00e9lula peque\u00f1a est\u00e1n desenganchadas y pueden aparecer sueltas. Observar el fondo necr\u00f3tico.<br \/>\n60x <\/div>\n<div class=\"newRow\"><\/div>\n<div class=\"chartColumnCell\">\n<a href=\"\/gallery\/images_large\/slide0491.jpg\" class=\"highslide\" onclick=\"return hs.expand(this)\"><br \/>\n\t<img decoding=\"async\" src=\"\/gallery\/images\/slide0491.jpg\" alt=\"Image 3\" border=\"0\" title=\"Click to enlarge\"><\/a><\/p>\n<div class=\"highslide-caption\">\n<strong>Figura 91<\/strong><br \/>\n<br \/>Derrame pleural: Carcinoma indiferenciado de c\u00e9lula peque\u00f1a, originario de pulm\u00f3n. 20x <\/div>\n<\/div>\n<div class=\"chartColumnShortCell\">\n \t\t<strong>Figura 91<br \/>\n \t\t<\/strong><br \/>\nDerrame pleural:<br \/>\nCarcinoma indiferenciado de c\u00e9lula peque\u00f1a, originario de pulm\u00f3n.<br \/>\n20x\n<\/div>\n<div class=\"newRow\"><\/div>\n<div class=\"chartColumnCell\">\n<a href=\"\/gallery\/images_large\/slide0492.jpg\" class=\"highslide\" onclick=\"return hs.expand(this)\"><br \/>\n\t<img decoding=\"async\" src=\"\/gallery\/images\/slide0492.jpg\" alt=\"Image 3\" border=\"0\" title=\"Click to enlarge\"><\/a><\/p>\n<div class=\"highslide-caption\">\n<strong>Figura 92<\/strong><br \/>\n<br \/>Derrame pleural: Carcinoma indiferenciado de c\u00e9lula peque\u00f1a, originario de pulm\u00f3n.  40x<\/div>\n<\/div>\n<div class=\"chartColumnShortCell\">\n \t\t<strong>Figura 92<br \/>\n \t\t<\/strong><br \/>\nDerrame pleural:<br \/>\nCarcinoma indiferenciado de c\u00e9lula peque\u00f1a, originario de pulm\u00f3n.<br \/>\n40x\n<\/div>\n<\/div>\n<div class=\"newRow\"><\/div>\n<p><strong>Figuras 91-92: Derrame pleural: Carcinoma indiferenciado de c\u00e9lula peque\u00f1a, originario de pulm\u00f3n.<\/strong><br \/>\nC\u00e9lulas peque\u00f1as hipercrom\u00e1ticas de un carcinoma indiferenciado de c\u00e9lula peque\u00f1a que aparecen sueltas y en peque\u00f1os grupos. Observar el amoldamiento nuclear. <\/p>\n<p><a class=\"back\" href=\"#\">Volver arriba<\/a><\/p>\n<p><a href=\"nongyn_atlas.htm\">Volver a la Tabla de Contenidos<\/a><\/p>\n<\/div>\n<p>[\/vc_column_text][vc_column_text el_class=&#8221;back-to-top&#8221;]<strong><a href=\"#main\">Back to Top<\/a><\/strong>[\/vc_column_text][\/vc_column][vc_column width=&#8221;1\/3&#8243; offset=&#8221;vc_hidden-sm vc_hidden-xs&#8221;][vc_widget_sidebar sidebar_id=&#8221;consulting-right-sidebar&#8221;][\/vc_column][\/vc_row]<\/p>\n","protected":false},"excerpt":{"rendered":"<p>[vc_row 0=&#8221;&#8221;][vc_column 0=&#8221;&#8221; offset=&#8221;vc_hidden-lg vc_hidden-md&#8221;][vc_raw_html 0=&#8221;&#8221;]PGNlbnRlcj48YSBjbGFzcz0ic2hpZnRuYXYtdG9nZ2xlIHNoaWZ0bmF2LXRvZ2dsZS1idXR0b24iIGRhdGEtc2hpZnRuYXYtdGFyZ2V0PSJzaGlmdG5hdi1tYWluIj48aSBjbGFzcz0iZmEgZmEtYmFycyI+PC9pPiBUYWJsZSBvZiBDb250ZW50cyA8L2E+PC9jZW50ZXI+[\/vc_raw_html][\/vc_column][\/vc_row][vc_row][vc_column][vc_custom_heading text=&#8221;Citolog\u00eda de los Derrames de las Cavides Pleural, Peric\u00e1rdica y Peritoneal&#8221; font_container=&#8221;tag:h1|text_align:center&#8221; use_theme_fonts=&#8221;yes&#8221;][\/vc_column][\/vc_row][vc_row el_id=&#8221;acknowledgements&#8221;][vc_column width=&#8221;2\/3&#8243;][vc_column_text] DERRAMES \u2013 C\u00c1NCER METAST\u00c1SICO DE PULM\u00d3N Nota: Puede clicar en cualquier imagen del Atlas para ver la imagen aumentada Figura 80 Derrame pleural: Adenocarcinoma, originario de pulm\u00f3n. 20x Figura 80 Derrame pleural: Adenocarcinoma, originario<\/p>\n","protected":false},"author":7,"featured_media":0,"parent":1953,"menu_order":0,"comment_status":"closed","ping_status":"closed","template":"","meta":{"ngg_post_thumbnail":0,"footnotes":""},"class_list":["post-1997","page","type-page","status-publish","hentry"],"_links":{"self":[{"href":"https:\/\/cytologystuff.com\/es\/wp-json\/wp\/v2\/pages\/1997","targetHints":{"allow":["GET"]}}],"collection":[{"href":"https:\/\/cytologystuff.com\/es\/wp-json\/wp\/v2\/pages"}],"about":[{"href":"https:\/\/cytologystuff.com\/es\/wp-json\/wp\/v2\/types\/page"}],"author":[{"embeddable":true,"href":"https:\/\/cytologystuff.com\/es\/wp-json\/wp\/v2\/users\/7"}],"replies":[{"embeddable":true,"href":"https:\/\/cytologystuff.com\/es\/wp-json\/wp\/v2\/comments?post=1997"}],"version-history":[{"count":0,"href":"https:\/\/cytologystuff.com\/es\/wp-json\/wp\/v2\/pages\/1997\/revisions"}],"up":[{"embeddable":true,"href":"https:\/\/cytologystuff.com\/es\/wp-json\/wp\/v2\/pages\/1953"}],"wp:attachment":[{"href":"https:\/\/cytologystuff.com\/es\/wp-json\/wp\/v2\/media?parent=1997"}],"curies":[{"name":"wp","href":"https:\/\/api.w.org\/{rel}","templated":true}]}}