{"id":1953,"date":"2017-07-31T18:05:19","date_gmt":"2017-07-31T18:05:19","guid":{"rendered":"http:\/\/cytologystuff1.wpengine.com\/non-gyn-atlas\/"},"modified":"2018-01-06T08:18:53","modified_gmt":"2018-01-06T08:18:53","slug":"non-gyn-atlas","status":"publish","type":"page","link":"https:\/\/cytologystuff.com\/es\/non-gyn-atlas\/","title":{"rendered":"Non-GYN Atlas"},"content":{"rendered":"<p>[vc_row][vc_column][vc_custom_heading text=&#8221;Atlas NO-GINE Tabla de Contenidos&#8221; font_container=&#8221;tag:h1|text_align:center&#8221; use_theme_fonts=&#8221;yes&#8221;][\/vc_column][\/vc_row][vc_row css=&#8221;.vc_custom_1501004719015{margin-bottom: 25px !important;}&#8221;][vc_column width=&#8221;2\/3&#8243;][vc_tta_accordion color=&#8221;sky&#8221; active_section=&#8221;1&#8243; collapsible_all=&#8221;true&#8221;][vc_tta_section title=&#8221;CITOLOG\u00cdA DE DERRAMES Richard A. Smith, MD, PhD, MBA&#8221; tab_id=&#8221;1501003616475-03cd55e8-b4047dbd-fde9&#8243;][vc_row_inner 0=&#8221;&#8221;][vc_column_inner 0=&#8221;&#8221;][vc_column_text 0=&#8221;&#8221;]&nbsp;<\/p>\n<ul>\n<li style=\"list-style-type: none\">\n<ul>\n<li><span style=\"font-size: 14pt;\"> <a href=\"https:\/\/cytologystuff.com\/zh-hans\/non-gyn-atlas\/cytology-of-pleural-pericardial-and-peritoneal-cavity-effusions-introduction\/\">Introducci\u00f3n<\/a><\/span><\/li>\n<\/ul>\n<\/li>\n<\/ul>\n<p>&nbsp;<\/p>\n<ul>\n<li style=\"list-style-type: none\">\n<ul>\n<li><span style=\"font-size: 14pt;\"> <a href=\"https:\/\/cytologystuff.com\/zh-hans\/non-gyn-atlas\/negative-effusions\/\">Derrames negativos<\/a><\/span><\/li>\n<\/ul>\n<\/li>\n<\/ul>\n<p>&nbsp;<\/p>\n<ul>\n<li style=\"list-style-type: none\">\n<ul>\n<li><span style=\"font-size: 14pt;\"><a href=\"https:\/\/cytologystuff.com\/zh-hans\/non-gyn-atlas\/negative-washes\/\">Lavados negativos<\/a><\/span><\/li>\n<\/ul>\n<\/li>\n<\/ul>\n<p>&nbsp;<\/p>\n<ul>\n<li style=\"list-style-type: none\">\n<ul>\n<li><span style=\"font-size: 14pt;\"><a href=\"https:\/\/cytologystuff.com\/zh-hans\/non-gyn-atlas\/effusions-mesothelioma\/\">Derrames &#8211; Mesotelinoma<\/a><\/span><\/li>\n<\/ul>\n<\/li>\n<\/ul>\n<p>&nbsp;<\/p>\n<ul>\n<li style=\"list-style-type: none\">\n<ul>\n<li><span style=\"font-size: 14pt;\"> <a href=\"https:\/\/cytologystuff.com\/zh-hans\/non-gyn-atlas\/effusions-hematologic-malignancies\/\">Derrames \u2013 Malignidades hematol\u00f3gicas<\/a><\/span><\/li>\n<\/ul>\n<\/li>\n<\/ul>\n<p>&nbsp;<\/p>\n<ul>\n<li style=\"list-style-type: none\">\n<ul>\n<li><span style=\"font-size: 14pt;\"><a href=\"https:\/\/cytologystuff.com\/zh-hans\/non-gyn-atlas\/effusions-and-washes-ovarian-adenocarcinoma\/\">Derrames y lavados \u2013 Adenocarcinoma ov\u00e1rico<\/a><\/span><\/li>\n<\/ul>\n<\/li>\n<\/ul>\n<p>&nbsp;<\/p>\n<ul>\n<li style=\"list-style-type: none\">\n<ul>\n<li><span style=\"font-size: 14pt;\"><a href=\"https:\/\/cytologystuff.com\/zh-hans\/non-gyn-atlas\/effusions-and-washes-other-gynecologic-metastases\/\">Derrames y lavados \u2013 Otras met\u00e1stasis ginecol\u00f3gicas<\/a><\/span><\/li>\n<\/ul>\n<\/li>\n<\/ul>\n<p>&nbsp;<\/p>\n<ul>\n<li style=\"list-style-type: none\">\n<ul>\n<li><span style=\"font-size: 14pt;\"><a href=\"https:\/\/cytologystuff.com\/zh-hans\/non-gyn-atlas\/effusions-metastatic-breast-cancer\/\">Derrames \u2013 C\u00e1ncer de mama metast\u00e1tico<\/a><\/span><\/li>\n<\/ul>\n<\/li>\n<\/ul>\n<p>&nbsp;<\/p>\n<ul>\n<li style=\"list-style-type: none\">\n<ul>\n<li><span style=\"font-size: 14pt;\"><a href=\"https:\/\/cytologystuff.com\/zh-hans\/non-gyn-atlas\/effusions-metastatic-lung-cancer\/\">Derrames \u2013 C\u00e1ncer de pulm\u00f3n metast\u00e1tico<\/a><\/span><\/li>\n<\/ul>\n<\/li>\n<\/ul>\n<p>&nbsp;<\/p>\n<ul>\n<li style=\"list-style-type: none\">\n<ul>\n<li><span style=\"font-size: 14pt;\"><a href=\"https:\/\/cytologystuff.com\/zh-hans\/non-gyn-atlas\/effusions-metastatic-lung-cancer\/\">Derrames \u2013 Malignidad gastrointestinal metast\u00e1tica<\/a><\/span><\/li>\n<\/ul>\n<\/li>\n<\/ul>\n<p>&nbsp;[\/vc_column_text][\/vc_column_inner][\/vc_row_inner][\/vc_tta_section][vc_tta_section title=&#8221;CITOLOG\u00cdA RESPIRATORIA  James Linder, MD&#8221; tab_id=&#8221;1501004541917-ea783388-80547dbd-fde9&#8243;][vc_row_inner 0=&#8221;&#8221;][vc_column_inner 0=&#8221;&#8221;][vc_column_text 0=&#8221;&#8221;]<\/p>\n<ul>\n<li><span style=\"font-size: 14pt;\"><a href=\"https:\/\/cytologystuff.com\/zh-hans\/non-gyn-atlas\/respiratory-cytology-introduction\/\">Introducci\u00f3n<\/a><\/span><\/li>\n<li><span style=\"font-size: 14pt;\"><a href=\"https:\/\/cytologystuff.com\/zh-hans\/non-gyn-atlas\/respiratory-cytology-normal\/\">Normal<\/a><\/span><\/li>\n<li><span style=\"font-size: 14pt;\"><a href=\"https:\/\/cytologystuff.com\/zh-hans\/non-gyn-atlas\/respiratory-cytology-reactive-inflammatory\/\">Reactivo inflamatorio<\/a><\/span><\/li>\n<li><span style=\"font-size: 14pt;\"><a href=\"https:\/\/cytologystuff.com\/zh-hans\/non-gyn-atlas\/respiratory-cytology-squamous-cell-carcinoma\/\">Carcinoma celular escamoso<\/a><\/span><\/li>\n<li><span style=\"font-size: 14pt;\"><a href=\"https:\/\/cytologystuff.com\/zh-hans\/non-gyn-atlas\/respiratory-cytology-adenocarcinoma\/\">Adenocarcinoma<\/a><\/span><\/li>\n<li><span style=\"font-size: 14pt;\"><a href=\"https:\/\/cytologystuff.com\/zh-hans\/non-gyn-atlas\/respiratory-cytology-large-cell-undifferentiated-carcinoma\/\">Carcinoma no diferenciado de c\u00e9lulas grandes<\/a><\/span><\/li>\n<li><span style=\"font-size: 14pt;\"><span style=\"font-size: 14pt;\"><a href=\"https:\/\/cytologystuff.com\/zh-hans\/non-gyn-atlas\/respiratory-cytology-small-cell-undifferentiated-carcinoma\/\">Carcinoma no diferenciado de c\u00e9lulas peque\u00f1as<\/a><\/span><\/span><\/li>\n<li><span style=\"font-size: 14pt;\"><a href=\"https:\/\/cytologystuff.com\/zh-hans\/non-gyn-atlas\/respiratory-cytology-dr-jim-linders-bonus\/\">Informaci\u00f3n adicional del Doctor Jim Linder: &#8220;Otro&#8221; \u201cMaterial\u201d respiratorio<\/a><\/span><\/li>\n<\/ul>\n<p>[\/vc_column_text][\/vc_column_inner][\/vc_row_inner][\/vc_tta_section][vc_tta_section title=&#8221;CITOLOG\u00cdA URINARIA  Raheela Ashfaq, MD&#8221; tab_id=&#8221;1501004546764-461e918e-6b7e7dbd-fde9&#8243;][vc_row_inner 0=&#8221;&#8221;][vc_column_inner 0=&#8221;&#8221;][vc_column_text 0=&#8221;&#8221;]<\/p>\n<ul>\n<li><span style=\"font-size: 14pt;\"><a href=\"https:\/\/cytologystuff.com\/zh-hans\/non-gyn-atlas\/urinary-tract-cytology-introduction\/\">Introducci\u00f3n<\/a><\/span><\/li>\n<li><span style=\"font-size: 14pt;\"><a href=\"https:\/\/cytologystuff.com\/zh-hans\/non-gyn-atlas\/urinary-tract-cytology-normal-elements\/\">Elementos normales<\/a><\/span><\/li>\n<li><span style=\"font-size: 14pt;\"><a href=\"https:\/\/cytologystuff.com\/zh-hans\/non-gyn-atlas\/urinary-tract-cytology-high-grade-urothelial-carcinoma\/\">Carcinoma urotelial de alto grado<\/a><\/span><\/li>\n<li><span style=\"font-size: 14pt;\"><a href=\"https:\/\/cytologystuff.com\/zh-hans\/non-gyn-atlas\/urinary-tract-cytology-low-grade-urothelial-carcinoma\/\">Carcinoma urotelial de grado bajo<\/a><\/span><\/li>\n<li><span style=\"font-size: 14pt;\"><a href=\"https:\/\/cytologystuff.com\/zh-hans\/non-gyn-atlas\/urinary-tract-cytology-other-types-of-malignancies\/\">Otros tipos de malignidades<\/a><\/span><\/li>\n<\/ul>\n<p>[\/vc_column_text][\/vc_column_inner][\/vc_row_inner][\/vc_tta_section][vc_tta_section title=&#8221;CITOLOG\u00cdA GASTROINTESTINAL Latha Pisharodi, MD&#8221; tab_id=&#8221;1501004767867-781d9e8e-c76f7dbd-fde9&#8243;][vc_row_inner 0=&#8221;&#8221;][vc_column_inner 0=&#8221;&#8221;][vc_column_text 0=&#8221;&#8221;]<\/p>\n<ul>\n<li><span style=\"font-size: 14pt;\"><a href=\"https:\/\/cytologystuff.com\/zh-hans\/non-gyn-atlas\/gastrointestinal-cytology-introduction\/\">Introducci\u00f3n<\/a><\/span><\/li>\n<li><span style=\"font-size: 14pt;\"><a href=\"https:\/\/cytologystuff.com\/zh-hans\/non-gyn-atlas\/gastrointestinal-cytology-introduction\/#esophageal\">Cepillados esof\u00e1gico<\/a><\/span><\/li>\n<li><span style=\"font-size: 14pt;\"><a href=\"https:\/\/cytologystuff.com\/zh-hans\/non-gyn-atlas\/gastrointestinal-cytology-introduction\/#gastric\">Cepillados g\u00e1stricos<\/a><\/span><\/li>\n<li><span style=\"font-size: 14pt;\"><a href=\"https:\/\/cytologystuff.com\/zh-hans\/non-gyn-atlas\/gastrointestinal-cytology-introduction\/\">Cepillados de colon<\/a><\/span><\/li>\n<li><span style=\"font-size: 14pt;\"><a href=\"https:\/\/cytologystuff.com\/zh-hans\/non-gyn-atlas\/gastrointestinal-cytology-introduction\/#pancreatic\">Cepillados pancre\u00e1ticos<\/a><\/span><\/li>\n<li><span style=\"font-size: 14pt;\"><a href=\"https:\/\/cytologystuff.com\/zh-hans\/non-gyn-atlas\/gastrointestinal-cytology-introduction\/#bile\">Cepillados y lavados de p\u00e1ncreasz<\/a><\/span><\/li>\n<li><span style=\"font-size: 14pt;\"><a href=\"https:\/\/cytologystuff.com\/zh-hans\/non-gyn-atlas\/gastrointestinal-cytology-introduction\/#anal\">Cepillados anales<\/a><\/span><\/li>\n<\/ul>\n<p>[\/vc_column_text][\/vc_column_inner][\/vc_row_inner][\/vc_tta_section][vc_tta_section title=&#8221;CITOLOG\u00cdA DE ASPIRACI\u00d3N CON AGUJA FINA&#8221; tab_id=&#8221;1501004823867-5082e279-bedb7dbd-fde9&#8243;][vc_row_inner 0=&#8221;&#8221;][vc_column_inner 0=&#8221;&#8221;][vc_column_text 0=&#8221;&#8221;]&nbsp;<\/p>\n<ul>\n<li style=\"list-style-type: none\">\n<ul>\n<li><span style=\"font-size: 14pt;\"><a href=\"https:\/\/cytologystuff.com\/zh-hans\/non-gyn-atlas\/fine-needle-aspiration-cytology-introduction\/\">Introducci\u00f3n David B. Kaminsky, MD, FIAC<\/a><\/span><\/li>\n<\/ul>\n<\/li>\n<\/ul>\n<p>&nbsp;<\/p>\n<ul>\n<li style=\"list-style-type: none\">\n<ul>\n<li><span style=\"font-size: 14pt;\"><a href=\"https:\/\/cytologystuff.com\/zh-hans\/non-gyn-atlas\/fine-needle-aspiration-cytology-head-neck-and-lymph-nodes\/\">Cabeza, cuello y n\u00f3dulos linf\u00e1ticos Stan A. Lightfoot, MD<\/a><\/span><\/li>\n<\/ul>\n<\/li>\n<\/ul>\n<p>&nbsp;<\/p>\n<ul>\n<li style=\"list-style-type: none\">\n<ul>\n<li><span style=\"font-size: 14pt;\"><a href=\"https:\/\/cytologystuff.com\/zh-hans\/non-gyn-atlas\/fine-needle-aspiration-cytology-thyroid\/\">Tiroides Helen H. Wang, MD, DrPH<\/a><\/span><\/li>\n<\/ul>\n<\/li>\n<\/ul>\n<p>&nbsp;<\/p>\n<ul>\n<li style=\"list-style-type: none\">\n<ul>\n<li><span style=\"font-size: 14pt;\"><a href=\"https:\/\/cytologystuff.com\/zh-hans\/non-gyn-atlas\/fine-needle-aspiration-cytology-pulmonary\/\">Pulmonar Rana S. Hoda MD, FIAC<\/a><\/span><\/li>\n<\/ul>\n<\/li>\n<\/ul>\n<p>&nbsp;<\/p>\n<ul>\n<li style=\"list-style-type: none\">\n<ul>\n<li><span style=\"font-size: 14pt;\"><a href=\"https:\/\/cytologystuff.com\/zh-hans\/non-gyn-atlas\/fine-needle-aspiration-cytology-breast\/\">Mama Grace T. McKee, MD<br \/>\n<\/a><\/span><\/li>\n<\/ul>\n<\/li>\n<\/ul>\n<p>&nbsp;<\/p>\n<ul>\n<li style=\"list-style-type: none\">\n<ul>\n<li><span style=\"font-size: 14pt;\"><a href=\"https:\/\/cytologystuff.com\/zh-hans\/non-gyn-atlas\/fine-needle-aspiration-cytology-liver-and-pancreas\/\">H\u00edgado y p\u00e1ncreas Jan F. Silverman, MD and Telma C. Pereira, MD<\/a><\/span><\/li>\n<\/ul>\n<\/li>\n<\/ul>\n<p>&nbsp;<\/p>\n<ul>\n<li style=\"list-style-type: none\">\n<ul>\n<li><span style=\"font-size: 14pt;\"><a href=\"https:\/\/cytologystuff.com\/zh-hans\/non-gyn-atlas\/fine-needle-aspiration-cytology-other-body-sites\/\">Otras partes del cuerpo Michele M. Weir, MD, FRCP<\/a><\/span><\/li>\n<\/ul>\n<\/li>\n<\/ul>\n<p>&nbsp;[\/vc_column_text][\/vc_column_inner][\/vc_row_inner][\/vc_tta_section][vc_tta_section title=&#8221;RECONOCIMIENTOS&#8221; tab_id=&#8221;1501004896680-5e59a104-22657dbd-fde9&#8243;][vc_row_inner 0=&#8221;&#8221;][vc_column_inner 0=&#8221;&#8221;][vc_column_text 0=&#8221;&#8221;]<\/p>\n<ul>\n<li><span style=\"font-size: 14pt;\"><a href=\"https:\/\/cytologystuff.com\/zh-hans\/non-gyn-atlas\/non-gyn-atlas-acknowledgements\/\">Gracias a los colaboradores Eileen B. Ludlow, BS, SCT(ASCP)<\/a><\/span><\/li>\n<\/ul>\n<p>[\/vc_column_text][\/vc_column_inner][\/vc_row_inner][\/vc_tta_section][\/vc_tta_accordion][\/vc_column][vc_column width=&#8221;1\/3&#8243;][vc_single_image image=&#8221;11009&#8243; img_size=&#8221;full&#8221;][\/vc_column][\/vc_row]<\/p>\n","protected":false},"excerpt":{"rendered":"<p>[vc_row][vc_column][vc_custom_heading text=&#8221;Atlas NO-GINE Tabla de Contenidos&#8221; font_container=&#8221;tag:h1|text_align:center&#8221; use_theme_fonts=&#8221;yes&#8221;][\/vc_column][\/vc_row][vc_row css=&#8221;.vc_custom_1501004719015{margin-bottom: 25px !important;}&#8221;][vc_column width=&#8221;2\/3&#8243;][vc_tta_accordion color=&#8221;sky&#8221; active_section=&#8221;1&#8243; collapsible_all=&#8221;true&#8221;][vc_tta_section title=&#8221;CITOLOG\u00cdA DE DERRAMES Richard A. Smith, MD, PhD, MBA&#8221; tab_id=&#8221;1501003616475-03cd55e8-b4047dbd-fde9&#8243;][vc_row_inner 0=&#8221;&#8221;][vc_column_inner 0=&#8221;&#8221;][vc_column_text 0=&#8221;&#8221;]&nbsp; Introducci\u00f3n &nbsp; Derrames negativos &nbsp; Lavados negativos &nbsp; Derrames &#8211; Mesotelinoma &nbsp; Derrames \u2013 Malignidades hematol\u00f3gicas &nbsp; Derrames y lavados \u2013 Adenocarcinoma ov\u00e1rico &nbsp; Derrames y lavados<\/p>\n","protected":false},"author":7,"featured_media":0,"parent":0,"menu_order":0,"comment_status":"closed","ping_status":"closed","template":"","meta":{"ngg_post_thumbnail":0,"footnotes":""},"class_list":["post-1953","page","type-page","status-publish","hentry"],"_links":{"self":[{"href":"https:\/\/cytologystuff.com\/es\/wp-json\/wp\/v2\/pages\/1953","targetHints":{"allow":["GET"]}}],"collection":[{"href":"https:\/\/cytologystuff.com\/es\/wp-json\/wp\/v2\/pages"}],"about":[{"href":"https:\/\/cytologystuff.com\/es\/wp-json\/wp\/v2\/types\/page"}],"author":[{"embeddable":true,"href":"https:\/\/cytologystuff.com\/es\/wp-json\/wp\/v2\/users\/7"}],"replies":[{"embeddable":true,"href":"https:\/\/cytologystuff.com\/es\/wp-json\/wp\/v2\/comments?post=1953"}],"version-history":[{"count":0,"href":"https:\/\/cytologystuff.com\/es\/wp-json\/wp\/v2\/pages\/1953\/revisions"}],"wp:attachment":[{"href":"https:\/\/cytologystuff.com\/es\/wp-json\/wp\/v2\/media?parent=1953"}],"curies":[{"name":"wp","href":"https:\/\/api.w.org\/{rel}","templated":true}]}}