{"id":1899,"date":"2017-07-31T17:55:11","date_gmt":"2017-07-31T17:55:11","guid":{"rendered":"http:\/\/cytologystuff1.wpengine.com\/gyn-atlas-table-of-contents\/endocervical-adenocarcinoma\/"},"modified":"2017-11-15T10:20:36","modified_gmt":"2017-11-15T10:20:36","slug":"endocervical-adenocarcinoma","status":"publish","type":"page","link":"https:\/\/cytologystuff.com\/es\/gyn-atlas-table-of-contents\/endocervical-adenocarcinoma\/","title":{"rendered":"ANOMALIAS DE C\u00c9LULAS EPITELIALES"},"content":{"rendered":"<p>[vc_row 0=&#8221;&#8221;][vc_column 0=&#8221;&#8221; offset=&#8221;vc_hidden-lg vc_hidden-md&#8221;][vc_raw_html 0=&#8221;&#8221;]PGNlbnRlcj48YSBjbGFzcz0ic2hpZnRuYXYtdG9nZ2xlIHNoaWZ0bmF2LXRvZ2dsZS1idXR0b24iIGRhdGEtc2hpZnRuYXYtdGFyZ2V0PSJzaGlmdG5hdi1tYWluIj48aSBjbGFzcz0iZmEgZmEtYmFycyI+PC9pPiBUYWJsZSBvZiBDb250ZW50cyA8L2E+PC9jZW50ZXI+[\/vc_raw_html][\/vc_column][\/vc_row][vc_row][vc_column][vc_custom_heading text=&#8221;ANOMALIAS DE C\u00c9LULAS EPITELIALES&#8221; font_container=&#8221;tag:h1|text_align:center&#8221; use_theme_fonts=&#8221;yes&#8221;][\/vc_column][\/vc_row][vc_row el_id=&#8221;acknowledgements&#8221;][vc_column width=&#8221;2\/3&#8243;][vc_column_text]<\/p>\n<p class=\"subhead\">ANOMALIAS DE C\u00c9LULAS EPITELIALES<\/p>\n<p>         <strong>ADENOCARCINOMA ENDOCERVICAL : <\/strong><br \/>\n\t\t <em>Raheela Ashfaq, MD<\/em><\/p>\n<p>Las c\u00e9lulas de una adenocarcinoma endocervical representadas en ThinPrep est\u00e1n bien preservadas y mantienen las estructuras glandulares cl\u00e1sicas y agrupamiento como se observan en otros m\u00e9todos de recogida en base l\u00edquida, pe: adenocarcinoma en l\u00edquido corporal en muestras no ginecol\u00f3gicas. El diagn\u00f3stico de adenocarcinoma ha tomado gran importancia en los \u00faltimos a\u00f1os, debido al incremento tanto relativo como absoluto de su incidencia. Desafortunadamente, este diagn\u00f3stico es a menudo dif\u00edcil en muestras convencionales del c\u00e9rvix, debido a la toma de muestra incompleta del canal endocervical o a la pobre preservaci\u00f3n del material glandular.<\/p>\n<p>Diagnosticar correctamente el adenocarcinoma endocervical depender\u00e1 en gran medida del grado de lesi\u00f3n invasiva as\u00ed como de la presencia o ausencia de di\u00e1tesis tumoral. Las lesiones bien diferenciadas pueden ser dif\u00edciles de diferenciar de lesiones in situ y a menudo el diagn\u00f3stico definitivo se determina en la muestra quir\u00fargica biopsiada. A causa de las t\u00e9cnicas de r\u00e1pida fijaci\u00f3n empleadas con el ThinPrep, el \u00e9nfasis principal no necesita hacerse s\u00f3lo en la arquitectura del tejido, sino tambi\u00e9n en las caracter\u00edsticas del n\u00facleo. Criterios como irregularidades de la membrana nuclear y patrones de cromatina son importantes para ayudar a los citot\u00e9cnicos a diferenciar entre lesiones glandulares neopl\u00e1sicas de un proceso reparativo benigno. La ausencia de artefactos de secado resulta en una visi\u00f3n m\u00e1s clara de las caracter\u00edsticas nucleares y elimina la cromatina emborronada haciendo as\u00ed el diagn\u00f3stico menos dificultoso.<\/p>\n<p>Como en otras entidades diagn\u00f3sticas, un rango de enfermedad glandular puede acompa\u00f1ar el adenocarcinoma en forma de un AIS. Continuar el screening buscando una presentaci\u00f3n m\u00e1s severa de la lesi\u00f3n es un factor importante para tener un alto \u00edndice de correlaci\u00f3n con la biopsia en el laboratorio<\/p>\n<p>Un diagn\u00f3stico preciso de adenocarcinoma endocervical es m\u00e1s sencillo cuando ha habido una toma de muestra adecuada de la lesi\u00f3n, que resulta en numerosas placas y grupos de c\u00e9lulas at\u00edpicas f\u00e1cilmente visualizadas a bajo aumento. Aparece el criterio cl\u00e1sico de placa bidimensional y grupos, y estos grupos empiezan a redondearse y a mostrar p\u00e9rdida de diferenciaci\u00f3n glandular, observada en un AIS en forma de tiras, pseudoestratificaci\u00f3n y apilamiento. Los grupos tridimensionales pueden mostrar bordes festoneados al borde de los grupos con el n\u00facleo sobresaliendo del citoplasma. Tambi\u00e9n puedes observarse polis fagocitados<\/p>\n<p>La morfolog\u00eda nuclear de una adenocarcinoma endocervical var\u00eda con la diferenciaci\u00f3n de la lesi\u00f3n. Los n\u00facleos bien diferenciados poseen una cromatina finamente granular, hipercrom\u00e1tica, distribuida uniformemente m\u00e1s parecida a los n\u00facleos de un AIS. A medida que la lesi\u00f3n progresa, los n\u00facleos aparecen m\u00e1s y m\u00e1s at\u00edpicos. Los n\u00facleos est\u00e1n aumentados de tama\u00f1o, ocupando 2\/3 o m\u00e1s del citoplasma. La cromatina se vuelve m\u00e1s grosera y a menudo irregularmente distribuida y muestra aclaramiento de la paracromatina. Las irregularidades en la membrana nuclear tambi\u00e9n aparecen aunque tiende a ser onduladas y suaves como tener los &#8220;mordiscos&#8221; y &#8220;hendiduras&#8221; que vemos en las lesiones escamosas. Pueden presentarse macron\u00facleos que pueden tener presentaci\u00f3n irregular. Puede aparecer una di\u00e1tesis necr\u00f3tica y\/o sangre que junto a las caracter\u00edsticas celulares, nos ayudan a establecer el diagn\u00f3stico de una lesi\u00f3n invasiva. <\/p>\n<p style=\"padding-left:7px\"><a href=\"javascript:void(0)\"  style=\"width:300px;display:block\"><img loading=\"lazy\" decoding=\"async\" src=\"\/images\/button27h.gif\" id=\"selfAssessImg\" width=\"400\" height=\"40\"><\/a><\/p>\n<p><a name=\"assess\"><\/a><br \/>\n<strong> Los criterios citol\u00f3gicos de Adenocarcinoma Endocervical Adenocarcinoma son los siguientes: <\/strong>  <\/p>\n<div class=\"highslide-gallery\">\n<strong>Nota: Puede clicar en cualquier imagen del<br \/>\nAtlas para ver la imagen aumentada<\/strong><\/p>\n<div class=\"chartColumnCell\">\n\t\t\t  <a href=\"\/gallery\/images_large\/slide0077.jpg\" class=\"highslide\" onclick=\"return hs.expand(this)\"><br \/>\n\t<img decoding=\"async\" src=\"\/gallery\/images\/slide0077.jpg\" alt=\"Image 1\" border=\"0\" title=\"Click to enlarge\"><\/a><\/p>\n<div class=\"highslide-caption\">\n\t<strong>Adenocarcinoma Endocervical<\/strong><br \/>\nLas c\u00e9lulas aparecen en grupos tridimensionales, placas bidimensionales y sueltas.  60x\n<\/div><\/div>\n<div class=\"chartColumnShortCell\">\n\t\t\t\t\t\t<strong>Adenocarcinoma Endocervical<\/strong><br \/>\nLas c\u00e9lulas aparecen en grupos tridimensionales, placas bidimensionales y sueltas.<br \/>\n60x\n\t\t\t\t\t<\/div>\n<div class=\"newRow\"><\/div>\n<div class=\"chartColumnCell\">\n<a href=\"\/gallery\/images_large\/slide0078.jpg\" class=\"highslide\" onclick=\"return hs.expand(this)\"><br \/>\n\t<img decoding=\"async\" src=\"\/gallery\/images\/slide0078.jpg\" alt=\"Image 2\" border=\"0\" title=\"Click to enlarge\"><\/a><\/p>\n<div class=\"highslide-caption\">\n\t<strong>Adenocarcinoma Endocervical<\/strong><br \/>\nEl citoplasma en el adenocarcinoma puede ser finamente vacuolado con m\u00faltiples vacuolas discretas y bordes celulares definidos  60x<\/div>\n<\/div>\n<div class=\"chartColumnShortCell\">\n\t<strong>Adenocarcinoma Endocervical<\/strong><br \/>\nEl citoplasma en el adenocarcinoma puede ser finamente vacuolado con m\u00faltiples vacuolas discretas y bordes celulares definidos<br \/>\n60x<\/div>\n<\/div>\n<div class=\"newRow\"><\/div>\n<div class=\"chartColumnCell\">\n<a href=\"\/gallery\/images_large\/slide0079.jpg\" class=\"highslide\" onclick=\"return hs.expand(this)\"><br \/>\n\t<img decoding=\"async\" src=\"\/gallery\/images\/slide0079.jpg\" alt=\"Image 3\" border=\"0\" title=\"Click to enlarge\"><\/a><\/p>\n<div class=\"highslide-caption\">\n\t<strong>Adenocarcinoma Endocervical<\/strong><br \/>\nGrupos de c\u00e9lulas glandulares tienden a redondearse en Preservcyt y pueden presentar bordes en fest\u00f3n alrededor del grupo. Observar los bordes citoplasm\u00e1ticos lisos, definidos del borde del grupo.<br \/>\n40x<\/div>\n<\/div>\n<div class=\"chartColumnShortCell\">\n \t<strong>Adenocarcinoma Endocervical<\/strong><br \/>\nGrupos de c\u00e9lulas glandulares tienden a redondearse en Preservcyt y pueden presentar bordes en fest\u00f3n alrededor del grupo. Observar los bordes citoplasm\u00e1ticos lisos, definidos del borde del grupo.<br \/>\n40x<\/div>\n<div class=\"newRow\"><\/div>\n<div class=\"chartColumnCell\">\n<a href=\"\/gallery\/images_large\/slide0080.jpg\" class=\"highslide\" onclick=\"return hs.expand(this)\"><br \/>\n\t<img decoding=\"async\" src=\"\/gallery\/images\/slide0080.jpg\" alt=\"Image 4\" border=\"0\" title=\"Click to enlarge\"><\/a><\/p>\n<div class=\"highslide-caption\">\n\t<strong>Adenocarcinoma Endocervical<\/strong><br \/>\nSe puede ver polis atrapados tanto en el adenocarcinoma endocervical como en el adenocarcinoma endometrial. 60x<\/div>\n<\/div>\n<div class=\"chartColumnShortCell\">\n \t<strong>Adenocarcinoma Endocervical<\/strong><br \/>\nSe puede ver polis atrapados tanto en el adenocarcinoma endocervical como en el adenocarcinoma endometrial.<br \/>\n60x<\/div>\n<div class=\"newRow\"><\/div>\n<div class=\"chartColumnCell\">\n<a href=\"\/gallery\/images_large\/slide0081.jpg\" class=\"highslide\" onclick=\"return hs.expand(this)\"><br \/>\n\t<img decoding=\"async\" src=\"\/gallery\/images\/slide0081.jpg\" alt=\"Image 5\" border=\"0\" title=\"Click to enlarge\"><\/a><\/p>\n<div class=\"highslide-caption\">\n\t<strong>Adenocarcinoma Endocervical<\/strong><br \/>\nLos n\u00facleos est\u00e1n aumentados de tama\u00f1o, suelen ocupar m\u00e1s de 2\/3 del citoplasma y generalmente son redondos a ovales con membranas nucleares onduladas. 60x<\/div>\n<\/div>\n<div class=\"chartColumnShortCell\">\n \t<strong>Adenocarcinoma Endocervical<\/strong><br \/>\nLos n\u00facleos est\u00e1n aumentados de tama\u00f1o, suelen ocupar m\u00e1s de 2\/3 del citoplasma y generalmente son redondos a ovales con membranas nucleares onduladas.<br \/>\n60x<\/div>\n<div class=\"newRow\"><\/div>\n<div class=\"chartColumnCell\">\n<a href=\"\/gallery\/images_large\/slide0082.jpg\" class=\"highslide\" onclick=\"return hs.expand(this)\"><br \/>\n\t<img decoding=\"async\" src=\"\/gallery\/images\/slide0082.jpg\" alt=\"Image 6\" border=\"0\" title=\"Click to enlarge\"><\/a><\/p>\n<div class=\"highslide-caption\">\n\t<strong>Adenocarcinoma Endocervical<\/strong><br \/>\nLas membranas nucleares est\u00e1n reforzadas y las irregularidades de la membrana nuclear son onduladas en contraposici\u00f3n a las membranas con &#8220;mordedura de rata&#8221; que vemos en lesiones escamosas. 40x<\/div>\n<\/div>\n<div class=\"chartColumnShortCell\">\n \t<strong>Adenocarcinoma Endocervical<\/strong><br \/>\nLas membranas nucleares est\u00e1n reforzadas y las irregularidades de la membrana nuclear son onduladas en contraposici\u00f3n a las membranas con &#8220;mordedura de rata&#8221; que vemos en lesiones escamosas.<br \/>\n40x<\/div>\n<div class=\"newRow\"><\/div>\n<div class=\"chartColumnCell\">\n<a href=\"\/gallery\/images_large\/slide0083.jpg\" class=\"highslide\" onclick=\"return hs.expand(this)\"><br \/>\n\t<img decoding=\"async\" src=\"\/gallery\/images\/slide0083.jpg\" alt=\"Image 7\" border=\"0\" title=\"Click to enlarge\"><\/a><\/p>\n<div class=\"highslide-caption\">\n\t<strong>Adenocarcinoma Endocervical<\/strong><br \/>\nLos patrones de cromatina var\u00edan de fina a groseramente granular y puede aparecer regularmente distribuida aunque grosera y agrupada. Los n\u00facleos aparecen hipercrom\u00e1ticos y muestras mayor profundidad de foco en comparaci\u00f3n a la entidad normal. 60x<\/div>\n<\/div>\n<div class=\"chartColumnShortCell\">\n \t<strong>Adenocarcinoma Endocervical<\/strong><br \/>\nLos patrones de cromatina var\u00edan de fina a groseramente granular y puede aparecer regularmente distribuida aunque grosera y agrupada. Los n\u00facleos aparecen hipercrom\u00e1ticos y muestras mayor profundidad de foco en comparaci\u00f3n a la entidad normal.<br \/>\n60x<\/div>\n<div class=\"newRow\"><\/div>\n<div class=\"chartColumnCell\">\n<a href=\"\/gallery\/images_large\/slide0084.jpg\" class=\"highslide\" onclick=\"return hs.expand(this)\"><br \/>\n\t<img decoding=\"async\" src=\"\/gallery\/images\/slide0084.jpg\" alt=\"Image 8\" border=\"0\" title=\"Click to enlarge\"><\/a><\/p>\n<div class=\"highslide-caption\">\n\t<strong>Adenocarcinoma Endocervical<\/strong><br \/>\nEl aclaramiento de la cromatina puede ser evidente y los n\u00facleos muestran una profundidad de foco mayor en comparaci\u00f3n con los n\u00facleos Endocervicales normales.  60x<\/div>\n<\/div>\n<div class=\"chartColumnShortCell\">\n \t<strong>Adenocarcinoma Endocervical<\/strong><br \/>\nEl aclaramiento de la cromatina puede ser evidente y los n\u00facleos muestran una profundidad de foco mayor en comparaci\u00f3n con los n\u00facleos Endocervicales normales.<br \/>\n60x<\/div>\n<div class=\"newRow\"><\/div>\n<div class=\"chartColumnCell\">\n<a href=\"\/gallery\/images_large\/slide0085.jpg\" class=\"highslide\" onclick=\"return hs.expand(this)\"><br \/>\n\t<img decoding=\"async\" src=\"\/gallery\/images\/slide0085.jpg\" alt=\"Image 9\" border=\"0\" title=\"Click to enlarge\"><\/a><\/p>\n<div class=\"highslide-caption\">\n\t<strong>Adenocarcinoma Endocervical<\/strong><br \/>\nLos nucleolos cuando aparecen son prominentes y a menudo m\u00faltiples e irregulares. 60x<\/div>\n<\/div>\n<div class=\"chartColumnShortCell\">\n \t<strong>Adenocarcinoma Endocervical<\/strong><br \/>\nLos nucleolos cuando aparecen son prominentes y a menudo m\u00faltiples e irregulares.<br \/>\n60x<\/div>\n<div class=\"newRow\"><\/div>\n<div class=\"chartColumnCell\">\n<a href=\"\/gallery\/images_large\/slide0072.jpg\" class=\"highslide\" onclick=\"return hs.expand(this)\"><br \/>\n\t<img decoding=\"async\" src=\"\/gallery\/images\/slide0072.jpg\" alt=\"Image 10\" border=\"0\" title=\"Click to enlarge\"><\/a><\/p>\n<div class=\"highslide-caption\">\n\t<strong>Adenocarcinoma Endocervical<\/strong><br \/>\nPuede haber di\u00e1tesis tumoral y Aparece como un &#8220;velo&#8221; con una debris denso o linear en el centro y una apariencia deshilachada, ra\u00edda y estirada del material alrededor de los bordes del grupo.60x<\/div>\n<\/div>\n<div class=\"chartColumnShortCell\">\n \t<strong>Adenocarcinoma Endocervical<\/strong><br \/>\nPuede haber di\u00e1tesis tumoral y Aparece como un &#8220;velo&#8221; con una debris denso o linear en el centro y una apariencia deshilachada, ra\u00edda y estirada del material alrededor de los bordes del grupo.<br \/>\n60x<\/div>\n<div class=\"newRow\"><\/div>\n<div class=\"chartColumnCell\">\n<a href=\"\/gallery\/images_large\/slide0071.jpg\" class=\"highslide\" onclick=\"return hs.expand(this)\"><br \/>\n\t<img decoding=\"async\" src=\"\/gallery\/images\/slide0071.jpg\" alt=\"Image 11\" border=\"0\" title=\"Click to enlarge\"><\/a><\/p>\n<div class=\"highslide-caption\">\n\t<strong>Adenocarcinoma Endocervical<\/strong><br \/>\nLas c\u00e9lulas de un adenocarcinoma Endocervicales pueden ir acompa\u00f1adas de hemat\u00edes fantasma.60x<\/div>\n<\/div>\n<div class=\"chartColumnShortCell\">\n \t<strong>Adenocarcinoma Endocervical<\/strong><br \/>\nLas c\u00e9lulas de un adenocarcinoma Endocervicales pueden ir acompa\u00f1adas de hemat\u00edes fantasma.<br \/>\n60x<\/div>\n<div class=\"newRow\"><\/div>\n<p class=\"subhead\">DIAGN\u00d3STICOS DIFERENCIALES*:<\/p>\n<table class=\"chart\">\n<tbody>\n<tr class=\"chart\">\n<td width=\"152\"><\/td>\n<td width=\"136\" class=\"heading\">\tADENO\/ CARCINOMA ENDOCERVICAL<\/td>\n<td width=\"88\" class=\"heading\">\tADENO\/ CARCINOMA IN SITU <\/td>\n<td width=\"88\" class=\"heading\">\tREPARACI\u00d3N ENDOCERVICAL <\/td>\n<td width=\"88\" class=\"heading\">CARCINOMA ESCAMOSO<br \/>(con afectaci\u00f3n glandular)<\/td>\n<\/tr>\n<tr>\n<td class=\"chart\">Presentaci\u00f3n del tejido<\/td>\n<td class=\"chart\"> \tPocas c\u00e9lulas sueltas y placas bidimensionales con los bordes de los grupos bien definidos (borde en fest\u00f3n)<\/td>\n<td class=\"chart\">Tiras de epitelio glandular con pseudoe\/ stratificaci\u00f3n, en plumas, rosetas, pocas c\u00e9lulas sueltas <\/td>\n<td class=\"chart\"> \tPlacas planas de epitelio <\/td>\n<td class=\"chart\"> \tComponente definidamente escamoso, placas de epitelio pobremente diferenciado con citoplasma espumoso y diferenciaci\u00f3n glandular no definitiva<\/td>\n<\/tr>\n<tr class=\"chart\">\n<td class=\"chart\">Citoplasma<\/td>\n<td class=\"chart\">\t \tFinamente vacuolado con predominio de m\u00faltiples vacuolas discretas, relaci\u00f3n N\/C 2:1 <\/td>\n<td class=\"chart\">Vacuolado, mantiene alguna diferenciaci\u00f3n columnar, relaci\u00f3n N\/C aumentada.  <\/td>\n<td class=\"chart\"> \tAbundante apariencia de \u201ccultivo de tejido\u201d,Baja relaci\u00f3n N\/C <\/td>\n<td class=\"chart\">\tFinamente vacuolado, sin vacuolas discretas, citoplasma mal definido en los bordes del grupo<br \/>\n(apariencia deshilachada)<\/td>\n<\/tr>\n<tr>\n<td class=\"chart\">N\u00facleo<\/td>\n<td class=\"chart\"> \tAumentado de tama\u00f1o, redondo u oval <\/td>\n<td class=\"chart\">Aumentados, oval o elongado <\/td>\n<td class=\"chart\"> \tVariable en tama\u00f1o dentro del grupo, redondo<\/td>\n<td class=\"chart\">Variable, redondo u oval<\/td>\n<\/tr>\n<tr class=\"chart\">\n<td class=\"chart\">Membrana Nuclear<\/td>\n<td class=\"chart\">Suave a irregular (ondulante), reforzada<\/td>\n<td class=\"chart\">Suave a ligeramente irregular  <\/td>\n<td class=\"chart\">Suave<\/td>\n<td class=\"chart\">Suave a irregular(mordiscos y hendiduras)<\/td>\n<\/tr>\n<tr>\n<td class=\"chart\">Cromatina <\/td>\n<td class=\"chart\">\tGrosera, irregularmente distribuida, aclaraci\u00f3n de la paracromatina, mayor profundidad de foco<\/td>\n<td class=\"chart\"> \tFinamente granular, distribuida de forma regular, hipercrom\u00e1tica, profundidad de foco aumentada  <\/td>\n<td class=\"chart\">Finamente o groseramente granular, homog\u00e9neamente distribuida, hipocrom\u00e1tica, foco plano<\/td>\n<td class=\"chart\">Finamente granular, distribuida homog\u00e9neamente, mayor profundidad de foco<\/td>\n<\/tr>\n<tr class=\"chart\">\n<td class=\"chart\">Nucleolos <\/td>\n<td class=\"chart\"> \tGrandes, prominentes, suaves o irregulares, \u00fanicos o m\u00faltiples <\/td>\n<td class=\"chart\"> \tNo bien definidos o moderados en tama\u00f1o y regulare  <\/td>\n<td class=\"chart\">\t\t\tPeque\u00f1o, a veces m\u00faltiples, en cada n\u00facleo<\/td>\n<td class=\"chart\">Ausente u ocasional, peque\u00f1o<\/td>\n<\/tr>\n<\/tbody>\n<\/table>\n<p>\n* El lector debe observar que los criterios mencionados anteriormente corresponden a la apariencia cl\u00e1sica de cada entidad diagn\u00f3stica y que estas entidades pueden superponerse en sus criterios haciendo que el diagn\u00f3stico definitivo sea m\u00e1s dif\u00edcil. La intenci\u00f3n de estos criterios es la de servir como gu\u00eda para establecer una l\u00ednea base teniendo en cuenta un rango de apariencias epiteliales y diagn\u00f3sticos limites a tener en consideraci\u00f3n <\/p>\n<div class=\"chartColumnCell\">\n<a href=\"\/gallery\/images_large\/slide0073.jpg\" class=\"highslide\" onclick=\"return hs.expand(this)\"><br \/>\n\t<img decoding=\"async\" src=\"\/gallery\/images\/slide0073.jpg\" alt=\"Image 12\" border=\"0\" title=\"Click to enlarge\"><\/a><\/p>\n<div class=\"highslide-caption\">\n\t<strong>Diagn\u00f3stico Diferencial<\/strong><br \/>\nAdenocarcinoma Endocervical 40x<\/div>\n<\/div>\n<div class=\"chartColumnShortCell\">\n \t\t<strong>Diagn\u00f3stico Diferencial<\/strong><br \/>\nAdenocarcinoma Endocervical<br \/>\n40x<\/div>\n<div class=\"newRow\"><\/div>\n<div class=\"chartColumnCell\">\n<a href=\"\/gallery\/images_large\/slide0074.jpg\" class=\"highslide\" onclick=\"return hs.expand(this)\"><br \/>\n\t<img decoding=\"async\" src=\"\/gallery\/images\/slide0074.jpg\" alt=\"Image 13\" border=\"0\" title=\"Click to enlarge\"><\/a><\/p>\n<div class=\"highslide-caption\">\n\t<strong>Diagn\u00f3stico Diferencial<\/strong><br \/>\nAdenocarcinoma in situ 60x<\/div>\n<\/div>\n<div class=\"chartColumnShortCell\">\n \t<strong>Diagn\u00f3stico Diferencial<\/strong><br \/>\nAdenocarcinoma in situ<br \/>\n60x<\/div>\n<div class=\"newRow\"><\/div>\n<div class=\"chartColumnCell\">\n<a href=\"\/gallery\/images_large\/slide0075.jpg\" class=\"highslide\" onclick=\"return hs.expand(this)\"><br \/>\n\t<img decoding=\"async\" src=\"\/gallery\/images\/slide0075.jpg\" alt=\"Image 14\" border=\"0\" title=\"Click to enlarge\"><\/a><\/p>\n<div class=\"highslide-caption\">\n\t<strong>Diagn\u00f3stico Diferencial<\/strong><br \/>\nReparaci\u00f3n Endocervical  40x<\/div>\n<\/div>\n<div class=\"chartColumnShortCell\">\n \t<strong>Diagn\u00f3stico Diferencial<\/strong><br \/>\nReparaci\u00f3n Endocervical<br \/>\n40x<\/div>\n<div class=\"newRow\"><\/div>\n<div class=\"chartColumnCell\">\n<a href=\"\/gallery\/images_large\/slide0076.jpg\" class=\"highslide\" onclick=\"return hs.expand(this)\"><br \/>\n\t<img decoding=\"async\" src=\"\/gallery\/images\/slide0076.jpg\" alt=\"Image 15\" border=\"0\" title=\"Click to enlarge\"><\/a><\/p>\n<div class=\"highslide-caption\">\n\t<strong>Diagn\u00f3stico Diferencial<\/strong><br \/>\nCarcinoma escamoso coN afectaci\u00f3n glandular 60x<\/div>\n<\/div>\n<div class=\"chartColumnShortCell\">\n \t<strong>Diagn\u00f3stico Diferenciale<\/strong><br \/>\nCarcinoma escamoso coN afectaci\u00f3n glandular<br \/>\n60x<\/div>\n<div class=\"newRow\"><\/div>\n<p> <a name=\"readings\"><\/a><strong>LECTURAS RECOMENDADAS:<\/strong><\/p>\n<ol class=\"normal\">\n<li>Ashfaq R et al: ThinPrep Pap Test accuracy for glandular disease. Acta Cytol 1999;43: 81-85.   <\/li>\n<li>Bai H et al: ThinPrep<sup>\u00ae<\/sup> Pap Test promotes detection of glandular lesions of the endocervix. Diag Cytopathol 2000; 23 (1): 19-22.   <\/li>\n<li>Johnson JE and Rahemtulla A: Endocervical glandular neoplasia and its mimics in ThinPrep Pap Tests. A descriptive study. Acta Cytol 1999; 43(3): 369-75. <\/li>\n<li>Roberts JM et al: Comparison of ThinPrep and Pap Smear in relation to prediction of Adenocarcinoma In Situ. Acta Cytol 1999 Jan-Feb:43(1):74-802\n <\/li>\n<li>Smith HO et al: The rising incidence of adenocarcinoma relative to squamous cell carcinoma of the uterine cervix in the United States &#8211; A 24-year population-based study. Gynecol Onc 2000; 78, 97-105\n <\/li>\n<\/ol>\n<p><a href=\"#top\">Volver arriba<\/a><\/p>\n<p>[\/vc_column_text][vc_column_text css=&#8221;.vc_custom_1500390293825{margin-top: 30px !important;}&#8221; el_class=&#8221;back-to-top&#8221;]<strong><a href=\"#main\">Back to Top<\/a><\/strong>[\/vc_column_text][\/vc_column][vc_column width=&#8221;1\/3&#8243; offset=&#8221;vc_hidden-sm vc_hidden-xs&#8221;][vc_widget_sidebar sidebar_id=&#8221;consulting-right-sidebar&#8221;][\/vc_column][\/vc_row]<\/p>\n","protected":false},"excerpt":{"rendered":"<p>[vc_row 0=&#8221;&#8221;][vc_column 0=&#8221;&#8221; offset=&#8221;vc_hidden-lg vc_hidden-md&#8221;][vc_raw_html 0=&#8221;&#8221;]PGNlbnRlcj48YSBjbGFzcz0ic2hpZnRuYXYtdG9nZ2xlIHNoaWZ0bmF2LXRvZ2dsZS1idXR0b24iIGRhdGEtc2hpZnRuYXYtdGFyZ2V0PSJzaGlmdG5hdi1tYWluIj48aSBjbGFzcz0iZmEgZmEtYmFycyI+PC9pPiBUYWJsZSBvZiBDb250ZW50cyA8L2E+PC9jZW50ZXI+[\/vc_raw_html][\/vc_column][\/vc_row][vc_row][vc_column][vc_custom_heading text=&#8221;ANOMALIAS DE C\u00c9LULAS EPITELIALES&#8221; font_container=&#8221;tag:h1|text_align:center&#8221; use_theme_fonts=&#8221;yes&#8221;][\/vc_column][\/vc_row][vc_row el_id=&#8221;acknowledgements&#8221;][vc_column width=&#8221;2\/3&#8243;][vc_column_text] ANOMALIAS DE C\u00c9LULAS EPITELIALES ADENOCARCINOMA ENDOCERVICAL : Raheela Ashfaq, MD Las c\u00e9lulas de una adenocarcinoma endocervical representadas en ThinPrep est\u00e1n bien preservadas y mantienen las estructuras glandulares cl\u00e1sicas y agrupamiento como se observan en otros m\u00e9todos de recogida en base l\u00edquida,<\/p>\n","protected":false},"author":7,"featured_media":0,"parent":1892,"menu_order":0,"comment_status":"closed","ping_status":"closed","template":"","meta":{"ngg_post_thumbnail":0,"footnotes":""},"class_list":["post-1899","page","type-page","status-publish","hentry"],"_links":{"self":[{"href":"https:\/\/cytologystuff.com\/es\/wp-json\/wp\/v2\/pages\/1899","targetHints":{"allow":["GET"]}}],"collection":[{"href":"https:\/\/cytologystuff.com\/es\/wp-json\/wp\/v2\/pages"}],"about":[{"href":"https:\/\/cytologystuff.com\/es\/wp-json\/wp\/v2\/types\/page"}],"author":[{"embeddable":true,"href":"https:\/\/cytologystuff.com\/es\/wp-json\/wp\/v2\/users\/7"}],"replies":[{"embeddable":true,"href":"https:\/\/cytologystuff.com\/es\/wp-json\/wp\/v2\/comments?post=1899"}],"version-history":[{"count":0,"href":"https:\/\/cytologystuff.com\/es\/wp-json\/wp\/v2\/pages\/1899\/revisions"}],"up":[{"embeddable":true,"href":"https:\/\/cytologystuff.com\/es\/wp-json\/wp\/v2\/pages\/1892"}],"wp:attachment":[{"href":"https:\/\/cytologystuff.com\/es\/wp-json\/wp\/v2\/media?parent=1899"}],"curies":[{"name":"wp","href":"https:\/\/api.w.org\/{rel}","templated":true}]}}