{"id":1892,"date":"2017-07-25T17:26:22","date_gmt":"2017-07-25T17:26:22","guid":{"rendered":"http:\/\/cytologystuff1.wpengine.com\/gyn-atlas-table-of-contents\/"},"modified":"2018-03-15T17:51:33","modified_gmt":"2018-03-15T17:51:33","slug":"gyn-atlas-table-of-contents","status":"publish","type":"page","link":"https:\/\/cytologystuff.com\/es\/gyn-atlas-table-of-contents\/","title":{"rendered":"GYN Atlas &#8211; Indice de contenidos"},"content":{"rendered":"<p>[vc_row][vc_column][vc_custom_heading text=&#8221;Atlas GINE Tabla de Contenidos&#8221; font_container=&#8221;tag:h1|text_align:center&#8221; use_theme_fonts=&#8221;yes&#8221;][\/vc_column][\/vc_row][vc_row css=&#8221;.vc_custom_1501004719015{margin-bottom: 25px !important;}&#8221;][vc_column width=&#8221;2\/3&#8243;][vc_tta_accordion color=&#8221;sky&#8221; active_section=&#8221;1&#8243; collapsible_all=&#8221;true&#8221;][vc_tta_section title=&#8221;INTRODUCCI\u00d3N&#8221; tab_id=&#8221;1501003616475-03cd55e8-b404&#8243;][vc_row_inner 0=&#8221;&#8221;][vc_column_inner 0=&#8221;&#8221;][vc_column_text 0=&#8221;&#8221;]<\/p>\n<ul>\n<li style=\"list-style-type: none;\">\n<ul>\n<li><span style=\"font-size: 14pt;\"><a href=\"https:\/\/cytologystuff.com\/zh-hans\/gyn-atlas-table-of-contents\/introduction\/#acknowledgements\">AGRADECIMIENTOS<br \/>\nSuzanne M. Werneke BA, CT(ASCP)<\/a><\/span><\/li>\n<\/ul>\n<\/li>\n<\/ul>\n<ul>\n<li style=\"list-style-type: none;\">\n<ul>\n<li><span style=\"font-size: 14pt;\"><a href=\"https:\/\/cytologystuff.com\/zh-hans\/gyn-atlas-table-of-contents\/introduction\/#intro\">INTRODUCCI\u00d3N<\/a><\/span><\/li>\n<\/ul>\n<\/li>\n<\/ul>\n<ul>\n<li style=\"list-style-type: none;\">\n<ul>\n<li><span style=\"font-size: 14pt;\"><a href=\"https:\/\/cytologystuff.com\/zh-hans\/gyn-atlas-table-of-contents\/introduction\/#over\">RESUMEN DEL M\u00c9TODO DE PREPARACI\u00d3N DEL THINPREP<\/a><\/span><\/li>\n<\/ul>\n<\/li>\n<\/ul>\n<ul>\n<li style=\"list-style-type: none;\">\n<ul>\n<li><span style=\"font-size: 14pt;\"><a href=\"https:\/\/cytologystuff.com\/zh-hans\/gyn-atlas-table-of-contents\/introduction\/#scientific\">FUNDAMENTOS CIENT\u00cdFICOS David Zahniser, PhD<\/a><\/span><\/li>\n<\/ul>\n<\/li>\n<\/ul>\n<ul>\n<li style=\"list-style-type: none;\">\n<ul>\n<li><span style=\"font-size: 14pt;\"><a href=\"https:\/\/cytologystuff.com\/zh-hans\/gyn-atlas-table-of-contents\/introduction\/#micro\">EVALUACI\u00d3N MICROSC\u00d3PICA DE LAS PREPARACIONES THINPREP<br \/>\nDeanna K. Iverson, MHS, SCT(ASCP), HTL<\/a><\/span><\/li>\n<\/ul>\n<\/li>\n<\/ul>\n<p>[\/vc_column_text][\/vc_column_inner][\/vc_row_inner][\/vc_tta_section][vc_tta_section title=&#8221;ADECUACI\u00d3N DE LA MUESTRA&#8221; tab_id=&#8221;1501004541917-ea783388-8054&#8243;][vc_row_inner 0=&#8221;&#8221;][vc_column_inner 0=&#8221;&#8221;][vc_column_text 0=&#8221;&#8221;]<\/p>\n<ul>\n<li style=\"list-style-type: none;\">\n<ul>\n<li><span style=\"font-size: 14pt;\"><a href=\"https:\/\/cytologystuff.com\/zh-hans\/gyn-atlas-table-of-contents\/specimen-adequacy\/#satisfactory\">Satisfactorio para la evaluaci\u00f3n<\/a><\/span><\/li>\n<\/ul>\n<\/li>\n<\/ul>\n<ul>\n<li style=\"list-style-type: none;\">\n<ul>\n<li><span style=\"font-size: 14pt;\"><a href=\"https:\/\/cytologystuff.com\/zh-hans\/gyn-atlas-table-of-contents\/specimen-adequacy\/#unsatisfactory\">Insatisfactorio para la evaluaci\u00f3n<\/a><\/span><\/li>\n<\/ul>\n<\/li>\n<\/ul>\n<ul>\n<li style=\"list-style-type: none;\">\n<ul>\n<li><span style=\"font-size: 14pt;\"><a href=\"https:\/\/cytologystuff.com\/zh-hans\/gyn-atlas-table-of-contents\/specimen-adequacy\/#transformation\">Componente de la Zona de Transformaci\u00f3n<\/a><\/span><\/li>\n<\/ul>\n<\/li>\n<\/ul>\n<ul>\n<li style=\"list-style-type: none;\">\n<ul>\n<li><span style=\"font-size: 14pt;\"><a href=\"https:\/\/cytologystuff.com\/zh-hans\/gyn-atlas-table-of-contents\/specimen-adequacy\/#readings\">Lecturas recomendadas<\/a><\/span><\/li>\n<\/ul>\n<\/li>\n<\/ul>\n<p>[\/vc_column_text][\/vc_column_inner][\/vc_row_inner][\/vc_tta_section][vc_tta_section title=&#8221;NEGATIVO PARA LESI\u00d3N INTRAEPITELIAL O MALIGNIDAD Jacalyn L. Papillo, BS, CT(ASCP) &amp; Pamela Smith Piraino, CT(ASCP)&#8221; tab_id=&#8221;1501004546764-461e918e-6b7e&#8221;][vc_row_inner 0=&#8221;&#8221;][vc_column_inner 0=&#8221;&#8221;][vc_column_text 0=&#8221;&#8221;]<\/p>\n<ul>\n<li style=\"list-style-type: none;\">\n<ul>\n<li><span style=\"font-size: 14pt;\"><a href=\"https:\/\/cytologystuff.com\/zh-hans\/gyn-atlas-table-of-contents\/negative-for-intraepithelial-lesion-or-malignancy\/#findings\">OORGANISMOS Y OTROS HALLAZGOS NO NEOPL\u00c1SICOS<\/a><\/span>\n<ul class=\"sublist\">\n<li style=\"list-style-type: none;\">\n<ul class=\"sublist\">\n<li><a href=\"https:\/\/cytologystuff.com\/zh-hans\/gyn-atlas-table-of-contents\/negative-for-intraepithelial-lesion-or-malignancy\/#readings\">Lecturas recomendadass<\/a><\/li>\n<\/ul>\n<\/li>\n<\/ul>\n<\/li>\n<\/ul>\n<\/li>\n<\/ul>\n<p>[\/vc_column_text][\/vc_column_inner][\/vc_row_inner][\/vc_tta_section][vc_tta_section title=&#8221;ANOMAL\u00cdAS EN C\u00c9LULAS EPITELIALES: C\u00c9LULAS ESCAMOSAS&#8221; tab_id=&#8221;1501004767867-781d9e8e-c76f&#8221;][vc_row_inner 0=&#8221;&#8221;][vc_column_inner 0=&#8221;&#8221;][vc_column_text 0=&#8221;&#8221;]<\/p>\n<ul>\n<li style=\"list-style-type: none;\">\n<ul>\n<li><span style=\"font-size: 14pt;\">C\u00c9LULAS ESCAMOSAS<\/span><\/li>\n<\/ul>\n<\/li>\n<\/ul>\n<ul>\n<li style=\"list-style-type: none;\">\n<ul>\n<li><span style=\"font-size: 14pt;\"><a href=\"https:\/\/cytologystuff.com\/zh-hans\/gyn-atlas-table-of-contents\/atypical-squamous-cells\/#squamos\">C\u00c9LULAS ESCAMOSAS AT\u00cdPICAS Richard A. Smith, MD, PhD<\/a><\/span>\n<ul class=\"sublist\">\n<li style=\"list-style-type: none;\">\n<ul class=\"sublist\">\n<li><a href=\"https:\/\/cytologystuff.com\/zh-hans\/gyn-atlas-table-of-contents\/atypical-squamous-cells\/#assess\">Gu\u00edas para la valoraci\u00f3n\/Criterios<\/a><\/li>\n<\/ul>\n<\/li>\n<\/ul>\n<ul class=\"sublist\">\n<li style=\"list-style-type: none;\">\n<ul class=\"sublist\">\n<li><a href=\"https:\/\/cytologystuff.com\/zh-hans\/gyn-atlas-table-of-contents\/atypical-squamous-cells\/#readings\">Lecturas recomendadas<\/a><\/li>\n<\/ul>\n<\/li>\n<\/ul>\n<\/li>\n<\/ul>\n<\/li>\n<\/ul>\n<ul>\n<li style=\"list-style-type: none;\">\n<ul>\n<li><span style=\"font-size: 14pt;\"><a href=\"https:\/\/cytologystuff.com\/zh-hans\/gyn-atlas-table-of-contents\/low-grade-squamous-intraepithelial-lesion\/#squamous\">LESI\u00d3N INTRAEPITELIAL ESCAMOSA DE BAJO GRADO (LSIL)<br \/>\nDiane D. Davey, MD<\/a><\/span><\/p>\n<ul class=\"sublist\">\n<li style=\"list-style-type: none;\">\n<ul class=\"sublist\">\n<li><a href=\"https:\/\/cytologystuff.com\/zh-hans\/gyn-atlas-table-of-contents\/low-grade-squamous-intraepithelial-lesion\/#assess\">Gu\u00edas para la valoraci\u00f3n\/Criterios<\/a><\/li>\n<\/ul>\n<\/li>\n<\/ul>\n<ul class=\"sublist\">\n<li style=\"list-style-type: none;\">\n<ul class=\"sublist\">\n<li><a href=\"https:\/\/cytologystuff.com\/zh-hans\/gyn-atlas-table-of-contents\/low-grade-squamous-intraepithelial-lesion\/#readings\">Lecturas recomendadas<\/a><\/li>\n<\/ul>\n<\/li>\n<\/ul>\n<\/li>\n<\/ul>\n<\/li>\n<\/ul>\n<ul>\n<li style=\"list-style-type: none;\">\n<ul>\n<li><span style=\"font-size: 14pt;\"><a href=\"https:\/\/cytologystuff.com\/zh-hans\/gyn-atlas-table-of-contents\/high-grade-squamous-intraepithelial-lesion\/#squamous\">LESI\u00d3N ESCAMOSA INTRAEPITELIAL DE ALTO GRADO (HSIL)<br \/>\nJohn M. Bauer, MD<\/a><\/span><\/p>\n<ul class=\"sublist\">\n<li style=\"list-style-type: none;\">\n<ul class=\"sublist\">\n<li><a href=\"https:\/\/cytologystuff.com\/zh-hans\/gyn-atlas-table-of-contents\/high-grade-squamous-intraepithelial-lesion\/#assess\">Gu\u00edas para la valoraci\u00f3n\/Criterios<\/a><\/li>\n<\/ul>\n<\/li>\n<\/ul>\n<ul class=\"sublist\">\n<li style=\"list-style-type: none;\">\n<ul class=\"sublist\">\n<li><a href=\"https:\/\/cytologystuff.com\/zh-hans\/gyn-atlas-table-of-contents\/high-grade-squamous-intraepithelial-lesion\/#readings\">Lecturas recomendadas<\/a><\/li>\n<\/ul>\n<\/li>\n<\/ul>\n<\/li>\n<\/ul>\n<\/li>\n<\/ul>\n<ul>\n<li style=\"list-style-type: none;\">\n<ul>\n<li><span style=\"font-size: 14pt;\"><a href=\"https:\/\/cytologystuff.com\/de\/gyn-atlas-table-of-contents\/squamous-cell-carcinoma\/#squamous\">CARCINOMA ESCAMOSO<br \/>\nR. Marshall Austin, MD. PhD<\/a><\/span><\/p>\n<ul class=\"sublist\">\n<li style=\"list-style-type: none;\">\n<ul class=\"sublist\">\n<li><a href=\"https:\/\/cytologystuff.com\/de\/gyn-atlas-table-of-contents\/squamous-cell-carcinoma\/#assess\">Gu\u00edas para la valoraci\u00f3n\/Criterios<\/a><\/li>\n<\/ul>\n<\/li>\n<\/ul>\n<ul class=\"sublist\">\n<li style=\"list-style-type: none;\">\n<ul class=\"sublist\">\n<li><a href=\"https:\/\/cytologystuff.com\/de\/gyn-atlas-table-of-contents\/squamous-cell-carcinoma\/#readings\">Lecturas recomendadas<\/a><\/li>\n<\/ul>\n<\/li>\n<\/ul>\n<\/li>\n<\/ul>\n<\/li>\n<\/ul>\n<p>[\/vc_column_text][\/vc_column_inner][\/vc_row_inner][\/vc_tta_section][vc_tta_section title=&#8221;ANOMAL\u00cdAS EN C\u00c9LULAS EPITELIALES: C\u00c9LULAS GLANDULARES&#8221; tab_id=&#8221;1515149825233-6f129462-a7fc&#8221;][vc_row_inner 0=&#8221;&#8221;][vc_column_inner 0=&#8221;&#8221;][vc_column_text 0=&#8221;&#8221;]<\/p>\n<ul>\n<li style=\"list-style-type: none;\">\n<ul>\n<li><span style=\"font-size: 14pt;\"><a href=\"https:\/\/cytologystuff.com\/zh-hans\/gyn-atlas-table-of-contents\/glandular-cells\/\">C\u00c9LULAS GLANDULARES<\/a><\/span>\n<ul class=\"sublist\">\n<li style=\"list-style-type: none;\">\n<ul class=\"sublist\">\n<li><a href=\"https:\/\/cytologystuff.com\/zh-hans\/gyn-atlas-table-of-contents\/glandular-cells\/#cells\">C\u00e9lulas Endometriales: Otro<\/a><\/li>\n<\/ul>\n<\/li>\n<\/ul>\n<\/li>\n<\/ul>\n<\/li>\n<\/ul>\n<ul>\n<li style=\"list-style-type: none;\">\n<ul>\n<li><span style=\"font-size: 14pt;\"><a href=\"https:\/\/cytologystuff.com\/zh-hans\/gyn-atlas-table-of-contents\/glandular-cells\/#nos\">C\u00e9lulas Glandulares At\u00edpicas (NOS)<br \/>\nJoyce E. Johnson, MD<\/a><\/span><\/li>\n<\/ul>\n<\/li>\n<\/ul>\n<ul>\n<li style=\"list-style-type: none;\">\n<ul>\n<li><span style=\"font-size: 14pt;\"><a href=\"https:\/\/cytologystuff.com\/zh-hans\/gyn-atlas-table-of-contents\/glandular-cells\/#atypical\">ADENOCARCINOMA ENDOCERVICAL IN SITU (AIS)<br \/>\nJoyce E. Johnson, MD<\/a><\/span><\/p>\n<ul class=\"sublist\">\n<li style=\"list-style-type: none;\">\n<ul class=\"sublist\">\n<li><a href=\"https:\/\/cytologystuff.com\/zh-hans\/gyn-atlas-table-of-contents\/glandular-cells\/#assess\">Gu\u00edas para la valoraci\u00f3n\/Criterios<\/a><\/li>\n<\/ul>\n<\/li>\n<\/ul>\n<ul class=\"sublist\">\n<li style=\"list-style-type: none;\">\n<ul class=\"sublist\">\n<li><a href=\"https:\/\/cytologystuff.com\/zh-hans\/gyn-atlas-table-of-contents\/glandular-cells\/#readings\">Lecturas recomendadas<\/a><\/li>\n<\/ul>\n<\/li>\n<\/ul>\n<\/li>\n<\/ul>\n<\/li>\n<\/ul>\n<ul>\n<li style=\"list-style-type: none;\">\n<ul>\n<li><span style=\"font-size: 14pt;\"><a href=\"https:\/\/cytologystuff.com\/zh-hans\/gyn-atlas-table-of-contents\/endocervical-adenocarcinoma\/\">ADENOCARCINOMA ENDOCERVICAL<br \/>\nRaheela Ashfaq, MD<\/a><\/span><\/p>\n<ul class=\"sublist\">\n<li style=\"list-style-type: none;\">\n<ul class=\"sublist\">\n<li><a href=\"https:\/\/cytologystuff.com\/zh-hans\/gyn-atlas-table-of-contents\/endocervical-adenocarcinoma\/#assess\">Gu\u00edas para la valoraci\u00f3n\/Criterios<\/a><\/li>\n<\/ul>\n<\/li>\n<\/ul>\n<ul class=\"sublist\">\n<li style=\"list-style-type: none;\">\n<ul class=\"sublist\">\n<li><a href=\"https:\/\/cytologystuff.com\/zh-hans\/gyn-atlas-table-of-contents\/endocervical-adenocarcinoma\/#readings\">Lecturas recomendadas<\/a><\/li>\n<\/ul>\n<\/li>\n<\/ul>\n<\/li>\n<\/ul>\n<\/li>\n<\/ul>\n<ul>\n<li style=\"list-style-type: none;\">\n<ul>\n<li><span style=\"font-size: 14pt;\"><a href=\"https:\/\/cytologystuff.com\/zh-hans\/gyn-atlas-table-of-contents\/endometrial-adenocarcinoma\/\">ADENOCARCINOMA ENDOMETRIAL<br \/>\nLuis A. Diaz-Rosario, MD<\/a><\/span><\/p>\n<ul class=\"sublist\">\n<li style=\"list-style-type: none;\">\n<ul class=\"sublist\">\n<li><a href=\"https:\/\/cytologystuff.com\/zh-hans\/gyn-atlas-table-of-contents\/endometrial-adenocarcinoma\/#assess\">Gu\u00edas para la valoraci\u00f3n\/Criterios<\/a><\/li>\n<\/ul>\n<\/li>\n<\/ul>\n<ul class=\"sublist\">\n<li style=\"list-style-type: none;\">\n<ul class=\"sublist\">\n<li><a href=\"https:\/\/cytologystuff.com\/zh-hans\/gyn-atlas-table-of-contents\/endometrial-adenocarcinoma\/#readings\">Lecturas recomendadas<\/a><\/li>\n<\/ul>\n<\/li>\n<\/ul>\n<\/li>\n<\/ul>\n<\/li>\n<\/ul>\n<p>[\/vc_column_text][\/vc_column_inner][\/vc_row_inner][\/vc_tta_section][vc_tta_section title=&#8221;TRAS NEOPLASIAS MALIGNAS INCLUYENDO LESIONES MALIGNAS EXTRAUTERINAS Martha L. Hutchinson, MD, PhD&#8221; tab_id=&#8221;1501004896680-5e59a104-2265&#8243;][vc_row_inner 0=&#8221;&#8221;][vc_column_inner 0=&#8221;&#8221;][vc_column_text 0=&#8221;&#8221;]<\/p>\n<ul>\n<li style=\"list-style-type: none;\">\n<ul>\n<li><span style=\"font-size: 14pt;\"><a href=\"https:\/\/cytologystuff.com\/zh-hans\/gyn-atlas-table-of-contents\/other-malignant-neoplasms-including-extrauterine-malignancies\/\">OTRAS NEOPLASIAS MALIGNAS INCLUYENDO LESIONES MALIGNAS EXTRAUTERINAS<\/a><\/span><\/li>\n<\/ul>\n<\/li>\n<\/ul>\n<p>[\/vc_column_text][\/vc_column_inner][\/vc_row_inner][\/vc_tta_section][\/vc_tta_accordion][\/vc_column][vc_column width=&#8221;1\/3&#8243;][vc_single_image image=&#8221;1680&#8243; img_size=&#8221;full&#8221;][\/vc_column][\/vc_row]<\/p>\n","protected":false},"excerpt":{"rendered":"<p>[vc_row][vc_column][vc_custom_heading text=&#8221;Atlas GINE Tabla de Contenidos&#8221; font_container=&#8221;tag:h1|text_align:center&#8221; use_theme_fonts=&#8221;yes&#8221;][\/vc_column][\/vc_row][vc_row css=&#8221;.vc_custom_1501004719015{margin-bottom: 25px !important;}&#8221;][vc_column width=&#8221;2\/3&#8243;][vc_tta_accordion color=&#8221;sky&#8221; active_section=&#8221;1&#8243; collapsible_all=&#8221;true&#8221;][vc_tta_section title=&#8221;INTRODUCCI\u00d3N&#8221; tab_id=&#8221;1501003616475-03cd55e8-b404&#8243;][vc_row_inner 0=&#8221;&#8221;][vc_column_inner 0=&#8221;&#8221;][vc_column_text 0=&#8221;&#8221;] AGRADECIMIENTOS Suzanne M. Werneke BA, CT(ASCP) INTRODUCCI\u00d3N RESUMEN DEL M\u00c9TODO DE PREPARACI\u00d3N DEL THINPREP FUNDAMENTOS CIENT\u00cdFICOS David Zahniser, PhD EVALUACI\u00d3N MICROSC\u00d3PICA DE LAS PREPARACIONES THINPREP Deanna K. Iverson, MHS, SCT(ASCP), HTL [\/vc_column_text][\/vc_column_inner][\/vc_row_inner][\/vc_tta_section][vc_tta_section title=&#8221;ADECUACI\u00d3N DE LA<\/p>\n","protected":false},"author":7,"featured_media":0,"parent":0,"menu_order":0,"comment_status":"closed","ping_status":"closed","template":"","meta":{"ngg_post_thumbnail":0,"footnotes":""},"class_list":["post-1892","page","type-page","status-publish","hentry"],"_links":{"self":[{"href":"https:\/\/cytologystuff.com\/es\/wp-json\/wp\/v2\/pages\/1892","targetHints":{"allow":["GET"]}}],"collection":[{"href":"https:\/\/cytologystuff.com\/es\/wp-json\/wp\/v2\/pages"}],"about":[{"href":"https:\/\/cytologystuff.com\/es\/wp-json\/wp\/v2\/types\/page"}],"author":[{"embeddable":true,"href":"https:\/\/cytologystuff.com\/es\/wp-json\/wp\/v2\/users\/7"}],"replies":[{"embeddable":true,"href":"https:\/\/cytologystuff.com\/es\/wp-json\/wp\/v2\/comments?post=1892"}],"version-history":[{"count":0,"href":"https:\/\/cytologystuff.com\/es\/wp-json\/wp\/v2\/pages\/1892\/revisions"}],"wp:attachment":[{"href":"https:\/\/cytologystuff.com\/es\/wp-json\/wp\/v2\/media?parent=1892"}],"curies":[{"name":"wp","href":"https:\/\/api.w.org\/{rel}","templated":true}]}}