{"id":11204,"date":"2017-08-16T14:02:00","date_gmt":"2017-08-16T14:02:00","guid":{"rendered":"https:\/\/cytologystuff1.wpengine.com\/suggested-readings\/"},"modified":"2018-01-16T08:06:49","modified_gmt":"2018-01-16T08:06:49","slug":"suggested-readings","status":"publish","type":"page","link":"https:\/\/cytologystuff.com\/es\/suggested-readings\/","title":{"rendered":"Suggested Readings"},"content":{"rendered":"<p>[vc_row][vc_column][vc_custom_heading text=&#8221;Tema glandular &#8211; Lecturas recomendadas&#8221; font_container=&#8221;tag:h2|text_align:center&#8221; use_theme_fonts=&#8221;yes&#8221;][\/vc_column][\/vc_row][vc_row][vc_column width=&#8221;2\/3&#8243;][vc_column_text]<\/p>\n<div>\n<p class=\"subhead\">Detecci\u00f3n de lesiones glandulares \u2013 Estudios publicados<\/p>\n<p>La detecci\u00f3n de lesiones glandulares endocervicales es una funci\u00f3n esencial del test de papnicolaou. Sin embargo, las c\u00e9lulas glandulares anormales de la muestra de papnicolaou tambi\u00e9n pueden originarse a partir del endometrio o de sitios extrauterinos. El Pap test no ha sido dise\u00f1ado como test de screening para dichas lesiones.<\/p>\n<p>Cuando se identifiquen las anomal\u00edas glandulares sospechosas, es importante realizar una clasificaci\u00f3n precisa como lesiones glandulares verdaderas o como lesiones escamosas para que la evaluaci\u00f3n y el posterior tratamiento sean los correctos ( p.ej.: elecci\u00f3n de un m\u00e9todo de biopsia excisional frente a un seguimiento conservador). M\u00faltiples publicaciones revisadas <sup>1, 2, 3, 4, 5, 6<\/sup> describen la mayor capacidad del sistema ThinPrep\u00ae para detectar las lesiones glandulares frente al frotis de Papanicolaou convencional. Aunque estos estudios no est\u00e1n enfocados a la determinaci\u00f3n consistente de la sensibilidad de los diferentes m\u00e9todos de an\u00e1lisis de Papanicolaou para detectar tipos espec\u00edficos de lesiones glandulares, los resultados son compatibles con una confirmaci\u00f3n m\u00e1s frecuente en la biopsia de los hallazgos glandulares an\u00f3malos con el ThinPrep Pap Test que con una citolog\u00eda convencional.<\/p>\n<p>As\u00ed, el hallazgo de una an\u00f3malia glandular en una l\u00e1mina ThinPrep Pap Test merece un estudio en mayor profundidad para poder realizar una evaluaci\u00f3n definitiva de la potencial patolog\u00eda endocervical o endometrial.<\/p>\n<p id=\"readings\"><strong>Lecturas recomendadas:<\/strong><\/p>\n<ol class=\"normal\">\n<li>Ashfaq R, Gibbons D, Vela C, Saboorian MH, Iliya F. ThinPrep Pap Test. Accuracy for glandular disease. Acta Cytol 1999; 43: 81-5<\/li>\n<li>Bai H, Sung CJ, Steinhoff MM: ThinPrep Pap Test promotes detection of glandular lesions of the endocervix. Diagn Cytopathol 2000;23:19-22<\/li>\n<li>Carpenter AB , Davey DD: ThinPrep Pap Test: Performance and biopsy follow-up un a university hospital. Cancer Cytopathology 1999; 87: 105-12<\/li>\n<li>Guidos BJ, Selvaggi SM. Detection of endometrial adenocarcinoma with the ThinPrep Pap test. Diagn Cytopathol 2000; 23: 260-5<\/li>\n<li>Schorge JO, Hossein Saboorian M, Hynan L, Ashfaq R. ThinPrep detection of cervical and endometrial adenocarcinoma: A retrospective cohort study. Cancer Cytopathology 2002; 96: 338-43<\/li>\n<li>Wang N, Emancipator SN, Rose P, Rodriguez M, Abdul- Karim FW. Histologic follow-up of atypical endocervical cells. Liquid-based, thin-layer preparation vs. conventional Pap smear. Acta Cytol 2002; 46: 453-7<\/li>\n<\/ol>\n<p><a class=\"back\" href=\"#\">Volver arriba<\/a><\/p>\n<\/div>\n<p>[\/vc_column_text][vc_column_text el_class=&#8221;back-to-top&#8221;]<strong><a href=\"#main\">Back to Top<\/a><\/strong>[\/vc_column_text][\/vc_column][vc_column width=&#8221;1\/3&#8243;][vc_widget_sidebar sidebar_id=&#8221;consulting-right-sidebar2&#8243;][\/vc_column][\/vc_row]<\/p>\n","protected":false},"excerpt":{"rendered":"<p>[vc_row][vc_column][vc_custom_heading text=&#8221;Tema glandular &#8211; Lecturas recomendadas&#8221; font_container=&#8221;tag:h2|text_align:center&#8221; use_theme_fonts=&#8221;yes&#8221;][\/vc_column][\/vc_row][vc_row][vc_column width=&#8221;2\/3&#8243;][vc_column_text] Detecci\u00f3n de lesiones glandulares \u2013 Estudios publicados La detecci\u00f3n de lesiones glandulares endocervicales es una funci\u00f3n esencial del test de papnicolaou. Sin embargo, las c\u00e9lulas glandulares anormales de la muestra de papnicolaou tambi\u00e9n pueden originarse a partir del endometrio o de sitios extrauterinos. El Pap test<\/p>\n","protected":false},"author":7,"featured_media":0,"parent":0,"menu_order":0,"comment_status":"closed","ping_status":"closed","template":"","meta":{"ngg_post_thumbnail":0,"footnotes":""},"class_list":["post-11204","page","type-page","status-publish","hentry"],"_links":{"self":[{"href":"https:\/\/cytologystuff.com\/es\/wp-json\/wp\/v2\/pages\/11204","targetHints":{"allow":["GET"]}}],"collection":[{"href":"https:\/\/cytologystuff.com\/es\/wp-json\/wp\/v2\/pages"}],"about":[{"href":"https:\/\/cytologystuff.com\/es\/wp-json\/wp\/v2\/types\/page"}],"author":[{"embeddable":true,"href":"https:\/\/cytologystuff.com\/es\/wp-json\/wp\/v2\/users\/7"}],"replies":[{"embeddable":true,"href":"https:\/\/cytologystuff.com\/es\/wp-json\/wp\/v2\/comments?post=11204"}],"version-history":[{"count":0,"href":"https:\/\/cytologystuff.com\/es\/wp-json\/wp\/v2\/pages\/11204\/revisions"}],"wp:attachment":[{"href":"https:\/\/cytologystuff.com\/es\/wp-json\/wp\/v2\/media?parent=11204"}],"curies":[{"name":"wp","href":"https:\/\/api.w.org\/{rel}","templated":true}]}}