{"id":11197,"date":"2017-09-03T18:32:40","date_gmt":"2017-09-03T18:32:40","guid":{"rendered":"https:\/\/cytologystuff1.wpengine.com\/3008-2\/"},"modified":"2018-04-05T13:37:28","modified_gmt":"2018-04-05T13:37:28","slug":"watch","status":"publish","type":"page","link":"https:\/\/cytologystuff.com\/es\/watch\/","title":{"rendered":"Watch"},"content":{"rendered":"<p>[vc_row 0=&#8221;&#8221;][vc_column 0=&#8221;&#8221;][vc_custom_heading text=&#8221;OBSERVAC\u00cdON&#8221; font_container=&#8221;tag:h2|text_align:center&#8221; use_theme_fonts=&#8221;yes&#8221;][\/vc_column][\/vc_row][vc_row 0=&#8221;&#8221;][vc_column width=&#8221;3\/4&#8243;][vc_column_text 0=&#8221;&#8221;]<\/p>\n<div>\n<h2 class=\"subhead\">Presentaciones GINE<\/h2>\n<p><em><strong>Puede acceder a cualquier presentaci\u00f3n o documento indicado a continuaci\u00f3n pulsando en el t\u00edtulo correspondiente. <\/strong><\/em><\/p>\n<div class=\"chartColumn\">\n<ul class=\"normal\">\n<li><a href=\"http:\/\/icvdm.vo.llnwd.net\/o10\/hologic\/html5\/spanish\/morfologia_thinprep_i_rev3\/index.htm\" target=\"_blank\" rel=\"noopener\">Morfolog\u00eda ThinPrep\u00ae &#8211; Citolog\u00eda normal<\/a>\n<ul class=\"sublist\">\n<li><img loading=\"lazy\" decoding=\"async\" class=\"inline\" src=\"\/images\/ppt.jpeg\" width=\"16\" height=\"16\" \/><a href=\"\/es-files\/ppt\/Morfolog\u00edaThinPrepI.ppt\">High Resolution Version (22 MB PPT)<\/a><\/li>\n<li><img loading=\"lazy\" decoding=\"async\" class=\"inline\" src=\"\/images\/pdf.gif\" width=\"16\" height=\"16\" \/><a href=\"\/es-files\/ppt\/Morfolog\u00edaThinPrepIIAnomal\u00edasEpiteliales.ppt\">Web-Friendly Version (3 MB PDF)<\/a><\/li>\n<\/ul>\n<\/li>\n<li><a href=\"http:\/\/icvdm.vo.llnwd.net\/o10\/hologic\/html5\/spanish\/morfologia_thinprep_ii_anomalias_epiteliales_rev1\/index.htm\" target=\"_blank\" rel=\"noopener\">Morfolog\u00eda ThinPrep\u00ae &#8211; Anomal\u00edas de las C\u00e9lulas Epiteliales<\/a>\n<ul class=\"sublist\">\n<li><img loading=\"lazy\" decoding=\"async\" class=\"inline\" src=\"\/images\/ppt.jpeg\" width=\"16\" height=\"16\" \/><a href=\"\/es-files\/ppt\/Morfolog\u00edaThinPrepIIAnomal\u00edasEpiteliales.ppt\">High Resolution Version (27 MB PPT)<\/a><\/li>\n<li><img loading=\"lazy\" decoding=\"async\" class=\"inline\" src=\"\/images\/pdf.gif\" width=\"16\" height=\"16\" \/><a href=\"\/es-files\/pdfs\/Morfolog\u00edaThinPrepIIAnomal\u00edasEpiteliales.pdf\">Web-Friendly Version (2 MB PDF)<\/a><\/li>\n<\/ul>\n<\/li>\n<li><a href=\"http:\/\/icvdm.vo.llnwd.net\/o10\/hologic\/html5\/spanish\/dificultades_diagnosticas_y_diagnosticos_diferenciales_rev1\/index.htm\" target=\"_blank\" rel=\"noopener\">Dificultades diagn\u00f3sticas y diagn\u00f3sticos diferenciales<\/a>\n<ul class=\"sublist\">\n<li><img loading=\"lazy\" decoding=\"async\" class=\"inline\" src=\"\/images\/ppt.jpeg\" width=\"16\" height=\"16\" \/><a href=\"\/es-files\/ppt\/DificultadesDiagn\u00f3sticDiagn\u00f3sticosDiferenciales.ppt\">High Resolution Version (4 MB PPT)<\/a><\/li>\n<li><img loading=\"lazy\" decoding=\"async\" class=\"inline\" src=\"\/images\/pdf.gif\" width=\"16\" height=\"16\" \/><a href=\"\/es-files\/pdfs\/DificultadesDiagn\u00f3sticDiagn\u00f3sticosDiferenciales.pdf\">Web-Friendly Version (3 MB PDF)<\/a><\/li>\n<\/ul>\n<\/li>\n<\/ul>\n<\/div>\n<div class=\"chartColumnLong\"><img loading=\"lazy\" decoding=\"async\" src=\"\/images\/thinprep.gif\" width=\"122\" height=\"86\" \/><\/div>\n<div class=\"newRow\"><\/div>\n<div class=\"chartColumn\"><img loading=\"lazy\" decoding=\"async\" src=\"\/images\/gyn.jpg\" width=\"260\" height=\"180\" \/><\/div>\n<div class=\"newRow\"><\/div>\n<div class=\"newRow\"><\/div>\n<div id=\"separator\"><\/div>\n<h2 id=\"non\" class=\"subhead\">Presentaciones No-GINE<\/h2>\n<div class=\"chartColumn\"><img loading=\"lazy\" decoding=\"async\" src=\"\/images\/nongyn.jpg\" width=\"260\" height=\"180\" \/><\/div>\n<div class=\"chartColumn\">\n<ul class=\"normal\">\n<li><a href=\"http:\/\/icvdm.vo.llnwd.net\/o10\/hologic\/html5\/spanish\/preparacion_de_muestras_no_ginecologicas_rev2\/index.htm\" target=\"_blank\" rel=\"noopener\">Preparaci\u00f3n de Muestras No Ginecol\u00f3gicas<\/a>\n<ul class=\"sublist\">\n<li><img loading=\"lazy\" decoding=\"async\" class=\"inline\" src=\"\/images\/ppt.jpeg\" width=\"16\" height=\"16\" \/><a href=\"\/es-files\/ppt\/Preparaci\u00f3ndeMuestrasNoGinecol\u00f3gicas.ppt\">High Resolution Version (2 MB PPT)<\/a><\/li>\n<li><img loading=\"lazy\" decoding=\"async\" class=\"inline\" src=\"\/images\/pdf.gif\" width=\"16\" height=\"16\" \/><a href=\"\/es-files\/pdfs\/Preparaci\u00f3ndeMuestrasNoGinecol\u00f3gicas.pdf\" target=\"_blank\" rel=\"noopener\">Web-Friendly Version (2 MB PDF)<\/a><\/li>\n<\/ul>\n<\/li>\n<li><a href=\"http:\/\/icvdm.vo.llnwd.net\/o10\/hologic\/html5\/spanish\/citologia_general_thinprep_citologia_del_liquido_cefalorraquideo\/index.htm\" target=\"_blank\" rel=\"noopener\">Citolog\u00eda del L\u00edquido Cefalorraqu\u00eddeo<\/a>\n<ul class=\"sublist\">\n<li><img loading=\"lazy\" decoding=\"async\" class=\"inline\" src=\"\/images\/ppt.jpeg\" width=\"16\" height=\"16\" \/><a href=\"\/es-files\/ppt\/Citolog\u00edaGeneralThinPrepCITOLOG\u00cdA-DEL-LIQUIDO-CEFALORRAQU\u00cdDEO.ppt\">High Resolution Version (4 MB PPT)<\/a><\/li>\n<li><img loading=\"lazy\" decoding=\"async\" class=\"inline\" src=\"\/images\/pdf.gif\" width=\"16\" height=\"16\" \/><a href=\"\/es-files\/pdfs\/Citolog\u00edaGeneralThinPrepCITOLOG\u00cdA-DEL-LIQUIDO-CEFALORRAQU\u00cdDEO.pdf\" target=\"_blank\" rel=\"noopener\">Web-Friendly Version (4 MB PDF)<\/a><\/li>\n<\/ul>\n<\/li>\n<li><a href=\"http:\/\/icvdm.vo.llnwd.net\/o10\/hologic\/html5\/spanish\/citologia_general_thinprep_citologia_de_los_derrames_serosos_rev1\/index.htm\" target=\"_blank\" rel=\"noopener\">Citolog\u00eda de los Derrames Serosos<\/a>\n<ul class=\"sublist\">\n<li><img loading=\"lazy\" decoding=\"async\" class=\"inline\" src=\"\/images\/ppt.jpeg\" width=\"16\" height=\"16\" \/><a href=\"\/es-files\/ppt\/Citolog\u00edaGeneralThinPrepCITOLOG\u00cdA-DE-LOS-DERRAMES-SEROSOS.ppt\">High Resolution Version (5 MB PPT)<\/a><\/li>\n<li><img loading=\"lazy\" decoding=\"async\" class=\"inline\" src=\"\/images\/pdf.gif\" width=\"16\" height=\"16\" \/><a href=\"\/es-files\/pdfs\/Citolog\u00edaGeneralThinPrepCITOLOG\u00cdA-DE-LOS-DERRAMES-SEROSOS.pdf\" target=\"_blank\" rel=\"noopener\">Web-Friendly Version (8 MB PDF)<\/a><\/li>\n<\/ul>\n<\/li>\n<li><a href=\"http:\/\/icvdm.vo.llnwd.net\/o10\/hologic\/html5\/spanish\/citologia_general_thinprep_citologia_de_orina_rev1\/index.htm\" target=\"_blank\" rel=\"noopener\">Citolog\u00eda del Tracto Urinario<\/a>\n<ul class=\"sublist\">\n<li><img loading=\"lazy\" decoding=\"async\" class=\"inline\" src=\"\/images\/ppt.jpeg\" width=\"16\" height=\"16\" \/><a href=\"\/es-files\/ppt\/Citolog\u00edaGeneralThinPrepCITOLOGIA-DE-ORINA.ppt\">High Resolution Version (4 MB PPT)<\/a><\/li>\n<li><img loading=\"lazy\" decoding=\"async\" class=\"inline\" src=\"\/images\/pdf.gif\" width=\"16\" height=\"16\" \/><a href=\"\/es-files\/pdfs\/Citolog\u00edaGeneralThinPrepCITOLOGIA-DE-ORINA.pdf\" target=\"_blank\" rel=\"noopener\">Web-Friendly Version (12.5 MB PDF)<\/a><\/li>\n<\/ul>\n<\/li>\n<\/ul>\n<\/div>\n<div class=\"newRow\"><\/div>\n<div id=\"separator\"><\/div>\n<\/div>\n<p>[\/vc_column_text][\/vc_column][vc_column width=&#8221;1\/4&#8243;][\/vc_column][\/vc_row]<\/p>\n","protected":false},"excerpt":{"rendered":"<p>[vc_row 0=&#8221;&#8221;][vc_column 0=&#8221;&#8221;][vc_custom_heading text=&#8221;OBSERVAC\u00cdON&#8221; font_container=&#8221;tag:h2|text_align:center&#8221; use_theme_fonts=&#8221;yes&#8221;][\/vc_column][\/vc_row][vc_row 0=&#8221;&#8221;][vc_column width=&#8221;3\/4&#8243;][vc_column_text 0=&#8221;&#8221;] Presentaciones GINE Puede acceder a cualquier presentaci\u00f3n o documento indicado a continuaci\u00f3n pulsando en el t\u00edtulo correspondiente. Morfolog\u00eda ThinPrep\u00ae &#8211; Citolog\u00eda normal High Resolution Version (22 MB PPT) Web-Friendly Version (3 MB PDF) Morfolog\u00eda ThinPrep\u00ae &#8211; Anomal\u00edas de las C\u00e9lulas Epiteliales High Resolution Version (27 MB<\/p>\n","protected":false},"author":7,"featured_media":0,"parent":0,"menu_order":0,"comment_status":"closed","ping_status":"closed","template":"","meta":{"ngg_post_thumbnail":0,"footnotes":""},"class_list":["post-11197","page","type-page","status-publish","hentry"],"_links":{"self":[{"href":"https:\/\/cytologystuff.com\/es\/wp-json\/wp\/v2\/pages\/11197","targetHints":{"allow":["GET"]}}],"collection":[{"href":"https:\/\/cytologystuff.com\/es\/wp-json\/wp\/v2\/pages"}],"about":[{"href":"https:\/\/cytologystuff.com\/es\/wp-json\/wp\/v2\/types\/page"}],"author":[{"embeddable":true,"href":"https:\/\/cytologystuff.com\/es\/wp-json\/wp\/v2\/users\/7"}],"replies":[{"embeddable":true,"href":"https:\/\/cytologystuff.com\/es\/wp-json\/wp\/v2\/comments?post=11197"}],"version-history":[{"count":0,"href":"https:\/\/cytologystuff.com\/es\/wp-json\/wp\/v2\/pages\/11197\/revisions"}],"wp:attachment":[{"href":"https:\/\/cytologystuff.com\/es\/wp-json\/wp\/v2\/media?parent=11197"}],"curies":[{"name":"wp","href":"https:\/\/api.w.org\/{rel}","templated":true}]}}