{"id":2162,"date":"2017-08-01T13:07:26","date_gmt":"2017-08-01T13:07:26","guid":{"rendered":"http:\/\/cytologystuff1.wpengine.com\/non-gyn-atlas\/urinary-tract-cytology-low-grade-urothelial-carcinoma\/"},"modified":"2017-11-22T07:41:05","modified_gmt":"2017-11-22T07:41:05","slug":"urinary-tract-cytology-low-grade-urothelial-carcinoma","status":"publish","type":"page","link":"https:\/\/cytologystuff.com\/de\/non-gyn-atlas\/urinary-tract-cytology-low-grade-urothelial-carcinoma\/","title":{"rendered":"Zytologie der Harnwege"},"content":{"rendered":"<p>[vc_row 0=&#8221;&#8221;][vc_column 0=&#8221;&#8221; offset=&#8221;vc_hidden-lg vc_hidden-md&#8221;][vc_raw_html 0=&#8221;&#8221;]PGNlbnRlcj48YSBjbGFzcz0ic2hpZnRuYXYtdG9nZ2xlIHNoaWZ0bmF2LXRvZ2dsZS1idXR0b24iIGRhdGEtc2hpZnRuYXYtdGFyZ2V0PSJzaGlmdG5hdi1tYWluIj48aSBjbGFzcz0iZmEgZmEtYmFycyI+PC9pPiBUYWJsZSBvZiBDb250ZW50cyA8L2E+PC9jZW50ZXI+[\/vc_raw_html][\/vc_column][\/vc_row][vc_row][vc_column][vc_custom_heading text=&#8221;Zytologie der Harnwege&#8221; font_container=&#8221;tag:h1|text_align:center&#8221; use_theme_fonts=&#8221;yes&#8221;][\/vc_column][\/vc_row][vc_row][vc_column width=&#8221;2\/3&#8243;][vc_column_text]<\/p>\n<div id=>\n<p class=\"subhead\">GERINGGRADIGES UROTHELKARZINOM UND CARCINOMA IN SITU <\/p>\n<p style=\"padding-left:7px\"><a href=\"javascript:void(0)\"  style=\"width:350px;display:block\"><img loading=\"lazy\" decoding=\"async\" src=\"\/images\/button27h.gif\" id=\"selfAssessImg\" width=\"350\" height=\"40\"><\/a><\/p>\n<div class=\"highslide-gallery\">\n<strong>Erinnerung: Sie k\u00f6nnen auf jedes Bild klicken, um dieses vergr\u00f6\u00dfert zu betrachten.<\/strong><\/p>\n<div class=\"chartColumnCell\">\n<a href=\"\/gallery\/images_large\/slide0725.jpg\" class=\"highslide\" onclick=\"return hs.expand(this)\"><br \/>\n\t<img decoding=\"async\" src=\"\/gallery\/images\/slide0725.jpg\" alt=\"Image 2\" title=\"Click to enlarge\" border=\"0\"><\/a><\/p>\n<div class=\"highslide-caption\">\n<strong>Abbildung 43<\/strong><br \/>\n<br \/>\nSpontanurin, geringgradiges Urothelkarzinom<br \/>\nGeringgradige Urothelkarzinome zeichnen sich durch eine erh\u00f6hte Anzahl von Zellclustern aus.<br \/>\n20x <\/div>\n<\/div>\n<div class=\"chartColumnLongCell\">\n        <strong>Abbildung 43<br \/>\n        <\/strong><br \/>\nSpontanurin, geringgradiges Urothelkarzinom<br \/>\nGeringgradige Urothelkarzinome zeichnen sich durch eine erh\u00f6hte Anzahl von Zellclustern aus.<br \/>\n20x <\/div>\n<div class=\"newRow\"><\/div>\n<div class=\"chartColumnCell\">\n<a href=\"\/gallery\/images_large\/slide0726.jpg\" class=\"highslide\" onclick=\"return hs.expand(this)\"><br \/>\n\t<img decoding=\"async\" src=\"\/gallery\/images\/slide0726.jpg\" alt=\"Image 3\" title=\"Click to enlarge\" border=\"0\"><\/a><\/p>\n<div class=\"highslide-caption\">\n<strong>Abbildung 44<\/strong><br \/>\n<br \/>\nSpontanurin, geringgradiges Urothelkarzinom<br \/>\nBei geringgradigen Urothelkarzinomen k\u00f6nnen die Cluster papill\u00e4r oder nicht papill\u00e4r sein.<br \/>\n40x <\/div>\n<\/div>\n<div class=\"chartColumnLongCell\">\n<strong>Abbildung 44<br \/>\n<\/strong><br \/>\nSpontanurin, geringgradiges Urothelkarzinom<br \/>\nBei geringgradigen Urothelkarzinomen k\u00f6nnen die Cluster papill\u00e4r oder nicht papill\u00e4r sein.<br \/>\n40x<\/div>\n<div class=\"newRow\"><\/div>\n<div class=\"chartColumnCell\">\n<a href=\"\/gallery\/images_large\/slide0727.jpg\" class=\"highslide\" onclick=\"return hs.expand(this)\"><br \/>\n\t<img decoding=\"async\" src=\"\/gallery\/images\/slide0727.jpg\" alt=\"Image 3\" title=\"Click to enlarge\" border=\"0\"><\/a><\/p>\n<div class=\"highslide-caption\">\n<strong>Abbildung 45<br \/>\n<\/strong><br \/>\nSpontanurin, geringgradiges Urothelkarzinom<br \/>\nDie Zellen in den Clustern eines geringgradigen Urothelkarzinoms haben eine hohe Kern-Plasma-Relation.<br \/>\n60x <\/div>\n<\/div>\n<div class=\"chartColumnLongCell\">\n<strong>Abbildung 45<br \/>\n<\/strong><br \/>\nSpontanurin, geringgradiges Urothelkarzinom<br \/>\nDie Zellen in den Clustern eines geringgradigen Urothelkarzinoms haben eine hohe Kern-Plasma-Relation.<br \/>\n60x <\/div>\n<div class=\"newRow\"><\/div>\n<div class=\"chartColumnCell\">\n<a href=\"\/gallery\/images_large\/slide0728.jpg\" class=\"highslide\" onclick=\"return hs.expand(this)\" name=\"pap\"><br \/>\n\t<img decoding=\"async\" src=\"\/gallery\/images\/slide0728.jpg\" alt=\"Image 2\" title=\"Click to enlarge\" border=\"0\"><\/a><\/p>\n<div class=\"highslide-caption\">\n<strong>Abbildung 46<\/strong><br \/>\n<br \/>\nSpontanurin, geringgradiges Urothelkarzinom<br \/>\nBei geringgradigen Urothelkarzinomen w\u00f6lben sich die Zellkerne gelegentlich aus dem Zytoplasma hervor.<br \/>\n40x<\/div>\n<\/div>\n<div class=\"chartColumnLongCell\">\n        <strong>Abbildung 46<br \/>\n        <\/strong><br \/>\nSpontanurin, geringgradiges Urothelkarzinom<br \/>\nBei geringgradigen Urothelkarzinomen w\u00f6lben sich die Zellkerne gelegentlich aus dem Zytoplasma hervor.<br \/>\n40x <\/div>\n<div class=\"newRow\"><\/div>\n<div class=\"chartColumnCell\">\n<a href=\"\/gallery\/images_large\/slide0729.jpg\" class=\"highslide\" onclick=\"return hs.expand(this)\"><br \/>\n\t<img decoding=\"async\" src=\"\/gallery\/images\/slide0729.jpg\" alt=\"Image 3\" title=\"Click to enlarge\" border=\"0\"><\/a><\/p>\n<div class=\"highslide-caption\">\n<strong>Abbildung 47<\/strong><br \/>\n<br \/>\nBlasenurin, geringgradiges Urothelkarzinom <br \/>\nEin loser Cluster mit Zellen eines geringgradigen Urothelkarzinoms kann mit reaktiv ver\u00e4nderten Urothelzellen verglichen werden.<br \/>\n20x<\/div>\n<\/div>\n<div class=\"chartColumnLongCell\">\n<strong>Abbildung 47<br \/>\n<\/strong><br \/>\nBlasenurin, geringgradiges Urothelkarzinom <br \/>\nEin loser Cluster mit Zellen eines geringgradigen Urothelkarzinoms kann mit reaktiv ver\u00e4nderten Urothelzellen verglichen werden.<br \/>\n20x\n<\/div>\n<div class=\"newRow\"><\/div>\n<div class=\"chartColumnCell\">\n<a href=\"\/gallery\/images_large\/slide0730.jpg\" class=\"highslide\" onclick=\"return hs.expand(this)\" name=\"pap\"><br \/>\n\t<img decoding=\"async\" src=\"\/gallery\/images\/slide0730.jpg\" alt=\"Image 2\" title=\"Click to enlarge\" border=\"0\"><\/a><\/p>\n<div class=\"highslide-caption\">\n<strong>Abbildung 48<\/strong><br \/>\n<br \/>\nBlasenurin, geringgradiges Urothelkarzinom <br \/>\nDie Zellkerne geringgradiger Urothelkarzinome sind unregelm\u00e4\u00dfig und k\u00f6nnen gekerbt oder gerillt erscheinen.<br \/>\n40x<\/div>\n<\/div>\n<div class=\"chartColumnLongCell\">\n        <strong>Abbildung 48<br \/>\n        <\/strong><br \/>\nBlasenurin, geringgradiges Urothelkarzinom <br \/>\nDie Zellkerne geringgradiger Urothelkarzinome sind unregelm\u00e4\u00dfig und k\u00f6nnen gekerbt oder gerillt erscheinen.<br \/>\n40x <\/div>\n<div class=\"newRow\"><\/div>\n<div class=\"chartColumnCell\">\n<a href=\"\/gallery\/images_large\/slide0731.jpg\" class=\"highslide\" onclick=\"return hs.expand(this)\"><br \/>\n\t<img decoding=\"async\" src=\"\/gallery\/images\/slide0731.jpg\" alt=\"Image 3\" title=\"Click to enlarge\" border=\"0\"><\/a><\/p>\n<div class=\"highslide-caption\">\n<strong>Abbildung 49<\/strong><br \/>\n<br \/>\nZystoskopisch gewonnener Urin, geringgradiges Karzinom <br \/>\nVergleichen Sie die normalen Urothelzellen rechts mit dem gedr\u00e4ngten Cluster auf der linken Seite.<br \/>\n40x <\/div>\n<\/div>\n<div class=\"chartColumnLongCell\">\n<strong>Abbildung 49<br \/>\n<\/strong><br \/>\nZystoskopisch gewonnener Urin, geringgradiges Karzinom <br \/>\nVergleichen Sie die normalen Urothelzellen rechts mit dem gedr\u00e4ngten Cluster auf der linken Seite.<br \/>\n40x <\/div>\n<div class=\"newRow\"><\/div>\n<div class=\"chartColumnCell\">\n<a href=\"\/gallery\/images_large\/slide0732.jpg\" class=\"highslide\" onclick=\"return hs.expand(this)\"><br \/>\n\t<img decoding=\"async\" src=\"\/gallery\/images\/slide0732.jpg\" alt=\"Image 3\" title=\"Click to enlarge\" border=\"0\"><\/a><\/p>\n<div class=\"highslide-caption\">\n<strong>Abbildung 50<\/strong><br \/>\n<br \/>\nUrin, geringgradiges Karzinom <br \/>\nBeim geringgradigen Urothelkarzinom k\u00f6nnen die Zellen in kleinen Gruppen mit einigen einzelnen Zellen auftreten.<br \/>\n20x<\/div>\n<\/div>\n<div class=\"chartColumnLongCell\">\n<strong>Abbildung 50<br \/>\n<\/strong><br \/>\nUrin, geringgradiges Karzinom <br \/>\nBeim geringgradigen Urothelkarzinom k\u00f6nnen die Zellen in kleinen Gruppen mit einigen einzelnen Zellen auftreten.<br \/>\n20x<\/div>\n<div class=\"newRow\"><\/div>\n<div class=\"chartColumnCell\">\n<a href=\"\/gallery\/images_large\/slide0733.jpg\" class=\"highslide\" onclick=\"return hs.expand(this)\"><br \/>\n\t<img decoding=\"async\" src=\"\/gallery\/images\/slide0733.jpg\" alt=\"Image 3\" title=\"Click to enlarge\" border=\"0\"><\/a><\/p>\n<div class=\"highslide-caption\">\n<strong>Abbildung 51<\/strong><br \/>\n<br \/>\nUrin, geringgradiges Karzinom <br \/>\nKernk\u00f6rperchen sind beim geringgradigen Urothelkarzinom in der Regel unauff\u00e4llig oder nicht vorhanden.<br \/>\n40x <\/div>\n<\/div>\n<div class=\"chartColumnLongCell\">\n<strong>Abbildung 51<br \/>\n<\/strong><br \/>\nUrin, geringgradiges Karzinom <br \/>\nKernk\u00f6rperchen sind beim geringgradigen Urothelkarzinom in der Regel unauff\u00e4llig oder nicht vorhanden.<br \/>\n40x <\/div>\n<div class=\"newRow\"><\/div>\n<div class=\"chartColumnCell\">\n<a href=\"\/gallery\/images_large\/slide0734.jpg\" class=\"highslide\" onclick=\"return hs.expand(this)\" name=\"pap\"><br \/>\n\t<img decoding=\"async\" src=\"\/gallery\/images\/slide0734.jpg\" alt=\"Image 2\" title=\"Click to enlarge\" border=\"0\"><\/a><\/p>\n<div class=\"highslide-caption\">\n<strong>Abbildung 52<\/strong><br \/>\n<br \/>\nSpontanurin, geringgradiges Urothelkarzinom<br \/>\nDas Chromatin ist bei geringgradigen Urothelkarzinomen meistens granul\u00e4r und gleichm\u00e4\u00dfig verteilt.<br \/>\n60x  <\/div>\n<\/div>\n<div class=\"chartColumnLongCell\">\n        <strong>Abbildung 52<br \/>\n        <\/strong><br \/>\nSpontanurin, geringgradiges Urothelkarzinom<br \/>\n<br \/>\nDas Chromatin ist bei geringgradigen Urothelkarzinomen meistens granul\u00e4r und gleichm\u00e4\u00dfig verteilt.<br \/>\n60x <\/div>\n<div class=\"newRow\"><\/div>\n<div class=\"chartColumnCell\">\n<a href=\"\/gallery\/images_large\/slide0735.jpg\" class=\"highslide\" onclick=\"return hs.expand(this)\"><br \/>\n\t<img decoding=\"async\" src=\"\/gallery\/images\/slide0735.jpg\" alt=\"Image 3\" title=\"Click to enlarge\" border=\"0\"><\/a><\/p>\n<div class=\"highslide-caption\">\n<strong>Abbildung 53<\/strong><br \/>\n<br \/>\nUrin, urotheliales Carcinoma in situ <br \/>\nDie zytologischen Merkmale eines Carcinoma in situ \u00e4hneln denen eines h\u00f6hergradigen Urothelkarzinoms.<br \/>\n60x<\/div>\n<\/div>\n<div class=\"chartColumnLongCell\">\n<strong>Abbildung 53<br \/>\n<\/strong><br \/>\nUrin, urotheliales Carcinoma in situ <br \/>\nDie zytologischen Merkmale eines Carcinoma in situ \u00e4hneln denen eines h\u00f6hergradigen Urothelkarzinoms.<br \/>\n60x<\/div>\n<div class=\"newRow\"><\/div>\n<div class=\"chartColumnCell\">\n<a href=\"\/gallery\/images_large\/slide0736.jpg\" class=\"highslide\" onclick=\"return hs.expand(this)\"><br \/>\n\t<img decoding=\"async\" src=\"\/gallery\/images\/slide0736.jpg\" alt=\"Image 3\" title=\"Click to enlarge\" border=\"0\"><\/a><\/p>\n<div class=\"highslide-caption\">\n<strong>Abbildung 54<\/strong><br \/>\n<br \/>\nUrin, urotheliales Carcinoma in situ <br \/>\nEin invasives Karzinom darf vermutet werden, wenn die Tumorzellen mit einer Diathese einhergehen. Der zytologische Befund alleine kann jedoch keine eindeutige Unterscheidung zwischen CIS und invasivem Karzinom erbringen.<br \/>\n40x <\/div>\n<\/div>\n<div class=\"chartColumnLongCell\">\n<strong>Abbildung 54<br \/>\n<\/strong><br \/>\nUrin, urotheliales Carcinoma in situ<br \/>\nEin invasives Karzinom darf vermutet werden, wenn die Tumorzellen mit einer Diathese einhergehen. Der zytologische Befund alleine kann jedoch keine eindeutige Unterscheidung zwischen CIS und invasivem Karzinom erbringen.<br \/>\n40x<\/div>\n<\/div>\n<div class=\"newRow\"><\/div>\n<p><a class=\"back\" href=\"#\">Zur\u00fcck nach oben<\/a><\/p>\n<p><a href=\"nongyn_atlas.htm\"> R\u00fcckkehr zu den Inhaltsverzeichnis <\/a><\/p>\n<\/div>\n<p>[\/vc_column_text][\/vc_column][vc_column width=&#8221;1\/3&#8243; offset=&#8221;vc_hidden-sm vc_hidden-xs&#8221;][vc_widget_sidebar sidebar_id=&#8221;consulting-right-sidebar&#8221;][\/vc_column][\/vc_row]<\/p>\n","protected":false},"excerpt":{"rendered":"<p>[vc_row 0=&#8221;&#8221;][vc_column 0=&#8221;&#8221; offset=&#8221;vc_hidden-lg vc_hidden-md&#8221;][vc_raw_html 0=&#8221;&#8221;]PGNlbnRlcj48YSBjbGFzcz0ic2hpZnRuYXYtdG9nZ2xlIHNoaWZ0bmF2LXRvZ2dsZS1idXR0b24iIGRhdGEtc2hpZnRuYXYtdGFyZ2V0PSJzaGlmdG5hdi1tYWluIj48aSBjbGFzcz0iZmEgZmEtYmFycyI+PC9pPiBUYWJsZSBvZiBDb250ZW50cyA8L2E+PC9jZW50ZXI+[\/vc_raw_html][\/vc_column][\/vc_row][vc_row][vc_column][vc_custom_heading text=&#8221;Zytologie der Harnwege&#8221; font_container=&#8221;tag:h1|text_align:center&#8221; use_theme_fonts=&#8221;yes&#8221;][\/vc_column][\/vc_row][vc_row][vc_column width=&#8221;2\/3&#8243;][vc_column_text] GERINGGRADIGES UROTHELKARZINOM UND CARCINOMA IN SITU Erinnerung: Sie k\u00f6nnen auf jedes Bild klicken, um dieses vergr\u00f6\u00dfert zu betrachten. Abbildung 43 Spontanurin, geringgradiges Urothelkarzinom Geringgradige Urothelkarzinome zeichnen sich durch eine erh\u00f6hte Anzahl von Zellclustern aus. 20x Abbildung 43 Spontanurin, geringgradiges Urothelkarzinom Geringgradige Urothelkarzinome zeichnen<\/p>\n","protected":false},"author":7,"featured_media":0,"parent":1950,"menu_order":0,"comment_status":"closed","ping_status":"closed","template":"","meta":{"ngg_post_thumbnail":0,"footnotes":""},"class_list":["post-2162","page","type-page","status-publish","hentry"],"_links":{"self":[{"href":"https:\/\/cytologystuff.com\/de\/wp-json\/wp\/v2\/pages\/2162","targetHints":{"allow":["GET"]}}],"collection":[{"href":"https:\/\/cytologystuff.com\/de\/wp-json\/wp\/v2\/pages"}],"about":[{"href":"https:\/\/cytologystuff.com\/de\/wp-json\/wp\/v2\/types\/page"}],"author":[{"embeddable":true,"href":"https:\/\/cytologystuff.com\/de\/wp-json\/wp\/v2\/users\/7"}],"replies":[{"embeddable":true,"href":"https:\/\/cytologystuff.com\/de\/wp-json\/wp\/v2\/comments?post=2162"}],"version-history":[{"count":0,"href":"https:\/\/cytologystuff.com\/de\/wp-json\/wp\/v2\/pages\/2162\/revisions"}],"up":[{"embeddable":true,"href":"https:\/\/cytologystuff.com\/de\/wp-json\/wp\/v2\/pages\/1950"}],"wp:attachment":[{"href":"https:\/\/cytologystuff.com\/de\/wp-json\/wp\/v2\/media?parent=2162"}],"curies":[{"name":"wp","href":"https:\/\/api.w.org\/{rel}","templated":true}]}}