{"id":2120,"date":"2017-08-01T12:43:59","date_gmt":"2017-08-01T12:43:59","guid":{"rendered":"http:\/\/cytologystuff1.wpengine.com\/non-gyn-atlas\/respiratory-cytology-normal\/"},"modified":"2017-11-17T07:13:39","modified_gmt":"2017-11-17T07:13:39","slug":"respiratory-cytology-normal","status":"publish","type":"page","link":"https:\/\/cytologystuff.com\/de\/non-gyn-atlas\/respiratory-cytology-normal\/","title":{"rendered":"Respiratory Zytologie"},"content":{"rendered":"<p>[vc_row 0=&#8221;&#8221;][vc_column 0=&#8221;&#8221; offset=&#8221;vc_hidden-lg vc_hidden-md&#8221;][vc_raw_html 0=&#8221;&#8221;]PGNlbnRlcj48YSBjbGFzcz0ic2hpZnRuYXYtdG9nZ2xlIHNoaWZ0bmF2LXRvZ2dsZS1idXR0b24iIGRhdGEtc2hpZnRuYXYtdGFyZ2V0PSJzaGlmdG5hdi1tYWluIj48aSBjbGFzcz0iZmEgZmEtYmFycyI+PC9pPiBUYWJsZSBvZiBDb250ZW50cyA8L2E+PC9jZW50ZXI+[\/vc_raw_html][\/vc_column][\/vc_row][vc_row][vc_column][vc_custom_heading text=&#8221;Respiratory Zytologie&#8221; font_container=&#8221;tag:h1|text_align:center&#8221; use_theme_fonts=&#8221;yes&#8221;][\/vc_column][\/vc_row][vc_row][vc_column width=&#8221;2\/3&#8243;][vc_column_text]<\/p>\n<div id=>\n<p class=\"subhead\" id=\"acknowledgements\">NORMAL<\/p>\n<p style=\"padding-left:7px\"><a href=\"javascript:void(0)\"  style=\"width:350px;display:block\"><img loading=\"lazy\" decoding=\"async\" src=\"\/images\/button27h.gif\" id=\"selfAssessImg\" width=\"350\" height=\"40\"><\/a><\/p>\n<div class=\"highslide-gallery\">\n<strong>Erinnerung: Sie k\u00f6nnen auf jedes Bild klicken, um dieses vergr\u00f6\u00dfert zu betrachten.<\/strong><\/p>\n<div class=\"chartColumnCell\">\n<a href=\"\/gallery\/images_large\/slide0514.jpg\" class=\"highslide\" onclick=\"return hs.expand(this)\" name=\"pap\"><br \/>\n\t<img decoding=\"async\" src=\"\/gallery\/images\/slide0514.jpg\" alt=\"Image 2\" border=\"0\" title=\"Click to enlarge\"><\/a><\/p>\n<div class=\"highslide-caption\">\n<strong>Abbildung 1<\/strong><br \/>\n<br \/>Bronchoalveol\u00e4re Lavage <br \/>\nDie geringe Vergr\u00f6\u00dferung zeigt Epithelzellen zusammen mit Makrophagen.<br \/>\n20x<\/div>\n<\/div>\n<div class=\"chartColumnShortCell\">\n        \t<strong>Abbildung 1<br \/>\n        \t<\/strong>Bronchoalveol\u00e4re Lavage <br \/>\nDie geringe Vergr\u00f6\u00dferung zeigt Epithelzellen zusammen mit Makrophagen.<br \/>\n20x <\/div>\n<div class=\"newRow\"><\/div>\n<div class=\"chartColumnCell\">\n<a href=\"\/gallery\/images_large\/slide0515.jpg\" class=\"highslide\" onclick=\"return hs.expand(this)\"><br \/>\n\t<img decoding=\"async\" src=\"\/gallery\/images\/slide0515.jpg\" alt=\"Image 3\" border=\"0\" title=\"Click to enlarge\"><\/a><\/p>\n<div class=\"highslide-caption\">\n<strong>Abbildung 2<\/strong><br \/>\n<br \/>Bronchoalveol\u00e4re Lavage <br \/>\nSowohl Makrophagen als auch Bronchialepithelzellen k\u00f6nnen mehrkernig sein.<br \/>\n40x <\/div>\n<\/div>\n<div class=\"chartColumnShortCell\">\n \t\t<strong>Abbildung 2<br \/>\n \t\t<\/strong>        \t\tBronchoalveol\u00e4re Lavage<br \/>\n        <br \/>\nSowohl Makrophagen als auch Bronchialepithelzellen k\u00f6nnen mehrkernig sein.<br \/>\n40x <\/div>\n<div class=\"newRow\"><\/div>\n<div class=\"chartColumnCell\">\n<a href=\"\/gallery\/images_large\/slide0516.jpg\" class=\"highslide\" onclick=\"return hs.expand(this)\"><br \/>\n\t<img decoding=\"async\" src=\"\/gallery\/images\/slide0516.jpg\" alt=\"Image 3\" border=\"0\" title=\"Click to enlarge\"><\/a><\/p>\n<div class=\"highslide-caption\">\n<strong>Abbildung 3<br \/><\/strong><br \/>\nBronchoalveol\u00e4re Lavage <br \/>\nStarke Vergr\u00f6\u00dferung einer mehrkernigen Bronchialepithelzelle. Beachten Sie den zilientragenden Randstreifen.<br \/>\n60x <\/div>\n<\/div>\n<div class=\"chartColumnShortCell\">\n<strong>Abbildung 3<br \/>\n<\/strong><br \/>\nBronchoalveol\u00e4re Lavage <br \/>\nStarke Vergr\u00f6\u00dferung einer mehrkernigen Bronchialepithelzelle. Beachten Sie den zilientragenden Randstreifen.<br \/>\n60x <\/div>\n<div class=\"newRow\"><\/div>\n<div class=\"chartColumnCell\">\n<a href=\"\/gallery\/images_large\/slide0517.jpg\" class=\"highslide\" onclick=\"return hs.expand(this)\" name=\"pap\"><br \/>\n\t<img decoding=\"async\" src=\"\/gallery\/images\/slide0517.jpg\" alt=\"Image 2\" border=\"0\" title=\"Click to enlarge\"><\/a><\/p>\n<div class=\"highslide-caption\">\n<strong>Abbildung 4<\/strong><br \/>\n<br \/>Bronchoalveol\u00e4re Lavage <br \/>\nEin Cluster von gutartigen Bronchialepithelzellen kann eine gro\u00dfe Fokustiefe aufweisen.<br \/>\n40x <\/div>\n<\/div>\n<div class=\"chartColumnShortCell\">\n        \t<strong>Abbildung 4<br \/>\n        \t<\/strong>Bronchoalveol\u00e4re Lavage <br \/>\nEin Cluster von gutartigen Bronchialepithelzellen kann eine gro\u00dfe Fokustiefe aufweisen.<br \/>\n40x<\/div>\n<div class=\"newRow\"><\/div>\n<div class=\"chartColumnCell\">\n<a href=\"\/gallery\/images_large\/slide0518.jpg\" class=\"highslide\" onclick=\"return hs.expand(this)\"><br \/>\n\t<img decoding=\"async\" src=\"\/gallery\/images\/slide0518.jpg\" alt=\"Image 3\" border=\"0\" title=\"Click to enlarge\"><\/a><\/p>\n<div class=\"highslide-caption\">\n<strong>Abbildung 5<\/strong><br \/>\n<br \/>Bronchoalveol\u00e4re Lavage <br \/>\nPlattenepithelzellen der Mundh\u00f6hle sind in Atemwegsproben h\u00e4ufig vorhanden.<br \/>\n20x<\/div>\n<\/div>\n<div class=\"chartColumnShortCell\">\n \t\t<strong>Abbildung 5<br \/>\n \t\t<\/strong>        \t\tBronchoalveol\u00e4re Lavage<br \/>\n        <br \/>\nPlattenepithelzellen der Mundh\u00f6hle sind in Atemwegsproben h\u00e4ufig vorhanden.<br \/>\n20x <\/div>\n<div class=\"newRow\"><\/div>\n<div class=\"chartColumnCell\">\n<a href=\"\/gallery\/images_large\/slide0519.jpg\" class=\"highslide\" onclick=\"return hs.expand(this)\" name=\"pap\"><br \/>\n\t<img decoding=\"async\" src=\"\/gallery\/images\/slide0519.jpg\" alt=\"Image 2\" border=\"0\" title=\"Click to enlarge\"><\/a><\/p>\n<div class=\"highslide-caption\">\n<strong>Abbildung 6<\/strong><br \/>\n<br \/>Bronchoalveol\u00e4re Lavage<br \/>\nDie zylindrische Form der Bronchialepithelzellen mit basal ausgerichteten Kernen ist im Cluster rechts zu sehen. Die Zellgr\u00f6\u00dfe kann sehr unterschiedlich sein.<br \/>\n60x<\/div>\n<\/div>\n<div class=\"chartColumnLongCell\">\n        \t<strong>Abbildung 6<br \/>\n        \t<\/strong><br \/>\n           Bronchoalveol\u00e4re Lavage<br \/>\n            <br \/>\nDie zylindrische Form der Bronchialepithelzellen mit basal ausgerichteten Kernen ist im Cluster rechts zu sehen. Die Zellgr\u00f6\u00dfe kann sehr unterschiedlich sein.<br \/>\n60x<\/div>\n<div class=\"newRow\"><\/div>\n<div class=\"chartColumnCell\">\n<a href=\"\/gallery\/images_large\/slide0520.jpg\" class=\"highslide\" onclick=\"return hs.expand(this)\"><br \/>\n\t<img decoding=\"async\" src=\"\/gallery\/images\/slide0520.jpg\" alt=\"Image 3\" border=\"0\" title=\"Click to enlarge\"><\/a><\/p>\n<div class=\"highslide-caption\">\n<strong>Abbildung 7<\/strong><br \/>\nB\u00fcrstenabstrich der Bronchialwand <br \/>\nDie geringe Vergr\u00f6\u00dferung zeigt eine Vielzahl von Zellclustern, die durch einen B\u00fcrstenabstrich gewonnen wurden.<br \/>\n10x<\/div>\n<\/div>\n<div class=\"chartColumnShortCell\">\n \t\t<strong>Abbildung 7<br \/>\n \t\t<\/strong>        \t\tB\u00fcrstenabstrich der Bronchialwand<br \/>\n        <br \/>\nDie geringe Vergr\u00f6\u00dferung zeigt eine Vielzahl von Zellclustern, die durch einen B\u00fcrstenabstrich gewonnen wurden.<br \/>\n10x <\/div>\n<div class=\"newRow\"><\/div>\n<div class=\"chartColumnCell\">\n<a href=\"\/gallery\/images_large\/slide0521.jpg\" class=\"highslide\" onclick=\"return hs.expand(this)\"><br \/>\n\t<img decoding=\"async\" src=\"\/gallery\/images\/slide0521.jpg\" alt=\"Image 3\" border=\"0\" title=\"Click to enlarge\"><\/a><\/p>\n<div class=\"highslide-caption\">\n<strong>Abbildung 8<\/strong><br \/>\n<br \/>B\u00fcrstenabstrich der Bronchialwand <br \/>\nTrotz ihrer gro\u00dfen Zahl weisen die Zellen gutartige zytologische Merkmale auf.<br \/>\n60x<\/div>\n<\/div>\n<div class=\"chartColumnShortCell\">\n \t\t<strong>Abbildung 8<br \/>\n \t\t<\/strong>        \t\tB\u00fcrstenabstrich der Bronchialwand <br \/>\nTrotz ihrer gro\u00dfen Zahl weisen die Zellen gutartige zytologische Merkmale auf.<br \/>\n60x <\/div>\n<div class=\"newRow\"><\/div>\n<div class=\"chartColumnCell\">\n<a href=\"\/gallery\/images_large\/slide0522.jpg\" class=\"highslide\" onclick=\"return hs.expand(this)\"><br \/>\n\t<img decoding=\"async\" src=\"\/gallery\/images\/slide0522.jpg\" alt=\"Image 3\" border=\"0\" title=\"Click to enlarge\"><\/a><\/p>\n<div class=\"highslide-caption\">\n<strong>Abbildung 9<\/strong><br \/>\n<br \/>B\u00fcrstenabstrich der Bronchialwand <br \/>\nDieser Zellcluster zeigt Bronchialepithelzellen mit Zilien, einem Merkmal f\u00fcr gutartiges Bronchialepithel.<br \/>\n40x  <\/div>\n<\/div>\n<div class=\"chartColumnShortCell\">\n \t\t<strong>Abbildung 9<br \/>\n \t\t<\/strong>        \t\tB\u00fcrstenabstrich der Bronchialwand<br \/>\n        <br \/>\nDieser Zellcluster zeigt Bronchialepithelzellen mit Zilien, einem Merkmal f\u00fcr gutartiges Bronchialepithel.<br \/>\n40x <\/div>\n<div class=\"newRow\"><\/div>\n<div class=\"chartColumnCell\">\n<a href=\"\/gallery\/images_large\/slide0523.jpg\" class=\"highslide\" onclick=\"return hs.expand(this)\" name=\"pap\"><br \/>\n\t<img decoding=\"async\" src=\"\/gallery\/images\/slide0523.jpg\" alt=\"Image 2\" border=\"0\" title=\"Click to enlarge\"><\/a><\/p>\n<div class=\"highslide-caption\">\n<strong>Abbildung 10<\/strong><br \/>\n<br \/>B\u00fcrstenabstrich der Bronchialwand <br \/>\nNeben den Epithelzellen ist ein einzelner kohlenstoffbeladener Makrophage zu sehen.<br \/>\n60x <\/div>\n<\/div>\n<div class=\"chartColumnShortCell\">\n        \t<strong>Abbildung 10<br \/>\n        \t<\/strong><br \/>\n            B\u00fcrstenabstrich der Bronchialwand<br \/>\n            <br \/>\nNeben den Epithelzellen ist ein einzelner kohlenstoffbeladener Makrophage zu sehen.<br \/>\n60x <\/div>\n<div class=\"newRow\"><\/div>\n<div class=\"chartColumnCell\">\n<a href=\"\/gallery\/images_large\/slide0524.jpg\" class=\"highslide\" onclick=\"return hs.expand(this)\"><br \/>\n\t<img decoding=\"async\" src=\"\/gallery\/images\/slide0524.jpg\" alt=\"Image 3\" border=\"0\" title=\"Click to enlarge\"><\/a><\/p>\n<div class=\"highslide-caption\">\n<strong>Abbildung 11<\/strong><br \/>\n<br \/>Bronchialsp\u00fclung<br \/>\nDie geringe Vergr\u00f6\u00dferung zeigt Makrophagen und einen Cluster von gutartigen Bronchialepithelzellen.<br \/>\n20x <\/div>\n<\/div>\n<div class=\"chartColumnShortCell\">\n \t\t<strong>Abbildung 11<br \/>\n \t\t<\/strong>        \t\tBronchialsp\u00fclung<br \/>\nDie geringe Vergr\u00f6\u00dferung zeigt Makrophagen und einen Cluster von gutartigen Bronchialepithelzellen.<br \/>\n20x <\/div>\n<div class=\"newRow\"><\/div>\n<div class=\"chartColumnCell\">\n<a href=\"\/gallery\/images_large\/slide0525.jpg\" class=\"highslide\" onclick=\"return hs.expand(this)\"><br \/>\n\t<img decoding=\"async\" src=\"\/gallery\/images\/slide0525.jpg\" alt=\"Image 3\" border=\"0\" title=\"Click to enlarge\"><\/a><\/p>\n<div class=\"highslide-caption\">\n<strong>Abbildung 12<br \/><\/strong><br \/>\nBronchialsp\u00fclung<br \/>\nVergleichen Sie die Gr\u00f6\u00dfe des Zellclusters mit den daneben liegenden Makrophagen und den einzelnen Epithelzellen.<br \/>\n40x <\/div>\n<\/div>\n<div class=\"chartColumnShortCell\">\n<strong>Abbildung 12<br \/>\n<\/strong><br \/>\nBronchialsp\u00fclung<br \/>\n<br \/>\nVergleichen Sie die Gr\u00f6\u00dfe des Zellclusters mit den daneben liegenden Makrophagen und den einzelnen Epithelzellen.<br \/>\n40x <\/div>\n<div class=\"newRow\"><\/div>\n<div class=\"chartColumnCell\">\n<a href=\"\/gallery\/images_large\/slide0526.jpg\" class=\"highslide\" onclick=\"return hs.expand(this)\" name=\"pap\"><br \/>\n\t<img decoding=\"async\" src=\"\/gallery\/images\/slide0526.jpg\" alt=\"Image 2\" border=\"0\" title=\"Click to enlarge\"><\/a><\/p>\n<div class=\"highslide-caption\">\n<strong>Abbildung 13<\/strong><br \/>\n<br \/>Bronchialsp\u00fclung<br \/>\nDie starke Vergr\u00f6\u00dferung des Clusters zeigt zylinderf\u00f6rmige Zellen.<br \/>\n60x <\/div>\n<\/div>\n<div class=\"chartColumnShortCell\">\n        \t<strong>Abbildung 13<br \/>\n        \t<\/strong>Bronchialsp\u00fclung<br \/>\nDie starke Vergr\u00f6\u00dferung des Clusters zeigt zylinderf\u00f6rmige Zellen.<br \/>\n60x <\/div>\n<div class=\"newRow\"><\/div>\n<div class=\"chartColumnCell\">\n<a href=\"\/gallery\/images_large\/slide0527.jpg\" class=\"highslide\" onclick=\"return hs.expand(this)\"><br \/>\n\t<img decoding=\"async\" src=\"\/gallery\/images\/slide0527.jpg\" alt=\"Image 3\" border=\"0\" title=\"Click to enlarge\"><\/a><\/p>\n<div class=\"highslide-caption\">\n<strong>Abbildung 14<\/strong><br \/>\n<br \/>Bronchialsp\u00fclung<br \/>\nEs mag zwar schwierig sein, die Merkmale aller Zellen zu erkennen, jedoch weisen die Zellen an der Peripherie des Clusters gutartige Kernmerkmale auf.<br \/>\n40x<\/div>\n<\/div>\n<div class=\"chartColumnShortCell\">\n \t\t<strong>Abbildung 14<br \/>\n \t\t<\/strong>        \t\tBronchialsp\u00fclung<br \/>\nEs mag zwar schwierig sein, die Merkmale aller Zellen zu erkennen, jedoch weisen die Zellen an der Peripherie des Clusters gutartige Kernmerkmale auf.<br \/>\n40x <\/div>\n<div class=\"newRow\"><\/div>\n<div class=\"chartColumnCell\">\n<a href=\"\/gallery\/images_large\/slide0528.jpg\" class=\"highslide\" onclick=\"return hs.expand(this)\"><br \/>\n\t<img decoding=\"async\" src=\"\/gallery\/images\/slide0528.jpg\" alt=\"Image 3\" border=\"0\" title=\"Click to enlarge\"><\/a><\/p>\n<div class=\"highslide-caption\">\n<strong>Abbildung 15<br \/>\n<\/strong>Bronchialsp\u00fclung<br \/>\nEin Cluster von Bronchialepithelzellen kann wie ein Adenokarzinom aussehen. Die von der Zellperipherie abstehenden Zilien sind jedoch ein Anzeichen f\u00fcr Gutartigkeit.<br \/>\n40x <\/div>\n<\/div>\n<div class=\"chartColumnLongCell\">\n<strong>Abbildung 15<br \/>\n<\/strong><br \/>\nBronchialsp\u00fclung<br \/>\n<br \/>\nEin Cluster von Bronchialepithelzellen kann wie ein Adenokarzinom aussehen. Die von der Zellperipherie abstehenden Zilien sind jedoch ein Anzeichen f\u00fcr Gutartigkeit.<br \/>\n40x <\/div>\n<div class=\"newRow\"><\/div>\n<div class=\"chartColumnCell\">\n<a href=\"\/gallery\/images_large\/slide0529.jpg\" class=\"highslide\" onclick=\"return hs.expand(this)\" name=\"pap\"><br \/>\n\t<img decoding=\"async\" src=\"\/gallery\/images\/slide0529.jpg\" alt=\"Image 2\" border=\"0\" title=\"Click to enlarge\"><\/a><\/p>\n<div class=\"highslide-caption\">\n<strong>Abbildung 16<\/strong><br \/>\n<br \/>Bronchialsp\u00fclung<br \/>\nDie geringe Vergr\u00f6\u00dferung zeigt Epithelzellen der Atemwege vor einem Hintergrund von Entz\u00fcndungszellen.<br \/>\n20x <\/div>\n<\/div>\n<div class=\"chartColumnShortCell\">\n        \t<strong>Abbildung 16<br \/>\n        \t<\/strong><br \/>\n            Bronchialsp\u00fclung<br \/>\n            <br \/>\nDie geringe Vergr\u00f6\u00dferung zeigt Epithelzellen der Atemwege vor einem Hintergrund von Entz\u00fcndungszellen.<br \/>\n20x<\/div>\n<div class=\"newRow\"><\/div>\n<div class=\"chartColumnCell\">\n<a href=\"\/gallery\/images_large\/slide0530.jpg\" class=\"highslide\" onclick=\"return hs.expand(this)\"><br \/>\n\t<img decoding=\"async\" src=\"\/gallery\/images\/slide0530.jpg\" alt=\"Image 3\" border=\"0\" title=\"Click to enlarge\"><\/a><\/p>\n<div class=\"highslide-caption\">\n<strong>Abbildung 17<\/strong><br \/>\n<br \/>Bronchialsp\u00fclung<br \/>\nIm Hintergrund sind Leukozyten mit Kernpolymorphie, Makrophagen und anderes Material vorhanden. Dies kann auf eine Infektion, chronisch-entz\u00fcndliche Zust\u00e4nde oder andere Lungenerkrankungen hinweisen.<br \/>\n40x<\/div>\n<\/div>\n<div class=\"chartColumnLongCell\">\n \t\t<strong>Abbildung 17<br \/>\n \t\t<\/strong>        \t\tBronchialsp\u00fclung<br \/>\n        <br \/>\nIm Hintergrund sind Leukozyten mit Kernpolymorphie, Makrophagen und anderes Material vorhanden. Dies kann auf eine Infektion, chronisch-entz\u00fcndliche Zust\u00e4nde oder andere Lungenerkrankungen hinweisen.<br \/>\n40x <\/div>\n<div class=\"newRow\"><\/div>\n<div class=\"chartColumnCell\">\n<a href=\"\/gallery\/images_large\/slide0531.jpg\" class=\"highslide\" onclick=\"return hs.expand(this)\" name=\"pap\"><br \/>\n\t<img decoding=\"async\" src=\"\/gallery\/images\/slide0531.jpg\" alt=\"Image 2\" border=\"0\" title=\"Click to enlarge\"><\/a><\/p>\n<div class=\"highslide-caption\">\n<strong>Abbildung 18<\/strong><br \/>\n<br \/>Bronchialsp\u00fclung<br \/>\nDieser Cluster besteht aus Bronchialepithelzellen und Metaplasiezellen.<br \/>\n60x<\/div>\n<\/div>\n<div class=\"chartColumnShortCell\">\n        \t<strong>Abbildung 18<br \/>\n        \t<\/strong><br \/>\n Bronchialsp\u00fclung<br \/>\n <br \/>\nDieser Cluster besteht aus Bronchialepithelzellen und Metaplasiezellen.<br \/>\n60x<\/div>\n<div class=\"newRow\"><\/div>\n<div class=\"chartColumnCell\">\n<a href=\"\/gallery\/images_large\/slide0532.jpg\" class=\"highslide\" onclick=\"return hs.expand(this)\"><br \/>\n\t<img decoding=\"async\" src=\"\/gallery\/images\/slide0532.jpg\" alt=\"Image 3\" border=\"0\" title=\"Click to enlarge\"><\/a><\/p>\n<div class=\"highslide-caption\">\n<strong>Abbildung 19<\/strong><br \/>\n<br \/>Bronchialsp\u00fclung<br \/>\nBakterien aus der Mundh\u00f6hle kontaminieren h\u00e4ufig Atemwegsproben. In der Regel befinden sie sich auf den Plattenepithelzellen an der Oberfl\u00e4che der Mundh\u00f6hle.<br \/>\n60x<\/div>\n<\/div>\n<div class=\"chartColumnShortCell\">\n \t\t<strong>Abbildung 19<br \/>\n \t\t<\/strong>        \t\tBronchialsp\u00fclung<br \/>\n        <br \/>\nBakterien aus der Mundh\u00f6hle kontaminieren h\u00e4ufig Atemwegsproben. In der Regel befinden sie sich auf den Plattenepithelzellen an der Oberfl\u00e4che der Mundh\u00f6hle.<br \/>\n60x <\/div>\n<div class=\"newRow\"><\/div>\n<div class=\"chartColumnCell\">\n<a href=\"\/gallery\/images_large\/slide0533.jpg\" class=\"highslide\" onclick=\"return hs.expand(this)\" name=\"pap\"><br \/>\n\t<img decoding=\"async\" src=\"\/gallery\/images\/slide0533.jpg\" alt=\"Image 2\" border=\"0\" title=\"Click to enlarge\"><\/a><\/p>\n<div class=\"highslide-caption\">\n<strong>Abbildung 20<\/strong><br \/>\n<br \/>Sputum<br \/>\nBronchialepithelzellen k\u00f6nnen bei bestimmten Proben hyperchromatisch oder pyknotisch sein.<br \/>\n60X<\/div>\n<\/div>\n<div class=\"chartColumnShortCell\">\n        \t<strong>Abbildung 20<br \/>\n        \t<\/strong><br \/>\nSputum<br \/>\nBronchialepithelzellen k\u00f6nnen bei bestimmten Proben hyperchromatisch oder pyknotisch sein.<br \/>\n60X<\/div>\n<div class=\"newRow\"><\/div>\n<div class=\"chartColumnCell\">\n<a href=\"\/gallery\/images_large\/slide0534.jpg\" class=\"highslide\" onclick=\"return hs.expand(this)\"><br \/>\n\t<img decoding=\"async\" src=\"\/gallery\/images\/slide0534.jpg\" alt=\"Image 3\" border=\"0\" title=\"Click to enlarge\"><\/a><\/p>\n<div class=\"highslide-caption\">\n<strong>Abbildung 21<\/strong><br \/>\n<br \/>\nSputum<br \/>\nDie starke Vergr\u00f6\u00dferung zeigt Bronchialepithelzellen mit pyknotischen Kernen.<br \/>\n60X <\/div>\n<\/div>\n<div class=\"chartColumnShortCell\">\n \t\t<strong>Abbildung 21<br \/>\n \t\t<\/strong>        \t\tSputum<br \/>\nDie starke Vergr\u00f6\u00dferung zeigt Bronchialepithelzellen mit pyknotischen Kernen.<br \/>\n60X <\/div>\n<\/div>\n<div class=\"newRow\"><\/div>\n<p><a class=\"back\" href=\"#\">Zur\u00fcck nach oben<\/a><\/p>\n<p><a href=\"nongyn_atlas.htm\"> R\u00fcckkehr zu den Inhaltsverzeichnis <\/a><\/p>\n<\/div>\n<p>[\/vc_column_text][\/vc_column][vc_column width=&#8221;1\/3&#8243; offset=&#8221;vc_hidden-sm vc_hidden-xs&#8221;][vc_widget_sidebar sidebar_id=&#8221;consulting-right-sidebar&#8221;][\/vc_column][\/vc_row]<\/p>\n","protected":false},"excerpt":{"rendered":"<p>[vc_row 0=&#8221;&#8221;][vc_column 0=&#8221;&#8221; offset=&#8221;vc_hidden-lg vc_hidden-md&#8221;][vc_raw_html 0=&#8221;&#8221;]PGNlbnRlcj48YSBjbGFzcz0ic2hpZnRuYXYtdG9nZ2xlIHNoaWZ0bmF2LXRvZ2dsZS1idXR0b24iIGRhdGEtc2hpZnRuYXYtdGFyZ2V0PSJzaGlmdG5hdi1tYWluIj48aSBjbGFzcz0iZmEgZmEtYmFycyI+PC9pPiBUYWJsZSBvZiBDb250ZW50cyA8L2E+PC9jZW50ZXI+[\/vc_raw_html][\/vc_column][\/vc_row][vc_row][vc_column][vc_custom_heading text=&#8221;Respiratory Zytologie&#8221; font_container=&#8221;tag:h1|text_align:center&#8221; use_theme_fonts=&#8221;yes&#8221;][\/vc_column][\/vc_row][vc_row][vc_column width=&#8221;2\/3&#8243;][vc_column_text] NORMAL Erinnerung: Sie k\u00f6nnen auf jedes Bild klicken, um dieses vergr\u00f6\u00dfert zu betrachten. Abbildung 1 Bronchoalveol\u00e4re Lavage Die geringe Vergr\u00f6\u00dferung zeigt Epithelzellen zusammen mit Makrophagen. 20x Abbildung 1 Bronchoalveol\u00e4re Lavage Die geringe Vergr\u00f6\u00dferung zeigt Epithelzellen zusammen mit Makrophagen. 20x Abbildung 2 Bronchoalveol\u00e4re Lavage Sowohl<\/p>\n","protected":false},"author":7,"featured_media":0,"parent":1950,"menu_order":0,"comment_status":"closed","ping_status":"closed","template":"","meta":{"ngg_post_thumbnail":0,"footnotes":""},"class_list":["post-2120","page","type-page","status-publish","hentry"],"_links":{"self":[{"href":"https:\/\/cytologystuff.com\/de\/wp-json\/wp\/v2\/pages\/2120","targetHints":{"allow":["GET"]}}],"collection":[{"href":"https:\/\/cytologystuff.com\/de\/wp-json\/wp\/v2\/pages"}],"about":[{"href":"https:\/\/cytologystuff.com\/de\/wp-json\/wp\/v2\/types\/page"}],"author":[{"embeddable":true,"href":"https:\/\/cytologystuff.com\/de\/wp-json\/wp\/v2\/users\/7"}],"replies":[{"embeddable":true,"href":"https:\/\/cytologystuff.com\/de\/wp-json\/wp\/v2\/comments?post=2120"}],"version-history":[{"count":0,"href":"https:\/\/cytologystuff.com\/de\/wp-json\/wp\/v2\/pages\/2120\/revisions"}],"up":[{"embeddable":true,"href":"https:\/\/cytologystuff.com\/de\/wp-json\/wp\/v2\/pages\/1950"}],"wp:attachment":[{"href":"https:\/\/cytologystuff.com\/de\/wp-json\/wp\/v2\/media?parent=2120"}],"curies":[{"name":"wp","href":"https:\/\/api.w.org\/{rel}","templated":true}]}}