{"id":2092,"date":"2017-08-01T12:46:48","date_gmt":"2017-08-01T12:46:48","guid":{"rendered":"http:\/\/cytologystuff1.wpengine.com\/non-gyn-atlas\/respiratory-cytology-adenocarcinoma\/"},"modified":"2017-11-21T07:13:54","modified_gmt":"2017-11-21T07:13:54","slug":"respiratory-cytology-adenocarcinoma","status":"publish","type":"page","link":"https:\/\/cytologystuff.com\/de\/non-gyn-atlas\/respiratory-cytology-adenocarcinoma\/","title":{"rendered":"Respiratory Zytologie"},"content":{"rendered":"<p>[vc_row 0=&#8221;&#8221;][vc_column 0=&#8221;&#8221; offset=&#8221;vc_hidden-lg vc_hidden-md&#8221;][vc_raw_html 0=&#8221;&#8221;]PGNlbnRlcj48YSBjbGFzcz0ic2hpZnRuYXYtdG9nZ2xlIHNoaWZ0bmF2LXRvZ2dsZS1idXR0b24iIGRhdGEtc2hpZnRuYXYtdGFyZ2V0PSJzaGlmdG5hdi1tYWluIj48aSBjbGFzcz0iZmEgZmEtYmFycyI+PC9pPiBUYWJsZSBvZiBDb250ZW50cyA8L2E+PC9jZW50ZXI+[\/vc_raw_html][\/vc_column][\/vc_row][vc_row][vc_column][vc_custom_heading text=&#8221;Respiratory Zytologie&#8221; font_container=&#8221;tag:h1|text_align:center&#8221; use_theme_fonts=&#8221;yes&#8221;][\/vc_column][\/vc_row][vc_row][vc_column width=&#8221;2\/3&#8243;][vc_column_text]<\/p>\n<div id=>\n<p class=\"subhead\" id=\"acknowledgements\">ADENOKARZINOM  <\/p>\n<p style=\"padding-left:7px\"><a href=\"javascript:void(0)\"  style=\"width:350px;display:block\"><img loading=\"lazy\" decoding=\"async\" src=\"\/images\/button27h.gif\" id=\"selfAssessImg\" width=\"350\" height=\"40\"><\/a><\/p>\n<div class=\"highslide-gallery\">\n<strong>Erinnerung: Sie k\u00f6nnen auf jedes Bild klicken, um dieses vergr\u00f6\u00dfert zu betrachten.<\/strong><\/p>\n<div class=\"chartColumnCell\">\n<a href=\"\/gallery\/images_large\/slide0618.jpg\" class=\"highslide\" onclick=\"return hs.expand(this)\" name=\"pap\"><br \/>\n\t<img decoding=\"async\" src=\"\/gallery\/images\/slide0618.jpg\" alt=\"Image 2\" border=\"0\" title=\"Click to enlarge\"><\/a><\/p>\n<div class=\"highslide-caption\">\n<strong>Abbildung 105<\/strong><br \/>\n<br \/>\nBronchialsp\u00fclung<br \/>\nDie Zellen eines gut oder wenig differenzierten Adenokarzinoms der Lunge bilden in der Regel Cluster.<br \/>\n20x <\/div>\n<\/div>\n<div class=\"chartColumnLongCell\">\n<strong>Abbildung 105<br \/>\n<\/strong><br \/>\nBronchialsp\u00fclung<br \/>\n<br \/>\nDie Zellen eines gut oder wenig differenzierten Adenokarzinoms der Lunge bilden in der Regel Cluster.<br \/>\n20x <\/div>\n<div class=\"newRow\"><\/div>\n<div class=\"chartColumnCell\">\n<a href=\"\/gallery\/images_large\/slide0619.jpg\" class=\"highslide\" onclick=\"return hs.expand(this)\"><br \/>\n\t<img decoding=\"async\" src=\"\/gallery\/images\/slide0619.jpg\" alt=\"Image 3\" border=\"0\" title=\"Click to enlarge\"><\/a><\/p>\n<div class=\"highslide-caption\">\n<strong>Abbildung 106<\/strong><br \/>\n<br \/>\nBronchialsp\u00fclung<br \/>\nDie st\u00e4rkere Vergr\u00f6\u00dferung zeigt relativ blande, einheitliche Zellkerne in dem Zellcluster.<br \/>\n40x  <\/div>\n<\/div>\n<div class=\"chartColumnLongCell\">\n<strong>Abbildung 106<br \/>\n<\/strong><br \/>\n        Bronchialsp\u00fclung<br \/>\n<br \/>\nDie st\u00e4rkere Vergr\u00f6\u00dferung zeigt relativ blande, einheitliche Zellkerne in dem Zellcluster.<br \/>\n40x <\/div>\n<div class=\"newRow\"><\/div>\n<div class=\"chartColumnCell\">\n<a href=\"\/gallery\/images_large\/slide0620.jpg\" class=\"highslide\" onclick=\"return hs.expand(this)\"><br \/>\n\t<img decoding=\"async\" src=\"\/gallery\/images\/slide0620.jpg\" alt=\"Image 3\" border=\"0\" title=\"Click to enlarge\"><\/a><\/p>\n<div class=\"highslide-caption\">\n<strong>Abbildung 107<br \/>\n<\/strong><br \/>\nBronchialsp\u00fclung<br \/>\nEin zellul\u00e4res Merkmal von Adenokarzinomen sind die einzelnen, zentral gelegenen Kernk\u00f6rperchen.<br \/>\n40x <\/div>\n<\/div>\n<div class=\"chartColumnLongCell\">\n<strong>Abbildung 107<br \/>\n<\/strong><br \/>\nBronchialsp\u00fclung<br \/>\nEin zellul\u00e4res Merkmal von Adenokarzinomen sind die einzelnen, zentral gelegenen Kernk\u00f6rperchen.<br \/>\n40x <\/div>\n<div class=\"newRow\"><\/div>\n<div class=\"chartColumnCell\">\n<a href=\"\/gallery\/images_large\/slide0621.jpg\" class=\"highslide\" onclick=\"return hs.expand(this)\" name=\"pap\"><br \/>\n\t<img decoding=\"async\" src=\"\/gallery\/images\/slide0621.jpg\" alt=\"Image 2\" border=\"0\" title=\"Click to enlarge\"><\/a><\/p>\n<div class=\"highslide-caption\">\n<strong>Abbildung 108<\/strong><br \/>\n<br \/>\nBronchialsp\u00fclung<br \/>\nDie Dreidimensionalit\u00e4t dieses Clusters von Adenokarzinomzellen ist deutlich zu erkennen.<br \/>\n40x <\/div>\n<\/div>\n<div class=\"chartColumnLongCell\">\n<strong>Abbildung 108<br \/>\n<\/strong><br \/>\nBronchialsp\u00fclung<br \/>\n<br \/>\nDie Dreidimensionalit\u00e4t dieses Clusters von Adenokarzinomzellen ist deutlich zu erkennen.<br \/>\n40x <\/div>\n<div class=\"newRow\"><\/div>\n<div class=\"chartColumnCell\">\n<a href=\"\/gallery\/images_large\/slide0622.jpg\" class=\"highslide\" onclick=\"return hs.expand(this)\"><br \/>\n\t<img decoding=\"async\" src=\"\/gallery\/images\/slide0622.jpg\" alt=\"Image 3\" border=\"0\" title=\"Click to enlarge\"><\/a><\/p>\n<div class=\"highslide-caption\">\n<strong>Abbildung 109<\/strong><br \/>\n<br \/>\nBronchialsp\u00fclung<br \/>\nEin Cluster von Adenokarzinomzellen mit einer Beimengung von Makrophagen der Atemwege.<br \/>\n20x <\/div>\n<\/div>\n<div class=\"chartColumnShortCell\">\n<strong>Abbildung 109<br \/>\n<\/strong>        \t\tBronchialsp\u00fclung<br \/>\nEin Cluster von Adenokarzinomzellen mit einer Beimengung von Makrophagen der Atemwege.<br \/>\n20x\n<\/div>\n<div class=\"newRow\"><\/div>\n<div class=\"chartColumnCell\">\n<a href=\"\/gallery\/images_large\/slide0623.jpg\" class=\"highslide\" onclick=\"return hs.expand(this)\" name=\"pap\"><br \/>\n\t<img decoding=\"async\" src=\"\/gallery\/images\/slide0623.jpg\" alt=\"Image 2\" border=\"0\" title=\"Click to enlarge\"><\/a><\/p>\n<div class=\"highslide-caption\">\n<strong>Abbildung 110<\/strong><br \/>\n<br \/>\nBronchialsp\u00fclung<br \/>\nAm Rand des Clusters sind Zellen mit vakuolisiertem Zytoplasma zu sehen.<br \/>\n60x<\/div>\n<\/div>\n<div class=\"chartColumnLongCell\">\n<strong>Abbildung 110<br \/>\n<\/strong><br \/>\nBronchialsp\u00fclung<br \/>\n<br \/>\nAm Rand des Clusters sind Zellen mit vakuolisiertem Zytoplasma zu sehen.<br \/>\n60x<\/div>\n<div class=\"newRow\"><\/div>\n<div class=\"chartColumnCell\">\n<a href=\"\/gallery\/images_large\/slide0624.jpg\" class=\"highslide\" onclick=\"return hs.expand(this)\"><br \/>\n\t<img decoding=\"async\" src=\"\/gallery\/images\/slide0624.jpg\" alt=\"Image 3\" border=\"0\" title=\"Click to enlarge\"><\/a><\/p>\n<div class=\"highslide-caption\">\n<strong>Abbildung 111<\/strong><br \/>\n<br \/>\nBronchialsp\u00fclung<br \/>\nDiese Gruppe von Zellen bildet eine kleine azin\u00f6se Struktur.<br \/>\n60x <\/div>\n<\/div>\n<div class=\"chartColumnLongCell\">\n<strong>Abbildung 111<br \/>\n<\/strong>        \t\tBronchialsp\u00fclung<br \/>\n<br \/>\nDiese Gruppe von Zellen bildet eine kleine azin\u00f6se Struktur.<br \/>\n\t\t60x <\/div>\n<div class=\"newRow\"><\/div>\n<div class=\"chartColumnCell\">\n<a href=\"\/gallery\/images_large\/slide0625.jpg\" class=\"highslide\" onclick=\"return hs.expand(this)\"><br \/>\n\t<img decoding=\"async\" src=\"\/gallery\/images\/slide0625.jpg\" alt=\"Image 3\" border=\"0\" title=\"Click to enlarge\"><\/a><\/p>\n<div class=\"highslide-caption\">\n<strong>Abbildung 112<\/strong><br \/>\n<br \/>\nBronchialsp\u00fclung<br \/>\nCluster von Adenokarzinomzellen vor einem nekrotischen Hintergrund.<br \/>\n20x<\/div>\n<\/div>\n<div class=\"chartColumnLongCell\">\n<strong>Abbildung 112<br \/>\n<\/strong>        \t\tBronchialsp\u00fclung<br \/>\n<br \/>\nCluster von Adenokarzinomzellen vor einem nekrotischen Hintergrund.<br \/>\n20x <\/div>\n<div class=\"newRow\"><\/div>\n<div class=\"chartColumnCell\">\n<a href=\"\/gallery\/images_large\/slide0626.jpg\" class=\"highslide\" onclick=\"return hs.expand(this)\"><br \/>\n\t<img decoding=\"async\" src=\"\/gallery\/images\/slide0626.jpg\" alt=\"Image 3\" border=\"0\" title=\"Click to enlarge\"><\/a><\/p>\n<div class=\"highslide-caption\">\n<strong>Abbildung 113<\/strong><br \/>\n<br \/>\nBronchialsp\u00fclung<br \/>\nFalls ein Gro\u00dfteil des Materials nekrotisch ist, ist bei der Diagnose eines Adenokarzinoms Vorsicht geboten.<br \/>\n20x <\/div>\n<\/div>\n<div class=\"chartColumnLongCell\">\n<strong>Abbildung 113<br \/>\n<\/strong>        \t\tBronchialsp\u00fclung<br \/>\nFalls ein Gro\u00dfteil des Materials nekrotisch ist, ist bei der Diagnose eines Adenokarzinoms Vorsicht geboten.<br \/>\n20x <\/div>\n<div class=\"newRow\"><\/div>\n<div class=\"chartColumnCell\">\n<a href=\"\/gallery\/images_large\/slide0627.jpg\" class=\"highslide\" onclick=\"return hs.expand(this)\" name=\"pap\"><br \/>\n\t<img decoding=\"async\" src=\"\/gallery\/images\/slide0627.jpg\" alt=\"Image 2\" border=\"0\" title=\"Click to enlarge\"><\/a><\/p>\n<div class=\"highslide-caption\">\n<strong>Abbildung 114<\/strong><br \/>\n<br \/>\nSputum<br \/>\nDiese Sputum-Probe zeigt einen Cluster von vakuolenhaltigen Zellen.<br \/>\n20x  <\/div>\n<\/div>\n<div class=\"chartColumnLongCell\">\n<strong>Abbildung 114<br \/>\n<\/strong><br \/>\nSputum<br \/>\n<br \/>\nDiese Sputum-Probe zeigt einen Cluster von vakuolenhaltigen Zellen.<br \/>\n20x <\/div>\n<div class=\"newRow\"><\/div>\n<div class=\"chartColumnCell\">\n<a href=\"\/gallery\/images_large\/slide0628.jpg\" class=\"highslide\" onclick=\"return hs.expand(this)\"><br \/>\n\t<img decoding=\"async\" src=\"\/gallery\/images\/slide0628.jpg\" alt=\"Image 3\" border=\"0\" title=\"Click to enlarge\"><\/a><\/p>\n<div class=\"highslide-caption\">\n<strong>Abbildung 115<\/strong><br \/>\n<br \/>\nSputum<br \/>\nDie st\u00e4rkere Vergr\u00f6\u00dferung zeigt mehrere komplexe Vakuolen im Zytoplasma.<br \/>\n60x  <\/div>\n<\/div>\n<div class=\"chartColumnShortCell\">\n<strong>Abbildung 115<br \/>\n<\/strong><br \/>\nSputum<br \/>\n<br \/>\nDie st\u00e4rkere Vergr\u00f6\u00dferung zeigt mehrere komplexe Vakuolen im Zytoplasma.<br \/>\n60x <\/div>\n<div class=\"newRow\"><\/div>\n<div class=\"chartColumnCell\">\n<a href=\"\/gallery\/images_large\/slide0629.jpg\" class=\"highslide\" onclick=\"return hs.expand(this)\"><br \/>\n\t<img decoding=\"async\" src=\"\/gallery\/images\/slide0629.jpg\" alt=\"Image 3\" border=\"0\" title=\"Click to enlarge\"><\/a><\/p>\n<div class=\"highslide-caption\">\n<strong>Abbildung 116<br \/>\n<\/strong><br \/>\nSputum<br \/>\nDieser Cluster weist eine wohl geformte azin\u00f6se Struktur auf.<br \/>\n60x <\/div>\n<\/div>\n<div class=\"chartColumnShortCell\">\n<strong>Abbildung 116<br \/>\n<\/strong><br \/>\nSputum<br \/>\nDieser Cluster weist eine wohl geformte azin\u00f6se Struktur auf.<br \/>\n60x <\/div>\n<div class=\"newRow\"><\/div>\n<div class=\"chartColumnCell\">\n<a href=\"\/gallery\/images_large\/slide0630.jpg\" class=\"highslide\" onclick=\"return hs.expand(this)\" name=\"pap\"><br \/>\n\t<img decoding=\"async\" src=\"\/gallery\/images\/slide0630.jpg\" alt=\"Image 2\" border=\"0\" title=\"Click to enlarge\"><\/a><\/p>\n<div class=\"highslide-caption\">\n<strong>Abbildung 117<\/strong><br \/>\n<br \/>\nBronchialsp\u00fclung<br \/>\nEin schlechter differenziertes Adenokarzinom, das Zelltr\u00fcmmer enth\u00e4lt.<br \/>\n20x <\/div>\n<\/div>\n<div class=\"chartColumnShortCell\">\n<strong>Abbildung 117<br \/>\n<\/strong><br \/>\nBronchialsp\u00fclung<br \/>\nEin schlechter differenziertes Adenokarzinom, das Zelltr\u00fcmmer enth\u00e4lt.<br \/>\n20x <\/div>\n<div class=\"newRow\"><\/div>\n<div class=\"chartColumnCell\">\n<a href=\"\/gallery\/images_large\/slide0631.jpg\" class=\"highslide\" onclick=\"return hs.expand(this)\"><br \/>\n\t<img decoding=\"async\" src=\"\/gallery\/images\/slide0631.jpg\" alt=\"Image 3\" border=\"0\" title=\"Click to enlarge\"><\/a><\/p>\n<div class=\"highslide-caption\">\n<strong>Abbildung 118<\/strong><br \/>\n<br \/>\nBronchialsp\u00fclung<br \/>\nDie stark vergr\u00f6\u00dferten konservierten Zellen weisen die Merkmale eines Adenokarzinoms auf: Zellclusterbildung, Zellmonotonie, blasses Chromatin und eosinophile Kernk\u00f6rperchen.<br \/>\n60x <\/div>\n<\/div>\n<div class=\"chartColumnLongCell\">\n<strong>Abbildung 118<br \/>\n<\/strong>        \t\tBronchialsp\u00fclung<br \/>\n<br \/>\nDie stark vergr\u00f6\u00dferten konservierten Zellen weisen die Merkmale eines Adenokarzinoms auf: Zellclusterbildung, Zellmonotonie, blasses Chromatin und eosinophile Kernk\u00f6rperchen.<br \/>\n60x <\/div>\n<div class=\"newRow\"><\/div>\n<div class=\"chartColumnCell\">\n<a href=\"\/gallery\/images_large\/slide0632.jpg\" class=\"highslide\" onclick=\"return hs.expand(this)\"><br \/>\n\t<img decoding=\"async\" src=\"\/gallery\/images\/slide0632.jpg\" alt=\"Image 3\" border=\"0\" title=\"Click to enlarge\"><\/a><\/p>\n<div class=\"highslide-caption\">\n<strong>Abbildung 119<br \/>\n<\/strong><br \/>\nBronchialsp\u00fclung<br \/>\nBeachten Sie die zentral liegenden Kernk\u00f6rperchen und die rudiment\u00e4re azin\u00f6se Struktur dieses Adenokarzinoms.<br \/>\n40x<\/div>\n<\/div>\n<div class=\"chartColumnLongCell\">\n<strong>Abbildung 119<br \/>\n<\/strong><br \/>\nBronchialsp\u00fclung<br \/>\nBeachten Sie die zentral liegenden Kernk\u00f6rperchen und die rudiment\u00e4re azin\u00f6se Struktur dieses Adenokarzinoms.<br \/>\n40x <\/div>\n<div class=\"newRow\"><\/div>\n<div class=\"chartColumnCell\">\n<a href=\"\/gallery\/images_large\/slide0633.jpg\" class=\"highslide\" onclick=\"return hs.expand(this)\" name=\"pap\"><br \/>\n\t<img decoding=\"async\" src=\"\/gallery\/images\/slide0633.jpg\" alt=\"Image 2\" border=\"0\" title=\"Click to enlarge\"><\/a><\/p>\n<div class=\"highslide-caption\">\n<strong>Abbildung 120<\/strong><br \/>\n<br \/>\nBronchoalveol\u00e4re Lavage <br \/>\nDie geringe Vergr\u00f6\u00dferung zeigt ein schlecht differenziertes Adenokarzinom.<br \/>\n20x<\/div>\n<\/div>\n<div class=\"chartColumnLongCell\">\n<strong>Abbildung 120<br \/>\n<\/strong><br \/>\nBronchoalveol\u00e4re Lavage <br \/>\nDie geringe Vergr\u00f6\u00dferung zeigt ein schlecht differenziertes Adenokarzinom.<br \/>\n20x<\/div>\n<div class=\"newRow\"><\/div>\n<div class=\"chartColumnCell\">\n<a href=\"\/gallery\/images_large\/slide0634.jpg\" class=\"highslide\" onclick=\"return hs.expand(this)\"><br \/>\n\t<img decoding=\"async\" src=\"\/gallery\/images\/slide0634.jpg\" alt=\"Image 3\" border=\"0\" title=\"Click to enlarge\"><\/a><\/p>\n<div class=\"highslide-caption\">\n<strong>Abbildung 121<\/strong><br \/>\n<br \/>\nBronchoalveol\u00e4re Lavage <br \/>\nDie Zellkerne in diesem schlecht differenzierten Adenokarzinom weisen unterschiedliche Formen und grobklumpiges Chromatin auf.<br \/>\n60x <\/div>\n<\/div>\n<div class=\"chartColumnLongCell\">\n<strong>Abbildung 121<br \/>\n<\/strong>        \t\tBronchoalveol\u00e4re Lavage <br \/>\nDie Zellkerne in diesem schlecht differenzierten Adenokarzinom weisen unterschiedliche Formen und grobklumpiges Chromatin auf.<br \/>\n60x <\/div>\n<div class=\"newRow\"><\/div>\n<div class=\"chartColumnCell\">\n<a href=\"\/gallery\/images_large\/slide0635.jpg\" class=\"highslide\" onclick=\"return hs.expand(this)\" name=\"pap\"><br \/>\n\t<img decoding=\"async\" src=\"\/gallery\/images\/slide0635.jpg\" alt=\"Image 2\" border=\"0\" title=\"Click to enlarge\"><\/a><\/p>\n<div class=\"highslide-caption\">\n<strong>Abbildung 122<\/strong><br \/>\n<br \/>\nBronchoalveol\u00e4re Lavage <br \/>\nSchlecht differenziertes Adenokarzinom.<br \/>\n60x  <\/div>\n<\/div>\n<div class=\"chartColumnShortCell\">\n<strong>Abbildung 122<br \/>\n<\/strong><br \/>\nBronchoalveol\u00e4re Lavage <br \/>\nSchlecht differenziertes Adenokarzinom.<br \/>\n60x  <\/div>\n<div class=\"newRow\"><\/div>\n<div class=\"chartColumnCell\">\n<a href=\"\/gallery\/images_large\/slide0636.jpg\" class=\"highslide\" onclick=\"return hs.expand(this)\"><br \/>\n\t<img decoding=\"async\" src=\"\/gallery\/images\/slide0636.jpg\" alt=\"Image 3\" border=\"0\" title=\"Click to enlarge\"><\/a><\/p>\n<div class=\"highslide-caption\">\n<strong>Abbildung 123<\/strong><br \/>\n<br \/>\nBronchialsp\u00fclung <br \/>\nDieses Adenokarzinom, das seinen Ursprung in den terminalen Bronchien hat, weist eine Vielzahl von Zellclustern auf.<br \/>\n20x  <\/div>\n<\/div>\n<div class=\"chartColumnShortCell\">\n<strong>Abbildung 123<br \/>\n<\/strong><br \/>\nBronchialsp\u00fclung <br \/>\nDieses Adenokarzinom, das seinen Ursprung in den terminalen Bronchien hat, weist eine Vielzahl von Zellclustern auf.<br \/>\n20x <\/div>\n<div class=\"newRow\"><\/div>\n<div class=\"chartColumnCell\">\n<a href=\"\/gallery\/images_large\/slide0637.jpg\" class=\"highslide\" onclick=\"return hs.expand(this)\" name=\"pap\"><br \/>\n\t<img decoding=\"async\" src=\"\/gallery\/images\/slide0637.jpg\" alt=\"Image 2\" border=\"0\" title=\"Click to enlarge\"><\/a><\/p>\n<div class=\"highslide-caption\">\n<strong>Abbildung 124<\/strong><br \/>\n<br \/>\nBronchialsp\u00fclung<br \/>\nVergleichen Sie die Gr\u00f6\u00dfe der Zellen im Cluster mit dem angrenzenden Zylinderepithel.<br \/>\n20x  <\/div>\n<\/div>\n<div class=\"chartColumnShortCell\">\n<strong>Abbildung 124<br \/>\n<\/strong><br \/>\nBronchialsp\u00fclung<br \/>\nVergleichen Sie die Gr\u00f6\u00dfe der Zellen im Cluster mit dem angrenzenden Zylinderepithel.<br \/>\n20x <\/div>\n<div class=\"newRow\"><\/div>\n<div class=\"chartColumnCell\">\n<a href=\"\/gallery\/images_large\/slide0638.jpg\" class=\"highslide\" onclick=\"return hs.expand(this)\"><br \/>\n\t<img decoding=\"async\" src=\"\/gallery\/images\/slide0638.jpg\" alt=\"Image 3\" border=\"0\" title=\"Click to enlarge\"><\/a><\/p>\n<div class=\"highslide-caption\">\n<strong>Abbildung 125<\/strong><br \/>\n<br \/>\nBronchialsp\u00fclung<br \/>\nDie starke Vergr\u00f6\u00dferung zeigt ein Adenokarzinom mit Ursprung in den terminalen Bronchiolen.<br \/>\n60x <\/div>\n<\/div>\n<div class=\"chartColumnShortCell\">\n<strong>Abbildung 125<br \/>\n<\/strong><br \/>\nBronchialsp\u00fclung<br \/>\n<br \/>\nDie starke Vergr\u00f6\u00dferung zeigt ein Adenokarzinom mit Ursprung in den terminalen Bronchiolen.<br \/>\n60x <\/div>\n<div class=\"newRow\"><\/div>\n<div class=\"chartColumnCell\">\n<a href=\"\/gallery\/images_large\/slide0639.jpg\" class=\"highslide\" onclick=\"return hs.expand(this)\"><br \/>\n\t<img decoding=\"async\" src=\"\/gallery\/images\/slide0639.jpg\" alt=\"Image 3\" border=\"0\" title=\"Click to enlarge\"><\/a><\/p>\n<div class=\"highslide-caption\">\n<strong>Abbildung 126<\/strong><br \/>\n<br \/>\nBronchialsp\u00fclung<br \/>\nAdenokarzinom<br \/>\n 60x<\/div>\n<\/div>\n<div class=\"chartColumnShortCell\">\n<strong>Abbildung 126<br \/>\n<\/strong><br \/>\nBronchialsp\u00fclung<br \/>\nAdenokarzinom<br \/>\n60x <\/div>\n<div class=\"newRow\"><\/div>\n<div class=\"chartColumnCell\">\n<a href=\"\/gallery\/images_large\/slide0640.jpg\" class=\"highslide\" onclick=\"return hs.expand(this)\"><br \/>\n\t<img decoding=\"async\" src=\"\/gallery\/images\/slide0640.jpg\" alt=\"Image 3\" border=\"0\" title=\"Click to enlarge\"><\/a><\/p>\n<div class=\"highslide-caption\">\n<strong>Abbildung 127<\/strong><br \/>\n<br \/>\nBronchialsp\u00fclung<br \/>\nBronchialsp\u00fclung mit b\u00f6sartigen Zellen, die ihren Ursprung in den terminalen Bronchiolen haben.<br \/>\n20x <\/div>\n<\/div>\n<div class=\"chartColumnShortCell\">\n<strong>Abbildung 127<br \/>\n<\/strong><br \/>\nBronchialsp\u00fclung<br \/>\nBronchialsp\u00fclung mit b\u00f6sartigen Zellen, die ihren Ursprung in den terminalen Bronchiolen haben.<br \/>\n20x <\/div>\n<div class=\"newRow\"><\/div>\n<div class=\"chartColumnCell\">\n<a href=\"\/gallery\/images_large\/slide0641.jpg\" class=\"highslide\" onclick=\"return hs.expand(this)\"><br \/>\n\t<img decoding=\"async\" src=\"\/gallery\/images\/slide0641.jpg\" alt=\"Image 3\" border=\"0\" title=\"Click to enlarge\"><\/a><\/p>\n<div class=\"highslide-caption\">\n<strong>Abbildung 128<\/strong><br \/>\n<br \/>\nBronchialsp\u00fclung<br \/>\nDie starke Vergr\u00f6\u00dferung zeigt die relativ blanden Merkmale der Zellen dieses Adenokarzinoms, das seinen Ursprung in den terminalen Bronchiolen hat.<br \/>\n60x   <\/div>\n<\/div>\n<div class=\"chartColumnShortCell\">\n<strong>Abbildung 128<br \/>\n<\/strong><br \/>\nBronchialsp\u00fclung<br \/>\nDie starke Vergr\u00f6\u00dferung zeigt die relativ blanden Merkmale der Zellen dieses Adenokarzinoms, das seinen Ursprung in den terminalen Bronchiolen hat.<br \/>\n60x <\/div>\n<div class=\"newRow\"><\/div>\n<div class=\"chartColumnCell\">\n<a href=\"\/gallery\/images_large\/slide0642.jpg\" class=\"highslide\" onclick=\"return hs.expand(this)\"><br \/>\n\t<img decoding=\"async\" src=\"\/gallery\/images\/slide0642.jpg\" alt=\"Image 3\" border=\"0\" title=\"Click to enlarge\"><\/a><\/p>\n<div class=\"highslide-caption\">\n<strong>Abbildung 129<\/strong><br \/>\n<br \/>\nBronchialsp\u00fclung<br \/>\nAdenokarzinom mit Ursprung in den terminalen Bronchiolen.<br \/>\n60x <\/div>\n<\/div>\n<div class=\"chartColumnShortCell\">\n<strong>Abbildung 129<br \/>\n<\/strong><br \/>\nBronchialsp\u00fclung<br \/>\n<br \/>\nAdenokarzinom mit Ursprung in den terminalen Bronchiolen.<br \/>\n60x <\/div>\n<div class=\"newRow\"><\/div>\n<div class=\"chartColumnCell\">\n<a href=\"\/gallery\/images_large\/slide0643.jpg\" class=\"highslide\" onclick=\"return hs.expand(this)\"><br \/>\n\t<img decoding=\"async\" src=\"\/gallery\/images\/slide0643.jpg\" alt=\"Image 3\" border=\"0\" title=\"Click to enlarge\"><\/a><\/p>\n<div class=\"highslide-caption\">\n<strong>Abbildung 130<\/strong><br \/>\n<br \/>\nB\u00fcrstenabstrich der Bronchialwand <br \/>\nEin Adenokarzinom kann, wie hier gezeigt, echte papill\u00e4re oder pseudopapill\u00e4re Strukturen aufweisen.<br \/>\n40x <\/div>\n<\/div>\n<div class=\"chartColumnShortCell\">\n<strong>Abbildung 130<br \/>\n<\/strong><br \/>\nB\u00fcrstenabstrich der Bronchialwand<br \/>\n<br \/>\nEin Adenokarzinom kann, wie hier gezeigt, echte papill\u00e4re oder pseudopapill\u00e4re Strukturen aufweisen.<br \/>\n40x <\/div>\n<\/div>\n<div class=\"newRow\"><\/div>\n<p><a class=\"back\" href=\"#\">Zur\u00fcck nach oben<\/a><\/p>\n<p><a href=\"nongyn_atlas.htm\"> R\u00fcckkehr zu den Inhaltsverzeichnis <\/a><\/p>\n<\/div>\n<p>[\/vc_column_text][\/vc_column][vc_column width=&#8221;1\/3&#8243; offset=&#8221;vc_hidden-sm vc_hidden-xs&#8221;][vc_widget_sidebar sidebar_id=&#8221;consulting-right-sidebar&#8221;][\/vc_column][\/vc_row]<\/p>\n","protected":false},"excerpt":{"rendered":"<p>[vc_row 0=&#8221;&#8221;][vc_column 0=&#8221;&#8221; offset=&#8221;vc_hidden-lg vc_hidden-md&#8221;][vc_raw_html 0=&#8221;&#8221;]PGNlbnRlcj48YSBjbGFzcz0ic2hpZnRuYXYtdG9nZ2xlIHNoaWZ0bmF2LXRvZ2dsZS1idXR0b24iIGRhdGEtc2hpZnRuYXYtdGFyZ2V0PSJzaGlmdG5hdi1tYWluIj48aSBjbGFzcz0iZmEgZmEtYmFycyI+PC9pPiBUYWJsZSBvZiBDb250ZW50cyA8L2E+PC9jZW50ZXI+[\/vc_raw_html][\/vc_column][\/vc_row][vc_row][vc_column][vc_custom_heading text=&#8221;Respiratory Zytologie&#8221; font_container=&#8221;tag:h1|text_align:center&#8221; use_theme_fonts=&#8221;yes&#8221;][\/vc_column][\/vc_row][vc_row][vc_column width=&#8221;2\/3&#8243;][vc_column_text] ADENOKARZINOM Erinnerung: Sie k\u00f6nnen auf jedes Bild klicken, um dieses vergr\u00f6\u00dfert zu betrachten. Abbildung 105 Bronchialsp\u00fclung Die Zellen eines gut oder wenig differenzierten Adenokarzinoms der Lunge bilden in der Regel Cluster. 20x Abbildung 105 Bronchialsp\u00fclung Die Zellen eines gut oder wenig differenzierten Adenokarzinoms der<\/p>\n","protected":false},"author":7,"featured_media":0,"parent":1950,"menu_order":0,"comment_status":"closed","ping_status":"closed","template":"","meta":{"ngg_post_thumbnail":0,"footnotes":""},"class_list":["post-2092","page","type-page","status-publish","hentry"],"_links":{"self":[{"href":"https:\/\/cytologystuff.com\/de\/wp-json\/wp\/v2\/pages\/2092","targetHints":{"allow":["GET"]}}],"collection":[{"href":"https:\/\/cytologystuff.com\/de\/wp-json\/wp\/v2\/pages"}],"about":[{"href":"https:\/\/cytologystuff.com\/de\/wp-json\/wp\/v2\/types\/page"}],"author":[{"embeddable":true,"href":"https:\/\/cytologystuff.com\/de\/wp-json\/wp\/v2\/users\/7"}],"replies":[{"embeddable":true,"href":"https:\/\/cytologystuff.com\/de\/wp-json\/wp\/v2\/comments?post=2092"}],"version-history":[{"count":0,"href":"https:\/\/cytologystuff.com\/de\/wp-json\/wp\/v2\/pages\/2092\/revisions"}],"up":[{"embeddable":true,"href":"https:\/\/cytologystuff.com\/de\/wp-json\/wp\/v2\/pages\/1950"}],"wp:attachment":[{"href":"https:\/\/cytologystuff.com\/de\/wp-json\/wp\/v2\/media?parent=2092"}],"curies":[{"name":"wp","href":"https:\/\/api.w.org\/{rel}","templated":true}]}}