{"id":2085,"date":"2017-08-01T13:34:33","date_gmt":"2017-08-01T13:34:33","guid":{"rendered":"http:\/\/cytologystuff1.wpengine.com\/non-gyn-atlas\/non-gyn-atlas-acknowledgements\/"},"modified":"2017-11-22T10:07:55","modified_gmt":"2017-11-22T10:07:55","slug":"non-gyn-atlas-acknowledgements","status":"publish","type":"page","link":"https:\/\/cytologystuff.com\/de\/non-gyn-atlas\/non-gyn-atlas-acknowledgements\/","title":{"rendered":"Atlas f\u00fcr andere Bereiche"},"content":{"rendered":"<p>[vc_row 0=&#8221;&#8221;][vc_column 0=&#8221;&#8221; offset=&#8221;vc_hidden-lg vc_hidden-md&#8221;][vc_raw_html 0=&#8221;&#8221;]PGNlbnRlcj48YSBjbGFzcz0ic2hpZnRuYXYtdG9nZ2xlIHNoaWZ0bmF2LXRvZ2dsZS1idXR0b24iIGRhdGEtc2hpZnRuYXYtdGFyZ2V0PSJzaGlmdG5hdi1tYWluIj48aSBjbGFzcz0iZmEgZmEtYmFycyI+PC9pPiBUYWJsZSBvZiBDb250ZW50cyA8L2E+PC9jZW50ZXI+[\/vc_raw_html][\/vc_column][\/vc_row][vc_row][vc_column][vc_custom_heading text=&#8221;Atlas f\u00fcr andere Bereiche&#8221; font_container=&#8221;tag:h1|text_align:center&#8221; use_theme_fonts=&#8221;yes&#8221;][\/vc_column][\/vc_row][vc_row][vc_column width=&#8221;2\/3&#8243;][vc_column_text]<\/p>\n<div id=>\n<p class=\"subhead\" id=\"acknowledgements\">Danksagungen<\/p>\n<p>         <em>Eileen B. Ludlow, BS, SCT(ASCP)<br \/>\n<\/em><\/p>\n<div id=\"contentImg\">\n  <img loading=\"lazy\" decoding=\"async\" src=\"\/images\/stripe.jpg\" width=\"150\" height=\"1120\">\n  <\/div>\n<p>  Dieser Atlas ist das Ergebnis vieler Anstrengungen. Am Anfang des Projekts stand unser Wunsch, auf die nicht-gyn\u00e4kologische ThinPrep<sup>\u00ae<\/sup>-Zytologie aufmerksam zu machen sowie auf die umfangreiche Pr\u00e4paratesammlung, die wir \u00fcber die Jahre hinweg aus vielen gro\u00dfz\u00fcgigen Quellen erhalten und zusammengetragen haben. <\/p>\n<p>Die meisten Fotos in diesem Atlas wurden von <strong>Charlotte L. Brahm, CT(ASCP)<\/strong> gemacht, die in unerm\u00fcdlicher Zusammenarbeit mit den Autoren daf\u00fcr sorgte, dass alle \u00fcber die richtigen Unterlagen verf\u00fcgten, und die das Projekt zu einem erfolgreichen Abschluss brachte.  <\/p>\n<p>Wir bedanken uns sehr f\u00fcr die Beitr\u00e4ge der engagierten und talentierten Gastautoren, die ihr Fachwissen zur Verf\u00fcgung gestellt haben. Ohne ihre Kenntnisse und ihren zeitlichen Einsatz w\u00e4re dieses Projekt nicht m\u00f6glich gewesen. <\/p>\n<p><em><strong>Die Autorinnen und Autoren der Beitr\u00e4ge:<\/strong><\/em><\/p>\n<p><strong>Raheela Ashfaq, MD <\/strong><br \/>\nProfessorin, Abteilung f\u00fcr Pathologie, University of Texas Southwestern Medical Center, und Leiterin des Labors f\u00fcr Zytopathologie und Onkodiagnostik, Parkland Health and Hospital, Dallas, Texas <\/p>\n<p><strong>Rana S. Hoda, MD, FIAC<\/strong><br \/>\nDozentin f\u00fcr Pathologie und Leiterin der Zytopathologie, Medical University of South Carolina, Charleston, South Carolina <\/p>\n<p><strong>David B. Kaminsky, MD,FIAC<\/strong><br \/>\nLeiter der Zytopathologie, Pathology Inc., Palm Springs, Kalifornien <\/p>\n<p><strong>Stan A. Lightfoot, MD <\/strong><br \/>\nDozent f\u00fcr Pathologie, Oklahoma University Health Science Center, Oklahoma City, Oklahoma <\/p>\n<p><strong>James Linder, MD<\/strong><br \/>\nChief Medical Officer und Senior Vice President, Hologic Corporation, Marlborough, Massachusetts, Professor der Pathologie und Mikrobiologie, University of Nebraska Medical Center, Omaha, Nebraska <\/p>\n<p><strong>Grace T. McKee, MD <\/strong><br \/>\nFr\u00fcher Lehrbeauftragte f\u00fcr Pathologie, Massachusetts General Hospital, Dozentin, Harvard Medical School, Boston, Massachusetts<\/p>\n<p><strong>Telma C. Pereira, MD<\/strong><br \/>\nFellow der Zytopathologie, Abteilung f\u00fcr Pathologie und Labormedizin, Allegheny General Hospital, Pittsburgh, Pennsylvania <\/p>\n<p><strong><\/p>\n<p>Latha Pisharodi, MD<\/strong><br \/>\nLeiterin der Zytopathologie, des Frauen- und Kinderkrankenhaus und Rhode Island Hospital, Dozentin f\u00fcr Pathologie, Brown University, Providence, Rhode Island <\/p>\n<p><strong>Jan F. Silverman, MD <\/strong><br \/>\nVorsitzender und Leiter der Anatomischen Pathologie, Abteilung f\u00fcr Pathologie und Labormedizin, Allegheny General Hospital, Professor, Pathologie und Labormedizin, Drexel University College of Medicine, Pittsburgh, Pennsylvania <\/p>\n<p><strong>Richard A. Smith, MD, PhD, MBA<\/strong><br \/>\nLeiter der Pathologie, Sturdy Memorial Hospital, Attleboro, MA <\/p>\n<p><strong>Helen H. Wang, MD, DrPH<\/strong><br \/>\nLeiterin der Zytopathologie, Beth Israel Deaconess Medical Center, Dozentin f\u00fcr Pathologie, Harvard Medical School, Boston, Massachusetts <\/p>\n<p><strong>Michele M. Weir, MD, FRCP<\/strong><br \/>\nMitarbeiterfortbildung Pathologie, London Health Sciences Centre, und Dozentin, University of Western Ontario, London, Ontario, Kanada  <\/p>\n<p><a class=\"back\" href=\"#\">Zur\u00fcck nach oben<\/a><\/p>\n<p><a href=\"nongyn_atlas.htm\">R\u00fcckkehr zu den Inhaltsverzeichnis<\/a><\/p>\n<\/div>\n<p>[\/vc_column_text][\/vc_column][vc_column width=&#8221;1\/3&#8243; offset=&#8221;vc_hidden-sm vc_hidden-xs&#8221;][vc_widget_sidebar sidebar_id=&#8221;consulting-right-sidebar&#8221;][\/vc_column][\/vc_row]<\/p>\n","protected":false},"excerpt":{"rendered":"<p>[vc_row 0=&#8221;&#8221;][vc_column 0=&#8221;&#8221; offset=&#8221;vc_hidden-lg vc_hidden-md&#8221;][vc_raw_html 0=&#8221;&#8221;]PGNlbnRlcj48YSBjbGFzcz0ic2hpZnRuYXYtdG9nZ2xlIHNoaWZ0bmF2LXRvZ2dsZS1idXR0b24iIGRhdGEtc2hpZnRuYXYtdGFyZ2V0PSJzaGlmdG5hdi1tYWluIj48aSBjbGFzcz0iZmEgZmEtYmFycyI+PC9pPiBUYWJsZSBvZiBDb250ZW50cyA8L2E+PC9jZW50ZXI+[\/vc_raw_html][\/vc_column][\/vc_row][vc_row][vc_column][vc_custom_heading text=&#8221;Atlas f\u00fcr andere Bereiche&#8221; font_container=&#8221;tag:h1|text_align:center&#8221; use_theme_fonts=&#8221;yes&#8221;][\/vc_column][\/vc_row][vc_row][vc_column width=&#8221;2\/3&#8243;][vc_column_text] Danksagungen Eileen B. Ludlow, BS, SCT(ASCP) Dieser Atlas ist das Ergebnis vieler Anstrengungen. Am Anfang des Projekts stand unser Wunsch, auf die nicht-gyn\u00e4kologische ThinPrep\u00ae-Zytologie aufmerksam zu machen sowie auf die umfangreiche Pr\u00e4paratesammlung, die wir \u00fcber die Jahre hinweg aus vielen gro\u00dfz\u00fcgigen Quellen<\/p>\n","protected":false},"author":7,"featured_media":0,"parent":1950,"menu_order":0,"comment_status":"closed","ping_status":"closed","template":"","meta":{"ngg_post_thumbnail":0,"footnotes":""},"class_list":["post-2085","page","type-page","status-publish","hentry"],"_links":{"self":[{"href":"https:\/\/cytologystuff.com\/de\/wp-json\/wp\/v2\/pages\/2085","targetHints":{"allow":["GET"]}}],"collection":[{"href":"https:\/\/cytologystuff.com\/de\/wp-json\/wp\/v2\/pages"}],"about":[{"href":"https:\/\/cytologystuff.com\/de\/wp-json\/wp\/v2\/types\/page"}],"author":[{"embeddable":true,"href":"https:\/\/cytologystuff.com\/de\/wp-json\/wp\/v2\/users\/7"}],"replies":[{"embeddable":true,"href":"https:\/\/cytologystuff.com\/de\/wp-json\/wp\/v2\/comments?post=2085"}],"version-history":[{"count":0,"href":"https:\/\/cytologystuff.com\/de\/wp-json\/wp\/v2\/pages\/2085\/revisions"}],"up":[{"embeddable":true,"href":"https:\/\/cytologystuff.com\/de\/wp-json\/wp\/v2\/pages\/1950"}],"wp:attachment":[{"href":"https:\/\/cytologystuff.com\/de\/wp-json\/wp\/v2\/media?parent=2085"}],"curies":[{"name":"wp","href":"https:\/\/api.w.org\/{rel}","templated":true}]}}