{"id":2078,"date":"2017-07-31T19:31:02","date_gmt":"2017-07-31T19:31:02","guid":{"rendered":"http:\/\/cytologystuff1.wpengine.com\/non-gyn-atlas\/negative-washes\/"},"modified":"2017-11-16T11:20:45","modified_gmt":"2017-11-16T11:20:45","slug":"negative-washes","status":"publish","type":"page","link":"https:\/\/cytologystuff.com\/de\/non-gyn-atlas\/negative-washes\/","title":{"rendered":"Zytologie pleuraler, perikardialer und peritonealer Erg\u00fcsse"},"content":{"rendered":"<p>[vc_row 0=&#8221;&#8221;][vc_column 0=&#8221;&#8221; offset=&#8221;vc_hidden-lg vc_hidden-md&#8221;][vc_raw_html 0=&#8221;&#8221;]PGNlbnRlcj48YSBjbGFzcz0ic2hpZnRuYXYtdG9nZ2xlIHNoaWZ0bmF2LXRvZ2dsZS1idXR0b24iIGRhdGEtc2hpZnRuYXYtdGFyZ2V0PSJzaGlmdG5hdi1tYWluIj48aSBjbGFzcz0iZmEgZmEtYmFycyI+PC9pPiBUYWJsZSBvZiBDb250ZW50cyA8L2E+PC9jZW50ZXI+[\/vc_raw_html][\/vc_column][\/vc_row][vc_row][vc_column][vc_custom_heading text=&#8221;Zytologie pleuraler, perikardialer und peritonealer Erg\u00fcsse&#8221; font_container=&#8221;tag:h1|text_align:center&#8221; use_theme_fonts=&#8221;yes&#8221;][\/vc_column][\/vc_row][vc_row el_id=&#8221;acknowledgements&#8221;][vc_column width=&#8221;2\/3&#8243;][vc_column_text]<\/p>\n<div id=>\n<p class=\"subhead\">SP\u00dcLUNGEN MIT NEGATIVEM BEFUND <\/p>\n<p style=\"padding-left:7px\"><a href=\"javascript:void(0)\"  style=\"width:350px;display:block\"><img loading=\"lazy\" decoding=\"async\" src=\"\/images\/button27h.gif\" id=\"selfAssessImg\" width=\"350\" height=\"40\"><\/a><\/p>\n<div class=\"highslide-gallery\">\n<strong>Erinnerung: Sie k\u00f6nnen auf jedes Bild klicken, um dieses vergr\u00f6\u00dfert zu betrachten.<\/strong><\/p>\n<div class=\"chartColumnCell\">\n<a href=\"\/gallery\/images_large\/slide0413.jpg\" class=\"highslide\" onclick=\"return hs.expand(this)\" name=\"pap\"><br \/>\n\t<img decoding=\"async\" src=\"\/gallery\/images\/slide0413.jpg\" alt=\"Image 2\" border=\"0\" title=\"Click to enlarge\"><\/a><\/p>\n<div class=\"highslide-caption\">\n        <strong>Abbildung 13<\/strong><br \/>\n       <br \/>\n  Peritonealsp\u00fclung: <br \/> Gutartig. <br \/> 20X <\/div>\n<\/div>\n<div class=\"chartColumnShortCell\">\n        \t<strong>Abbildung 13<br \/>\n        \t<\/strong>Peritonealsp\u00fclung: <br \/>\nGutartig. <br \/>\n20X  <\/div>\n<div class=\"newRow\"><\/div>\n<p>Bei einer Peritonealsp\u00fclung nimmt der Chirurg eine Sp\u00fclung vor, um Zellen f\u00fcr die Analyse zu gewinnen. Mesothelzellen des Beckens k\u00f6nnen in breiten und flachen Verb\u00e4nden abgesetzt werden. Manchmal falten sich die Verb\u00e4nde, sodass die \u00dcberlagerung von Zellen erkennbar wird. <\/p>\n<p>\nDie Gutartigkeit dieser Mesothelzellen ist anhand der Einheitlichkeit ihrer Anordnung und ihres Aussehens deutlich erkennbar.<br \/>\n<\/p>\n<div class=\"chartColumnCell\">\n<a href=\"\/gallery\/images_large\/slide0414.jpg\" class=\"highslide\" onclick=\"return hs.expand(this)\"><br \/>\n\t<img decoding=\"async\" src=\"\/gallery\/images\/slide0414.jpg\" alt=\"Image 3\" border=\"0\" title=\"Click to enlarge\"><\/a><\/p>\n<div class=\"highslide-caption\">\n<strong>Abbildung 14<\/strong><br \/>\n<br \/> Peritonealsp\u00fclung: <br \/> Gutartige Mesothelzellen in einem Cluster. <br \/> 40X <\/div>\n<\/div>\n<div class=\"chartColumnShortCell\">\n \t\t<strong>Abbildung 14<br \/>\n \t\t<\/strong>   Peritonealsp\u00fclung: <br \/> <br \/>\n\t\tGutartige Mesothelzellen in einem Cluster. <br \/>\n40X\n<\/div>\n<div class=\"newRow\"><\/div>\n<p>Gutartige Mesothelzellen aus einer Peritonealsp\u00fclung k\u00f6nnen auch zusammengedr\u00e4ngt zu einer dreidimensionalen Gruppe mit leichten \u00dcberlagerungen auftreten. Bei genauerer Betrachtung sind einheitliche Zellen mit gutartigen Kernmerkmalen zu erkennen.\n<\/p>\n<div class=\"chartColumnCell\">\n<a href=\"\/gallery\/images_large\/slide0415.jpg\" class=\"highslide\" onclick=\"return hs.expand(this)\"><br \/>\n\t<img decoding=\"async\" src=\"\/gallery\/images\/slide0415.jpg\" alt=\"Image 3\" border=\"0\" title=\"Click to enlarge\"><\/a><\/p>\n<div class=\"highslide-caption\">\n<strong>Abbildung 15<\/strong><br \/>\nPeritonealsp\u00fclung: <br \/>Reaktive Mesothelzellen.<br \/> 40X<\/div>\n<\/div>\n<div class=\"chartColumnShortCell\">\n<strong>Abbildung 15<br \/>\n<\/strong><br \/>\nPeritonealsp\u00fclung: <br \/>\nReaktive Mesothelzellen.<br \/>\n40X\n<\/div>\n<div class=\"newRow\"><\/div>\n<p>Auch bei dieser Gruppe gutartiger Mesothelzellen sind leichte \u00dcberlagerungen zu erkennen. Im Vergleich zu dem typischen glatten Rand der Cluster bei Adenokarzinomen haben gutartige Mesothelzellen einen muschelartigen oder h\u00f6ckerartigen Rand.<\/p>\n<div class=\"chartColumnCell\">\n<a href=\"\/gallery\/images_large\/slide0416.jpg\" class=\"highslide\" onclick=\"return hs.expand(this)\" name=\"pap\"><br \/>\n\t<img decoding=\"async\" src=\"\/gallery\/images\/slide0416.jpg\" alt=\"Image 2\" border=\"0\" title=\"Click to enlarge\"><\/a><\/p>\n<div class=\"highslide-caption\">\n<strong>Abbildung 16<\/strong> <br \/>\nSp\u00fclung des Beckens:<br \/> Gutartige Mesothelzellen. <br \/> 20X <\/div>\n<\/div>\n<div class=\"chartColumnShortCell\">\n        \t<strong>Abbildung 16<br \/>\n        \t<\/strong>Sp\u00fclung des Beckens:<br \/>\nGutartige Mesothelzellen. <br \/>\n20X   <\/div>\n<div class=\"newRow\"><\/div>\n<p>Ein flacher Verband von gleichm\u00e4\u00dfig verteilten Mesothelzellen in einem Wabenmuster.<\/p>\n<p><\/p>\n<div class=\"chartColumnCell\">\n<a href=\"\/gallery\/images_large\/slide0417.jpg\" class=\"highslide\" onclick=\"return hs.expand(this)\"><br \/>\n\t<img decoding=\"async\" src=\"\/gallery\/images\/slide0417.jpg\" alt=\"Image 3\" border=\"0\" title=\"Click to enlarge\"><\/a><\/p>\n<div class=\"highslide-caption\">\n<strong>Abbildung 17<\/strong><br \/>\n<br \/>\nSp\u00fclung des Beckens:<br \/> Gutartige Mesothelzellen. <br \/> 40X <\/div>\n<\/div>\n<div class=\"chartColumnShortCell\">\n \t\t<strong>Abbildung 17<br \/>\n \t\t<\/strong>        \t\tSp\u00fclung des Beckens:<br \/>\nGutartige Mesothelzellen. <br \/>\n40X\n<\/div>\n<div class=\"newRow\"><\/div>\n<div class=\"chartColumnCell\">\n<a href=\"\/gallery\/images_large\/slide0418.jpg\" class=\"highslide\" onclick=\"return hs.expand(this)\" name=\"pap\"><br \/>\n\t<img decoding=\"async\" src=\"\/gallery\/images\/slide0418.jpg\" alt=\"Image 2\" border=\"0\" title=\"Click to enlarge\"><\/a><\/p>\n<div class=\"highslide-caption\">\n<strong>Abbildung 18<\/strong><br \/>\n<br \/>\nSp\u00fclung des Beckens:<br \/> Gutartige Mesothelzellen. <br \/> 20X <\/div>\n<\/div>\n<div class=\"chartColumnShortCell\">\n        \t<strong>Abbildung 18<br \/>\n        \t<\/strong>Sp\u00fclung des Beckens:<br \/>\nGutartige Mesothelzellen. <br \/>\n20X <\/div>\n<div class=\"newRow\"><\/div>\n<p>  <strong>Abbildungen 17 und 18<\/strong> zeigen gro\u00dfe Verb\u00e4nde von Mesothelzellen. Die blasenf\u00f6rmigen und einheitlichen Zellkerne weisen kleine oder unauff\u00e4llige Kernk\u00f6rperchen auf. <\/p>\n<div class=\"chartColumnCell\">\n<a href=\"\/gallery\/images_large\/slide0419.jpg\" class=\"highslide\" onclick=\"return hs.expand(this)\"><br \/>\n\t<img decoding=\"async\" src=\"\/gallery\/images\/slide0419.jpg\" alt=\"Image 3\" border=\"0\" title=\"Click to enlarge\"><\/a><\/p>\n<div class=\"highslide-caption\">\n<strong>Abbildung 19<\/strong><br \/>\n<br \/>\nSp\u00fclung des Beckens:<br \/> Negativ. <br \/> 40X <\/div>\n<\/div>\n<div class=\"chartColumnShortCell\">\n \t\t<strong>Abbildung 19<br \/>\n \t\t<\/strong>        \t\tSp\u00fclung des Beckens:<br \/>\nNegativ. <br \/>\n40X\n<\/div>\n<div class=\"newRow\"><\/div>\n<p>  Bei starker komprimiertem Zytoplasma k\u00f6nnen Mesothelzellen auch kuboidal aussehen. Beachten Sie auch hier den zusammenh\u00e4ngenden Verband von Zellen mit durchweg einheitlichen Zellkernen. <\/p>\n<div class=\"chartColumnCell\">\n<a href=\"\/gallery\/images_large\/slide0420.jpg\" class=\"highslide\" onclick=\"return hs.expand(this)\"><br \/>\n\t<img decoding=\"async\" src=\"\/gallery\/images\/slide0420.jpg\" alt=\"Image 3\" border=\"0\" title=\"Click to enlarge\"><\/a><\/p>\n<div class=\"highslide-caption\">\n<strong>Abbildung 20<\/strong><br \/>\n<br \/>\nPeritonealsp\u00fclung: <br \/> Artefakte.<br \/> 20X <\/div>\n<\/div>\n<div class=\"chartColumnShortCell\">\n \t\t<strong>Abbildung 20<br \/>\n \t\t<\/strong>        \t\tPeritonealsp\u00fclung: <br \/>\nArtefakte.<br \/>\n20X\n<\/div>\n<div class=\"newRow\"><\/div>\n<p>Cholesterin und andere Kristalltypen k\u00f6nnen in Peritonealsp\u00fclungen und Fl\u00fcssigkeiten aus anderen K\u00f6rperbereichen vorhanden sein.<\/p>\n<p> <\/p>\n<div class=\"chartColumnCell\">\n<a href=\"\/gallery\/images_large\/slide0421.jpg\" class=\"highslide\" onclick=\"return hs.expand(this)\"><br \/>\n\t<img decoding=\"async\" src=\"\/gallery\/images\/slide0421.jpg\" alt=\"Image 3\" border=\"0\" title=\"Click to enlarge\"><\/a><\/p>\n<div class=\"highslide-caption\">\n<strong>Abbildung 21<\/strong><br \/>\n<br \/>\nPeritonealsp\u00fclung: <br \/> Artefakte.<br \/> 60X <\/div>\n<\/div>\n<div class=\"chartColumnShortCell\">\n \t\t<strong>Abbildung 21<br \/>\n \t\t<\/strong>        \t\tPeritonealsp\u00fclung: <br \/>\nArtefakte.<br \/>\n60X\n<\/div>\n<\/div>\n<div class=\"newRow\"><\/div>\n<p>       Reaktive Mesothelzellen, die St\u00e4rkek\u00f6rnchen enthalten, weisen auf eine Kontamination durch Handschuhpuder bei einer fr\u00fcheren Laparotomie hin. Auch \u00fcber die Handschuhe des technischen Mitarbeiters, der die Probe verarbeitet, k\u00f6nnen St\u00e4rkek\u00f6rnchen in die Probe gelangen und sie kontaminieren.   <\/p>\n<p><a class=\"back\" href=\"#\">Zur\u00fcck nach oben<\/a><\/p>\n<p><a href=\"nongyn_atlas.htm\">R\u00fcckkehr zu den Inhaltsverzeichnis<\/a><\/p>\n<\/div>\n<p>[\/vc_column_text][vc_column_text css=&#8221;.vc_custom_1500390293825{margin-top: 30px !important;}&#8221; el_class=&#8221;back-to-top&#8221;]<strong><a href=\"#main\">Back to Top<\/a><\/strong>[\/vc_column_text][\/vc_column][vc_column width=&#8221;1\/3&#8243; offset=&#8221;vc_hidden-sm vc_hidden-xs&#8221;][vc_widget_sidebar sidebar_id=&#8221;consulting-right-sidebar&#8221;][\/vc_column][\/vc_row]<\/p>\n","protected":false},"excerpt":{"rendered":"<p>[vc_row 0=&#8221;&#8221;][vc_column 0=&#8221;&#8221; offset=&#8221;vc_hidden-lg vc_hidden-md&#8221;][vc_raw_html 0=&#8221;&#8221;]PGNlbnRlcj48YSBjbGFzcz0ic2hpZnRuYXYtdG9nZ2xlIHNoaWZ0bmF2LXRvZ2dsZS1idXR0b24iIGRhdGEtc2hpZnRuYXYtdGFyZ2V0PSJzaGlmdG5hdi1tYWluIj48aSBjbGFzcz0iZmEgZmEtYmFycyI+PC9pPiBUYWJsZSBvZiBDb250ZW50cyA8L2E+PC9jZW50ZXI+[\/vc_raw_html][\/vc_column][\/vc_row][vc_row][vc_column][vc_custom_heading text=&#8221;Zytologie pleuraler, perikardialer und peritonealer Erg\u00fcsse&#8221; font_container=&#8221;tag:h1|text_align:center&#8221; use_theme_fonts=&#8221;yes&#8221;][\/vc_column][\/vc_row][vc_row el_id=&#8221;acknowledgements&#8221;][vc_column width=&#8221;2\/3&#8243;][vc_column_text] SP\u00dcLUNGEN MIT NEGATIVEM BEFUND Erinnerung: Sie k\u00f6nnen auf jedes Bild klicken, um dieses vergr\u00f6\u00dfert zu betrachten. Abbildung 13 Peritonealsp\u00fclung: Gutartig. 20X Abbildung 13 Peritonealsp\u00fclung: Gutartig. 20X Bei einer Peritonealsp\u00fclung nimmt der Chirurg eine Sp\u00fclung vor, um Zellen f\u00fcr die<\/p>\n","protected":false},"author":7,"featured_media":0,"parent":1950,"menu_order":0,"comment_status":"closed","ping_status":"closed","template":"","meta":{"ngg_post_thumbnail":0,"footnotes":""},"class_list":["post-2078","page","type-page","status-publish","hentry"],"_links":{"self":[{"href":"https:\/\/cytologystuff.com\/de\/wp-json\/wp\/v2\/pages\/2078","targetHints":{"allow":["GET"]}}],"collection":[{"href":"https:\/\/cytologystuff.com\/de\/wp-json\/wp\/v2\/pages"}],"about":[{"href":"https:\/\/cytologystuff.com\/de\/wp-json\/wp\/v2\/types\/page"}],"author":[{"embeddable":true,"href":"https:\/\/cytologystuff.com\/de\/wp-json\/wp\/v2\/users\/7"}],"replies":[{"embeddable":true,"href":"https:\/\/cytologystuff.com\/de\/wp-json\/wp\/v2\/comments?post=2078"}],"version-history":[{"count":0,"href":"https:\/\/cytologystuff.com\/de\/wp-json\/wp\/v2\/pages\/2078\/revisions"}],"up":[{"embeddable":true,"href":"https:\/\/cytologystuff.com\/de\/wp-json\/wp\/v2\/pages\/1950"}],"wp:attachment":[{"href":"https:\/\/cytologystuff.com\/de\/wp-json\/wp\/v2\/media?parent=2078"}],"curies":[{"name":"wp","href":"https:\/\/api.w.org\/{rel}","templated":true}]}}