{"id":2071,"date":"2017-07-31T19:28:38","date_gmt":"2017-07-31T19:28:38","guid":{"rendered":"http:\/\/cytologystuff1.wpengine.com\/non-gyn-atlas\/negative-effusions\/"},"modified":"2017-11-16T07:04:15","modified_gmt":"2017-11-16T07:04:15","slug":"negative-effusions","status":"publish","type":"page","link":"https:\/\/cytologystuff.com\/de\/non-gyn-atlas\/negative-effusions\/","title":{"rendered":"Zytologie pleuraler, perikardialer und peritonealer Erg\u00fcsse"},"content":{"rendered":"<p>[vc_row 0=&#8221;&#8221;][vc_column 0=&#8221;&#8221; offset=&#8221;vc_hidden-lg vc_hidden-md&#8221;][vc_raw_html 0=&#8221;&#8221;]PGNlbnRlcj48YSBjbGFzcz0ic2hpZnRuYXYtdG9nZ2xlIHNoaWZ0bmF2LXRvZ2dsZS1idXR0b24iIGRhdGEtc2hpZnRuYXYtdGFyZ2V0PSJzaGlmdG5hdi1tYWluIj48aSBjbGFzcz0iZmEgZmEtYmFycyI+PC9pPiBUYWJsZSBvZiBDb250ZW50cyA8L2E+PC9jZW50ZXI+[\/vc_raw_html][\/vc_column][\/vc_row][vc_row][vc_column][vc_custom_heading text=&#8221;Zytologie pleuraler, perikardialer und peritonealer Erg\u00fcsse&#8221; font_container=&#8221;tag:h1|text_align:center&#8221; use_theme_fonts=&#8221;yes&#8221;][\/vc_column][\/vc_row][vc_row el_id=&#8221;acknowledgements&#8221;][vc_column width=&#8221;2\/3&#8243;][vc_column_text]<\/p>\n<div id=>\n<p class=\"subhead\">ERG\u00dcSSE MIT NEGATIVEM BEFUND<\/p>\n<p style=\"padding-left:7px\"><a href=\"javascript:void(0)\"  style=\"width:350px;display:block\"><img loading=\"lazy\" decoding=\"async\" src=\"\/images\/button27h.gif\" id=\"selfAssessImg\" width=\"350\" height=\"40\"><\/a><\/p>\n<div class=\"highslide-gallery\">\n<strong>Erinnerung: Sie k\u00f6nnen auf jedes Bild klicken, um dieses vergr\u00f6\u00dfert zu betrachten.<\/strong><\/p>\n<div class=\"chartColumnCell\">\n<a href=\"\/gallery\/images_large\/slide0401.jpg\" class=\"highslide\" onclick=\"return hs.expand(this)\" name=\"pap\"><br \/>\n\t<img decoding=\"async\" src=\"\/gallery\/images\/slide0401.jpg\" alt=\"Image 2\" border=\"0\" title=\"Click to enlarge\"><\/a><\/p>\n<div class=\"highslide-caption\">\n        <strong>Abbildung 1<\/strong><br \/>\n        <br \/>\n        Pleuraerguss:<br \/>\nGutartige Mesothelzellen <br \/>20X <\/div>\n<\/div>\n<div class=\"chartColumnShortCell\">\n        \t<strong>Abbildung 1<br \/>\n        \t<\/strong>Pleuraerguss:<br \/>\nGutartige Mesothelzellen <br \/>\n20X <\/div>\n<div class=\"newRow\"><\/div>\n<div class=\"chartColumnCell\">\n<a href=\"\/gallery\/images_large\/slide0402.jpg\" class=\"highslide\" onclick=\"return hs.expand(this)\"><br \/>\n\t<img decoding=\"async\" src=\"\/gallery\/images\/slide0402.jpg\" alt=\"Image 3\" border=\"0\" title=\"Click to enlarge\"><\/a><\/p>\n<div class=\"highslide-caption\">\n<strong>Abbildung 2<\/strong><br \/>\n<br \/>\n  Pleuraerguss:<br \/>\nGutartige Mesothelzellen <br \/> 40X <\/div>\n<\/div>\n<div class=\"chartColumnShortCell\">\n <strong>Abbildung 2<br \/>\n <\/strong>Pleuraerguss:<br \/>\n <br \/>\n Gutartige Mesothelzellen <br \/>\n40X <\/div>\n<div class=\"newRow\"><\/div>\n<div class=\"chartColumnCell\">\n<a href=\"\/gallery\/images_large\/slide0403.jpg\" class=\"highslide\" onclick=\"return hs.expand(this)\"><br \/>\n\t<img decoding=\"async\" src=\"\/gallery\/images\/slide0403.jpg\" alt=\"Image 3\" border=\"0\" title=\"Click to enlarge\"><\/a><\/p>\n<div class=\"highslide-caption\">\n<strong>Abbildung 3<br \/>\n<\/strong>Pleuraerguss:<br \/>\nGutartige Mesothelzellen <br \/>\n60X <\/div>\n<\/div>\n<div class=\"chartColumnShortCell\">\n<strong>Abbildung 3<br \/>\n<\/strong><br \/>\nPleuraerguss:<br \/>\nGutartige Mesothelzellen <br \/>\n60X <\/div>\n<div class=\"newRow\"><\/div>\n<p><strong>Abbildungen 1-3 &#8211; Pleuraerguss: Gutartige Mesothelzellen <\/strong><br \/>\nVerb\u00e4nde gutartiger Mesothelzellen umfassen h\u00e4ufig weniger als 12 Zellen, sie k\u00f6nnen jedoch manchmal auch mehr als 50 Zellen umfassen. Bei diesen Mikroaufnahmen ist die gleichm\u00e4\u00dfige Verteilung der einheitlichen Zellen mit regelm\u00e4\u00dfigen Zellkernen, feinen Kernmembranen und kleinen runden Kernk\u00f6rperchen ein Hinweis auf die Gutartigkeit dieser Zellen.<\/p>\n<div class=\"chartColumnCell\">\n<a href=\"\/gallery\/images_large\/slide0404.jpg\" class=\"highslide\" onclick=\"return hs.expand(this)\" name=\"pap\"><br \/>\n\t<img decoding=\"async\" src=\"\/gallery\/images\/slide0404.jpg\" alt=\"Image 2\" border=\"0\" title=\"Click to enlarge\"><\/a><\/p>\n<div class=\"highslide-caption\">\n        <strong>Abbildung 4<\/strong><br \/>\n        <br \/>\n Pleuraerguss:<br \/>Reaktive Mesothelzellen.<br \/> 60X <\/div>\n<\/div>\n<div class=\"chartColumnShortCell\">\n        \t<strong>Abbildung 4<br \/>\n        \t<\/strong>Pleuraerguss:<br \/>\n            <br \/>\n            Reaktive Mesothelzellen.<br \/>\n60X <\/div>\n<div class=\"newRow\"><\/div>\n<div class=\"chartColumnCell\">\n<a href=\"\/gallery\/images_large\/slide0405.jpg\" class=\"highslide\" onclick=\"return hs.expand(this)\"><br \/>\n\t<img decoding=\"async\" src=\"\/gallery\/images\/slide0405.jpg\" alt=\"Image 3\" border=\"0\" title=\"Click to enlarge\"><\/a><\/p>\n<div class=\"highslide-caption\">\n<strong>Abbildung 5<\/strong><br \/>\n<br \/>\nPleuraerguss: <br \/>Reaktive Mesothelzellen.<br \/> 60x <\/div>\n<\/div>\n<div class=\"chartColumnShortCell\">\n \t\t<strong>Abbildung 5<br \/>\n \t\t<\/strong>        \t\tPleuraerguss:<br \/>\n        <br \/>\n        Reaktive Mesothelzellen.<br \/>\n60x <\/div>\n<div class=\"newRow\"><\/div>\n<p><strong>Abbildungen 4-5: Pleuraerguss: Reaktive Mesothelzellen.<br \/><\/strong><br \/>\nUnter den Bedingungen eines entz\u00fcndlichen Prozesses steigt die Anzahl der Mesothelzellen und sie k\u00f6nnen unterschiedlich gro\u00df und mehrkernig sein. Zu den Schl\u00fcsselfaktoren f\u00fcr die Diagnose geh\u00f6rt (1) die Anwendung einzelner Kriterien der Gutartigkeit und (2) der Nachweis eines ununterbrochenen Kontinuums von Gr\u00f6\u00dfen, von klein bis sehr gro\u00df. Zu beachten sind die vergr\u00f6\u00dferten Zellkerne, das Vorhandensein mehrerer kleiner Kernk\u00f6rperchen und die Leerr\u00e4ume zwischen benachbarten Zellen, die so genannten &#8220;Fenster&#8221;. Entz\u00fcndungszellen sind im Hintergrund vorhanden. <\/p>\n<div class=\"chartColumnCell\">\n<a href=\"\/gallery\/images_large\/slide0406.jpg\" class=\"highslide\" onclick=\"return hs.expand(this)\" name=\"pap\"><br \/>\n\t<img decoding=\"async\" src=\"\/gallery\/images\/slide0406.jpg\" alt=\"Image 2\" border=\"0\" title=\"Click to enlarge\"><\/a><\/p>\n<div class=\"highslide-caption\">\n        <strong>Abbildung 6<\/strong><br \/>\n        <br \/>\nPeritonealerguss:<br \/> Reaktive Mesothelzellen.<br \/> 60X<\/div>\n<\/div>\n<div class=\"chartColumnShortCell\">\n        \t<strong>Abbildung 6<br \/>\n        \t<\/strong>Peritonealerguss:<br \/>\nReaktive Mesothelzellen.<br \/>\n60X<\/div>\n<div class=\"newRow\"><\/div>\n<p>   Wie beim Pleuraerguss k\u00f6nnen Mesothelzellen in Peritonealerg\u00fcssen viele unterschiedliche Zellgr\u00f6\u00dfen aufweisen. Mesothelzellen k\u00f6nnen mit einer Beimengung von Entz\u00fcndungszellen und Histiozyten auftreten.    <\/p>\n<div class=\"chartColumnCell\">\n<a href=\"\/gallery\/images_large\/slide0407.jpg\" class=\"highslide\" onclick=\"return hs.expand(this)\"><br \/>\n\t<img decoding=\"async\" src=\"\/gallery\/images\/slide0407.jpg\" alt=\"Image 3\" border=\"0\" title=\"Click to enlarge\"><\/a><\/p>\n<div class=\"highslide-caption\">\n<strong>Abbildung 7<\/strong><br \/>\n<br \/>Peritonealerguss:<br \/> Gutartig<br \/>  60X<\/div>\n<\/div>\n<div class=\"chartColumnShortCell\">\n \t<strong>Abbildung 7<br \/>\n \t\t<\/strong>        \t\tPeritonealerguss:<br \/>\n        <br \/>\n      Gutartig <br \/>\n60X <\/div>\n<div class=\"newRow\"><\/div>\n<p>  Dieser Verband von Mesothelzellen weist eine mittlere Koh\u00e4sion auf. Die Zellen der Gruppe haben einheitlich gro\u00dfe Zellkerne. Die Kernmembranen sind d\u00fcnn und fein, und die Kernk\u00f6rperchen sind einheitlich klein und rund. <\/p>\n<div class=\"chartColumnCell\">\n<a href=\"\/gallery\/images_large\/slide0408.jpg\" class=\"highslide\" onclick=\"return hs.expand(this)\"><br \/>\n\t<img decoding=\"async\" src=\"\/gallery\/images\/slide0408.jpg\" alt=\"Image 3\" border=\"0\" title=\"Click to enlarge\"><\/a><\/p>\n<div class=\"highslide-caption\">\n<strong>Abbildung 8<\/strong><br \/>\n<br \/>Peritonealerguss:<br \/> Reaktive Mesothelzellen.<br \/> 60X <\/div>\n<\/div>\n<div class=\"chartColumnShortCell\">\n \t\t<strong>Abbildung 8<br \/>\n \t\t<\/strong>        \t\tPeritonealerguss:<br \/>\n        <br \/>\n        Reaktive Mesothelzellen.<br \/>\n60X <\/div>\n<div class=\"newRow\"><\/div>\n<p>        Peritonealerguss mit leichter zellul\u00e4rer Anisozytose als reaktiver Prozess. <\/p>\n<div class=\"chartColumnCell\">\n<a href=\"\/gallery\/images_large\/slide0409.jpg\" class=\"highslide\" onclick=\"return hs.expand(this)\"><br \/>\n\t<img decoding=\"async\" src=\"\/gallery\/images\/slide0409.jpg\" alt=\"Image 3\" border=\"0\" title=\"Click to enlarge\"><\/a><\/p>\n<div class=\"highslide-caption\">\n<strong>Abbildung 9<\/strong><br \/>\n<br \/>\nPleuraerguss:<br \/> Artefakte <br \/> 20X <\/div>\n<\/div>\n<div class=\"chartColumnShortCell\">\n \t\t<strong>Abbildung 9<br \/>\n \t\t<\/strong>        \t\tPleuraerguss:<br \/>\n        <br \/>\n        Artefakte <br \/>\n20X <\/div>\n<div class=\"newRow\"><\/div>\n<p>         Fasern von Stoffen, die zur Probengewinnung oder -verarbeitung verwendet wurden, k\u00f6nnen in Erg\u00fcssen aus allen K\u00f6rperh\u00f6hlen festgestellt werden. <\/p>\n<div class=\"chartColumnCell\">\n<a href=\"\/gallery\/images_large\/slide0410.jpg\" class=\"highslide\" onclick=\"return hs.expand(this)\" name=\"pap\"><br \/>\n\t<img decoding=\"async\" src=\"\/gallery\/images\/slide0410.jpg\" alt=\"Image 2\" border=\"0\" title=\"Click to enlarge\"><\/a><\/p>\n<div class=\"highslide-caption\">\n<strong>Abbildung 10<\/strong><br \/>\n<br \/>\n Perikardialerguss:<br \/> Gutartige Mesothelzellen. <br \/> 20X<\/div>\n<\/div>\n<div class=\"chartColumnShortCell\">\n        \t<strong>Abbildung 10<br \/>\n        \t<\/strong>Perikardialerguss:<\/p>\n<p>            Gutartige Mesothelzellen. <br \/>\n20X<\/div>\n<div class=\"newRow\"><\/div>\n<div class=\"chartColumnCell\">\n<a href=\"\/gallery\/images_large\/slide0411.jpg\" class=\"highslide\" onclick=\"return hs.expand(this)\"><br \/>\n\t<img decoding=\"async\" src=\"\/gallery\/images\/slide0411.jpg\" alt=\"Image 3\" border=\"0\" title=\"Click to enlarge\"><\/a><\/p>\n<div class=\"highslide-caption\">\n<strong>Abbildung 11<\/strong><br \/>\n<br \/>Perikardialerguss: <br \/>Gutartige Mesothelzellen. <br \/> 40X<\/div>\n<\/div>\n<div class=\"chartColumnShortCell\">\n \t\t<strong>Abbildung 11<br \/>\n \t\t<\/strong>        \t\tPerikardialerguss:<br \/>\nGutartige Mesothelzellen. <br \/>\n40X <\/div>\n<div class=\"newRow\"><\/div>\n<div class=\"chartColumnCell\">\n<a href=\"\/gallery\/images_large\/slide0412.jpg\" class=\"highslide\" onclick=\"return hs.expand(this)\"><br \/>\n\t<img decoding=\"async\" src=\"\/gallery\/images\/slide0412.jpg\" alt=\"Image 3\" border=\"0\" title=\"Click to enlarge\"><\/a><\/p>\n<div class=\"highslide-caption\">\n<strong>Abbildung 12<br \/>\n<\/strong>Perikardialerguss:<br \/> Gutartige Mesothelzellen. <br \/> 60X <\/div>\n<\/div>\n<div class=\"chartColumnShortCell\">\n<strong>Abbildung 12<br \/>\n<\/strong><br \/>\nPerikardialerguss:<br \/>\nGutartige Mesothelzellen. <br \/>\n60X <\/div>\n<\/div>\n<div class=\"newRow\"><\/div>\n<p><strong>  Abbildungen 10-12: Perikardialerguss &#8211; Gutartige Mesothelzellen. <br \/><\/strong><br \/>\nDie Perikardiozentese kann Verb\u00e4nde gutartiger Mesothelzellen ergeben, analog zu denen, die in anderen K\u00f6rperh\u00f6hlenerg\u00fcssen gefunden wurden. Die \u00c4tiologie von Perikardialerg\u00fcssen ist mit gr\u00f6\u00dferer Wahrscheinlichkeit infekti\u00f6s (viral), autoimmun, entz\u00fcndlich (Myokardinfarkt) oder reaktiv (Ur\u00e4mie). Auch ein Tumor, insbesondere ein Lungentumor, kann in den Perikard eindringen.<\/p>\n<p><a class=\"back\" href=\"#\">Zur\u00fcck nach oben<\/a><\/p>\n<p><a href=\"nongyn_atlas.htm\"> R\u00fcckkehr zu den Inhaltsverzeichnis <\/a><\/p>\n<\/div>\n<p>[\/vc_column_text][vc_column_text css=&#8221;.vc_custom_1500390293825{margin-top: 30px !important;}&#8221; el_class=&#8221;back-to-top&#8221;]<strong><a href=\"#main\">Back to Top<\/a><\/strong>[\/vc_column_text][\/vc_column][vc_column width=&#8221;1\/3&#8243; offset=&#8221;vc_hidden-sm vc_hidden-xs&#8221;][vc_widget_sidebar sidebar_id=&#8221;consulting-right-sidebar&#8221;][\/vc_column][\/vc_row]<\/p>\n","protected":false},"excerpt":{"rendered":"<p>[vc_row 0=&#8221;&#8221;][vc_column 0=&#8221;&#8221; offset=&#8221;vc_hidden-lg vc_hidden-md&#8221;][vc_raw_html 0=&#8221;&#8221;]PGNlbnRlcj48YSBjbGFzcz0ic2hpZnRuYXYtdG9nZ2xlIHNoaWZ0bmF2LXRvZ2dsZS1idXR0b24iIGRhdGEtc2hpZnRuYXYtdGFyZ2V0PSJzaGlmdG5hdi1tYWluIj48aSBjbGFzcz0iZmEgZmEtYmFycyI+PC9pPiBUYWJsZSBvZiBDb250ZW50cyA8L2E+PC9jZW50ZXI+[\/vc_raw_html][\/vc_column][\/vc_row][vc_row][vc_column][vc_custom_heading text=&#8221;Zytologie pleuraler, perikardialer und peritonealer Erg\u00fcsse&#8221; font_container=&#8221;tag:h1|text_align:center&#8221; use_theme_fonts=&#8221;yes&#8221;][\/vc_column][\/vc_row][vc_row el_id=&#8221;acknowledgements&#8221;][vc_column width=&#8221;2\/3&#8243;][vc_column_text] ERG\u00dcSSE MIT NEGATIVEM BEFUND Erinnerung: Sie k\u00f6nnen auf jedes Bild klicken, um dieses vergr\u00f6\u00dfert zu betrachten. Abbildung 1 Pleuraerguss: Gutartige Mesothelzellen 20X Abbildung 1 Pleuraerguss: Gutartige Mesothelzellen 20X Abbildung 2 Pleuraerguss: Gutartige Mesothelzellen 40X Abbildung 2 Pleuraerguss: Gutartige Mesothelzellen<\/p>\n","protected":false},"author":7,"featured_media":0,"parent":1950,"menu_order":0,"comment_status":"closed","ping_status":"closed","template":"","meta":{"ngg_post_thumbnail":0,"footnotes":""},"class_list":["post-2071","page","type-page","status-publish","hentry"],"_links":{"self":[{"href":"https:\/\/cytologystuff.com\/de\/wp-json\/wp\/v2\/pages\/2071","targetHints":{"allow":["GET"]}}],"collection":[{"href":"https:\/\/cytologystuff.com\/de\/wp-json\/wp\/v2\/pages"}],"about":[{"href":"https:\/\/cytologystuff.com\/de\/wp-json\/wp\/v2\/types\/page"}],"author":[{"embeddable":true,"href":"https:\/\/cytologystuff.com\/de\/wp-json\/wp\/v2\/users\/7"}],"replies":[{"embeddable":true,"href":"https:\/\/cytologystuff.com\/de\/wp-json\/wp\/v2\/comments?post=2071"}],"version-history":[{"count":0,"href":"https:\/\/cytologystuff.com\/de\/wp-json\/wp\/v2\/pages\/2071\/revisions"}],"up":[{"embeddable":true,"href":"https:\/\/cytologystuff.com\/de\/wp-json\/wp\/v2\/pages\/1950"}],"wp:attachment":[{"href":"https:\/\/cytologystuff.com\/de\/wp-json\/wp\/v2\/media?parent=2071"}],"curies":[{"name":"wp","href":"https:\/\/api.w.org\/{rel}","templated":true}]}}