{"id":1979,"date":"2017-07-31T19:53:39","date_gmt":"2017-07-31T19:53:39","guid":{"rendered":"http:\/\/cytologystuff1.wpengine.com\/non-gyn-atlas\/effusions-metastatic-breast-cancer\/"},"modified":"2017-11-17T05:24:27","modified_gmt":"2017-11-17T05:24:27","slug":"effusions-metastatic-breast-cancer","status":"publish","type":"page","link":"https:\/\/cytologystuff.com\/de\/non-gyn-atlas\/effusions-metastatic-breast-cancer\/","title":{"rendered":"Zytologie pleuraler, perikardialer und peritonealer Erg\u00fcsse"},"content":{"rendered":"<p>[vc_row 0=&#8221;&#8221;][vc_column 0=&#8221;&#8221; offset=&#8221;vc_hidden-lg vc_hidden-md&#8221;][vc_raw_html 0=&#8221;&#8221;]PGNlbnRlcj48YSBjbGFzcz0ic2hpZnRuYXYtdG9nZ2xlIHNoaWZ0bmF2LXRvZ2dsZS1idXR0b24iIGRhdGEtc2hpZnRuYXYtdGFyZ2V0PSJzaGlmdG5hdi1tYWluIj48aSBjbGFzcz0iZmEgZmEtYmFycyI+PC9pPiBUYWJsZSBvZiBDb250ZW50cyA8L2E+PC9jZW50ZXI+[\/vc_raw_html][\/vc_column][\/vc_row][vc_row][vc_column][vc_custom_heading text=&#8221;Zytologie pleuraler, perikardialer und peritonealer Erg\u00fcsse&#8221; font_container=&#8221;tag:h1|text_align:center&#8221; use_theme_fonts=&#8221;yes&#8221;][\/vc_column][\/vc_row][vc_row el_id=&#8221;acknowledgements&#8221;][vc_column width=&#8221;2\/3&#8243;][vc_column_text]<\/p>\n<div id=>\n<p class=\"subhead\">ERG\u00dcSSE \u2013 METASTATISCHER BRUSTKREBS <\/p>\n<p>Fortgeschrittener Brustkrebs, der Metastasen in die Leber und die Peritonealh\u00f6hle streut, kann einen Peritonealerguss ausl\u00f6sen. Die Krebszellen lassen sich von Entz\u00fcndungszellen und gutartigen Mesothelzellen leicht unterscheiden. Wie bei Pleuraerg\u00fcssen treten diese Zellen h\u00e4ufig als gro\u00dfe runde Clustern sowie als einzelne Zellen auf.<\/p>\n<p style=\"padding-left:7px\"><a href=\"javascript:void(0)\"  style=\"width:350px;display:block\"><img loading=\"lazy\" decoding=\"async\" src=\"\/images\/button27h.gif\" id=\"selfAssessImg\" width=\"350\" height=\"40\"><\/a><\/p>\n<div class=\"highslide-gallery\">\n<strong>Erinnerung: Sie k\u00f6nnen auf jedes Bild klicken, um dieses vergr\u00f6\u00dfert zu betrachten.<\/strong><\/p>\n<div class=\"chartColumnCell\">\n<a href=\"\/gallery\/images_large\/slide0470.jpg\" class=\"highslide\" onclick=\"return hs.expand(this)\" name=\"pap\"><br \/>\n\t<img decoding=\"async\" src=\"\/gallery\/images\/slide0470.jpg\" alt=\"Image 2\" border=\"0\" title=\"Click to enlarge\"><\/a><\/p>\n<div class=\"highslide-caption\">\n<strong>Abbildung 70<\/strong><br \/>\n<br \/>Peritonealerguss: <br \/>Metastatisches Brustkarzinom. Viele kleine Cluster und einzelne maligne Zellen im Vergleich zu gutartigen Mesothelzellen. <br \/>20X<\/div>\n<\/div>\n<div class=\"chartColumnLongCell\">\n        \t<strong>Abbildung 70<br \/>\n        \t<\/strong><br \/>\nPeritonealerguss: <br \/>\nMetastatisches Brustkarzinom. Viele kleine Cluster und einzelne maligne Zellen im Vergleich zu gutartigen Mesothelzellen. <br \/>20X<\/div>\n<div class=\"newRow\"><\/div>\n<div class=\"chartColumnCell\">\n<a href=\"\/gallery\/images_large\/slide0471.jpg\" class=\"highslide\" onclick=\"return hs.expand(this)\"><br \/>\n\t<img decoding=\"async\" src=\"\/gallery\/images\/slide0471.jpg\" alt=\"Image 3\" border=\"0\" title=\"Click to enlarge\"><\/a><\/p>\n<div class=\"highslide-caption\">\n<strong>Abbildung 71<\/strong><br \/>\n<br \/>Peritonealerguss: <br \/> Metastatisches Brustkarzinom. Beachten Sie die Zellen mit konzentrischen intrazytoplasmatischen Vakuolen, die Muzintr\u00f6pfchen enthalten.<br \/>40X<\/div>\n<\/div>\n<div class=\"chartColumnLongCell\">\n \t\t<strong>Abbildung 71<br \/>\n \t\t<\/strong>        \t\tPeritonealerguss: <br \/>\nMetastatisches Brustkarzinom. Beachten Sie die Zellen mit konzentrischen intrazytoplasmatischen Vakuolen, die Muzintr\u00f6pfchen enthalten.<br \/>\n40X\n<\/div>\n<div class=\"newRow\"><\/div>\n<div class=\"chartColumnCell\">\n<a href=\"\/gallery\/images_large\/slide0472.jpg\" class=\"highslide\" onclick=\"return hs.expand(this)\"><br \/>\n\t<img decoding=\"async\" src=\"\/gallery\/images\/slide0472.jpg\" alt=\"Image 3\" border=\"0\" title=\"Click to enlarge\"><\/a><\/p>\n<div class=\"highslide-caption\">\n<strong>Abbildung 72<\/strong><br \/>\nPeritonealerguss: <br \/> Metastatisches Brustkarzinom. Beachten Sie die malignen Zellen im Vergleich zu den gutartigen Histiozyten. Beachten Sie auch die gro\u00dfen intrazytoplasmatischen Vakuolen, die Muzintr\u00f6pfchen enthalten. <br \/> 60X <\/div>\n<\/div>\n<div class=\"chartColumnLongCell\">\n<strong>Abbildung 72<br \/>\n<\/strong><br \/>\nPeritonealerguss: <br \/>\nMetastatisches Brustkarzinom. Beachten Sie die malignen Zellen im Vergleich zu den gutartigen Histiozyten. Beachten Sie auch die gro\u00dfen intrazytoplasmatischen Vakuolen, die Muzintr\u00f6pfchen enthalten. <br \/>\n60X\n<\/div>\n<div class=\"newRow\"><\/div>\n<div class=\"chartColumnCell\">\n<a href=\"\/gallery\/images_large\/slide0473.jpg\" class=\"highslide\" onclick=\"return hs.expand(this)\" name=\"pap\"><br \/>\n\t<img decoding=\"async\" src=\"\/gallery\/images\/slide0473.jpg\" alt=\"Image 2\" border=\"0\" title=\"Click to enlarge\"><\/a><\/p>\n<div class=\"highslide-caption\">\n<strong>Abbildung 73<\/strong><br \/>\n<br \/>Pleuraerguss: <br \/> Duktales Karzinom mit Metastasenbildung<br \/> 40X <\/div>\n<\/div>\n<div class=\"chartColumnLongCell\">\n        \t<strong>Abbildung 73<br \/>\n        \t<\/strong><br \/>\nPleuraerguss: <br \/>\nDuktales Karzinom mit Metastasenbildung<br \/>\n40X<\/div>\n<div class=\"newRow\"><\/div>\n<div class=\"chartColumnCell\">\n<a href=\"\/gallery\/images_large\/slide0474.jpg\" class=\"highslide\" onclick=\"return hs.expand(this)\"><br \/>\n\t<img decoding=\"async\" src=\"\/gallery\/images\/slide0474.jpg\" alt=\"Image 3\" border=\"0\" title=\"Click to enlarge\"><\/a><\/p>\n<div class=\"highslide-caption\">\n<strong>Abbildung 74<\/strong><br \/>\n<br \/>Pleuraerguss: <br \/> Duktales Karzinom mit Metastasenbildung<br \/> 60X <\/div>\n<\/div>\n<div class=\"chartColumnLongCell\">\n \t\t<strong>Abbildung 74<br \/>\n \t\t<\/strong><br \/>\nPleuraerguss: <br \/>\nDuktales Karzinom mit Metastasenbildung<br \/>\n60X\n<\/div>\n<div class=\"newRow\"><\/div>\n<p><strong>Abbildungen 73-74: Pleuraerguss: Duktales Karzinom mit Metastasenbildung.<\/strong><br \/>\nEin Cluster von Zellen eines duktalen Karzinoms mit Metastasenbildung, der gro\u00dfe unregelm\u00e4\u00dfige Kerne und Kernk\u00f6rperchen aufweist, mit Lymphozyten im Hintergrund. <\/p>\n<div class=\"chartColumnCell\">\n<a href=\"\/gallery\/images_large\/slide0475.jpg\" class=\"highslide\" onclick=\"return hs.expand(this)\"><br \/>\n\t<img decoding=\"async\" src=\"\/gallery\/images\/slide0475.jpg\" alt=\"Image 3\" border=\"0\" title=\"Click to enlarge\"><\/a><\/p>\n<div class=\"highslide-caption\">\n<strong>Abbildung 75<\/strong><br \/>\n<br \/>Pleuraerguss: <br \/>Duktales Karzinom mit Metastasenbildung. Beachten Sie die einzelne Zelle mit Riesenwuchs des Zellkerns. <br \/> 60X <\/div>\n<\/div>\n<div class=\"chartColumnShortCell\">\n \t\t<strong>Abbildung 75<br \/>\n \t\t<\/strong><br \/>\nPleuraerguss: <br \/>\nDuktales Karzinom mit Metastasenbildung. Beachten Sie die einzelne Zelle mit Riesenwuchs des Zellkerns. <br \/>\n60X\n<\/div>\n<div class=\"newRow\"><\/div>\n<div class=\"chartColumnCell\">\n<a href=\"\/gallery\/images_large\/slide0476.jpg\" class=\"highslide\" onclick=\"return hs.expand(this)\"><br \/>\n\t<img decoding=\"async\" src=\"\/gallery\/images\/slide0476.jpg\" alt=\"Image 3\" border=\"0\" title=\"Click to enlarge\"><\/a><\/p>\n<div class=\"highslide-caption\">\n<strong>Abbildung 76<\/strong><br \/>\n<br \/>Pleuraerguss: <br \/> Metastatisches Brustkarzinom. <br \/> 10X<\/div>\n<\/div>\n<div class=\"chartColumnLongCell\">\n \t\t<strong>Abbildung 76<br \/>\n \t\t<\/strong><br \/>\nPleuraerguss: <br \/>\nMetastatisches Brustkarzinom. <br \/>\n10X\n<\/div>\n<div class=\"newRow\"><\/div>\n<div class=\"chartColumnCell\">\n<a href=\"\/gallery\/images_large\/slide0477.jpg\" class=\"highslide\" onclick=\"return hs.expand(this)\"><br \/>\n\t<img decoding=\"async\" src=\"\/gallery\/images\/slide0477.jpg\" alt=\"Image 3\" border=\"0\" title=\"Click to enlarge\"><\/a><\/p>\n<div class=\"highslide-caption\">\n<strong>Abbildung 77<\/strong><br \/>\n<br \/>Pleuraerguss: <br \/> Metastatisches Brustkarzinom. <br \/> 20X<\/div>\n<\/div>\n<div class=\"chartColumnShortCell\">\n \t\t<strong>Abbildung 77<br \/>\n \t\t<\/strong><br \/>\nPleuraerguss: <br \/>\nMetastatisches Brustkarzinom. <br \/>\n20X\n<\/div>\n<div class=\"newRow\"><\/div>\n<p><strong>Abbildungen 76-77: Pleuraerguss:   Metastatisches Brustkarzinom.<\/strong><br \/>\nBei der klassischen Beschreibung von metastatischen Brustkrebszellen in Pleuraerg\u00fcssen wird die Bezeichnung &#8220;kanonenkugelartig&#8221; verwendet, um die kugelige Anordnung der Tumorzellen hervorzuheben. Beachten Sie die relativ kleine Zellkerngr\u00f6\u00dfe. Die Zellkerne sind blasenf\u00f6rmig mit markanten Zellk\u00f6rperchen. Vakuolen im Zytoplasma sind ungew\u00f6hnlich. Ein Zellblock der Zellen erlaubt die Bestimmung von Hormonrezeptoren oder anderen Epithelmarkern, wie z. B. HER-2-neu.<\/p>\n<div class=\"chartColumnCell\">\n<a href=\"\/gallery\/images_large\/slide0478.jpg\" class=\"highslide\" onclick=\"return hs.expand(this)\" name=\"pap\"><br \/>\n\t<img decoding=\"async\" src=\"\/gallery\/images\/slide0478.jpg\" alt=\"Image 2\" border=\"0\" title=\"Click to enlarge\"><\/a><\/p>\n<div class=\"highslide-caption\">\n<strong>Abbildung 78<\/strong><br \/>\n<br \/>Peritonealerguss: <br \/>Metastatisches Brustkarzinom. Der Peritonealerguss zeigt Cluster von gro\u00dfen Tumorzellen. Die dr\u00fcsige Natur des Tumors ist deutlich erkennbar, der Ursprung in der Brust l\u00e4sst sich jedoch nur schwer nachweisen. <br \/>40X<\/div>\n<\/div>\n<div class=\"chartColumnLongCell\">\n        \t<strong>Abbildung 78<br \/>\n        \t<\/strong><br \/>\nPeritonealerguss: <br \/>\nMetastatisches Brustkarzinom. Der Peritonealerguss zeigt Cluster von gro\u00dfen Tumorzellen. Die dr\u00fcsige Natur des Tumors ist deutlich erkennbar, der Ursprung in der Brust l\u00e4sst sich jedoch nur schwer nachweisen. <br \/>\n40X <\/div>\n<div class=\"newRow\"><\/div>\n<div class=\"chartColumnCell\">\n<a href=\"\/gallery\/images_large\/slide0479.jpg\" class=\"highslide\" onclick=\"return hs.expand(this)\"><br \/>\n\t<img decoding=\"async\" src=\"\/gallery\/images\/slide0479.jpg\" alt=\"Image 3\" border=\"0\" title=\"Click to enlarge\"><\/a><\/p>\n<div class=\"highslide-caption\">\n<strong>Abbildung 79<\/strong><br \/>\n<br \/>Pleuraerguss: <br \/> Metastatisches Brustkarzinom. Beachten Sie die beiden separaten Zellpopulationen: eine kleinere Population gutartiger Mesothelzellen und die gr\u00f6\u00dfere Gruppe von Tumorzellen. <br \/>20X   <\/div>\n<\/div>\n<div class=\"chartColumnLongCell\">\n \t\t<strong>Abbildung 79<br \/>\n \t\t<\/strong><br \/>\nPleuraerguss: <br \/>\nMetastatisches Brustkarzinom. Beachten Sie die beiden separaten Zellpopulationen: eine kleinere Population gutartiger Mesothelzellen und die gr\u00f6\u00dfere Gruppe von Tumorzellen. <br \/>\n20X\n<\/div>\n<\/div>\n<div class=\"newRow\"><\/div>\n<p><a class=\"back\" href=\"#\">Zur\u00fcck nach oben<\/a><\/p>\n<p><a href=\"nongyn_atlas.htm\">R\u00fcckkehr zu den Inhaltsverzeichnis<\/a><\/p>\n<\/div>\n<p>[\/vc_column_text][vc_column_text css=&#8221;.vc_custom_1500390293825{margin-top: 30px !important;}&#8221; el_class=&#8221;back-to-top&#8221;]<strong><a href=\"#main\">Back to Top<\/a><\/strong>[\/vc_column_text][\/vc_column][vc_column width=&#8221;1\/3&#8243; offset=&#8221;vc_hidden-sm vc_hidden-xs&#8221;][vc_widget_sidebar sidebar_id=&#8221;consulting-right-sidebar&#8221;][\/vc_column][\/vc_row]<\/p>\n","protected":false},"excerpt":{"rendered":"<p>[vc_row 0=&#8221;&#8221;][vc_column 0=&#8221;&#8221; offset=&#8221;vc_hidden-lg vc_hidden-md&#8221;][vc_raw_html 0=&#8221;&#8221;]PGNlbnRlcj48YSBjbGFzcz0ic2hpZnRuYXYtdG9nZ2xlIHNoaWZ0bmF2LXRvZ2dsZS1idXR0b24iIGRhdGEtc2hpZnRuYXYtdGFyZ2V0PSJzaGlmdG5hdi1tYWluIj48aSBjbGFzcz0iZmEgZmEtYmFycyI+PC9pPiBUYWJsZSBvZiBDb250ZW50cyA8L2E+PC9jZW50ZXI+[\/vc_raw_html][\/vc_column][\/vc_row][vc_row][vc_column][vc_custom_heading text=&#8221;Zytologie pleuraler, perikardialer und peritonealer Erg\u00fcsse&#8221; font_container=&#8221;tag:h1|text_align:center&#8221; use_theme_fonts=&#8221;yes&#8221;][\/vc_column][\/vc_row][vc_row el_id=&#8221;acknowledgements&#8221;][vc_column width=&#8221;2\/3&#8243;][vc_column_text] ERG\u00dcSSE \u2013 METASTATISCHER BRUSTKREBS Fortgeschrittener Brustkrebs, der Metastasen in die Leber und die Peritonealh\u00f6hle streut, kann einen Peritonealerguss ausl\u00f6sen. Die Krebszellen lassen sich von Entz\u00fcndungszellen und gutartigen Mesothelzellen leicht unterscheiden. Wie bei Pleuraerg\u00fcssen treten diese Zellen h\u00e4ufig als gro\u00dfe<\/p>\n","protected":false},"author":7,"featured_media":0,"parent":1950,"menu_order":0,"comment_status":"closed","ping_status":"closed","template":"","meta":{"ngg_post_thumbnail":0,"footnotes":""},"class_list":["post-1979","page","type-page","status-publish","hentry"],"_links":{"self":[{"href":"https:\/\/cytologystuff.com\/de\/wp-json\/wp\/v2\/pages\/1979","targetHints":{"allow":["GET"]}}],"collection":[{"href":"https:\/\/cytologystuff.com\/de\/wp-json\/wp\/v2\/pages"}],"about":[{"href":"https:\/\/cytologystuff.com\/de\/wp-json\/wp\/v2\/types\/page"}],"author":[{"embeddable":true,"href":"https:\/\/cytologystuff.com\/de\/wp-json\/wp\/v2\/users\/7"}],"replies":[{"embeddable":true,"href":"https:\/\/cytologystuff.com\/de\/wp-json\/wp\/v2\/comments?post=1979"}],"version-history":[{"count":0,"href":"https:\/\/cytologystuff.com\/de\/wp-json\/wp\/v2\/pages\/1979\/revisions"}],"up":[{"embeddable":true,"href":"https:\/\/cytologystuff.com\/de\/wp-json\/wp\/v2\/pages\/1950"}],"wp:attachment":[{"href":"https:\/\/cytologystuff.com\/de\/wp-json\/wp\/v2\/media?parent=1979"}],"curies":[{"name":"wp","href":"https:\/\/api.w.org\/{rel}","templated":true}]}}