{"id":1930,"date":"2017-07-31T17:43:14","date_gmt":"2017-07-31T17:43:14","guid":{"rendered":"http:\/\/cytologystuff1.wpengine.com\/gyn-atlas-table-of-contents\/other-malignant-neoplasms-including-extrauterine-malignancies\/"},"modified":"2017-11-14T12:09:00","modified_gmt":"2017-11-14T12:09:00","slug":"other-malignant-neoplasms-including-extrauterine-malignancies","status":"publish","type":"page","link":"https:\/\/cytologystuff.com\/de\/gyn-atlas-table-of-contents\/other-malignant-neoplasms-including-extrauterine-malignancies\/","title":{"rendered":"ANDERE MALIGNOME EINSCHLIESSLICH EXTRAUTERINER MALIGNOME"},"content":{"rendered":"<p>[vc_row 0=&#8221;&#8221;][vc_column 0=&#8221;&#8221; offset=&#8221;vc_hidden-lg vc_hidden-md&#8221;][vc_raw_html 0=&#8221;&#8221;]PGNlbnRlcj48YSBjbGFzcz0ic2hpZnRuYXYtdG9nZ2xlIHNoaWZ0bmF2LXRvZ2dsZS1idXR0b24iIGRhdGEtc2hpZnRuYXYtdGFyZ2V0PSJzaGlmdG5hdi1tYWluIj48aSBjbGFzcz0iZmEgZmEtYmFycyI+PC9pPiBUYWJsZSBvZiBDb250ZW50cyA8L2E+PC9jZW50ZXI+[\/vc_raw_html][\/vc_column][\/vc_row][vc_row][vc_column][vc_custom_heading text=&#8221;ANDERE MALIGNOME EINSCHLIESSLICH EXTRAUTERINER MALIGNOME&#8221; font_container=&#8221;tag:h1|text_align:center&#8221; use_theme_fonts=&#8221;yes&#8221;][\/vc_column][\/vc_row][vc_row el_id=&#8221;acknowledgements&#8221;][vc_column width=&#8221;2\/3&#8243;][vc_column_text]<class=\"subhead\">ANDERE MALIGNOME EINSCHLIESSLICH EXTRAUTERINER MALIGNOME<br \/>\n<em>Martha L. Hutchinson, MD, PhD <\/em><\/p>\n<p>Perivaginale Malignome, Metastasen und seltene Malignome der Zervix k\u00f6nnen mit dem ThinPrep<sup>\u00ae<\/sup> Pap Test nachgewiesen werden. Die Kenntnis der Anamnese der Patientin und die Verwendung von Spezialf\u00e4rbungen sind manchmal n\u00f6tig, um eine definitive Diagnose zu erhalten, aber dass es sich um ein malignes Geschehen handelt, sollte schnell klar sein.<\/p>\n<p style=\"padding-left: 7px;\"><a style=\"width: 350px; display: block;\"><img loading=\"lazy\" decoding=\"async\" id=\"selfAssessImg\" src=\"\/images\/button27h.gif\" width=\"350\" height=\"40\" \/><\/a><\/p>\n<div class=\"highslide-gallery\"><strong>Erinnerung: Sie k\u00f6nnen auf jedes Bild klicken, um dieses vergr\u00f6\u00dfert zu betrachten.<\/strong><\/p>\n<div class=\"chartColumnCell\"><a class=\"highslide\" href=\"\/gallery\/images_large\/slide0139.jpg\"><br \/>\n<img decoding=\"async\" title=\"Click to enlarge\" src=\"\/gallery\/images\/slide0139.jpg\" alt=\"Image 2\" border=\"0\" \/><\/a><\/p>\n<div class=\"highslide-caption\"><strong>Adenokarzinom des Ovars<br \/>\n<\/strong><br \/>\nVaginalmetastase.<br \/>\n60X<\/div>\n<\/div>\n<div class=\"chartColumnShortCell\"><strong>Adenokarzinom des Ovars<br \/>\n<\/strong><br \/>\nVaginalmetastase.<br \/>\n60X<\/div>\n<div class=\"newRow\"><\/div>\n<div class=\"chartColumnCell\"><a class=\"highslide\" href=\"\/gallery\/images_large\/slide0140.jpg\"><br \/>\n<img decoding=\"async\" title=\"Click to enlarge\" src=\"\/gallery\/images\/slide0140.jpg\" alt=\"Image 3\" border=\"0\" \/><\/a><\/p>\n<div class=\"highslide-caption\"><strong>Kolonkarzinom<br \/>\n<\/strong><br \/>\nZervix- und Vaginalmetastase.<br \/>\n60X<\/div>\n<\/div>\n<div class=\"chartColumnShortCell\"><strong>Kolonkarzinom<br \/>\n<\/strong><br \/>\nZervix- und Vaginalmetastase.<br \/>\n60X<\/div>\n<\/div>\n<div class=\"newRow\"><\/div>\n<div class=\"chartColumnCell\"><a class=\"highslide\" href=\"\/gallery\/images_large\/slide0141.jpg\"><br \/>\n<img decoding=\"async\" title=\"Click to enlarge\" src=\"\/gallery\/images\/slide0141.jpg\" alt=\"Image 3\" border=\"0\" \/><\/a><\/p>\n<div class=\"highslide-caption\"><strong>M\u00fcller&#8217;scher Mischtumor<br \/>\n<\/strong><br \/>\nNeoplastische dr\u00fcsige Elemente und nekrotischer Debris sind vorhanden, vereinbar mit der Diagnose eines M\u00fcller&#8217;schen Mischtumors.<br \/>\n60X<\/div>\n<\/div>\n<div class=\"chartColumnShortCell\"><strong>M\u00fcller&#8217;scher Mischtumor<br \/>\n<\/strong><br \/>\nNeoplastische dr\u00fcsige Elemente und nekrotischer Debris sind vorhanden, vereinbar mit der Diagnose eines M\u00fcller&#8217;schen Mischtumors.<br \/>\n60X<\/div>\n<div class=\"newRow\"><\/div>\n<div class=\"chartColumnCell\"><a class=\"highslide\" href=\"\/gallery\/images_large\/slide0142.jpg\"><br \/>\n<img decoding=\"async\" title=\"Click to enlarge\" src=\"\/gallery\/images\/slide0142.jpg\" alt=\"Image 3\" border=\"0\" \/><\/a><\/p>\n<div class=\"highslide-caption\"><strong>Adenokarzinom des Endometriums<br \/>\n<\/strong><br \/>\nVaginalmetastase.<br \/>\n60X<\/div>\n<\/div>\n<div class=\"chartColumnShortCell\"><strong>Adenokarzinom des Endometriums<br \/>\n<\/strong><br \/>\nVaginalmetastase.<br \/>\n60X<\/div>\n<div class=\"newRow\"><\/div>\n<div class=\"chartColumnCell\"><a class=\"highslide\" href=\"\/gallery\/images_large\/slide0143.jpg\"><br \/>\n<img decoding=\"async\" title=\"Click to enlarge\" src=\"\/gallery\/images\/slide0143.jpg\" alt=\"Image 3\" border=\"0\" \/><\/a><\/p>\n<div class=\"highslide-caption\"><strong>Maligner gemischter mesodermaler Tumor<br \/>\n<\/strong><br \/>\nEin Tumor des Endometriums mit Gruppen maligner Dr\u00fcsenzellen. Stroma- (Knorpel) Elemente wurden in einer Biopsie nachgewiesen.<br \/>\n60X<\/div>\n<\/div>\n<div class=\"chartColumnShortCell\"><strong>Maligner gemischter mesodermaler Tumor<br \/>\n<\/strong><br \/>\nEin Tumor des Endometriums mit Gruppen maligner Dr\u00fcsenzellen. Stroma- (Knorpel) Elemente wurden in einer Biopsie nachgewiesen.<br \/>\n60X<\/div>\n<div class=\"newRow\"><\/div>\n<div class=\"chartColumnCell\"><a class=\"highslide\" href=\"\/gallery\/images_large\/slide0144.jpg\"><br \/>\n<img decoding=\"async\" title=\"Click to enlarge\" src=\"\/gallery\/images\/slide0144.jpg\" alt=\"Image 3\" border=\"0\" \/><\/a><\/p>\n<div class=\"highslide-caption\"><strong>Malignes Melanom<\/strong><br \/>\nin der Zervix.<br \/>\n60X<\/div>\n<\/div>\n<div class=\"chartColumnShortCell\"><strong>Malignes Melanom<\/strong><br \/>\nin der Zervix.<br \/>\n60X<\/div>\n<div class=\"newRow\"><\/div>\n<div class=\"chartColumnCell\"><a class=\"highslide\" href=\"\/gallery\/images_large\/slide0145.jpg\"><br \/>\n<img decoding=\"async\" title=\"Click to enlarge\" src=\"\/gallery\/images\/slide0145.jpg\" alt=\"Image 3\" border=\"0\" \/><\/a><\/p>\n<div class=\"highslide-caption\"><strong>Duktales Adenokarzinom<br \/>\n<\/strong><br \/>\nMamma-Metastase.<br \/>\n60X<\/div>\n<\/div>\n<div class=\"chartColumnShortCell\"><strong>Duktales Adenokarzinom<br \/>\n<\/strong><br \/>\nMamma-Metastase.<br \/>\n60X<\/div>\n<div class=\"newRow\"><\/div>\n<div class=\"chartColumnCell\"><a class=\"highslide\" href=\"\/gallery\/images_large\/slide0146.jpg\"><br \/>\n<img decoding=\"async\" title=\"Click to enlarge\" src=\"\/gallery\/images\/slide0146.jpg\" alt=\"Image 3\" border=\"0\" \/><\/a><\/p>\n<div class=\"highslide-caption\"><strong>\u00dcbergangszellkarzinom<br \/>\n<\/strong><br \/>\nUrothelzellkarzinom, Metastase aus der Blase.<br \/>\n60X<\/div>\n<\/div>\n<div class=\"chartColumnShortCell\"><strong>\u00dcbergangszellkarzinom<br \/>\n<\/strong><br \/>\nUrothelzellkarzinom, Metastase aus der Blase.<br \/>\n60X<\/div>\n<div class=\"newRow\"><\/div>\n<div class=\"chartColumnCell\"><a class=\"highslide\" href=\"\/gallery\/images_large\/slide0147.jpg\"><br \/>\n<img decoding=\"async\" title=\"Click to enlarge\" src=\"\/gallery\/images\/slide0147.jpg\" alt=\"Image 3\" border=\"0\" \/><\/a><\/p>\n<div class=\"highslide-caption\"><strong>Plattenepithelkarzinom<br \/>\n<\/strong><br \/>\nder Vulva.<br \/>\n60X<\/div>\n<\/div>\n<div class=\"chartColumnShortCell\"><strong>Plattenepithelkarzinom<br \/>\n<\/strong><br \/>\nder Vulva.<br \/>\n60X<\/div>\n<div class=\"newRow\"><\/div>\n<div class=\"chartColumnCell\"><a class=\"highslide\" href=\"\/gallery\/images_large\/slide0135.jpg\"><br \/>\n<img decoding=\"async\" title=\"Click to enlarge\" src=\"\/gallery\/images\/slide0135.jpg\" alt=\"Image 3\" border=\"0\" \/><\/a><\/p>\n<div class=\"highslide-caption\"><strong>Endozervikales Adenokarzinom<\/strong><br \/>\nEin gro\u00dfes Psammomk\u00f6rperchen in einem Adenokarzinom der Zervix.<br \/>\n60X<\/div>\n<\/div>\n<div class=\"chartColumnShortCell\"><strong>Endozervikales Adenokarzinom<\/strong><br \/>\nEin gro\u00dfes Psammomk\u00f6rperchen in einem Adenokarzinom der Zervix.<br \/>\n60X<\/div>\n<div class=\"newRow\"><\/div>\n<div class=\"chartColumnCell\"><a class=\"highslide\" href=\"\/gallery\/images_large\/slide0136.jpg\"><br \/>\n<img decoding=\"async\" title=\"Click to enlarge\" src=\"\/gallery\/images\/slide0136.jpg\" alt=\"Image 4\" border=\"0\" \/><\/a><\/p>\n<div class=\"highslide-caption\"><strong>Lymphom<\/strong><br \/>\nder Zervix.<br \/>\n60X<\/div>\n<\/div>\n<div class=\"chartColumnShortCell\"><strong>Lymphom<\/strong><br \/>\nder Zervix.<br \/>\n60X<\/div>\n<div class=\"newRow\"><\/div>\n<div class=\"chartColumnCell\"><a class=\"highslide\" href=\"\/gallery\/images_large\/slide0137.jpg\"><br \/>\n<img decoding=\"async\" title=\"Click to enlarge\" src=\"\/gallery\/images\/slide0137.jpg\" alt=\"Image 5\" border=\"0\" \/><\/a><\/p>\n<div class=\"highslide-caption\"><strong>Lymphom<\/strong><br \/>\nder Vagina.<br \/>\n60X<\/div>\n<\/div>\n<div class=\"chartColumnShortCell\"><strong>Lymphom<\/strong><br \/>\nder Vagina.<br \/>\n60X<\/div>\n<div class=\"newRow\"><\/div>\n<div class=\"chartColumnCell\"><a class=\"highslide\" href=\"\/gallery\/images_large\/slide0138.jpg\"><br \/>\n<img decoding=\"async\" title=\"Click to enlarge\" src=\"\/gallery\/images\/slide0138.jpg\" alt=\"Image 5\" border=\"0\" \/><\/a><\/p>\n<div class=\"highslide-caption\"><strong>Endometriales Stromasarkom<\/strong><br \/>\n60x<\/div>\n<\/div>\n<div class=\"chartColumnShortCell\"><strong>Endometriales Stromasarkom<\/strong><br \/>\n60x<\/div>\n<div class=\"newRow\"><\/div>\n<p>&nbsp;<\/p>\n<p><a href=\"#top\">Zur\u00fcck nach oben<\/a>[\/vc_column_text][vc_column_text el_class=&#8221;back-to-top&#8221;]<strong><a href=\"#main\">Back to Top<\/a><\/strong>[\/vc_column_text][\/vc_column][vc_column width=&#8221;1\/3&#8243; offset=&#8221;vc_hidden-sm vc_hidden-xs&#8221;][vc_widget_sidebar sidebar_id=&#8221;consulting-right-sidebar&#8221;][\/vc_column][\/vc_row]<\/p>\n","protected":false},"excerpt":{"rendered":"<p>[vc_row 0=&#8221;&#8221;][vc_column 0=&#8221;&#8221; offset=&#8221;vc_hidden-lg vc_hidden-md&#8221;][vc_raw_html 0=&#8221;&#8221;]PGNlbnRlcj48YSBjbGFzcz0ic2hpZnRuYXYtdG9nZ2xlIHNoaWZ0bmF2LXRvZ2dsZS1idXR0b24iIGRhdGEtc2hpZnRuYXYtdGFyZ2V0PSJzaGlmdG5hdi1tYWluIj48aSBjbGFzcz0iZmEgZmEtYmFycyI+PC9pPiBUYWJsZSBvZiBDb250ZW50cyA8L2E+PC9jZW50ZXI+[\/vc_raw_html][\/vc_column][\/vc_row][vc_row][vc_column][vc_custom_heading text=&#8221;ANDERE MALIGNOME EINSCHLIESSLICH EXTRAUTERINER MALIGNOME&#8221; font_container=&#8221;tag:h1|text_align:center&#8221; use_theme_fonts=&#8221;yes&#8221;][\/vc_column][\/vc_row][vc_row el_id=&#8221;acknowledgements&#8221;][vc_column width=&#8221;2\/3&#8243;][vc_column_text]ANDERE MALIGNOME EINSCHLIESSLICH EXTRAUTERINER MALIGNOME Martha L. Hutchinson, MD, PhD Perivaginale Malignome, Metastasen und seltene Malignome der Zervix k\u00f6nnen mit dem ThinPrep\u00ae Pap Test nachgewiesen werden. Die Kenntnis der Anamnese der Patientin und die Verwendung von Spezialf\u00e4rbungen sind manchmal n\u00f6tig, um<\/p>\n","protected":false},"author":7,"featured_media":0,"parent":1889,"menu_order":0,"comment_status":"closed","ping_status":"closed","template":"","meta":{"ngg_post_thumbnail":0,"footnotes":""},"class_list":["post-1930","page","type-page","status-publish","hentry"],"_links":{"self":[{"href":"https:\/\/cytologystuff.com\/de\/wp-json\/wp\/v2\/pages\/1930","targetHints":{"allow":["GET"]}}],"collection":[{"href":"https:\/\/cytologystuff.com\/de\/wp-json\/wp\/v2\/pages"}],"about":[{"href":"https:\/\/cytologystuff.com\/de\/wp-json\/wp\/v2\/types\/page"}],"author":[{"embeddable":true,"href":"https:\/\/cytologystuff.com\/de\/wp-json\/wp\/v2\/users\/7"}],"replies":[{"embeddable":true,"href":"https:\/\/cytologystuff.com\/de\/wp-json\/wp\/v2\/comments?post=1930"}],"version-history":[{"count":0,"href":"https:\/\/cytologystuff.com\/de\/wp-json\/wp\/v2\/pages\/1930\/revisions"}],"up":[{"embeddable":true,"href":"https:\/\/cytologystuff.com\/de\/wp-json\/wp\/v2\/pages\/1889"}],"wp:attachment":[{"href":"https:\/\/cytologystuff.com\/de\/wp-json\/wp\/v2\/media?parent=1930"}],"curies":[{"name":"wp","href":"https:\/\/api.w.org\/{rel}","templated":true}]}}