{"id":1889,"date":"2017-07-25T17:26:22","date_gmt":"2017-07-25T17:26:22","guid":{"rendered":"http:\/\/cytologystuff1.wpengine.com\/gyn-atlas-table-of-contents\/"},"modified":"2018-04-27T16:01:38","modified_gmt":"2018-04-27T16:01:38","slug":"gyn-atlas-table-of-contents","status":"publish","type":"page","link":"https:\/\/cytologystuff.com\/de\/gyn-atlas-table-of-contents\/","title":{"rendered":"Inhoudsopgave GYN Atlas"},"content":{"rendered":"<p>[vc_row][vc_column][vc_custom_heading text=&#8221;Inhoudsopgave GYN Atlas&#8221; font_container=&#8221;tag:h1|text_align:center&#8221; use_theme_fonts=&#8221;yes&#8221;][\/vc_column][\/vc_row][vc_row css=&#8221;.vc_custom_1501004719015{margin-bottom: 25px !important;}&#8221;][vc_column width=&#8221;2\/3&#8243;][vc_tta_accordion color=&#8221;sky&#8221; active_section=&#8221;1&#8243; collapsible_all=&#8221;true&#8221;][vc_tta_section title=&#8221;EINF\u00dcHRUNG&#8221; tab_id=&#8221;1501003616475-03cd55e8-b404&#8243;][vc_row_inner 0=&#8221;&#8221;][vc_column_inner 0=&#8221;&#8221;][vc_column_text 0=&#8221;&#8221;]<\/p>\n<ul>\n<li><span style=\"font-size: 14pt;\"><a href=\"https:\/\/cytologystuff.com\/de\/gyn-atlas-table-of-contents\/introduction\/#acknowledgements\">Danksagung<\/a><\/span><\/li>\n<li><span style=\"font-size: 14pt;\"><a href=\"https:\/\/cytologystuff.com\/de\/gyn-atlas-table-of-contents\/introduction\/#intro\">Einf\u00fchrung<\/a><\/span><\/li>\n<li><span style=\"font-size: 14pt;\"><a href=\"https:\/\/cytologystuff.com\/de\/gyn-atlas-table-of-contents\/introduction\/#over\">\u00dcberblick \u00dcber Das Thinprep\u00ae Pr\u00e4parationsverfahren<\/a><\/span><\/li>\n<li><span style=\"font-size: 14pt;\"><a href=\"https:\/\/cytologystuff.com\/de\/gyn-atlas-table-of-contents\/introduction\/#scientific\">Wissenschaftliche Grundlagen<\/a><\/span><\/li>\n<li><span style=\"font-size: 14pt;\"><a href=\"https:\/\/cytologystuff.com\/de\/gyn-atlas-table-of-contents\/introduction\/#micro\">Mikroskopische Begutachtung Von Thinprep\u00ae Abstrichen<\/a><\/span><\/li>\n<\/ul>\n<p>[\/vc_column_text][\/vc_column_inner][\/vc_row_inner][\/vc_tta_section][vc_tta_section title=&#8221;PROBENQUALIT\u00c4T&#8221; tab_id=&#8221;1501004541917-ea783388-8054&#8243;][vc_row_inner 0=&#8221;&#8221;][vc_column_inner 0=&#8221;&#8221;][vc_column_text 0=&#8221;&#8221;]<\/p>\n<ul>\n<li><span style=\"font-size: 14pt;\"><a href=\"https:\/\/cytologystuff.com\/de\/gyn-atlas-table-of-contents\/specimen-adequacy\/#satisfactory\">Ausreichend f\u00fcr eine Bewertung<\/a><\/span><\/li>\n<li><span style=\"font-size: 14pt;\"><a href=\"https:\/\/cytologystuff.com\/de\/gyn-atlas-table-of-contents\/specimen-adequacy\/#unsatisfactory\">Unzureichend f\u00fcr eine Bewertung<\/a><\/span><\/li>\n<li><span style=\"font-size: 14pt;\"><a href=\"https:\/\/cytologystuff.com\/de\/gyn-atlas-table-of-contents\/specimen-adequacy\/#transformation\">Komponente der Transformationszone<\/a><\/span><\/li>\n<li><span style=\"font-size: 14pt;\"><a href=\"https:\/\/cytologystuff.com\/de\/gyn-atlas-table-of-contents\/specimen-adequacy\/#readings\">Literatur<\/a><\/span><\/li>\n<\/ul>\n<p>[\/vc_column_text][\/vc_column_inner][\/vc_row_inner][\/vc_tta_section][vc_tta_section title=&#8221;UNAUFF\u00c4LLIGE BEFUNDE&#8221; tab_id=&#8221;1501004546764-461e918e-6b7e&#8221;][vc_row_inner 0=&#8221;&#8221;][vc_column_inner 0=&#8221;&#8221;][vc_column_text 0=&#8221;&#8221;]<\/p>\n<ul>\n<li><span style=\"font-size: 14pt;\"><a href=\"https:\/\/cytologystuff.com\/de\/gyn-atlas-table-of-contents\/negative-for-intraepithelial-lesion-or-malignancy\/#findings\">Mikroorganismen Und Andere Nichtneoplastische Befunde<\/a><\/span>\n<ul class=\"sublist\">\n<li><a href=\"https:\/\/cytologystuff.com\/de\/gyn-atlas-table-of-contents\/negative-for-intraepithelial-lesion-or-malignancy\/#readings\">Literatur<\/a><\/li>\n<\/ul>\n<\/li>\n<\/ul>\n<p>[\/vc_column_text][\/vc_column_inner][\/vc_row_inner][\/vc_tta_section][vc_tta_section title=&#8221;EPITHELZELLATYPIEN: PLATTENEPITHEL&#8221; tab_id=&#8221;1501004767867-781d9e8e-c76f&#8221;][vc_row_inner 0=&#8221;&#8221;][vc_column_inner 0=&#8221;&#8221;][vc_column_text 0=&#8221;&#8221;]<\/p>\n<ul>\n<li><span style=\"font-size: 14pt;\">Plattenepithel<\/span><\/li>\n<li><span style=\"font-size: 14pt;\"><a href=\"https:\/\/cytologystuff.com\/de\/gyn-atlas-table-of-contents\/atypical-squamous-cells\/#squamos\">Auff\u00e4llige Plattenepithelien<\/a><\/span>\n<ul class=\"sublist\">\n<li><a href=\"https:\/\/cytologystuff.com\/de\/gyn-atlas-table-of-contents\/atypical-squamous-cells\/#assess\">Diagnostische Richtlinien \/ Kriterien<\/a><\/li>\n<li><a href=\"https:\/\/cytologystuff.com\/de\/gyn-atlas-table-of-contents\/atypical-squamous-cells\/#readings\">Literatur<\/a><\/li>\n<\/ul>\n<\/li>\n<li><span style=\"font-size: 14pt;\"><a href=\"https:\/\/cytologystuff.com\/de\/gyn-atlas-table-of-contents\/low-grade-squamous-intraepithelial-lesion\/#squamous\">Niedriggradige Plattenepitheliale Intraepitheliale L\u00e4sionen (LSIL)<\/a><\/span>\n<ul class=\"sublist\">\n<li><a href=\"https:\/\/cytologystuff.com\/de\/gyn-atlas-table-of-contents\/low-grade-squamous-intraepithelial-lesion\/#assess\">Diagnostische Richtlinien \/ Kriterien<\/a><\/li>\n<li><a href=\"https:\/\/cytologystuff.com\/de\/gyn-atlas-table-of-contents\/low-grade-squamous-intraepithelial-lesion\/#readings\">Literatur<\/a><\/li>\n<\/ul>\n<\/li>\n<li><span style=\"font-size: 14pt;\"><a href=\"https:\/\/cytologystuff.com\/de\/gyn-atlas-table-of-contents\/high-grade-squamous-intraepithelial-lesion\/#squamous\">Hochgradige Plattenepitheliale Intraepitheliale L\u00e4sionen (HSIL)<\/a><\/span>\n<ul class=\"sublist\">\n<li><a href=\"https:\/\/cytologystuff.com\/de\/gyn-atlas-table-of-contents\/high-grade-squamous-intraepithelial-lesion\/#assess\">Diagnostische Richtlinien \/ Kriterien<\/a><\/li>\n<li><a href=\"https:\/\/cytologystuff.com\/de\/gyn-atlas-table-of-contents\/high-grade-squamous-intraepithelial-lesion\/#readings\">Literatur<\/a><\/li>\n<\/ul>\n<\/li>\n<li><span style=\"font-size: 14pt;\"><a href=\"https:\/\/cytologystuff.com\/de\/gyn-atlas-table-of-contents\/squamous-cell-carcinoma\/#squamous\">Plattenepithelkarzinom<\/a><\/span>\n<ul class=\"sublist\">\n<li><a href=\"https:\/\/cytologystuff.com\/de\/gyn-atlas-table-of-contents\/squamous-cell-carcinoma\/#assess\">Diagnostische Richtlinien \/ Kriterien<\/a><\/li>\n<li><a href=\"https:\/\/cytologystuff.com\/de\/gyn-atlas-table-of-contents\/squamous-cell-carcinoma\/#readings\">Literatur<\/a><\/li>\n<\/ul>\n<\/li>\n<\/ul>\n<p>[\/vc_column_text][\/vc_column_inner][\/vc_row_inner][\/vc_tta_section][vc_tta_section title=&#8221;EPITHELZELLATYPIEN: DR\u00dcSENZELLEN&#8221; tab_id=&#8221;1515149825233-6f129462-a7fc&#8221;][vc_row_inner 0=&#8221;&#8221;][vc_column_inner 0=&#8221;&#8221;][vc_column_text 0=&#8221;&#8221;]<\/p>\n<ul>\n<li><span style=\"font-size: 14pt;\"><a href=\"https:\/\/cytologystuff.com\/de\/gyn-atlas-table-of-contents\/glandular-cells\/\">Dr\u00fcsenzellen<\/a><\/span>\n<ul class=\"sublist\">\n<li><a href=\"https:\/\/cytologystuff.com\/de\/gyn-atlas-table-of-contents\/glandular-cells\/#cells\">Endometriumzellen:Sonstige<\/a><\/li>\n<\/ul>\n<\/li>\n<li><span style=\"font-size: 14pt;\"><a href=\"https:\/\/cytologystuff.com\/de\/gyn-atlas-table-of-contents\/glandular-cells\/#nos\">Auff\u00e4llige Dr\u00fcsenzellen (NOS)<\/a><\/span><\/li>\n<li><span style=\"font-size: 14pt;\"><a href=\"https:\/\/cytologystuff.com\/de\/gyn-atlas-table-of-contents\/glandular-cells\/#atypical\">Endozervikales Adenocarcinoma In Situ (AIS)<\/a><\/span>\n<ul class=\"sublist\">\n<li><a href=\"https:\/\/cytologystuff.com\/de\/gyn-atlas-table-of-contents\/glandular-cells\/#assess\">Auswertungsrichtlinien\/Kriterien<\/a><\/li>\n<li><a href=\"https:\/\/cytologystuff.com\/de\/gyn-atlas-table-of-contents\/glandular-cells\/#readings\">Literatur<\/a><\/li>\n<\/ul>\n<\/li>\n<li><span style=\"font-size: 14pt;\"><a href=\"https:\/\/cytologystuff.com\/de\/gyn-atlas-table-of-contents\/endocervical-adenocarcinoma\/\">Endozervikales Adenokarzinom<\/a><\/span>\n<ul class=\"sublist\">\n<li><a href=\"https:\/\/cytologystuff.com\/de\/gyn-atlas-table-of-contents\/endocervical-adenocarcinoma\/#assess\">Auswertungsrichtlinien\/Kriterien<\/a><\/li>\n<li><a href=\"https:\/\/cytologystuff.com\/de\/gyn-atlas-table-of-contents\/endocervical-adenocarcinoma\/#readings\">Literatur<\/a><\/li>\n<\/ul>\n<\/li>\n<li><span style=\"font-size: 14pt;\"><a href=\"https:\/\/cytologystuff.com\/de\/gyn-atlas-table-of-contents\/endometrial-adenocarcinoma\/\">Adenokarzinom Des Endometriums<\/a><\/span>\n<ul class=\"sublist\">\n<li><a href=\"https:\/\/cytologystuff.com\/de\/gyn-atlas-table-of-contents\/endometrial-adenocarcinoma\/#assess\">Auswertungsrichtlinien\/Kriterien<\/a><\/li>\n<li><a href=\"https:\/\/cytologystuff.com\/de\/gyn-atlas-table-of-contents\/endometrial-adenocarcinoma\/#readings\">Literatur<\/a><\/li>\n<\/ul>\n<\/li>\n<\/ul>\n<p>[\/vc_column_text][\/vc_column_inner][\/vc_row_inner][\/vc_tta_section][vc_tta_section title=&#8221;ANDERE MALIGNOME EINSCHLIESSLICH EXTRAUTERINER MALIGNOME&#8221; tab_id=&#8221;1501004896680-5e59a104-2265&#8243;][vc_row_inner 0=&#8221;&#8221;][vc_column_inner 0=&#8221;&#8221;][vc_column_text 0=&#8221;&#8221;]<\/p>\n<ul>\n<li><span style=\"font-size: 14pt;\"><a href=\"https:\/\/cytologystuff.com\/de\/gyn-atlas-table-of-contents\/other-malignant-neoplasms-including-extrauterine-malignancies\/\">So k\u00f6nnen Sie einen Atlas bestellen:<\/a><\/span><\/li>\n<\/ul>\n<p>[\/vc_column_text][\/vc_column_inner][\/vc_row_inner][\/vc_tta_section][\/vc_tta_accordion][\/vc_column][vc_column width=&#8221;1\/3&#8243;][vc_single_image image=&#8221;1680&#8243; img_size=&#8221;full&#8221;][\/vc_column][\/vc_row]<\/p>\n","protected":false},"excerpt":{"rendered":"<p>[vc_row][vc_column][vc_custom_heading text=&#8221;Inhoudsopgave GYN Atlas&#8221; font_container=&#8221;tag:h1|text_align:center&#8221; use_theme_fonts=&#8221;yes&#8221;][\/vc_column][\/vc_row][vc_row css=&#8221;.vc_custom_1501004719015{margin-bottom: 25px !important;}&#8221;][vc_column width=&#8221;2\/3&#8243;][vc_tta_accordion color=&#8221;sky&#8221; active_section=&#8221;1&#8243; collapsible_all=&#8221;true&#8221;][vc_tta_section title=&#8221;EINF\u00dcHRUNG&#8221; tab_id=&#8221;1501003616475-03cd55e8-b404&#8243;][vc_row_inner 0=&#8221;&#8221;][vc_column_inner 0=&#8221;&#8221;][vc_column_text 0=&#8221;&#8221;] Danksagung Einf\u00fchrung \u00dcberblick \u00dcber Das Thinprep\u00ae Pr\u00e4parationsverfahren Wissenschaftliche Grundlagen Mikroskopische Begutachtung Von Thinprep\u00ae Abstrichen [\/vc_column_text][\/vc_column_inner][\/vc_row_inner][\/vc_tta_section][vc_tta_section title=&#8221;PROBENQUALIT\u00c4T&#8221; tab_id=&#8221;1501004541917-ea783388-8054&#8243;][vc_row_inner 0=&#8221;&#8221;][vc_column_inner 0=&#8221;&#8221;][vc_column_text 0=&#8221;&#8221;] Ausreichend f\u00fcr eine Bewertung Unzureichend f\u00fcr eine Bewertung Komponente der Transformationszone Literatur [\/vc_column_text][\/vc_column_inner][\/vc_row_inner][\/vc_tta_section][vc_tta_section title=&#8221;UNAUFF\u00c4LLIGE BEFUNDE&#8221; tab_id=&#8221;1501004546764-461e918e-6b7e&#8221;][vc_row_inner 0=&#8221;&#8221;][vc_column_inner<\/p>\n","protected":false},"author":7,"featured_media":0,"parent":0,"menu_order":0,"comment_status":"closed","ping_status":"closed","template":"","meta":{"ngg_post_thumbnail":0,"footnotes":""},"class_list":["post-1889","page","type-page","status-publish","hentry"],"_links":{"self":[{"href":"https:\/\/cytologystuff.com\/de\/wp-json\/wp\/v2\/pages\/1889","targetHints":{"allow":["GET"]}}],"collection":[{"href":"https:\/\/cytologystuff.com\/de\/wp-json\/wp\/v2\/pages"}],"about":[{"href":"https:\/\/cytologystuff.com\/de\/wp-json\/wp\/v2\/types\/page"}],"author":[{"embeddable":true,"href":"https:\/\/cytologystuff.com\/de\/wp-json\/wp\/v2\/users\/7"}],"replies":[{"embeddable":true,"href":"https:\/\/cytologystuff.com\/de\/wp-json\/wp\/v2\/comments?post=1889"}],"version-history":[{"count":0,"href":"https:\/\/cytologystuff.com\/de\/wp-json\/wp\/v2\/pages\/1889\/revisions"}],"wp:attachment":[{"href":"https:\/\/cytologystuff.com\/de\/wp-json\/wp\/v2\/media?parent=1889"}],"curies":[{"name":"wp","href":"https:\/\/api.w.org\/{rel}","templated":true}]}}