{"id":1847,"date":"2017-07-31T17:48:13","date_gmt":"2017-07-31T17:48:13","guid":{"rendered":"http:\/\/cytologystuff1.wpengine.com\/atypical-squamous-cells\/"},"modified":"2017-11-14T12:51:21","modified_gmt":"2017-11-14T12:51:21","slug":"atypical-squamous-cells","status":"publish","type":"page","link":"https:\/\/cytologystuff.com\/de\/gyn-atlas-table-of-contents\/atypical-squamous-cells\/","title":{"rendered":"PLATTENEPITHEL"},"content":{"rendered":"<p>[vc_row 0=&#8221;&#8221;][vc_column 0=&#8221;&#8221; offset=&#8221;vc_hidden-lg vc_hidden-md&#8221;][vc_raw_html 0=&#8221;&#8221;]PGNlbnRlcj48YSBjbGFzcz0ic2hpZnRuYXYtdG9nZ2xlIHNoaWZ0bmF2LXRvZ2dsZS1idXR0b24iIGRhdGEtc2hpZnRuYXYtdGFyZ2V0PSJzaGlmdG5hdi1tYWluIj48aSBjbGFzcz0iZmEgZmEtYmFycyI+PC9pPiBUYWJsZSBvZiBDb250ZW50cyA8L2E+PC9jZW50ZXI+[\/vc_raw_html][\/vc_column][\/vc_row][vc_row][vc_column][vc_custom_heading text=&#8221;PLATTENEPITHEL&#8221; font_container=&#8221;tag:h1|text_align:center&#8221; use_theme_fonts=&#8221;yes&#8221;][\/vc_column][\/vc_row][vc_row el_id=&#8221;acknowledgements&#8221;][vc_column width=&#8221;2\/3&#8243;][vc_column_text]<\/p>\n<p class=\"subhead\">PLATTENEPITHEL<\/p>\n<p><strong>AUFF\u00c4LLIGE PLATTENEPITHELIEN<\/strong><br \/>\n<em>Richard A. Smith, MD, PhD<\/em><\/p>\n<p>Keine diagnostische Einstufung l\u00f6st mehr Diskussionen aus als die der atypischen Plattenepithelzellen (ASC). Die revidierte Klassifikation des Bethesda-Systems (TBS) 2001 hat neue Termini geschaffen. Das TBS sagt aus, dass die ASC-Kategorie in Betracht gezogen werden sollte, wenn Auff\u00e4lligkeiten des Plattenepithels vorliegen, die ausgepr\u00e4gter sind als jene, welche reaktiven Ver\u00e4nderungen zugeordnet werden, aber qualitativ oder quantitativ nicht die diagnostischen Kriterien f\u00fcr eine niedriggradige oder hochgradige intraepitheliale L\u00e4sion erf\u00fcllen. Weiterhin legt das TBS Wert darauf, diese Diagnose als \u201eunklare \u00c4tiologie\u201c (ASC-US) oder als \u201eHSIL kann nicht ausgeschlossen werden\u201c (ASC-H) einzustufen.<\/p>\n<p>Die richtige Einstufung von ASC ist eine Herausforderung f\u00fcr Zytologieassistenten\/innen, Zytologen und Pathologen. Ein Kapitel \u00fcber die morphologischen Kriterien von ASC zu schreiben ist in Anbetracht der Subjektivit\u00e4t dieser Interpretation ebenfalls eine schwierige Aufgabe. Seit der Einf\u00fchrung des TBS haben Zytologen bei der Bewertung des konventionellen Pap-Abstrichs diese Kategorie als ein &#8220;Sammelbecken&#8221; f\u00fcr Abstriche benutzt, die schwierig einzustufen sind.<\/p>\n<p>Die dem konventionellen Pap-Abstrich eigenen Artefakte, wie Luftrocknung oder partiell \u00fcberlagerte Zellen, k\u00f6nnen zu einer ASC-Diagnose f\u00fchren. Der Grad der in reaktiven Zellen vorhandenen Atypie mag ebenfalls durch Lufttrocknung oder Ausstreichen \u00fcberzeichnet werden. Diese Probleme f\u00fchren zu Artefakten, welche es Zytoassistenten\/innen, Zytologen und Pathologen schwer machen, die Kerndetails der fraglichen Zellen ad\u00e4quat zu sehen, was zu einer unklaren Diagnosestellung f\u00fchrt<\/p>\n<p>Die sofortige Nassfixierung des ThinPrep<sup>\u00ae<\/sup>-Verfahrens kann es dem\/der Zytologieassistenten\/in, dem Zytologen oder Pathologen erlauben, sich von dem \u201eASC-Sammelbecken\u201c zu verabschieden und besser zwischen reaktiven Ver\u00e4nderungen, eindeutiger plattenepithelialer Atypie und Dysplasien zu unterscheiden. Dies bedeutet nicht, dass ASC-Bewertungen durch die Einf\u00fchrung des ThinPrep<sup>\u00ae<\/sup> PapTests eliminiert werden, aber das Laborpersonal hat die M\u00f6glichkeit, seine morphologischen Kriterien zu verfeinern und damit bestimmte ASC-F\u00e4lle zu eliminieren, deren Ursache in einer unzureichenden Aufbereitung liegt, und die F\u00e4lle besser zu erfassen, die Auff\u00e4lligkeiten beinhalten.<\/p>\n<p style=\"padding-left: 7px;\"><a style=\"width: 350px; display: block;\"><img loading=\"lazy\" decoding=\"async\" id=\"selfAssessImg\" src=\"\/images\/button27h.gif\" width=\"350\" height=\"40\" \/><\/a><\/p>\n<div class=\"highslide-gallery\"><strong>Erinnerung: Sie k\u00f6nnen auf jedes Bild klicken, um dieses vergr\u00f6\u00dfert zu betrachten.<\/strong><\/p>\n<div class=\"chartColumnCell\"><a class=\"highslide\" href=\"\/gallery\/images_large\/slide0014.jpg\" name=\"pap\"><br \/>\n<img decoding=\"async\" title=\"Click to enlarge\" src=\"\/gallery\/images\/slide0014.jpg\" alt=\"Image 2\" border=\"0\" \/><\/a><\/p>\n<div class=\"highslide-caption\"><strong>Konventioneller Pap-Abstrich<\/strong><br \/>\nASC-US<\/div>\n<\/div>\n<div class=\"chartColumnShortCell\"><strong>Konventioneller Pap-Abstrich<\/strong><br \/>\nASC-US<\/div>\n<div class=\"newRow\"><\/div>\n<div class=\"chartColumnCell\"><a class=\"highslide\" href=\"\/gallery\/images_large\/slide0030.jpg\"><br \/>\n<img decoding=\"async\" title=\"Click to enlarge\" src=\"\/gallery\/images\/slide0030.jpg\" alt=\"Image 3\" border=\"0\" \/><\/a><\/p>\n<div class=\"highslide-caption\"><strong>ThinPrep<sup>\u00ae<\/sup> Pap Test<\/strong><br \/>\nASC-US<\/div>\n<\/div>\n<div class=\"chartColumnShortCell\"><strong>ThinPrep<sup>\u00ae<\/sup> Pap Test<\/strong><br \/>\nASC-US<br \/>\nGleiche Patientin, gesplittetes Material<\/div>\n<\/div>\n<div class=\"newRow\"><\/div>\n<p><a name=\"assess\"><\/a><br \/>\nDer ThinPrep<sup>\u00ae<\/sup> PapTest minimiert die problemtr\u00e4chtigen Artefakte, welche dem Ausstrichpr\u00e4parat und der Sprayfixierung inh\u00e4rent sind. Dies erlaubt eine ad\u00e4quate Betrachtung des Kerns, was die Findung einer definitiven Diagnose anhaften. Die Epithelzellen die in die ASC-Kategorie eingestuft werden, sind meistens reife Plattenepithelien und Metaplasien, die minimale Ver\u00e4nderungen aufweisen, welche f\u00fcr eine LSIL- oder HSIL-Diagnose nicht ausreichen. Die Kerne sind leicht vergr\u00f6\u00dfert und diese Vergr\u00f6\u00dferung bezieht sich auf die normalen Vertreter des gleichen Zelltyps. Die Kerne k\u00f6nnen leichte Unregelm\u00e4\u00dfigkeiten der Kernmembran aufweisen, diese sind aber meist glatt. Wenn es sich um Metaplasiezellen handelt, muss man darauf achten, dass die Unregelm\u00e4\u00dfigkeiten nicht darauf zur\u00fcckzuf\u00fchren sind, dass eine Vakuole(n) den Kern in eine abweichende Form dr\u00fcckt. Das Chromatinmuster ist fein granul\u00e4r und gleichm\u00e4\u00dfig verteilt. Chromozentren oder Nukleoli sind meist unverd\u00e4chtig oder fehlen, au\u00dfer\/es sei denn eine reaktive Ver\u00e4nderung tritt zusammen mit der Atypie auf. Hier muss die Differentialdiagnose einer reaktiven Ver\u00e4nderung unter dem Aspekt des Vorkommens oder des Fehlens der anderen Kriterien neu gepr\u00fcft werden.<\/p>\n<p>Bei konventionellen wie bei ThinPrep<sup>\u00ae<\/sup>-Abstrichen kann eine ASC-Interpretation aus jeder von mehreren unterschiedlichen zellul\u00e4ren Ver\u00e4nderungen hervorgehen. Dazu geh\u00f6ren u. a. plattenepitheliale Zellver\u00e4nderungen, die atypische Metaplasie und atypische Parakeratose. Nachfolgend die Kriterien f\u00fcr ACS im ThinPrep<sup>\u00ae<\/sup> PapTest sind die Folgenden:<\/p>\n<p>&nbsp;<\/p>\n<div class=\"highslide-gallery\"><strong>Erinnerung: Sie k\u00f6nnen auf jedes Bild klicken, um dieses vergr\u00f6\u00dfert zu betrachten.<\/strong><\/p>\n<div class=\"chartColumnCell\"><a class=\"highslide\" href=\"\/gallery\/images_large\/slide0192.jpg\" name=\"asc\"><br \/>\n<img decoding=\"async\" title=\"Click to enlarge\" src=\"\/gallery\/images\/slide0192.jpg\" alt=\"Image 1\" border=\"0\" \/><\/a><\/p>\n<div class=\"highslide-caption\"><strong>ASC-US<\/strong><br \/>\nDie Zellen liegen im Wesentlichen einzeln und in wenigen Sheets.<br \/>\n40X<\/div>\n<\/div>\n<div class=\"chartColumnShortCell\"><strong>ASC-US<\/strong><br \/>\nDie Zellen liegen im Wesentlichen einzeln und in wenigen Sheets.<br \/>\n40X<\/div>\n<div class=\"newRow\"><\/div>\n<div class=\"chartColumnCell\"><a class=\"highslide\" href=\"\/gallery\/images_large\/slide0022.jpg\"><br \/>\n<img decoding=\"async\" title=\"Click to enlarge\" src=\"\/gallery\/images\/slide0022.jpg\" alt=\"Image 2\" border=\"0\" \/><\/a><\/p>\n<div class=\"highslide-caption\"><strong>ASC-US<\/strong><br \/>\nDie Kerne sind 2\u00bd bis 3x so gro\u00df wie die normaler Intermedi\u00e4rzellen oder 1\u00bd bis 2x so gro\u00df<br \/>\nwie die von Metaplasiezellen.<br \/>\n40X<\/div>\n<\/div>\n<div class=\"chartColumnShortCell\"><strong>ASC-US<\/strong><br \/>\nDie Kerne sind 2\u00bd bis 3x so gro\u00df wie die normaler Intermedi\u00e4rzellen oder 1\u00bd bis 2x so gro\u00df<br \/>\nwie die von Metaplasiezellen.<br \/>\n40X<\/div>\n<div class=\"newRow\"><\/div>\n<div class=\"chartColumnCell\"><a class=\"highslide\" href=\"\/gallery\/images_large\/slide0023.jpg\"><br \/>\n<img decoding=\"async\" title=\"Click to enlarge\" src=\"\/gallery\/images\/slide0023.jpg\" alt=\"Image 3\" border=\"0\" \/><\/a><\/p>\n<div class=\"highslide-caption\"><strong>ASC-US<\/strong><br \/>\nLeichte Zunahme der Kernplasmarelation.<br \/>\n40X<\/div>\n<\/div>\n<div class=\"chartColumnShortCell\"><strong>ASC-US<\/strong><br \/>\nLeichte Zunahme der Kernplasmarelation.<br \/>\n40X<\/div>\n<div class=\"newRow\"><\/div>\n<div class=\"chartColumnCell\"><a class=\"highslide\" href=\"\/gallery\/images_large\/slide0024.jpg\"><br \/>\n<img decoding=\"async\" title=\"Click to enlarge\" src=\"\/gallery\/images\/slide0024.jpg\" alt=\"Image 4\" border=\"0\" \/><\/a><\/p>\n<div class=\"highslide-caption\"><strong>ASC-US<\/strong><br \/>\nDie Kernmembranen sind glatt bis leicht unregelm\u00e4\u00dfig.<br \/>\n60X<\/div>\n<\/div>\n<div class=\"chartColumnShortCell\"><strong>ASC-US<\/strong><br \/>\nDie Kernmembranen sind glatt bis leicht unregelm\u00e4\u00dfig.<br \/>\n60X<\/div>\n<div class=\"newRow\"><\/div>\n<div class=\"chartColumnCell\"><a class=\"highslide\" href=\"\/gallery\/images_large\/slide0025.jpg\" name=\"asc2\"><br \/>\n<img decoding=\"async\" title=\"Click to enlarge\" src=\"\/gallery\/images\/slide0025.jpg\" alt=\"Image 5\" border=\"0\" \/><\/a><\/p>\n<div class=\"highslide-caption\"><strong>ASC-US<\/strong><br \/>\nDas Chromatin ist feink\u00f6rnig und gleichm\u00e4\u00dfig verteilt.<br \/>\n60X<\/div>\n<\/div>\n<div class=\"chartColumnShortCell\"><strong>ASC-US<\/strong><br \/>\nDas Chromatin ist feink\u00f6rnig und gleichm\u00e4\u00dfig verteilt.<br \/>\n60X<\/div>\n<div class=\"newRow\"><\/div>\n<div class=\"chartColumnCell\"><a class=\"highslide\" href=\"\/gallery\/images_large\/slide0026.jpg\"><br \/>\n<img decoding=\"async\" title=\"Click to enlarge\" src=\"\/gallery\/images\/slide0026.jpg\" alt=\"Image 6\" border=\"0\" \/><\/a><\/p>\n<div class=\"highslide-caption\"><strong>ASC-US<\/strong><br \/>\nEine nukle\u00e4re Hyperchromasie besteht nur leicht oder fehlt.<br \/>\n40X<\/div>\n<\/div>\n<div class=\"chartColumnShortCell\"><strong>ASC-US<\/strong><br \/>\nEine nukle\u00e4re Hyperchromasie besteht nur leicht oder fehlt.<br \/>\n40X<\/div>\n<div class=\"newRow\"><\/div>\n<div class=\"chartColumnCell\"><a class=\"highslide\" href=\"\/gallery\/images_large\/slide0027.jpg\"><br \/>\n<img decoding=\"async\" title=\"Click to enlarge\" src=\"\/gallery\/images\/slide0027.jpg\" alt=\"Image 7\" border=\"0\" \/><\/a><\/p>\n<div class=\"highslide-caption\"><strong>ASC-US<\/strong><br \/>\nNukleoli oder Chromozentren sind unauff\u00e4llig oder fehlen.<\/p>\n<p>40X<\/p><\/div>\n<\/div>\n<div class=\"chartColumnShortCell\"><strong>ASC-US<\/strong><br \/>\nNukleoli oder Chromozentren sind unauff\u00e4llig oder fehlen.<\/p>\n<p>40X<\/p><\/div>\n<div class=\"newRow\"><\/div>\n<div class=\"chartColumnCell\"><a class=\"highslide\" href=\"\/gallery\/images_large\/slide0028.jpg\"><br \/>\n<img decoding=\"async\" title=\"Click to enlarge\" src=\"\/gallery\/images\/slide0028.jpg\" alt=\"Image 8\" border=\"0\" \/><\/a><\/p>\n<div class=\"highslide-caption\"><strong>ASC-US<\/strong><br \/>\nHPV-assoziierte zytopathogene Effekte und\/oder Doppelkernigkeit k\u00f6nnen auf HPV-assoziierte Ver\u00e4nderungen hinweisen, reichen aber nicht zur Diagnose einer LSIL.<br \/>\n60X<\/div>\n<\/div>\n<div class=\"chartColumnShortCell\"><strong>ASC-US<\/strong><br \/>\nHPV-assoziierte zytopathogene Effekte und\/oder Doppelkernigkeit k\u00f6nnen auf HPV-assoziierte Ver\u00e4nderungen hinweisen, reichen aber nicht zur Diagnose einer LSIL.<\/p>\n<p>60X<\/p><\/div>\n<div class=\"newRow\"><\/div>\n<div class=\"chartColumnCell\"><a class=\"highslide\" href=\"\/gallery\/images_large\/slide0029.jpg\"><br \/>\n<img decoding=\"async\" title=\"Click to enlarge\" src=\"\/gallery\/images\/slide0029.jpg\" alt=\"Image 9\" border=\"0\" \/><\/a><\/p>\n<div class=\"highslide-caption\"><strong>ASC-US<\/strong><br \/>\nDoppelkernigkeit ist eine Begleiterscheinung einer HPV-Infektion, sie kann aber auch das Resultat eines reaktiven Prozesses sein.<br \/>\n20X<\/div>\n<\/div>\n<div class=\"chartColumnShortCell\"><strong>ASC-US<\/strong><br \/>\nDoppelkernigkeit ist eine Begleiterscheinung einer HPV-Infektion, sie kann aber auch das Resultat eines reaktiven Prozesses sein.<br \/>\n20X<\/div>\n<div class=\"newRow\"><\/div>\n<div class=\"chartColumnCell\"><a class=\"highslide\" href=\"\/gallery\/images_large\/slide0015.jpg\"><br \/>\n<img decoding=\"async\" title=\"Click to enlarge\" src=\"\/gallery\/images\/slide0015.jpg\" alt=\"Image 10\" border=\"0\" \/><\/a><\/p>\n<div class=\"highslide-caption\"><strong>ASC-US<\/strong><br \/>\nEine atypische Parakeratose kann sich mit einer minimalen zellul\u00e4ren Pleomorphie, einer leichten Zunahme der Kerngr\u00f6\u00dfe und vesikul\u00e4rem Chromatin aufweisen.<br \/>\n40X<\/div>\n<\/div>\n<div class=\"chartColumnShortCell\"><strong>ASC-US<\/strong><br \/>\nEine atypische Parakeratose kann sich mit einer minimalen zellul\u00e4ren Pleomorphie, einer leichten Zunahme der Kerngr\u00f6\u00dfe und vesikul\u00e4rem Chromatin aufweisen.<br \/>\n40X<\/div>\n<div class=\"newRow\"><\/div>\n<div class=\"chartColumnCell\"><a class=\"highslide\" href=\"\/gallery\/images_large\/slide0016.jpg\"><br \/>\n<img decoding=\"async\" title=\"Click to enlarge\" src=\"\/gallery\/images\/slide0016.jpg\" alt=\"Image 11\" border=\"0\" \/><\/a><\/p>\n<div class=\"highslide-caption\"><strong>ASC-H<\/strong><br \/>\nAbnorme Metaplasiezellen mit leicht erh\u00f6hter Kern-Plasma-Relation, leichten Unregelm\u00e4\u00dfigkeiten der Kernmembran, leichter Hyperchromasie und Trichomonaden. Eine Biopsie ergab eine atypische Metaplasie.<br \/>\n60x<\/div>\n<\/div>\n<div class=\"chartColumnShortCell\"><strong>ASC-H<\/strong><br \/>\nAbnorme Metaplasiezellen mit leicht erh\u00f6hter Kern-Plasma-Relation, leichten Unregelm\u00e4\u00dfigkeiten der Kernmembran, leichter Hyperchromasie und Trichomonaden. Eine Biopsie ergab eine atypische Metaplasie.<br \/>\n60x<\/div>\n<div class=\"newRow\"><\/div>\n<div class=\"chartColumnCell\"><a class=\"highslide\" href=\"\/gallery\/images_large\/slide0017.jpg\"><br \/>\n<img decoding=\"async\" title=\"Click to enlarge\" src=\"\/gallery\/images\/slide0017.jpg\" alt=\"Image 12\" border=\"0\" \/><\/a><\/p>\n<div class=\"highslide-caption\"><strong>ASC-H<\/strong><br \/>\nAtypische Metaplasiezellen mit leicht erh\u00f6hter Kern-Plasma-Relation, Hyperchromasie und leichten Membranunregelm\u00e4\u00dfigkeiten. Eine Biopsie ergab eine m\u00e4\u00dfige Dysplasie (CIN II) und eine akute und chronische Entz\u00fcndung.<br \/>\n60x<\/div>\n<\/div>\n<div class=\"chartColumnShortCell\"><strong>ASC-H<\/strong><br \/>\nAtypische Metaplasiezellen mit leicht erh\u00f6hter Kern-Plasma-Relation, Hyperchromasie und leichten Membranunregelm\u00e4\u00dfigkeiten. Eine Biopsie ergab eine m\u00e4\u00dfige Dysplasie (CIN II) und eine akute und chronische Entz\u00fcndung.<br \/>\n60x<\/div>\n<\/div>\n<div class=\"newRow\"><\/div>\n<p class=\"subhead\">LOOK-ALIKE:<\/p>\n<table class=\"chart\">\n<tbody>\n<tr class=\"chart\">\n<td width=\"152\"><\/td>\n<td class=\"heading\" width=\"136\">REAKTIV<\/td>\n<td class=\"heading\" width=\"88\">ASC-US<\/td>\n<td class=\"heading\" width=\"88\">LSIL<\/td>\n<\/tr>\n<tr>\n<td class=\"chart\">Kern<\/td>\n<td class=\"chart\">1,5-2x vergr\u00f6\u00dfert, flach<\/td>\n<td class=\"chart\">2 -3x vergr\u00f6\u00dfert, flach bis minimale Raumtiefe<\/td>\n<td class=\"chart\">3-4x vergr\u00f6\u00dfert, geringe Raumtiefe<\/td>\n<\/tr>\n<tr class=\"chart\">\n<td class=\"chart\">Kernmembran<\/td>\n<td class=\"chart\">Glatt<\/td>\n<td class=\"chart\">Glatt bis leicht irregul\u00e4r<\/td>\n<td class=\"chart\">Glatt bis leicht irregul\u00e4r<\/td>\n<\/tr>\n<tr>\n<td class=\"chart\">Chromatin<\/td>\n<td class=\"chart\">Feink\u00f6rnig, gleichm\u00e4\u00dfig verteilt<\/td>\n<td class=\"chart\">Feink\u00f6rnig, gleichm\u00e4\u00dfig verteilt<\/td>\n<td class=\"chart\">Etwas grobk\u00f6rniger, gleichm\u00e4\u00dfig verteilt<\/td>\n<\/tr>\n<tr class=\"chart\">\n<td class=\"chart\">Nukleoli\/Chromozentren<\/td>\n<td class=\"chart\">Klein bis auff\u00e4llig, manchmal multipel<\/td>\n<td class=\"chart\">Auff\u00e4llig oder fehlend<\/td>\n<td class=\"chart\">Fehlend<\/td>\n<\/tr>\n<tr>\n<td class=\"chart\">Zytoplasmatische Merkmale<\/td>\n<td class=\"chart\">Perinukle\u00e4re Halos<\/td>\n<td class=\"chart\">Fragliche Vakuolen<\/td>\n<td class=\"chart\">Diagnostische HPV-Vakuolen<\/td>\n<\/tr>\n<tr class=\"chart\">\n<td class=\"chart\">Bichromasie<\/td>\n<td class=\"chart\">Kann vorhanden sein<\/td>\n<td class=\"chart\">Fehlend<\/td>\n<td class=\"chart\">Fehlend<\/td>\n<\/tr>\n<\/tbody>\n<\/table>\n<p>Die folgenden Bilder sind ThinPrep<sup>\u00ae<\/sup> Pap Test-Abstriche die am ehesten als reaktive Ver\u00e4nderungen, ASC-US und LSIL interpretiert werden k\u00f6nnen.<\/p>\n<div class=\"highslide-gallery\"><strong>Erinnerung: Sie k\u00f6nnen auf jedes Bild klicken, um dieses vergr\u00f6\u00dfert zu betrachten.<\/strong><\/p>\n<div class=\"chartColumnCell\"><a class=\"highslide\" href=\"\/gallery\/images_large\/slide0018.jpg\"><br \/>\n<img decoding=\"async\" title=\"Click to enlarge\" src=\"\/gallery\/images\/slide0018.jpg\" alt=\"Image 13\" border=\"0\" \/><\/a><\/p>\n<div class=\"highslide-caption\"><strong>Look-Alike<\/strong><br \/>\nReaktive Ver\u00e4nderungen<br \/>\n20x<\/div>\n<\/div>\n<div class=\"chartColumnShortCell\"><strong>Look-Alike<\/strong><br \/>\nReaktive Ver\u00e4nderungen<br \/>\n20x<\/div>\n<div class=\"newRow\"><\/div>\n<div class=\"chartColumnCell\"><a class=\"highslide\" href=\"\/gallery\/images_large\/slide0019.jpg\"><br \/>\n<img decoding=\"async\" title=\"Click to enlarge\" src=\"\/gallery\/images\/slide0019.jpg\" alt=\"Image 14\" border=\"0\" \/><\/a><\/p>\n<div class=\"highslide-caption\"><strong>Look-Alike<\/strong><br \/>\nASC-US 60x<\/div>\n<\/div>\n<div class=\"chartColumnShortCell\"><strong>Look-Alike<\/strong><br \/>\nASC-US 60x<\/div>\n<div class=\"newRow\"><\/div>\n<div class=\"chartColumnCell\"><a class=\"highslide\" href=\"\/gallery\/images_large\/slide0020.jpg\"><br \/>\n<img decoding=\"async\" title=\"Click to enlarge\" src=\"\/gallery\/images\/slide0020.jpg\" alt=\"Image 15\" border=\"0\" \/><\/a><\/p>\n<div class=\"highslide-caption\"><strong>Look-Alike<\/strong><br \/>\nLSIL 40x<\/div>\n<\/div>\n<div class=\"chartColumnShortCell\"><strong>Look-Alike<\/strong><br \/>\nLSIL 40x<\/div>\n<\/div>\n<div class=\"newRow\"><\/div>\n<p>Wie bereits erw\u00e4hnt, werden ASC-Befunde durch die Einf\u00fchrung des ThinPrep<sup>\u00ae<\/sup> Pap Tests nicht eliminiert. Die verbesserte Erhaltung der Zellen bei der Fl\u00fcssigfixierung kann im Gegenteil sogar zur \u00dcberinterpretation von Kerngr\u00f6\u00dfe und Chromatin als ASC f\u00fchren, wenn man nicht mit den im Kapitel \u201emikroskopische Beurteilung von ThinPrep<sup>\u00ae<\/sup>-Pr\u00e4paraten\u201c er\u00f6rterten Folgen der Fl\u00fcssigfixierung vertraut ist. Es kommt vor, dass das Laborpersonal direkt nach der Einf\u00fchrung des ThinPrep<sup>\u00ae<\/sup> Pap Tests vor\u00fcbergehend eine Zunahme der ASC-Befunde bemerkt. Wenn dann erste Erfahrungen mit der neuen Methode gemacht wurden, sinkt die ASC-Rate unter jene beim konventionellen Pap-Abstrich.<\/p>\n<p>Solange ASC eine Kategorie des TBS ist, wird es von Zytologen aufgrund der inh\u00e4renten Subjektivit\u00e4t der menschlichen Diagnosestellung und der variablen Interpretation diagnostischer Kriterien benutzt werden. Ebenfalls wesentlich ist in diesem Zusammenhang die Biologie humaner Papillomviren (HPV), welche morphologische Irritationen in Zellen verursachen, die geringgradiger sind als die einer LSIL. Die morphologischen Ver\u00e4nderungen, die durch HPV verursacht werden, werden detaillierter im Abschnitt \u00fcber LSIL behandelt. Die Rolle dieser Viren bei der Entstehung von ASC hat die M\u00f6glichkeit geschaffen, das relative Risiko von ASC-Ver\u00e4nderungen durch sekund\u00e4re Testung von Hoch- vs. Niedrigrisiko-HPV-Typen aus dem ThinPrep<sup>\u00ae<\/sup> Pap Test-Gef\u00e4\u00df zu bestimmen.<\/p>\n<p><a name=\"readings\"><\/a><strong>LITERATUR:<\/strong><\/p>\n<ol class=\"normal\">\n<li>Crum CP et al: Subclassifying atypical squamous cells in ThinPrep cervical cytology correlates with detection of high-risk human papillomavirus DNA. Am J Clin Pathol 1999; 112:384-90<\/li>\n<li>Dziura B et al: Improved ASCUS diagnosis: Clinical and financial implications for follow-up care. Ob, Gyn. News 1999; 1:12-13<\/li>\n<li>Ferenczy et al: Diagnostic performance of Hybrid Capture human papilloma virus deoxyribonucleic acid assay combined with liquid-based cytologic study. Am J Obstet Gynecol 1996;175(3 pt.1): 951-6.<\/li>\n<li>Ferris et al for the Atypical Squamous Cells of Undetermined Significance\/Low-Grade Squamous Intraepithelial Lesions Triage Study (ALTS) group: Cervicography for triage of women with mildly abnormal cervical cytology results. Am J Obstet Gynecol 2001;185(4):939-43.<\/li>\n<li>Hong et al: Comparative analysis of a liquid based Pap test and concurrent HPV DNA assay of residual samples. ACTA Cytol 2002;46(5):828-34.<\/li>\n<li>Lin WM et al: Molecular Papanicolaou tests in the twenty-first century: Molecular analyses with fluid-based Papanicolaou technology. Am J Obstet Gynecol 2000; 39-45<\/li>\n<li>Manos MM et al: Identifying women with cervical neoplasia: Using human papillomavirus DNA testing for equivocal Papanicolaou results. JAMA 1999; 281:1605-10<\/li>\n<li>Papillo J et al: Evaluation of the ThinPrep Pap Test in clinical practice: a seven-month 16,314 case experience in northern Vermont. Acta Cytologica 1998; 42:204-208<\/li>\n<li>Quddus et al: Atypical squamous metaplastic cells: Reproducibility, outcome, and diagnostic features on ThinPrep Pap Test. Cancer (Cancer Pathol) 2001:93:16-22.<\/li>\n<li>Quddus et al: Utility of HPV DNA detection in thin-layer, liquid-based tests with atypical squamous metaplasia. ACTA Cytol 2002;46(5):808-12.<\/li>\n<li>Sherman et al: Cervical specimens collected in liquid buffer are suitable for both cytologic screening and ancillary human papillomavirus testing. Cancer 1997;81:89-97.<\/li>\n<li>Sherman et al: Performance of liquid based , thin-layer cervical cytology: Correlation with reference diagnosis and human papilloma virus testing. Mod Pathol 1998;11:837-843.<\/li>\n<li>Wright et al for the ASCCP-sponsored Consensus Conference: 2001 consensus guidelines for the management of women with cervical cytologic abnormalities. JAMA 2002;287(16):2120-29.<\/li>\n<\/ol>\n<p><a href=\"#top\">Zur\u00fcck nach oben<\/a>[\/vc_column_text][vc_column_text css=&#8221;.vc_custom_1500390293825{margin-top: 30px !important;}&#8221; el_class=&#8221;back-to-top&#8221;]<strong><a href=\"#main\">Back to Top<\/a><\/strong>[\/vc_column_text][\/vc_column][vc_column width=&#8221;1\/3&#8243; offset=&#8221;vc_hidden-sm vc_hidden-xs&#8221;][vc_widget_sidebar sidebar_id=&#8221;consulting-right-sidebar&#8221;][\/vc_column][\/vc_row]<\/p>\n","protected":false},"excerpt":{"rendered":"<p>[vc_row 0=&#8221;&#8221;][vc_column 0=&#8221;&#8221; offset=&#8221;vc_hidden-lg vc_hidden-md&#8221;][vc_raw_html 0=&#8221;&#8221;]PGNlbnRlcj48YSBjbGFzcz0ic2hpZnRuYXYtdG9nZ2xlIHNoaWZ0bmF2LXRvZ2dsZS1idXR0b24iIGRhdGEtc2hpZnRuYXYtdGFyZ2V0PSJzaGlmdG5hdi1tYWluIj48aSBjbGFzcz0iZmEgZmEtYmFycyI+PC9pPiBUYWJsZSBvZiBDb250ZW50cyA8L2E+PC9jZW50ZXI+[\/vc_raw_html][\/vc_column][\/vc_row][vc_row][vc_column][vc_custom_heading text=&#8221;PLATTENEPITHEL&#8221; font_container=&#8221;tag:h1|text_align:center&#8221; use_theme_fonts=&#8221;yes&#8221;][\/vc_column][\/vc_row][vc_row el_id=&#8221;acknowledgements&#8221;][vc_column width=&#8221;2\/3&#8243;][vc_column_text] PLATTENEPITHEL AUFF\u00c4LLIGE PLATTENEPITHELIEN Richard A. Smith, MD, PhD Keine diagnostische Einstufung l\u00f6st mehr Diskussionen aus als die der atypischen Plattenepithelzellen (ASC). Die revidierte Klassifikation des Bethesda-Systems (TBS) 2001 hat neue Termini geschaffen. Das TBS sagt aus, dass die ASC-Kategorie in Betracht gezogen werden sollte,<\/p>\n","protected":false},"author":7,"featured_media":0,"parent":1889,"menu_order":0,"comment_status":"closed","ping_status":"closed","template":"","meta":{"ngg_post_thumbnail":0,"footnotes":""},"class_list":["post-1847","page","type-page","status-publish","hentry"],"_links":{"self":[{"href":"https:\/\/cytologystuff.com\/de\/wp-json\/wp\/v2\/pages\/1847","targetHints":{"allow":["GET"]}}],"collection":[{"href":"https:\/\/cytologystuff.com\/de\/wp-json\/wp\/v2\/pages"}],"about":[{"href":"https:\/\/cytologystuff.com\/de\/wp-json\/wp\/v2\/types\/page"}],"author":[{"embeddable":true,"href":"https:\/\/cytologystuff.com\/de\/wp-json\/wp\/v2\/users\/7"}],"replies":[{"embeddable":true,"href":"https:\/\/cytologystuff.com\/de\/wp-json\/wp\/v2\/comments?post=1847"}],"version-history":[{"count":0,"href":"https:\/\/cytologystuff.com\/de\/wp-json\/wp\/v2\/pages\/1847\/revisions"}],"up":[{"embeddable":true,"href":"https:\/\/cytologystuff.com\/de\/wp-json\/wp\/v2\/pages\/1889"}],"wp:attachment":[{"href":"https:\/\/cytologystuff.com\/de\/wp-json\/wp\/v2\/media?parent=1847"}],"curies":[{"name":"wp","href":"https:\/\/api.w.org\/{rel}","templated":true}]}}